{"id":8250,"date":"2025-04-15T10:05:08","date_gmt":"2025-04-15T10:05:08","guid":{"rendered":"https:\/\/xenonkungen.com\/product\/steg-lampa-kromvit\/"},"modified":"2026-04-11T00:50:50","modified_gmt":"2026-04-10T23:50:50","slug":"lampara-de-paso-cromada-blanca","status":"publish","type":"product","link":"https:\/\/xenonkungen.com\/es\/producto\/lampara-de-paso-cromada-blanca\/","title":{"rendered":"Luz de estribo cromada | Blanca"},"content":{"rendered":"<h2>L\u00e1mpara elegante y transparente para veh\u00edculos<\/h2>\n<p>Esta elegante y compacta l\u00e1mpara es ideal para su instalaci\u00f3n tanto en interiores como en exteriores en diversos tipos de veh\u00edculos, dise\u00f1ada para iluminar eficazmente \u00e1reas peque\u00f1as. Con su estructura met\u00e1lica cromada y una lente de alta calidad de policarbonato resistente a impactos, esta l\u00e1mpara ofrece una durabilidad superior y a\u00f1ade un toque est\u00e9tico a su veh\u00edculo.<\/p>\n<h3>Especificaciones<\/h3>\n<ul>\n<li>\u00c1ngulo de propagaci\u00f3n de la luz: 120 grados<\/li>\n<li>Material: Metal cromado y lente de policarbonato resistente a los impactos.<\/li>\n<li>Color: Transparente<\/li>\n<li>Clasificaci\u00f3n IP67: resistente a golpes y vibraciones, totalmente sumergible<\/li>\n<li>Protecci\u00f3n contra cortocircuitos<\/li>\n<\/ul>\n<h3>Caracter\u00edsticas y ventajas<\/h3>\n<ul>\n<li>Tecnolog\u00eda LED eficiente para una luz brillante y clara<\/li>\n<li>Dise\u00f1o est\u00e9ticamente agradable que complementa la apariencia del veh\u00edculo.<\/li>\n<li>Opciones de montaje flexibles para una instalaci\u00f3n personalizada<\/li>\n<li>Ideal para una variedad de veh\u00edculos, incluidos veh\u00edculos de trabajo y recreativos.<\/li>\n<\/ul>","protected":false},"excerpt":{"rendered":"<p>Elegant Transparent Fordonslampa Denna stilrena och kompakta lampa \u00e4r utm\u00e4rkt l\u00e4mpad f\u00f6r b\u00e5de inre och yttre montering p\u00e5 olika fordonstyper, skapad f\u00f6r att effektivt belysa mindre omr\u00e5den. Med sin krompl\u00e4terade metallstruktur och en h\u00f6gkvalitativ lins av slagt\u00e5lig polycarbonat, erbjuder denna lampa en \u00f6verl\u00e4gsen h\u00e5llbarhet samtidigt som den tillf\u00f6r en estetisk charm till ditt fordon. Specifikationer [&hellip;]<\/p>","protected":false},"featured_media":8251,"comment_status":"closed","ping_status":"open","template":"","meta":{"_acf_changed":false,"_smort_price_nok":"277","_smort_price_dkk":"176","_smort_price_eur":"23.54","_smort_sale_price_nok":"","_smort_sale_price_dkk":"","_smort_sale_price_eur":"","smort_restorder":"","shipmondo_restorder":"","_kad_blocks_custom_css":"","_kad_blocks_head_custom_js":"","_kad_blocks_body_custom_js":"","_kad_blocks_footer_custom_js":"","smort_custom_pricelist_1":"165.76","smort_custom_pricelist_2":"145.04","smort_custom_pricelist_3":"134.68","smort_custom_pricelist_4":"207.2","smort_custom_pricelist_5":"145.04"},"anvandningsomrade":[166,238,2816],"bilmarken":[],"product_brand":[1252],"product_cat":[2478,2814],"product_tag":[],"class_list":{"0":"post-8250","1":"product","2":"type-product","3":"status-publish","4":"has-post-thumbnail","6":"anvandningsomrade-lastbil","7":"anvandningsomrade-slap","8":"anvandningsomrade-trailer","9":"product_brand-lea","10":"product_cat-positionsljus-slap","11":"product_cat-steg","12":"pa_fuktskydd-varde-ipxx-ip67","13":"pa_storlek-mm-65x30x24","14":"pa_stromforbrukning-003a-138v","15":"pa_stromforbrukning-004a-28v","16":"pa_volt-v-12-24","18":"first","19":"instock","20":"taxable","21":"shipping-taxable","22":"purchasable","23":"product-type-simple"},"bundled_by":[],"bundle_stock_status":"instock","bundle_stock_quantity":1,"bundle_virtual":false,"bundle_layout":"","bundle_add_to_cart_form_location":"","bundle_editable_in_cart":false,"bundle_sold_individually_context":"","bundle_item_grouping":"","bundle_min_size":"","bundle_max_size":"","bundle_price":[],"bundled_items":[],"bundle_sell_ids":[],"acf":[],"yoast_head":"<!-- This site is optimized with the Yoast SEO plugin v27.0 - https:\/\/yoast.com\/product\/yoast-seo-wordpress\/ -->\n<title>Steg Lampa Krom|Vit - Xenonkungen<\/title>\n<meta name=\"robots\" content=\"index, follow, max-snippet:-1, max-image-preview:large, max-video-preview:-1\" \/>\n<link rel=\"canonical\" href=\"https:\/\/xenonkungen.com\/es\/producto\/lampara-de-paso-cromada-blanca\/\" \/>\n<meta property=\"og:locale\" content=\"es_ES\" \/>\n<meta property=\"og:type\" content=\"article\" \/>\n<meta property=\"og:title\" content=\"Steg Lampa Krom|Vit - Xenonkungen\" \/>\n<meta property=\"og:description\" content=\"Elegant Transparent Fordonslampa Denna stilrena och kompakta lampa \u00e4r utm\u00e4rkt l\u00e4mpad f\u00f6r b\u00e5de inre och yttre montering p\u00e5 olika fordonstyper, skapad f\u00f6r att effektivt belysa mindre omr\u00e5den. Med sin krompl\u00e4terade metallstruktur och en h\u00f6gkvalitativ lins av slagt\u00e5lig polycarbonat, erbjuder denna lampa en \u00f6verl\u00e4gsen h\u00e5llbarhet samtidigt som den tillf\u00f6r en estetisk charm till ditt fordon. Specifikationer [&hellip;]\" \/>\n<meta property=\"og:url\" content=\"https:\/\/xenonkungen.com\/es\/producto\/lampara-de-paso-cromada-blanca\/\" \/>\n<meta property=\"og:site_name\" content=\"Xenonkungen\" \/>\n<meta property=\"article:modified_time\" content=\"2026-04-10T23:50:50+00:00\" \/>\n<meta property=\"og:image\" content=\"https:\/\/xenonkungen.com\/wp-content\/uploads\/2025\/04\/7338611-origpic-7355f6.jpg\" \/>\n\t<meta property=\"og:image:width\" content=\"500\" \/>\n\t<meta property=\"og:image:height\" content=\"500\" \/>\n\t<meta property=\"og:image:type\" content=\"image\/jpeg\" \/>\n<meta name=\"twitter:card\" content=\"summary_large_image\" \/>\n<meta name=\"twitter:label1\" content=\"Tiempo de lectura\" \/>\n\t<meta name=\"twitter:data1\" content=\"1 minuto\" \/>\n<script type=\"application\/ld+json\" class=\"yoast-schema-graph\">{\"@context\":\"https:\/\/schema.org\",\"@graph\":[{\"@type\":\"WebPage\",\"@id\":\"https:\/\/xenonkungen.com\/fi\/tuote\/askelvalaisin-kromi-valkoinen\/\",\"url\":\"https:\/\/xenonkungen.com\/fi\/tuote\/askelvalaisin-kromi-valkoinen\/\",\"name\":\"Steg Lampa Krom|Vit - Xenonkungen\",\"isPartOf\":{\"@id\":\"https:\/\/xenonkungen.com\/#website\"},\"primaryImageOfPage\":{\"@id\":\"https:\/\/xenonkungen.com\/fi\/tuote\/askelvalaisin-kromi-valkoinen\/#primaryimage\"},\"image\":{\"@id\":\"https:\/\/xenonkungen.com\/fi\/tuote\/askelvalaisin-kromi-valkoinen\/#primaryimage\"},\"thumbnailUrl\":\"https:\/\/xenonkungen.com\/wp-content\/uploads\/2025\/04\/7338611-origpic-7355f6.jpg\",\"datePublished\":\"2025-04-15T10:05:08+00:00\",\"dateModified\":\"2026-04-10T23:50:50+00:00\",\"breadcrumb\":{\"@id\":\"https:\/\/xenonkungen.com\/fi\/tuote\/askelvalaisin-kromi-valkoinen\/#breadcrumb\"},\"inLanguage\":\"es\",\"potentialAction\":[{\"@type\":\"ReadAction\",\"target\":[\"https:\/\/xenonkungen.com\/fi\/tuote\/askelvalaisin-kromi-valkoinen\/\"]}]},{\"@type\":\"ImageObject\",\"inLanguage\":\"es\",\"@id\":\"https:\/\/xenonkungen.com\/fi\/tuote\/askelvalaisin-kromi-valkoinen\/#primaryimage\",\"url\":\"https:\/\/xenonkungen.com\/wp-content\/uploads\/2025\/04\/7338611-origpic-7355f6.jpg\",\"contentUrl\":\"https:\/\/xenonkungen.com\/wp-content\/uploads\/2025\/04\/7338611-origpic-7355f6.jpg\",\"width\":500,\"height\":500},{\"@type\":\"BreadcrumbList\",\"@id\":\"https:\/\/xenonkungen.com\/fi\/tuote\/askelvalaisin-kromi-valkoinen\/#breadcrumb\",\"itemListElement\":[{\"@type\":\"ListItem\",\"position\":1,\"name\":\"Hem\",\"item\":\"https:\/\/xenonkungen.com\/\"},{\"@type\":\"ListItem\",\"position\":2,\"name\":\"Shop\",\"item\":\"https:\/\/xenonkungen.com\/shop\/\"},{\"@type\":\"ListItem\",\"position\":3,\"name\":\"Steg Lampa Krom|Vit\"}]},{\"@type\":\"WebSite\",\"@id\":\"https:\/\/xenonkungen.com\/#website\",\"url\":\"https:\/\/xenonkungen.com\/\",\"name\":\"Xenonkungen\",\"description\":\"\",\"potentialAction\":[{\"@type\":\"SearchAction\",\"target\":{\"@type\":\"EntryPoint\",\"urlTemplate\":\"https:\/\/xenonkungen.com\/?s={search_term_string}\"},\"query-input\":{\"@type\":\"PropertyValueSpecification\",\"valueRequired\":true,\"valueName\":\"search_term_string\"}}],\"inLanguage\":\"es\"}]}<\/script>\n<!-- \/ Yoast SEO plugin. -->","yoast_head_json":{"title":"L\u00e1mpara de paso cromada | blanca - Xenonkungen","robots":{"index":"index","follow":"follow","max-snippet":"max-snippet:-1","max-image-preview":"max-image-preview:large","max-video-preview":"max-video-preview:-1"},"canonical":"https:\/\/xenonkungen.com\/es\/producto\/lampara-de-paso-cromada-blanca\/","og_locale":"es_ES","og_type":"article","og_title":"Steg Lampa Krom|Vit - Xenonkungen","og_description":"Elegant Transparent Fordonslampa Denna stilrena och kompakta lampa \u00e4r utm\u00e4rkt l\u00e4mpad f\u00f6r b\u00e5de inre och yttre montering p\u00e5 olika fordonstyper, skapad f\u00f6r att effektivt belysa mindre omr\u00e5den. Med sin krompl\u00e4terade metallstruktur och en h\u00f6gkvalitativ lins av slagt\u00e5lig polycarbonat, erbjuder denna lampa en \u00f6verl\u00e4gsen h\u00e5llbarhet samtidigt som den tillf\u00f6r en estetisk charm till ditt fordon. Specifikationer [&hellip;]","og_url":"https:\/\/xenonkungen.com\/es\/producto\/lampara-de-paso-cromada-blanca\/","og_site_name":"Xenonkungen","article_modified_time":"2026-04-10T23:50:50+00:00","og_image":[{"width":500,"height":500,"url":"https:\/\/xenonkungen.com\/wp-content\/uploads\/2025\/04\/7338611-origpic-7355f6.jpg","type":"image\/jpeg"}],"twitter_card":"summary_large_image","twitter_misc":{"Tiempo de lectura":"1 minuto"},"schema":{"@context":"https:\/\/schema.org","@graph":[{"@type":"WebPage","@id":"https:\/\/xenonkungen.com\/fi\/tuote\/askelvalaisin-kromi-valkoinen\/","url":"https:\/\/xenonkungen.com\/fi\/tuote\/askelvalaisin-kromi-valkoinen\/","name":"L\u00e1mpara de paso cromada | blanca - Xenonkungen","isPartOf":{"@id":"https:\/\/xenonkungen.com\/#website"},"primaryImageOfPage":{"@id":"https:\/\/xenonkungen.com\/fi\/tuote\/askelvalaisin-kromi-valkoinen\/#primaryimage"},"image":{"@id":"https:\/\/xenonkungen.com\/fi\/tuote\/askelvalaisin-kromi-valkoinen\/#primaryimage"},"thumbnailUrl":"https:\/\/xenonkungen.com\/wp-content\/uploads\/2025\/04\/7338611-origpic-7355f6.jpg","datePublished":"2025-04-15T10:05:08+00:00","dateModified":"2026-04-10T23:50:50+00:00","breadcrumb":{"@id":"https:\/\/xenonkungen.com\/fi\/tuote\/askelvalaisin-kromi-valkoinen\/#breadcrumb"},"inLanguage":"es","potentialAction":[{"@type":"ReadAction","target":["https:\/\/xenonkungen.com\/fi\/tuote\/askelvalaisin-kromi-valkoinen\/"]}]},{"@type":"ImageObject","inLanguage":"es","@id":"https:\/\/xenonkungen.com\/fi\/tuote\/askelvalaisin-kromi-valkoinen\/#primaryimage","url":"https:\/\/xenonkungen.com\/wp-content\/uploads\/2025\/04\/7338611-origpic-7355f6.jpg","contentUrl":"https:\/\/xenonkungen.com\/wp-content\/uploads\/2025\/04\/7338611-origpic-7355f6.jpg","width":500,"height":500},{"@type":"BreadcrumbList","@id":"https:\/\/xenonkungen.com\/fi\/tuote\/askelvalaisin-kromi-valkoinen\/#breadcrumb","itemListElement":[{"@type":"ListItem","position":1,"name":"Hem","item":"https:\/\/xenonkungen.com\/"},{"@type":"ListItem","position":2,"name":"Shop","item":"https:\/\/xenonkungen.com\/shop\/"},{"@type":"ListItem","position":3,"name":"Steg Lampa Krom|Vit"}]},{"@type":"WebSite","@id":"https:\/\/xenonkungen.com\/#website","url":"https:\/\/xenonkungen.com\/","name":"Xenonkungen","description":"","potentialAction":[{"@type":"SearchAction","target":{"@type":"EntryPoint","urlTemplate":"https:\/\/xenonkungen.com\/?s={search_term_string}"},"query-input":{"@type":"PropertyValueSpecification","valueRequired":true,"valueName":"search_term_string"}}],"inLanguage":"es"}]}},"taxonomy_info":{"anvandningsomrade":[{"value":166,"label":"Lastbil"},{"value":238,"label":"SL\u00c4P"},{"value":2816,"label":"TRAILER"}],"product_brand":[{"value":1252,"label":"LEA"}],"product_cat":[{"value":2478,"label":"Positionsljus"},{"value":2814,"label":"Steg"}],"pa_fuktskydd-varde-ipxx":[{"value":333,"label":"IP67"}],"pa_storlek-mm":[{"value":2049,"label":"65x30x24"}],"pa_stromforbrukning":[{"value":1829,"label":"0,03A @13,8V"},{"value":1872,"label":"0,04A @28V"}],"pa_volt-v":[{"value":348,"label":"12, 24"}]},"featured_image_src_large":["https:\/\/xenonkungen.com\/wp-content\/uploads\/2025\/04\/7338611-origpic-7355f6.jpg",500,500,false],"author_info":[],"comment_info":0,"_links":{"self":[{"href":"https:\/\/xenonkungen.com\/es\/wp-json\/wp\/v2\/product\/8250","targetHints":{"allow":["GET"]}}],"collection":[{"href":"https:\/\/xenonkungen.com\/es\/wp-json\/wp\/v2\/product"}],"about":[{"href":"https:\/\/xenonkungen.com\/es\/wp-json\/wp\/v2\/types\/product"}],"replies":[{"embeddable":true,"href":"https:\/\/xenonkungen.com\/es\/wp-json\/wp\/v2\/comments?post=8250"}],"wp:featuredmedia":[{"embeddable":true,"href":"https:\/\/xenonkungen.com\/es\/wp-json\/wp\/v2\/media\/8251"}],"wp:attachment":[{"href":"https:\/\/xenonkungen.com\/es\/wp-json\/wp\/v2\/media?parent=8250"}],"wp:term":[{"taxonomy":"anvandningsomrade","embeddable":true,"href":"https:\/\/xenonkungen.com\/es\/wp-json\/wp\/v2\/anvandningsomrade?post=8250"},{"taxonomy":"bilmarken","embeddable":true,"href":"https:\/\/xenonkungen.com\/es\/wp-json\/wp\/v2\/bilmarken?post=8250"},{"taxonomy":"product_brand","embeddable":true,"href":"https:\/\/xenonkungen.com\/es\/wp-json\/wp\/v2\/product_brand?post=8250"},{"taxonomy":"product_cat","embeddable":true,"href":"https:\/\/xenonkungen.com\/es\/wp-json\/wp\/v2\/product_cat?post=8250"},{"taxonomy":"product_tag","embeddable":true,"href":"https:\/\/xenonkungen.com\/es\/wp-json\/wp\/v2\/product_tag?post=8250"}],"curies":[{"name":"wp","href":"https:\/\/api.w.org\/{rel}","templated":true}]}}