{"id":8262,"date":"2025-04-15T10:05:08","date_gmt":"2025-04-15T10:05:08","guid":{"rendered":"https:\/\/xenonkungen.com\/product\/interior-led-list-100mmrod\/"},"modified":"2026-04-11T00:51:02","modified_gmt":"2026-04-10T23:51:02","slug":"tira-de-led-interior-de-100-mm-roja","status":"publish","type":"product","link":"https:\/\/xenonkungen.com\/es\/producto\/tira-de-led-interior-de-100-mm-roja\/","title":{"rendered":"Tira LED interior de 100 mm | Roja"},"content":{"rendered":"<h1>Iluminaci\u00f3n interior LED delgada de 12 V con lente roja<\/h1>\n<p>Descubre la combinaci\u00f3n perfecta de estilo y funcionalidad con nuestra luz interior LED Slim de 12 V. Dise\u00f1ada para una instalaci\u00f3n tanto interior como exterior en tu veh\u00edculo, esta luz ilumina el entorno con un agradable brillo rojo. Su dise\u00f1o compacto, de tan solo 10 mm de altura y 25 mm de ancho, la convierte en un complemento discreto y eficaz para tu veh\u00edculo.<\/p>\n<h2>Especificaciones:<\/h2>\n<ul>\n<li>Dimensiones: 10 mm de alto x 25 mm de ancho<\/li>\n<li>Material: Montura de ABS, lente de policarbonato resistente a impactos<\/li>\n<li>Color: Tu color favorito, rojo<\/li>\n<li>\u00c1ngulo de dispersi\u00f3n de la luz: 120 grados<\/li>\n<li>Clasificaci\u00f3n IP67: Resistente a golpes y vibraciones, totalmente sumergible y con protecci\u00f3n contra cortocircuitos.<\/li>\n<\/ul>\n<h2>Caracter\u00edsticas y ventajas:<\/h2>\n<p>Nuestra iluminaci\u00f3n interior LED Slim de 12 V combina tecnolog\u00eda LED avanzada con un dise\u00f1o discreto y elegante. Esto garantiza no solo una iluminaci\u00f3n eficiente, sino tambi\u00e9n un rendimiento duradero y fiable en cualquier condici\u00f3n clim\u00e1tica. Perfecta para mejorar la seguridad y la est\u00e9tica de su veh\u00edculo, ofrece opciones de montaje flexibles para una instalaci\u00f3n a medida.<\/p>\n<p>Ya sea para veh\u00edculos de trabajo, veh\u00edculos recreativos o simplemente para darle a su coche ese toque especial, nuestra iluminaci\u00f3n interior LED Slim de 12V con lente roja es la opci\u00f3n ideal para crear un ambiente \u00fanico y acogedor.<\/p>","protected":false},"excerpt":{"rendered":"<p>Slim 12V LED Interi\u00f6rbelysning med R\u00f6d Lins Utforska den ultimata kombinationen av stil och funktionalitet med v\u00e5r Slim 12V LED interi\u00f6rbelysning. Perfekt designad f\u00f6r att passa b\u00e5de interi\u00f6rt och exteri\u00f6rt montage p\u00e5 ditt fordon, lyser denna lampa upp omgivningen med en vacker r\u00f6d gl\u00f6d. Dess kompakta design p\u00e5 endast 10mm i h\u00f6jd och 25mm i [&hellip;]<\/p>","protected":false},"featured_media":8263,"comment_status":"closed","ping_status":"open","template":"","meta":{"_acf_changed":false,"_smort_price_nok":"235","_smort_price_dkk":"149","_smort_price_eur":"20","_smort_sale_price_nok":"","_smort_sale_price_dkk":"","_smort_sale_price_eur":"","smort_restorder":"","shipmondo_restorder":"","_kad_blocks_custom_css":"","_kad_blocks_head_custom_js":"","_kad_blocks_body_custom_js":"","_kad_blocks_footer_custom_js":"","smort_custom_pricelist_1":"123.2","smort_custom_pricelist_2":"123.2","smort_custom_pricelist_3":"117.04","smort_custom_pricelist_4":"176","smort_custom_pricelist_5":"123.2"},"anvandningsomrade":[166,238,2816],"bilmarken":[],"product_brand":[1252],"product_cat":[2586],"product_tag":[],"class_list":{"0":"post-8262","1":"product","2":"type-product","3":"status-publish","4":"has-post-thumbnail","6":"anvandningsomrade-lastbil","7":"anvandningsomrade-slap","8":"anvandningsomrade-trailer","9":"product_brand-lea","10":"product_cat-interiorbelysning-slap","11":"pa_ljusspridning-grader-683","12":"pa_storlek-mm-100x25x10","13":"pa_stromforbrukning-006a-138v","14":"pa_volt-v-159","16":"first","17":"onbackorder","18":"taxable","19":"shipping-taxable","20":"purchasable","21":"product-type-simple"},"bundled_by":[],"bundle_stock_status":"onbackorder","bundle_stock_quantity":0,"bundle_virtual":false,"bundle_layout":"","bundle_add_to_cart_form_location":"","bundle_editable_in_cart":false,"bundle_sold_individually_context":"","bundle_item_grouping":"","bundle_min_size":"","bundle_max_size":"","bundle_price":[],"bundled_items":[],"bundle_sell_ids":[],"acf":[],"yoast_head":"<!-- This site is optimized with the Yoast SEO plugin v27.0 - https:\/\/yoast.com\/product\/yoast-seo-wordpress\/ -->\n<title>Interi\u00f6r LED-list 100mm|R\u00f6d - Xenonkungen<\/title>\n<meta name=\"robots\" content=\"index, follow, max-snippet:-1, max-image-preview:large, max-video-preview:-1\" \/>\n<link rel=\"canonical\" href=\"https:\/\/xenonkungen.com\/es\/producto\/tira-de-led-interior-de-100-mm-roja\/\" \/>\n<meta property=\"og:locale\" content=\"es_ES\" \/>\n<meta property=\"og:type\" content=\"article\" \/>\n<meta property=\"og:title\" content=\"Interi\u00f6r LED-list 100mm|R\u00f6d - Xenonkungen\" \/>\n<meta property=\"og:description\" content=\"Slim 12V LED Interi\u00f6rbelysning med R\u00f6d Lins Utforska den ultimata kombinationen av stil och funktionalitet med v\u00e5r Slim 12V LED interi\u00f6rbelysning. Perfekt designad f\u00f6r att passa b\u00e5de interi\u00f6rt och exteri\u00f6rt montage p\u00e5 ditt fordon, lyser denna lampa upp omgivningen med en vacker r\u00f6d gl\u00f6d. Dess kompakta design p\u00e5 endast 10mm i h\u00f6jd och 25mm i [&hellip;]\" \/>\n<meta property=\"og:url\" content=\"https:\/\/xenonkungen.com\/es\/producto\/tira-de-led-interior-de-100-mm-roja\/\" \/>\n<meta property=\"og:site_name\" content=\"Xenonkungen\" \/>\n<meta property=\"article:modified_time\" content=\"2026-04-10T23:51:02+00:00\" \/>\n<meta property=\"og:image\" content=\"https:\/\/xenonkungen.com\/wp-content\/uploads\/2025\/04\/68R-800x800-1.jpg\" \/>\n\t<meta property=\"og:image:width\" content=\"800\" \/>\n\t<meta property=\"og:image:height\" content=\"800\" \/>\n\t<meta property=\"og:image:type\" content=\"image\/jpeg\" \/>\n<meta name=\"twitter:card\" content=\"summary_large_image\" \/>\n<meta name=\"twitter:label1\" content=\"Tiempo de lectura\" \/>\n\t<meta name=\"twitter:data1\" content=\"1 minuto\" \/>\n<script type=\"application\/ld+json\" class=\"yoast-schema-graph\">{\"@context\":\"https:\/\/schema.org\",\"@graph\":[{\"@type\":\"WebPage\",\"@id\":\"https:\/\/xenonkungen.com\/produkt\/interior-led-list-100mmrod\/\",\"url\":\"https:\/\/xenonkungen.com\/produkt\/interior-led-list-100mmrod\/\",\"name\":\"Interi\u00f6r LED-list 100mm|R\u00f6d - Xenonkungen\",\"isPartOf\":{\"@id\":\"https:\/\/xenonkungen.com\/#website\"},\"primaryImageOfPage\":{\"@id\":\"https:\/\/xenonkungen.com\/produkt\/interior-led-list-100mmrod\/#primaryimage\"},\"image\":{\"@id\":\"https:\/\/xenonkungen.com\/produkt\/interior-led-list-100mmrod\/#primaryimage\"},\"thumbnailUrl\":\"https:\/\/xenonkungen.com\/wp-content\/uploads\/2025\/04\/68R-800x800-1.jpg\",\"datePublished\":\"2025-04-15T10:05:08+00:00\",\"dateModified\":\"2026-04-10T23:51:02+00:00\",\"breadcrumb\":{\"@id\":\"https:\/\/xenonkungen.com\/produkt\/interior-led-list-100mmrod\/#breadcrumb\"},\"inLanguage\":\"es\",\"potentialAction\":[{\"@type\":\"ReadAction\",\"target\":[\"https:\/\/xenonkungen.com\/produkt\/interior-led-list-100mmrod\/\"]}]},{\"@type\":\"ImageObject\",\"inLanguage\":\"es\",\"@id\":\"https:\/\/xenonkungen.com\/produkt\/interior-led-list-100mmrod\/#primaryimage\",\"url\":\"https:\/\/xenonkungen.com\/wp-content\/uploads\/2025\/04\/68R-800x800-1.jpg\",\"contentUrl\":\"https:\/\/xenonkungen.com\/wp-content\/uploads\/2025\/04\/68R-800x800-1.jpg\",\"width\":800,\"height\":800},{\"@type\":\"BreadcrumbList\",\"@id\":\"https:\/\/xenonkungen.com\/produkt\/interior-led-list-100mmrod\/#breadcrumb\",\"itemListElement\":[{\"@type\":\"ListItem\",\"position\":1,\"name\":\"Hem\",\"item\":\"https:\/\/xenonkungen.com\/\"},{\"@type\":\"ListItem\",\"position\":2,\"name\":\"Shop\",\"item\":\"https:\/\/xenonkungen.com\/shop\/\"},{\"@type\":\"ListItem\",\"position\":3,\"name\":\"Interi\u00f6r LED-list 100mm|R\u00f6d\"}]},{\"@type\":\"WebSite\",\"@id\":\"https:\/\/xenonkungen.com\/#website\",\"url\":\"https:\/\/xenonkungen.com\/\",\"name\":\"Xenonkungen\",\"description\":\"\",\"potentialAction\":[{\"@type\":\"SearchAction\",\"target\":{\"@type\":\"EntryPoint\",\"urlTemplate\":\"https:\/\/xenonkungen.com\/?s={search_term_string}\"},\"query-input\":{\"@type\":\"PropertyValueSpecification\",\"valueRequired\":true,\"valueName\":\"search_term_string\"}}],\"inLanguage\":\"es\"}]}<\/script>\n<!-- \/ Yoast SEO plugin. -->","yoast_head_json":{"title":"Tira LED interior de 100 mm | Roja - Xen\u00f3n","robots":{"index":"index","follow":"follow","max-snippet":"max-snippet:-1","max-image-preview":"max-image-preview:large","max-video-preview":"max-video-preview:-1"},"canonical":"https:\/\/xenonkungen.com\/es\/producto\/tira-de-led-interior-de-100-mm-roja\/","og_locale":"es_ES","og_type":"article","og_title":"Interi\u00f6r LED-list 100mm|R\u00f6d - Xenonkungen","og_description":"Slim 12V LED Interi\u00f6rbelysning med R\u00f6d Lins Utforska den ultimata kombinationen av stil och funktionalitet med v\u00e5r Slim 12V LED interi\u00f6rbelysning. Perfekt designad f\u00f6r att passa b\u00e5de interi\u00f6rt och exteri\u00f6rt montage p\u00e5 ditt fordon, lyser denna lampa upp omgivningen med en vacker r\u00f6d gl\u00f6d. Dess kompakta design p\u00e5 endast 10mm i h\u00f6jd och 25mm i [&hellip;]","og_url":"https:\/\/xenonkungen.com\/es\/producto\/tira-de-led-interior-de-100-mm-roja\/","og_site_name":"Xenonkungen","article_modified_time":"2026-04-10T23:51:02+00:00","og_image":[{"width":800,"height":800,"url":"https:\/\/xenonkungen.com\/wp-content\/uploads\/2025\/04\/68R-800x800-1.jpg","type":"image\/jpeg"}],"twitter_card":"summary_large_image","twitter_misc":{"Tiempo de lectura":"1 minuto"},"schema":{"@context":"https:\/\/schema.org","@graph":[{"@type":"WebPage","@id":"https:\/\/xenonkungen.com\/produkt\/interior-led-list-100mmrod\/","url":"https:\/\/xenonkungen.com\/produkt\/interior-led-list-100mmrod\/","name":"Tira LED interior de 100 mm | Roja - Xen\u00f3n","isPartOf":{"@id":"https:\/\/xenonkungen.com\/#website"},"primaryImageOfPage":{"@id":"https:\/\/xenonkungen.com\/produkt\/interior-led-list-100mmrod\/#primaryimage"},"image":{"@id":"https:\/\/xenonkungen.com\/produkt\/interior-led-list-100mmrod\/#primaryimage"},"thumbnailUrl":"https:\/\/xenonkungen.com\/wp-content\/uploads\/2025\/04\/68R-800x800-1.jpg","datePublished":"2025-04-15T10:05:08+00:00","dateModified":"2026-04-10T23:51:02+00:00","breadcrumb":{"@id":"https:\/\/xenonkungen.com\/produkt\/interior-led-list-100mmrod\/#breadcrumb"},"inLanguage":"es","potentialAction":[{"@type":"ReadAction","target":["https:\/\/xenonkungen.com\/produkt\/interior-led-list-100mmrod\/"]}]},{"@type":"ImageObject","inLanguage":"es","@id":"https:\/\/xenonkungen.com\/produkt\/interior-led-list-100mmrod\/#primaryimage","url":"https:\/\/xenonkungen.com\/wp-content\/uploads\/2025\/04\/68R-800x800-1.jpg","contentUrl":"https:\/\/xenonkungen.com\/wp-content\/uploads\/2025\/04\/68R-800x800-1.jpg","width":800,"height":800},{"@type":"BreadcrumbList","@id":"https:\/\/xenonkungen.com\/produkt\/interior-led-list-100mmrod\/#breadcrumb","itemListElement":[{"@type":"ListItem","position":1,"name":"Hem","item":"https:\/\/xenonkungen.com\/"},{"@type":"ListItem","position":2,"name":"Shop","item":"https:\/\/xenonkungen.com\/shop\/"},{"@type":"ListItem","position":3,"name":"Interi\u00f6r LED-list 100mm|R\u00f6d"}]},{"@type":"WebSite","@id":"https:\/\/xenonkungen.com\/#website","url":"https:\/\/xenonkungen.com\/","name":"Xenonkungen","description":"","potentialAction":[{"@type":"SearchAction","target":{"@type":"EntryPoint","urlTemplate":"https:\/\/xenonkungen.com\/?s={search_term_string}"},"query-input":{"@type":"PropertyValueSpecification","valueRequired":true,"valueName":"search_term_string"}}],"inLanguage":"es"}]}},"taxonomy_info":{"anvandningsomrade":[{"value":166,"label":"Lastbil"},{"value":238,"label":"SL\u00c4P"},{"value":2816,"label":"TRAILER"}],"product_brand":[{"value":1252,"label":"LEA"}],"product_cat":[{"value":2586,"label":"Interi\u00f6rbelysning"}],"pa_ljusspridning-grader":[{"value":683,"label":"120"}],"pa_storlek-mm":[{"value":2051,"label":"100x25x10"}],"pa_stromforbrukning":[{"value":2052,"label":"0,06A @13,8V"}],"pa_volt-v":[{"value":159,"label":"12"}]},"featured_image_src_large":["https:\/\/xenonkungen.com\/wp-content\/uploads\/2025\/04\/68R-800x800-1.jpg",800,800,false],"author_info":[],"comment_info":0,"_links":{"self":[{"href":"https:\/\/xenonkungen.com\/es\/wp-json\/wp\/v2\/product\/8262","targetHints":{"allow":["GET"]}}],"collection":[{"href":"https:\/\/xenonkungen.com\/es\/wp-json\/wp\/v2\/product"}],"about":[{"href":"https:\/\/xenonkungen.com\/es\/wp-json\/wp\/v2\/types\/product"}],"replies":[{"embeddable":true,"href":"https:\/\/xenonkungen.com\/es\/wp-json\/wp\/v2\/comments?post=8262"}],"wp:featuredmedia":[{"embeddable":true,"href":"https:\/\/xenonkungen.com\/es\/wp-json\/wp\/v2\/media\/8263"}],"wp:attachment":[{"href":"https:\/\/xenonkungen.com\/es\/wp-json\/wp\/v2\/media?parent=8262"}],"wp:term":[{"taxonomy":"anvandningsomrade","embeddable":true,"href":"https:\/\/xenonkungen.com\/es\/wp-json\/wp\/v2\/anvandningsomrade?post=8262"},{"taxonomy":"bilmarken","embeddable":true,"href":"https:\/\/xenonkungen.com\/es\/wp-json\/wp\/v2\/bilmarken?post=8262"},{"taxonomy":"product_brand","embeddable":true,"href":"https:\/\/xenonkungen.com\/es\/wp-json\/wp\/v2\/product_brand?post=8262"},{"taxonomy":"product_cat","embeddable":true,"href":"https:\/\/xenonkungen.com\/es\/wp-json\/wp\/v2\/product_cat?post=8262"},{"taxonomy":"product_tag","embeddable":true,"href":"https:\/\/xenonkungen.com\/es\/wp-json\/wp\/v2\/product_tag?post=8262"}],"curies":[{"name":"wp","href":"https:\/\/api.w.org\/{rel}","templated":true}]}}