{"id":8265,"date":"2025-04-15T10:05:16","date_gmt":"2025-04-15T10:05:16","guid":{"rendered":"https:\/\/xenonkungen.com\/product\/interior-led-list-100mmvit\/"},"modified":"2026-04-11T00:51:05","modified_gmt":"2026-04-10T23:51:05","slug":"tira-de-led-interior-100-mm-blanca","status":"publish","type":"product","link":"https:\/\/xenonkungen.com\/es\/producto\/tira-de-led-interior-100-mm-blanca\/","title":{"rendered":"Tira LED interior 100mm|Blanco"},"content":{"rendered":"<h1>Luz interior LED delgada de 12 V con lente transparente<\/h1>\n<p>Esta moderna y delgada luz LED est\u00e1 especialmente dise\u00f1ada para su uso en el interior del autom\u00f3vil, combinando estilo y funcionalidad. Con su perfil compacto de solo 10 mm de altura y 25 mm de anchura, esta l\u00e1mpara se adapta perfectamente a una instalaci\u00f3n discreta.<\/p>\n<h2>Especificaciones:<\/h2>\n<ul>\n<li>Dimensiones: 10 mm de alto x 25 mm de ancho<\/li>\n<li>Material: montura de ABS, lente de policarbonato<\/li>\n<li>Propiedades luminosas: lente transparente con propiedades \u00f3pticas para una mejor salida de la luz<\/li>\n<li>Distribuci\u00f3n de la luz: optimizada para interiores<\/li>\n<li>Clasificaci\u00f3n IP67: resistente a golpes y vibraciones, totalmente sumergible<\/li>\n<li>Protecci\u00f3n contra cortocircuitos<\/li>\n<\/ul>\n<h2>Caracter\u00edsticas y ventajas:<\/h2>\n<p>- Dise\u00f1o delgado para una instalaci\u00f3n discreta y vers\u00e1til en el interior del veh\u00edculo<br \/>- La tecnolog\u00eda LED de alto rendimiento proporciona una iluminaci\u00f3n potente y energ\u00e9ticamente eficiente<br \/>- Lente de policarbonato con propiedades \u00f3pticas que garantiza una distribuci\u00f3n uniforme de la luz<br \/>- Construcci\u00f3n robusta con clasificaci\u00f3n IP67 que ofrece un rendimiento duradero en condiciones exigentes<br \/>- Su instalaci\u00f3n flexible permite adaptarlo a una gran variedad de interiores de veh\u00edculos<br \/>- Ideal para mejorar la visibilidad y la seguridad en el interior del veh\u00edculo<\/p>\n<p>Esta luz interior LED Slim 12V es una soluci\u00f3n ideal para cualquiera que busque una soluci\u00f3n de iluminaci\u00f3n de alta calidad, duradera y est\u00e9ticamente agradable para el interior del veh\u00edculo. Con su avanzada tecnolog\u00eda LED y dise\u00f1o elegante, esta luz mejora tanto la funci\u00f3n y la apariencia de su veh\u00edculo.<\/p>","protected":false},"excerpt":{"rendered":"<p>Slim 12V LED-interi\u00f6rbelysning med Klar Lins Denna moderna och smala LED-belysning \u00e4r speciellt utformad f\u00f6r interi\u00f6r anv\u00e4ndning i fordon, kombinerar b\u00e5de stil och funktionalitet. Med sin kompakta profil p\u00e5 endast 10mm i h\u00f6jd och 25mm i bredd, passar denna lampa perfekt f\u00f6r diskret montage. Specifikationer: M\u00e5tt: 10mm h\u00f6jd x 25mm bredd Material: ABS-sarg, Lins i [&hellip;]<\/p>","protected":false},"featured_media":8266,"comment_status":"closed","ping_status":"open","template":"","meta":{"_acf_changed":false,"_smort_price_nok":"235","_smort_price_dkk":"149","_smort_price_eur":"20","_smort_sale_price_nok":"","_smort_sale_price_dkk":"","_smort_sale_price_eur":"","smort_restorder":"","shipmondo_restorder":"","_kad_blocks_custom_css":"","_kad_blocks_head_custom_js":"","_kad_blocks_body_custom_js":"","_kad_blocks_footer_custom_js":"","smort_custom_pricelist_1":"123.2","smort_custom_pricelist_2":"123.2","smort_custom_pricelist_3":"117.04","smort_custom_pricelist_4":"176","smort_custom_pricelist_5":"123.2"},"anvandningsomrade":[166,238,2816],"bilmarken":[],"product_brand":[1252],"product_cat":[2586],"product_tag":[],"class_list":{"0":"post-8265","1":"product","2":"type-product","3":"status-publish","4":"has-post-thumbnail","6":"anvandningsomrade-lastbil","7":"anvandningsomrade-slap","8":"anvandningsomrade-trailer","9":"product_brand-lea","10":"product_cat-interiorbelysning-slap","11":"pa_ljusspridning-grader-683","12":"pa_storlek-mm-100x25x10","13":"pa_stromforbrukning-006a-138v","14":"pa_volt-v-159","16":"first","17":"instock","18":"taxable","19":"shipping-taxable","20":"purchasable","21":"product-type-simple"},"bundled_by":[],"bundle_stock_status":"instock","bundle_stock_quantity":2,"bundle_virtual":false,"bundle_layout":"","bundle_add_to_cart_form_location":"","bundle_editable_in_cart":false,"bundle_sold_individually_context":"","bundle_item_grouping":"","bundle_min_size":"","bundle_max_size":"","bundle_price":[],"bundled_items":[],"bundle_sell_ids":[],"acf":[],"yoast_head":"<!-- This site is optimized with the Yoast SEO plugin v27.0 - https:\/\/yoast.com\/product\/yoast-seo-wordpress\/ -->\n<title>Interi\u00f6r LED-list 100mm|Vit - Xenonkungen<\/title>\n<meta name=\"robots\" content=\"index, follow, max-snippet:-1, max-image-preview:large, max-video-preview:-1\" \/>\n<link rel=\"canonical\" href=\"https:\/\/xenonkungen.com\/es\/producto\/tira-de-led-interior-100-mm-blanca\/\" \/>\n<meta property=\"og:locale\" content=\"es_ES\" \/>\n<meta property=\"og:type\" content=\"article\" \/>\n<meta property=\"og:title\" content=\"Interi\u00f6r LED-list 100mm|Vit - Xenonkungen\" \/>\n<meta property=\"og:description\" content=\"Slim 12V LED-interi\u00f6rbelysning med Klar Lins Denna moderna och smala LED-belysning \u00e4r speciellt utformad f\u00f6r interi\u00f6r anv\u00e4ndning i fordon, kombinerar b\u00e5de stil och funktionalitet. Med sin kompakta profil p\u00e5 endast 10mm i h\u00f6jd och 25mm i bredd, passar denna lampa perfekt f\u00f6r diskret montage. Specifikationer: M\u00e5tt: 10mm h\u00f6jd x 25mm bredd Material: ABS-sarg, Lins i [&hellip;]\" \/>\n<meta property=\"og:url\" content=\"https:\/\/xenonkungen.com\/es\/producto\/tira-de-led-interior-100-mm-blanca\/\" \/>\n<meta property=\"og:site_name\" content=\"Xenonkungen\" \/>\n<meta property=\"article:modified_time\" content=\"2026-04-10T23:51:05+00:00\" \/>\n<meta property=\"og:image\" content=\"https:\/\/xenonkungen.com\/wp-content\/uploads\/2025\/04\/7363316-origpic-0d2fcf.jpg\" \/>\n\t<meta property=\"og:image:width\" content=\"600\" \/>\n\t<meta property=\"og:image:height\" content=\"600\" \/>\n\t<meta property=\"og:image:type\" content=\"image\/jpeg\" \/>\n<meta name=\"twitter:card\" content=\"summary_large_image\" \/>\n<meta name=\"twitter:label1\" content=\"Tiempo de lectura\" \/>\n\t<meta name=\"twitter:data1\" content=\"1 minuto\" \/>\n<script type=\"application\/ld+json\" class=\"yoast-schema-graph\">{\"@context\":\"https:\/\/schema.org\",\"@graph\":[{\"@type\":\"WebPage\",\"@id\":\"https:\/\/xenonkungen.com\/produkt\/interior-led-list-100mmvit\/\",\"url\":\"https:\/\/xenonkungen.com\/produkt\/interior-led-list-100mmvit\/\",\"name\":\"Interi\u00f6r LED-list 100mm|Vit - Xenonkungen\",\"isPartOf\":{\"@id\":\"https:\/\/xenonkungen.com\/#website\"},\"primaryImageOfPage\":{\"@id\":\"https:\/\/xenonkungen.com\/produkt\/interior-led-list-100mmvit\/#primaryimage\"},\"image\":{\"@id\":\"https:\/\/xenonkungen.com\/produkt\/interior-led-list-100mmvit\/#primaryimage\"},\"thumbnailUrl\":\"https:\/\/xenonkungen.com\/wp-content\/uploads\/2025\/04\/7363316-origpic-0d2fcf.jpg\",\"datePublished\":\"2025-04-15T10:05:16+00:00\",\"dateModified\":\"2026-04-10T23:51:05+00:00\",\"breadcrumb\":{\"@id\":\"https:\/\/xenonkungen.com\/produkt\/interior-led-list-100mmvit\/#breadcrumb\"},\"inLanguage\":\"es\",\"potentialAction\":[{\"@type\":\"ReadAction\",\"target\":[\"https:\/\/xenonkungen.com\/produkt\/interior-led-list-100mmvit\/\"]}]},{\"@type\":\"ImageObject\",\"inLanguage\":\"es\",\"@id\":\"https:\/\/xenonkungen.com\/produkt\/interior-led-list-100mmvit\/#primaryimage\",\"url\":\"https:\/\/xenonkungen.com\/wp-content\/uploads\/2025\/04\/7363316-origpic-0d2fcf.jpg\",\"contentUrl\":\"https:\/\/xenonkungen.com\/wp-content\/uploads\/2025\/04\/7363316-origpic-0d2fcf.jpg\",\"width\":600,\"height\":600},{\"@type\":\"BreadcrumbList\",\"@id\":\"https:\/\/xenonkungen.com\/produkt\/interior-led-list-100mmvit\/#breadcrumb\",\"itemListElement\":[{\"@type\":\"ListItem\",\"position\":1,\"name\":\"Hem\",\"item\":\"https:\/\/xenonkungen.com\/\"},{\"@type\":\"ListItem\",\"position\":2,\"name\":\"Shop\",\"item\":\"https:\/\/xenonkungen.com\/shop\/\"},{\"@type\":\"ListItem\",\"position\":3,\"name\":\"Interi\u00f6r LED-list 100mm|Vit\"}]},{\"@type\":\"WebSite\",\"@id\":\"https:\/\/xenonkungen.com\/#website\",\"url\":\"https:\/\/xenonkungen.com\/\",\"name\":\"Xenonkungen\",\"description\":\"\",\"potentialAction\":[{\"@type\":\"SearchAction\",\"target\":{\"@type\":\"EntryPoint\",\"urlTemplate\":\"https:\/\/xenonkungen.com\/?s={search_term_string}\"},\"query-input\":{\"@type\":\"PropertyValueSpecification\",\"valueRequired\":true,\"valueName\":\"search_term_string\"}}],\"inLanguage\":\"es\"}]}<\/script>\n<!-- \/ Yoast SEO plugin. -->","yoast_head_json":{"title":"Tira LED interior de 100 mm | Blanca - Xen\u00f3n","robots":{"index":"index","follow":"follow","max-snippet":"max-snippet:-1","max-image-preview":"max-image-preview:large","max-video-preview":"max-video-preview:-1"},"canonical":"https:\/\/xenonkungen.com\/es\/producto\/tira-de-led-interior-100-mm-blanca\/","og_locale":"es_ES","og_type":"article","og_title":"Interi\u00f6r LED-list 100mm|Vit - Xenonkungen","og_description":"Slim 12V LED-interi\u00f6rbelysning med Klar Lins Denna moderna och smala LED-belysning \u00e4r speciellt utformad f\u00f6r interi\u00f6r anv\u00e4ndning i fordon, kombinerar b\u00e5de stil och funktionalitet. Med sin kompakta profil p\u00e5 endast 10mm i h\u00f6jd och 25mm i bredd, passar denna lampa perfekt f\u00f6r diskret montage. Specifikationer: M\u00e5tt: 10mm h\u00f6jd x 25mm bredd Material: ABS-sarg, Lins i [&hellip;]","og_url":"https:\/\/xenonkungen.com\/es\/producto\/tira-de-led-interior-100-mm-blanca\/","og_site_name":"Xenonkungen","article_modified_time":"2026-04-10T23:51:05+00:00","og_image":[{"width":600,"height":600,"url":"https:\/\/xenonkungen.com\/wp-content\/uploads\/2025\/04\/7363316-origpic-0d2fcf.jpg","type":"image\/jpeg"}],"twitter_card":"summary_large_image","twitter_misc":{"Tiempo de lectura":"1 minuto"},"schema":{"@context":"https:\/\/schema.org","@graph":[{"@type":"WebPage","@id":"https:\/\/xenonkungen.com\/produkt\/interior-led-list-100mmvit\/","url":"https:\/\/xenonkungen.com\/produkt\/interior-led-list-100mmvit\/","name":"Tira LED interior de 100 mm | Blanca - Xen\u00f3n","isPartOf":{"@id":"https:\/\/xenonkungen.com\/#website"},"primaryImageOfPage":{"@id":"https:\/\/xenonkungen.com\/produkt\/interior-led-list-100mmvit\/#primaryimage"},"image":{"@id":"https:\/\/xenonkungen.com\/produkt\/interior-led-list-100mmvit\/#primaryimage"},"thumbnailUrl":"https:\/\/xenonkungen.com\/wp-content\/uploads\/2025\/04\/7363316-origpic-0d2fcf.jpg","datePublished":"2025-04-15T10:05:16+00:00","dateModified":"2026-04-10T23:51:05+00:00","breadcrumb":{"@id":"https:\/\/xenonkungen.com\/produkt\/interior-led-list-100mmvit\/#breadcrumb"},"inLanguage":"es","potentialAction":[{"@type":"ReadAction","target":["https:\/\/xenonkungen.com\/produkt\/interior-led-list-100mmvit\/"]}]},{"@type":"ImageObject","inLanguage":"es","@id":"https:\/\/xenonkungen.com\/produkt\/interior-led-list-100mmvit\/#primaryimage","url":"https:\/\/xenonkungen.com\/wp-content\/uploads\/2025\/04\/7363316-origpic-0d2fcf.jpg","contentUrl":"https:\/\/xenonkungen.com\/wp-content\/uploads\/2025\/04\/7363316-origpic-0d2fcf.jpg","width":600,"height":600},{"@type":"BreadcrumbList","@id":"https:\/\/xenonkungen.com\/produkt\/interior-led-list-100mmvit\/#breadcrumb","itemListElement":[{"@type":"ListItem","position":1,"name":"Hem","item":"https:\/\/xenonkungen.com\/"},{"@type":"ListItem","position":2,"name":"Shop","item":"https:\/\/xenonkungen.com\/shop\/"},{"@type":"ListItem","position":3,"name":"Interi\u00f6r LED-list 100mm|Vit"}]},{"@type":"WebSite","@id":"https:\/\/xenonkungen.com\/#website","url":"https:\/\/xenonkungen.com\/","name":"Xenonkungen","description":"","potentialAction":[{"@type":"SearchAction","target":{"@type":"EntryPoint","urlTemplate":"https:\/\/xenonkungen.com\/?s={search_term_string}"},"query-input":{"@type":"PropertyValueSpecification","valueRequired":true,"valueName":"search_term_string"}}],"inLanguage":"es"}]}},"taxonomy_info":{"anvandningsomrade":[{"value":166,"label":"Lastbil"},{"value":238,"label":"SL\u00c4P"},{"value":2816,"label":"TRAILER"}],"product_brand":[{"value":1252,"label":"LEA"}],"product_cat":[{"value":2586,"label":"Interi\u00f6rbelysning"}],"pa_ljusspridning-grader":[{"value":683,"label":"120"}],"pa_storlek-mm":[{"value":2051,"label":"100x25x10"}],"pa_stromforbrukning":[{"value":2052,"label":"0,06A @13,8V"}],"pa_volt-v":[{"value":159,"label":"12"}]},"featured_image_src_large":["https:\/\/xenonkungen.com\/wp-content\/uploads\/2025\/04\/7363316-origpic-0d2fcf.jpg",600,600,false],"author_info":[],"comment_info":0,"_links":{"self":[{"href":"https:\/\/xenonkungen.com\/es\/wp-json\/wp\/v2\/product\/8265","targetHints":{"allow":["GET"]}}],"collection":[{"href":"https:\/\/xenonkungen.com\/es\/wp-json\/wp\/v2\/product"}],"about":[{"href":"https:\/\/xenonkungen.com\/es\/wp-json\/wp\/v2\/types\/product"}],"replies":[{"embeddable":true,"href":"https:\/\/xenonkungen.com\/es\/wp-json\/wp\/v2\/comments?post=8265"}],"wp:featuredmedia":[{"embeddable":true,"href":"https:\/\/xenonkungen.com\/es\/wp-json\/wp\/v2\/media\/8266"}],"wp:attachment":[{"href":"https:\/\/xenonkungen.com\/es\/wp-json\/wp\/v2\/media?parent=8265"}],"wp:term":[{"taxonomy":"anvandningsomrade","embeddable":true,"href":"https:\/\/xenonkungen.com\/es\/wp-json\/wp\/v2\/anvandningsomrade?post=8265"},{"taxonomy":"bilmarken","embeddable":true,"href":"https:\/\/xenonkungen.com\/es\/wp-json\/wp\/v2\/bilmarken?post=8265"},{"taxonomy":"product_brand","embeddable":true,"href":"https:\/\/xenonkungen.com\/es\/wp-json\/wp\/v2\/product_brand?post=8265"},{"taxonomy":"product_cat","embeddable":true,"href":"https:\/\/xenonkungen.com\/es\/wp-json\/wp\/v2\/product_cat?post=8265"},{"taxonomy":"product_tag","embeddable":true,"href":"https:\/\/xenonkungen.com\/es\/wp-json\/wp\/v2\/product_tag?post=8265"}],"curies":[{"name":"wp","href":"https:\/\/api.w.org\/{rel}","templated":true}]}}