{"id":8315,"date":"2025-04-15T10:05:39","date_gmt":"2025-04-15T10:05:39","guid":{"rendered":"https:\/\/xenonkungen.com\/product\/interiorlampa-o75mmrod-vit\/"},"modified":"2026-04-11T00:52:05","modified_gmt":"2026-04-10T23:52:05","slug":"lampara-interior-o75mmrojo-blanco","status":"publish","type":"product","link":"https:\/\/xenonkungen.com\/es\/producto\/lampara-interior-o75mmrojo-blanco\/","title":{"rendered":"Luz interior \u00d875mm|Rojo\/Blanco"},"content":{"rendered":"<h1>Luces diurnas LED interiores redondas de 75 mm (sincronizaci\u00f3n de color rojo y blanco)<\/h1>\n<p>Descubra la soluci\u00f3n definitiva para una iluminaci\u00f3n personalizada con nuestras luces diurnas LED interiores redondas de 75 mm. Dise\u00f1adas para ofrecer un efecto visual distintivo con su exclusiva sincronizaci\u00f3n de color rojo y blanco, esta l\u00e1mpara es perfecta para quienes buscan modernizar su veh\u00edculo o proyecto de dise\u00f1o de interiores.<\/p>\n<h2>Caracter\u00edsticas:<\/h2>\n<ul>\n<li>Iluminaci\u00f3n sincronizada con el color para una atm\u00f3sfera personalizada<\/li>\n<li>Tecnolog\u00eda LED avanzada para una iluminaci\u00f3n brillante y de bajo consumo<\/li>\n<li>Resistente a golpes y vibraciones para una mayor durabilidad.<\/li>\n<li>Clasificaci\u00f3n IP67, protecci\u00f3n completa contra la entrada de polvo y agua.<\/li>\n<li>Protecci\u00f3n contra cortocircuitos para un uso seguro<\/li>\n<li>Dise\u00f1o compacto y discreto de 75 mm<\/li>\n<\/ul>\n<p>Esta l\u00e1mpara no solo es pr\u00e1ctica y duradera, sino tambi\u00e9n f\u00e1cil de instalar y usar, lo que la convierte en la opci\u00f3n ideal tanto para principiantes como para usuarios experimentados. Cree hoy mismo un ambiente \u00fanico y acogedor con nuestra iluminaci\u00f3n diurna LED.<\/p>","protected":false},"excerpt":{"rendered":"<p>75mm Rund LED Interi\u00f6r Dagbelysning &#8211; R\u00f6d\/Vit F\u00e4rgsynkning Uppt\u00e4ck den ultimata l\u00f6sningen f\u00f6r anpassad belysning med v\u00e5r 75mm runda LED interi\u00f6rdagbelysning. Utformad f\u00f6r att leverera en distinkt visuell effekt med sin unika r\u00f6d\/vita f\u00e4rgsynkning, \u00e4r denna lampa perfekt f\u00f6r alla som s\u00f6ker att uppgradera sitt fordon eller inredningsprojekt. Egenskaper: F\u00e4rgsynkad Belysning f\u00f6r en anpassad atmosf\u00e4r [&hellip;]<\/p>","protected":false},"featured_media":8316,"comment_status":"closed","ping_status":"open","template":"","meta":{"_acf_changed":false,"_smort_price_nok":"374","_smort_price_dkk":"237","_smort_price_eur":"31.82","_smort_sale_price_nok":"","_smort_sale_price_dkk":"","_smort_sale_price_eur":"","smort_restorder":"","shipmondo_restorder":"","_kad_blocks_custom_css":"","_kad_blocks_head_custom_js":"","_kad_blocks_body_custom_js":"","_kad_blocks_footer_custom_js":"","smort_custom_pricelist_1":"196","smort_custom_pricelist_2":"196","smort_custom_pricelist_3":"186.2","smort_custom_pricelist_4":"280","smort_custom_pricelist_5":"196"},"anvandningsomrade":[166,238,2816],"bilmarken":[],"product_brand":[1252],"product_cat":[2586],"product_tag":[],"class_list":{"0":"post-8315","1":"product","2":"type-product","3":"status-publish","4":"has-post-thumbnail","6":"anvandningsomrade-lastbil","7":"anvandningsomrade-slap","8":"anvandningsomrade-trailer","9":"product_brand-lea","10":"product_cat-interiorbelysning-slap","11":"pa_fuktskydd-varde-ipxx-ip67","12":"pa_storlek-mm-75x17","13":"pa_stromforbrukning-020a-138v","14":"pa_volt-v-159","16":"first","17":"onbackorder","18":"taxable","19":"shipping-taxable","20":"purchasable","21":"product-type-simple"},"bundled_by":[],"bundle_stock_status":"onbackorder","bundle_stock_quantity":0,"bundle_virtual":false,"bundle_layout":"","bundle_add_to_cart_form_location":"","bundle_editable_in_cart":false,"bundle_sold_individually_context":"","bundle_item_grouping":"","bundle_min_size":"","bundle_max_size":"","bundle_price":[],"bundled_items":[],"bundle_sell_ids":[],"acf":[],"yoast_head":"<!-- This site is optimized with the Yoast SEO plugin v27.0 - https:\/\/yoast.com\/product\/yoast-seo-wordpress\/ -->\n<title>Interi\u00f6rlampa \u00d875mm|R\u00f6d\/Vit - Xenonkungen<\/title>\n<meta name=\"robots\" content=\"index, follow, max-snippet:-1, max-image-preview:large, max-video-preview:-1\" \/>\n<link rel=\"canonical\" href=\"https:\/\/xenonkungen.com\/es\/producto\/lampara-interior-o75mmrojo-blanco\/\" \/>\n<meta property=\"og:locale\" content=\"es_ES\" \/>\n<meta property=\"og:type\" content=\"article\" \/>\n<meta property=\"og:title\" content=\"Interi\u00f6rlampa \u00d875mm|R\u00f6d\/Vit - Xenonkungen\" \/>\n<meta property=\"og:description\" content=\"75mm Rund LED Interi\u00f6r Dagbelysning &#8211; R\u00f6d\/Vit F\u00e4rgsynkning Uppt\u00e4ck den ultimata l\u00f6sningen f\u00f6r anpassad belysning med v\u00e5r 75mm runda LED interi\u00f6rdagbelysning. Utformad f\u00f6r att leverera en distinkt visuell effekt med sin unika r\u00f6d\/vita f\u00e4rgsynkning, \u00e4r denna lampa perfekt f\u00f6r alla som s\u00f6ker att uppgradera sitt fordon eller inredningsprojekt. Egenskaper: F\u00e4rgsynkad Belysning f\u00f6r en anpassad atmosf\u00e4r [&hellip;]\" \/>\n<meta property=\"og:url\" content=\"https:\/\/xenonkungen.com\/es\/producto\/lampara-interior-o75mmrojo-blanco\/\" \/>\n<meta property=\"og:site_name\" content=\"Xenonkungen\" \/>\n<meta property=\"article:modified_time\" content=\"2026-04-10T23:52:05+00:00\" \/>\n<meta property=\"og:image\" content=\"https:\/\/xenonkungen.com\/wp-content\/uploads\/2025\/04\/7524WR-800x800-1.jpg\" \/>\n\t<meta property=\"og:image:width\" content=\"800\" \/>\n\t<meta property=\"og:image:height\" content=\"800\" \/>\n\t<meta property=\"og:image:type\" content=\"image\/jpeg\" \/>\n<meta name=\"twitter:card\" content=\"summary_large_image\" \/>\n<meta name=\"twitter:label1\" content=\"Tiempo de lectura\" \/>\n\t<meta name=\"twitter:data1\" content=\"1 minuto\" \/>\n<script type=\"application\/ld+json\" class=\"yoast-schema-graph\">{\"@context\":\"https:\/\/schema.org\",\"@graph\":[{\"@type\":\"WebPage\",\"@id\":\"https:\/\/xenonkungen.com\/no\/produkt\/innvendig-lampe-o75mm-rod-hvit\/\",\"url\":\"https:\/\/xenonkungen.com\/no\/produkt\/innvendig-lampe-o75mm-rod-hvit\/\",\"name\":\"Interi\u00f6rlampa \u00d875mm|R\u00f6d\/Vit - Xenonkungen\",\"isPartOf\":{\"@id\":\"https:\/\/xenonkungen.com\/#website\"},\"primaryImageOfPage\":{\"@id\":\"https:\/\/xenonkungen.com\/no\/produkt\/innvendig-lampe-o75mm-rod-hvit\/#primaryimage\"},\"image\":{\"@id\":\"https:\/\/xenonkungen.com\/no\/produkt\/innvendig-lampe-o75mm-rod-hvit\/#primaryimage\"},\"thumbnailUrl\":\"https:\/\/xenonkungen.com\/wp-content\/uploads\/2025\/04\/7524WR-800x800-1.jpg\",\"datePublished\":\"2025-04-15T10:05:39+00:00\",\"dateModified\":\"2026-04-10T23:52:05+00:00\",\"breadcrumb\":{\"@id\":\"https:\/\/xenonkungen.com\/no\/produkt\/innvendig-lampe-o75mm-rod-hvit\/#breadcrumb\"},\"inLanguage\":\"es\",\"potentialAction\":[{\"@type\":\"ReadAction\",\"target\":[\"https:\/\/xenonkungen.com\/no\/produkt\/innvendig-lampe-o75mm-rod-hvit\/\"]}]},{\"@type\":\"ImageObject\",\"inLanguage\":\"es\",\"@id\":\"https:\/\/xenonkungen.com\/no\/produkt\/innvendig-lampe-o75mm-rod-hvit\/#primaryimage\",\"url\":\"https:\/\/xenonkungen.com\/wp-content\/uploads\/2025\/04\/7524WR-800x800-1.jpg\",\"contentUrl\":\"https:\/\/xenonkungen.com\/wp-content\/uploads\/2025\/04\/7524WR-800x800-1.jpg\",\"width\":800,\"height\":800},{\"@type\":\"BreadcrumbList\",\"@id\":\"https:\/\/xenonkungen.com\/no\/produkt\/innvendig-lampe-o75mm-rod-hvit\/#breadcrumb\",\"itemListElement\":[{\"@type\":\"ListItem\",\"position\":1,\"name\":\"Hem\",\"item\":\"https:\/\/xenonkungen.com\/\"},{\"@type\":\"ListItem\",\"position\":2,\"name\":\"Shop\",\"item\":\"https:\/\/xenonkungen.com\/shop\/\"},{\"@type\":\"ListItem\",\"position\":3,\"name\":\"Interi\u00f6rlampa \u00d875mm|R\u00f6d\/Vit\"}]},{\"@type\":\"WebSite\",\"@id\":\"https:\/\/xenonkungen.com\/#website\",\"url\":\"https:\/\/xenonkungen.com\/\",\"name\":\"Xenonkungen\",\"description\":\"\",\"potentialAction\":[{\"@type\":\"SearchAction\",\"target\":{\"@type\":\"EntryPoint\",\"urlTemplate\":\"https:\/\/xenonkungen.com\/?s={search_term_string}\"},\"query-input\":{\"@type\":\"PropertyValueSpecification\",\"valueRequired\":true,\"valueName\":\"search_term_string\"}}],\"inLanguage\":\"es\"}]}<\/script>\n<!-- \/ Yoast SEO plugin. -->","yoast_head_json":{"title":"L\u00e1mpara interior \u00d875mm|Rojo\/Blanco - Xenonkungen","robots":{"index":"index","follow":"follow","max-snippet":"max-snippet:-1","max-image-preview":"max-image-preview:large","max-video-preview":"max-video-preview:-1"},"canonical":"https:\/\/xenonkungen.com\/es\/producto\/lampara-interior-o75mmrojo-blanco\/","og_locale":"es_ES","og_type":"article","og_title":"Interi\u00f6rlampa \u00d875mm|R\u00f6d\/Vit - Xenonkungen","og_description":"75mm Rund LED Interi\u00f6r Dagbelysning &#8211; R\u00f6d\/Vit F\u00e4rgsynkning Uppt\u00e4ck den ultimata l\u00f6sningen f\u00f6r anpassad belysning med v\u00e5r 75mm runda LED interi\u00f6rdagbelysning. Utformad f\u00f6r att leverera en distinkt visuell effekt med sin unika r\u00f6d\/vita f\u00e4rgsynkning, \u00e4r denna lampa perfekt f\u00f6r alla som s\u00f6ker att uppgradera sitt fordon eller inredningsprojekt. Egenskaper: F\u00e4rgsynkad Belysning f\u00f6r en anpassad atmosf\u00e4r [&hellip;]","og_url":"https:\/\/xenonkungen.com\/es\/producto\/lampara-interior-o75mmrojo-blanco\/","og_site_name":"Xenonkungen","article_modified_time":"2026-04-10T23:52:05+00:00","og_image":[{"width":800,"height":800,"url":"https:\/\/xenonkungen.com\/wp-content\/uploads\/2025\/04\/7524WR-800x800-1.jpg","type":"image\/jpeg"}],"twitter_card":"summary_large_image","twitter_misc":{"Tiempo de lectura":"1 minuto"},"schema":{"@context":"https:\/\/schema.org","@graph":[{"@type":"WebPage","@id":"https:\/\/xenonkungen.com\/no\/produkt\/innvendig-lampe-o75mm-rod-hvit\/","url":"https:\/\/xenonkungen.com\/no\/produkt\/innvendig-lampe-o75mm-rod-hvit\/","name":"L\u00e1mpara interior \u00d875mm|Rojo\/Blanco - Xenonkungen","isPartOf":{"@id":"https:\/\/xenonkungen.com\/#website"},"primaryImageOfPage":{"@id":"https:\/\/xenonkungen.com\/no\/produkt\/innvendig-lampe-o75mm-rod-hvit\/#primaryimage"},"image":{"@id":"https:\/\/xenonkungen.com\/no\/produkt\/innvendig-lampe-o75mm-rod-hvit\/#primaryimage"},"thumbnailUrl":"https:\/\/xenonkungen.com\/wp-content\/uploads\/2025\/04\/7524WR-800x800-1.jpg","datePublished":"2025-04-15T10:05:39+00:00","dateModified":"2026-04-10T23:52:05+00:00","breadcrumb":{"@id":"https:\/\/xenonkungen.com\/no\/produkt\/innvendig-lampe-o75mm-rod-hvit\/#breadcrumb"},"inLanguage":"es","potentialAction":[{"@type":"ReadAction","target":["https:\/\/xenonkungen.com\/no\/produkt\/innvendig-lampe-o75mm-rod-hvit\/"]}]},{"@type":"ImageObject","inLanguage":"es","@id":"https:\/\/xenonkungen.com\/no\/produkt\/innvendig-lampe-o75mm-rod-hvit\/#primaryimage","url":"https:\/\/xenonkungen.com\/wp-content\/uploads\/2025\/04\/7524WR-800x800-1.jpg","contentUrl":"https:\/\/xenonkungen.com\/wp-content\/uploads\/2025\/04\/7524WR-800x800-1.jpg","width":800,"height":800},{"@type":"BreadcrumbList","@id":"https:\/\/xenonkungen.com\/no\/produkt\/innvendig-lampe-o75mm-rod-hvit\/#breadcrumb","itemListElement":[{"@type":"ListItem","position":1,"name":"Hem","item":"https:\/\/xenonkungen.com\/"},{"@type":"ListItem","position":2,"name":"Shop","item":"https:\/\/xenonkungen.com\/shop\/"},{"@type":"ListItem","position":3,"name":"Interi\u00f6rlampa \u00d875mm|R\u00f6d\/Vit"}]},{"@type":"WebSite","@id":"https:\/\/xenonkungen.com\/#website","url":"https:\/\/xenonkungen.com\/","name":"Xenonkungen","description":"","potentialAction":[{"@type":"SearchAction","target":{"@type":"EntryPoint","urlTemplate":"https:\/\/xenonkungen.com\/?s={search_term_string}"},"query-input":{"@type":"PropertyValueSpecification","valueRequired":true,"valueName":"search_term_string"}}],"inLanguage":"es"}]}},"taxonomy_info":{"anvandningsomrade":[{"value":166,"label":"Lastbil"},{"value":238,"label":"SL\u00c4P"},{"value":2816,"label":"TRAILER"}],"product_brand":[{"value":1252,"label":"LEA"}],"product_cat":[{"value":2586,"label":"Interi\u00f6rbelysning"}],"pa_fuktskydd-varde-ipxx":[{"value":333,"label":"IP67"}],"pa_storlek-mm":[{"value":2056,"label":"75x17"}],"pa_stromforbrukning":[{"value":2059,"label":"0,20A @13,8V"}],"pa_volt-v":[{"value":159,"label":"12"}]},"featured_image_src_large":["https:\/\/xenonkungen.com\/wp-content\/uploads\/2025\/04\/7524WR-800x800-1.jpg",800,800,false],"author_info":[],"comment_info":0,"_links":{"self":[{"href":"https:\/\/xenonkungen.com\/es\/wp-json\/wp\/v2\/product\/8315","targetHints":{"allow":["GET"]}}],"collection":[{"href":"https:\/\/xenonkungen.com\/es\/wp-json\/wp\/v2\/product"}],"about":[{"href":"https:\/\/xenonkungen.com\/es\/wp-json\/wp\/v2\/types\/product"}],"replies":[{"embeddable":true,"href":"https:\/\/xenonkungen.com\/es\/wp-json\/wp\/v2\/comments?post=8315"}],"wp:featuredmedia":[{"embeddable":true,"href":"https:\/\/xenonkungen.com\/es\/wp-json\/wp\/v2\/media\/8316"}],"wp:attachment":[{"href":"https:\/\/xenonkungen.com\/es\/wp-json\/wp\/v2\/media?parent=8315"}],"wp:term":[{"taxonomy":"anvandningsomrade","embeddable":true,"href":"https:\/\/xenonkungen.com\/es\/wp-json\/wp\/v2\/anvandningsomrade?post=8315"},{"taxonomy":"bilmarken","embeddable":true,"href":"https:\/\/xenonkungen.com\/es\/wp-json\/wp\/v2\/bilmarken?post=8315"},{"taxonomy":"product_brand","embeddable":true,"href":"https:\/\/xenonkungen.com\/es\/wp-json\/wp\/v2\/product_brand?post=8315"},{"taxonomy":"product_cat","embeddable":true,"href":"https:\/\/xenonkungen.com\/es\/wp-json\/wp\/v2\/product_cat?post=8315"},{"taxonomy":"product_tag","embeddable":true,"href":"https:\/\/xenonkungen.com\/es\/wp-json\/wp\/v2\/product_tag?post=8315"}],"curies":[{"name":"wp","href":"https:\/\/api.w.org\/{rel}","templated":true}]}}