{"id":8342,"date":"2025-04-15T10:05:47","date_gmt":"2025-04-15T10:05:47","guid":{"rendered":"https:\/\/xenonkungen.com\/product\/blinkerslampa-m77-lagprofil-22mm-2-pack\/"},"modified":"2026-04-11T00:52:29","modified_gmt":"2026-04-10T23:52:29","slug":"bombilla-intermitente-m77-perfil-retrasado-22-mm-paquete-de-2","status":"publish","type":"product","link":"https:\/\/xenonkungen.com\/es\/producto\/bombilla-intermitente-m77-perfil-retrasado-22-mm-paquete-de-2\/","title":{"rendered":"Intermitente M77 Perfil Bajo 22mm (2-Pack)"},"content":{"rendered":"<h1>L\u00e1mpara de se\u00f1al de giro de perfil bajo y sofisticada M77 con carcasa cromada<\/h1>\n<p>Esta sofisticada luz direccional M77 destaca por su perfil bajo de tan solo 22 mm y su elegante carcasa cromada, que le confiere un aspecto moderno y elegante. Su dise\u00f1o con indicaci\u00f3n direccional garantiza una visibilidad \u00f3ptima y una se\u00f1alizaci\u00f3n eficaz para otros usuarios de la v\u00eda. Gracias a su resistencia al agua y al polvo (IP67), esta luz es ideal para cualquier condici\u00f3n clim\u00e1tica y ofrece una soluci\u00f3n fiable para la iluminaci\u00f3n de veh\u00edculos. El montaje es sencillo y sencillo con la cinta 3M incluida, eliminando la necesidad de procesos de instalaci\u00f3n complejos.<\/p>\n<h2>Especificaciones<\/h2>\n<ul>\n<li>Dise\u00f1o: Perfil bajo (22 mm de altura) con indicaci\u00f3n direccional<\/li>\n<li>Material: Elegante carcasa cromada.<\/li>\n<li>Resistente al agua y al polvo: clasificaci\u00f3n IP67<\/li>\n<li>M\u00e9todo de montaje: F\u00e1cil instalaci\u00f3n con cinta 3M<\/li>\n<li>Ideal para usar en una variedad de veh\u00edculos.<\/li>\n<\/ul>\n<h2>Caracter\u00edsticas y ventajas<\/h2>\n<p>La luz direccional M77 combina un dise\u00f1o est\u00e9tico con un rendimiento t\u00e9cnico para ofrecer una soluci\u00f3n de iluminaci\u00f3n avanzada. Su perfil bajo y su carcasa cromada le otorgan al veh\u00edculo una sensaci\u00f3n de lujo, mientras que la indicaci\u00f3n direccional mejora la seguridad al indicar claramente las intenciones del veh\u00edculo a los dem\u00e1s usuarios de la v\u00eda. Su grado de protecci\u00f3n IP67 garantiza que la luz est\u00e9 completamente protegida contra la entrada de agua y polvo, lo que la hace apta para su uso en cualquier condici\u00f3n.<\/p>\n<ul>\n<li>Dise\u00f1o de perfil bajo para una se\u00f1alizaci\u00f3n discreta pero efectiva<\/li>\n<li>Carcasa cromada para una apariencia sofisticada y moderna.<\/li>\n<li>La clasificaci\u00f3n IP67 ofrece una protecci\u00f3n superior contra el agua y el polvo<\/li>\n<li>Instalaci\u00f3n f\u00e1cil y r\u00e1pida con cinta 3M incluida<\/li>\n<li>Perfecto para una amplia gama de veh\u00edculos, desde autom\u00f3viles de pasajeros hasta camiones pesados.<\/li>\n<\/ul>","protected":false},"excerpt":{"rendered":"<p>La luz indicadora \u00e1mbar M77 tiene un perfil bajo (22 mm) y es resistente al agua y al polvo seg\u00fan la norma IP67.<\/p>\n<p>5 a\u00f1os de garant\u00eda<\/p>","protected":false},"featured_media":8343,"comment_status":"closed","ping_status":"open","template":"","meta":{"_acf_changed":false,"_smort_price_nok":"684","_smort_price_dkk":"434","_smort_price_eur":"58.18","_smort_sale_price_nok":"","_smort_sale_price_dkk":"","_smort_sale_price_eur":"","smort_restorder":"","shipmondo_restorder":"","_kad_blocks_custom_css":"","_kad_blocks_head_custom_js":"","_kad_blocks_body_custom_js":"","_kad_blocks_footer_custom_js":"","smort_custom_pricelist_1":"358.4","smort_custom_pricelist_2":"358.4","smort_custom_pricelist_3":"340.48","smort_custom_pricelist_4":"512","smort_custom_pricelist_5":"358.4"},"anvandningsomrade":[166,238,2816],"bilmarken":[],"product_brand":[1252],"product_cat":[2478],"product_tag":[],"class_list":{"0":"post-8342","1":"product","2":"type-product","3":"status-publish","4":"has-post-thumbnail","6":"anvandningsomrade-lastbil","7":"anvandningsomrade-slap","8":"anvandningsomrade-trailer","9":"product_brand-lea","10":"product_cat-positionsljus-slap","11":"pa_fuktskydd-varde-ipxx-ip67","12":"pa_godkannande-ece-r6-cat-6","13":"pa_storlek-mm-52x77x22","14":"pa_stromforbrukning-007a-28v","15":"pa_stromforbrukning-012a-138v","16":"pa_volt-v-multivolt-9-12-16-18-24-28-30-32","18":"first","19":"instock","20":"taxable","21":"shipping-taxable","22":"purchasable","23":"product-type-simple"},"bundled_by":[],"bundle_stock_status":"instock","bundle_stock_quantity":9,"bundle_virtual":false,"bundle_layout":"","bundle_add_to_cart_form_location":"","bundle_editable_in_cart":false,"bundle_sold_individually_context":"","bundle_item_grouping":"","bundle_min_size":"","bundle_max_size":"","bundle_price":[],"bundled_items":[],"bundle_sell_ids":[],"acf":[],"yoast_head":"<!-- This site is optimized with the Yoast SEO plugin v27.0 - https:\/\/yoast.com\/product\/yoast-seo-wordpress\/ -->\n<title>Blinkerslampa M77 L\u00e5gprofil 22mm (2-Pack) - Xenonkungen<\/title>\n<meta name=\"robots\" content=\"index, follow, max-snippet:-1, max-image-preview:large, max-video-preview:-1\" \/>\n<link rel=\"canonical\" href=\"http:\/\/xenonkungen.com\/es\/producto\/bombilla-intermitente-m77-perfil-retrasado-22-mm-paquete-de-2\/\" \/>\n<meta property=\"og:locale\" content=\"es_ES\" \/>\n<meta property=\"og:type\" content=\"article\" \/>\n<meta property=\"og:title\" content=\"Blinkerslampa M77 L\u00e5gprofil 22mm (2-Pack) - Xenonkungen\" \/>\n<meta property=\"og:description\" content=\"Blinkerslampa M77 Amber har en l\u00e5g profil (22mm), vatten- och damm-t\u00e4t enligt IP67. 5 \u00e5rs garanti\" \/>\n<meta property=\"og:url\" content=\"http:\/\/xenonkungen.com\/es\/producto\/bombilla-intermitente-m77-perfil-retrasado-22-mm-paquete-de-2\/\" \/>\n<meta property=\"og:site_name\" content=\"Xenonkungen\" \/>\n<meta property=\"article:modified_time\" content=\"2026-04-10T23:52:29+00:00\" \/>\n<meta property=\"og:image\" content=\"https:\/\/xenonkungen.com\/wp-content\/uploads\/2025\/04\/177483321-origpic-bfd3f4.png\" \/>\n\t<meta property=\"og:image:width\" content=\"800\" \/>\n\t<meta property=\"og:image:height\" content=\"800\" \/>\n\t<meta property=\"og:image:type\" content=\"image\/png\" \/>\n<meta name=\"twitter:card\" content=\"summary_large_image\" \/>\n<meta name=\"twitter:label1\" content=\"Tiempo de lectura\" \/>\n\t<meta name=\"twitter:data1\" content=\"1 minuto\" \/>\n<script type=\"application\/ld+json\" class=\"yoast-schema-graph\">{\"@context\":\"https:\/\/schema.org\",\"@graph\":[{\"@type\":\"WebPage\",\"@id\":\"http:\/\/xenonkungen.com\/es\/producto\/bombilla-intermitente-m77-perfil-retrasado-22-mm-paquete-de-2\/\",\"url\":\"http:\/\/xenonkungen.com\/es\/producto\/bombilla-intermitente-m77-perfil-retrasado-22-mm-paquete-de-2\/\",\"name\":\"Blinkerslampa M77 L\u00e5gprofil 22mm (2-Pack) - Xenonkungen\",\"isPartOf\":{\"@id\":\"https:\/\/xenonkungen.com\/#website\"},\"primaryImageOfPage\":{\"@id\":\"http:\/\/xenonkungen.com\/es\/producto\/bombilla-intermitente-m77-perfil-retrasado-22-mm-paquete-de-2\/#primaryimage\"},\"image\":{\"@id\":\"http:\/\/xenonkungen.com\/es\/producto\/bombilla-intermitente-m77-perfil-retrasado-22-mm-paquete-de-2\/#primaryimage\"},\"thumbnailUrl\":\"https:\/\/xenonkungen.com\/wp-content\/uploads\/2025\/04\/177483321-origpic-bfd3f4.png\",\"datePublished\":\"2025-04-15T10:05:47+00:00\",\"dateModified\":\"2026-04-10T23:52:29+00:00\",\"breadcrumb\":{\"@id\":\"http:\/\/xenonkungen.com\/es\/producto\/bombilla-intermitente-m77-perfil-retrasado-22-mm-paquete-de-2\/#breadcrumb\"},\"inLanguage\":\"es\",\"potentialAction\":[{\"@type\":\"ReadAction\",\"target\":[\"http:\/\/xenonkungen.com\/es\/producto\/bombilla-intermitente-m77-perfil-retrasado-22-mm-paquete-de-2\/\"]}]},{\"@type\":\"ImageObject\",\"inLanguage\":\"es\",\"@id\":\"http:\/\/xenonkungen.com\/es\/producto\/bombilla-intermitente-m77-perfil-retrasado-22-mm-paquete-de-2\/#primaryimage\",\"url\":\"https:\/\/xenonkungen.com\/wp-content\/uploads\/2025\/04\/177483321-origpic-bfd3f4.png\",\"contentUrl\":\"https:\/\/xenonkungen.com\/wp-content\/uploads\/2025\/04\/177483321-origpic-bfd3f4.png\",\"width\":800,\"height\":800},{\"@type\":\"BreadcrumbList\",\"@id\":\"http:\/\/xenonkungen.com\/es\/producto\/bombilla-intermitente-m77-perfil-retrasado-22-mm-paquete-de-2\/#breadcrumb\",\"itemListElement\":[{\"@type\":\"ListItem\",\"position\":1,\"name\":\"Hem\",\"item\":\"https:\/\/xenonkungen.com\/\"},{\"@type\":\"ListItem\",\"position\":2,\"name\":\"Shop\",\"item\":\"https:\/\/xenonkungen.com\/shop\/\"},{\"@type\":\"ListItem\",\"position\":3,\"name\":\"Blinkerslampa M77 L\u00e5gprofil 22mm (2-Pack)\"}]},{\"@type\":\"WebSite\",\"@id\":\"https:\/\/xenonkungen.com\/#website\",\"url\":\"https:\/\/xenonkungen.com\/\",\"name\":\"Xenonkungen\",\"description\":\"\",\"potentialAction\":[{\"@type\":\"SearchAction\",\"target\":{\"@type\":\"EntryPoint\",\"urlTemplate\":\"https:\/\/xenonkungen.com\/?s={search_term_string}\"},\"query-input\":{\"@type\":\"PropertyValueSpecification\",\"valueRequired\":true,\"valueName\":\"search_term_string\"}}],\"inLanguage\":\"es\"}]}<\/script>\n<!-- \/ Yoast SEO plugin. -->","yoast_head_json":{"title":"Bombilla intermitente M77 de perfil bajo de 22 mm (paquete de 2) - El rey del xen\u00f3n","robots":{"index":"index","follow":"follow","max-snippet":"max-snippet:-1","max-image-preview":"max-image-preview:large","max-video-preview":"max-video-preview:-1"},"canonical":"http:\/\/xenonkungen.com\/es\/producto\/bombilla-intermitente-m77-perfil-retrasado-22-mm-paquete-de-2\/","og_locale":"es_ES","og_type":"article","og_title":"Blinkerslampa M77 L\u00e5gprofil 22mm (2-Pack) - Xenonkungen","og_description":"Blinkerslampa M77 Amber har en l\u00e5g profil (22mm), vatten- och damm-t\u00e4t enligt IP67. 5 \u00e5rs garanti","og_url":"http:\/\/xenonkungen.com\/es\/producto\/bombilla-intermitente-m77-perfil-retrasado-22-mm-paquete-de-2\/","og_site_name":"Xenonkungen","article_modified_time":"2026-04-10T23:52:29+00:00","og_image":[{"width":800,"height":800,"url":"https:\/\/xenonkungen.com\/wp-content\/uploads\/2025\/04\/177483321-origpic-bfd3f4.png","type":"image\/png"}],"twitter_card":"summary_large_image","twitter_misc":{"Tiempo de lectura":"1 minuto"},"schema":{"@context":"https:\/\/schema.org","@graph":[{"@type":"WebPage","@id":"http:\/\/xenonkungen.com\/es\/producto\/bombilla-intermitente-m77-perfil-retrasado-22-mm-paquete-de-2\/","url":"http:\/\/xenonkungen.com\/es\/producto\/bombilla-intermitente-m77-perfil-retrasado-22-mm-paquete-de-2\/","name":"Bombilla intermitente M77 de perfil bajo de 22 mm (paquete de 2) - El rey del xen\u00f3n","isPartOf":{"@id":"https:\/\/xenonkungen.com\/#website"},"primaryImageOfPage":{"@id":"http:\/\/xenonkungen.com\/es\/producto\/bombilla-intermitente-m77-perfil-retrasado-22-mm-paquete-de-2\/#primaryimage"},"image":{"@id":"http:\/\/xenonkungen.com\/es\/producto\/bombilla-intermitente-m77-perfil-retrasado-22-mm-paquete-de-2\/#primaryimage"},"thumbnailUrl":"https:\/\/xenonkungen.com\/wp-content\/uploads\/2025\/04\/177483321-origpic-bfd3f4.png","datePublished":"2025-04-15T10:05:47+00:00","dateModified":"2026-04-10T23:52:29+00:00","breadcrumb":{"@id":"http:\/\/xenonkungen.com\/es\/producto\/bombilla-intermitente-m77-perfil-retrasado-22-mm-paquete-de-2\/#breadcrumb"},"inLanguage":"es","potentialAction":[{"@type":"ReadAction","target":["http:\/\/xenonkungen.com\/es\/producto\/bombilla-intermitente-m77-perfil-retrasado-22-mm-paquete-de-2\/"]}]},{"@type":"ImageObject","inLanguage":"es","@id":"http:\/\/xenonkungen.com\/es\/producto\/bombilla-intermitente-m77-perfil-retrasado-22-mm-paquete-de-2\/#primaryimage","url":"https:\/\/xenonkungen.com\/wp-content\/uploads\/2025\/04\/177483321-origpic-bfd3f4.png","contentUrl":"https:\/\/xenonkungen.com\/wp-content\/uploads\/2025\/04\/177483321-origpic-bfd3f4.png","width":800,"height":800},{"@type":"BreadcrumbList","@id":"http:\/\/xenonkungen.com\/es\/producto\/bombilla-intermitente-m77-perfil-retrasado-22-mm-paquete-de-2\/#breadcrumb","itemListElement":[{"@type":"ListItem","position":1,"name":"Hem","item":"https:\/\/xenonkungen.com\/"},{"@type":"ListItem","position":2,"name":"Shop","item":"https:\/\/xenonkungen.com\/shop\/"},{"@type":"ListItem","position":3,"name":"Blinkerslampa M77 L\u00e5gprofil 22mm (2-Pack)"}]},{"@type":"WebSite","@id":"https:\/\/xenonkungen.com\/#website","url":"https:\/\/xenonkungen.com\/","name":"Xenonkungen","description":"","potentialAction":[{"@type":"SearchAction","target":{"@type":"EntryPoint","urlTemplate":"https:\/\/xenonkungen.com\/?s={search_term_string}"},"query-input":{"@type":"PropertyValueSpecification","valueRequired":true,"valueName":"search_term_string"}}],"inLanguage":"es"}]}},"taxonomy_info":{"anvandningsomrade":[{"value":166,"label":"Lastbil"},{"value":238,"label":"SL\u00c4P"},{"value":2816,"label":"TRAILER"}],"product_brand":[{"value":1252,"label":"LEA"}],"product_cat":[{"value":2478,"label":"Positionsljus"}],"pa_fuktskydd-varde-ipxx":[{"value":333,"label":"IP67"}],"pa_godkannande":[{"value":2062,"label":"ECE, R6 Cat.6"}],"pa_storlek-mm":[{"value":2061,"label":"52x77x22"}],"pa_stromforbrukning":[{"value":1876,"label":"0,07A @28V"},{"value":1875,"label":"0,12A @13,8V"}],"pa_volt-v":[{"value":521,"label":"Multivolt, 9, 12, 16, 18, 24, 28, 30, 32"}]},"featured_image_src_large":["https:\/\/xenonkungen.com\/wp-content\/uploads\/2025\/04\/177483321-origpic-bfd3f4.png",800,800,false],"author_info":[],"comment_info":0,"_links":{"self":[{"href":"https:\/\/xenonkungen.com\/es\/wp-json\/wp\/v2\/product\/8342","targetHints":{"allow":["GET"]}}],"collection":[{"href":"https:\/\/xenonkungen.com\/es\/wp-json\/wp\/v2\/product"}],"about":[{"href":"https:\/\/xenonkungen.com\/es\/wp-json\/wp\/v2\/types\/product"}],"replies":[{"embeddable":true,"href":"https:\/\/xenonkungen.com\/es\/wp-json\/wp\/v2\/comments?post=8342"}],"wp:featuredmedia":[{"embeddable":true,"href":"https:\/\/xenonkungen.com\/es\/wp-json\/wp\/v2\/media\/8343"}],"wp:attachment":[{"href":"https:\/\/xenonkungen.com\/es\/wp-json\/wp\/v2\/media?parent=8342"}],"wp:term":[{"taxonomy":"anvandningsomrade","embeddable":true,"href":"https:\/\/xenonkungen.com\/es\/wp-json\/wp\/v2\/anvandningsomrade?post=8342"},{"taxonomy":"bilmarken","embeddable":true,"href":"https:\/\/xenonkungen.com\/es\/wp-json\/wp\/v2\/bilmarken?post=8342"},{"taxonomy":"product_brand","embeddable":true,"href":"https:\/\/xenonkungen.com\/es\/wp-json\/wp\/v2\/product_brand?post=8342"},{"taxonomy":"product_cat","embeddable":true,"href":"https:\/\/xenonkungen.com\/es\/wp-json\/wp\/v2\/product_cat?post=8342"},{"taxonomy":"product_tag","embeddable":true,"href":"https:\/\/xenonkungen.com\/es\/wp-json\/wp\/v2\/product_tag?post=8342"}],"curies":[{"name":"wp","href":"https:\/\/api.w.org\/{rel}","templated":true}]}}