{"id":8356,"date":"2025-04-15T10:06:00","date_gmt":"2025-04-15T10:06:00","guid":{"rendered":"https:\/\/xenonkungen.com\/product\/markeringsljus-2-led-rod-12-24v-2-pack\/"},"modified":"2026-04-11T00:52:38","modified_gmt":"2026-04-10T23:52:38","slug":"luz-de-posicion-2-luces-led-de-varilla-12-v-24-v-paquete-de-2","status":"publish","type":"product","link":"https:\/\/xenonkungen.com\/es\/producto\/luz-de-posicion-2-luces-led-de-varilla-12-v-24-v-paquete-de-2\/","title":{"rendered":"Piloto de se\u00f1alizaci\u00f3n 2-LED ROJO 12\/24V (paquete de 2)"},"content":{"rendered":"<h1>Piloto de se\u00f1alizaci\u00f3n LED rojo de alta intensidad para veh\u00edculos comerciales<\/h1>\n<p>Esta potente luz de posici\u00f3n LED roja est\u00e1 equipada con dos LED de alta potencia para ofrecer un brillo y una visibilidad excepcionales. Ideal para su uso como una luz de marcador trasero en veh\u00edculos comerciales, camiones, furgonetas, remolques, y tambi\u00e9n para proyectos de aficionados, esta luz est\u00e1 dise\u00f1ada para mejorar la seguridad y la visibilidad de su veh\u00edculo en todas las condiciones.<\/p>\n<h2>Especificaciones<\/h2>\n<ul>\n<li>Fuente de luz: 2 LED de alta potencia para un brillo llamativo<\/li>\n<li>Uso: Ideal como luz de posici\u00f3n trasera para una amplia gama de veh\u00edculos<\/li>\n<li>Protecci\u00f3n: clasificaci\u00f3n IP67 que garantiza la resistencia a golpes y vibraciones y la sumergibilidad total.<\/li>\n<li>Construcci\u00f3n: dise\u00f1o robusto y duradero para un rendimiento duradero<\/li>\n<\/ul>\n<h2>Caracter\u00edsticas y ventajas<\/h2>\n<p>Dise\u00f1ada para satisfacer las demandas de veh\u00edculos comerciales y entusiastas, esta luz de se\u00f1alizaci\u00f3n LED roja ofrece una combinaci\u00f3n de rendimiento, durabilidad y est\u00e9tica. La avanzada tecnolog\u00eda LED garantiza que la luz sea brillante y visible incluso a largas distancias, mientras que la construcci\u00f3n con clasificaci\u00f3n IP67 ofrece una protecci\u00f3n fiable contra las condiciones meteorol\u00f3gicas m\u00e1s adversas. El sencillo proceso de instalaci\u00f3n hace que esta luz sea una opci\u00f3n pr\u00e1ctica tanto para usuarios profesionales como aficionados que buscan una soluci\u00f3n fiable para aumentar la seguridad y la est\u00e9tica de su veh\u00edculo.<\/p>\n<ul>\n<li>Brillo excepcional con dos LED de alta potencia<\/li>\n<li>Mayor seguridad y visibilidad para todo tipo de veh\u00edculos<\/li>\n<li>Clasificaci\u00f3n IP67 para una protecci\u00f3n \u00f3ptima contra el agua y el polvo<\/li>\n<li>F\u00e1cil instalaci\u00f3n en una gran variedad de veh\u00edculos, desde veh\u00edculos comerciales hasta proyectos de aficionados<\/li>\n<li>Uso duradero y fiable en todas las condiciones<\/li>\n<\/ul>","protected":false},"excerpt":{"rendered":"<p>Voltios: 12\/24V Multivoltios<br \/>\nProtecci\u00f3n contra la humedad: IP67<br \/>\nHomologaci\u00f3n: ECE R10, EMC<\/p>\n<p>Garant\u00eda: 5 a\u00f1os<\/p>","protected":false},"featured_media":8357,"comment_status":"closed","ping_status":"open","template":"","meta":{"_acf_changed":false,"_smort_price_nok":"287","_smort_price_dkk":"183","_smort_price_eur":"24.45","_smort_sale_price_nok":"","_smort_sale_price_dkk":"","_smort_sale_price_eur":"","smort_restorder":"","shipmondo_restorder":"","_kad_blocks_custom_css":"","_kad_blocks_head_custom_js":"","_kad_blocks_body_custom_js":"","_kad_blocks_footer_custom_js":"","smort_custom_pricelist_1":"172.16","smort_custom_pricelist_2":"150.64","smort_custom_pricelist_3":"139.88","smort_custom_pricelist_4":"215.2","smort_custom_pricelist_5":"150.64"},"anvandningsomrade":[166,238,2816],"bilmarken":[],"product_brand":[1252],"product_cat":[2478],"product_tag":[],"class_list":{"0":"post-8356","1":"product","2":"type-product","3":"status-publish","4":"has-post-thumbnail","6":"anvandningsomrade-lastbil","7":"anvandningsomrade-slap","8":"anvandningsomrade-trailer","9":"product_brand-lea","10":"product_cat-positionsljus-slap","11":"pa_fuktskydd-varde-ipxx-ip67","12":"pa_godkannande-ece-r10-emc","13":"pa_storlek-mm-79x22x18","14":"pa_stromforbrukning-004a-138v","15":"pa_stromforbrukning-004a-28v","16":"pa_volt-v-12-24","18":"first","19":"onbackorder","20":"taxable","21":"shipping-taxable","22":"purchasable","23":"product-type-simple"},"bundled_by":[],"bundle_stock_status":"onbackorder","bundle_stock_quantity":0,"bundle_virtual":false,"bundle_layout":"","bundle_add_to_cart_form_location":"","bundle_editable_in_cart":false,"bundle_sold_individually_context":"","bundle_item_grouping":"","bundle_min_size":"","bundle_max_size":"","bundle_price":[],"bundled_items":[],"bundle_sell_ids":[],"acf":[],"yoast_head":"<!-- This site is optimized with the Yoast SEO plugin v27.0 - https:\/\/yoast.com\/product\/yoast-seo-wordpress\/ -->\n<title>Markeringsljus 2-LED R\u00d6D 12\/24V (2-pack) - Xenonkungen<\/title>\n<meta name=\"robots\" content=\"index, follow, max-snippet:-1, max-image-preview:large, max-video-preview:-1\" \/>\n<link rel=\"canonical\" href=\"https:\/\/xenonkungen.com\/es\/producto\/luz-de-posicion-2-luces-led-de-varilla-12-v-24-v-paquete-de-2\/\" \/>\n<meta property=\"og:locale\" content=\"es_ES\" \/>\n<meta property=\"og:type\" content=\"article\" \/>\n<meta property=\"og:title\" content=\"Markeringsljus 2-LED R\u00d6D 12\/24V (2-pack) - Xenonkungen\" \/>\n<meta property=\"og:description\" content=\"Volt: 12\/24V Multivolt Fuktskydd: IP67 Godk\u00e4nnande: ECE R10, EMC Garanti: 5 \u00e5r\" \/>\n<meta property=\"og:url\" content=\"https:\/\/xenonkungen.com\/es\/producto\/luz-de-posicion-2-luces-led-de-varilla-12-v-24-v-paquete-de-2\/\" \/>\n<meta property=\"og:site_name\" content=\"Xenonkungen\" \/>\n<meta property=\"article:modified_time\" content=\"2026-04-10T23:52:38+00:00\" \/>\n<meta property=\"og:image\" content=\"https:\/\/xenonkungen.com\/wp-content\/uploads\/2025\/04\/177481439-origpic-e210af.jpg\" \/>\n\t<meta property=\"og:image:width\" content=\"800\" \/>\n\t<meta property=\"og:image:height\" content=\"800\" \/>\n\t<meta property=\"og:image:type\" content=\"image\/jpeg\" \/>\n<meta name=\"twitter:card\" content=\"summary_large_image\" \/>\n<meta name=\"twitter:label1\" content=\"Tiempo de lectura\" \/>\n\t<meta name=\"twitter:data1\" content=\"1 minuto\" \/>\n<script type=\"application\/ld+json\" class=\"yoast-schema-graph\">{\"@context\":\"https:\/\/schema.org\",\"@graph\":[{\"@type\":\"WebPage\",\"@id\":\"https:\/\/xenonkungen.com\/produkt\/markeringsljus-2-led-rod-12-24v-2-pack\/\",\"url\":\"https:\/\/xenonkungen.com\/produkt\/markeringsljus-2-led-rod-12-24v-2-pack\/\",\"name\":\"Markeringsljus 2-LED R\u00d6D 12\/24V (2-pack) - Xenonkungen\",\"isPartOf\":{\"@id\":\"https:\/\/xenonkungen.com\/#website\"},\"primaryImageOfPage\":{\"@id\":\"https:\/\/xenonkungen.com\/produkt\/markeringsljus-2-led-rod-12-24v-2-pack\/#primaryimage\"},\"image\":{\"@id\":\"https:\/\/xenonkungen.com\/produkt\/markeringsljus-2-led-rod-12-24v-2-pack\/#primaryimage\"},\"thumbnailUrl\":\"https:\/\/xenonkungen.com\/wp-content\/uploads\/2025\/04\/177481439-origpic-e210af.jpg\",\"datePublished\":\"2025-04-15T10:06:00+00:00\",\"dateModified\":\"2026-04-10T23:52:38+00:00\",\"breadcrumb\":{\"@id\":\"https:\/\/xenonkungen.com\/produkt\/markeringsljus-2-led-rod-12-24v-2-pack\/#breadcrumb\"},\"inLanguage\":\"es\",\"potentialAction\":[{\"@type\":\"ReadAction\",\"target\":[\"https:\/\/xenonkungen.com\/produkt\/markeringsljus-2-led-rod-12-24v-2-pack\/\"]}]},{\"@type\":\"ImageObject\",\"inLanguage\":\"es\",\"@id\":\"https:\/\/xenonkungen.com\/produkt\/markeringsljus-2-led-rod-12-24v-2-pack\/#primaryimage\",\"url\":\"https:\/\/xenonkungen.com\/wp-content\/uploads\/2025\/04\/177481439-origpic-e210af.jpg\",\"contentUrl\":\"https:\/\/xenonkungen.com\/wp-content\/uploads\/2025\/04\/177481439-origpic-e210af.jpg\",\"width\":800,\"height\":800},{\"@type\":\"BreadcrumbList\",\"@id\":\"https:\/\/xenonkungen.com\/produkt\/markeringsljus-2-led-rod-12-24v-2-pack\/#breadcrumb\",\"itemListElement\":[{\"@type\":\"ListItem\",\"position\":1,\"name\":\"Hem\",\"item\":\"https:\/\/xenonkungen.com\/\"},{\"@type\":\"ListItem\",\"position\":2,\"name\":\"Shop\",\"item\":\"https:\/\/xenonkungen.com\/shop\/\"},{\"@type\":\"ListItem\",\"position\":3,\"name\":\"Markeringsljus 2-LED R\u00d6D 12\/24V (2-pack)\"}]},{\"@type\":\"WebSite\",\"@id\":\"https:\/\/xenonkungen.com\/#website\",\"url\":\"https:\/\/xenonkungen.com\/\",\"name\":\"Xenonkungen\",\"description\":\"\",\"potentialAction\":[{\"@type\":\"SearchAction\",\"target\":{\"@type\":\"EntryPoint\",\"urlTemplate\":\"https:\/\/xenonkungen.com\/?s={search_term_string}\"},\"query-input\":{\"@type\":\"PropertyValueSpecification\",\"valueRequired\":true,\"valueName\":\"search_term_string\"}}],\"inLanguage\":\"es\"}]}<\/script>\n<!-- \/ Yoast SEO plugin. -->","yoast_head_json":{"title":"Luz de posici\u00f3n 2 LED ROJA 12\/24 V (paquete de 2) - Xenonkungen","robots":{"index":"index","follow":"follow","max-snippet":"max-snippet:-1","max-image-preview":"max-image-preview:large","max-video-preview":"max-video-preview:-1"},"canonical":"https:\/\/xenonkungen.com\/es\/producto\/luz-de-posicion-2-luces-led-de-varilla-12-v-24-v-paquete-de-2\/","og_locale":"es_ES","og_type":"article","og_title":"Markeringsljus 2-LED R\u00d6D 12\/24V (2-pack) - Xenonkungen","og_description":"Volt: 12\/24V Multivolt Fuktskydd: IP67 Godk\u00e4nnande: ECE R10, EMC Garanti: 5 \u00e5r","og_url":"https:\/\/xenonkungen.com\/es\/producto\/luz-de-posicion-2-luces-led-de-varilla-12-v-24-v-paquete-de-2\/","og_site_name":"Xenonkungen","article_modified_time":"2026-04-10T23:52:38+00:00","og_image":[{"width":800,"height":800,"url":"https:\/\/xenonkungen.com\/wp-content\/uploads\/2025\/04\/177481439-origpic-e210af.jpg","type":"image\/jpeg"}],"twitter_card":"summary_large_image","twitter_misc":{"Tiempo de lectura":"1 minuto"},"schema":{"@context":"https:\/\/schema.org","@graph":[{"@type":"WebPage","@id":"https:\/\/xenonkungen.com\/produkt\/markeringsljus-2-led-rod-12-24v-2-pack\/","url":"https:\/\/xenonkungen.com\/produkt\/markeringsljus-2-led-rod-12-24v-2-pack\/","name":"Luz de posici\u00f3n 2 LED ROJA 12\/24 V (paquete de 2) - Xenonkungen","isPartOf":{"@id":"https:\/\/xenonkungen.com\/#website"},"primaryImageOfPage":{"@id":"https:\/\/xenonkungen.com\/produkt\/markeringsljus-2-led-rod-12-24v-2-pack\/#primaryimage"},"image":{"@id":"https:\/\/xenonkungen.com\/produkt\/markeringsljus-2-led-rod-12-24v-2-pack\/#primaryimage"},"thumbnailUrl":"https:\/\/xenonkungen.com\/wp-content\/uploads\/2025\/04\/177481439-origpic-e210af.jpg","datePublished":"2025-04-15T10:06:00+00:00","dateModified":"2026-04-10T23:52:38+00:00","breadcrumb":{"@id":"https:\/\/xenonkungen.com\/produkt\/markeringsljus-2-led-rod-12-24v-2-pack\/#breadcrumb"},"inLanguage":"es","potentialAction":[{"@type":"ReadAction","target":["https:\/\/xenonkungen.com\/produkt\/markeringsljus-2-led-rod-12-24v-2-pack\/"]}]},{"@type":"ImageObject","inLanguage":"es","@id":"https:\/\/xenonkungen.com\/produkt\/markeringsljus-2-led-rod-12-24v-2-pack\/#primaryimage","url":"https:\/\/xenonkungen.com\/wp-content\/uploads\/2025\/04\/177481439-origpic-e210af.jpg","contentUrl":"https:\/\/xenonkungen.com\/wp-content\/uploads\/2025\/04\/177481439-origpic-e210af.jpg","width":800,"height":800},{"@type":"BreadcrumbList","@id":"https:\/\/xenonkungen.com\/produkt\/markeringsljus-2-led-rod-12-24v-2-pack\/#breadcrumb","itemListElement":[{"@type":"ListItem","position":1,"name":"Hem","item":"https:\/\/xenonkungen.com\/"},{"@type":"ListItem","position":2,"name":"Shop","item":"https:\/\/xenonkungen.com\/shop\/"},{"@type":"ListItem","position":3,"name":"Markeringsljus 2-LED R\u00d6D 12\/24V (2-pack)"}]},{"@type":"WebSite","@id":"https:\/\/xenonkungen.com\/#website","url":"https:\/\/xenonkungen.com\/","name":"Xenonkungen","description":"","potentialAction":[{"@type":"SearchAction","target":{"@type":"EntryPoint","urlTemplate":"https:\/\/xenonkungen.com\/?s={search_term_string}"},"query-input":{"@type":"PropertyValueSpecification","valueRequired":true,"valueName":"search_term_string"}}],"inLanguage":"es"}]}},"taxonomy_info":{"anvandningsomrade":[{"value":166,"label":"Lastbil"},{"value":238,"label":"SL\u00c4P"},{"value":2816,"label":"TRAILER"}],"product_brand":[{"value":1252,"label":"LEA"}],"product_cat":[{"value":2478,"label":"Positionsljus"}],"pa_fuktskydd-varde-ipxx":[{"value":333,"label":"IP67"}],"pa_godkannande":[{"value":1306,"label":"ECE R10 (EMC)"}],"pa_storlek-mm":[{"value":2063,"label":"79x22x18"}],"pa_stromforbrukning":[{"value":1871,"label":"0,04A @13,8V"},{"value":1872,"label":"0,04A @28V"}],"pa_volt-v":[{"value":348,"label":"12, 24"}]},"featured_image_src_large":["https:\/\/xenonkungen.com\/wp-content\/uploads\/2025\/04\/177481439-origpic-e210af.jpg",800,800,false],"author_info":[],"comment_info":0,"_links":{"self":[{"href":"https:\/\/xenonkungen.com\/es\/wp-json\/wp\/v2\/product\/8356","targetHints":{"allow":["GET"]}}],"collection":[{"href":"https:\/\/xenonkungen.com\/es\/wp-json\/wp\/v2\/product"}],"about":[{"href":"https:\/\/xenonkungen.com\/es\/wp-json\/wp\/v2\/types\/product"}],"replies":[{"embeddable":true,"href":"https:\/\/xenonkungen.com\/es\/wp-json\/wp\/v2\/comments?post=8356"}],"wp:featuredmedia":[{"embeddable":true,"href":"https:\/\/xenonkungen.com\/es\/wp-json\/wp\/v2\/media\/8357"}],"wp:attachment":[{"href":"https:\/\/xenonkungen.com\/es\/wp-json\/wp\/v2\/media?parent=8356"}],"wp:term":[{"taxonomy":"anvandningsomrade","embeddable":true,"href":"https:\/\/xenonkungen.com\/es\/wp-json\/wp\/v2\/anvandningsomrade?post=8356"},{"taxonomy":"bilmarken","embeddable":true,"href":"https:\/\/xenonkungen.com\/es\/wp-json\/wp\/v2\/bilmarken?post=8356"},{"taxonomy":"product_brand","embeddable":true,"href":"https:\/\/xenonkungen.com\/es\/wp-json\/wp\/v2\/product_brand?post=8356"},{"taxonomy":"product_cat","embeddable":true,"href":"https:\/\/xenonkungen.com\/es\/wp-json\/wp\/v2\/product_cat?post=8356"},{"taxonomy":"product_tag","embeddable":true,"href":"https:\/\/xenonkungen.com\/es\/wp-json\/wp\/v2\/product_tag?post=8356"}],"curies":[{"name":"wp","href":"https:\/\/api.w.org\/{rel}","templated":true}]}}