{"id":8367,"date":"2025-04-15T10:06:14","date_gmt":"2025-04-15T10:06:14","guid":{"rendered":"https:\/\/xenonkungen.com\/product\/lampsarg-80-serie-chrome\/"},"modified":"2026-04-11T00:53:17","modified_gmt":"2026-04-10T23:53:17","slug":"marco-de-lampara-serie-80-cromado","status":"publish","type":"product","link":"https:\/\/xenonkungen.com\/es\/producto\/marco-de-lampara-serie-80-cromado\/","title":{"rendered":"Pie de l\u00e1mpara serie 80 cromado"},"content":{"rendered":"<h1>Marco de l\u00e1mpara de acero cromado - Mejore su iluminaci\u00f3n con estilo y calidad<\/h1>\n<p>En su b\u00fasqueda por mejorar la iluminaci\u00f3n, considere la posibilidad de sustituir o actualizar su soluci\u00f3n de iluminaci\u00f3n actual con un <strong>Marco de la l\u00e1mpara en acero cromado<\/strong> de <strong>Serie cuadrada 80<\/strong>. Con un impresionante tama\u00f1o de <strong>100\u00d7100 mm<\/strong> esta pantalla es un gran reemplazo y actualizaci\u00f3n para su iluminaci\u00f3n existente.<\/p>\n<h2>F\u00e1cil sustituci\u00f3n y actualizaci\u00f3n:<\/h2>\n<p>Actualizar su iluminaci\u00f3n actual nunca ha sido tan f\u00e1cil. Con un marco de l\u00e1mpara de acero cromado, puede sustituir r\u00e1pida y f\u00e1cilmente su marco actual y conseguir un aspecto moderno y elegante. Las dimensiones de la <strong>100\u00d7100 mm<\/strong> facilita la personalizaci\u00f3n y se adapta perfectamente a su luminaria. Puede disfrutar de las ventajas de una soluci\u00f3n de iluminaci\u00f3n mejorada sin tener que realizar grandes obras de remodelaci\u00f3n.<\/p>\n<h2>Construcci\u00f3n de alta calidad:<\/h2>\n<p>La pantalla de acero cromado est\u00e1 fabricada con precisi\u00f3n y cumple normas de alta calidad. Est\u00e1 dise\u00f1ada para ser duradera y fiable, garantizando que su iluminaci\u00f3n funcione sin problemas durante mucho tiempo. El acero cromado, fuerte y robusto, tambi\u00e9n ofrece protecci\u00f3n contra la corrosi\u00f3n y el desgaste, por lo que es ideal para aplicaciones de interior y exterior.<\/p>\n<h2>Soluci\u00f3n todo en uno:<\/h2>\n<p>Con la pantalla de la serie 80 de Kvadrat en acero cromado, obtendr\u00e1 una soluci\u00f3n todo en uno para mejorar su iluminaci\u00f3n. Es f\u00e1cil de instalar y proporciona una base estable para sus fuentes de luz. Ya no tendr\u00e1 que preocuparse de complicados procesos de instalaci\u00f3n ni de costosas remodelaciones. Este marco de l\u00e1mpara le permite mejorar su iluminaci\u00f3n de forma r\u00e1pida y rentable y dar a su habitaci\u00f3n un toque de elegancia moderna.<\/p>\n<p>En resumen, la pantalla de acero cromado de la Serie 80 de Kvadrat es una excelente elecci\u00f3n para cualquiera que desee mejorar su iluminaci\u00f3n con estilo y calidad. Con su impresionante dise\u00f1o, f\u00e1cil instalaci\u00f3n y construcci\u00f3n duradera, ser\u00e1 una adici\u00f3n atractiva y fiable a su espacio. D\u00e9 a su iluminaci\u00f3n la mejora que se merece con una pantalla de acero cromado Kvadrat Serie 80.<\/p>","protected":false},"excerpt":{"rendered":"<p>Lampsarg i st\u00e5lkrom &#8211; F\u00f6rb\u00e4ttra Din Belysning Med Stil och Kvalitet I din str\u00e4van efter att f\u00f6rb\u00e4ttra din belysning, \u00f6verv\u00e4g att ers\u00e4tta eller uppgradera din nuvarande belysningsl\u00f6sning med en Lampsarg i st\u00e5lkrom fr\u00e5n Kvadrat serie 80. Med en imponerande storlek p\u00e5 100&#215;100 mm \u00e4r den h\u00e4r lampsargen en utm\u00e4rkt ers\u00e4ttning och uppgradering f\u00f6r din befintliga [&hellip;]<\/p>","protected":false},"featured_media":8368,"comment_status":"closed","ping_status":"open","template":"","meta":{"_acf_changed":false,"_smort_price_nok":"64","_smort_price_dkk":"41","_smort_price_eur":"5.45","_smort_sale_price_nok":"","_smort_sale_price_dkk":"","_smort_sale_price_eur":"","smort_restorder":"","shipmondo_restorder":"","_kad_blocks_custom_css":"","_kad_blocks_head_custom_js":"","_kad_blocks_body_custom_js":"","_kad_blocks_footer_custom_js":"","smort_custom_pricelist_1":"33.6","smort_custom_pricelist_2":"33.6","smort_custom_pricelist_3":"31.92","smort_custom_pricelist_4":"48","smort_custom_pricelist_5":"33.6"},"anvandningsomrade":[166,238,2816],"bilmarken":[],"product_brand":[1252],"product_cat":[2583],"product_tag":[],"class_list":{"0":"post-8367","1":"product","2":"type-product","3":"status-publish","4":"has-post-thumbnail","6":"anvandningsomrade-lastbil","7":"anvandningsomrade-slap","8":"anvandningsomrade-trailer","9":"product_brand-lea","10":"product_cat-lampsarg-slap","12":"first","13":"instock","14":"taxable","15":"shipping-taxable","16":"purchasable","17":"product-type-simple"},"bundled_by":[],"bundle_stock_status":"instock","bundle_stock_quantity":2,"bundle_virtual":false,"bundle_layout":"","bundle_add_to_cart_form_location":"","bundle_editable_in_cart":false,"bundle_sold_individually_context":"","bundle_item_grouping":"","bundle_min_size":"","bundle_max_size":"","bundle_price":[],"bundled_items":[],"bundle_sell_ids":[],"acf":[],"yoast_head":"<!-- This site is optimized with the Yoast SEO plugin v27.0 - https:\/\/yoast.com\/product\/yoast-seo-wordpress\/ -->\n<title>Lampsarg 80-serie Chrome - Xenonkungen<\/title>\n<meta name=\"robots\" content=\"index, follow, max-snippet:-1, max-image-preview:large, max-video-preview:-1\" \/>\n<link rel=\"canonical\" href=\"https:\/\/xenonkungen.com\/es\/producto\/marco-de-lampara-serie-80-cromado\/\" \/>\n<meta property=\"og:locale\" content=\"es_ES\" \/>\n<meta property=\"og:type\" content=\"article\" \/>\n<meta property=\"og:title\" content=\"Lampsarg 80-serie Chrome - Xenonkungen\" \/>\n<meta property=\"og:description\" content=\"Lampsarg i st\u00e5lkrom &#8211; F\u00f6rb\u00e4ttra Din Belysning Med Stil och Kvalitet I din str\u00e4van efter att f\u00f6rb\u00e4ttra din belysning, \u00f6verv\u00e4g att ers\u00e4tta eller uppgradera din nuvarande belysningsl\u00f6sning med en Lampsarg i st\u00e5lkrom fr\u00e5n Kvadrat serie 80. Med en imponerande storlek p\u00e5 100&#215;100 mm \u00e4r den h\u00e4r lampsargen en utm\u00e4rkt ers\u00e4ttning och uppgradering f\u00f6r din befintliga [&hellip;]\" \/>\n<meta property=\"og:url\" content=\"https:\/\/xenonkungen.com\/es\/producto\/marco-de-lampara-serie-80-cromado\/\" \/>\n<meta property=\"og:site_name\" content=\"Xenonkungen\" \/>\n<meta property=\"article:modified_time\" content=\"2026-04-10T23:53:17+00:00\" \/>\n<meta property=\"og:image\" content=\"https:\/\/xenonkungen.com\/wp-content\/uploads\/2025\/04\/7283083-origpic-76d4d2.jpg\" \/>\n\t<meta property=\"og:image:width\" content=\"600\" \/>\n\t<meta property=\"og:image:height\" content=\"600\" \/>\n\t<meta property=\"og:image:type\" content=\"image\/jpeg\" \/>\n<meta name=\"twitter:card\" content=\"summary_large_image\" \/>\n<meta name=\"twitter:label1\" content=\"Tiempo de lectura\" \/>\n\t<meta name=\"twitter:data1\" content=\"2 minutos\" \/>\n<script type=\"application\/ld+json\" class=\"yoast-schema-graph\">{\"@context\":\"https:\/\/schema.org\",\"@graph\":[{\"@type\":\"WebPage\",\"@id\":\"https:\/\/xenonkungen.com\/dk\/vare\/lampsarg-80-serie-chrome\/\",\"url\":\"https:\/\/xenonkungen.com\/dk\/vare\/lampsarg-80-serie-chrome\/\",\"name\":\"Lampsarg 80-serie Chrome - Xenonkungen\",\"isPartOf\":{\"@id\":\"https:\/\/xenonkungen.com\/#website\"},\"primaryImageOfPage\":{\"@id\":\"https:\/\/xenonkungen.com\/dk\/vare\/lampsarg-80-serie-chrome\/#primaryimage\"},\"image\":{\"@id\":\"https:\/\/xenonkungen.com\/dk\/vare\/lampsarg-80-serie-chrome\/#primaryimage\"},\"thumbnailUrl\":\"https:\/\/xenonkungen.com\/wp-content\/uploads\/2025\/04\/7283083-origpic-76d4d2.jpg\",\"datePublished\":\"2025-04-15T10:06:14+00:00\",\"dateModified\":\"2026-04-10T23:53:17+00:00\",\"breadcrumb\":{\"@id\":\"https:\/\/xenonkungen.com\/dk\/vare\/lampsarg-80-serie-chrome\/#breadcrumb\"},\"inLanguage\":\"es\",\"potentialAction\":[{\"@type\":\"ReadAction\",\"target\":[\"https:\/\/xenonkungen.com\/dk\/vare\/lampsarg-80-serie-chrome\/\"]}]},{\"@type\":\"ImageObject\",\"inLanguage\":\"es\",\"@id\":\"https:\/\/xenonkungen.com\/dk\/vare\/lampsarg-80-serie-chrome\/#primaryimage\",\"url\":\"https:\/\/xenonkungen.com\/wp-content\/uploads\/2025\/04\/7283083-origpic-76d4d2.jpg\",\"contentUrl\":\"https:\/\/xenonkungen.com\/wp-content\/uploads\/2025\/04\/7283083-origpic-76d4d2.jpg\",\"width\":600,\"height\":600},{\"@type\":\"BreadcrumbList\",\"@id\":\"https:\/\/xenonkungen.com\/dk\/vare\/lampsarg-80-serie-chrome\/#breadcrumb\",\"itemListElement\":[{\"@type\":\"ListItem\",\"position\":1,\"name\":\"Hem\",\"item\":\"https:\/\/xenonkungen.com\/\"},{\"@type\":\"ListItem\",\"position\":2,\"name\":\"Shop\",\"item\":\"https:\/\/xenonkungen.com\/shop\/\"},{\"@type\":\"ListItem\",\"position\":3,\"name\":\"Lampsarg 80-serie Chrome\"}]},{\"@type\":\"WebSite\",\"@id\":\"https:\/\/xenonkungen.com\/#website\",\"url\":\"https:\/\/xenonkungen.com\/\",\"name\":\"Xenonkungen\",\"description\":\"\",\"potentialAction\":[{\"@type\":\"SearchAction\",\"target\":{\"@type\":\"EntryPoint\",\"urlTemplate\":\"https:\/\/xenonkungen.com\/?s={search_term_string}\"},\"query-input\":{\"@type\":\"PropertyValueSpecification\",\"valueRequired\":true,\"valueName\":\"search_term_string\"}}],\"inLanguage\":\"es\"}]}<\/script>\n<!-- \/ Yoast SEO plugin. -->","yoast_head_json":{"title":"Lampsarg Serie 80 Cromo - El rey del xen\u00f3n","robots":{"index":"index","follow":"follow","max-snippet":"max-snippet:-1","max-image-preview":"max-image-preview:large","max-video-preview":"max-video-preview:-1"},"canonical":"https:\/\/xenonkungen.com\/es\/producto\/marco-de-lampara-serie-80-cromado\/","og_locale":"es_ES","og_type":"article","og_title":"Lampsarg 80-serie Chrome - Xenonkungen","og_description":"Lampsarg i st\u00e5lkrom &#8211; F\u00f6rb\u00e4ttra Din Belysning Med Stil och Kvalitet I din str\u00e4van efter att f\u00f6rb\u00e4ttra din belysning, \u00f6verv\u00e4g att ers\u00e4tta eller uppgradera din nuvarande belysningsl\u00f6sning med en Lampsarg i st\u00e5lkrom fr\u00e5n Kvadrat serie 80. Med en imponerande storlek p\u00e5 100&#215;100 mm \u00e4r den h\u00e4r lampsargen en utm\u00e4rkt ers\u00e4ttning och uppgradering f\u00f6r din befintliga [&hellip;]","og_url":"https:\/\/xenonkungen.com\/es\/producto\/marco-de-lampara-serie-80-cromado\/","og_site_name":"Xenonkungen","article_modified_time":"2026-04-10T23:53:17+00:00","og_image":[{"width":600,"height":600,"url":"https:\/\/xenonkungen.com\/wp-content\/uploads\/2025\/04\/7283083-origpic-76d4d2.jpg","type":"image\/jpeg"}],"twitter_card":"summary_large_image","twitter_misc":{"Tiempo de lectura":"2 minutos"},"schema":{"@context":"https:\/\/schema.org","@graph":[{"@type":"WebPage","@id":"https:\/\/xenonkungen.com\/dk\/vare\/lampsarg-80-serie-chrome\/","url":"https:\/\/xenonkungen.com\/dk\/vare\/lampsarg-80-serie-chrome\/","name":"Lampsarg Serie 80 Cromo - El rey del xen\u00f3n","isPartOf":{"@id":"https:\/\/xenonkungen.com\/#website"},"primaryImageOfPage":{"@id":"https:\/\/xenonkungen.com\/dk\/vare\/lampsarg-80-serie-chrome\/#primaryimage"},"image":{"@id":"https:\/\/xenonkungen.com\/dk\/vare\/lampsarg-80-serie-chrome\/#primaryimage"},"thumbnailUrl":"https:\/\/xenonkungen.com\/wp-content\/uploads\/2025\/04\/7283083-origpic-76d4d2.jpg","datePublished":"2025-04-15T10:06:14+00:00","dateModified":"2026-04-10T23:53:17+00:00","breadcrumb":{"@id":"https:\/\/xenonkungen.com\/dk\/vare\/lampsarg-80-serie-chrome\/#breadcrumb"},"inLanguage":"es","potentialAction":[{"@type":"ReadAction","target":["https:\/\/xenonkungen.com\/dk\/vare\/lampsarg-80-serie-chrome\/"]}]},{"@type":"ImageObject","inLanguage":"es","@id":"https:\/\/xenonkungen.com\/dk\/vare\/lampsarg-80-serie-chrome\/#primaryimage","url":"https:\/\/xenonkungen.com\/wp-content\/uploads\/2025\/04\/7283083-origpic-76d4d2.jpg","contentUrl":"https:\/\/xenonkungen.com\/wp-content\/uploads\/2025\/04\/7283083-origpic-76d4d2.jpg","width":600,"height":600},{"@type":"BreadcrumbList","@id":"https:\/\/xenonkungen.com\/dk\/vare\/lampsarg-80-serie-chrome\/#breadcrumb","itemListElement":[{"@type":"ListItem","position":1,"name":"Hem","item":"https:\/\/xenonkungen.com\/"},{"@type":"ListItem","position":2,"name":"Shop","item":"https:\/\/xenonkungen.com\/shop\/"},{"@type":"ListItem","position":3,"name":"Lampsarg 80-serie Chrome"}]},{"@type":"WebSite","@id":"https:\/\/xenonkungen.com\/#website","url":"https:\/\/xenonkungen.com\/","name":"Xenonkungen","description":"","potentialAction":[{"@type":"SearchAction","target":{"@type":"EntryPoint","urlTemplate":"https:\/\/xenonkungen.com\/?s={search_term_string}"},"query-input":{"@type":"PropertyValueSpecification","valueRequired":true,"valueName":"search_term_string"}}],"inLanguage":"es"}]}},"taxonomy_info":{"anvandningsomrade":[{"value":166,"label":"Lastbil"},{"value":238,"label":"SL\u00c4P"},{"value":2816,"label":"TRAILER"}],"product_brand":[{"value":1252,"label":"LEA"}],"product_cat":[{"value":2583,"label":"Lampsarg"}]},"featured_image_src_large":["https:\/\/xenonkungen.com\/wp-content\/uploads\/2025\/04\/7283083-origpic-76d4d2.jpg",600,600,false],"author_info":[],"comment_info":0,"_links":{"self":[{"href":"https:\/\/xenonkungen.com\/es\/wp-json\/wp\/v2\/product\/8367","targetHints":{"allow":["GET"]}}],"collection":[{"href":"https:\/\/xenonkungen.com\/es\/wp-json\/wp\/v2\/product"}],"about":[{"href":"https:\/\/xenonkungen.com\/es\/wp-json\/wp\/v2\/types\/product"}],"replies":[{"embeddable":true,"href":"https:\/\/xenonkungen.com\/es\/wp-json\/wp\/v2\/comments?post=8367"}],"wp:featuredmedia":[{"embeddable":true,"href":"https:\/\/xenonkungen.com\/es\/wp-json\/wp\/v2\/media\/8368"}],"wp:attachment":[{"href":"https:\/\/xenonkungen.com\/es\/wp-json\/wp\/v2\/media?parent=8367"}],"wp:term":[{"taxonomy":"anvandningsomrade","embeddable":true,"href":"https:\/\/xenonkungen.com\/es\/wp-json\/wp\/v2\/anvandningsomrade?post=8367"},{"taxonomy":"bilmarken","embeddable":true,"href":"https:\/\/xenonkungen.com\/es\/wp-json\/wp\/v2\/bilmarken?post=8367"},{"taxonomy":"product_brand","embeddable":true,"href":"https:\/\/xenonkungen.com\/es\/wp-json\/wp\/v2\/product_brand?post=8367"},{"taxonomy":"product_cat","embeddable":true,"href":"https:\/\/xenonkungen.com\/es\/wp-json\/wp\/v2\/product_cat?post=8367"},{"taxonomy":"product_tag","embeddable":true,"href":"https:\/\/xenonkungen.com\/es\/wp-json\/wp\/v2\/product_tag?post=8367"}],"curies":[{"name":"wp","href":"https:\/\/api.w.org\/{rel}","templated":true}]}}