{"id":8460,"date":"2025-04-15T10:06:49","date_gmt":"2025-04-15T10:06:49","guid":{"rendered":"https:\/\/xenonkungen.com\/product\/dimljuslampa-80fme\/"},"modified":"2026-04-11T00:54:50","modified_gmt":"2026-04-10T23:54:50","slug":"bombilla-de-luz-antiniebla-80fme","status":"publish","type":"product","link":"https:\/\/xenonkungen.com\/es\/producto\/bombilla-de-luz-antiniebla-80fme\/","title":{"rendered":"Bombilla de faro antiniebla 80FME"},"content":{"rendered":"<h1>Bombilla antiniebla con marco negro de 100 x 100 mm: iluminaci\u00f3n potente y elegante para veh\u00edculos.<\/h1>\n<h2>Dise\u00f1o y estilo<\/h2>\n<p>La bombilla antiniebla con marco negro de 100 x 100 mm es m\u00e1s que una simple fuente de luz: realza la est\u00e9tica de su veh\u00edculo. Su forma cuadrada y su elegante marco negro le confieren una est\u00e9tica moderna y sofisticada que har\u00e1 que su coche sea el centro de atenci\u00f3n. El marco negro crea un agradable contraste con el haz de luz n\u00edtido que genera la luz antiniebla. Tanto de d\u00eda como de noche, esta bombilla le dar\u00e1 a su veh\u00edculo un aspecto exclusivo.<\/p>\n<h2>F\u00e1cil instalaci\u00f3n<\/h2>\n<p>Esta luz est\u00e1 dise\u00f1ada para ser f\u00e1cil de usar. Est\u00e1 dise\u00f1ada para montaje en superficie, lo que significa que se puede montar f\u00e1cilmente en la superficie de su veh\u00edculo. Esto es especialmente pr\u00e1ctico si dispone de espacio limitado o prefiere una instalaci\u00f3n sencilla. El cable de conexi\u00f3n de 40 cm de la luz facilita la instalaci\u00f3n.<\/p>\n<h2>Superioridad t\u00e9cnica<\/h2>\n<p>Una de las caracter\u00edsticas m\u00e1s impresionantes de esta luz antiniebla es su electr\u00f3nica a prueba de fugas. Esto significa que todos los componentes internos est\u00e1n protegidos de las influencias externas, como la humedad y el agua. Independientemente de las condiciones clim\u00e1ticas que encuentre al conducir, puede estar seguro de que su luz antiniebla seguir\u00e1 funcionando de forma fiable.<\/p>\n<h2>Vers\u00e1til y energ\u00e9ticamente eficiente<\/h2>\n<p>Gracias a su funci\u00f3n Multivolt, esta l\u00e1mpara funciona con sistemas de alimentaci\u00f3n de 12 V y 24 V CC, lo que la hace compatible con una amplia gama de veh\u00edculos y aplicaciones. Tanto si conduce un coche, un cami\u00f3n o un veh\u00edculo utilitario, esta l\u00e1mpara le proporcionar\u00e1 la iluminaci\u00f3n que necesita. Con un voltaje de 13,8 V, el consumo de corriente es de tan solo 0,42 A, lo que significa que la l\u00e1mpara ofrece un rendimiento excepcional sin sobrecargar la bater\u00eda del veh\u00edculo.<\/p>\n<h2>Garant\u00eda larga<\/h2>\n<p>El fabricante conf\u00eda tanto en la calidad y durabilidad del producto que ofrece una generosa garant\u00eda de 5 a\u00f1os. Esto le da la tranquilidad de saber que cualquier problema que surja durante este periodo ser\u00e1 tratado con profesionalismo.<\/p>\n<p>En resumen, el faro antiniebla con marco negro de 100 x 100 mm es la opci\u00f3n perfecta para combinar funcionalidad y estilo en la iluminaci\u00f3n de su veh\u00edculo. Con su dise\u00f1o moderno, superioridad t\u00e9cnica y versatilidad, aumentar\u00e1 su seguridad vial y mejorar\u00e1 la apariencia de su veh\u00edculo. Adem\u00e1s, gracias a su amplia garant\u00eda, puede estar seguro de que ser\u00e1 una inversi\u00f3n confiable para su veh\u00edculo durante muchos a\u00f1os.<\/p>","protected":false},"excerpt":{"rendered":"<p>Dimljuslampan med svart sarg 100x100mm &#8211; Kraftfull och Snygg Fordonsbelysning Design och Stil Dimljuslampan med svart sarg 100x100mm \u00e4r mer \u00e4n bara en ljusk\u00e4lla &#8211; den \u00e4r en visuell f\u00f6rb\u00e4ttring f\u00f6r ditt fordon. Dess kvadratiska form och eleganta svarta ram ger den en modern och sofistikerad estetik som kommer att s\u00e4tta din bil i centrum. [&hellip;]<\/p>","protected":false},"featured_media":8461,"comment_status":"closed","ping_status":"open","template":"","meta":{"_acf_changed":false,"_smort_price_nok":"491","_smort_price_dkk":"312","_smort_price_eur":"41.82","_smort_sale_price_nok":"","_smort_sale_price_dkk":"","_smort_sale_price_eur":"","smort_restorder":"","shipmondo_restorder":"","_kad_blocks_custom_css":"","_kad_blocks_head_custom_js":"","_kad_blocks_body_custom_js":"","_kad_blocks_footer_custom_js":"","smort_custom_pricelist_1":"257.6","smort_custom_pricelist_2":"257.6","smort_custom_pricelist_3":"244.72","smort_custom_pricelist_4":"368","smort_custom_pricelist_5":"257.6"},"anvandningsomrade":[166,238,2816],"bilmarken":[],"product_brand":[1252],"product_cat":[2584],"product_tag":[],"class_list":{"0":"post-8460","1":"product","2":"type-product","3":"status-publish","4":"has-post-thumbnail","6":"anvandningsomrade-lastbil","7":"anvandningsomrade-slap","8":"anvandningsomrade-trailer","9":"product_brand-lea","10":"product_cat-dimljus-slap","11":"pa_fuktskydd-varde-ipxx-ip67","12":"pa_godkannande-ece-emc","13":"pa_storlek-mm-100x100x28","14":"pa_stromforbrukning-021a-28v","15":"pa_stromforbrukning-042a-138v","16":"pa_volt-v-12-24","18":"first","19":"onbackorder","20":"taxable","21":"shipping-taxable","22":"purchasable","23":"product-type-simple"},"bundled_by":[],"bundle_stock_status":"onbackorder","bundle_stock_quantity":0,"bundle_virtual":false,"bundle_layout":"","bundle_add_to_cart_form_location":"","bundle_editable_in_cart":false,"bundle_sold_individually_context":"","bundle_item_grouping":"","bundle_min_size":"","bundle_max_size":"","bundle_price":[],"bundled_items":[],"bundle_sell_ids":[],"acf":[],"yoast_head":"<!-- This site is optimized with the Yoast SEO plugin v27.0 - https:\/\/yoast.com\/product\/yoast-seo-wordpress\/ -->\n<title>Dimljuslampa 80FME - Xenonkungen<\/title>\n<meta name=\"robots\" content=\"index, follow, max-snippet:-1, max-image-preview:large, max-video-preview:-1\" \/>\n<link rel=\"canonical\" href=\"https:\/\/xenonkungen.com\/es\/producto\/bombilla-de-luz-antiniebla-80fme\/\" \/>\n<meta property=\"og:locale\" content=\"es_ES\" \/>\n<meta property=\"og:type\" content=\"article\" \/>\n<meta property=\"og:title\" content=\"Dimljuslampa 80FME - Xenonkungen\" \/>\n<meta property=\"og:description\" content=\"Dimljuslampan med svart sarg 100x100mm &#8211; Kraftfull och Snygg Fordonsbelysning Design och Stil Dimljuslampan med svart sarg 100x100mm \u00e4r mer \u00e4n bara en ljusk\u00e4lla &#8211; den \u00e4r en visuell f\u00f6rb\u00e4ttring f\u00f6r ditt fordon. Dess kvadratiska form och eleganta svarta ram ger den en modern och sofistikerad estetik som kommer att s\u00e4tta din bil i centrum. [&hellip;]\" \/>\n<meta property=\"og:url\" content=\"https:\/\/xenonkungen.com\/es\/producto\/bombilla-de-luz-antiniebla-80fme\/\" \/>\n<meta property=\"og:site_name\" content=\"Xenonkungen\" \/>\n<meta property=\"article:modified_time\" content=\"2026-04-10T23:54:50+00:00\" \/>\n<meta property=\"og:image\" content=\"https:\/\/xenonkungen.com\/wp-content\/uploads\/2025\/04\/80FM-800x800-1.jpg\" \/>\n\t<meta property=\"og:image:width\" content=\"800\" \/>\n\t<meta property=\"og:image:height\" content=\"800\" \/>\n\t<meta property=\"og:image:type\" content=\"image\/jpeg\" \/>\n<meta name=\"twitter:card\" content=\"summary_large_image\" \/>\n<meta name=\"twitter:label1\" content=\"Tiempo de lectura\" \/>\n\t<meta name=\"twitter:data1\" content=\"2 minutos\" \/>\n<script type=\"application\/ld+json\" class=\"yoast-schema-graph\">{\"@context\":\"https:\/\/schema.org\",\"@graph\":[{\"@type\":\"WebPage\",\"@id\":\"https:\/\/xenonkungen.com\/produkt\/dimljuslampa-80fme\/\",\"url\":\"https:\/\/xenonkungen.com\/produkt\/dimljuslampa-80fme\/\",\"name\":\"Dimljuslampa 80FME - Xenonkungen\",\"isPartOf\":{\"@id\":\"https:\/\/xenonkungen.com\/#website\"},\"primaryImageOfPage\":{\"@id\":\"https:\/\/xenonkungen.com\/produkt\/dimljuslampa-80fme\/#primaryimage\"},\"image\":{\"@id\":\"https:\/\/xenonkungen.com\/produkt\/dimljuslampa-80fme\/#primaryimage\"},\"thumbnailUrl\":\"https:\/\/xenonkungen.com\/wp-content\/uploads\/2025\/04\/80FM-800x800-1.jpg\",\"datePublished\":\"2025-04-15T10:06:49+00:00\",\"dateModified\":\"2026-04-10T23:54:50+00:00\",\"breadcrumb\":{\"@id\":\"https:\/\/xenonkungen.com\/produkt\/dimljuslampa-80fme\/#breadcrumb\"},\"inLanguage\":\"es\",\"potentialAction\":[{\"@type\":\"ReadAction\",\"target\":[\"https:\/\/xenonkungen.com\/produkt\/dimljuslampa-80fme\/\"]}]},{\"@type\":\"ImageObject\",\"inLanguage\":\"es\",\"@id\":\"https:\/\/xenonkungen.com\/produkt\/dimljuslampa-80fme\/#primaryimage\",\"url\":\"https:\/\/xenonkungen.com\/wp-content\/uploads\/2025\/04\/80FM-800x800-1.jpg\",\"contentUrl\":\"https:\/\/xenonkungen.com\/wp-content\/uploads\/2025\/04\/80FM-800x800-1.jpg\",\"width\":800,\"height\":800},{\"@type\":\"BreadcrumbList\",\"@id\":\"https:\/\/xenonkungen.com\/produkt\/dimljuslampa-80fme\/#breadcrumb\",\"itemListElement\":[{\"@type\":\"ListItem\",\"position\":1,\"name\":\"Hem\",\"item\":\"https:\/\/xenonkungen.com\/\"},{\"@type\":\"ListItem\",\"position\":2,\"name\":\"Shop\",\"item\":\"https:\/\/xenonkungen.com\/shop\/\"},{\"@type\":\"ListItem\",\"position\":3,\"name\":\"Dimljuslampa 80FME\"}]},{\"@type\":\"WebSite\",\"@id\":\"https:\/\/xenonkungen.com\/#website\",\"url\":\"https:\/\/xenonkungen.com\/\",\"name\":\"Xenonkungen\",\"description\":\"\",\"potentialAction\":[{\"@type\":\"SearchAction\",\"target\":{\"@type\":\"EntryPoint\",\"urlTemplate\":\"https:\/\/xenonkungen.com\/?s={search_term_string}\"},\"query-input\":{\"@type\":\"PropertyValueSpecification\",\"valueRequired\":true,\"valueName\":\"search_term_string\"}}],\"inLanguage\":\"es\"}]}<\/script>\n<!-- \/ Yoast SEO plugin. -->","yoast_head_json":{"title":"Bombilla antiniebla 80FME - Xen\u00f3n","robots":{"index":"index","follow":"follow","max-snippet":"max-snippet:-1","max-image-preview":"max-image-preview:large","max-video-preview":"max-video-preview:-1"},"canonical":"https:\/\/xenonkungen.com\/es\/producto\/bombilla-de-luz-antiniebla-80fme\/","og_locale":"es_ES","og_type":"article","og_title":"Dimljuslampa 80FME - Xenonkungen","og_description":"Dimljuslampan med svart sarg 100x100mm &#8211; Kraftfull och Snygg Fordonsbelysning Design och Stil Dimljuslampan med svart sarg 100x100mm \u00e4r mer \u00e4n bara en ljusk\u00e4lla &#8211; den \u00e4r en visuell f\u00f6rb\u00e4ttring f\u00f6r ditt fordon. Dess kvadratiska form och eleganta svarta ram ger den en modern och sofistikerad estetik som kommer att s\u00e4tta din bil i centrum. [&hellip;]","og_url":"https:\/\/xenonkungen.com\/es\/producto\/bombilla-de-luz-antiniebla-80fme\/","og_site_name":"Xenonkungen","article_modified_time":"2026-04-10T23:54:50+00:00","og_image":[{"width":800,"height":800,"url":"https:\/\/xenonkungen.com\/wp-content\/uploads\/2025\/04\/80FM-800x800-1.jpg","type":"image\/jpeg"}],"twitter_card":"summary_large_image","twitter_misc":{"Tiempo de lectura":"2 minutos"},"schema":{"@context":"https:\/\/schema.org","@graph":[{"@type":"WebPage","@id":"https:\/\/xenonkungen.com\/produkt\/dimljuslampa-80fme\/","url":"https:\/\/xenonkungen.com\/produkt\/dimljuslampa-80fme\/","name":"Bombilla antiniebla 80FME - Xen\u00f3n","isPartOf":{"@id":"https:\/\/xenonkungen.com\/#website"},"primaryImageOfPage":{"@id":"https:\/\/xenonkungen.com\/produkt\/dimljuslampa-80fme\/#primaryimage"},"image":{"@id":"https:\/\/xenonkungen.com\/produkt\/dimljuslampa-80fme\/#primaryimage"},"thumbnailUrl":"https:\/\/xenonkungen.com\/wp-content\/uploads\/2025\/04\/80FM-800x800-1.jpg","datePublished":"2025-04-15T10:06:49+00:00","dateModified":"2026-04-10T23:54:50+00:00","breadcrumb":{"@id":"https:\/\/xenonkungen.com\/produkt\/dimljuslampa-80fme\/#breadcrumb"},"inLanguage":"es","potentialAction":[{"@type":"ReadAction","target":["https:\/\/xenonkungen.com\/produkt\/dimljuslampa-80fme\/"]}]},{"@type":"ImageObject","inLanguage":"es","@id":"https:\/\/xenonkungen.com\/produkt\/dimljuslampa-80fme\/#primaryimage","url":"https:\/\/xenonkungen.com\/wp-content\/uploads\/2025\/04\/80FM-800x800-1.jpg","contentUrl":"https:\/\/xenonkungen.com\/wp-content\/uploads\/2025\/04\/80FM-800x800-1.jpg","width":800,"height":800},{"@type":"BreadcrumbList","@id":"https:\/\/xenonkungen.com\/produkt\/dimljuslampa-80fme\/#breadcrumb","itemListElement":[{"@type":"ListItem","position":1,"name":"Hem","item":"https:\/\/xenonkungen.com\/"},{"@type":"ListItem","position":2,"name":"Shop","item":"https:\/\/xenonkungen.com\/shop\/"},{"@type":"ListItem","position":3,"name":"Dimljuslampa 80FME"}]},{"@type":"WebSite","@id":"https:\/\/xenonkungen.com\/#website","url":"https:\/\/xenonkungen.com\/","name":"Xenonkungen","description":"","potentialAction":[{"@type":"SearchAction","target":{"@type":"EntryPoint","urlTemplate":"https:\/\/xenonkungen.com\/?s={search_term_string}"},"query-input":{"@type":"PropertyValueSpecification","valueRequired":true,"valueName":"search_term_string"}}],"inLanguage":"es"}]}},"taxonomy_info":{"anvandningsomrade":[{"value":166,"label":"Lastbil"},{"value":238,"label":"SL\u00c4P"},{"value":2816,"label":"TRAILER"}],"product_brand":[{"value":1252,"label":"LEA"}],"product_cat":[{"value":2584,"label":"Dimljus"}],"pa_fuktskydd-varde-ipxx":[{"value":333,"label":"IP67"}],"pa_godkannande":[{"value":1262,"label":"ECE, EMC"}],"pa_storlek-mm":[{"value":2070,"label":"100x100x28"}],"pa_stromforbrukning":[{"value":2073,"label":"0,21A @28V"},{"value":2072,"label":"0,42A @13,8V"}],"pa_volt-v":[{"value":348,"label":"12, 24"}]},"featured_image_src_large":["https:\/\/xenonkungen.com\/wp-content\/uploads\/2025\/04\/80FM-800x800-1.jpg",800,800,false],"author_info":[],"comment_info":0,"_links":{"self":[{"href":"https:\/\/xenonkungen.com\/es\/wp-json\/wp\/v2\/product\/8460","targetHints":{"allow":["GET"]}}],"collection":[{"href":"https:\/\/xenonkungen.com\/es\/wp-json\/wp\/v2\/product"}],"about":[{"href":"https:\/\/xenonkungen.com\/es\/wp-json\/wp\/v2\/types\/product"}],"replies":[{"embeddable":true,"href":"https:\/\/xenonkungen.com\/es\/wp-json\/wp\/v2\/comments?post=8460"}],"wp:featuredmedia":[{"embeddable":true,"href":"https:\/\/xenonkungen.com\/es\/wp-json\/wp\/v2\/media\/8461"}],"wp:attachment":[{"href":"https:\/\/xenonkungen.com\/es\/wp-json\/wp\/v2\/media?parent=8460"}],"wp:term":[{"taxonomy":"anvandningsomrade","embeddable":true,"href":"https:\/\/xenonkungen.com\/es\/wp-json\/wp\/v2\/anvandningsomrade?post=8460"},{"taxonomy":"bilmarken","embeddable":true,"href":"https:\/\/xenonkungen.com\/es\/wp-json\/wp\/v2\/bilmarken?post=8460"},{"taxonomy":"product_brand","embeddable":true,"href":"https:\/\/xenonkungen.com\/es\/wp-json\/wp\/v2\/product_brand?post=8460"},{"taxonomy":"product_cat","embeddable":true,"href":"https:\/\/xenonkungen.com\/es\/wp-json\/wp\/v2\/product_cat?post=8460"},{"taxonomy":"product_tag","embeddable":true,"href":"https:\/\/xenonkungen.com\/es\/wp-json\/wp\/v2\/product_tag?post=8460"}],"curies":[{"name":"wp","href":"https:\/\/api.w.org\/{rel}","templated":true}]}}