{"id":8491,"date":"2025-04-15T10:07:05","date_gmt":"2025-04-15T10:07:05","guid":{"rendered":"https:\/\/xenonkungen.com\/product\/baklampa-kombi-81stim-12-24v-81x81mm\/"},"modified":"2026-04-11T00:55:19","modified_gmt":"2026-04-10T23:55:19","slug":"luz-trasera-combinada-81stim-12-24v-81x81mm","status":"publish","type":"product","link":"https:\/\/xenonkungen.com\/es\/producto\/luz-trasera-combinada-81stim-12-24v-81x81mm\/","title":{"rendered":"Piloto trasero 81STIM - 12\/24V (81x81mm)"},"content":{"rendered":"<h1>Piloto combinado LED: su mejor compa\u00f1ero en la carretera<\/h1>\n<p>Bienvenido al futuro de la iluminaci\u00f3n del autom\u00f3vil. Nuestra luz LED combinada, en su elegante formato compacto, es un cambio de juego para todas sus necesidades de iluminaci\u00f3n. No s\u00f3lo es incre\u00edblemente eficiente en energ\u00eda, sino que tambi\u00e9n est\u00e1 construida para resistir la prueba del tiempo.<\/p>\n<h2>Dise\u00f1o robusto para cualquier situaci\u00f3n<\/h2>\n<p>\u00bfCamina por terrenos accidentados o conduce en condiciones meteorol\u00f3gicas dif\u00edciles? No se preocupe. La carcasa de nuestra linterna no s\u00f3lo est\u00e1 sellada para evitar la entrada de agua, sino que tambi\u00e9n es resistente a los golpes. No importa d\u00f3nde te lleve tu aventura, puedes contar con esta l\u00e1mpara para iluminar tu camino.<\/p>\n<h2>Funci\u00f3n vers\u00e1til<\/h2>\n<p>Con tres funciones de luz integradas (luz trasera, luz de freno e intermitente), es todo lo que necesita para un viaje seguro. Tanto si conduces por la ciudad como si haces un largo viaje por carretera, estas funciones te garantizar\u00e1n visibilidad y seguridad.<\/p>\n<h2>La eficiencia energ\u00e9tica por encima de todo<\/h2>\n<p>Con una tensi\u00f3n de funcionamiento de 12\/24 V y un consumo de corriente sorprendentemente bajo a 13,8 V -0,01 A para las luces traseras, 0,22 A para las luces de freno y 0,19 A para los intermitentes-, se trata de una luz que no s\u00f3lo ahorra bater\u00eda, sino tambi\u00e9n protege el medio ambiente. Su veh\u00edculo consumir\u00e1 menos corriente, lo que se traducir\u00e1 en una mayor duraci\u00f3n de la bater\u00eda y menos emisiones.<\/p>\n<h2>Dimensiones y ajuste<\/h2>\n<p>Las dimensiones de esta l\u00e1mpara, 81x81x20mm, garantizan que no s\u00f3lo sea compacta, sino tambi\u00e9n f\u00e1cil de instalar en casi cualquier tipo de veh\u00edculo.<\/p>\n<h2>Invertir en calidad<\/h2>\n<p>Creemos firmemente en la calidad de nuestros productos, y por eso ofrecemos una incre\u00edble garant\u00eda de 5 a\u00f1os en esta luz LED combinada. Conduzca con confianza, sabiendo que respaldamos nuestro producto.<\/p>\n<p><strong>En un mundo en el que la seguridad y la sostenibilidad van de la mano, nuestra luz LED combinada es su mejor compa\u00f1era en la carretera. No espere m\u00e1s, \u00a1actualice su iluminaci\u00f3n hoy mismo!<\/strong><\/p>","protected":false},"excerpt":{"rendered":"<p>Luz de marcha atr\u00e1s Kombi 81STIM con LED de 12\/24 voltios.<\/p>","protected":false},"featured_media":8492,"comment_status":"closed","ping_status":"open","template":"","meta":{"_acf_changed":false,"_smort_price_nok":"299","_smort_price_dkk":"190","_smort_price_eur":"25.45","_smort_sale_price_nok":"","_smort_sale_price_dkk":"","_smort_sale_price_eur":"","smort_restorder":"","shipmondo_restorder":"","_kad_blocks_custom_css":"","_kad_blocks_head_custom_js":"","_kad_blocks_body_custom_js":"","_kad_blocks_footer_custom_js":"","smort_custom_pricelist_1":"156.8","smort_custom_pricelist_2":"156.8","smort_custom_pricelist_3":"148.96","smort_custom_pricelist_4":"224","smort_custom_pricelist_5":"156.8"},"anvandningsomrade":[166,238,2816],"bilmarken":[],"product_brand":[1252],"product_cat":[2552],"product_tag":[],"class_list":{"0":"post-8491","1":"product","2":"type-product","3":"status-publish","4":"has-post-thumbnail","6":"anvandningsomrade-lastbil","7":"anvandningsomrade-slap","8":"anvandningsomrade-trailer","9":"product_brand-lea","10":"product_cat-bakljus-slap","11":"pa_fuktskydd-varde-ipxx-ip67","12":"pa_godkannande-ece-r10-r6-r7","13":"pa_storlek-mm-81x81x20","14":"pa_volt-v-12-24","16":"first","17":"instock","18":"taxable","19":"shipping-taxable","20":"purchasable","21":"product-type-simple"},"bundled_by":[],"bundle_stock_status":"instock","bundle_stock_quantity":1,"bundle_virtual":false,"bundle_layout":"","bundle_add_to_cart_form_location":"","bundle_editable_in_cart":false,"bundle_sold_individually_context":"","bundle_item_grouping":"","bundle_min_size":"","bundle_max_size":"","bundle_price":[],"bundled_items":[],"bundle_sell_ids":[],"acf":[],"yoast_head":"<!-- This site is optimized with the Yoast SEO plugin v27.0 - https:\/\/yoast.com\/product\/yoast-seo-wordpress\/ -->\n<title>Baklampa Kombi 81STIM - 12\/24V (81x81mm) - Xenonkungen<\/title>\n<meta name=\"robots\" content=\"index, follow, max-snippet:-1, max-image-preview:large, max-video-preview:-1\" \/>\n<link rel=\"canonical\" href=\"https:\/\/xenonkungen.com\/es\/producto\/luz-trasera-combinada-81stim-12-24v-81x81mm\/\" \/>\n<meta property=\"og:locale\" content=\"es_ES\" \/>\n<meta property=\"og:type\" content=\"article\" \/>\n<meta property=\"og:title\" content=\"Baklampa Kombi 81STIM - 12\/24V (81x81mm) - Xenonkungen\" \/>\n<meta property=\"og:description\" content=\"Baklampa Kombi 81STIM med 12\/24 volt i LED.\" \/>\n<meta property=\"og:url\" content=\"https:\/\/xenonkungen.com\/es\/producto\/luz-trasera-combinada-81stim-12-24v-81x81mm\/\" \/>\n<meta property=\"og:site_name\" content=\"Xenonkungen\" \/>\n<meta property=\"article:modified_time\" content=\"2026-04-10T23:55:19+00:00\" \/>\n<meta property=\"og:image\" content=\"https:\/\/xenonkungen.com\/wp-content\/uploads\/2025\/04\/81STIM-800x800-1-1.jpg\" \/>\n\t<meta property=\"og:image:width\" content=\"800\" \/>\n\t<meta property=\"og:image:height\" content=\"800\" \/>\n\t<meta property=\"og:image:type\" content=\"image\/jpeg\" \/>\n<meta name=\"twitter:card\" content=\"summary_large_image\" \/>\n<meta name=\"twitter:label1\" content=\"Tiempo de lectura\" \/>\n\t<meta name=\"twitter:data1\" content=\"2 minutos\" \/>\n<script type=\"application\/ld+json\" class=\"yoast-schema-graph\">{\"@context\":\"https:\/\/schema.org\",\"@graph\":[{\"@type\":\"WebPage\",\"@id\":\"https:\/\/xenonkungen.com\/no\/produkt\/baklyskombinasjon-81stim-12-24v-81x81mm\/\",\"url\":\"https:\/\/xenonkungen.com\/no\/produkt\/baklyskombinasjon-81stim-12-24v-81x81mm\/\",\"name\":\"Baklampa Kombi 81STIM - 12\/24V (81x81mm) - Xenonkungen\",\"isPartOf\":{\"@id\":\"https:\/\/xenonkungen.com\/#website\"},\"primaryImageOfPage\":{\"@id\":\"https:\/\/xenonkungen.com\/no\/produkt\/baklyskombinasjon-81stim-12-24v-81x81mm\/#primaryimage\"},\"image\":{\"@id\":\"https:\/\/xenonkungen.com\/no\/produkt\/baklyskombinasjon-81stim-12-24v-81x81mm\/#primaryimage\"},\"thumbnailUrl\":\"https:\/\/xenonkungen.com\/wp-content\/uploads\/2025\/04\/81STIM-800x800-1-1.jpg\",\"datePublished\":\"2025-04-15T10:07:05+00:00\",\"dateModified\":\"2026-04-10T23:55:19+00:00\",\"breadcrumb\":{\"@id\":\"https:\/\/xenonkungen.com\/no\/produkt\/baklyskombinasjon-81stim-12-24v-81x81mm\/#breadcrumb\"},\"inLanguage\":\"es\",\"potentialAction\":[{\"@type\":\"ReadAction\",\"target\":[\"https:\/\/xenonkungen.com\/no\/produkt\/baklyskombinasjon-81stim-12-24v-81x81mm\/\"]}]},{\"@type\":\"ImageObject\",\"inLanguage\":\"es\",\"@id\":\"https:\/\/xenonkungen.com\/no\/produkt\/baklyskombinasjon-81stim-12-24v-81x81mm\/#primaryimage\",\"url\":\"https:\/\/xenonkungen.com\/wp-content\/uploads\/2025\/04\/81STIM-800x800-1-1.jpg\",\"contentUrl\":\"https:\/\/xenonkungen.com\/wp-content\/uploads\/2025\/04\/81STIM-800x800-1-1.jpg\",\"width\":800,\"height\":800},{\"@type\":\"BreadcrumbList\",\"@id\":\"https:\/\/xenonkungen.com\/no\/produkt\/baklyskombinasjon-81stim-12-24v-81x81mm\/#breadcrumb\",\"itemListElement\":[{\"@type\":\"ListItem\",\"position\":1,\"name\":\"Hem\",\"item\":\"https:\/\/xenonkungen.com\/\"},{\"@type\":\"ListItem\",\"position\":2,\"name\":\"Shop\",\"item\":\"https:\/\/xenonkungen.com\/shop\/\"},{\"@type\":\"ListItem\",\"position\":3,\"name\":\"Baklampa Kombi 81STIM &#8211; 12\/24V (81x81mm)\"}]},{\"@type\":\"WebSite\",\"@id\":\"https:\/\/xenonkungen.com\/#website\",\"url\":\"https:\/\/xenonkungen.com\/\",\"name\":\"Xenonkungen\",\"description\":\"\",\"potentialAction\":[{\"@type\":\"SearchAction\",\"target\":{\"@type\":\"EntryPoint\",\"urlTemplate\":\"https:\/\/xenonkungen.com\/?s={search_term_string}\"},\"query-input\":{\"@type\":\"PropertyValueSpecification\",\"valueRequired\":true,\"valueName\":\"search_term_string\"}}],\"inLanguage\":\"es\"}]}<\/script>\n<!-- \/ Yoast SEO plugin. -->","yoast_head_json":{"title":"Luz trasera Combi 81STIM - 12\/24V (81x81mm) - El Rey del Xen\u00f3n","robots":{"index":"index","follow":"follow","max-snippet":"max-snippet:-1","max-image-preview":"max-image-preview:large","max-video-preview":"max-video-preview:-1"},"canonical":"https:\/\/xenonkungen.com\/es\/producto\/luz-trasera-combinada-81stim-12-24v-81x81mm\/","og_locale":"es_ES","og_type":"article","og_title":"Baklampa Kombi 81STIM - 12\/24V (81x81mm) - Xenonkungen","og_description":"Baklampa Kombi 81STIM med 12\/24 volt i LED.","og_url":"https:\/\/xenonkungen.com\/es\/producto\/luz-trasera-combinada-81stim-12-24v-81x81mm\/","og_site_name":"Xenonkungen","article_modified_time":"2026-04-10T23:55:19+00:00","og_image":[{"width":800,"height":800,"url":"https:\/\/xenonkungen.com\/wp-content\/uploads\/2025\/04\/81STIM-800x800-1-1.jpg","type":"image\/jpeg"}],"twitter_card":"summary_large_image","twitter_misc":{"Tiempo de lectura":"2 minutos"},"schema":{"@context":"https:\/\/schema.org","@graph":[{"@type":"WebPage","@id":"https:\/\/xenonkungen.com\/no\/produkt\/baklyskombinasjon-81stim-12-24v-81x81mm\/","url":"https:\/\/xenonkungen.com\/no\/produkt\/baklyskombinasjon-81stim-12-24v-81x81mm\/","name":"Luz trasera Combi 81STIM - 12\/24V (81x81mm) - El Rey del Xen\u00f3n","isPartOf":{"@id":"https:\/\/xenonkungen.com\/#website"},"primaryImageOfPage":{"@id":"https:\/\/xenonkungen.com\/no\/produkt\/baklyskombinasjon-81stim-12-24v-81x81mm\/#primaryimage"},"image":{"@id":"https:\/\/xenonkungen.com\/no\/produkt\/baklyskombinasjon-81stim-12-24v-81x81mm\/#primaryimage"},"thumbnailUrl":"https:\/\/xenonkungen.com\/wp-content\/uploads\/2025\/04\/81STIM-800x800-1-1.jpg","datePublished":"2025-04-15T10:07:05+00:00","dateModified":"2026-04-10T23:55:19+00:00","breadcrumb":{"@id":"https:\/\/xenonkungen.com\/no\/produkt\/baklyskombinasjon-81stim-12-24v-81x81mm\/#breadcrumb"},"inLanguage":"es","potentialAction":[{"@type":"ReadAction","target":["https:\/\/xenonkungen.com\/no\/produkt\/baklyskombinasjon-81stim-12-24v-81x81mm\/"]}]},{"@type":"ImageObject","inLanguage":"es","@id":"https:\/\/xenonkungen.com\/no\/produkt\/baklyskombinasjon-81stim-12-24v-81x81mm\/#primaryimage","url":"https:\/\/xenonkungen.com\/wp-content\/uploads\/2025\/04\/81STIM-800x800-1-1.jpg","contentUrl":"https:\/\/xenonkungen.com\/wp-content\/uploads\/2025\/04\/81STIM-800x800-1-1.jpg","width":800,"height":800},{"@type":"BreadcrumbList","@id":"https:\/\/xenonkungen.com\/no\/produkt\/baklyskombinasjon-81stim-12-24v-81x81mm\/#breadcrumb","itemListElement":[{"@type":"ListItem","position":1,"name":"Hem","item":"https:\/\/xenonkungen.com\/"},{"@type":"ListItem","position":2,"name":"Shop","item":"https:\/\/xenonkungen.com\/shop\/"},{"@type":"ListItem","position":3,"name":"Baklampa Kombi 81STIM &#8211; 12\/24V (81x81mm)"}]},{"@type":"WebSite","@id":"https:\/\/xenonkungen.com\/#website","url":"https:\/\/xenonkungen.com\/","name":"Xenonkungen","description":"","potentialAction":[{"@type":"SearchAction","target":{"@type":"EntryPoint","urlTemplate":"https:\/\/xenonkungen.com\/?s={search_term_string}"},"query-input":{"@type":"PropertyValueSpecification","valueRequired":true,"valueName":"search_term_string"}}],"inLanguage":"es"}]}},"taxonomy_info":{"anvandningsomrade":[{"value":166,"label":"Lastbil"},{"value":238,"label":"SL\u00c4P"},{"value":2816,"label":"TRAILER"}],"product_brand":[{"value":1252,"label":"LEA"}],"product_cat":[{"value":2552,"label":"Bakljus"}],"pa_fuktskydd-varde-ipxx":[{"value":333,"label":"IP67"}],"pa_godkannande":[{"value":2084,"label":"ECE, R10, R6, R7"}],"pa_storlek-mm":[{"value":2075,"label":"81x81x20"}],"pa_volt-v":[{"value":348,"label":"12, 24"}]},"featured_image_src_large":["https:\/\/xenonkungen.com\/wp-content\/uploads\/2025\/04\/81STIM-800x800-1-1.jpg",800,800,false],"author_info":[],"comment_info":0,"_links":{"self":[{"href":"https:\/\/xenonkungen.com\/es\/wp-json\/wp\/v2\/product\/8491","targetHints":{"allow":["GET"]}}],"collection":[{"href":"https:\/\/xenonkungen.com\/es\/wp-json\/wp\/v2\/product"}],"about":[{"href":"https:\/\/xenonkungen.com\/es\/wp-json\/wp\/v2\/types\/product"}],"replies":[{"embeddable":true,"href":"https:\/\/xenonkungen.com\/es\/wp-json\/wp\/v2\/comments?post=8491"}],"wp:featuredmedia":[{"embeddable":true,"href":"https:\/\/xenonkungen.com\/es\/wp-json\/wp\/v2\/media\/8492"}],"wp:attachment":[{"href":"https:\/\/xenonkungen.com\/es\/wp-json\/wp\/v2\/media?parent=8491"}],"wp:term":[{"taxonomy":"anvandningsomrade","embeddable":true,"href":"https:\/\/xenonkungen.com\/es\/wp-json\/wp\/v2\/anvandningsomrade?post=8491"},{"taxonomy":"bilmarken","embeddable":true,"href":"https:\/\/xenonkungen.com\/es\/wp-json\/wp\/v2\/bilmarken?post=8491"},{"taxonomy":"product_brand","embeddable":true,"href":"https:\/\/xenonkungen.com\/es\/wp-json\/wp\/v2\/product_brand?post=8491"},{"taxonomy":"product_cat","embeddable":true,"href":"https:\/\/xenonkungen.com\/es\/wp-json\/wp\/v2\/product_cat?post=8491"},{"taxonomy":"product_tag","embeddable":true,"href":"https:\/\/xenonkungen.com\/es\/wp-json\/wp\/v2\/product_tag?post=8491"}],"curies":[{"name":"wp","href":"https:\/\/api.w.org\/{rel}","templated":true}]}}