{"id":8542,"date":"2025-04-15T10:07:35","date_gmt":"2025-04-15T10:07:35","guid":{"rendered":"https:\/\/xenonkungen.com\/product\/dimljuslampa-95mm-rod\/"},"modified":"2026-04-24T17:20:28","modified_gmt":"2026-04-24T16:20:28","slug":"bombilla-antiniebla-roja-de-95-mm","status":"publish","type":"product","link":"https:\/\/xenonkungen.com\/es\/producto\/bombilla-antiniebla-roja-de-95-mm\/","title":{"rendered":"Bombilla de faro antiniebla de 95 mm | Roja"},"content":{"rendered":"<h1>Mayor seguridad con funci\u00f3n de luz antiniebla 95FM Rojo<\/h1>\n<p>La funci\u00f3n de luz antiniebla trasera LED es fundamental para tu seguridad en condiciones clim\u00e1ticas adversas. Su capacidad para proporcionar una iluminaci\u00f3n amplia y uniforme en niebla, lluvia o nieve la convierte en una pieza indispensable del sistema de iluminaci\u00f3n de tu veh\u00edculo.<\/p>\n<h2>Ventajas de esta funci\u00f3n:<\/h2>\n<ul>\n<li><strong>Visibilidad mejorada:<\/strong> Proporciona una potente dispersi\u00f3n de la luz que penetra la niebla, aumentando su visibilidad.<\/li>\n<li><strong>Reflejos minimizados:<\/strong> Dise\u00f1adas especialmente para minimizar el deslumbramiento y ofrecer una visi\u00f3n m\u00e1s clara de la carretera.<\/li>\n<li><strong>Mayor seguridad:<\/strong> Mejora tu seguridad al hacerte m\u00e1s visible para otros conductores y facilitar la navegaci\u00f3n en condiciones clim\u00e1ticas dif\u00edciles.<\/li>\n<li><strong>Uso vers\u00e1til:<\/strong> Ideal para viajes de larga distancia y zonas con clima impredecible, lo que la convierte en un elemento imprescindible para cualquier veh\u00edculo.<\/li>\n<\/ul>\n<p>Equipar tu veh\u00edculo con la luz trasera LED 95FM roja con funci\u00f3n de luz antiniebla integrada es una decisi\u00f3n inteligente para aumentar tu seguridad y garantizar que est\u00e9s bien preparado para cualquier condici\u00f3n clim\u00e1tica. Br\u00edndate a ti y a los dem\u00e1s conductores la tranquilidad que ofrece una mayor visibilidad y seguridad en la carretera.<\/p>","protected":false},"excerpt":{"rendered":"<p>\u00d6kad S\u00e4kerhet med Dimljusfunktion 95FM R\u00f6d LED baklampans dimljusfunktion \u00e4r en game-changer f\u00f6r din s\u00e4kerhet under utmanande v\u00e4derf\u00f6rh\u00e5llanden. Dess f\u00f6rm\u00e5ga att ge en bred och j\u00e4mn ljusspridning i dimma, regn eller sn\u00f6fall g\u00f6r den till en ov\u00e4rderlig del av ditt fordons belysningssystem. Funktionens F\u00f6rdelar: F\u00f6rb\u00e4ttrad Synlighet: Ger en kraftfull ljusspridning som penetrerar genom dimma, vilket [&hellip;]<\/p>","protected":false},"featured_media":8543,"comment_status":"closed","ping_status":"open","template":"","meta":{"_acf_changed":false,"_smort_price_nok":"417","_smort_price_dkk":"265","_smort_price_eur":"35.45","_smort_sale_price_nok":"","_smort_sale_price_dkk":"","_smort_sale_price_eur":"","smort_restorder":"","shipmondo_restorder":"","_kad_blocks_custom_css":"","_kad_blocks_head_custom_js":"","_kad_blocks_body_custom_js":"","_kad_blocks_footer_custom_js":"","smort_custom_pricelist_1":"218.4","smort_custom_pricelist_2":"218.4","smort_custom_pricelist_3":"207.48","smort_custom_pricelist_4":"312","smort_custom_pricelist_5":"218.4"},"anvandningsomrade":[166,238,2816],"bilmarken":[],"product_brand":[1252],"product_cat":[3050,2584],"product_tag":[],"class_list":{"0":"post-8542","1":"product","2":"type-product","3":"status-publish","4":"has-post-thumbnail","6":"anvandningsomrade-lastbil","7":"anvandningsomrade-slap","8":"anvandningsomrade-trailer","9":"product_brand-lea","10":"product_cat-bakljus-enkel-rund","11":"product_cat-dimljus-slap","12":"pa_fuktskydd-varde-ipxx-ip67","13":"pa_godkannande-ece-emc","14":"pa_storlek-mm-95x18","15":"pa_stromforbrukning-020a-28v","16":"pa_stromforbrukning-035a-138v","17":"pa_volt-v-12-24","19":"first","20":"instock","21":"taxable","22":"shipping-taxable","23":"purchasable","24":"product-type-simple"},"bundled_by":[],"bundle_stock_status":"instock","bundle_stock_quantity":5,"bundle_virtual":false,"bundle_layout":"","bundle_add_to_cart_form_location":"","bundle_editable_in_cart":false,"bundle_sold_individually_context":"","bundle_item_grouping":"","bundle_min_size":"","bundle_max_size":"","bundle_price":[],"bundled_items":[],"bundle_sell_ids":[],"acf":[],"yoast_head":"<!-- This site is optimized with the Yoast SEO plugin v27.0 - https:\/\/yoast.com\/product\/yoast-seo-wordpress\/ -->\n<title>Dimljuslampa 95mm | R\u00f6d - Xenonkungen<\/title>\n<meta name=\"robots\" content=\"index, follow, max-snippet:-1, max-image-preview:large, max-video-preview:-1\" \/>\n<link rel=\"canonical\" href=\"https:\/\/xenonkungen.com\/es\/producto\/bombilla-antiniebla-roja-de-95-mm\/\" \/>\n<meta property=\"og:locale\" content=\"es_ES\" \/>\n<meta property=\"og:type\" content=\"article\" \/>\n<meta property=\"og:title\" content=\"Dimljuslampa 95mm | R\u00f6d - Xenonkungen\" \/>\n<meta property=\"og:description\" content=\"\u00d6kad S\u00e4kerhet med Dimljusfunktion 95FM R\u00f6d LED baklampans dimljusfunktion \u00e4r en game-changer f\u00f6r din s\u00e4kerhet under utmanande v\u00e4derf\u00f6rh\u00e5llanden. Dess f\u00f6rm\u00e5ga att ge en bred och j\u00e4mn ljusspridning i dimma, regn eller sn\u00f6fall g\u00f6r den till en ov\u00e4rderlig del av ditt fordons belysningssystem. Funktionens F\u00f6rdelar: F\u00f6rb\u00e4ttrad Synlighet: Ger en kraftfull ljusspridning som penetrerar genom dimma, vilket [&hellip;]\" \/>\n<meta property=\"og:url\" content=\"https:\/\/xenonkungen.com\/es\/producto\/bombilla-antiniebla-roja-de-95-mm\/\" \/>\n<meta property=\"og:site_name\" content=\"Xenonkungen\" \/>\n<meta property=\"article:modified_time\" content=\"2026-04-24T16:20:28+00:00\" \/>\n<meta property=\"og:image\" content=\"https:\/\/xenonkungen.com\/wp-content\/uploads\/2025\/04\/16129391-origpic-5bfeb5.jpg\" \/>\n\t<meta property=\"og:image:width\" content=\"600\" \/>\n\t<meta property=\"og:image:height\" content=\"600\" \/>\n\t<meta property=\"og:image:type\" content=\"image\/jpeg\" \/>\n<meta name=\"twitter:card\" content=\"summary_large_image\" \/>\n<meta name=\"twitter:label1\" content=\"Tiempo de lectura\" \/>\n\t<meta name=\"twitter:data1\" content=\"1 minuto\" \/>\n<script type=\"application\/ld+json\" class=\"yoast-schema-graph\">{\"@context\":\"https:\/\/schema.org\",\"@graph\":[{\"@type\":\"WebPage\",\"@id\":\"https:\/\/xenonkungen.com\/produkt\/dimljuslampa-95mm-rod\/\",\"url\":\"https:\/\/xenonkungen.com\/produkt\/dimljuslampa-95mm-rod\/\",\"name\":\"Dimljuslampa 95mm | R\u00f6d - Xenonkungen\",\"isPartOf\":{\"@id\":\"https:\/\/xenonkungen.com\/#website\"},\"primaryImageOfPage\":{\"@id\":\"https:\/\/xenonkungen.com\/produkt\/dimljuslampa-95mm-rod\/#primaryimage\"},\"image\":{\"@id\":\"https:\/\/xenonkungen.com\/produkt\/dimljuslampa-95mm-rod\/#primaryimage\"},\"thumbnailUrl\":\"https:\/\/xenonkungen.com\/wp-content\/uploads\/2025\/04\/16129391-origpic-5bfeb5.jpg\",\"datePublished\":\"2025-04-15T10:07:35+00:00\",\"dateModified\":\"2026-04-24T16:20:28+00:00\",\"breadcrumb\":{\"@id\":\"https:\/\/xenonkungen.com\/produkt\/dimljuslampa-95mm-rod\/#breadcrumb\"},\"inLanguage\":\"es\",\"potentialAction\":[{\"@type\":\"ReadAction\",\"target\":[\"https:\/\/xenonkungen.com\/produkt\/dimljuslampa-95mm-rod\/\"]}]},{\"@type\":\"ImageObject\",\"inLanguage\":\"es\",\"@id\":\"https:\/\/xenonkungen.com\/produkt\/dimljuslampa-95mm-rod\/#primaryimage\",\"url\":\"https:\/\/xenonkungen.com\/wp-content\/uploads\/2025\/04\/16129391-origpic-5bfeb5.jpg\",\"contentUrl\":\"https:\/\/xenonkungen.com\/wp-content\/uploads\/2025\/04\/16129391-origpic-5bfeb5.jpg\",\"width\":600,\"height\":600},{\"@type\":\"BreadcrumbList\",\"@id\":\"https:\/\/xenonkungen.com\/produkt\/dimljuslampa-95mm-rod\/#breadcrumb\",\"itemListElement\":[{\"@type\":\"ListItem\",\"position\":1,\"name\":\"Hem\",\"item\":\"https:\/\/xenonkungen.com\/\"},{\"@type\":\"ListItem\",\"position\":2,\"name\":\"Shop\",\"item\":\"https:\/\/xenonkungen.com\/shop\/\"},{\"@type\":\"ListItem\",\"position\":3,\"name\":\"Dimljuslampa 95mm | R\u00f6d\"}]},{\"@type\":\"WebSite\",\"@id\":\"https:\/\/xenonkungen.com\/#website\",\"url\":\"https:\/\/xenonkungen.com\/\",\"name\":\"Xenonkungen\",\"description\":\"\",\"potentialAction\":[{\"@type\":\"SearchAction\",\"target\":{\"@type\":\"EntryPoint\",\"urlTemplate\":\"https:\/\/xenonkungen.com\/?s={search_term_string}\"},\"query-input\":{\"@type\":\"PropertyValueSpecification\",\"valueRequired\":true,\"valueName\":\"search_term_string\"}}],\"inLanguage\":\"es\"}]}<\/script>\n<!-- \/ Yoast SEO plugin. -->","yoast_head_json":{"title":"Bombilla antiniebla de 95 mm | Roja - Xen\u00f3n","robots":{"index":"index","follow":"follow","max-snippet":"max-snippet:-1","max-image-preview":"max-image-preview:large","max-video-preview":"max-video-preview:-1"},"canonical":"https:\/\/xenonkungen.com\/es\/producto\/bombilla-antiniebla-roja-de-95-mm\/","og_locale":"es_ES","og_type":"article","og_title":"Dimljuslampa 95mm | R\u00f6d - Xenonkungen","og_description":"\u00d6kad S\u00e4kerhet med Dimljusfunktion 95FM R\u00f6d LED baklampans dimljusfunktion \u00e4r en game-changer f\u00f6r din s\u00e4kerhet under utmanande v\u00e4derf\u00f6rh\u00e5llanden. Dess f\u00f6rm\u00e5ga att ge en bred och j\u00e4mn ljusspridning i dimma, regn eller sn\u00f6fall g\u00f6r den till en ov\u00e4rderlig del av ditt fordons belysningssystem. Funktionens F\u00f6rdelar: F\u00f6rb\u00e4ttrad Synlighet: Ger en kraftfull ljusspridning som penetrerar genom dimma, vilket [&hellip;]","og_url":"https:\/\/xenonkungen.com\/es\/producto\/bombilla-antiniebla-roja-de-95-mm\/","og_site_name":"Xenonkungen","article_modified_time":"2026-04-24T16:20:28+00:00","og_image":[{"width":600,"height":600,"url":"https:\/\/xenonkungen.com\/wp-content\/uploads\/2025\/04\/16129391-origpic-5bfeb5.jpg","type":"image\/jpeg"}],"twitter_card":"summary_large_image","twitter_misc":{"Tiempo de lectura":"1 minuto"},"schema":{"@context":"https:\/\/schema.org","@graph":[{"@type":"WebPage","@id":"https:\/\/xenonkungen.com\/produkt\/dimljuslampa-95mm-rod\/","url":"https:\/\/xenonkungen.com\/produkt\/dimljuslampa-95mm-rod\/","name":"Bombilla antiniebla de 95 mm | Roja - Xen\u00f3n","isPartOf":{"@id":"https:\/\/xenonkungen.com\/#website"},"primaryImageOfPage":{"@id":"https:\/\/xenonkungen.com\/produkt\/dimljuslampa-95mm-rod\/#primaryimage"},"image":{"@id":"https:\/\/xenonkungen.com\/produkt\/dimljuslampa-95mm-rod\/#primaryimage"},"thumbnailUrl":"https:\/\/xenonkungen.com\/wp-content\/uploads\/2025\/04\/16129391-origpic-5bfeb5.jpg","datePublished":"2025-04-15T10:07:35+00:00","dateModified":"2026-04-24T16:20:28+00:00","breadcrumb":{"@id":"https:\/\/xenonkungen.com\/produkt\/dimljuslampa-95mm-rod\/#breadcrumb"},"inLanguage":"es","potentialAction":[{"@type":"ReadAction","target":["https:\/\/xenonkungen.com\/produkt\/dimljuslampa-95mm-rod\/"]}]},{"@type":"ImageObject","inLanguage":"es","@id":"https:\/\/xenonkungen.com\/produkt\/dimljuslampa-95mm-rod\/#primaryimage","url":"https:\/\/xenonkungen.com\/wp-content\/uploads\/2025\/04\/16129391-origpic-5bfeb5.jpg","contentUrl":"https:\/\/xenonkungen.com\/wp-content\/uploads\/2025\/04\/16129391-origpic-5bfeb5.jpg","width":600,"height":600},{"@type":"BreadcrumbList","@id":"https:\/\/xenonkungen.com\/produkt\/dimljuslampa-95mm-rod\/#breadcrumb","itemListElement":[{"@type":"ListItem","position":1,"name":"Hem","item":"https:\/\/xenonkungen.com\/"},{"@type":"ListItem","position":2,"name":"Shop","item":"https:\/\/xenonkungen.com\/shop\/"},{"@type":"ListItem","position":3,"name":"Dimljuslampa 95mm | R\u00f6d"}]},{"@type":"WebSite","@id":"https:\/\/xenonkungen.com\/#website","url":"https:\/\/xenonkungen.com\/","name":"Xenonkungen","description":"","potentialAction":[{"@type":"SearchAction","target":{"@type":"EntryPoint","urlTemplate":"https:\/\/xenonkungen.com\/?s={search_term_string}"},"query-input":{"@type":"PropertyValueSpecification","valueRequired":true,"valueName":"search_term_string"}}],"inLanguage":"es"}]}},"taxonomy_info":{"anvandningsomrade":[{"value":166,"label":"Lastbil"},{"value":238,"label":"SL\u00c4P"},{"value":2816,"label":"TRAILER"}],"product_brand":[{"value":1252,"label":"LEA"}],"product_cat":[{"value":3050,"label":"Bakljus Enkel Rund"},{"value":2584,"label":"Dimljus"}],"pa_fuktskydd-varde-ipxx":[{"value":333,"label":"IP67"}],"pa_godkannande":[{"value":1262,"label":"ECE, EMC"}],"pa_storlek-mm":[{"value":2098,"label":"95x18"}],"pa_stromforbrukning":[{"value":2100,"label":"0,20A @28V"},{"value":1852,"label":"0,35A @13,8V"}],"pa_volt-v":[{"value":348,"label":"12, 24"}]},"featured_image_src_large":["https:\/\/xenonkungen.com\/wp-content\/uploads\/2025\/04\/16129391-origpic-5bfeb5.jpg",600,600,false],"author_info":[],"comment_info":0,"_links":{"self":[{"href":"https:\/\/xenonkungen.com\/es\/wp-json\/wp\/v2\/product\/8542","targetHints":{"allow":["GET"]}}],"collection":[{"href":"https:\/\/xenonkungen.com\/es\/wp-json\/wp\/v2\/product"}],"about":[{"href":"https:\/\/xenonkungen.com\/es\/wp-json\/wp\/v2\/types\/product"}],"replies":[{"embeddable":true,"href":"https:\/\/xenonkungen.com\/es\/wp-json\/wp\/v2\/comments?post=8542"}],"wp:featuredmedia":[{"embeddable":true,"href":"https:\/\/xenonkungen.com\/es\/wp-json\/wp\/v2\/media\/8543"}],"wp:attachment":[{"href":"https:\/\/xenonkungen.com\/es\/wp-json\/wp\/v2\/media?parent=8542"}],"wp:term":[{"taxonomy":"anvandningsomrade","embeddable":true,"href":"https:\/\/xenonkungen.com\/es\/wp-json\/wp\/v2\/anvandningsomrade?post=8542"},{"taxonomy":"bilmarken","embeddable":true,"href":"https:\/\/xenonkungen.com\/es\/wp-json\/wp\/v2\/bilmarken?post=8542"},{"taxonomy":"product_brand","embeddable":true,"href":"https:\/\/xenonkungen.com\/es\/wp-json\/wp\/v2\/product_brand?post=8542"},{"taxonomy":"product_cat","embeddable":true,"href":"https:\/\/xenonkungen.com\/es\/wp-json\/wp\/v2\/product_cat?post=8542"},{"taxonomy":"product_tag","embeddable":true,"href":"https:\/\/xenonkungen.com\/es\/wp-json\/wp\/v2\/product_tag?post=8542"}],"curies":[{"name":"wp","href":"https:\/\/api.w.org\/{rel}","templated":true}]}}