{"id":8546,"date":"2025-04-15T10:07:35","date_gmt":"2025-04-15T10:07:35","guid":{"rendered":"https:\/\/xenonkungen.com\/product\/baklampa-95mm-broms-bak\/"},"modified":"2026-04-24T19:19:47","modified_gmt":"2026-04-24T18:19:47","slug":"luz-trasera-95mm-freno-trasero","status":"publish","type":"product","link":"https:\/\/xenonkungen.com\/es\/producto\/luz-trasera-95mm-freno-trasero\/","title":{"rendered":"Luz trasera 95mm | Freno\/Trasero"},"content":{"rendered":"<h1>Aumente la seguridad y la visibilidad con la luz trasera LED 95RM de freno\/trasera roja<\/h1>\n<p>Esta luz trasera LED con funci\u00f3n de luz roja de posici\u00f3n y freno es una soluci\u00f3n de iluminaci\u00f3n destacada, dise\u00f1ada para maximizar la visibilidad y la seguridad de su veh\u00edculo. Gracias a su brillo avanzado y sus se\u00f1ales claras, le hace m\u00e1s visible para los dem\u00e1s usuarios de la v\u00eda, especialmente al frenar o en condiciones de poca luz.<\/p>\n<h2>Caracter\u00edsticas principales del producto:<\/h2>\n<ul>\n<li><strong>Iluminaci\u00f3n de alto rendimiento:<\/strong> Proporciona una luz fuerte y clara que se\u00f1ala claramente sus movimientos a otros usuarios de la carretera.<\/li>\n<li><strong>Funci\u00f3n de luz de freno y de cola roja:<\/strong> Agiliza la comunicaci\u00f3n en la carretera indicando claramente cu\u00e1ndo est\u00e1s frenando o en movimiento.<\/li>\n<li><strong>Tecnolog\u00eda LED avanzada:<\/strong> Garantiza una larga vida \u00fatil y una alta eficiencia energ\u00e9tica en comparaci\u00f3n con las l\u00e1mparas tradicionales.<\/li>\n<li><strong>F\u00e1cil instalaci\u00f3n:<\/strong> Dise\u00f1ado para una f\u00e1cil instalaci\u00f3n en una amplia gama de tipos de veh\u00edculos.<\/li>\n<\/ul>\n<p>Actualizar su veh\u00edculo con la luz trasera LED 95RM Freno\/Trasera Roja es una opci\u00f3n inteligente para quienes valoran la seguridad y buscan una soluci\u00f3n de iluminaci\u00f3n confiable. Esta luz no solo es un componente vital para su seguridad vial, sino que tambi\u00e9n mejora la est\u00e9tica de su veh\u00edculo.<\/p>","protected":false},"excerpt":{"rendered":"<p>\u00d6ka S\u00e4kerheten och Synligheten med LED-baklampa 95RM Broms\/Bak R\u00f6d Denna LED-baklampa med r\u00f6d bak- och stoppljusfunktion \u00e4r en framst\u00e5ende belysningsl\u00f6sning designad f\u00f6r att maximalt f\u00f6rb\u00e4ttra b\u00e5de synlighet och s\u00e4kerhet f\u00f6r ditt fordon. Med dess avancerade ljusstyrka och klara signaler g\u00f6r den dig mer synlig f\u00f6r andra trafikanter, s\u00e4rskilt vid bromsning eller i svagt ljus. Produktens [&hellip;]<\/p>","protected":false},"featured_media":8547,"comment_status":"closed","ping_status":"open","template":"","meta":{"_acf_changed":false,"_smort_price_nok":"342","_smort_price_dkk":"217","_smort_price_eur":"29.09","_smort_sale_price_nok":"","_smort_sale_price_dkk":"","_smort_sale_price_eur":"","smort_restorder":"","shipmondo_restorder":"","_kad_blocks_custom_css":"","_kad_blocks_head_custom_js":"","_kad_blocks_body_custom_js":"","_kad_blocks_footer_custom_js":"","smort_custom_pricelist_1":"179.2","smort_custom_pricelist_2":"179.2","smort_custom_pricelist_3":"170.24","smort_custom_pricelist_4":"256","smort_custom_pricelist_5":"179.2"},"anvandningsomrade":[166,238,2816],"bilmarken":[],"product_brand":[1252],"product_cat":[3050,2552],"product_tag":[],"class_list":{"0":"post-8546","1":"product","2":"type-product","3":"status-publish","4":"has-post-thumbnail","6":"anvandningsomrade-lastbil","7":"anvandningsomrade-slap","8":"anvandningsomrade-trailer","9":"product_brand-lea","10":"product_cat-bakljus-enkel-rund","11":"product_cat-bakljus-slap","12":"pa_fuktskydd-varde-ipxx-ip67","13":"pa_godkannande-ece-emc","14":"pa_storlek-mm-95x18","15":"pa_volt-v-12-24","17":"first","18":"instock","19":"taxable","20":"shipping-taxable","21":"purchasable","22":"product-type-simple"},"bundled_by":[],"bundle_stock_status":"instock","bundle_stock_quantity":1,"bundle_virtual":false,"bundle_layout":"","bundle_add_to_cart_form_location":"","bundle_editable_in_cart":false,"bundle_sold_individually_context":"","bundle_item_grouping":"","bundle_min_size":"","bundle_max_size":"","bundle_price":[],"bundled_items":[],"bundle_sell_ids":[],"acf":[],"yoast_head":"<!-- This site is optimized with the Yoast SEO plugin v27.0 - https:\/\/yoast.com\/product\/yoast-seo-wordpress\/ -->\n<title>Baklampa 95mm | Broms\/Bak - Xenonkungen<\/title>\n<meta name=\"robots\" content=\"index, follow, max-snippet:-1, max-image-preview:large, max-video-preview:-1\" \/>\n<link rel=\"canonical\" href=\"https:\/\/xenonkungen.com\/es\/producto\/luz-trasera-95mm-freno-trasero\/\" \/>\n<meta property=\"og:locale\" content=\"es_ES\" \/>\n<meta property=\"og:type\" content=\"article\" \/>\n<meta property=\"og:title\" content=\"Baklampa 95mm | Broms\/Bak - Xenonkungen\" \/>\n<meta property=\"og:description\" content=\"\u00d6ka S\u00e4kerheten och Synligheten med LED-baklampa 95RM Broms\/Bak R\u00f6d Denna LED-baklampa med r\u00f6d bak- och stoppljusfunktion \u00e4r en framst\u00e5ende belysningsl\u00f6sning designad f\u00f6r att maximalt f\u00f6rb\u00e4ttra b\u00e5de synlighet och s\u00e4kerhet f\u00f6r ditt fordon. Med dess avancerade ljusstyrka och klara signaler g\u00f6r den dig mer synlig f\u00f6r andra trafikanter, s\u00e4rskilt vid bromsning eller i svagt ljus. Produktens [&hellip;]\" \/>\n<meta property=\"og:url\" content=\"https:\/\/xenonkungen.com\/es\/producto\/luz-trasera-95mm-freno-trasero\/\" \/>\n<meta property=\"og:site_name\" content=\"Xenonkungen\" \/>\n<meta property=\"article:modified_time\" content=\"2026-04-24T18:19:47+00:00\" \/>\n<meta property=\"og:image\" content=\"https:\/\/xenonkungen.com\/wp-content\/uploads\/2025\/04\/16129329-origpic-df2065.jpg\" \/>\n\t<meta property=\"og:image:width\" content=\"600\" \/>\n\t<meta property=\"og:image:height\" content=\"600\" \/>\n\t<meta property=\"og:image:type\" content=\"image\/jpeg\" \/>\n<meta name=\"twitter:card\" content=\"summary_large_image\" \/>\n<meta name=\"twitter:label1\" content=\"Tiempo de lectura\" \/>\n\t<meta name=\"twitter:data1\" content=\"1 minuto\" \/>\n<script type=\"application\/ld+json\" class=\"yoast-schema-graph\">{\"@context\":\"https:\/\/schema.org\",\"@graph\":[{\"@type\":\"WebPage\",\"@id\":\"https:\/\/xenonkungen.com\/produkt\/baklampa-95mm-broms-bak\/\",\"url\":\"https:\/\/xenonkungen.com\/produkt\/baklampa-95mm-broms-bak\/\",\"name\":\"Baklampa 95mm | Broms\/Bak - Xenonkungen\",\"isPartOf\":{\"@id\":\"https:\/\/xenonkungen.com\/#website\"},\"primaryImageOfPage\":{\"@id\":\"https:\/\/xenonkungen.com\/produkt\/baklampa-95mm-broms-bak\/#primaryimage\"},\"image\":{\"@id\":\"https:\/\/xenonkungen.com\/produkt\/baklampa-95mm-broms-bak\/#primaryimage\"},\"thumbnailUrl\":\"https:\/\/xenonkungen.com\/wp-content\/uploads\/2025\/04\/16129329-origpic-df2065.jpg\",\"datePublished\":\"2025-04-15T10:07:35+00:00\",\"dateModified\":\"2026-04-24T18:19:47+00:00\",\"breadcrumb\":{\"@id\":\"https:\/\/xenonkungen.com\/produkt\/baklampa-95mm-broms-bak\/#breadcrumb\"},\"inLanguage\":\"es\",\"potentialAction\":[{\"@type\":\"ReadAction\",\"target\":[\"https:\/\/xenonkungen.com\/produkt\/baklampa-95mm-broms-bak\/\"]}]},{\"@type\":\"ImageObject\",\"inLanguage\":\"es\",\"@id\":\"https:\/\/xenonkungen.com\/produkt\/baklampa-95mm-broms-bak\/#primaryimage\",\"url\":\"https:\/\/xenonkungen.com\/wp-content\/uploads\/2025\/04\/16129329-origpic-df2065.jpg\",\"contentUrl\":\"https:\/\/xenonkungen.com\/wp-content\/uploads\/2025\/04\/16129329-origpic-df2065.jpg\",\"width\":600,\"height\":600},{\"@type\":\"BreadcrumbList\",\"@id\":\"https:\/\/xenonkungen.com\/produkt\/baklampa-95mm-broms-bak\/#breadcrumb\",\"itemListElement\":[{\"@type\":\"ListItem\",\"position\":1,\"name\":\"Hem\",\"item\":\"https:\/\/xenonkungen.com\/\"},{\"@type\":\"ListItem\",\"position\":2,\"name\":\"Shop\",\"item\":\"https:\/\/xenonkungen.com\/shop\/\"},{\"@type\":\"ListItem\",\"position\":3,\"name\":\"Baklampa 95mm | Broms\/Bak\"}]},{\"@type\":\"WebSite\",\"@id\":\"https:\/\/xenonkungen.com\/#website\",\"url\":\"https:\/\/xenonkungen.com\/\",\"name\":\"Xenonkungen\",\"description\":\"\",\"potentialAction\":[{\"@type\":\"SearchAction\",\"target\":{\"@type\":\"EntryPoint\",\"urlTemplate\":\"https:\/\/xenonkungen.com\/?s={search_term_string}\"},\"query-input\":{\"@type\":\"PropertyValueSpecification\",\"valueRequired\":true,\"valueName\":\"search_term_string\"}}],\"inLanguage\":\"es\"}]}<\/script>\n<!-- \/ Yoast SEO plugin. -->","yoast_head_json":{"title":"Luz trasera de 95 mm | Freno\/Trasero - Xen\u00f3n","robots":{"index":"index","follow":"follow","max-snippet":"max-snippet:-1","max-image-preview":"max-image-preview:large","max-video-preview":"max-video-preview:-1"},"canonical":"https:\/\/xenonkungen.com\/es\/producto\/luz-trasera-95mm-freno-trasero\/","og_locale":"es_ES","og_type":"article","og_title":"Baklampa 95mm | Broms\/Bak - Xenonkungen","og_description":"\u00d6ka S\u00e4kerheten och Synligheten med LED-baklampa 95RM Broms\/Bak R\u00f6d Denna LED-baklampa med r\u00f6d bak- och stoppljusfunktion \u00e4r en framst\u00e5ende belysningsl\u00f6sning designad f\u00f6r att maximalt f\u00f6rb\u00e4ttra b\u00e5de synlighet och s\u00e4kerhet f\u00f6r ditt fordon. Med dess avancerade ljusstyrka och klara signaler g\u00f6r den dig mer synlig f\u00f6r andra trafikanter, s\u00e4rskilt vid bromsning eller i svagt ljus. Produktens [&hellip;]","og_url":"https:\/\/xenonkungen.com\/es\/producto\/luz-trasera-95mm-freno-trasero\/","og_site_name":"Xenonkungen","article_modified_time":"2026-04-24T18:19:47+00:00","og_image":[{"width":600,"height":600,"url":"https:\/\/xenonkungen.com\/wp-content\/uploads\/2025\/04\/16129329-origpic-df2065.jpg","type":"image\/jpeg"}],"twitter_card":"summary_large_image","twitter_misc":{"Tiempo de lectura":"1 minuto"},"schema":{"@context":"https:\/\/schema.org","@graph":[{"@type":"WebPage","@id":"https:\/\/xenonkungen.com\/produkt\/baklampa-95mm-broms-bak\/","url":"https:\/\/xenonkungen.com\/produkt\/baklampa-95mm-broms-bak\/","name":"Luz trasera de 95 mm | Freno\/Trasero - Xen\u00f3n","isPartOf":{"@id":"https:\/\/xenonkungen.com\/#website"},"primaryImageOfPage":{"@id":"https:\/\/xenonkungen.com\/produkt\/baklampa-95mm-broms-bak\/#primaryimage"},"image":{"@id":"https:\/\/xenonkungen.com\/produkt\/baklampa-95mm-broms-bak\/#primaryimage"},"thumbnailUrl":"https:\/\/xenonkungen.com\/wp-content\/uploads\/2025\/04\/16129329-origpic-df2065.jpg","datePublished":"2025-04-15T10:07:35+00:00","dateModified":"2026-04-24T18:19:47+00:00","breadcrumb":{"@id":"https:\/\/xenonkungen.com\/produkt\/baklampa-95mm-broms-bak\/#breadcrumb"},"inLanguage":"es","potentialAction":[{"@type":"ReadAction","target":["https:\/\/xenonkungen.com\/produkt\/baklampa-95mm-broms-bak\/"]}]},{"@type":"ImageObject","inLanguage":"es","@id":"https:\/\/xenonkungen.com\/produkt\/baklampa-95mm-broms-bak\/#primaryimage","url":"https:\/\/xenonkungen.com\/wp-content\/uploads\/2025\/04\/16129329-origpic-df2065.jpg","contentUrl":"https:\/\/xenonkungen.com\/wp-content\/uploads\/2025\/04\/16129329-origpic-df2065.jpg","width":600,"height":600},{"@type":"BreadcrumbList","@id":"https:\/\/xenonkungen.com\/produkt\/baklampa-95mm-broms-bak\/#breadcrumb","itemListElement":[{"@type":"ListItem","position":1,"name":"Hem","item":"https:\/\/xenonkungen.com\/"},{"@type":"ListItem","position":2,"name":"Shop","item":"https:\/\/xenonkungen.com\/shop\/"},{"@type":"ListItem","position":3,"name":"Baklampa 95mm | Broms\/Bak"}]},{"@type":"WebSite","@id":"https:\/\/xenonkungen.com\/#website","url":"https:\/\/xenonkungen.com\/","name":"Xenonkungen","description":"","potentialAction":[{"@type":"SearchAction","target":{"@type":"EntryPoint","urlTemplate":"https:\/\/xenonkungen.com\/?s={search_term_string}"},"query-input":{"@type":"PropertyValueSpecification","valueRequired":true,"valueName":"search_term_string"}}],"inLanguage":"es"}]}},"taxonomy_info":{"anvandningsomrade":[{"value":166,"label":"Lastbil"},{"value":238,"label":"SL\u00c4P"},{"value":2816,"label":"TRAILER"}],"product_brand":[{"value":1252,"label":"LEA"}],"product_cat":[{"value":3050,"label":"Bakljus Enkel Rund"},{"value":2552,"label":"Bakljus"}],"pa_fuktskydd-varde-ipxx":[{"value":333,"label":"IP67"}],"pa_godkannande":[{"value":1262,"label":"ECE, EMC"}],"pa_storlek-mm":[{"value":2098,"label":"95x18"}],"pa_volt-v":[{"value":348,"label":"12, 24"}]},"featured_image_src_large":["https:\/\/xenonkungen.com\/wp-content\/uploads\/2025\/04\/16129329-origpic-df2065.jpg",600,600,false],"author_info":[],"comment_info":0,"_links":{"self":[{"href":"https:\/\/xenonkungen.com\/es\/wp-json\/wp\/v2\/product\/8546","targetHints":{"allow":["GET"]}}],"collection":[{"href":"https:\/\/xenonkungen.com\/es\/wp-json\/wp\/v2\/product"}],"about":[{"href":"https:\/\/xenonkungen.com\/es\/wp-json\/wp\/v2\/types\/product"}],"replies":[{"embeddable":true,"href":"https:\/\/xenonkungen.com\/es\/wp-json\/wp\/v2\/comments?post=8546"}],"wp:featuredmedia":[{"embeddable":true,"href":"https:\/\/xenonkungen.com\/es\/wp-json\/wp\/v2\/media\/8547"}],"wp:attachment":[{"href":"https:\/\/xenonkungen.com\/es\/wp-json\/wp\/v2\/media?parent=8546"}],"wp:term":[{"taxonomy":"anvandningsomrade","embeddable":true,"href":"https:\/\/xenonkungen.com\/es\/wp-json\/wp\/v2\/anvandningsomrade?post=8546"},{"taxonomy":"bilmarken","embeddable":true,"href":"https:\/\/xenonkungen.com\/es\/wp-json\/wp\/v2\/bilmarken?post=8546"},{"taxonomy":"product_brand","embeddable":true,"href":"https:\/\/xenonkungen.com\/es\/wp-json\/wp\/v2\/product_brand?post=8546"},{"taxonomy":"product_cat","embeddable":true,"href":"https:\/\/xenonkungen.com\/es\/wp-json\/wp\/v2\/product_cat?post=8546"},{"taxonomy":"product_tag","embeddable":true,"href":"https:\/\/xenonkungen.com\/es\/wp-json\/wp\/v2\/product_tag?post=8546"}],"curies":[{"name":"wp","href":"https:\/\/api.w.org\/{rel}","templated":true}]}}