{"id":8555,"date":"2025-04-15T10:07:43","date_gmt":"2025-04-15T10:07:43","guid":{"rendered":"https:\/\/xenonkungen.com\/product\/backljuslampa-95mm-vit\/"},"modified":"2026-04-24T17:20:32","modified_gmt":"2026-04-24T16:20:32","slug":"bombilla-de-luz-de-marcha-atras-de-95-mm-blanca","status":"publish","type":"product","link":"https:\/\/xenonkungen.com\/es\/producto\/bombilla-de-luz-de-marcha-atras-de-95-mm-blanca\/","title":{"rendered":"Luz de fondo 95mm | Blanco"},"content":{"rendered":"<h1>Piloto trasero LED con funci\u00f3n de retroiluminaci\u00f3n 95WM Blanco - Una soluci\u00f3n de iluminaci\u00f3n vers\u00e1til<\/h1>\n<p>Esta luz trasera LED no es s\u00f3lo un dispositivo de iluminaci\u00f3n; es una soluci\u00f3n vers\u00e1til dise\u00f1ada para satisfacer las necesidades cambiantes de los propietarios de veh\u00edculos. Con su potente funci\u00f3n de luz trasera, no solo ofrece una excelente visibilidad trasera, sino que tambi\u00e9n aumenta la seguridad y la facilidad de uso en diversas situaciones de conducci\u00f3n.<\/p>\n<h2>Caracter\u00edsticas principales:<\/h2>\n<ul>\n<li><strong>Funci\u00f3n de luz trasera:<\/strong> Proporciona una iluminaci\u00f3n clara y eficaz para mejorar la visibilidad y la seguridad al dar marcha atr\u00e1s.<\/li>\n<li><strong>Versatilidad:<\/strong> Dise\u00f1ado para adaptarse a una variedad de tipos de veh\u00edculos, por lo que es una actualizaci\u00f3n ideal para todos.<\/li>\n<li><strong>Rendimiento fiable:<\/strong> Equipada con tecnolog\u00eda LED para una larga vida \u00fatil y un mantenimiento reducido.<\/li>\n<li><strong>F\u00e1cil instalaci\u00f3n:<\/strong> Dise\u00f1ado para una f\u00e1cil instalaci\u00f3n, por lo que es r\u00e1pido y f\u00e1cil de actualizar su veh\u00edculo.<\/li>\n<\/ul>\n<p>Si busca una soluci\u00f3n de iluminaci\u00f3n fiable, potente y vers\u00e1til, elija el piloto trasero LED con funci\u00f3n de marcha atr\u00e1s 95WM Blanco. Es perfecto para aquellos que valoran tanto la funcionalidad como la facilidad de uso, mejorando su veh\u00edculo tanto est\u00e9tica como funcionalmente.<\/p>","protected":false},"excerpt":{"rendered":"<p>LED Baklampa med Backljusfunktion 95WM Vit &#8211; En M\u00e5ngsidig Belysningsl\u00f6sning Denna LED baklampa \u00e4r inte bara en belysningsenhet; det \u00e4r en m\u00e5ngsidig l\u00f6sning utformad f\u00f6r att m\u00f6ta de skiftande behoven hos fordonsegrare. Med sin kraftfulla bakljusfunktion erbjuder den inte bara utm\u00e4rkt synlighet bak\u00e5t utan ocks\u00e5 \u00f6kar s\u00e4kerheten och anv\u00e4ndarv\u00e4nligheten i olika k\u00f6rsituationer. K\u00e4rnegenskaper: Bakljusfunktion: Ger [&hellip;]<\/p>","protected":false},"featured_media":8556,"comment_status":"closed","ping_status":"open","template":"","meta":{"_acf_changed":false,"_smort_price_nok":"417","_smort_price_dkk":"265","_smort_price_eur":"35.45","_smort_sale_price_nok":"","_smort_sale_price_dkk":"","_smort_sale_price_eur":"","smort_restorder":"","shipmondo_restorder":"","_kad_blocks_custom_css":"","_kad_blocks_head_custom_js":"","_kad_blocks_body_custom_js":"","_kad_blocks_footer_custom_js":"","smort_custom_pricelist_1":"319.36","smort_custom_pricelist_2":"279.44","smort_custom_pricelist_3":"259.48","smort_custom_pricelist_4":"399.2","smort_custom_pricelist_5":"279.44"},"anvandningsomrade":[166,238,2816],"bilmarken":[],"product_brand":[1252],"product_cat":[3050,2585],"product_tag":[],"class_list":{"0":"post-8555","1":"product","2":"type-product","3":"status-publish","4":"has-post-thumbnail","6":"anvandningsomrade-lastbil","7":"anvandningsomrade-slap","8":"anvandningsomrade-trailer","9":"product_brand-lea","10":"product_cat-bakljus-enkel-rund","11":"product_cat-backljus","12":"pa_fuktskydd-varde-ipxx-ip67","13":"pa_godkannande-ece-emc","14":"pa_storlek-mm-95x18","15":"pa_stromforbrukning-010a-28v","16":"pa_stromforbrukning-015a-138v","17":"pa_volt-v-12-24","19":"first","20":"onbackorder","21":"taxable","22":"shipping-taxable","23":"purchasable","24":"product-type-simple"},"bundled_by":[],"bundle_stock_status":"onbackorder","bundle_stock_quantity":0,"bundle_virtual":false,"bundle_layout":"","bundle_add_to_cart_form_location":"","bundle_editable_in_cart":false,"bundle_sold_individually_context":"","bundle_item_grouping":"","bundle_min_size":"","bundle_max_size":"","bundle_price":[],"bundled_items":[],"bundle_sell_ids":[],"acf":[],"yoast_head":"<!-- This site is optimized with the Yoast SEO plugin v27.0 - https:\/\/yoast.com\/product\/yoast-seo-wordpress\/ -->\n<title>Backljuslampa 95mm | Vit - Xenonkungen<\/title>\n<meta name=\"robots\" content=\"index, follow, max-snippet:-1, max-image-preview:large, max-video-preview:-1\" \/>\n<link rel=\"canonical\" href=\"https:\/\/xenonkungen.com\/es\/producto\/bombilla-de-luz-de-marcha-atras-de-95-mm-blanca\/\" \/>\n<meta property=\"og:locale\" content=\"es_ES\" \/>\n<meta property=\"og:type\" content=\"article\" \/>\n<meta property=\"og:title\" content=\"Backljuslampa 95mm | Vit - Xenonkungen\" \/>\n<meta property=\"og:description\" content=\"LED Baklampa med Backljusfunktion 95WM Vit &#8211; En M\u00e5ngsidig Belysningsl\u00f6sning Denna LED baklampa \u00e4r inte bara en belysningsenhet; det \u00e4r en m\u00e5ngsidig l\u00f6sning utformad f\u00f6r att m\u00f6ta de skiftande behoven hos fordonsegrare. Med sin kraftfulla bakljusfunktion erbjuder den inte bara utm\u00e4rkt synlighet bak\u00e5t utan ocks\u00e5 \u00f6kar s\u00e4kerheten och anv\u00e4ndarv\u00e4nligheten i olika k\u00f6rsituationer. K\u00e4rnegenskaper: Bakljusfunktion: Ger [&hellip;]\" \/>\n<meta property=\"og:url\" content=\"https:\/\/xenonkungen.com\/es\/producto\/bombilla-de-luz-de-marcha-atras-de-95-mm-blanca\/\" \/>\n<meta property=\"og:site_name\" content=\"Xenonkungen\" \/>\n<meta property=\"article:modified_time\" content=\"2026-04-24T16:20:32+00:00\" \/>\n<meta property=\"og:image\" content=\"https:\/\/xenonkungen.com\/wp-content\/uploads\/2025\/04\/16129406-origpic-db5153.jpg\" \/>\n\t<meta property=\"og:image:width\" content=\"600\" \/>\n\t<meta property=\"og:image:height\" content=\"600\" \/>\n\t<meta property=\"og:image:type\" content=\"image\/jpeg\" \/>\n<meta name=\"twitter:card\" content=\"summary_large_image\" \/>\n<meta name=\"twitter:label1\" content=\"Tiempo de lectura\" \/>\n\t<meta name=\"twitter:data1\" content=\"1 minuto\" \/>\n<script type=\"application\/ld+json\" class=\"yoast-schema-graph\">{\"@context\":\"https:\/\/schema.org\",\"@graph\":[{\"@type\":\"WebPage\",\"@id\":\"https:\/\/xenonkungen.com\/produkt\/backljuslampa-95mm-vit\/\",\"url\":\"https:\/\/xenonkungen.com\/produkt\/backljuslampa-95mm-vit\/\",\"name\":\"Backljuslampa 95mm | Vit - Xenonkungen\",\"isPartOf\":{\"@id\":\"https:\/\/xenonkungen.com\/#website\"},\"primaryImageOfPage\":{\"@id\":\"https:\/\/xenonkungen.com\/produkt\/backljuslampa-95mm-vit\/#primaryimage\"},\"image\":{\"@id\":\"https:\/\/xenonkungen.com\/produkt\/backljuslampa-95mm-vit\/#primaryimage\"},\"thumbnailUrl\":\"https:\/\/xenonkungen.com\/wp-content\/uploads\/2025\/04\/16129406-origpic-db5153.jpg\",\"datePublished\":\"2025-04-15T10:07:43+00:00\",\"dateModified\":\"2026-04-24T16:20:32+00:00\",\"breadcrumb\":{\"@id\":\"https:\/\/xenonkungen.com\/produkt\/backljuslampa-95mm-vit\/#breadcrumb\"},\"inLanguage\":\"es\",\"potentialAction\":[{\"@type\":\"ReadAction\",\"target\":[\"https:\/\/xenonkungen.com\/produkt\/backljuslampa-95mm-vit\/\"]}]},{\"@type\":\"ImageObject\",\"inLanguage\":\"es\",\"@id\":\"https:\/\/xenonkungen.com\/produkt\/backljuslampa-95mm-vit\/#primaryimage\",\"url\":\"https:\/\/xenonkungen.com\/wp-content\/uploads\/2025\/04\/16129406-origpic-db5153.jpg\",\"contentUrl\":\"https:\/\/xenonkungen.com\/wp-content\/uploads\/2025\/04\/16129406-origpic-db5153.jpg\",\"width\":600,\"height\":600},{\"@type\":\"BreadcrumbList\",\"@id\":\"https:\/\/xenonkungen.com\/produkt\/backljuslampa-95mm-vit\/#breadcrumb\",\"itemListElement\":[{\"@type\":\"ListItem\",\"position\":1,\"name\":\"Hem\",\"item\":\"https:\/\/xenonkungen.com\/\"},{\"@type\":\"ListItem\",\"position\":2,\"name\":\"Shop\",\"item\":\"https:\/\/xenonkungen.com\/shop\/\"},{\"@type\":\"ListItem\",\"position\":3,\"name\":\"Backljuslampa 95mm | Vit\"}]},{\"@type\":\"WebSite\",\"@id\":\"https:\/\/xenonkungen.com\/#website\",\"url\":\"https:\/\/xenonkungen.com\/\",\"name\":\"Xenonkungen\",\"description\":\"\",\"potentialAction\":[{\"@type\":\"SearchAction\",\"target\":{\"@type\":\"EntryPoint\",\"urlTemplate\":\"https:\/\/xenonkungen.com\/?s={search_term_string}\"},\"query-input\":{\"@type\":\"PropertyValueSpecification\",\"valueRequired\":true,\"valueName\":\"search_term_string\"}}],\"inLanguage\":\"es\"}]}<\/script>\n<!-- \/ Yoast SEO plugin. -->","yoast_head_json":{"title":"Bombilla de luz de marcha atr\u00e1s de 95 mm | Blanca - Xen\u00f3n","robots":{"index":"index","follow":"follow","max-snippet":"max-snippet:-1","max-image-preview":"max-image-preview:large","max-video-preview":"max-video-preview:-1"},"canonical":"https:\/\/xenonkungen.com\/es\/producto\/bombilla-de-luz-de-marcha-atras-de-95-mm-blanca\/","og_locale":"es_ES","og_type":"article","og_title":"Backljuslampa 95mm | Vit - Xenonkungen","og_description":"LED Baklampa med Backljusfunktion 95WM Vit &#8211; En M\u00e5ngsidig Belysningsl\u00f6sning Denna LED baklampa \u00e4r inte bara en belysningsenhet; det \u00e4r en m\u00e5ngsidig l\u00f6sning utformad f\u00f6r att m\u00f6ta de skiftande behoven hos fordonsegrare. Med sin kraftfulla bakljusfunktion erbjuder den inte bara utm\u00e4rkt synlighet bak\u00e5t utan ocks\u00e5 \u00f6kar s\u00e4kerheten och anv\u00e4ndarv\u00e4nligheten i olika k\u00f6rsituationer. K\u00e4rnegenskaper: Bakljusfunktion: Ger [&hellip;]","og_url":"https:\/\/xenonkungen.com\/es\/producto\/bombilla-de-luz-de-marcha-atras-de-95-mm-blanca\/","og_site_name":"Xenonkungen","article_modified_time":"2026-04-24T16:20:32+00:00","og_image":[{"width":600,"height":600,"url":"https:\/\/xenonkungen.com\/wp-content\/uploads\/2025\/04\/16129406-origpic-db5153.jpg","type":"image\/jpeg"}],"twitter_card":"summary_large_image","twitter_misc":{"Tiempo de lectura":"1 minuto"},"schema":{"@context":"https:\/\/schema.org","@graph":[{"@type":"WebPage","@id":"https:\/\/xenonkungen.com\/produkt\/backljuslampa-95mm-vit\/","url":"https:\/\/xenonkungen.com\/produkt\/backljuslampa-95mm-vit\/","name":"Bombilla de luz de marcha atr\u00e1s de 95 mm | Blanca - Xen\u00f3n","isPartOf":{"@id":"https:\/\/xenonkungen.com\/#website"},"primaryImageOfPage":{"@id":"https:\/\/xenonkungen.com\/produkt\/backljuslampa-95mm-vit\/#primaryimage"},"image":{"@id":"https:\/\/xenonkungen.com\/produkt\/backljuslampa-95mm-vit\/#primaryimage"},"thumbnailUrl":"https:\/\/xenonkungen.com\/wp-content\/uploads\/2025\/04\/16129406-origpic-db5153.jpg","datePublished":"2025-04-15T10:07:43+00:00","dateModified":"2026-04-24T16:20:32+00:00","breadcrumb":{"@id":"https:\/\/xenonkungen.com\/produkt\/backljuslampa-95mm-vit\/#breadcrumb"},"inLanguage":"es","potentialAction":[{"@type":"ReadAction","target":["https:\/\/xenonkungen.com\/produkt\/backljuslampa-95mm-vit\/"]}]},{"@type":"ImageObject","inLanguage":"es","@id":"https:\/\/xenonkungen.com\/produkt\/backljuslampa-95mm-vit\/#primaryimage","url":"https:\/\/xenonkungen.com\/wp-content\/uploads\/2025\/04\/16129406-origpic-db5153.jpg","contentUrl":"https:\/\/xenonkungen.com\/wp-content\/uploads\/2025\/04\/16129406-origpic-db5153.jpg","width":600,"height":600},{"@type":"BreadcrumbList","@id":"https:\/\/xenonkungen.com\/produkt\/backljuslampa-95mm-vit\/#breadcrumb","itemListElement":[{"@type":"ListItem","position":1,"name":"Hem","item":"https:\/\/xenonkungen.com\/"},{"@type":"ListItem","position":2,"name":"Shop","item":"https:\/\/xenonkungen.com\/shop\/"},{"@type":"ListItem","position":3,"name":"Backljuslampa 95mm | Vit"}]},{"@type":"WebSite","@id":"https:\/\/xenonkungen.com\/#website","url":"https:\/\/xenonkungen.com\/","name":"Xenonkungen","description":"","potentialAction":[{"@type":"SearchAction","target":{"@type":"EntryPoint","urlTemplate":"https:\/\/xenonkungen.com\/?s={search_term_string}"},"query-input":{"@type":"PropertyValueSpecification","valueRequired":true,"valueName":"search_term_string"}}],"inLanguage":"es"}]}},"taxonomy_info":{"anvandningsomrade":[{"value":166,"label":"Lastbil"},{"value":238,"label":"SL\u00c4P"},{"value":2816,"label":"TRAILER"}],"product_brand":[{"value":1252,"label":"LEA"}],"product_cat":[{"value":3050,"label":"Bakljus Enkel Rund"},{"value":2585,"label":"Backljus"}],"pa_fuktskydd-varde-ipxx":[{"value":333,"label":"IP67"}],"pa_godkannande":[{"value":1262,"label":"ECE, EMC"}],"pa_storlek-mm":[{"value":2098,"label":"95x18"}],"pa_stromforbrukning":[{"value":2101,"label":"0,10A @28V"},{"value":2058,"label":"0,15A @13,8V"}],"pa_volt-v":[{"value":348,"label":"12, 24"}]},"featured_image_src_large":["https:\/\/xenonkungen.com\/wp-content\/uploads\/2025\/04\/16129406-origpic-db5153.jpg",600,600,false],"author_info":[],"comment_info":0,"_links":{"self":[{"href":"https:\/\/xenonkungen.com\/es\/wp-json\/wp\/v2\/product\/8555","targetHints":{"allow":["GET"]}}],"collection":[{"href":"https:\/\/xenonkungen.com\/es\/wp-json\/wp\/v2\/product"}],"about":[{"href":"https:\/\/xenonkungen.com\/es\/wp-json\/wp\/v2\/types\/product"}],"replies":[{"embeddable":true,"href":"https:\/\/xenonkungen.com\/es\/wp-json\/wp\/v2\/comments?post=8555"}],"wp:featuredmedia":[{"embeddable":true,"href":"https:\/\/xenonkungen.com\/es\/wp-json\/wp\/v2\/media\/8556"}],"wp:attachment":[{"href":"https:\/\/xenonkungen.com\/es\/wp-json\/wp\/v2\/media?parent=8555"}],"wp:term":[{"taxonomy":"anvandningsomrade","embeddable":true,"href":"https:\/\/xenonkungen.com\/es\/wp-json\/wp\/v2\/anvandningsomrade?post=8555"},{"taxonomy":"bilmarken","embeddable":true,"href":"https:\/\/xenonkungen.com\/es\/wp-json\/wp\/v2\/bilmarken?post=8555"},{"taxonomy":"product_brand","embeddable":true,"href":"https:\/\/xenonkungen.com\/es\/wp-json\/wp\/v2\/product_brand?post=8555"},{"taxonomy":"product_cat","embeddable":true,"href":"https:\/\/xenonkungen.com\/es\/wp-json\/wp\/v2\/product_cat?post=8555"},{"taxonomy":"product_tag","embeddable":true,"href":"https:\/\/xenonkungen.com\/es\/wp-json\/wp\/v2\/product_tag?post=8555"}],"curies":[{"name":"wp","href":"https:\/\/api.w.org\/{rel}","templated":true}]}}