{"id":8559,"date":"2025-04-15T10:07:43","date_gmt":"2025-04-15T10:07:43","guid":{"rendered":"https:\/\/xenonkungen.com\/product\/kompakt-kombinationslampa-100x100-12v-2-pack\/"},"modified":"2026-04-11T00:56:12","modified_gmt":"2026-04-10T23:56:12","slug":"lampara-combinada-compacta-100x100-12v-paquete-de-2","status":"publish","type":"product","link":"https:\/\/xenonkungen.com\/es\/producto\/lampara-combinada-compacta-100x100-12v-paquete-de-2\/","title":{"rendered":"L\u00e1mpara combinada compacta 100\u00d7100 | 12V (paquete de 2)"},"content":{"rendered":"<h1>Piloto trasero compacto con luz de freno, marcha atr\u00e1s, intermitente y reflex - Perfecto para espacios reducidos<\/h1>\n<p>Cuando se trata de mejorar la iluminaci\u00f3n y la seguridad de su veh\u00edculo, nuestra luz de se\u00f1alizaci\u00f3n trasera compacta de LED Autolamps es la opci\u00f3n ideal. Esta luz est\u00e1 equipada con una variedad de caracter\u00edsticas que la hacen vers\u00e1til y pr\u00e1ctica, a la vez que mantiene un perfil delgado con solo 22 mm de extensi\u00f3n.<\/p>\n<h2>Contenido del paquete:<\/h2>\n<p>2 L\u00e1mparas Compactas Combinadas 100\u00d7100 | 12V<\/p>\n<h2>5 a\u00f1os de garant\u00eda:<\/h2>\n<p>Para garantizar la calidad de nuestros productos, ofrecemos una impresionante garant\u00eda de 5 a\u00f1os. Esto le da una confianza adicional al elegir nuestra luz de posici\u00f3n trasera compacta.<\/p>\n<p>Esta luz es ideal para los propietarios de veh\u00edculos que necesitan una soluci\u00f3n fiable, compacta y de alta calidad para la iluminaci\u00f3n y la seguridad. Proporcione a su veh\u00edculo la protecci\u00f3n y visibilidad que se merece con nuestras luces de posici\u00f3n traseras compactas de LED Autolamps.<\/p>","protected":false},"excerpt":{"rendered":"<p>Luz de se\u00f1alizaci\u00f3n trasera completa con marcas de Stop, Marcha atr\u00e1s e Indicador y Reflex integrado. S\u00f3lo se extiende 22 mm.<\/p>\n<p>Voltios: 12V<br \/>\nProtecci\u00f3n contra la humedad: IP67<br \/>\nAprobaci\u00f3n: ECE<br \/>\nTama\u00f1o: 100 mm x 100 mm x 22 mm<br \/>\nGarant\u00eda: 5 a\u00f1os<\/p>\n<p>Contenido del paquete:<br \/>\n2 piezas L\u00e1mpara combinada compacta 100\u00d7100 | 12V<\/p>","protected":false},"featured_media":8560,"comment_status":"closed","ping_status":"open","template":"","meta":{"_acf_changed":false,"_smort_price_nok":"449","_smort_price_dkk":"285","_smort_price_eur":"38.18","_smort_sale_price_nok":"","_smort_sale_price_dkk":"","_smort_sale_price_eur":"","smort_restorder":"","shipmondo_restorder":"","_kad_blocks_custom_css":"","_kad_blocks_head_custom_js":"","_kad_blocks_body_custom_js":"","_kad_blocks_footer_custom_js":"","smort_custom_pricelist_1":"235.2","smort_custom_pricelist_2":"235.2","smort_custom_pricelist_3":"223.44","smort_custom_pricelist_4":"336","smort_custom_pricelist_5":"235.2"},"anvandningsomrade":[166,238,2816],"bilmarken":[],"product_brand":[1252],"product_cat":[2552],"product_tag":[],"class_list":{"0":"post-8559","1":"product","2":"type-product","3":"status-publish","4":"has-post-thumbnail","6":"anvandningsomrade-lastbil","7":"anvandningsomrade-slap","8":"anvandningsomrade-trailer","9":"product_brand-lea","10":"product_cat-bakljus-slap","11":"pa_fuktskydd-varde-ipxx-ip67","12":"pa_godkannande-ece-emc","13":"pa_storlek-mm-100x100x22","14":"pa_volt-v-159","16":"first","17":"onbackorder","18":"taxable","19":"shipping-taxable","20":"purchasable","21":"product-type-simple"},"bundled_by":[],"bundle_stock_status":"onbackorder","bundle_stock_quantity":0,"bundle_virtual":false,"bundle_layout":"","bundle_add_to_cart_form_location":"","bundle_editable_in_cart":false,"bundle_sold_individually_context":"","bundle_item_grouping":"","bundle_min_size":"","bundle_max_size":"","bundle_price":[],"bundled_items":[],"bundle_sell_ids":[],"acf":[],"yoast_head":"<!-- This site is optimized with the Yoast SEO plugin v27.0 - https:\/\/yoast.com\/product\/yoast-seo-wordpress\/ -->\n<title>Kompakt Kombinationslampa 100x100 | 12V (2-Pack) - Xenonkungen<\/title>\n<meta name=\"robots\" content=\"index, follow, max-snippet:-1, max-image-preview:large, max-video-preview:-1\" \/>\n<link rel=\"canonical\" href=\"https:\/\/xenonkungen.com\/es\/producto\/lampara-combinada-compacta-100x100-12v-paquete-de-2\/\" \/>\n<meta property=\"og:locale\" content=\"es_ES\" \/>\n<meta property=\"og:type\" content=\"article\" \/>\n<meta property=\"og:title\" content=\"Kompakt Kombinationslampa 100x100 | 12V (2-Pack) - Xenonkungen\" \/>\n<meta property=\"og:description\" content=\"Komplett bak-markeringslykta med Stopp-, Bak- och Blinkersmarkering samt integrerad Reflex. Bygger endast ut 22mm. Volt: 12V Fuktskydd: IP67 Godk\u00e4nnande: ECE Storlek: 100mm x 100mm x 22mm Garanti: 5 \u00e5r Paketinneh\u00e5ll: 2 st Kompakt Kombinationslampa 100x100 | 12V\" \/>\n<meta property=\"og:url\" content=\"https:\/\/xenonkungen.com\/es\/producto\/lampara-combinada-compacta-100x100-12v-paquete-de-2\/\" \/>\n<meta property=\"og:site_name\" content=\"Xenonkungen\" \/>\n<meta property=\"article:modified_time\" content=\"2026-04-10T23:56:12+00:00\" \/>\n<meta property=\"og:image\" content=\"https:\/\/xenonkungen.com\/wp-content\/uploads\/2025\/04\/177481593-origpic-a709a6.jpg\" \/>\n\t<meta property=\"og:image:width\" content=\"800\" \/>\n\t<meta property=\"og:image:height\" content=\"800\" \/>\n\t<meta property=\"og:image:type\" content=\"image\/jpeg\" \/>\n<meta name=\"twitter:card\" content=\"summary_large_image\" \/>\n<meta name=\"twitter:label1\" content=\"Tiempo de lectura\" \/>\n\t<meta name=\"twitter:data1\" content=\"1 minuto\" \/>\n<script type=\"application\/ld+json\" class=\"yoast-schema-graph\">{\"@context\":\"https:\/\/schema.org\",\"@graph\":[{\"@type\":\"WebPage\",\"@id\":\"https:\/\/xenonkungen.com\/es\/producto\/lampara-combinada-compacta-100x100-12v-paquete-de-2\/\",\"url\":\"https:\/\/xenonkungen.com\/es\/producto\/lampara-combinada-compacta-100x100-12v-paquete-de-2\/\",\"name\":\"Kompakt Kombinationslampa 100x100 | 12V (2-Pack) - Xenonkungen\",\"isPartOf\":{\"@id\":\"https:\/\/xenonkungen.com\/#website\"},\"primaryImageOfPage\":{\"@id\":\"https:\/\/xenonkungen.com\/es\/producto\/lampara-combinada-compacta-100x100-12v-paquete-de-2\/#primaryimage\"},\"image\":{\"@id\":\"https:\/\/xenonkungen.com\/es\/producto\/lampara-combinada-compacta-100x100-12v-paquete-de-2\/#primaryimage\"},\"thumbnailUrl\":\"https:\/\/xenonkungen.com\/wp-content\/uploads\/2025\/04\/177481593-origpic-a709a6.jpg\",\"datePublished\":\"2025-04-15T10:07:43+00:00\",\"dateModified\":\"2026-04-10T23:56:12+00:00\",\"breadcrumb\":{\"@id\":\"https:\/\/xenonkungen.com\/es\/producto\/lampara-combinada-compacta-100x100-12v-paquete-de-2\/#breadcrumb\"},\"inLanguage\":\"es\",\"potentialAction\":[{\"@type\":\"ReadAction\",\"target\":[\"https:\/\/xenonkungen.com\/es\/producto\/lampara-combinada-compacta-100x100-12v-paquete-de-2\/\"]}]},{\"@type\":\"ImageObject\",\"inLanguage\":\"es\",\"@id\":\"https:\/\/xenonkungen.com\/es\/producto\/lampara-combinada-compacta-100x100-12v-paquete-de-2\/#primaryimage\",\"url\":\"https:\/\/xenonkungen.com\/wp-content\/uploads\/2025\/04\/177481593-origpic-a709a6.jpg\",\"contentUrl\":\"https:\/\/xenonkungen.com\/wp-content\/uploads\/2025\/04\/177481593-origpic-a709a6.jpg\",\"width\":800,\"height\":800},{\"@type\":\"BreadcrumbList\",\"@id\":\"https:\/\/xenonkungen.com\/es\/producto\/lampara-combinada-compacta-100x100-12v-paquete-de-2\/#breadcrumb\",\"itemListElement\":[{\"@type\":\"ListItem\",\"position\":1,\"name\":\"Hem\",\"item\":\"https:\/\/xenonkungen.com\/\"},{\"@type\":\"ListItem\",\"position\":2,\"name\":\"Shop\",\"item\":\"https:\/\/xenonkungen.com\/shop\/\"},{\"@type\":\"ListItem\",\"position\":3,\"name\":\"Kompakt Kombinationslampa 100&#215;100 | 12V (2-Pack)\"}]},{\"@type\":\"WebSite\",\"@id\":\"https:\/\/xenonkungen.com\/#website\",\"url\":\"https:\/\/xenonkungen.com\/\",\"name\":\"Xenonkungen\",\"description\":\"\",\"potentialAction\":[{\"@type\":\"SearchAction\",\"target\":{\"@type\":\"EntryPoint\",\"urlTemplate\":\"https:\/\/xenonkungen.com\/?s={search_term_string}\"},\"query-input\":{\"@type\":\"PropertyValueSpecification\",\"valueRequired\":true,\"valueName\":\"search_term_string\"}}],\"inLanguage\":\"es\"}]}<\/script>\n<!-- \/ Yoast SEO plugin. -->","yoast_head_json":{"title":"L\u00e1mpara combinada compacta 100x100 | 12 V (paquete de 2) - The Xenon King","robots":{"index":"index","follow":"follow","max-snippet":"max-snippet:-1","max-image-preview":"max-image-preview:large","max-video-preview":"max-video-preview:-1"},"canonical":"https:\/\/xenonkungen.com\/es\/producto\/lampara-combinada-compacta-100x100-12v-paquete-de-2\/","og_locale":"es_ES","og_type":"article","og_title":"Kompakt Kombinationslampa 100x100 | 12V (2-Pack) - Xenonkungen","og_description":"Komplett bak-markeringslykta med Stopp-, Bak- och Blinkersmarkering samt integrerad Reflex. Bygger endast ut 22mm. Volt: 12V Fuktskydd: IP67 Godk\u00e4nnande: ECE Storlek: 100mm x 100mm x 22mm Garanti: 5 \u00e5r Paketinneh\u00e5ll: 2 st Kompakt Kombinationslampa 100x100 | 12V","og_url":"https:\/\/xenonkungen.com\/es\/producto\/lampara-combinada-compacta-100x100-12v-paquete-de-2\/","og_site_name":"Xenonkungen","article_modified_time":"2026-04-10T23:56:12+00:00","og_image":[{"width":800,"height":800,"url":"https:\/\/xenonkungen.com\/wp-content\/uploads\/2025\/04\/177481593-origpic-a709a6.jpg","type":"image\/jpeg"}],"twitter_card":"summary_large_image","twitter_misc":{"Tiempo de lectura":"1 minuto"},"schema":{"@context":"https:\/\/schema.org","@graph":[{"@type":"WebPage","@id":"https:\/\/xenonkungen.com\/es\/producto\/lampara-combinada-compacta-100x100-12v-paquete-de-2\/","url":"https:\/\/xenonkungen.com\/es\/producto\/lampara-combinada-compacta-100x100-12v-paquete-de-2\/","name":"L\u00e1mpara combinada compacta 100x100 | 12 V (paquete de 2) - The Xenon King","isPartOf":{"@id":"https:\/\/xenonkungen.com\/#website"},"primaryImageOfPage":{"@id":"https:\/\/xenonkungen.com\/es\/producto\/lampara-combinada-compacta-100x100-12v-paquete-de-2\/#primaryimage"},"image":{"@id":"https:\/\/xenonkungen.com\/es\/producto\/lampara-combinada-compacta-100x100-12v-paquete-de-2\/#primaryimage"},"thumbnailUrl":"https:\/\/xenonkungen.com\/wp-content\/uploads\/2025\/04\/177481593-origpic-a709a6.jpg","datePublished":"2025-04-15T10:07:43+00:00","dateModified":"2026-04-10T23:56:12+00:00","breadcrumb":{"@id":"https:\/\/xenonkungen.com\/es\/producto\/lampara-combinada-compacta-100x100-12v-paquete-de-2\/#breadcrumb"},"inLanguage":"es","potentialAction":[{"@type":"ReadAction","target":["https:\/\/xenonkungen.com\/es\/producto\/lampara-combinada-compacta-100x100-12v-paquete-de-2\/"]}]},{"@type":"ImageObject","inLanguage":"es","@id":"https:\/\/xenonkungen.com\/es\/producto\/lampara-combinada-compacta-100x100-12v-paquete-de-2\/#primaryimage","url":"https:\/\/xenonkungen.com\/wp-content\/uploads\/2025\/04\/177481593-origpic-a709a6.jpg","contentUrl":"https:\/\/xenonkungen.com\/wp-content\/uploads\/2025\/04\/177481593-origpic-a709a6.jpg","width":800,"height":800},{"@type":"BreadcrumbList","@id":"https:\/\/xenonkungen.com\/es\/producto\/lampara-combinada-compacta-100x100-12v-paquete-de-2\/#breadcrumb","itemListElement":[{"@type":"ListItem","position":1,"name":"Hem","item":"https:\/\/xenonkungen.com\/"},{"@type":"ListItem","position":2,"name":"Shop","item":"https:\/\/xenonkungen.com\/shop\/"},{"@type":"ListItem","position":3,"name":"Kompakt Kombinationslampa 100&#215;100 | 12V (2-Pack)"}]},{"@type":"WebSite","@id":"https:\/\/xenonkungen.com\/#website","url":"https:\/\/xenonkungen.com\/","name":"Xenonkungen","description":"","potentialAction":[{"@type":"SearchAction","target":{"@type":"EntryPoint","urlTemplate":"https:\/\/xenonkungen.com\/?s={search_term_string}"},"query-input":{"@type":"PropertyValueSpecification","valueRequired":true,"valueName":"search_term_string"}}],"inLanguage":"es"}]}},"taxonomy_info":{"anvandningsomrade":[{"value":166,"label":"Lastbil"},{"value":238,"label":"SL\u00c4P"},{"value":2816,"label":"TRAILER"}],"product_brand":[{"value":1252,"label":"LEA"}],"product_cat":[{"value":2552,"label":"Bakljus"}],"pa_fuktskydd-varde-ipxx":[{"value":333,"label":"IP67"}],"pa_godkannande":[{"value":1262,"label":"ECE, EMC"}],"pa_storlek-mm":[{"value":1598,"label":"100x100x22"}],"pa_volt-v":[{"value":159,"label":"12"}]},"featured_image_src_large":["https:\/\/xenonkungen.com\/wp-content\/uploads\/2025\/04\/177481593-origpic-a709a6.jpg",800,800,false],"author_info":[],"comment_info":0,"_links":{"self":[{"href":"https:\/\/xenonkungen.com\/es\/wp-json\/wp\/v2\/product\/8559","targetHints":{"allow":["GET"]}}],"collection":[{"href":"https:\/\/xenonkungen.com\/es\/wp-json\/wp\/v2\/product"}],"about":[{"href":"https:\/\/xenonkungen.com\/es\/wp-json\/wp\/v2\/types\/product"}],"replies":[{"embeddable":true,"href":"https:\/\/xenonkungen.com\/es\/wp-json\/wp\/v2\/comments?post=8559"}],"wp:featuredmedia":[{"embeddable":true,"href":"https:\/\/xenonkungen.com\/es\/wp-json\/wp\/v2\/media\/8560"}],"wp:attachment":[{"href":"https:\/\/xenonkungen.com\/es\/wp-json\/wp\/v2\/media?parent=8559"}],"wp:term":[{"taxonomy":"anvandningsomrade","embeddable":true,"href":"https:\/\/xenonkungen.com\/es\/wp-json\/wp\/v2\/anvandningsomrade?post=8559"},{"taxonomy":"bilmarken","embeddable":true,"href":"https:\/\/xenonkungen.com\/es\/wp-json\/wp\/v2\/bilmarken?post=8559"},{"taxonomy":"product_brand","embeddable":true,"href":"https:\/\/xenonkungen.com\/es\/wp-json\/wp\/v2\/product_brand?post=8559"},{"taxonomy":"product_cat","embeddable":true,"href":"https:\/\/xenonkungen.com\/es\/wp-json\/wp\/v2\/product_cat?post=8559"},{"taxonomy":"product_tag","embeddable":true,"href":"https:\/\/xenonkungen.com\/es\/wp-json\/wp\/v2\/product_tag?post=8559"}],"curies":[{"name":"wp","href":"https:\/\/api.w.org\/{rel}","templated":true}]}}