{"id":8607,"date":"2025-04-15T10:08:04","date_gmt":"2025-04-15T10:08:04","guid":{"rendered":"https:\/\/xenonkungen.com\/product\/baklampset-i-lagprofil-2-pack\/"},"modified":"2026-04-11T00:56:56","modified_gmt":"2026-04-10T23:56:56","slug":"juego-de-luces-traseras-en-perfil-de-equipo-paquete-de-2","status":"publish","type":"product","link":"https:\/\/xenonkungen.com\/es\/producto\/juego-de-luces-traseras-en-perfil-de-equipo-paquete-de-2\/","title":{"rendered":"Juego de luces traseras de perfil bajo (paquete de 2)"},"content":{"rendered":"<h1>Descubre luces innovadoras para veh\u00edculos<\/h1>\n<p>Descubre las impresionantes caracter\u00edsticas de este innovador par de luces traseras que mejorar\u00e1n tanto tu seguridad como la est\u00e9tica de tu veh\u00edculo en la carretera. Su dise\u00f1o estilizado las hace perfectas para una gran variedad de veh\u00edculos, desde coches peque\u00f1os hasta camiones grandes. Adem\u00e1s, incorporan reflectores triangulares que proporcionan mayor visibilidad y seguridad, especialmente durante la noche o con mal tiempo.<\/p>\n<p>Una de las caracter\u00edsticas m\u00e1s destacadas de estas luces es su total resistencia a la humedad y al polvo. Esto significa que est\u00e1n dise\u00f1adas para soportar condiciones clim\u00e1ticas y entornos adversos sin comprometer su rendimiento ni fiabilidad. Con una generosa garant\u00eda de 5 a\u00f1os, puede tener la plena seguridad de que estas luces funcionar\u00e1n a la perfecci\u00f3n durante mucho tiempo.<\/p>\n<p>Adem\u00e1s, estas luces est\u00e1n fabricadas con una lente de pl\u00e1stico resistente y un marco de ABS, lo que las hace duraderas y resistentes a los impactos y tensiones que puedan producirse durante los viajes por carretera.<\/p>\n<p>Estos pilotos traseros cuentan con la homologaci\u00f3n ECE para m\u00faltiples usos, incluyendo luces de posici\u00f3n, luces de freno, intermitentes y luces antiniebla. Esto significa que cumplen con las estrictas normas europeas de iluminaci\u00f3n para veh\u00edculos, ofreci\u00e9ndole una mayor confianza en su rendimiento y seguridad.<\/p>\n<p>Para aumentar su versatilidad, tambi\u00e9n hay una salida para conectar a la iluminaci\u00f3n de letreros con el accesorio LEA-35BLME1P.<\/p>\n<p>Estas luces funcionan sin problemas tanto con sistemas de 12V como de 24V y tienen unas dimensiones de 195x148x22 mm, lo que las hace ideales para diversos tipos de veh\u00edculos.<\/p>\n<p>Por \u00faltimo, este juego incluye dos luces, una para el lado izquierdo y otra para el derecho de su veh\u00edculo, que proporcionan una iluminaci\u00f3n equilibrada y uniforme para aumentar su visibilidad y seguridad en la carretera. Con una garant\u00eda de 5 a\u00f1os, puede estar seguro de que estas luces ser\u00e1n compa\u00f1eras fiables en sus viajes y contribuir\u00e1n a que su experiencia de conducci\u00f3n sea m\u00e1s segura y c\u00f3moda.<\/p>","protected":false},"excerpt":{"rendered":"<p>Uppt\u00e4ck Innovativa Fordonslampor Utforska de imponerande funktionerna hos detta par innovativa baklampor som kommer att f\u00f6rb\u00e4ttra b\u00e5de din s\u00e4kerhet och fordonets estetik p\u00e5 v\u00e4gen. Dessa lampor har en slimmad design som g\u00f6r dem perfekta f\u00f6r olika fordon, fr\u00e5n sm\u00e5 bilar till stora lastbilar. Dessutom \u00e4r de utrustade med integrerade triangelreflektorer, vilket ger extra synlighet och [&hellip;]<\/p>","protected":false},"featured_media":8608,"comment_status":"closed","ping_status":"open","template":"","meta":{"_acf_changed":false,"_smort_price_nok":"1997","_smort_price_dkk":"1269","_smort_price_eur":"169.99","_smort_sale_price_nok":"","_smort_sale_price_dkk":"","_smort_sale_price_eur":"","smort_restorder":"","shipmondo_restorder":"","_kad_blocks_custom_css":"","_kad_blocks_head_custom_js":"","_kad_blocks_body_custom_js":"","_kad_blocks_footer_custom_js":"","smort_custom_pricelist_1":"1196.8","smort_custom_pricelist_2":"1047.2","smort_custom_pricelist_3":"994.84","smort_custom_pricelist_4":"1496","smort_custom_pricelist_5":"1047.2"},"anvandningsomrade":[166,238,2816],"bilmarken":[],"product_brand":[1252],"product_cat":[2552],"product_tag":[],"class_list":{"0":"post-8607","1":"product","2":"type-product","3":"status-publish","4":"has-post-thumbnail","6":"anvandningsomrade-lastbil","7":"anvandningsomrade-slap","8":"anvandningsomrade-trailer","9":"product_brand-lea","10":"product_cat-bakljus-slap","11":"pa_storlek-mm-195x148x22","12":"pa_volt-v-12-24","14":"first","15":"onbackorder","16":"taxable","17":"shipping-taxable","18":"purchasable","19":"product-type-simple"},"bundled_by":[],"bundle_stock_status":"onbackorder","bundle_stock_quantity":0,"bundle_virtual":false,"bundle_layout":"","bundle_add_to_cart_form_location":"","bundle_editable_in_cart":false,"bundle_sold_individually_context":"","bundle_item_grouping":"","bundle_min_size":"","bundle_max_size":"","bundle_price":[],"bundled_items":[],"bundle_sell_ids":[],"acf":[],"yoast_head":"<!-- This site is optimized with the Yoast SEO plugin v27.0 - https:\/\/yoast.com\/product\/yoast-seo-wordpress\/ -->\n<title>Baklampset i l\u00e5gprofil (2-Pack) - Xenonkungen<\/title>\n<meta name=\"robots\" content=\"index, follow, max-snippet:-1, max-image-preview:large, max-video-preview:-1\" \/>\n<link rel=\"canonical\" href=\"https:\/\/xenonkungen.com\/es\/producto\/juego-de-luces-traseras-en-perfil-de-equipo-paquete-de-2\/\" \/>\n<meta property=\"og:locale\" content=\"es_ES\" \/>\n<meta property=\"og:type\" content=\"article\" \/>\n<meta property=\"og:title\" content=\"Baklampset i l\u00e5gprofil (2-Pack) - Xenonkungen\" \/>\n<meta property=\"og:description\" content=\"Uppt\u00e4ck Innovativa Fordonslampor Utforska de imponerande funktionerna hos detta par innovativa baklampor som kommer att f\u00f6rb\u00e4ttra b\u00e5de din s\u00e4kerhet och fordonets estetik p\u00e5 v\u00e4gen. Dessa lampor har en slimmad design som g\u00f6r dem perfekta f\u00f6r olika fordon, fr\u00e5n sm\u00e5 bilar till stora lastbilar. Dessutom \u00e4r de utrustade med integrerade triangelreflektorer, vilket ger extra synlighet och [&hellip;]\" \/>\n<meta property=\"og:url\" content=\"https:\/\/xenonkungen.com\/es\/producto\/juego-de-luces-traseras-en-perfil-de-equipo-paquete-de-2\/\" \/>\n<meta property=\"og:site_name\" content=\"Xenonkungen\" \/>\n<meta property=\"article:modified_time\" content=\"2026-04-10T23:56:56+00:00\" \/>\n<meta property=\"og:image\" content=\"https:\/\/xenonkungen.com\/wp-content\/uploads\/2025\/04\/21671288-origpic-474167.jpg\" \/>\n\t<meta property=\"og:image:width\" content=\"490\" \/>\n\t<meta property=\"og:image:height\" content=\"490\" \/>\n\t<meta property=\"og:image:type\" content=\"image\/jpeg\" \/>\n<meta name=\"twitter:card\" content=\"summary_large_image\" \/>\n<meta name=\"twitter:label1\" content=\"Tiempo de lectura\" \/>\n\t<meta name=\"twitter:data1\" content=\"2 minutos\" \/>\n<script type=\"application\/ld+json\" class=\"yoast-schema-graph\">{\"@context\":\"https:\/\/schema.org\",\"@graph\":[{\"@type\":\"WebPage\",\"@id\":\"https:\/\/xenonkungen.com\/no\/produkt\/baklyktsett-i-teamprofil-2-pakning\/\",\"url\":\"https:\/\/xenonkungen.com\/no\/produkt\/baklyktsett-i-teamprofil-2-pakning\/\",\"name\":\"Baklampset i l\u00e5gprofil (2-Pack) - Xenonkungen\",\"isPartOf\":{\"@id\":\"https:\/\/xenonkungen.com\/#website\"},\"primaryImageOfPage\":{\"@id\":\"https:\/\/xenonkungen.com\/no\/produkt\/baklyktsett-i-teamprofil-2-pakning\/#primaryimage\"},\"image\":{\"@id\":\"https:\/\/xenonkungen.com\/no\/produkt\/baklyktsett-i-teamprofil-2-pakning\/#primaryimage\"},\"thumbnailUrl\":\"https:\/\/xenonkungen.com\/wp-content\/uploads\/2025\/04\/21671288-origpic-474167.jpg\",\"datePublished\":\"2025-04-15T10:08:04+00:00\",\"dateModified\":\"2026-04-10T23:56:56+00:00\",\"breadcrumb\":{\"@id\":\"https:\/\/xenonkungen.com\/no\/produkt\/baklyktsett-i-teamprofil-2-pakning\/#breadcrumb\"},\"inLanguage\":\"es\",\"potentialAction\":[{\"@type\":\"ReadAction\",\"target\":[\"https:\/\/xenonkungen.com\/no\/produkt\/baklyktsett-i-teamprofil-2-pakning\/\"]}]},{\"@type\":\"ImageObject\",\"inLanguage\":\"es\",\"@id\":\"https:\/\/xenonkungen.com\/no\/produkt\/baklyktsett-i-teamprofil-2-pakning\/#primaryimage\",\"url\":\"https:\/\/xenonkungen.com\/wp-content\/uploads\/2025\/04\/21671288-origpic-474167.jpg\",\"contentUrl\":\"https:\/\/xenonkungen.com\/wp-content\/uploads\/2025\/04\/21671288-origpic-474167.jpg\",\"width\":490,\"height\":490},{\"@type\":\"BreadcrumbList\",\"@id\":\"https:\/\/xenonkungen.com\/no\/produkt\/baklyktsett-i-teamprofil-2-pakning\/#breadcrumb\",\"itemListElement\":[{\"@type\":\"ListItem\",\"position\":1,\"name\":\"Hem\",\"item\":\"https:\/\/xenonkungen.com\/\"},{\"@type\":\"ListItem\",\"position\":2,\"name\":\"Shop\",\"item\":\"https:\/\/xenonkungen.com\/shop\/\"},{\"@type\":\"ListItem\",\"position\":3,\"name\":\"Baklampset i l\u00e5gprofil (2-Pack)\"}]},{\"@type\":\"WebSite\",\"@id\":\"https:\/\/xenonkungen.com\/#website\",\"url\":\"https:\/\/xenonkungen.com\/\",\"name\":\"Xenonkungen\",\"description\":\"\",\"potentialAction\":[{\"@type\":\"SearchAction\",\"target\":{\"@type\":\"EntryPoint\",\"urlTemplate\":\"https:\/\/xenonkungen.com\/?s={search_term_string}\"},\"query-input\":{\"@type\":\"PropertyValueSpecification\",\"valueRequired\":true,\"valueName\":\"search_term_string\"}}],\"inLanguage\":\"es\"}]}<\/script>\n<!-- \/ Yoast SEO plugin. -->","yoast_head_json":{"title":"Juego de luces traseras de perfil bajo (paquete de 2) - Xenonkungen","robots":{"index":"index","follow":"follow","max-snippet":"max-snippet:-1","max-image-preview":"max-image-preview:large","max-video-preview":"max-video-preview:-1"},"canonical":"https:\/\/xenonkungen.com\/es\/producto\/juego-de-luces-traseras-en-perfil-de-equipo-paquete-de-2\/","og_locale":"es_ES","og_type":"article","og_title":"Baklampset i l\u00e5gprofil (2-Pack) - Xenonkungen","og_description":"Uppt\u00e4ck Innovativa Fordonslampor Utforska de imponerande funktionerna hos detta par innovativa baklampor som kommer att f\u00f6rb\u00e4ttra b\u00e5de din s\u00e4kerhet och fordonets estetik p\u00e5 v\u00e4gen. Dessa lampor har en slimmad design som g\u00f6r dem perfekta f\u00f6r olika fordon, fr\u00e5n sm\u00e5 bilar till stora lastbilar. Dessutom \u00e4r de utrustade med integrerade triangelreflektorer, vilket ger extra synlighet och [&hellip;]","og_url":"https:\/\/xenonkungen.com\/es\/producto\/juego-de-luces-traseras-en-perfil-de-equipo-paquete-de-2\/","og_site_name":"Xenonkungen","article_modified_time":"2026-04-10T23:56:56+00:00","og_image":[{"width":490,"height":490,"url":"https:\/\/xenonkungen.com\/wp-content\/uploads\/2025\/04\/21671288-origpic-474167.jpg","type":"image\/jpeg"}],"twitter_card":"summary_large_image","twitter_misc":{"Tiempo de lectura":"2 minutos"},"schema":{"@context":"https:\/\/schema.org","@graph":[{"@type":"WebPage","@id":"https:\/\/xenonkungen.com\/no\/produkt\/baklyktsett-i-teamprofil-2-pakning\/","url":"https:\/\/xenonkungen.com\/no\/produkt\/baklyktsett-i-teamprofil-2-pakning\/","name":"Juego de luces traseras de perfil bajo (paquete de 2) - Xenonkungen","isPartOf":{"@id":"https:\/\/xenonkungen.com\/#website"},"primaryImageOfPage":{"@id":"https:\/\/xenonkungen.com\/no\/produkt\/baklyktsett-i-teamprofil-2-pakning\/#primaryimage"},"image":{"@id":"https:\/\/xenonkungen.com\/no\/produkt\/baklyktsett-i-teamprofil-2-pakning\/#primaryimage"},"thumbnailUrl":"https:\/\/xenonkungen.com\/wp-content\/uploads\/2025\/04\/21671288-origpic-474167.jpg","datePublished":"2025-04-15T10:08:04+00:00","dateModified":"2026-04-10T23:56:56+00:00","breadcrumb":{"@id":"https:\/\/xenonkungen.com\/no\/produkt\/baklyktsett-i-teamprofil-2-pakning\/#breadcrumb"},"inLanguage":"es","potentialAction":[{"@type":"ReadAction","target":["https:\/\/xenonkungen.com\/no\/produkt\/baklyktsett-i-teamprofil-2-pakning\/"]}]},{"@type":"ImageObject","inLanguage":"es","@id":"https:\/\/xenonkungen.com\/no\/produkt\/baklyktsett-i-teamprofil-2-pakning\/#primaryimage","url":"https:\/\/xenonkungen.com\/wp-content\/uploads\/2025\/04\/21671288-origpic-474167.jpg","contentUrl":"https:\/\/xenonkungen.com\/wp-content\/uploads\/2025\/04\/21671288-origpic-474167.jpg","width":490,"height":490},{"@type":"BreadcrumbList","@id":"https:\/\/xenonkungen.com\/no\/produkt\/baklyktsett-i-teamprofil-2-pakning\/#breadcrumb","itemListElement":[{"@type":"ListItem","position":1,"name":"Hem","item":"https:\/\/xenonkungen.com\/"},{"@type":"ListItem","position":2,"name":"Shop","item":"https:\/\/xenonkungen.com\/shop\/"},{"@type":"ListItem","position":3,"name":"Baklampset i l\u00e5gprofil (2-Pack)"}]},{"@type":"WebSite","@id":"https:\/\/xenonkungen.com\/#website","url":"https:\/\/xenonkungen.com\/","name":"Xenonkungen","description":"","potentialAction":[{"@type":"SearchAction","target":{"@type":"EntryPoint","urlTemplate":"https:\/\/xenonkungen.com\/?s={search_term_string}"},"query-input":{"@type":"PropertyValueSpecification","valueRequired":true,"valueName":"search_term_string"}}],"inLanguage":"es"}]}},"taxonomy_info":{"anvandningsomrade":[{"value":166,"label":"Lastbil"},{"value":238,"label":"SL\u00c4P"},{"value":2816,"label":"TRAILER"}],"product_brand":[{"value":1252,"label":"LEA"}],"product_cat":[{"value":2552,"label":"Bakljus"}],"pa_storlek-mm":[{"value":2110,"label":"195x148x22"}],"pa_volt-v":[{"value":348,"label":"12, 24"}]},"featured_image_src_large":["https:\/\/xenonkungen.com\/wp-content\/uploads\/2025\/04\/21671288-origpic-474167.jpg",490,490,false],"author_info":[],"comment_info":0,"_links":{"self":[{"href":"https:\/\/xenonkungen.com\/es\/wp-json\/wp\/v2\/product\/8607","targetHints":{"allow":["GET"]}}],"collection":[{"href":"https:\/\/xenonkungen.com\/es\/wp-json\/wp\/v2\/product"}],"about":[{"href":"https:\/\/xenonkungen.com\/es\/wp-json\/wp\/v2\/types\/product"}],"replies":[{"embeddable":true,"href":"https:\/\/xenonkungen.com\/es\/wp-json\/wp\/v2\/comments?post=8607"}],"wp:featuredmedia":[{"embeddable":true,"href":"https:\/\/xenonkungen.com\/es\/wp-json\/wp\/v2\/media\/8608"}],"wp:attachment":[{"href":"https:\/\/xenonkungen.com\/es\/wp-json\/wp\/v2\/media?parent=8607"}],"wp:term":[{"taxonomy":"anvandningsomrade","embeddable":true,"href":"https:\/\/xenonkungen.com\/es\/wp-json\/wp\/v2\/anvandningsomrade?post=8607"},{"taxonomy":"bilmarken","embeddable":true,"href":"https:\/\/xenonkungen.com\/es\/wp-json\/wp\/v2\/bilmarken?post=8607"},{"taxonomy":"product_brand","embeddable":true,"href":"https:\/\/xenonkungen.com\/es\/wp-json\/wp\/v2\/product_brand?post=8607"},{"taxonomy":"product_cat","embeddable":true,"href":"https:\/\/xenonkungen.com\/es\/wp-json\/wp\/v2\/product_cat?post=8607"},{"taxonomy":"product_tag","embeddable":true,"href":"https:\/\/xenonkungen.com\/es\/wp-json\/wp\/v2\/product_tag?post=8607"}],"curies":[{"name":"wp","href":"https:\/\/api.w.org\/{rel}","templated":true}]}}