{"id":8611,"date":"2025-04-15T10:08:04","date_gmt":"2025-04-15T10:08:04","guid":{"rendered":"https:\/\/xenonkungen.com\/product\/sidomarkering-eu38am\/"},"modified":"2026-04-11T00:57:02","modified_gmt":"2026-04-10T23:57:02","slug":"marca-lateral-eu38am","status":"publish","type":"product","link":"https:\/\/xenonkungen.com\/es\/producto\/marca-lateral-eu38am\/","title":{"rendered":"Marcado lateral EU38AM"},"content":{"rendered":"<div class=\"container\">\n<h1>Innovadora luz de posici\u00f3n lateral LED con reflejo y patr\u00f3n de lente en forma de diamante<\/h1>\n<p>Esta luz de posici\u00f3n lateral LED destaca por su dise\u00f1o innovador y sus avanzadas caracter\u00edsticas, perfectas para aumentar la seguridad y la visibilidad de todo tipo de veh\u00edculos. Con tres potentes luces LED y una placa reflectora integrada, esta luz garantiza una excelente visibilidad en la oscuridad o en condiciones clim\u00e1ticas adversas. Su exclusivo patr\u00f3n de lente &quot;Diamond&quot; no solo realza la intensidad de la luz, sino que tambi\u00e9n le da un aspecto distintivo y elegante al veh\u00edculo.<\/p>\n<h2>Especificaciones<\/h2>\n<ul>\n<li>Fuente de luz: 3 LED para alto brillo.<\/li>\n<li>M\u00e9todo de montaje: F\u00e1cil instalaci\u00f3n sin tornillos, el marco de la l\u00e1mpara se compra por separado.<\/li>\n<li>Electr\u00f3nica: Sellado a prueba de fugas para garantizar un uso a largo plazo.<\/li>\n<li>Dise\u00f1o: Patr\u00f3n de lente &quot;Diamante&quot; patentado para una distribuci\u00f3n de luz y una est\u00e9tica \u00fanicas<\/li>\n<li>Protecci\u00f3n: clasificaci\u00f3n IP67, protecci\u00f3n completa contra el agua y el polvo.<\/li>\n<\/ul>\n<h2>Caracter\u00edsticas y ventajas<\/h2>\n<p>Esta luz de posici\u00f3n lateral es la soluci\u00f3n perfecta para quienes buscan estilo, rendimiento y durabilidad. Su montaje sin tornillos facilita la instalaci\u00f3n y permite cambios o mejoras r\u00e1pidas sin necesidad de herramientas complejas. Su electr\u00f3nica a prueba de fugas y su clasificaci\u00f3n IP67 garantizan la resistencia a las inclemencias del tiempo y las condiciones adversas, mientras que el patr\u00f3n de lente patentado &quot;Diamond&quot; no solo aumenta la luminosidad, sino que tambi\u00e9n realza la est\u00e9tica del veh\u00edculo.<\/p>\n<ul>\n<li>Mayor visibilidad y seguridad gracias a las luces LED de alta intensidad y al reflector incorporado.<\/li>\n<li>Dise\u00f1o \u00fanico y elegante con patr\u00f3n de lente &#039;Diamante&#039;<\/li>\n<li>La clasificaci\u00f3n IP67 ofrece una protecci\u00f3n superior contra el agua y el polvo<\/li>\n<li>Montaje sencillo y flexible que facilita la instalaci\u00f3n y el mantenimiento.<\/li>\n<li>Ideal para una variedad de veh\u00edculos, desde autom\u00f3viles de pasajeros hasta veh\u00edculos comerciales pesados.<\/li>\n<\/ul>\n<\/div>\n<p><strong>Garant\u00eda:<\/strong> 5 a\u00f1os<\/p>\n<p><iframe loading=\"lazy\" height=\"314\" src=\"https:\/\/www.youtube.com\/embed\/g0PGIWD45QI\" width=\"560\" allowfullscreen=\"allowfullscreen\"><\/iframe><\/p>","protected":false},"excerpt":{"rendered":"<p>Innovativ LED Sidomarkeringslampa med Reflex och &#8217;Diamond&#8217; Linsm\u00f6nster Denna LED sidomarkeringslampa utm\u00e4rker sig med sin innovativa design och avancerade funktioner, perfekt f\u00f6r att \u00f6ka s\u00e4kerheten och synligheten f\u00f6r alla typer av fordon. Med tre kraftfulla LED-ljus och en inbyggd reflexplatta garanterar denna lampa utm\u00e4rkt synlighet i m\u00f6rker eller under sv\u00e5ra v\u00e4derf\u00f6rh\u00e5llanden. Dess unika &#8217;Diamond&#8217; linsm\u00f6nster [&hellip;]<\/p>","protected":false},"featured_media":8612,"comment_status":"closed","ping_status":"open","template":"","meta":{"_acf_changed":false,"_smort_price_nok":"128","_smort_price_dkk":"81","_smort_price_eur":"10.91","_smort_sale_price_nok":"","_smort_sale_price_dkk":"","_smort_sale_price_eur":"","smort_restorder":"","shipmondo_restorder":"","_kad_blocks_custom_css":"","_kad_blocks_head_custom_js":"","_kad_blocks_body_custom_js":"","_kad_blocks_footer_custom_js":"","smort_custom_pricelist_1":"67.2","smort_custom_pricelist_2":"67.2","smort_custom_pricelist_3":"63.84","smort_custom_pricelist_4":"96","smort_custom_pricelist_5":"67.2"},"anvandningsomrade":[166,238,2816],"bilmarken":[],"product_brand":[1252],"product_cat":[2478,2813],"product_tag":[],"class_list":{"0":"post-8611","1":"product","2":"type-product","3":"status-publish","4":"has-post-thumbnail","6":"anvandningsomrade-lastbil","7":"anvandningsomrade-slap","8":"anvandningsomrade-trailer","9":"product_brand-lea","10":"product_cat-positionsljus-slap","11":"product_cat-sido","12":"pa_fuktskydd-varde-ipxx-ip67","13":"pa_godkannande-ece","14":"pa_storlek-mm-100x38x13","15":"pa_stromforbrukning-0-03a13-8v","16":"pa_stromforbrukning-0-04a28v","17":"pa_volt-v-12-24","19":"first","20":"instock","21":"taxable","22":"shipping-taxable","23":"purchasable","24":"product-type-simple"},"bundled_by":[],"bundle_stock_status":"instock","bundle_stock_quantity":2,"bundle_virtual":false,"bundle_layout":"","bundle_add_to_cart_form_location":"","bundle_editable_in_cart":false,"bundle_sold_individually_context":"","bundle_item_grouping":"","bundle_min_size":"","bundle_max_size":"","bundle_price":[],"bundled_items":[],"bundle_sell_ids":[],"acf":[],"yoast_head":"<!-- This site is optimized with the Yoast SEO plugin v27.0 - https:\/\/yoast.com\/product\/yoast-seo-wordpress\/ -->\n<title>Sidomarkering EU38AM - Xenonkungen<\/title>\n<meta name=\"robots\" content=\"index, follow, max-snippet:-1, max-image-preview:large, max-video-preview:-1\" \/>\n<link rel=\"canonical\" href=\"https:\/\/xenonkungen.com\/es\/producto\/marca-lateral-eu38am\/\" \/>\n<meta property=\"og:locale\" content=\"es_ES\" \/>\n<meta property=\"og:type\" content=\"article\" \/>\n<meta property=\"og:title\" content=\"Sidomarkering EU38AM - Xenonkungen\" \/>\n<meta property=\"og:description\" content=\"Innovativ LED Sidomarkeringslampa med Reflex och &#8217;Diamond&#8217; Linsm\u00f6nster Denna LED sidomarkeringslampa utm\u00e4rker sig med sin innovativa design och avancerade funktioner, perfekt f\u00f6r att \u00f6ka s\u00e4kerheten och synligheten f\u00f6r alla typer av fordon. Med tre kraftfulla LED-ljus och en inbyggd reflexplatta garanterar denna lampa utm\u00e4rkt synlighet i m\u00f6rker eller under sv\u00e5ra v\u00e4derf\u00f6rh\u00e5llanden. Dess unika &#8217;Diamond&#8217; linsm\u00f6nster [&hellip;]\" \/>\n<meta property=\"og:url\" content=\"https:\/\/xenonkungen.com\/es\/producto\/marca-lateral-eu38am\/\" \/>\n<meta property=\"og:site_name\" content=\"Xenonkungen\" \/>\n<meta property=\"article:modified_time\" content=\"2026-04-10T23:57:02+00:00\" \/>\n<meta property=\"og:image\" content=\"https:\/\/xenonkungen.com\/wp-content\/uploads\/2025\/04\/21677962-origpic-103ea6.jpg\" \/>\n\t<meta property=\"og:image:width\" content=\"410\" \/>\n\t<meta property=\"og:image:height\" content=\"410\" \/>\n\t<meta property=\"og:image:type\" content=\"image\/jpeg\" \/>\n<meta name=\"twitter:card\" content=\"summary_large_image\" \/>\n<meta name=\"twitter:label1\" content=\"Tiempo de lectura\" \/>\n\t<meta name=\"twitter:data1\" content=\"1 minuto\" \/>\n<script type=\"application\/ld+json\" class=\"yoast-schema-graph\">{\"@context\":\"https:\/\/schema.org\",\"@graph\":[{\"@type\":\"WebPage\",\"@id\":\"https:\/\/xenonkungen.com\/dk\/vare\/sidomarkering-eu38am\/\",\"url\":\"https:\/\/xenonkungen.com\/dk\/vare\/sidomarkering-eu38am\/\",\"name\":\"Sidomarkering EU38AM - Xenonkungen\",\"isPartOf\":{\"@id\":\"https:\/\/xenonkungen.com\/#website\"},\"primaryImageOfPage\":{\"@id\":\"https:\/\/xenonkungen.com\/dk\/vare\/sidomarkering-eu38am\/#primaryimage\"},\"image\":{\"@id\":\"https:\/\/xenonkungen.com\/dk\/vare\/sidomarkering-eu38am\/#primaryimage\"},\"thumbnailUrl\":\"https:\/\/xenonkungen.com\/wp-content\/uploads\/2025\/04\/21677962-origpic-103ea6.jpg\",\"datePublished\":\"2025-04-15T10:08:04+00:00\",\"dateModified\":\"2026-04-10T23:57:02+00:00\",\"breadcrumb\":{\"@id\":\"https:\/\/xenonkungen.com\/dk\/vare\/sidomarkering-eu38am\/#breadcrumb\"},\"inLanguage\":\"es\",\"potentialAction\":[{\"@type\":\"ReadAction\",\"target\":[\"https:\/\/xenonkungen.com\/dk\/vare\/sidomarkering-eu38am\/\"]}]},{\"@type\":\"ImageObject\",\"inLanguage\":\"es\",\"@id\":\"https:\/\/xenonkungen.com\/dk\/vare\/sidomarkering-eu38am\/#primaryimage\",\"url\":\"https:\/\/xenonkungen.com\/wp-content\/uploads\/2025\/04\/21677962-origpic-103ea6.jpg\",\"contentUrl\":\"https:\/\/xenonkungen.com\/wp-content\/uploads\/2025\/04\/21677962-origpic-103ea6.jpg\",\"width\":410,\"height\":410},{\"@type\":\"BreadcrumbList\",\"@id\":\"https:\/\/xenonkungen.com\/dk\/vare\/sidomarkering-eu38am\/#breadcrumb\",\"itemListElement\":[{\"@type\":\"ListItem\",\"position\":1,\"name\":\"Hem\",\"item\":\"https:\/\/xenonkungen.com\/\"},{\"@type\":\"ListItem\",\"position\":2,\"name\":\"Shop\",\"item\":\"https:\/\/xenonkungen.com\/shop\/\"},{\"@type\":\"ListItem\",\"position\":3,\"name\":\"Sidomarkering EU38AM\"}]},{\"@type\":\"WebSite\",\"@id\":\"https:\/\/xenonkungen.com\/#website\",\"url\":\"https:\/\/xenonkungen.com\/\",\"name\":\"Xenonkungen\",\"description\":\"\",\"potentialAction\":[{\"@type\":\"SearchAction\",\"target\":{\"@type\":\"EntryPoint\",\"urlTemplate\":\"https:\/\/xenonkungen.com\/?s={search_term_string}\"},\"query-input\":{\"@type\":\"PropertyValueSpecification\",\"valueRequired\":true,\"valueName\":\"search_term_string\"}}],\"inLanguage\":\"es\"}]}<\/script>\n<!-- \/ Yoast SEO plugin. -->","yoast_head_json":{"title":"Marcado lateral EU38AM - El Rey del Xen\u00f3n","robots":{"index":"index","follow":"follow","max-snippet":"max-snippet:-1","max-image-preview":"max-image-preview:large","max-video-preview":"max-video-preview:-1"},"canonical":"https:\/\/xenonkungen.com\/es\/producto\/marca-lateral-eu38am\/","og_locale":"es_ES","og_type":"article","og_title":"Sidomarkering EU38AM - Xenonkungen","og_description":"Innovativ LED Sidomarkeringslampa med Reflex och &#8217;Diamond&#8217; Linsm\u00f6nster Denna LED sidomarkeringslampa utm\u00e4rker sig med sin innovativa design och avancerade funktioner, perfekt f\u00f6r att \u00f6ka s\u00e4kerheten och synligheten f\u00f6r alla typer av fordon. Med tre kraftfulla LED-ljus och en inbyggd reflexplatta garanterar denna lampa utm\u00e4rkt synlighet i m\u00f6rker eller under sv\u00e5ra v\u00e4derf\u00f6rh\u00e5llanden. Dess unika &#8217;Diamond&#8217; linsm\u00f6nster [&hellip;]","og_url":"https:\/\/xenonkungen.com\/es\/producto\/marca-lateral-eu38am\/","og_site_name":"Xenonkungen","article_modified_time":"2026-04-10T23:57:02+00:00","og_image":[{"width":410,"height":410,"url":"https:\/\/xenonkungen.com\/wp-content\/uploads\/2025\/04\/21677962-origpic-103ea6.jpg","type":"image\/jpeg"}],"twitter_card":"summary_large_image","twitter_misc":{"Tiempo de lectura":"1 minuto"},"schema":{"@context":"https:\/\/schema.org","@graph":[{"@type":"WebPage","@id":"https:\/\/xenonkungen.com\/dk\/vare\/sidomarkering-eu38am\/","url":"https:\/\/xenonkungen.com\/dk\/vare\/sidomarkering-eu38am\/","name":"Marcado lateral EU38AM - El Rey del Xen\u00f3n","isPartOf":{"@id":"https:\/\/xenonkungen.com\/#website"},"primaryImageOfPage":{"@id":"https:\/\/xenonkungen.com\/dk\/vare\/sidomarkering-eu38am\/#primaryimage"},"image":{"@id":"https:\/\/xenonkungen.com\/dk\/vare\/sidomarkering-eu38am\/#primaryimage"},"thumbnailUrl":"https:\/\/xenonkungen.com\/wp-content\/uploads\/2025\/04\/21677962-origpic-103ea6.jpg","datePublished":"2025-04-15T10:08:04+00:00","dateModified":"2026-04-10T23:57:02+00:00","breadcrumb":{"@id":"https:\/\/xenonkungen.com\/dk\/vare\/sidomarkering-eu38am\/#breadcrumb"},"inLanguage":"es","potentialAction":[{"@type":"ReadAction","target":["https:\/\/xenonkungen.com\/dk\/vare\/sidomarkering-eu38am\/"]}]},{"@type":"ImageObject","inLanguage":"es","@id":"https:\/\/xenonkungen.com\/dk\/vare\/sidomarkering-eu38am\/#primaryimage","url":"https:\/\/xenonkungen.com\/wp-content\/uploads\/2025\/04\/21677962-origpic-103ea6.jpg","contentUrl":"https:\/\/xenonkungen.com\/wp-content\/uploads\/2025\/04\/21677962-origpic-103ea6.jpg","width":410,"height":410},{"@type":"BreadcrumbList","@id":"https:\/\/xenonkungen.com\/dk\/vare\/sidomarkering-eu38am\/#breadcrumb","itemListElement":[{"@type":"ListItem","position":1,"name":"Hem","item":"https:\/\/xenonkungen.com\/"},{"@type":"ListItem","position":2,"name":"Shop","item":"https:\/\/xenonkungen.com\/shop\/"},{"@type":"ListItem","position":3,"name":"Sidomarkering EU38AM"}]},{"@type":"WebSite","@id":"https:\/\/xenonkungen.com\/#website","url":"https:\/\/xenonkungen.com\/","name":"Xenonkungen","description":"","potentialAction":[{"@type":"SearchAction","target":{"@type":"EntryPoint","urlTemplate":"https:\/\/xenonkungen.com\/?s={search_term_string}"},"query-input":{"@type":"PropertyValueSpecification","valueRequired":true,"valueName":"search_term_string"}}],"inLanguage":"es"}]}},"taxonomy_info":{"anvandningsomrade":[{"value":166,"label":"Lastbil"},{"value":238,"label":"SL\u00c4P"},{"value":2816,"label":"TRAILER"}],"product_brand":[{"value":1252,"label":"LEA"}],"product_cat":[{"value":2478,"label":"Positionsljus"},{"value":2813,"label":"Sido"}],"pa_fuktskydd-varde-ipxx":[{"value":333,"label":"IP67"}],"pa_godkannande":[{"value":192,"label":"ECE"}],"pa_storlek-mm":[{"value":2111,"label":"100x38x13"}],"pa_stromforbrukning":[{"value":2112,"label":"0.03A@13.8V"},{"value":2113,"label":"0.04A@28V"}],"pa_volt-v":[{"value":348,"label":"12, 24"}]},"featured_image_src_large":["https:\/\/xenonkungen.com\/wp-content\/uploads\/2025\/04\/21677962-origpic-103ea6.jpg",410,410,false],"author_info":[],"comment_info":0,"_links":{"self":[{"href":"https:\/\/xenonkungen.com\/es\/wp-json\/wp\/v2\/product\/8611","targetHints":{"allow":["GET"]}}],"collection":[{"href":"https:\/\/xenonkungen.com\/es\/wp-json\/wp\/v2\/product"}],"about":[{"href":"https:\/\/xenonkungen.com\/es\/wp-json\/wp\/v2\/types\/product"}],"replies":[{"embeddable":true,"href":"https:\/\/xenonkungen.com\/es\/wp-json\/wp\/v2\/comments?post=8611"}],"wp:featuredmedia":[{"embeddable":true,"href":"https:\/\/xenonkungen.com\/es\/wp-json\/wp\/v2\/media\/8612"}],"wp:attachment":[{"href":"https:\/\/xenonkungen.com\/es\/wp-json\/wp\/v2\/media?parent=8611"}],"wp:term":[{"taxonomy":"anvandningsomrade","embeddable":true,"href":"https:\/\/xenonkungen.com\/es\/wp-json\/wp\/v2\/anvandningsomrade?post=8611"},{"taxonomy":"bilmarken","embeddable":true,"href":"https:\/\/xenonkungen.com\/es\/wp-json\/wp\/v2\/bilmarken?post=8611"},{"taxonomy":"product_brand","embeddable":true,"href":"https:\/\/xenonkungen.com\/es\/wp-json\/wp\/v2\/product_brand?post=8611"},{"taxonomy":"product_cat","embeddable":true,"href":"https:\/\/xenonkungen.com\/es\/wp-json\/wp\/v2\/product_cat?post=8611"},{"taxonomy":"product_tag","embeddable":true,"href":"https:\/\/xenonkungen.com\/es\/wp-json\/wp\/v2\/product_tag?post=8611"}],"curies":[{"name":"wp","href":"https:\/\/api.w.org\/{rel}","templated":true}]}}