{"id":8669,"date":"2025-04-15T10:08:41","date_gmt":"2025-04-15T10:08:41","guid":{"rendered":"https:\/\/xenonkungen.com\/product\/skyltbelysning-12v-lp100\/"},"modified":"2026-04-11T00:57:47","modified_gmt":"2026-04-10T23:57:47","slug":"iluminacion-de-letreros-12v-lp100","status":"publish","type":"product","link":"https:\/\/xenonkungen.com\/es\/producto\/iluminacion-de-letreros-12v-lp100\/","title":{"rendered":"Alumbrado de se\u00f1alizaci\u00f3n 12V LP100"},"content":{"rendered":"<div class=\"container\">\n<h1>Iluminaci\u00f3n LED optimizada para placa de matr\u00edcula con conexi\u00f3n directa<\/h1>\n<p>Esta luz LED est\u00e1 dise\u00f1ada para mejorar la visibilidad y la seguridad de su veh\u00edculo con una sencilla soluci\u00f3n de conexi\u00f3n directa a la luz combinada 100BARE y 100BARE2.<\/p>\n<div class=\"specifications\">\n<h2>Especificaciones:<\/h2>\n<ul>\n<li><span class=\"highlight\">Conexi\u00f3n directa:<\/span> Cable de 1 metro con enchufe para facilitar la conexi\u00f3n.<\/li>\n<li><span class=\"highlight\">Tecnolog\u00eda LED:<\/span> Iluminaci\u00f3n potente y de bajo consumo.<\/li>\n<li><span class=\"highlight\">Construcci\u00f3n:<\/span> Armaz\u00f3n de ABS negro de gran durabilidad.<\/li>\n<li><span class=\"highlight\">Electr\u00f3nica sellada contra fugas:<\/span> Protecci\u00f3n contra el agua y el polvo.<\/li>\n<li><span class=\"highlight\">Dise\u00f1o:<\/span> Elegante acabado en negro que complementa el aspecto del veh\u00edculo.<\/li>\n<\/ul>\n<\/div>\n<div class=\"features\">\n<h2>Caracter\u00edsticas:<\/h2>\n<ul>\n<li>Mejora la visibilidad de la matr\u00edcula y aumenta la seguridad vial.<\/li>\n<li>F\u00e1cil de instalar gracias a la funci\u00f3n de conexi\u00f3n directa a las l\u00e1mparas existentes.<\/li>\n<li>Duraderas y fiables, dise\u00f1adas para un uso prolongado.<\/li>\n<li>Dise\u00f1o est\u00e9tico que realza el aspecto general del veh\u00edculo.<\/li>\n<\/ul>\n<\/div>\n<\/div>\n<p><\/p>","protected":false},"excerpt":{"rendered":"<p>Optimerad LED Belysning f\u00f6r Registreringsskylt med Direktanslutning Denna LED belysning \u00e4r designad f\u00f6r att f\u00f6rb\u00e4ttra synligheten och s\u00e4kerheten f\u00f6r ditt fordon med en enkel direktanslutningsl\u00f6sning till Kombinationslampa 100BARE och 100BARE2. Specifikationer: Direktanslutning: 1 meter kabel med kontakt f\u00f6r enkel anslutning. LED-teknologi: Stark och energieffektiv belysning. Konstruktion: Svart ABS-sarg f\u00f6r h\u00f6g h\u00e5llbarhet. L\u00e4ckagef\u00f6rseglad Elektronik: Skydd mot [&hellip;]<\/p>","protected":false},"featured_media":8670,"comment_status":"closed","ping_status":"open","template":"","meta":{"_acf_changed":false,"_smort_price_nok":"235","_smort_price_dkk":"149","_smort_price_eur":"20","_smort_sale_price_nok":"","_smort_sale_price_dkk":"","_smort_sale_price_eur":"","smort_restorder":"","shipmondo_restorder":"","_kad_blocks_custom_css":"","_kad_blocks_head_custom_js":"","_kad_blocks_body_custom_js":"","_kad_blocks_footer_custom_js":"","smort_custom_pricelist_1":"123.2","smort_custom_pricelist_2":"123.2","smort_custom_pricelist_3":"117.04","smort_custom_pricelist_4":"176","smort_custom_pricelist_5":"123.2"},"anvandningsomrade":[166,238,2816],"bilmarken":[],"product_brand":[1252],"product_cat":[2591],"product_tag":[],"class_list":{"0":"post-8669","1":"product","2":"type-product","3":"status-publish","4":"has-post-thumbnail","6":"anvandningsomrade-lastbil","7":"anvandningsomrade-slap","8":"anvandningsomrade-trailer","9":"product_brand-lea","10":"product_cat-skyltbelysning-slap","11":"pa_storlek-mm-80x105","12":"pa_stromforbrukning-0-03a13-8v","13":"pa_volt-v-159","15":"first","16":"onbackorder","17":"taxable","18":"shipping-taxable","19":"purchasable","20":"product-type-simple"},"bundled_by":[],"bundle_stock_status":"onbackorder","bundle_stock_quantity":0,"bundle_virtual":false,"bundle_layout":"","bundle_add_to_cart_form_location":"","bundle_editable_in_cart":false,"bundle_sold_individually_context":"","bundle_item_grouping":"","bundle_min_size":"","bundle_max_size":"","bundle_price":[],"bundled_items":[],"bundle_sell_ids":[],"acf":[],"yoast_head":"<!-- This site is optimized with the Yoast SEO plugin v27.0 - https:\/\/yoast.com\/product\/yoast-seo-wordpress\/ -->\n<title>Skyltbelysning 12V LP100 - Xenonkungen<\/title>\n<meta name=\"robots\" content=\"index, follow, max-snippet:-1, max-image-preview:large, max-video-preview:-1\" \/>\n<link rel=\"canonical\" href=\"https:\/\/xenonkungen.com\/es\/producto\/iluminacion-de-letreros-12v-lp100\/\" \/>\n<meta property=\"og:locale\" content=\"es_ES\" \/>\n<meta property=\"og:type\" content=\"article\" \/>\n<meta property=\"og:title\" content=\"Skyltbelysning 12V LP100 - Xenonkungen\" \/>\n<meta property=\"og:description\" content=\"Optimerad LED Belysning f\u00f6r Registreringsskylt med Direktanslutning Denna LED belysning \u00e4r designad f\u00f6r att f\u00f6rb\u00e4ttra synligheten och s\u00e4kerheten f\u00f6r ditt fordon med en enkel direktanslutningsl\u00f6sning till Kombinationslampa 100BARE och 100BARE2. Specifikationer: Direktanslutning: 1 meter kabel med kontakt f\u00f6r enkel anslutning. LED-teknologi: Stark och energieffektiv belysning. Konstruktion: Svart ABS-sarg f\u00f6r h\u00f6g h\u00e5llbarhet. L\u00e4ckagef\u00f6rseglad Elektronik: Skydd mot [&hellip;]\" \/>\n<meta property=\"og:url\" content=\"https:\/\/xenonkungen.com\/es\/producto\/iluminacion-de-letreros-12v-lp100\/\" \/>\n<meta property=\"og:site_name\" content=\"Xenonkungen\" \/>\n<meta property=\"article:modified_time\" content=\"2026-04-10T23:57:47+00:00\" \/>\n<meta property=\"og:image\" content=\"https:\/\/xenonkungen.com\/wp-content\/uploads\/2025\/04\/11758532-origpic-b77eb4.jpg\" \/>\n\t<meta property=\"og:image:width\" content=\"600\" \/>\n\t<meta property=\"og:image:height\" content=\"600\" \/>\n\t<meta property=\"og:image:type\" content=\"image\/jpeg\" \/>\n<meta name=\"twitter:card\" content=\"summary_large_image\" \/>\n<meta name=\"twitter:label1\" content=\"Tiempo de lectura\" \/>\n\t<meta name=\"twitter:data1\" content=\"1 minuto\" \/>\n<script type=\"application\/ld+json\" class=\"yoast-schema-graph\">{\"@context\":\"https:\/\/schema.org\",\"@graph\":[{\"@type\":\"WebPage\",\"@id\":\"https:\/\/xenonkungen.com\/produkt\/skyltbelysning-12v-lp100\/\",\"url\":\"https:\/\/xenonkungen.com\/produkt\/skyltbelysning-12v-lp100\/\",\"name\":\"Skyltbelysning 12V LP100 - Xenonkungen\",\"isPartOf\":{\"@id\":\"https:\/\/xenonkungen.com\/#website\"},\"primaryImageOfPage\":{\"@id\":\"https:\/\/xenonkungen.com\/produkt\/skyltbelysning-12v-lp100\/#primaryimage\"},\"image\":{\"@id\":\"https:\/\/xenonkungen.com\/produkt\/skyltbelysning-12v-lp100\/#primaryimage\"},\"thumbnailUrl\":\"https:\/\/xenonkungen.com\/wp-content\/uploads\/2025\/04\/11758532-origpic-b77eb4.jpg\",\"datePublished\":\"2025-04-15T10:08:41+00:00\",\"dateModified\":\"2026-04-10T23:57:47+00:00\",\"breadcrumb\":{\"@id\":\"https:\/\/xenonkungen.com\/produkt\/skyltbelysning-12v-lp100\/#breadcrumb\"},\"inLanguage\":\"es\",\"potentialAction\":[{\"@type\":\"ReadAction\",\"target\":[\"https:\/\/xenonkungen.com\/produkt\/skyltbelysning-12v-lp100\/\"]}]},{\"@type\":\"ImageObject\",\"inLanguage\":\"es\",\"@id\":\"https:\/\/xenonkungen.com\/produkt\/skyltbelysning-12v-lp100\/#primaryimage\",\"url\":\"https:\/\/xenonkungen.com\/wp-content\/uploads\/2025\/04\/11758532-origpic-b77eb4.jpg\",\"contentUrl\":\"https:\/\/xenonkungen.com\/wp-content\/uploads\/2025\/04\/11758532-origpic-b77eb4.jpg\",\"width\":600,\"height\":600},{\"@type\":\"BreadcrumbList\",\"@id\":\"https:\/\/xenonkungen.com\/produkt\/skyltbelysning-12v-lp100\/#breadcrumb\",\"itemListElement\":[{\"@type\":\"ListItem\",\"position\":1,\"name\":\"Hem\",\"item\":\"https:\/\/xenonkungen.com\/\"},{\"@type\":\"ListItem\",\"position\":2,\"name\":\"Shop\",\"item\":\"https:\/\/xenonkungen.com\/shop\/\"},{\"@type\":\"ListItem\",\"position\":3,\"name\":\"Skyltbelysning 12V LP100\"}]},{\"@type\":\"WebSite\",\"@id\":\"https:\/\/xenonkungen.com\/#website\",\"url\":\"https:\/\/xenonkungen.com\/\",\"name\":\"Xenonkungen\",\"description\":\"\",\"potentialAction\":[{\"@type\":\"SearchAction\",\"target\":{\"@type\":\"EntryPoint\",\"urlTemplate\":\"https:\/\/xenonkungen.com\/?s={search_term_string}\"},\"query-input\":{\"@type\":\"PropertyValueSpecification\",\"valueRequired\":true,\"valueName\":\"search_term_string\"}}],\"inLanguage\":\"es\"}]}<\/script>\n<!-- \/ Yoast SEO plugin. -->","yoast_head_json":{"title":"Iluminaci\u00f3n de se\u00f1alizaci\u00f3n 12V LP100 - El Rey del Xen\u00f3n","robots":{"index":"index","follow":"follow","max-snippet":"max-snippet:-1","max-image-preview":"max-image-preview:large","max-video-preview":"max-video-preview:-1"},"canonical":"https:\/\/xenonkungen.com\/es\/producto\/iluminacion-de-letreros-12v-lp100\/","og_locale":"es_ES","og_type":"article","og_title":"Skyltbelysning 12V LP100 - Xenonkungen","og_description":"Optimerad LED Belysning f\u00f6r Registreringsskylt med Direktanslutning Denna LED belysning \u00e4r designad f\u00f6r att f\u00f6rb\u00e4ttra synligheten och s\u00e4kerheten f\u00f6r ditt fordon med en enkel direktanslutningsl\u00f6sning till Kombinationslampa 100BARE och 100BARE2. Specifikationer: Direktanslutning: 1 meter kabel med kontakt f\u00f6r enkel anslutning. LED-teknologi: Stark och energieffektiv belysning. Konstruktion: Svart ABS-sarg f\u00f6r h\u00f6g h\u00e5llbarhet. L\u00e4ckagef\u00f6rseglad Elektronik: Skydd mot [&hellip;]","og_url":"https:\/\/xenonkungen.com\/es\/producto\/iluminacion-de-letreros-12v-lp100\/","og_site_name":"Xenonkungen","article_modified_time":"2026-04-10T23:57:47+00:00","og_image":[{"width":600,"height":600,"url":"https:\/\/xenonkungen.com\/wp-content\/uploads\/2025\/04\/11758532-origpic-b77eb4.jpg","type":"image\/jpeg"}],"twitter_card":"summary_large_image","twitter_misc":{"Tiempo de lectura":"1 minuto"},"schema":{"@context":"https:\/\/schema.org","@graph":[{"@type":"WebPage","@id":"https:\/\/xenonkungen.com\/produkt\/skyltbelysning-12v-lp100\/","url":"https:\/\/xenonkungen.com\/produkt\/skyltbelysning-12v-lp100\/","name":"Iluminaci\u00f3n de se\u00f1alizaci\u00f3n 12V LP100 - El Rey del Xen\u00f3n","isPartOf":{"@id":"https:\/\/xenonkungen.com\/#website"},"primaryImageOfPage":{"@id":"https:\/\/xenonkungen.com\/produkt\/skyltbelysning-12v-lp100\/#primaryimage"},"image":{"@id":"https:\/\/xenonkungen.com\/produkt\/skyltbelysning-12v-lp100\/#primaryimage"},"thumbnailUrl":"https:\/\/xenonkungen.com\/wp-content\/uploads\/2025\/04\/11758532-origpic-b77eb4.jpg","datePublished":"2025-04-15T10:08:41+00:00","dateModified":"2026-04-10T23:57:47+00:00","breadcrumb":{"@id":"https:\/\/xenonkungen.com\/produkt\/skyltbelysning-12v-lp100\/#breadcrumb"},"inLanguage":"es","potentialAction":[{"@type":"ReadAction","target":["https:\/\/xenonkungen.com\/produkt\/skyltbelysning-12v-lp100\/"]}]},{"@type":"ImageObject","inLanguage":"es","@id":"https:\/\/xenonkungen.com\/produkt\/skyltbelysning-12v-lp100\/#primaryimage","url":"https:\/\/xenonkungen.com\/wp-content\/uploads\/2025\/04\/11758532-origpic-b77eb4.jpg","contentUrl":"https:\/\/xenonkungen.com\/wp-content\/uploads\/2025\/04\/11758532-origpic-b77eb4.jpg","width":600,"height":600},{"@type":"BreadcrumbList","@id":"https:\/\/xenonkungen.com\/produkt\/skyltbelysning-12v-lp100\/#breadcrumb","itemListElement":[{"@type":"ListItem","position":1,"name":"Hem","item":"https:\/\/xenonkungen.com\/"},{"@type":"ListItem","position":2,"name":"Shop","item":"https:\/\/xenonkungen.com\/shop\/"},{"@type":"ListItem","position":3,"name":"Skyltbelysning 12V LP100"}]},{"@type":"WebSite","@id":"https:\/\/xenonkungen.com\/#website","url":"https:\/\/xenonkungen.com\/","name":"Xenonkungen","description":"","potentialAction":[{"@type":"SearchAction","target":{"@type":"EntryPoint","urlTemplate":"https:\/\/xenonkungen.com\/?s={search_term_string}"},"query-input":{"@type":"PropertyValueSpecification","valueRequired":true,"valueName":"search_term_string"}}],"inLanguage":"es"}]}},"taxonomy_info":{"anvandningsomrade":[{"value":166,"label":"Lastbil"},{"value":238,"label":"SL\u00c4P"},{"value":2816,"label":"TRAILER"}],"product_brand":[{"value":1252,"label":"LEA"}],"product_cat":[{"value":2591,"label":"Skyltbelysning"}],"pa_storlek-mm":[{"value":2123,"label":"80x105"}],"pa_stromforbrukning":[{"value":2112,"label":"0.03A@13.8V"}],"pa_volt-v":[{"value":159,"label":"12"}]},"featured_image_src_large":["https:\/\/xenonkungen.com\/wp-content\/uploads\/2025\/04\/11758532-origpic-b77eb4.jpg",600,600,false],"author_info":[],"comment_info":0,"_links":{"self":[{"href":"https:\/\/xenonkungen.com\/es\/wp-json\/wp\/v2\/product\/8669","targetHints":{"allow":["GET"]}}],"collection":[{"href":"https:\/\/xenonkungen.com\/es\/wp-json\/wp\/v2\/product"}],"about":[{"href":"https:\/\/xenonkungen.com\/es\/wp-json\/wp\/v2\/types\/product"}],"replies":[{"embeddable":true,"href":"https:\/\/xenonkungen.com\/es\/wp-json\/wp\/v2\/comments?post=8669"}],"wp:featuredmedia":[{"embeddable":true,"href":"https:\/\/xenonkungen.com\/es\/wp-json\/wp\/v2\/media\/8670"}],"wp:attachment":[{"href":"https:\/\/xenonkungen.com\/es\/wp-json\/wp\/v2\/media?parent=8669"}],"wp:term":[{"taxonomy":"anvandningsomrade","embeddable":true,"href":"https:\/\/xenonkungen.com\/es\/wp-json\/wp\/v2\/anvandningsomrade?post=8669"},{"taxonomy":"bilmarken","embeddable":true,"href":"https:\/\/xenonkungen.com\/es\/wp-json\/wp\/v2\/bilmarken?post=8669"},{"taxonomy":"product_brand","embeddable":true,"href":"https:\/\/xenonkungen.com\/es\/wp-json\/wp\/v2\/product_brand?post=8669"},{"taxonomy":"product_cat","embeddable":true,"href":"https:\/\/xenonkungen.com\/es\/wp-json\/wp\/v2\/product_cat?post=8669"},{"taxonomy":"product_tag","embeddable":true,"href":"https:\/\/xenonkungen.com\/es\/wp-json\/wp\/v2\/product_tag?post=8669"}],"curies":[{"name":"wp","href":"https:\/\/api.w.org\/{rel}","templated":true}]}}