{"id":8672,"date":"2025-04-15T10:08:41","date_gmt":"2025-04-15T10:08:41","guid":{"rendered":"https:\/\/xenonkungen.com\/product\/skyltbelysning-12-24v-lp100m\/"},"modified":"2025-12-10T14:50:18","modified_gmt":"2025-12-10T13:50:18","slug":"iluminacion-de-senalizacion-12-24v-lp100m","status":"publish","type":"product","link":"https:\/\/xenonkungen.com\/es\/producto\/iluminacion-de-senalizacion-12-24v-lp100m\/","title":{"rendered":"Iluminaci\u00f3n de se\u00f1ales 12-24V LP100M"},"content":{"rendered":"<div class=\"container\">\n<h1>Iluminaci\u00f3n LED eficiente para matr\u00edculas con conexi\u00f3n directa<\/h1>\n<p>Esta luz LED est\u00e1 dise\u00f1ada para una integraci\u00f3n sin problemas con los veh\u00edculos, equipada con conexi\u00f3n directa a las luces de combinaci\u00f3n espec\u00edficas para una iluminaci\u00f3n f\u00e1cil y eficaz de su matr\u00edcula.<\/p>\n<div class=\"specifications\">\n<h2>Especificaciones:<\/h2>\n<ul>\n<li><span class=\"highlight\">Conexi\u00f3n directa:<\/span> Adaptado para las l\u00e1mparas combinadas 100ARME y 100ARME10.<\/li>\n<li><span class=\"highlight\">Material:<\/span> Marco de ABS duradero para un aspecto elegante.<\/li>\n<li><span class=\"highlight\">Protecci\u00f3n impermeable:<\/span> Electr\u00f3nica sellada contra fugas para el m\u00e1ximo nivel de protecci\u00f3n.<\/li>\n<li><span class=\"highlight\">Tecnolog\u00eda LED:<\/span> Brillante y de bajo consumo para una visibilidad \u00f3ptima.<\/li>\n<\/ul>\n<\/div>\n<div class=\"features\">\n<h2>Caracter\u00edsticas:<\/h2>\n<ul>\n<li>Aumenta la visibilidad y la seguridad de su matr\u00edcula.<\/li>\n<li>Instalaci\u00f3n f\u00e1cil y r\u00e1pida para una amplia variedad de veh\u00edculos.<\/li>\n<li>Dise\u00f1o robusto y est\u00e9tico que resiste las condiciones m\u00e1s duras.<\/li>\n<li>Soluci\u00f3n duradera y fiable para la iluminaci\u00f3n de matr\u00edculas.<\/li>\n<\/ul>\n<\/div>\n<\/div>","protected":false},"excerpt":{"rendered":"<p>Effektiv LED Belysning f\u00f6r Registreringsskylt med Direktanslutning Denna LED belysning \u00e4r designad f\u00f6r smidig integration med fordon, utrustad med direktanslutning till specifika kombinationslampor f\u00f6r enkel och effektiv upplysning av din registreringsskylt. Specifikationer: Direktanslutning: Anpassad f\u00f6r kombinationslamporna 100ARME och 100ARME10. Material: H\u00e5llbar ABS-sarg f\u00f6r ett stilrent utseende. Vattent\u00e4t Skydd: L\u00e4ckagef\u00f6rseglad elektronik f\u00f6r h\u00f6gsta skyddsniv\u00e5. LED-teknologi: Ljusstark [&hellip;]<\/p>","protected":false},"featured_media":8673,"comment_status":"closed","ping_status":"open","template":"","meta":{"_acf_changed":false,"_smort_price_nok":"288","_smort_price_dkk":"183","_smort_price_eur":"24.54","_smort_sale_price_nok":"","_smort_sale_price_dkk":"","_smort_sale_price_eur":"","smort_restorder":"","shipmondo_restorder":"","_kad_blocks_custom_css":"","_kad_blocks_head_custom_js":"","_kad_blocks_body_custom_js":"","_kad_blocks_footer_custom_js":"","smort_custom_pricelist_1":"151.2","smort_custom_pricelist_2":"151.2","smort_custom_pricelist_3":"143.64","smort_custom_pricelist_4":"216","smort_custom_pricelist_5":"151.2"},"anvandningsomrade":[166,238,2816],"bilmarken":[],"product_brand":[1252],"product_cat":[2591],"product_tag":[],"class_list":{"0":"post-8672","1":"product","2":"type-product","3":"status-publish","4":"has-post-thumbnail","6":"anvandningsomrade-lastbil","7":"anvandningsomrade-slap","8":"anvandningsomrade-trailer","9":"product_brand-lea","10":"product_cat-skyltbelysning-slap","11":"pa_storlek-mm-80x105","12":"pa_stromforbrukning-0-03a13-8v","13":"pa_volt-v-12-24","15":"first","16":"onbackorder","17":"taxable","18":"shipping-taxable","19":"purchasable","20":"product-type-simple"},"bundled_by":[],"bundle_stock_status":"onbackorder","bundle_stock_quantity":0,"bundle_virtual":false,"bundle_layout":"","bundle_add_to_cart_form_location":"","bundle_editable_in_cart":false,"bundle_sold_individually_context":"","bundle_item_grouping":"","bundle_min_size":"","bundle_max_size":"","bundle_price":[],"bundled_items":[],"bundle_sell_ids":[],"acf":[],"yoast_head":"<!-- This site is optimized with the Yoast SEO plugin v27.0 - https:\/\/yoast.com\/product\/yoast-seo-wordpress\/ -->\n<title>Skyltbelysning 12-24V LP100M - Xenonkungen<\/title>\n<meta name=\"robots\" content=\"index, follow, max-snippet:-1, max-image-preview:large, max-video-preview:-1\" \/>\n<link rel=\"canonical\" href=\"https:\/\/xenonkungen.com\/es\/producto\/iluminacion-de-senalizacion-12-24v-lp100m\/\" \/>\n<meta property=\"og:locale\" content=\"es_ES\" \/>\n<meta property=\"og:type\" content=\"article\" \/>\n<meta property=\"og:title\" content=\"Skyltbelysning 12-24V LP100M - Xenonkungen\" \/>\n<meta property=\"og:description\" content=\"Effektiv LED Belysning f\u00f6r Registreringsskylt med Direktanslutning Denna LED belysning \u00e4r designad f\u00f6r smidig integration med fordon, utrustad med direktanslutning till specifika kombinationslampor f\u00f6r enkel och effektiv upplysning av din registreringsskylt. Specifikationer: Direktanslutning: Anpassad f\u00f6r kombinationslamporna 100ARME och 100ARME10. Material: H\u00e5llbar ABS-sarg f\u00f6r ett stilrent utseende. Vattent\u00e4t Skydd: L\u00e4ckagef\u00f6rseglad elektronik f\u00f6r h\u00f6gsta skyddsniv\u00e5. LED-teknologi: Ljusstark [&hellip;]\" \/>\n<meta property=\"og:url\" content=\"https:\/\/xenonkungen.com\/es\/producto\/iluminacion-de-senalizacion-12-24v-lp100m\/\" \/>\n<meta property=\"og:site_name\" content=\"Xenonkungen\" \/>\n<meta property=\"article:modified_time\" content=\"2025-12-10T13:50:18+00:00\" \/>\n<meta property=\"og:image\" content=\"https:\/\/xenonkungen.com\/wp-content\/uploads\/2025\/04\/7328255-origpic-072292.jpg\" \/>\n\t<meta property=\"og:image:width\" content=\"600\" \/>\n\t<meta property=\"og:image:height\" content=\"600\" \/>\n\t<meta property=\"og:image:type\" content=\"image\/jpeg\" \/>\n<meta name=\"twitter:card\" content=\"summary_large_image\" \/>\n<meta name=\"twitter:label1\" content=\"Tiempo de lectura\" \/>\n\t<meta name=\"twitter:data1\" content=\"1 minuto\" \/>\n<script type=\"application\/ld+json\" class=\"yoast-schema-graph\">{\"@context\":\"https:\/\/schema.org\",\"@graph\":[{\"@type\":\"WebPage\",\"@id\":\"https:\/\/xenonkungen.com\/produkt\/skyltbelysning-12-24v-lp100m\/\",\"url\":\"https:\/\/xenonkungen.com\/produkt\/skyltbelysning-12-24v-lp100m\/\",\"name\":\"Skyltbelysning 12-24V LP100M - Xenonkungen\",\"isPartOf\":{\"@id\":\"https:\/\/xenonkungen.com\/#website\"},\"primaryImageOfPage\":{\"@id\":\"https:\/\/xenonkungen.com\/produkt\/skyltbelysning-12-24v-lp100m\/#primaryimage\"},\"image\":{\"@id\":\"https:\/\/xenonkungen.com\/produkt\/skyltbelysning-12-24v-lp100m\/#primaryimage\"},\"thumbnailUrl\":\"https:\/\/xenonkungen.com\/wp-content\/uploads\/2025\/04\/7328255-origpic-072292.jpg\",\"datePublished\":\"2025-04-15T10:08:41+00:00\",\"dateModified\":\"2025-12-10T13:50:18+00:00\",\"breadcrumb\":{\"@id\":\"https:\/\/xenonkungen.com\/produkt\/skyltbelysning-12-24v-lp100m\/#breadcrumb\"},\"inLanguage\":\"es\",\"potentialAction\":[{\"@type\":\"ReadAction\",\"target\":[\"https:\/\/xenonkungen.com\/produkt\/skyltbelysning-12-24v-lp100m\/\"]}]},{\"@type\":\"ImageObject\",\"inLanguage\":\"es\",\"@id\":\"https:\/\/xenonkungen.com\/produkt\/skyltbelysning-12-24v-lp100m\/#primaryimage\",\"url\":\"https:\/\/xenonkungen.com\/wp-content\/uploads\/2025\/04\/7328255-origpic-072292.jpg\",\"contentUrl\":\"https:\/\/xenonkungen.com\/wp-content\/uploads\/2025\/04\/7328255-origpic-072292.jpg\",\"width\":600,\"height\":600},{\"@type\":\"BreadcrumbList\",\"@id\":\"https:\/\/xenonkungen.com\/produkt\/skyltbelysning-12-24v-lp100m\/#breadcrumb\",\"itemListElement\":[{\"@type\":\"ListItem\",\"position\":1,\"name\":\"Hem\",\"item\":\"https:\/\/xenonkungen.com\/\"},{\"@type\":\"ListItem\",\"position\":2,\"name\":\"Shop\",\"item\":\"https:\/\/xenonkungen.com\/shop\/\"},{\"@type\":\"ListItem\",\"position\":3,\"name\":\"Skyltbelysning 12-24V LP100M\"}]},{\"@type\":\"WebSite\",\"@id\":\"https:\/\/xenonkungen.com\/#website\",\"url\":\"https:\/\/xenonkungen.com\/\",\"name\":\"Xenonkungen\",\"description\":\"\",\"potentialAction\":[{\"@type\":\"SearchAction\",\"target\":{\"@type\":\"EntryPoint\",\"urlTemplate\":\"https:\/\/xenonkungen.com\/?s={search_term_string}\"},\"query-input\":{\"@type\":\"PropertyValueSpecification\",\"valueRequired\":true,\"valueName\":\"search_term_string\"}}],\"inLanguage\":\"es\"}]}<\/script>\n<!-- \/ Yoast SEO plugin. -->","yoast_head_json":{"title":"Iluminaci\u00f3n de se\u00f1alizaci\u00f3n 12-24V LP100M - El rey del xen\u00f3n","robots":{"index":"index","follow":"follow","max-snippet":"max-snippet:-1","max-image-preview":"max-image-preview:large","max-video-preview":"max-video-preview:-1"},"canonical":"https:\/\/xenonkungen.com\/es\/producto\/iluminacion-de-senalizacion-12-24v-lp100m\/","og_locale":"es_ES","og_type":"article","og_title":"Skyltbelysning 12-24V LP100M - Xenonkungen","og_description":"Effektiv LED Belysning f\u00f6r Registreringsskylt med Direktanslutning Denna LED belysning \u00e4r designad f\u00f6r smidig integration med fordon, utrustad med direktanslutning till specifika kombinationslampor f\u00f6r enkel och effektiv upplysning av din registreringsskylt. Specifikationer: Direktanslutning: Anpassad f\u00f6r kombinationslamporna 100ARME och 100ARME10. Material: H\u00e5llbar ABS-sarg f\u00f6r ett stilrent utseende. Vattent\u00e4t Skydd: L\u00e4ckagef\u00f6rseglad elektronik f\u00f6r h\u00f6gsta skyddsniv\u00e5. LED-teknologi: Ljusstark [&hellip;]","og_url":"https:\/\/xenonkungen.com\/es\/producto\/iluminacion-de-senalizacion-12-24v-lp100m\/","og_site_name":"Xenonkungen","article_modified_time":"2025-12-10T13:50:18+00:00","og_image":[{"width":600,"height":600,"url":"https:\/\/xenonkungen.com\/wp-content\/uploads\/2025\/04\/7328255-origpic-072292.jpg","type":"image\/jpeg"}],"twitter_card":"summary_large_image","twitter_misc":{"Tiempo de lectura":"1 minuto"},"schema":{"@context":"https:\/\/schema.org","@graph":[{"@type":"WebPage","@id":"https:\/\/xenonkungen.com\/produkt\/skyltbelysning-12-24v-lp100m\/","url":"https:\/\/xenonkungen.com\/produkt\/skyltbelysning-12-24v-lp100m\/","name":"Iluminaci\u00f3n de se\u00f1alizaci\u00f3n 12-24V LP100M - El rey del xen\u00f3n","isPartOf":{"@id":"https:\/\/xenonkungen.com\/#website"},"primaryImageOfPage":{"@id":"https:\/\/xenonkungen.com\/produkt\/skyltbelysning-12-24v-lp100m\/#primaryimage"},"image":{"@id":"https:\/\/xenonkungen.com\/produkt\/skyltbelysning-12-24v-lp100m\/#primaryimage"},"thumbnailUrl":"https:\/\/xenonkungen.com\/wp-content\/uploads\/2025\/04\/7328255-origpic-072292.jpg","datePublished":"2025-04-15T10:08:41+00:00","dateModified":"2025-12-10T13:50:18+00:00","breadcrumb":{"@id":"https:\/\/xenonkungen.com\/produkt\/skyltbelysning-12-24v-lp100m\/#breadcrumb"},"inLanguage":"es","potentialAction":[{"@type":"ReadAction","target":["https:\/\/xenonkungen.com\/produkt\/skyltbelysning-12-24v-lp100m\/"]}]},{"@type":"ImageObject","inLanguage":"es","@id":"https:\/\/xenonkungen.com\/produkt\/skyltbelysning-12-24v-lp100m\/#primaryimage","url":"https:\/\/xenonkungen.com\/wp-content\/uploads\/2025\/04\/7328255-origpic-072292.jpg","contentUrl":"https:\/\/xenonkungen.com\/wp-content\/uploads\/2025\/04\/7328255-origpic-072292.jpg","width":600,"height":600},{"@type":"BreadcrumbList","@id":"https:\/\/xenonkungen.com\/produkt\/skyltbelysning-12-24v-lp100m\/#breadcrumb","itemListElement":[{"@type":"ListItem","position":1,"name":"Hem","item":"https:\/\/xenonkungen.com\/"},{"@type":"ListItem","position":2,"name":"Shop","item":"https:\/\/xenonkungen.com\/shop\/"},{"@type":"ListItem","position":3,"name":"Skyltbelysning 12-24V LP100M"}]},{"@type":"WebSite","@id":"https:\/\/xenonkungen.com\/#website","url":"https:\/\/xenonkungen.com\/","name":"Xenonkungen","description":"","potentialAction":[{"@type":"SearchAction","target":{"@type":"EntryPoint","urlTemplate":"https:\/\/xenonkungen.com\/?s={search_term_string}"},"query-input":{"@type":"PropertyValueSpecification","valueRequired":true,"valueName":"search_term_string"}}],"inLanguage":"es"}]}},"taxonomy_info":{"anvandningsomrade":[{"value":166,"label":"Lastbil"},{"value":238,"label":"SL\u00c4P"},{"value":2816,"label":"TRAILER"}],"product_brand":[{"value":1252,"label":"LEA"}],"product_cat":[{"value":2591,"label":"Skyltbelysning"}],"pa_storlek-mm":[{"value":2123,"label":"80x105"}],"pa_stromforbrukning":[{"value":2112,"label":"0.03A@13.8V"}],"pa_volt-v":[{"value":348,"label":"12, 24"}]},"featured_image_src_large":["https:\/\/xenonkungen.com\/wp-content\/uploads\/2025\/04\/7328255-origpic-072292.jpg",600,600,false],"author_info":[],"comment_info":0,"_links":{"self":[{"href":"https:\/\/xenonkungen.com\/es\/wp-json\/wp\/v2\/product\/8672","targetHints":{"allow":["GET"]}}],"collection":[{"href":"https:\/\/xenonkungen.com\/es\/wp-json\/wp\/v2\/product"}],"about":[{"href":"https:\/\/xenonkungen.com\/es\/wp-json\/wp\/v2\/types\/product"}],"replies":[{"embeddable":true,"href":"https:\/\/xenonkungen.com\/es\/wp-json\/wp\/v2\/comments?post=8672"}],"wp:featuredmedia":[{"embeddable":true,"href":"https:\/\/xenonkungen.com\/es\/wp-json\/wp\/v2\/media\/8673"}],"wp:attachment":[{"href":"https:\/\/xenonkungen.com\/es\/wp-json\/wp\/v2\/media?parent=8672"}],"wp:term":[{"taxonomy":"anvandningsomrade","embeddable":true,"href":"https:\/\/xenonkungen.com\/es\/wp-json\/wp\/v2\/anvandningsomrade?post=8672"},{"taxonomy":"bilmarken","embeddable":true,"href":"https:\/\/xenonkungen.com\/es\/wp-json\/wp\/v2\/bilmarken?post=8672"},{"taxonomy":"product_brand","embeddable":true,"href":"https:\/\/xenonkungen.com\/es\/wp-json\/wp\/v2\/product_brand?post=8672"},{"taxonomy":"product_cat","embeddable":true,"href":"https:\/\/xenonkungen.com\/es\/wp-json\/wp\/v2\/product_cat?post=8672"},{"taxonomy":"product_tag","embeddable":true,"href":"https:\/\/xenonkungen.com\/es\/wp-json\/wp\/v2\/product_tag?post=8672"}],"curies":[{"name":"wp","href":"https:\/\/api.w.org\/{rel}","templated":true}]}}