{"id":8705,"date":"2025-04-15T10:08:54","date_gmt":"2025-04-15T10:08:54","guid":{"rendered":"https:\/\/xenonkungen.com\/product\/dimljus-maxilamp-1xcfe\/"},"modified":"2026-04-24T17:21:44","modified_gmt":"2026-04-24T16:21:44","slug":"luz-antiniebla-maxilamp-1xcfe","status":"publish","type":"product","link":"https:\/\/xenonkungen.com\/es\/producto\/luz-antiniebla-maxilamp-1xcfe\/","title":{"rendered":"Luz antiniebla Maxilamp 1XCFE"},"content":{"rendered":"<h1>Luz trasera con funci\u00f3n de luz antiniebla \u2013 Maxilamp 1XCFE de LED Autolamps<\/h1>\n<p>Nuestra Maxilamp 1XCFE de LED Autolamps es una innovadora luz trasera con funci\u00f3n antiniebla, con un dise\u00f1o europeo redondo de 125 mm, dise\u00f1ada para cumplir con los m\u00e1s altos est\u00e1ndares de seguridad y durabilidad. Esta luz no solo es un componente funcional de su veh\u00edculo, sino tambi\u00e9n una fuente de luz duradera y eficiente, ideal para diversas condiciones de conducci\u00f3n.<\/p>\n<h2>Construcci\u00f3n robusta y duradera<\/h2>\n<p>La carcasa de la l\u00e1mpara est\u00e1 hecha de acr\u00edlico resistente a impactos y el vidrio de policarbonato, lo que le proporciona una alta resistencia a los qu\u00edmicos presentes en los productos de limpieza. Esta robusta construcci\u00f3n garantiza la resistencia de la l\u00e1mpara a impactos f\u00edsicos y corrosi\u00f3n qu\u00edmica. Adem\u00e1s, la l\u00e1mpara cuenta con protecci\u00f3n UV extendida, lo que minimiza el riesgo de envejecimiento y garantiza que mantenga su claridad y funcionalidad a lo largo del tiempo.<\/p>\n<h2>Totalmente sumergible y duradero<\/h2>\n<p>La Maxilamp 1XCFE es una luz trasera totalmente sumergible que soporta condiciones clim\u00e1ticas adversas y ambientes con alta humedad. Su construcci\u00f3n de acero inoxidable garantiza una larga vida \u00fatil, libre de corrosi\u00f3n. Adem\u00e1s, es resistente a impactos, lo que la convierte en una fuente de luz fiable en condiciones adversas. Su potente luminosidad garantiza una excelente visibilidad en cualquier situaci\u00f3n.<\/p>\n<h2>Eficiente y energ\u00e9ticamente eficiente<\/h2>\n<p>Con un voltaje de 13,8 V, la luz antiniebla consume solo 0,38 A, y con 28 V, el consumo se reduce a 0,24 A. Este bajo consumo convierte a la Maxilamp 1XCFE en una opci\u00f3n energ\u00e9ticamente eficiente, lo que contribuye a un menor impacto ambiental.<\/p>\n<h2>Garant\u00eda de 7 a\u00f1os de calidad y confiabilidad<\/h2>\n<p>Respaldamos la calidad de nuestra Maxilamp 1XCFE y, por lo tanto, ofrecemos una generosa garant\u00eda de 7 a\u00f1os. Esta garant\u00eda refleja nuestra confianza en la durabilidad y el rendimiento del producto a lo largo del tiempo. Al elegir la Maxilamp 1XCFE de LED Autolamps, puede estar seguro de obtener una fuente de luz fiable y de alta calidad, capaz de afrontar las exigentes exigencias de la carretera.<\/p>","protected":false},"excerpt":{"rendered":"<p>Baklampa med Dimljusfunktion &#8211; Maxilamp 1XCFE fr\u00e5n LED Autolamps V\u00e5r Maxilamp 1XCFE fr\u00e5n LED Autolamps \u00e4r en innovativ baklampa med dimljusfunktion i ett 125mm runt Euro-utf\u00f6rande, designad f\u00f6r att m\u00f6ta de h\u00f6gsta standarderna f\u00f6r fordonss\u00e4kerhet och h\u00e5llbarhet. Den h\u00e4r lampan \u00e4r inte bara en funktionell del av ditt fordon, utan ocks\u00e5 en h\u00e5llbar och effektiv [&hellip;]<\/p>","protected":false},"featured_media":8706,"comment_status":"closed","ping_status":"open","template":"","meta":{"_acf_changed":false,"_smort_price_nok":"748","_smort_price_dkk":"475","_smort_price_eur":"63.63","_smort_sale_price_nok":"","_smort_sale_price_dkk":"","_smort_sale_price_eur":"","smort_restorder":"","shipmondo_restorder":"","_kad_blocks_custom_css":"","_kad_blocks_head_custom_js":"","_kad_blocks_body_custom_js":"","_kad_blocks_footer_custom_js":"","smort_custom_pricelist_1":"392","smort_custom_pricelist_2":"392","smort_custom_pricelist_3":"372.4","smort_custom_pricelist_4":"560","smort_custom_pricelist_5":"392"},"anvandningsomrade":[166,238,2816],"bilmarken":[],"product_brand":[1252],"product_cat":[3047,2584],"product_tag":[],"class_list":{"0":"post-8705","1":"product","2":"type-product","3":"status-publish","4":"has-post-thumbnail","6":"anvandningsomrade-lastbil","7":"anvandningsomrade-slap","8":"anvandningsomrade-trailer","9":"product_brand-lea","10":"product_cat-bakljus-kombination-rund","11":"product_cat-dimljus-slap","12":"pa_fuktskydd-varde-ipxx-ip67","13":"pa_godkannande-ece-emc","14":"pa_storlek-mm-125x40","15":"pa_volt-v-12-24","17":"first","18":"instock","19":"taxable","20":"shipping-taxable","21":"purchasable","22":"product-type-simple"},"bundled_by":[],"bundle_stock_status":"instock","bundle_stock_quantity":2,"bundle_virtual":false,"bundle_layout":"","bundle_add_to_cart_form_location":"","bundle_editable_in_cart":false,"bundle_sold_individually_context":"","bundle_item_grouping":"","bundle_min_size":"","bundle_max_size":"","bundle_price":[],"bundled_items":[],"bundle_sell_ids":[],"acf":[],"yoast_head":"<!-- This site is optimized with the Yoast SEO plugin v27.0 - https:\/\/yoast.com\/product\/yoast-seo-wordpress\/ -->\n<title>Dimljus Maxilamp 1XCFE - Xenonkungen<\/title>\n<meta name=\"robots\" content=\"index, follow, max-snippet:-1, max-image-preview:large, max-video-preview:-1\" \/>\n<link rel=\"canonical\" href=\"https:\/\/xenonkungen.com\/es\/producto\/luz-antiniebla-maxilamp-1xcfe\/\" \/>\n<meta property=\"og:locale\" content=\"es_ES\" \/>\n<meta property=\"og:type\" content=\"article\" \/>\n<meta property=\"og:title\" content=\"Dimljus Maxilamp 1XCFE - Xenonkungen\" \/>\n<meta property=\"og:description\" content=\"Baklampa med Dimljusfunktion &#8211; Maxilamp 1XCFE fr\u00e5n LED Autolamps V\u00e5r Maxilamp 1XCFE fr\u00e5n LED Autolamps \u00e4r en innovativ baklampa med dimljusfunktion i ett 125mm runt Euro-utf\u00f6rande, designad f\u00f6r att m\u00f6ta de h\u00f6gsta standarderna f\u00f6r fordonss\u00e4kerhet och h\u00e5llbarhet. Den h\u00e4r lampan \u00e4r inte bara en funktionell del av ditt fordon, utan ocks\u00e5 en h\u00e5llbar och effektiv [&hellip;]\" \/>\n<meta property=\"og:url\" content=\"https:\/\/xenonkungen.com\/es\/producto\/luz-antiniebla-maxilamp-1xcfe\/\" \/>\n<meta property=\"og:site_name\" content=\"Xenonkungen\" \/>\n<meta property=\"article:modified_time\" content=\"2026-04-24T16:21:44+00:00\" \/>\n<meta property=\"og:image\" content=\"https:\/\/xenonkungen.com\/wp-content\/uploads\/2025\/04\/8495227-origpic-a32477.jpg\" \/>\n\t<meta property=\"og:image:width\" content=\"700\" \/>\n\t<meta property=\"og:image:height\" content=\"700\" \/>\n\t<meta property=\"og:image:type\" content=\"image\/jpeg\" \/>\n<meta name=\"twitter:card\" content=\"summary_large_image\" \/>\n<meta name=\"twitter:label1\" content=\"Tiempo de lectura\" \/>\n\t<meta name=\"twitter:data1\" content=\"2 minutos\" \/>\n<script type=\"application\/ld+json\" class=\"yoast-schema-graph\">{\"@context\":\"https:\/\/schema.org\",\"@graph\":[{\"@type\":\"WebPage\",\"@id\":\"https:\/\/xenonkungen.com\/produkt\/dimljus-maxilamp-1xcfe\/\",\"url\":\"https:\/\/xenonkungen.com\/produkt\/dimljus-maxilamp-1xcfe\/\",\"name\":\"Dimljus Maxilamp 1XCFE - Xenonkungen\",\"isPartOf\":{\"@id\":\"https:\/\/xenonkungen.com\/#website\"},\"primaryImageOfPage\":{\"@id\":\"https:\/\/xenonkungen.com\/produkt\/dimljus-maxilamp-1xcfe\/#primaryimage\"},\"image\":{\"@id\":\"https:\/\/xenonkungen.com\/produkt\/dimljus-maxilamp-1xcfe\/#primaryimage\"},\"thumbnailUrl\":\"https:\/\/xenonkungen.com\/wp-content\/uploads\/2025\/04\/8495227-origpic-a32477.jpg\",\"datePublished\":\"2025-04-15T10:08:54+00:00\",\"dateModified\":\"2026-04-24T16:21:44+00:00\",\"breadcrumb\":{\"@id\":\"https:\/\/xenonkungen.com\/produkt\/dimljus-maxilamp-1xcfe\/#breadcrumb\"},\"inLanguage\":\"es\",\"potentialAction\":[{\"@type\":\"ReadAction\",\"target\":[\"https:\/\/xenonkungen.com\/produkt\/dimljus-maxilamp-1xcfe\/\"]}]},{\"@type\":\"ImageObject\",\"inLanguage\":\"es\",\"@id\":\"https:\/\/xenonkungen.com\/produkt\/dimljus-maxilamp-1xcfe\/#primaryimage\",\"url\":\"https:\/\/xenonkungen.com\/wp-content\/uploads\/2025\/04\/8495227-origpic-a32477.jpg\",\"contentUrl\":\"https:\/\/xenonkungen.com\/wp-content\/uploads\/2025\/04\/8495227-origpic-a32477.jpg\",\"width\":700,\"height\":700},{\"@type\":\"BreadcrumbList\",\"@id\":\"https:\/\/xenonkungen.com\/produkt\/dimljus-maxilamp-1xcfe\/#breadcrumb\",\"itemListElement\":[{\"@type\":\"ListItem\",\"position\":1,\"name\":\"Hem\",\"item\":\"https:\/\/xenonkungen.com\/\"},{\"@type\":\"ListItem\",\"position\":2,\"name\":\"Shop\",\"item\":\"https:\/\/xenonkungen.com\/shop\/\"},{\"@type\":\"ListItem\",\"position\":3,\"name\":\"Dimljus Maxilamp 1XCFE\"}]},{\"@type\":\"WebSite\",\"@id\":\"https:\/\/xenonkungen.com\/#website\",\"url\":\"https:\/\/xenonkungen.com\/\",\"name\":\"Xenonkungen\",\"description\":\"\",\"potentialAction\":[{\"@type\":\"SearchAction\",\"target\":{\"@type\":\"EntryPoint\",\"urlTemplate\":\"https:\/\/xenonkungen.com\/?s={search_term_string}\"},\"query-input\":{\"@type\":\"PropertyValueSpecification\",\"valueRequired\":true,\"valueName\":\"search_term_string\"}}],\"inLanguage\":\"es\"}]}<\/script>\n<!-- \/ Yoast SEO plugin. -->","yoast_head_json":{"title":"Faros antiniebla Maxilamp 1XCFE - Xen\u00f3n","robots":{"index":"index","follow":"follow","max-snippet":"max-snippet:-1","max-image-preview":"max-image-preview:large","max-video-preview":"max-video-preview:-1"},"canonical":"https:\/\/xenonkungen.com\/es\/producto\/luz-antiniebla-maxilamp-1xcfe\/","og_locale":"es_ES","og_type":"article","og_title":"Dimljus Maxilamp 1XCFE - Xenonkungen","og_description":"Baklampa med Dimljusfunktion &#8211; Maxilamp 1XCFE fr\u00e5n LED Autolamps V\u00e5r Maxilamp 1XCFE fr\u00e5n LED Autolamps \u00e4r en innovativ baklampa med dimljusfunktion i ett 125mm runt Euro-utf\u00f6rande, designad f\u00f6r att m\u00f6ta de h\u00f6gsta standarderna f\u00f6r fordonss\u00e4kerhet och h\u00e5llbarhet. Den h\u00e4r lampan \u00e4r inte bara en funktionell del av ditt fordon, utan ocks\u00e5 en h\u00e5llbar och effektiv [&hellip;]","og_url":"https:\/\/xenonkungen.com\/es\/producto\/luz-antiniebla-maxilamp-1xcfe\/","og_site_name":"Xenonkungen","article_modified_time":"2026-04-24T16:21:44+00:00","og_image":[{"width":700,"height":700,"url":"https:\/\/xenonkungen.com\/wp-content\/uploads\/2025\/04\/8495227-origpic-a32477.jpg","type":"image\/jpeg"}],"twitter_card":"summary_large_image","twitter_misc":{"Tiempo de lectura":"2 minutos"},"schema":{"@context":"https:\/\/schema.org","@graph":[{"@type":"WebPage","@id":"https:\/\/xenonkungen.com\/produkt\/dimljus-maxilamp-1xcfe\/","url":"https:\/\/xenonkungen.com\/produkt\/dimljus-maxilamp-1xcfe\/","name":"Faros antiniebla Maxilamp 1XCFE - Xen\u00f3n","isPartOf":{"@id":"https:\/\/xenonkungen.com\/#website"},"primaryImageOfPage":{"@id":"https:\/\/xenonkungen.com\/produkt\/dimljus-maxilamp-1xcfe\/#primaryimage"},"image":{"@id":"https:\/\/xenonkungen.com\/produkt\/dimljus-maxilamp-1xcfe\/#primaryimage"},"thumbnailUrl":"https:\/\/xenonkungen.com\/wp-content\/uploads\/2025\/04\/8495227-origpic-a32477.jpg","datePublished":"2025-04-15T10:08:54+00:00","dateModified":"2026-04-24T16:21:44+00:00","breadcrumb":{"@id":"https:\/\/xenonkungen.com\/produkt\/dimljus-maxilamp-1xcfe\/#breadcrumb"},"inLanguage":"es","potentialAction":[{"@type":"ReadAction","target":["https:\/\/xenonkungen.com\/produkt\/dimljus-maxilamp-1xcfe\/"]}]},{"@type":"ImageObject","inLanguage":"es","@id":"https:\/\/xenonkungen.com\/produkt\/dimljus-maxilamp-1xcfe\/#primaryimage","url":"https:\/\/xenonkungen.com\/wp-content\/uploads\/2025\/04\/8495227-origpic-a32477.jpg","contentUrl":"https:\/\/xenonkungen.com\/wp-content\/uploads\/2025\/04\/8495227-origpic-a32477.jpg","width":700,"height":700},{"@type":"BreadcrumbList","@id":"https:\/\/xenonkungen.com\/produkt\/dimljus-maxilamp-1xcfe\/#breadcrumb","itemListElement":[{"@type":"ListItem","position":1,"name":"Hem","item":"https:\/\/xenonkungen.com\/"},{"@type":"ListItem","position":2,"name":"Shop","item":"https:\/\/xenonkungen.com\/shop\/"},{"@type":"ListItem","position":3,"name":"Dimljus Maxilamp 1XCFE"}]},{"@type":"WebSite","@id":"https:\/\/xenonkungen.com\/#website","url":"https:\/\/xenonkungen.com\/","name":"Xenonkungen","description":"","potentialAction":[{"@type":"SearchAction","target":{"@type":"EntryPoint","urlTemplate":"https:\/\/xenonkungen.com\/?s={search_term_string}"},"query-input":{"@type":"PropertyValueSpecification","valueRequired":true,"valueName":"search_term_string"}}],"inLanguage":"es"}]}},"taxonomy_info":{"anvandningsomrade":[{"value":166,"label":"Lastbil"},{"value":238,"label":"SL\u00c4P"},{"value":2816,"label":"TRAILER"}],"product_brand":[{"value":1252,"label":"LEA"}],"product_cat":[{"value":3047,"label":"Bakljus Kombination Rund"},{"value":2584,"label":"Dimljus"}],"pa_fuktskydd-varde-ipxx":[{"value":333,"label":"IP67"}],"pa_godkannande":[{"value":1262,"label":"ECE, EMC"}],"pa_storlek-mm":[{"value":2128,"label":"125x40"}],"pa_volt-v":[{"value":348,"label":"12, 24"}]},"featured_image_src_large":["https:\/\/xenonkungen.com\/wp-content\/uploads\/2025\/04\/8495227-origpic-a32477.jpg",700,700,false],"author_info":[],"comment_info":0,"_links":{"self":[{"href":"https:\/\/xenonkungen.com\/es\/wp-json\/wp\/v2\/product\/8705","targetHints":{"allow":["GET"]}}],"collection":[{"href":"https:\/\/xenonkungen.com\/es\/wp-json\/wp\/v2\/product"}],"about":[{"href":"https:\/\/xenonkungen.com\/es\/wp-json\/wp\/v2\/types\/product"}],"replies":[{"embeddable":true,"href":"https:\/\/xenonkungen.com\/es\/wp-json\/wp\/v2\/comments?post=8705"}],"wp:featuredmedia":[{"embeddable":true,"href":"https:\/\/xenonkungen.com\/es\/wp-json\/wp\/v2\/media\/8706"}],"wp:attachment":[{"href":"https:\/\/xenonkungen.com\/es\/wp-json\/wp\/v2\/media?parent=8705"}],"wp:term":[{"taxonomy":"anvandningsomrade","embeddable":true,"href":"https:\/\/xenonkungen.com\/es\/wp-json\/wp\/v2\/anvandningsomrade?post=8705"},{"taxonomy":"bilmarken","embeddable":true,"href":"https:\/\/xenonkungen.com\/es\/wp-json\/wp\/v2\/bilmarken?post=8705"},{"taxonomy":"product_brand","embeddable":true,"href":"https:\/\/xenonkungen.com\/es\/wp-json\/wp\/v2\/product_brand?post=8705"},{"taxonomy":"product_cat","embeddable":true,"href":"https:\/\/xenonkungen.com\/es\/wp-json\/wp\/v2\/product_cat?post=8705"},{"taxonomy":"product_tag","embeddable":true,"href":"https:\/\/xenonkungen.com\/es\/wp-json\/wp\/v2\/product_tag?post=8705"}],"curies":[{"name":"wp","href":"https:\/\/api.w.org\/{rel}","templated":true}]}}