{"id":8708,"date":"2025-04-15T10:08:54","date_gmt":"2025-04-15T10:08:54","guid":{"rendered":"https:\/\/xenonkungen.com\/product\/backljus-maxilamp-1xcwe-vit\/"},"modified":"2026-04-11T00:58:24","modified_gmt":"2026-04-10T23:58:24","slug":"luz-de-marcha-atras-maxilamp-1xcwe-blanca","status":"publish","type":"product","link":"https:\/\/xenonkungen.com\/es\/producto\/luz-de-marcha-atras-maxilamp-1xcwe-blanca\/","title":{"rendered":"Retroiluminaci\u00f3n Maxilamp 1XCWE Blanco"},"content":{"rendered":"<h1>Luz trasera con funci\u00f3n de marcha atr\u00e1s - Maxilamp 1XCWE de LED Autolamps<\/h1>\n<p>Nuestra nueva luz trasera con funci\u00f3n de marcha atr\u00e1s en versi\u00f3n Euro redonda de 125 mm es la soluci\u00f3n de iluminaci\u00f3n definitiva para todo tipo de veh\u00edculos. Esta luz no es solo una parte funcional de su coche, sino tambi\u00e9n una maravilla tecnol\u00f3gica que ofrece un rendimiento y una durabilidad excepcionales.<\/p>\n<h2>Carcasa de la l\u00e1mpara de alta calidad y resistente a los impactos<\/h2>\n<p>El cuerpo de la l\u00e1mpara es de acr\u00edlico resistente a los golpes, mientras que el cristal es de policarbonato, que tiene una gran resistencia a los productos qu\u00edmicos que se encuentran en los productos de limpieza. De este modo, la l\u00e1mpara no s\u00f3lo es resistente a los impactos f\u00edsicos, sino tambi\u00e9n a los da\u00f1os qu\u00edmicos. Adem\u00e1s, la l\u00e1mpara est\u00e1 equipada con protecci\u00f3n UV ampliada para evitar el envejecimiento, lo que garantiza que la l\u00e1mpara conserve su claridad y eficacia durante muchos a\u00f1os.<\/p>\n<h2>Dise\u00f1o totalmente sumergible y robusto<\/h2>\n<p>Esta luz trasera es totalmente sumergible, lo que la hace ideal para su uso en entornos dif\u00edciles, incluidos aquellos con alta humedad o donde la exposici\u00f3n al agua es habitual. La construcci\u00f3n en acero inoxidable garantiza que la l\u00e1mpara resista la corrosi\u00f3n, mientras que su resistencia a los impactos asegura su durabilidad incluso en condiciones dif\u00edciles. La luminosidad tambi\u00e9n es impresionante, con una amplia potencia que proporciona una excelente visibilidad.<\/p>\n<h2>Ahorro de energ\u00eda y bajo consumo<\/h2>\n<p>A una tensi\u00f3n de 13,8 V, la luz de marcha atr\u00e1s consume s\u00f3lo 0,39 A, y a 28 V el consumo es a\u00fan menor, s\u00f3lo 0,23 A. Esto demuestra el uso eficiente de la energ\u00eda de la l\u00e1mpara y la convierte en una opci\u00f3n respetuosa con el medio ambiente.<\/p>\n<h2>7 a\u00f1os de garant\u00eda de fiabilidad<\/h2>\n<p>Estamos orgullosos de ofrecer una generosa garant\u00eda de 7 a\u00f1os en esta luz trasera, lo que refleja nuestro compromiso con la calidad y nuestra confianza en el rendimiento y la durabilidad del producto. Cuando usted elige el Maxilamp 1XCWE de LED Autolamps, puede estar seguro de que est\u00e1 recibiendo un producto que no s\u00f3lo ofrece un rendimiento de iluminaci\u00f3n excepcional, sino que tambi\u00e9n resiste la prueba del tiempo.<\/p>","protected":false},"excerpt":{"rendered":"<p>Baklampa med Backljusfunktion &#8211; Maxilamp 1XCWE fr\u00e5n LED Autolamps V\u00e5r nyaste baklampa med backljusfunktion i 125mm runt Euro-utf\u00f6rande \u00e4r den ultimata belysningsl\u00f6sningen f\u00f6r alla typer av fordon. Denna lampa \u00e4r inte bara en funktionell del av din bil, utan ocks\u00e5 ett teknologiskt underverk som erbjuder enast\u00e5ende prestanda och h\u00e5llbarhet. H\u00f6gkvalitativt och Slagt\u00e5ligt Lamphus Lamphuset \u00e4r [&hellip;]<\/p>","protected":false},"featured_media":8709,"comment_status":"closed","ping_status":"open","template":"","meta":{"_acf_changed":false,"_smort_price_nok":"865","_smort_price_dkk":"550","_smort_price_eur":"73.63","_smort_sale_price_nok":"","_smort_sale_price_dkk":"","_smort_sale_price_eur":"","smort_restorder":"","shipmondo_restorder":"","_kad_blocks_custom_css":"","_kad_blocks_head_custom_js":"","_kad_blocks_body_custom_js":"","_kad_blocks_footer_custom_js":"","smort_custom_pricelist_1":"453.6","smort_custom_pricelist_2":"453.6","smort_custom_pricelist_3":"430.92","smort_custom_pricelist_4":"648","smort_custom_pricelist_5":"453.6"},"anvandningsomrade":[166,238,2816],"bilmarken":[],"product_brand":[1252],"product_cat":[2585],"product_tag":[],"class_list":{"0":"post-8708","1":"product","2":"type-product","3":"status-publish","4":"has-post-thumbnail","6":"anvandningsomrade-lastbil","7":"anvandningsomrade-slap","8":"anvandningsomrade-trailer","9":"product_brand-lea","10":"product_cat-backljus","11":"pa_fuktskydd-varde-ipxx-ip67","12":"pa_godkannande-ece-emc","13":"pa_storlek-mm-125x40","14":"pa_volt-v-12-24","16":"first","17":"instock","18":"taxable","19":"shipping-taxable","20":"purchasable","21":"product-type-simple"},"bundled_by":[],"bundle_stock_status":"instock","bundle_stock_quantity":1,"bundle_virtual":false,"bundle_layout":"","bundle_add_to_cart_form_location":"","bundle_editable_in_cart":false,"bundle_sold_individually_context":"","bundle_item_grouping":"","bundle_min_size":"","bundle_max_size":"","bundle_price":[],"bundled_items":[],"bundle_sell_ids":[],"acf":[],"yoast_head":"<!-- This site is optimized with the Yoast SEO plugin v27.0 - https:\/\/yoast.com\/product\/yoast-seo-wordpress\/ -->\n<title>Backljus Maxilamp 1XCWE Vit - Xenonkungen<\/title>\n<meta name=\"robots\" content=\"index, follow, max-snippet:-1, max-image-preview:large, max-video-preview:-1\" \/>\n<link rel=\"canonical\" href=\"https:\/\/xenonkungen.com\/es\/producto\/luz-de-marcha-atras-maxilamp-1xcwe-blanca\/\" \/>\n<meta property=\"og:locale\" content=\"es_ES\" \/>\n<meta property=\"og:type\" content=\"article\" \/>\n<meta property=\"og:title\" content=\"Backljus Maxilamp 1XCWE Vit - Xenonkungen\" \/>\n<meta property=\"og:description\" content=\"Baklampa med Backljusfunktion &#8211; Maxilamp 1XCWE fr\u00e5n LED Autolamps V\u00e5r nyaste baklampa med backljusfunktion i 125mm runt Euro-utf\u00f6rande \u00e4r den ultimata belysningsl\u00f6sningen f\u00f6r alla typer av fordon. Denna lampa \u00e4r inte bara en funktionell del av din bil, utan ocks\u00e5 ett teknologiskt underverk som erbjuder enast\u00e5ende prestanda och h\u00e5llbarhet. H\u00f6gkvalitativt och Slagt\u00e5ligt Lamphus Lamphuset \u00e4r [&hellip;]\" \/>\n<meta property=\"og:url\" content=\"https:\/\/xenonkungen.com\/es\/producto\/luz-de-marcha-atras-maxilamp-1xcwe-blanca\/\" \/>\n<meta property=\"og:site_name\" content=\"Xenonkungen\" \/>\n<meta property=\"article:modified_time\" content=\"2026-04-10T23:58:24+00:00\" \/>\n<meta property=\"og:image\" content=\"https:\/\/xenonkungen.com\/wp-content\/uploads\/2025\/04\/8495242-origpic-fa24d5.jpg\" \/>\n\t<meta property=\"og:image:width\" content=\"600\" \/>\n\t<meta property=\"og:image:height\" content=\"600\" \/>\n\t<meta property=\"og:image:type\" content=\"image\/jpeg\" \/>\n<meta name=\"twitter:card\" content=\"summary_large_image\" \/>\n<meta name=\"twitter:label1\" content=\"Tiempo de lectura\" \/>\n\t<meta name=\"twitter:data1\" content=\"2 minutos\" \/>\n<script type=\"application\/ld+json\" class=\"yoast-schema-graph\">{\"@context\":\"https:\/\/schema.org\",\"@graph\":[{\"@type\":\"WebPage\",\"@id\":\"https:\/\/xenonkungen.com\/produkt\/backljus-maxilamp-1xcwe-vit\/\",\"url\":\"https:\/\/xenonkungen.com\/produkt\/backljus-maxilamp-1xcwe-vit\/\",\"name\":\"Backljus Maxilamp 1XCWE Vit - Xenonkungen\",\"isPartOf\":{\"@id\":\"https:\/\/xenonkungen.com\/#website\"},\"primaryImageOfPage\":{\"@id\":\"https:\/\/xenonkungen.com\/produkt\/backljus-maxilamp-1xcwe-vit\/#primaryimage\"},\"image\":{\"@id\":\"https:\/\/xenonkungen.com\/produkt\/backljus-maxilamp-1xcwe-vit\/#primaryimage\"},\"thumbnailUrl\":\"https:\/\/xenonkungen.com\/wp-content\/uploads\/2025\/04\/8495242-origpic-fa24d5.jpg\",\"datePublished\":\"2025-04-15T10:08:54+00:00\",\"dateModified\":\"2026-04-10T23:58:24+00:00\",\"breadcrumb\":{\"@id\":\"https:\/\/xenonkungen.com\/produkt\/backljus-maxilamp-1xcwe-vit\/#breadcrumb\"},\"inLanguage\":\"es\",\"potentialAction\":[{\"@type\":\"ReadAction\",\"target\":[\"https:\/\/xenonkungen.com\/produkt\/backljus-maxilamp-1xcwe-vit\/\"]}]},{\"@type\":\"ImageObject\",\"inLanguage\":\"es\",\"@id\":\"https:\/\/xenonkungen.com\/produkt\/backljus-maxilamp-1xcwe-vit\/#primaryimage\",\"url\":\"https:\/\/xenonkungen.com\/wp-content\/uploads\/2025\/04\/8495242-origpic-fa24d5.jpg\",\"contentUrl\":\"https:\/\/xenonkungen.com\/wp-content\/uploads\/2025\/04\/8495242-origpic-fa24d5.jpg\",\"width\":600,\"height\":600},{\"@type\":\"BreadcrumbList\",\"@id\":\"https:\/\/xenonkungen.com\/produkt\/backljus-maxilamp-1xcwe-vit\/#breadcrumb\",\"itemListElement\":[{\"@type\":\"ListItem\",\"position\":1,\"name\":\"Hem\",\"item\":\"https:\/\/xenonkungen.com\/\"},{\"@type\":\"ListItem\",\"position\":2,\"name\":\"Shop\",\"item\":\"https:\/\/xenonkungen.com\/shop\/\"},{\"@type\":\"ListItem\",\"position\":3,\"name\":\"Backljus Maxilamp 1XCWE Vit\"}]},{\"@type\":\"WebSite\",\"@id\":\"https:\/\/xenonkungen.com\/#website\",\"url\":\"https:\/\/xenonkungen.com\/\",\"name\":\"Xenonkungen\",\"description\":\"\",\"potentialAction\":[{\"@type\":\"SearchAction\",\"target\":{\"@type\":\"EntryPoint\",\"urlTemplate\":\"https:\/\/xenonkungen.com\/?s={search_term_string}\"},\"query-input\":{\"@type\":\"PropertyValueSpecification\",\"valueRequired\":true,\"valueName\":\"search_term_string\"}}],\"inLanguage\":\"es\"}]}<\/script>\n<!-- \/ Yoast SEO plugin. -->","yoast_head_json":{"title":"Luz de marcha atr\u00e1s Maxilamp 1XCWE Blanca - el rey del xen\u00f3n","robots":{"index":"index","follow":"follow","max-snippet":"max-snippet:-1","max-image-preview":"max-image-preview:large","max-video-preview":"max-video-preview:-1"},"canonical":"https:\/\/xenonkungen.com\/es\/producto\/luz-de-marcha-atras-maxilamp-1xcwe-blanca\/","og_locale":"es_ES","og_type":"article","og_title":"Backljus Maxilamp 1XCWE Vit - Xenonkungen","og_description":"Baklampa med Backljusfunktion &#8211; Maxilamp 1XCWE fr\u00e5n LED Autolamps V\u00e5r nyaste baklampa med backljusfunktion i 125mm runt Euro-utf\u00f6rande \u00e4r den ultimata belysningsl\u00f6sningen f\u00f6r alla typer av fordon. Denna lampa \u00e4r inte bara en funktionell del av din bil, utan ocks\u00e5 ett teknologiskt underverk som erbjuder enast\u00e5ende prestanda och h\u00e5llbarhet. H\u00f6gkvalitativt och Slagt\u00e5ligt Lamphus Lamphuset \u00e4r [&hellip;]","og_url":"https:\/\/xenonkungen.com\/es\/producto\/luz-de-marcha-atras-maxilamp-1xcwe-blanca\/","og_site_name":"Xenonkungen","article_modified_time":"2026-04-10T23:58:24+00:00","og_image":[{"width":600,"height":600,"url":"https:\/\/xenonkungen.com\/wp-content\/uploads\/2025\/04\/8495242-origpic-fa24d5.jpg","type":"image\/jpeg"}],"twitter_card":"summary_large_image","twitter_misc":{"Tiempo de lectura":"2 minutos"},"schema":{"@context":"https:\/\/schema.org","@graph":[{"@type":"WebPage","@id":"https:\/\/xenonkungen.com\/produkt\/backljus-maxilamp-1xcwe-vit\/","url":"https:\/\/xenonkungen.com\/produkt\/backljus-maxilamp-1xcwe-vit\/","name":"Luz de marcha atr\u00e1s Maxilamp 1XCWE Blanca - el rey del xen\u00f3n","isPartOf":{"@id":"https:\/\/xenonkungen.com\/#website"},"primaryImageOfPage":{"@id":"https:\/\/xenonkungen.com\/produkt\/backljus-maxilamp-1xcwe-vit\/#primaryimage"},"image":{"@id":"https:\/\/xenonkungen.com\/produkt\/backljus-maxilamp-1xcwe-vit\/#primaryimage"},"thumbnailUrl":"https:\/\/xenonkungen.com\/wp-content\/uploads\/2025\/04\/8495242-origpic-fa24d5.jpg","datePublished":"2025-04-15T10:08:54+00:00","dateModified":"2026-04-10T23:58:24+00:00","breadcrumb":{"@id":"https:\/\/xenonkungen.com\/produkt\/backljus-maxilamp-1xcwe-vit\/#breadcrumb"},"inLanguage":"es","potentialAction":[{"@type":"ReadAction","target":["https:\/\/xenonkungen.com\/produkt\/backljus-maxilamp-1xcwe-vit\/"]}]},{"@type":"ImageObject","inLanguage":"es","@id":"https:\/\/xenonkungen.com\/produkt\/backljus-maxilamp-1xcwe-vit\/#primaryimage","url":"https:\/\/xenonkungen.com\/wp-content\/uploads\/2025\/04\/8495242-origpic-fa24d5.jpg","contentUrl":"https:\/\/xenonkungen.com\/wp-content\/uploads\/2025\/04\/8495242-origpic-fa24d5.jpg","width":600,"height":600},{"@type":"BreadcrumbList","@id":"https:\/\/xenonkungen.com\/produkt\/backljus-maxilamp-1xcwe-vit\/#breadcrumb","itemListElement":[{"@type":"ListItem","position":1,"name":"Hem","item":"https:\/\/xenonkungen.com\/"},{"@type":"ListItem","position":2,"name":"Shop","item":"https:\/\/xenonkungen.com\/shop\/"},{"@type":"ListItem","position":3,"name":"Backljus Maxilamp 1XCWE Vit"}]},{"@type":"WebSite","@id":"https:\/\/xenonkungen.com\/#website","url":"https:\/\/xenonkungen.com\/","name":"Xenonkungen","description":"","potentialAction":[{"@type":"SearchAction","target":{"@type":"EntryPoint","urlTemplate":"https:\/\/xenonkungen.com\/?s={search_term_string}"},"query-input":{"@type":"PropertyValueSpecification","valueRequired":true,"valueName":"search_term_string"}}],"inLanguage":"es"}]}},"taxonomy_info":{"anvandningsomrade":[{"value":166,"label":"Lastbil"},{"value":238,"label":"SL\u00c4P"},{"value":2816,"label":"TRAILER"}],"product_brand":[{"value":1252,"label":"LEA"}],"product_cat":[{"value":2585,"label":"Backljus"}],"pa_fuktskydd-varde-ipxx":[{"value":333,"label":"IP67"}],"pa_godkannande":[{"value":1262,"label":"ECE, EMC"}],"pa_storlek-mm":[{"value":2128,"label":"125x40"}],"pa_volt-v":[{"value":348,"label":"12, 24"}]},"featured_image_src_large":["https:\/\/xenonkungen.com\/wp-content\/uploads\/2025\/04\/8495242-origpic-fa24d5.jpg",600,600,false],"author_info":[],"comment_info":0,"_links":{"self":[{"href":"https:\/\/xenonkungen.com\/es\/wp-json\/wp\/v2\/product\/8708","targetHints":{"allow":["GET"]}}],"collection":[{"href":"https:\/\/xenonkungen.com\/es\/wp-json\/wp\/v2\/product"}],"about":[{"href":"https:\/\/xenonkungen.com\/es\/wp-json\/wp\/v2\/types\/product"}],"replies":[{"embeddable":true,"href":"https:\/\/xenonkungen.com\/es\/wp-json\/wp\/v2\/comments?post=8708"}],"wp:featuredmedia":[{"embeddable":true,"href":"https:\/\/xenonkungen.com\/es\/wp-json\/wp\/v2\/media\/8709"}],"wp:attachment":[{"href":"https:\/\/xenonkungen.com\/es\/wp-json\/wp\/v2\/media?parent=8708"}],"wp:term":[{"taxonomy":"anvandningsomrade","embeddable":true,"href":"https:\/\/xenonkungen.com\/es\/wp-json\/wp\/v2\/anvandningsomrade?post=8708"},{"taxonomy":"bilmarken","embeddable":true,"href":"https:\/\/xenonkungen.com\/es\/wp-json\/wp\/v2\/bilmarken?post=8708"},{"taxonomy":"product_brand","embeddable":true,"href":"https:\/\/xenonkungen.com\/es\/wp-json\/wp\/v2\/product_brand?post=8708"},{"taxonomy":"product_cat","embeddable":true,"href":"https:\/\/xenonkungen.com\/es\/wp-json\/wp\/v2\/product_cat?post=8708"},{"taxonomy":"product_tag","embeddable":true,"href":"https:\/\/xenonkungen.com\/es\/wp-json\/wp\/v2\/product_tag?post=8708"}],"curies":[{"name":"wp","href":"https:\/\/api.w.org\/{rel}","templated":true}]}}