{"id":8748,"date":"2025-04-15T10:09:23","date_gmt":"2025-04-15T10:09:23","guid":{"rendered":"https:\/\/xenonkungen.com\/product\/signallampa-gron-15x30mm-24v\/"},"modified":"2025-12-10T14:50:26","modified_gmt":"2025-12-10T13:50:26","slug":"lampara-de-senalizacion-verde-15x30mm-24v","status":"publish","type":"product","link":"https:\/\/xenonkungen.com\/es\/producto\/lampara-de-senalizacion-verde-15x30mm-24v\/","title":{"rendered":"Luz de se\u00f1alizaci\u00f3n verde 15x30 mm | 24 V"},"content":{"rendered":"<div class=\"container\">\n<h1>L\u00e1mpara de diodos de uso flexible<\/h1>\n<p>Dise\u00f1ada para satisfacer las necesidades de proyectos comerciales y personales, esta l\u00e1mpara de diodos es perfecta como luz de se\u00f1alizaci\u00f3n o para iluminaci\u00f3n puntual espec\u00edfica. Con su avanzada tecnolog\u00eda LED y su tama\u00f1o compacto, se integra f\u00e1cilmente en una gran variedad de entornos.<\/p>\n<h2>Caracter\u00edsticas:<\/h2>\n<ul>\n<li><strong>Uso vers\u00e1til:<\/strong> Excelente como l\u00e1mpara de se\u00f1alizaci\u00f3n o para iluminaci\u00f3n puntual espec\u00edfica.<\/li>\n<li><strong>Tecnolog\u00eda LED avanzada:<\/strong> Proporciona una iluminaci\u00f3n clara y energ\u00e9ticamente eficiente.<\/li>\n<li><strong>Resistente a golpes y vibraciones:<\/strong> Fabricado para resistir entornos dif\u00edciles.<\/li>\n<li><strong>Resistente al agua (IP67):<\/strong> Protecci\u00f3n total contra el polvo y la entrada de agua.<\/li>\n<li><strong>Protecci\u00f3n contra cortocircuitos:<\/strong> Mayor seguridad y vida \u00fatil.<\/li>\n<li><strong>Dise\u00f1o compacto y discreto:<\/strong> F\u00e1cil de integrar sin ocupar mucho espacio.<\/li>\n<\/ul>\n<p>Esta l\u00e1mpara LED representa una combinaci\u00f3n \u00f3ptima de estilo, funcionalidad y durabilidad, lo que la hace ideal para una gran variedad de necesidades de iluminaci\u00f3n. Su construcci\u00f3n robusta y sus aplicaciones flexibles garantizan que sea una fuente de luz fiable para cualquier tipo de proyecto.<\/p>\n<\/div>\n<p><span>Cuerpo y carcasa de acero inoxidable<\/span><\/p>\n<p><strong>Garant\u00eda:<\/strong> 5 a\u00f1os<\/p>","protected":false},"excerpt":{"rendered":"<p>Diodlampa f\u00f6r Flexibel Anv\u00e4ndning Denna diodlampa \u00e4r designad f\u00f6r att m\u00f6ta behoven hos b\u00e5de kommersiella och personliga projekt, perfekt som signallampa eller f\u00f6r specifik punktbelysning. Med sin avancerade LED-teknologi och kompakta storlek, integreras den enkelt i en m\u00e4ngd olika inst\u00e4llningar. Egenskaper: M\u00e5ngsidig Anv\u00e4ndning: Utm\u00e4rkt som signallampa eller f\u00f6r specifik punktbelysning. Avancerad LED-teknologi: Ger klar och [&hellip;]<\/p>","protected":false},"featured_media":8749,"comment_status":"closed","ping_status":"open","template":"","meta":{"_acf_changed":false,"_smort_price_nok":"101","_smort_price_dkk":"64","_smort_price_eur":"8.64","_smort_sale_price_nok":"","_smort_sale_price_dkk":"","_smort_sale_price_eur":"","smort_restorder":"","shipmondo_restorder":"","_kad_blocks_custom_css":"","_kad_blocks_head_custom_js":"","_kad_blocks_body_custom_js":"","_kad_blocks_footer_custom_js":"","smort_custom_pricelist_1":"60.8","smort_custom_pricelist_2":"53.2","smort_custom_pricelist_3":"49.4","smort_custom_pricelist_4":"76","smort_custom_pricelist_5":"53.2"},"anvandningsomrade":[166,238,2816],"bilmarken":[],"product_brand":[1252],"product_cat":[2586],"product_tag":[],"class_list":{"0":"post-8748","1":"product","2":"type-product","3":"status-publish","4":"has-post-thumbnail","6":"anvandningsomrade-lastbil","7":"anvandningsomrade-slap","8":"anvandningsomrade-trailer","9":"product_brand-lea","10":"product_cat-interiorbelysning-slap","11":"pa_fargtemperatur-gron","12":"pa_fuktskydd-varde-ipxx-ip67","13":"pa_storlek-mm-15x30","14":"pa_stromforbrukning-0-01a28v","15":"pa_volt-v-160","17":"first","18":"instock","19":"taxable","20":"shipping-taxable","21":"purchasable","22":"product-type-simple"},"bundled_by":[],"bundle_stock_status":"instock","bundle_stock_quantity":14,"bundle_virtual":false,"bundle_layout":"","bundle_add_to_cart_form_location":"","bundle_editable_in_cart":false,"bundle_sold_individually_context":"","bundle_item_grouping":"","bundle_min_size":"","bundle_max_size":"","bundle_price":[],"bundled_items":[],"bundle_sell_ids":[],"acf":[],"yoast_head":"<!-- This site is optimized with the Yoast SEO plugin v27.0 - https:\/\/yoast.com\/product\/yoast-seo-wordpress\/ -->\n<title>Signallampa Gr\u00f6n 15x30mm | 24V - Xenonkungen<\/title>\n<meta name=\"robots\" content=\"index, follow, max-snippet:-1, max-image-preview:large, max-video-preview:-1\" \/>\n<link rel=\"canonical\" href=\"https:\/\/xenonkungen.com\/es\/producto\/lampara-de-senalizacion-verde-15x30mm-24v\/\" \/>\n<meta property=\"og:locale\" content=\"es_ES\" \/>\n<meta property=\"og:type\" content=\"article\" \/>\n<meta property=\"og:title\" content=\"Signallampa Gr\u00f6n 15x30mm | 24V - Xenonkungen\" \/>\n<meta property=\"og:description\" content=\"Diodlampa f\u00f6r Flexibel Anv\u00e4ndning Denna diodlampa \u00e4r designad f\u00f6r att m\u00f6ta behoven hos b\u00e5de kommersiella och personliga projekt, perfekt som signallampa eller f\u00f6r specifik punktbelysning. Med sin avancerade LED-teknologi och kompakta storlek, integreras den enkelt i en m\u00e4ngd olika inst\u00e4llningar. Egenskaper: M\u00e5ngsidig Anv\u00e4ndning: Utm\u00e4rkt som signallampa eller f\u00f6r specifik punktbelysning. Avancerad LED-teknologi: Ger klar och [&hellip;]\" \/>\n<meta property=\"og:url\" content=\"https:\/\/xenonkungen.com\/es\/producto\/lampara-de-senalizacion-verde-15x30mm-24v\/\" \/>\n<meta property=\"og:site_name\" content=\"Xenonkungen\" \/>\n<meta property=\"article:modified_time\" content=\"2025-12-10T13:50:26+00:00\" \/>\n<meta property=\"og:image\" content=\"https:\/\/xenonkungen.com\/wp-content\/uploads\/2025\/04\/7406740-origpic-c0598b.jpg\" \/>\n\t<meta property=\"og:image:width\" content=\"600\" \/>\n\t<meta property=\"og:image:height\" content=\"600\" \/>\n\t<meta property=\"og:image:type\" content=\"image\/jpeg\" \/>\n<meta name=\"twitter:card\" content=\"summary_large_image\" \/>\n<meta name=\"twitter:label1\" content=\"Tiempo de lectura\" \/>\n\t<meta name=\"twitter:data1\" content=\"1 minuto\" \/>\n<script type=\"application\/ld+json\" class=\"yoast-schema-graph\">{\"@context\":\"https:\/\/schema.org\",\"@graph\":[{\"@type\":\"WebPage\",\"@id\":\"https:\/\/xenonkungen.com\/no\/produkt\/signallampa-gron-15x30mm-24v\/\",\"url\":\"https:\/\/xenonkungen.com\/no\/produkt\/signallampa-gron-15x30mm-24v\/\",\"name\":\"Signallampa Gr\u00f6n 15x30mm | 24V - Xenonkungen\",\"isPartOf\":{\"@id\":\"https:\/\/xenonkungen.com\/#website\"},\"primaryImageOfPage\":{\"@id\":\"https:\/\/xenonkungen.com\/no\/produkt\/signallampa-gron-15x30mm-24v\/#primaryimage\"},\"image\":{\"@id\":\"https:\/\/xenonkungen.com\/no\/produkt\/signallampa-gron-15x30mm-24v\/#primaryimage\"},\"thumbnailUrl\":\"https:\/\/xenonkungen.com\/wp-content\/uploads\/2025\/04\/7406740-origpic-c0598b.jpg\",\"datePublished\":\"2025-04-15T10:09:23+00:00\",\"dateModified\":\"2025-12-10T13:50:26+00:00\",\"breadcrumb\":{\"@id\":\"https:\/\/xenonkungen.com\/no\/produkt\/signallampa-gron-15x30mm-24v\/#breadcrumb\"},\"inLanguage\":\"es\",\"potentialAction\":[{\"@type\":\"ReadAction\",\"target\":[\"https:\/\/xenonkungen.com\/no\/produkt\/signallampa-gron-15x30mm-24v\/\"]}]},{\"@type\":\"ImageObject\",\"inLanguage\":\"es\",\"@id\":\"https:\/\/xenonkungen.com\/no\/produkt\/signallampa-gron-15x30mm-24v\/#primaryimage\",\"url\":\"https:\/\/xenonkungen.com\/wp-content\/uploads\/2025\/04\/7406740-origpic-c0598b.jpg\",\"contentUrl\":\"https:\/\/xenonkungen.com\/wp-content\/uploads\/2025\/04\/7406740-origpic-c0598b.jpg\",\"width\":600,\"height\":600},{\"@type\":\"BreadcrumbList\",\"@id\":\"https:\/\/xenonkungen.com\/no\/produkt\/signallampa-gron-15x30mm-24v\/#breadcrumb\",\"itemListElement\":[{\"@type\":\"ListItem\",\"position\":1,\"name\":\"Hem\",\"item\":\"https:\/\/xenonkungen.com\/\"},{\"@type\":\"ListItem\",\"position\":2,\"name\":\"Shop\",\"item\":\"https:\/\/xenonkungen.com\/shop\/\"},{\"@type\":\"ListItem\",\"position\":3,\"name\":\"Signallampa Gr\u00f6n 15x30mm | 24V\"}]},{\"@type\":\"WebSite\",\"@id\":\"https:\/\/xenonkungen.com\/#website\",\"url\":\"https:\/\/xenonkungen.com\/\",\"name\":\"Xenonkungen\",\"description\":\"\",\"potentialAction\":[{\"@type\":\"SearchAction\",\"target\":{\"@type\":\"EntryPoint\",\"urlTemplate\":\"https:\/\/xenonkungen.com\/?s={search_term_string}\"},\"query-input\":{\"@type\":\"PropertyValueSpecification\",\"valueRequired\":true,\"valueName\":\"search_term_string\"}}],\"inLanguage\":\"es\"}]}<\/script>\n<!-- \/ Yoast SEO plugin. -->","yoast_head_json":{"title":"L\u00e1mpara de se\u00f1alizaci\u00f3n verde 15x30mm | 24V - Xen\u00f3n","robots":{"index":"index","follow":"follow","max-snippet":"max-snippet:-1","max-image-preview":"max-image-preview:large","max-video-preview":"max-video-preview:-1"},"canonical":"https:\/\/xenonkungen.com\/es\/producto\/lampara-de-senalizacion-verde-15x30mm-24v\/","og_locale":"es_ES","og_type":"article","og_title":"Signallampa Gr\u00f6n 15x30mm | 24V - Xenonkungen","og_description":"Diodlampa f\u00f6r Flexibel Anv\u00e4ndning Denna diodlampa \u00e4r designad f\u00f6r att m\u00f6ta behoven hos b\u00e5de kommersiella och personliga projekt, perfekt som signallampa eller f\u00f6r specifik punktbelysning. Med sin avancerade LED-teknologi och kompakta storlek, integreras den enkelt i en m\u00e4ngd olika inst\u00e4llningar. Egenskaper: M\u00e5ngsidig Anv\u00e4ndning: Utm\u00e4rkt som signallampa eller f\u00f6r specifik punktbelysning. Avancerad LED-teknologi: Ger klar och [&hellip;]","og_url":"https:\/\/xenonkungen.com\/es\/producto\/lampara-de-senalizacion-verde-15x30mm-24v\/","og_site_name":"Xenonkungen","article_modified_time":"2025-12-10T13:50:26+00:00","og_image":[{"width":600,"height":600,"url":"https:\/\/xenonkungen.com\/wp-content\/uploads\/2025\/04\/7406740-origpic-c0598b.jpg","type":"image\/jpeg"}],"twitter_card":"summary_large_image","twitter_misc":{"Tiempo de lectura":"1 minuto"},"schema":{"@context":"https:\/\/schema.org","@graph":[{"@type":"WebPage","@id":"https:\/\/xenonkungen.com\/no\/produkt\/signallampa-gron-15x30mm-24v\/","url":"https:\/\/xenonkungen.com\/no\/produkt\/signallampa-gron-15x30mm-24v\/","name":"L\u00e1mpara de se\u00f1alizaci\u00f3n verde 15x30mm | 24V - Xen\u00f3n","isPartOf":{"@id":"https:\/\/xenonkungen.com\/#website"},"primaryImageOfPage":{"@id":"https:\/\/xenonkungen.com\/no\/produkt\/signallampa-gron-15x30mm-24v\/#primaryimage"},"image":{"@id":"https:\/\/xenonkungen.com\/no\/produkt\/signallampa-gron-15x30mm-24v\/#primaryimage"},"thumbnailUrl":"https:\/\/xenonkungen.com\/wp-content\/uploads\/2025\/04\/7406740-origpic-c0598b.jpg","datePublished":"2025-04-15T10:09:23+00:00","dateModified":"2025-12-10T13:50:26+00:00","breadcrumb":{"@id":"https:\/\/xenonkungen.com\/no\/produkt\/signallampa-gron-15x30mm-24v\/#breadcrumb"},"inLanguage":"es","potentialAction":[{"@type":"ReadAction","target":["https:\/\/xenonkungen.com\/no\/produkt\/signallampa-gron-15x30mm-24v\/"]}]},{"@type":"ImageObject","inLanguage":"es","@id":"https:\/\/xenonkungen.com\/no\/produkt\/signallampa-gron-15x30mm-24v\/#primaryimage","url":"https:\/\/xenonkungen.com\/wp-content\/uploads\/2025\/04\/7406740-origpic-c0598b.jpg","contentUrl":"https:\/\/xenonkungen.com\/wp-content\/uploads\/2025\/04\/7406740-origpic-c0598b.jpg","width":600,"height":600},{"@type":"BreadcrumbList","@id":"https:\/\/xenonkungen.com\/no\/produkt\/signallampa-gron-15x30mm-24v\/#breadcrumb","itemListElement":[{"@type":"ListItem","position":1,"name":"Hem","item":"https:\/\/xenonkungen.com\/"},{"@type":"ListItem","position":2,"name":"Shop","item":"https:\/\/xenonkungen.com\/shop\/"},{"@type":"ListItem","position":3,"name":"Signallampa Gr\u00f6n 15x30mm | 24V"}]},{"@type":"WebSite","@id":"https:\/\/xenonkungen.com\/#website","url":"https:\/\/xenonkungen.com\/","name":"Xenonkungen","description":"","potentialAction":[{"@type":"SearchAction","target":{"@type":"EntryPoint","urlTemplate":"https:\/\/xenonkungen.com\/?s={search_term_string}"},"query-input":{"@type":"PropertyValueSpecification","valueRequired":true,"valueName":"search_term_string"}}],"inLanguage":"es"}]}},"taxonomy_info":{"anvandningsomrade":[{"value":166,"label":"Lastbil"},{"value":238,"label":"SL\u00c4P"},{"value":2816,"label":"TRAILER"}],"product_brand":[{"value":1252,"label":"LEA"}],"product_cat":[{"value":2586,"label":"Interi\u00f6rbelysning"}],"pa_fargtemperatur":[{"value":1831,"label":"Gr\u00f6n"}],"pa_fuktskydd-varde-ipxx":[{"value":333,"label":"IP67"}],"pa_storlek-mm":[{"value":2134,"label":"15x30"}],"pa_stromforbrukning":[{"value":2117,"label":"0.01A@28V"}],"pa_volt-v":[{"value":160,"label":"24"}]},"featured_image_src_large":["https:\/\/xenonkungen.com\/wp-content\/uploads\/2025\/04\/7406740-origpic-c0598b.jpg",600,600,false],"author_info":[],"comment_info":0,"_links":{"self":[{"href":"https:\/\/xenonkungen.com\/es\/wp-json\/wp\/v2\/product\/8748","targetHints":{"allow":["GET"]}}],"collection":[{"href":"https:\/\/xenonkungen.com\/es\/wp-json\/wp\/v2\/product"}],"about":[{"href":"https:\/\/xenonkungen.com\/es\/wp-json\/wp\/v2\/types\/product"}],"replies":[{"embeddable":true,"href":"https:\/\/xenonkungen.com\/es\/wp-json\/wp\/v2\/comments?post=8748"}],"wp:featuredmedia":[{"embeddable":true,"href":"https:\/\/xenonkungen.com\/es\/wp-json\/wp\/v2\/media\/8749"}],"wp:attachment":[{"href":"https:\/\/xenonkungen.com\/es\/wp-json\/wp\/v2\/media?parent=8748"}],"wp:term":[{"taxonomy":"anvandningsomrade","embeddable":true,"href":"https:\/\/xenonkungen.com\/es\/wp-json\/wp\/v2\/anvandningsomrade?post=8748"},{"taxonomy":"bilmarken","embeddable":true,"href":"https:\/\/xenonkungen.com\/es\/wp-json\/wp\/v2\/bilmarken?post=8748"},{"taxonomy":"product_brand","embeddable":true,"href":"https:\/\/xenonkungen.com\/es\/wp-json\/wp\/v2\/product_brand?post=8748"},{"taxonomy":"product_cat","embeddable":true,"href":"https:\/\/xenonkungen.com\/es\/wp-json\/wp\/v2\/product_cat?post=8748"},{"taxonomy":"product_tag","embeddable":true,"href":"https:\/\/xenonkungen.com\/es\/wp-json\/wp\/v2\/product_tag?post=8748"}],"curies":[{"name":"wp","href":"https:\/\/api.w.org\/{rel}","templated":true}]}}