{"id":8819,"date":"2025-04-15T10:10:05","date_gmt":"2025-04-15T10:10:05","guid":{"rendered":"https:\/\/xenonkungen.com\/product\/airzing-mini-air-purifier\/"},"modified":"2026-04-11T01:29:20","modified_gmt":"2026-04-11T00:29:20","slug":"minipurificador-de-aire-airzing","status":"publish","type":"product","link":"https:\/\/xenonkungen.com\/es\/producto\/minipurificador-de-aire-airzing\/","title":{"rendered":"Mini purificador de aire AirZing"},"content":{"rendered":"<h1>OSRAM AirZing Mini<\/h1>\n<p>Una soluci\u00f3n innovadora para purificar el aire de los veh\u00edculos. Utilizando los amplios conocimientos de OSRAM sobre la luz UV, AirZing Mini aspira aire y lo pasa por una placa de di\u00f3xido de titanio que se combina con la luz UV-A para crear una reacci\u00f3n fotocatal\u00edtica. La reacci\u00f3n elimina algunas bacterias y virus nocivos del aire. El proceso de purificaci\u00f3n tambi\u00e9n puede eliminar los malos olores, dejando un aire fresco y limpio.<\/p>\n<p>La placa de di\u00f3xido de titanio puede extraerse, lavarse y volver a colocarse. Esto significa poco mantenimiento y ninguna necesidad de comprar y cambiar filtros constantemente.<\/p>\n<p>Dise\u00f1ado espec\u00edficamente para su uso en un veh\u00edculo, el AirZing Mini cuenta con clips de ventilaci\u00f3n magn\u00e9ticos para un montaje flexible. El cable USB-C incluido proporciona una fuente de alimentaci\u00f3n segura mientras viajas.<\/p>\n<p class=\"font-text-standard\" data-copyto=\"text-below-img\">La OSRAM AirZing Mini es tan peque\u00f1a como una manzana. Su elegante dise\u00f1o negro le permite integrarse en el interior y convertirse en un compa\u00f1ero de viaje discreto y fiable. Mediante un adaptador magn\u00e9tico con un clip, la AirZing Mini puede fijarse f\u00e1cilmente al tubo de escape de aire del veh\u00edculo. Se alimenta a trav\u00e9s de una conexi\u00f3n USB. Con un nivel de ruido de s\u00f3lo 25 decibelios, es silencioso y aspira constantemente aire del veh\u00edculo. El aire pasa a trav\u00e9s de un filtro de \u00f3xido de titanio iluminado por LED UV-A. El proceso elimina hasta 99 %* de los virus y bacterias nocivos del coche, y el aire purificado e ionizado se descarga por la parte superior de la unidad. Tambi\u00e9n elimina hasta 90 %* de formaldeh\u00eddo, TVOC (compuestos org\u00e1nicos vol\u00e1tiles totales) y olores.<\/p>\n<ul class=\"orange-dash-list textvis-org-next\" data-copyto=\"text-below-img\">\n<li>Puede matar hasta el 99 %* de todas las bacterias y algunos virus<\/li>\n<li>F\u00e1cil de usar con soporte magn\u00e9tico y cable USB<\/li>\n<li>No es necesario cambiar el filtro, pero puede limpiarse con agua limpia del grifo.<\/li>\n<li>Funcionamiento silencioso: s\u00f3lo 25 decibelios<\/li>\n<\/ul>\n<p class=\"font-text-standard\" data-copyto=\"text-below-img\">Tanto si utiliza su veh\u00edculo de forma privada o para trabajar, con OSRAM AirZing Mini puede promover un mejor ambiente dentro del coche y reducir la cantidad de virus y bacterias en el aire. Todo el volumen de aire del veh\u00edculo se filtra y purifica en unos 30 minutos. AirZing Mini tambi\u00e9n elimina los olores y el humo.<\/p>\n<p><iframe loading=\"lazy\" height=\"314\" src=\"https:\/\/www.youtube.com\/embed\/ZyYZ5SvSTA8?si=Y9vCy2n_1fzjO57J&amp;amp\" width=\"560\" allowfullscreen=\"allowfullscreen\"><\/iframe><\/p>","protected":false},"excerpt":{"rendered":"<p>Purificador de aire de Osram Puede ayudar a eliminar las part\u00edculas no deseadas en el aire que tiene en su coche.<\/p>","protected":false},"featured_media":8820,"comment_status":"closed","ping_status":"closed","template":"","meta":{"_acf_changed":false,"_smort_price_nok":"561","_smort_price_dkk":"509","_smort_price_eur":"68.18","_smort_sale_price_nok":"561","_smort_sale_price_dkk":"","_smort_sale_price_eur":"","smort_restorder":"","shipmondo_restorder":"","_kad_blocks_custom_css":"","_kad_blocks_head_custom_js":"","_kad_blocks_body_custom_js":"","_kad_blocks_footer_custom_js":"","smort_custom_pricelist_1":"480","smort_custom_pricelist_2":"480","smort_custom_pricelist_3":"456","smort_custom_pricelist_4":"600","smort_custom_pricelist_5":"480"},"anvandningsomrade":[],"bilmarken":[],"product_brand":[108],"product_cat":[2447,2854,378,1402],"product_tag":[],"class_list":{"0":"post-8819","1":"product","2":"type-product","3":"status-publish","4":"has-post-thumbnail","6":"product_brand-osram","7":"product_cat-doft","8":"product_cat-noel","9":"product_cat-bilvard","10":"product_cat-outlet","12":"first","13":"instock","14":"sale","15":"taxable","16":"shipping-taxable","17":"purchasable","18":"product-type-simple"},"bundled_by":[],"bundle_stock_status":"instock","bundle_stock_quantity":6,"bundle_virtual":false,"bundle_layout":"","bundle_add_to_cart_form_location":"","bundle_editable_in_cart":false,"bundle_sold_individually_context":"","bundle_item_grouping":"","bundle_min_size":"","bundle_max_size":"","bundle_price":[],"bundled_items":[],"bundle_sell_ids":[],"acf":[],"yoast_head":"<!-- This site is optimized with the Yoast SEO plugin v27.0 - https:\/\/yoast.com\/product\/yoast-seo-wordpress\/ -->\n<title>AirZing Mini Air Purifier - Xenonkungen<\/title>\n<meta name=\"robots\" content=\"index, follow, max-snippet:-1, max-image-preview:large, max-video-preview:-1\" \/>\n<link rel=\"canonical\" href=\"https:\/\/xenonkungen.com\/es\/producto\/minipurificador-de-aire-airzing\/\" \/>\n<meta property=\"og:locale\" content=\"es_ES\" \/>\n<meta property=\"og:type\" content=\"article\" \/>\n<meta property=\"og:title\" content=\"AirZing Mini Air Purifier - Xenonkungen\" \/>\n<meta property=\"og:description\" content=\"Luftrenare fr\u00e5n Osram! Kan hj\u00e4lpa till med att ta bort o\u00f6nskade partiklar i luften ni har i er bil.\" \/>\n<meta property=\"og:url\" content=\"https:\/\/xenonkungen.com\/es\/producto\/minipurificador-de-aire-airzing\/\" \/>\n<meta property=\"og:site_name\" content=\"Xenonkungen\" \/>\n<meta property=\"article:modified_time\" content=\"2026-04-11T00:29:20+00:00\" \/>\n<meta property=\"og:image\" content=\"https:\/\/xenonkungen.com\/wp-content\/uploads\/2025\/04\/182438315-origpic-c12e3d.jpg\" \/>\n\t<meta property=\"og:image:width\" content=\"900\" \/>\n\t<meta property=\"og:image:height\" content=\"900\" \/>\n\t<meta property=\"og:image:type\" content=\"image\/jpeg\" \/>\n<meta name=\"twitter:card\" content=\"summary_large_image\" \/>\n<meta name=\"twitter:label1\" content=\"Tiempo de lectura\" \/>\n\t<meta name=\"twitter:data1\" content=\"2 minutos\" \/>\n<script type=\"application\/ld+json\" class=\"yoast-schema-graph\">{\"@context\":\"https:\/\/schema.org\",\"@graph\":[{\"@type\":\"WebPage\",\"@id\":\"https:\/\/xenonkungen.com\/produkt\/airzing-mini-air-purifier\/\",\"url\":\"https:\/\/xenonkungen.com\/produkt\/airzing-mini-air-purifier\/\",\"name\":\"AirZing Mini Air Purifier - Xenonkungen\",\"isPartOf\":{\"@id\":\"https:\/\/xenonkungen.com\/#website\"},\"primaryImageOfPage\":{\"@id\":\"https:\/\/xenonkungen.com\/produkt\/airzing-mini-air-purifier\/#primaryimage\"},\"image\":{\"@id\":\"https:\/\/xenonkungen.com\/produkt\/airzing-mini-air-purifier\/#primaryimage\"},\"thumbnailUrl\":\"https:\/\/xenonkungen.com\/wp-content\/uploads\/2025\/04\/182438315-origpic-c12e3d.jpg\",\"datePublished\":\"2025-04-15T10:10:05+00:00\",\"dateModified\":\"2026-04-11T00:29:20+00:00\",\"breadcrumb\":{\"@id\":\"https:\/\/xenonkungen.com\/produkt\/airzing-mini-air-purifier\/#breadcrumb\"},\"inLanguage\":\"es\",\"potentialAction\":[{\"@type\":\"ReadAction\",\"target\":[\"https:\/\/xenonkungen.com\/produkt\/airzing-mini-air-purifier\/\"]}]},{\"@type\":\"ImageObject\",\"inLanguage\":\"es\",\"@id\":\"https:\/\/xenonkungen.com\/produkt\/airzing-mini-air-purifier\/#primaryimage\",\"url\":\"https:\/\/xenonkungen.com\/wp-content\/uploads\/2025\/04\/182438315-origpic-c12e3d.jpg\",\"contentUrl\":\"https:\/\/xenonkungen.com\/wp-content\/uploads\/2025\/04\/182438315-origpic-c12e3d.jpg\",\"width\":900,\"height\":900},{\"@type\":\"BreadcrumbList\",\"@id\":\"https:\/\/xenonkungen.com\/produkt\/airzing-mini-air-purifier\/#breadcrumb\",\"itemListElement\":[{\"@type\":\"ListItem\",\"position\":1,\"name\":\"Hem\",\"item\":\"https:\/\/xenonkungen.com\/\"},{\"@type\":\"ListItem\",\"position\":2,\"name\":\"Shop\",\"item\":\"https:\/\/xenonkungen.com\/shop\/\"},{\"@type\":\"ListItem\",\"position\":3,\"name\":\"AirZing Mini Air Purifier\"}]},{\"@type\":\"WebSite\",\"@id\":\"https:\/\/xenonkungen.com\/#website\",\"url\":\"https:\/\/xenonkungen.com\/\",\"name\":\"Xenonkungen\",\"description\":\"\",\"potentialAction\":[{\"@type\":\"SearchAction\",\"target\":{\"@type\":\"EntryPoint\",\"urlTemplate\":\"https:\/\/xenonkungen.com\/?s={search_term_string}\"},\"query-input\":{\"@type\":\"PropertyValueSpecification\",\"valueRequired\":true,\"valueName\":\"search_term_string\"}}],\"inLanguage\":\"es\"}]}<\/script>\n<!-- \/ Yoast SEO plugin. -->","yoast_head_json":{"title":"Purificador de aire AirZing Mini: el rey del xen\u00f3n","robots":{"index":"index","follow":"follow","max-snippet":"max-snippet:-1","max-image-preview":"max-image-preview:large","max-video-preview":"max-video-preview:-1"},"canonical":"https:\/\/xenonkungen.com\/es\/producto\/minipurificador-de-aire-airzing\/","og_locale":"es_ES","og_type":"article","og_title":"AirZing Mini Air Purifier - Xenonkungen","og_description":"Luftrenare fr\u00e5n Osram! Kan hj\u00e4lpa till med att ta bort o\u00f6nskade partiklar i luften ni har i er bil.","og_url":"https:\/\/xenonkungen.com\/es\/producto\/minipurificador-de-aire-airzing\/","og_site_name":"Xenonkungen","article_modified_time":"2026-04-11T00:29:20+00:00","og_image":[{"width":900,"height":900,"url":"https:\/\/xenonkungen.com\/wp-content\/uploads\/2025\/04\/182438315-origpic-c12e3d.jpg","type":"image\/jpeg"}],"twitter_card":"summary_large_image","twitter_misc":{"Tiempo de lectura":"2 minutos"},"schema":{"@context":"https:\/\/schema.org","@graph":[{"@type":"WebPage","@id":"https:\/\/xenonkungen.com\/produkt\/airzing-mini-air-purifier\/","url":"https:\/\/xenonkungen.com\/produkt\/airzing-mini-air-purifier\/","name":"Purificador de aire AirZing Mini: el rey del xen\u00f3n","isPartOf":{"@id":"https:\/\/xenonkungen.com\/#website"},"primaryImageOfPage":{"@id":"https:\/\/xenonkungen.com\/produkt\/airzing-mini-air-purifier\/#primaryimage"},"image":{"@id":"https:\/\/xenonkungen.com\/produkt\/airzing-mini-air-purifier\/#primaryimage"},"thumbnailUrl":"https:\/\/xenonkungen.com\/wp-content\/uploads\/2025\/04\/182438315-origpic-c12e3d.jpg","datePublished":"2025-04-15T10:10:05+00:00","dateModified":"2026-04-11T00:29:20+00:00","breadcrumb":{"@id":"https:\/\/xenonkungen.com\/produkt\/airzing-mini-air-purifier\/#breadcrumb"},"inLanguage":"es","potentialAction":[{"@type":"ReadAction","target":["https:\/\/xenonkungen.com\/produkt\/airzing-mini-air-purifier\/"]}]},{"@type":"ImageObject","inLanguage":"es","@id":"https:\/\/xenonkungen.com\/produkt\/airzing-mini-air-purifier\/#primaryimage","url":"https:\/\/xenonkungen.com\/wp-content\/uploads\/2025\/04\/182438315-origpic-c12e3d.jpg","contentUrl":"https:\/\/xenonkungen.com\/wp-content\/uploads\/2025\/04\/182438315-origpic-c12e3d.jpg","width":900,"height":900},{"@type":"BreadcrumbList","@id":"https:\/\/xenonkungen.com\/produkt\/airzing-mini-air-purifier\/#breadcrumb","itemListElement":[{"@type":"ListItem","position":1,"name":"Hem","item":"https:\/\/xenonkungen.com\/"},{"@type":"ListItem","position":2,"name":"Shop","item":"https:\/\/xenonkungen.com\/shop\/"},{"@type":"ListItem","position":3,"name":"AirZing Mini Air Purifier"}]},{"@type":"WebSite","@id":"https:\/\/xenonkungen.com\/#website","url":"https:\/\/xenonkungen.com\/","name":"Xenonkungen","description":"","potentialAction":[{"@type":"SearchAction","target":{"@type":"EntryPoint","urlTemplate":"https:\/\/xenonkungen.com\/?s={search_term_string}"},"query-input":{"@type":"PropertyValueSpecification","valueRequired":true,"valueName":"search_term_string"}}],"inLanguage":"es"}]}},"taxonomy_info":{"product_brand":[{"value":108,"label":"OSRAM"}],"product_cat":[{"value":2447,"label":"Doft"},{"value":2854,"label":"Noels EPA"},{"value":378,"label":"Bilv\u00e5rd"},{"value":1402,"label":"Outlet"}]},"featured_image_src_large":["https:\/\/xenonkungen.com\/wp-content\/uploads\/2025\/04\/182438315-origpic-c12e3d.jpg",900,900,false],"author_info":[],"comment_info":0,"_links":{"self":[{"href":"https:\/\/xenonkungen.com\/es\/wp-json\/wp\/v2\/product\/8819","targetHints":{"allow":["GET"]}}],"collection":[{"href":"https:\/\/xenonkungen.com\/es\/wp-json\/wp\/v2\/product"}],"about":[{"href":"https:\/\/xenonkungen.com\/es\/wp-json\/wp\/v2\/types\/product"}],"replies":[{"embeddable":true,"href":"https:\/\/xenonkungen.com\/es\/wp-json\/wp\/v2\/comments?post=8819"}],"wp:featuredmedia":[{"embeddable":true,"href":"https:\/\/xenonkungen.com\/es\/wp-json\/wp\/v2\/media\/8820"}],"wp:attachment":[{"href":"https:\/\/xenonkungen.com\/es\/wp-json\/wp\/v2\/media?parent=8819"}],"wp:term":[{"taxonomy":"anvandningsomrade","embeddable":true,"href":"https:\/\/xenonkungen.com\/es\/wp-json\/wp\/v2\/anvandningsomrade?post=8819"},{"taxonomy":"bilmarken","embeddable":true,"href":"https:\/\/xenonkungen.com\/es\/wp-json\/wp\/v2\/bilmarken?post=8819"},{"taxonomy":"product_brand","embeddable":true,"href":"https:\/\/xenonkungen.com\/es\/wp-json\/wp\/v2\/product_brand?post=8819"},{"taxonomy":"product_cat","embeddable":true,"href":"https:\/\/xenonkungen.com\/es\/wp-json\/wp\/v2\/product_cat?post=8819"},{"taxonomy":"product_tag","embeddable":true,"href":"https:\/\/xenonkungen.com\/es\/wp-json\/wp\/v2\/product_tag?post=8819"}],"curies":[{"name":"wp","href":"https:\/\/api.w.org\/{rel}","templated":true}]}}