{"id":8834,"date":"2025-04-15T10:10:05","date_gmt":"2025-04-15T10:10:05","guid":{"rendered":"https:\/\/xenonkungen.com\/product\/ledriving-hl-bright-hb4-hir2\/"},"modified":"2026-04-11T01:28:47","modified_gmt":"2026-04-11T00:28:47","slug":"led-de-conduccion-hl-brillante-hb4-hir2","status":"publish","type":"product","link":"https:\/\/xenonkungen.com\/es\/producto\/led-de-conduccion-hl-brillante-hb4-hir2\/","title":{"rendered":"LEDriving\u00ae HL BRIGHT HB4\/HIR2"},"content":{"rendered":"<h1>Descubra OSRAM LEDriving HL BRIGHT<\/h1>\n<p>La luz LED retrofit perfecta para un rendimiento y un estilo superiores. Con la <strong>hasta +300 % m\u00e1s de brillo<\/strong> en comparaci\u00f3n con las l\u00e1mparas hal\u00f3genas est\u00e1ndar (seg\u00fan ECE R112), esta l\u00e1mpara no s\u00f3lo proporciona una mejor visibilidad, sino tambi\u00e9n un aspecto elegante y moderno con <strong>luz blanca fr\u00eda de 6000K<\/strong>. Conduzca de forma m\u00e1s segura gracias a una mayor visibilidad y detecte antes los obst\u00e1culos, las se\u00f1ales y los peligros, mientras que la distribuci\u00f3n optimizada de la luz reduce el deslumbramiento.<\/p>\n<p>OSRAM LEDriving HL BRIGHT tambi\u00e9n ofrece hasta <strong>Vida \u00fatil 5 veces superior<\/strong> gracias a la avanzada tecnolog\u00eda LED y a la calidad superior de OSRAM. Las l\u00e1mparas se entregan en pares y vienen con un generoso <strong>4 a\u00f1os de garant\u00eda<\/strong>que le proporciona estilo y seguridad con una larga durabilidad.<\/p>\n<h2>F\u00e1cil instalaci\u00f3n y alta compatibilidad<\/h2>\n<p>Gracias a su dise\u00f1o compacto, la instalaci\u00f3n es sencilla, y las l\u00e1mparas son compatibles con sistemas de 12 V, lo que las convierte en la elecci\u00f3n perfecta para coches que utilizan l\u00e1mparas hal\u00f3genas. Tenga en cuenta que estas l\u00e1mparas no est\u00e1n homologadas por la CEE y est\u00e1n destinadas a un uso fuera de carretera.<\/p>\n<p>Actualice su coche hoy mismo y combine <strong>dise\u00f1o moderno y mayor seguridad<\/strong> con OSRAM LEDriving HL BRIGHT - \u00a1para una luz en la que puede confiar!<\/p>\n<h3><strong>Especificaciones t\u00e9cnicas<\/strong><\/h3>\n<p><strong>Datos el\u00e9ctricos<\/strong><\/p>\n<p>- Consumo: 19 W<br \/>- Tensi\u00f3n nominal: 12,0 V<br \/>- Potencia nominal: 19 W<\/p>\n<p><strong>Datos fotom\u00e9tricos<\/strong><\/p>\n<p>- Flujo luminoso nominal: 1900 lm<br \/>- Tolerancia del flujo luminoso: \u00b120 %<br \/>- Color de la luz LED: blanco fr\u00edo<br \/>- Temperatura de color: 6000 K<\/p>\n<p><strong>Propiedades f\u00edsicas y dimensiones<\/strong><\/p>\n<p>- Longitud: 76,2 mm<br \/>- Di\u00e1metro: 14,0 mm<br \/>- Peso del producto: 70,00 g<br \/>- Portal\u00e1mparas: <span>P22d<\/span><\/p>\n<p><strong>Datos de por vida<\/strong><\/p>\n<p>- Vida \u00fatil Tc: 5000 horas<\/p>\n<p><strong>Garant\u00eda:<\/strong><\/p>\n<p>- 4 a\u00f1os<\/p>","protected":false},"excerpt":{"rendered":"<p>La bombilla LEDriving\u00ae HL BRIGHT HB4\/HIR2 ofrece una potente iluminaci\u00f3n LED con 1900 l\u00famenes y una temperatura de color blanco fr\u00edo de 6000 K. Esta bombilla de 12 V combina un alto rendimiento con un dise\u00f1o moderno, proporcionando una mayor visibilidad y un aspecto elegante para su veh\u00edculo.<\/p>","protected":false},"featured_media":8835,"comment_status":"closed","ping_status":"open","template":"","meta":{"_acf_changed":false,"_smort_price_nok":"1383","_smort_price_dkk":"879","_smort_price_eur":"117.72","_smort_sale_price_nok":"","_smort_sale_price_dkk":"","_smort_sale_price_eur":"","smort_restorder":"","shipmondo_restorder":"","_kad_blocks_custom_css":"","_kad_blocks_head_custom_js":"","_kad_blocks_body_custom_js":"","_kad_blocks_footer_custom_js":"","smort_custom_pricelist_1":"828.8","smort_custom_pricelist_2":"725.2","smort_custom_pricelist_3":"673.4","smort_custom_pricelist_4":"1036","smort_custom_pricelist_5":"725.2"},"anvandningsomrade":[],"bilmarken":[],"product_brand":[108],"product_cat":[2633,733],"product_tag":[],"class_list":{"0":"post-8834","1":"product","2":"type-product","3":"status-publish","4":"has-post-thumbnail","6":"product_brand-osram","7":"product_cat-osram-ledriving-halvljus-helljus","8":"product_cat-halvljus-helljus","9":"pa_faktisk-effekts-forbrukning-1904","10":"pa_lampsockel-kontakt-hb4-hir2","11":"pa_volt-v-159","13":"first","14":"onbackorder","15":"taxable","16":"shipping-taxable","17":"purchasable","18":"product-type-simple"},"bundled_by":[],"bundle_stock_status":"onbackorder","bundle_stock_quantity":0,"bundle_virtual":false,"bundle_layout":"","bundle_add_to_cart_form_location":"","bundle_editable_in_cart":false,"bundle_sold_individually_context":"","bundle_item_grouping":"","bundle_min_size":"","bundle_max_size":"","bundle_price":[],"bundled_items":[],"bundle_sell_ids":[],"acf":[],"yoast_head":"<!-- This site is optimized with the Yoast SEO plugin v27.0 - https:\/\/yoast.com\/product\/yoast-seo-wordpress\/ -->\n<title>LEDriving\u00ae HL BRIGHT HB4\/HIR2 - Xenonkungen<\/title>\n<meta name=\"robots\" content=\"index, follow, max-snippet:-1, max-image-preview:large, max-video-preview:-1\" \/>\n<link rel=\"canonical\" href=\"https:\/\/xenonkungen.com\/es\/producto\/led-de-conduccion-hl-brillante-hb4-hir2\/\" \/>\n<meta property=\"og:locale\" content=\"es_ES\" \/>\n<meta property=\"og:type\" content=\"article\" \/>\n<meta property=\"og:title\" content=\"LEDriving\u00ae HL BRIGHT HB4\/HIR2 - Xenonkungen\" \/>\n<meta property=\"og:description\" content=\"LEDriving\u00ae HL BRIGHT HB4\/HIR2 erbjuder kraftfull LED-belysning med 1900 lumen och en kallvit f\u00e4rgtemperatur p\u00e5 6000K. Denna 12V-lampa kombinerar h\u00f6g prestanda med modern design, vilket ger f\u00f6rb\u00e4ttrad sikt och ett elegant utseende f\u00f6r ditt fordon.\" \/>\n<meta property=\"og:url\" content=\"https:\/\/xenonkungen.com\/es\/producto\/led-de-conduccion-hl-brillante-hb4-hir2\/\" \/>\n<meta property=\"og:site_name\" content=\"Xenonkungen\" \/>\n<meta property=\"article:modified_time\" content=\"2026-04-11T00:28:47+00:00\" \/>\n<meta property=\"og:image\" content=\"https:\/\/xenonkungen.com\/wp-content\/uploads\/2025\/04\/215798083-origpic-4a495c.jpg\" \/>\n\t<meta property=\"og:image:width\" content=\"1024\" \/>\n\t<meta property=\"og:image:height\" content=\"674\" \/>\n\t<meta property=\"og:image:type\" content=\"image\/jpeg\" \/>\n<meta name=\"twitter:card\" content=\"summary_large_image\" \/>\n<meta name=\"twitter:label1\" content=\"Tiempo de lectura\" \/>\n\t<meta name=\"twitter:data1\" content=\"1 minuto\" \/>\n<script type=\"application\/ld+json\" class=\"yoast-schema-graph\">{\"@context\":\"https:\/\/schema.org\",\"@graph\":[{\"@type\":\"WebPage\",\"@id\":\"https:\/\/xenonkungen.com\/produkt\/ledriving-hl-bright-hb4-hir2\/\",\"url\":\"https:\/\/xenonkungen.com\/produkt\/ledriving-hl-bright-hb4-hir2\/\",\"name\":\"LEDriving\u00ae HL BRIGHT HB4\/HIR2 - Xenonkungen\",\"isPartOf\":{\"@id\":\"https:\/\/xenonkungen.com\/#website\"},\"primaryImageOfPage\":{\"@id\":\"https:\/\/xenonkungen.com\/produkt\/ledriving-hl-bright-hb4-hir2\/#primaryimage\"},\"image\":{\"@id\":\"https:\/\/xenonkungen.com\/produkt\/ledriving-hl-bright-hb4-hir2\/#primaryimage\"},\"thumbnailUrl\":\"https:\/\/xenonkungen.com\/wp-content\/uploads\/2025\/04\/215798083-origpic-4a495c.jpg\",\"datePublished\":\"2025-04-15T10:10:05+00:00\",\"dateModified\":\"2026-04-11T00:28:47+00:00\",\"breadcrumb\":{\"@id\":\"https:\/\/xenonkungen.com\/produkt\/ledriving-hl-bright-hb4-hir2\/#breadcrumb\"},\"inLanguage\":\"es\",\"potentialAction\":[{\"@type\":\"ReadAction\",\"target\":[\"https:\/\/xenonkungen.com\/produkt\/ledriving-hl-bright-hb4-hir2\/\"]}]},{\"@type\":\"ImageObject\",\"inLanguage\":\"es\",\"@id\":\"https:\/\/xenonkungen.com\/produkt\/ledriving-hl-bright-hb4-hir2\/#primaryimage\",\"url\":\"https:\/\/xenonkungen.com\/wp-content\/uploads\/2025\/04\/215798083-origpic-4a495c.jpg\",\"contentUrl\":\"https:\/\/xenonkungen.com\/wp-content\/uploads\/2025\/04\/215798083-origpic-4a495c.jpg\",\"width\":1024,\"height\":674},{\"@type\":\"BreadcrumbList\",\"@id\":\"https:\/\/xenonkungen.com\/produkt\/ledriving-hl-bright-hb4-hir2\/#breadcrumb\",\"itemListElement\":[{\"@type\":\"ListItem\",\"position\":1,\"name\":\"Hem\",\"item\":\"https:\/\/xenonkungen.com\/\"},{\"@type\":\"ListItem\",\"position\":2,\"name\":\"Shop\",\"item\":\"https:\/\/xenonkungen.com\/shop\/\"},{\"@type\":\"ListItem\",\"position\":3,\"name\":\"LEDriving\u00ae HL BRIGHT HB4\/HIR2\"}]},{\"@type\":\"WebSite\",\"@id\":\"https:\/\/xenonkungen.com\/#website\",\"url\":\"https:\/\/xenonkungen.com\/\",\"name\":\"Xenonkungen\",\"description\":\"\",\"potentialAction\":[{\"@type\":\"SearchAction\",\"target\":{\"@type\":\"EntryPoint\",\"urlTemplate\":\"https:\/\/xenonkungen.com\/?s={search_term_string}\"},\"query-input\":{\"@type\":\"PropertyValueSpecification\",\"valueRequired\":true,\"valueName\":\"search_term_string\"}}],\"inLanguage\":\"es\"}]}<\/script>\n<!-- \/ Yoast SEO plugin. -->","yoast_head_json":{"title":"LEDriving\u00ae HL BRIGHT HB4\/HIR2 - El rey del xen\u00f3n","robots":{"index":"index","follow":"follow","max-snippet":"max-snippet:-1","max-image-preview":"max-image-preview:large","max-video-preview":"max-video-preview:-1"},"canonical":"https:\/\/xenonkungen.com\/es\/producto\/led-de-conduccion-hl-brillante-hb4-hir2\/","og_locale":"es_ES","og_type":"article","og_title":"LEDriving\u00ae HL BRIGHT HB4\/HIR2 - Xenonkungen","og_description":"LEDriving\u00ae HL BRIGHT HB4\/HIR2 erbjuder kraftfull LED-belysning med 1900 lumen och en kallvit f\u00e4rgtemperatur p\u00e5 6000K. Denna 12V-lampa kombinerar h\u00f6g prestanda med modern design, vilket ger f\u00f6rb\u00e4ttrad sikt och ett elegant utseende f\u00f6r ditt fordon.","og_url":"https:\/\/xenonkungen.com\/es\/producto\/led-de-conduccion-hl-brillante-hb4-hir2\/","og_site_name":"Xenonkungen","article_modified_time":"2026-04-11T00:28:47+00:00","og_image":[{"width":1024,"height":674,"url":"https:\/\/xenonkungen.com\/wp-content\/uploads\/2025\/04\/215798083-origpic-4a495c.jpg","type":"image\/jpeg"}],"twitter_card":"summary_large_image","twitter_misc":{"Tiempo de lectura":"1 minuto"},"schema":{"@context":"https:\/\/schema.org","@graph":[{"@type":"WebPage","@id":"https:\/\/xenonkungen.com\/produkt\/ledriving-hl-bright-hb4-hir2\/","url":"https:\/\/xenonkungen.com\/produkt\/ledriving-hl-bright-hb4-hir2\/","name":"LEDriving\u00ae HL BRIGHT HB4\/HIR2 - El rey del xen\u00f3n","isPartOf":{"@id":"https:\/\/xenonkungen.com\/#website"},"primaryImageOfPage":{"@id":"https:\/\/xenonkungen.com\/produkt\/ledriving-hl-bright-hb4-hir2\/#primaryimage"},"image":{"@id":"https:\/\/xenonkungen.com\/produkt\/ledriving-hl-bright-hb4-hir2\/#primaryimage"},"thumbnailUrl":"https:\/\/xenonkungen.com\/wp-content\/uploads\/2025\/04\/215798083-origpic-4a495c.jpg","datePublished":"2025-04-15T10:10:05+00:00","dateModified":"2026-04-11T00:28:47+00:00","breadcrumb":{"@id":"https:\/\/xenonkungen.com\/produkt\/ledriving-hl-bright-hb4-hir2\/#breadcrumb"},"inLanguage":"es","potentialAction":[{"@type":"ReadAction","target":["https:\/\/xenonkungen.com\/produkt\/ledriving-hl-bright-hb4-hir2\/"]}]},{"@type":"ImageObject","inLanguage":"es","@id":"https:\/\/xenonkungen.com\/produkt\/ledriving-hl-bright-hb4-hir2\/#primaryimage","url":"https:\/\/xenonkungen.com\/wp-content\/uploads\/2025\/04\/215798083-origpic-4a495c.jpg","contentUrl":"https:\/\/xenonkungen.com\/wp-content\/uploads\/2025\/04\/215798083-origpic-4a495c.jpg","width":1024,"height":674},{"@type":"BreadcrumbList","@id":"https:\/\/xenonkungen.com\/produkt\/ledriving-hl-bright-hb4-hir2\/#breadcrumb","itemListElement":[{"@type":"ListItem","position":1,"name":"Hem","item":"https:\/\/xenonkungen.com\/"},{"@type":"ListItem","position":2,"name":"Shop","item":"https:\/\/xenonkungen.com\/shop\/"},{"@type":"ListItem","position":3,"name":"LEDriving\u00ae HL BRIGHT HB4\/HIR2"}]},{"@type":"WebSite","@id":"https:\/\/xenonkungen.com\/#website","url":"https:\/\/xenonkungen.com\/","name":"Xenonkungen","description":"","potentialAction":[{"@type":"SearchAction","target":{"@type":"EntryPoint","urlTemplate":"https:\/\/xenonkungen.com\/?s={search_term_string}"},"query-input":{"@type":"PropertyValueSpecification","valueRequired":true,"valueName":"search_term_string"}}],"inLanguage":"es"}]}},"taxonomy_info":{"product_brand":[{"value":108,"label":"OSRAM"}],"product_cat":[{"value":2633,"label":"OSRAM Ledriving"},{"value":733,"label":"Halvljus \/ Helljus"}],"pa_faktisk-effekts-forbrukning":[{"value":1904,"label":"19"}],"pa_lampsockel-kontakt":[{"value":2143,"label":"HB4\/HIR2"}],"pa_volt-v":[{"value":159,"label":"12"}]},"featured_image_src_large":["https:\/\/xenonkungen.com\/wp-content\/uploads\/2025\/04\/215798083-origpic-4a495c.jpg",1024,674,false],"author_info":[],"comment_info":0,"_links":{"self":[{"href":"https:\/\/xenonkungen.com\/es\/wp-json\/wp\/v2\/product\/8834","targetHints":{"allow":["GET"]}}],"collection":[{"href":"https:\/\/xenonkungen.com\/es\/wp-json\/wp\/v2\/product"}],"about":[{"href":"https:\/\/xenonkungen.com\/es\/wp-json\/wp\/v2\/types\/product"}],"replies":[{"embeddable":true,"href":"https:\/\/xenonkungen.com\/es\/wp-json\/wp\/v2\/comments?post=8834"}],"wp:featuredmedia":[{"embeddable":true,"href":"https:\/\/xenonkungen.com\/es\/wp-json\/wp\/v2\/media\/8835"}],"wp:attachment":[{"href":"https:\/\/xenonkungen.com\/es\/wp-json\/wp\/v2\/media?parent=8834"}],"wp:term":[{"taxonomy":"anvandningsomrade","embeddable":true,"href":"https:\/\/xenonkungen.com\/es\/wp-json\/wp\/v2\/anvandningsomrade?post=8834"},{"taxonomy":"bilmarken","embeddable":true,"href":"https:\/\/xenonkungen.com\/es\/wp-json\/wp\/v2\/bilmarken?post=8834"},{"taxonomy":"product_brand","embeddable":true,"href":"https:\/\/xenonkungen.com\/es\/wp-json\/wp\/v2\/product_brand?post=8834"},{"taxonomy":"product_cat","embeddable":true,"href":"https:\/\/xenonkungen.com\/es\/wp-json\/wp\/v2\/product_cat?post=8834"},{"taxonomy":"product_tag","embeddable":true,"href":"https:\/\/xenonkungen.com\/es\/wp-json\/wp\/v2\/product_tag?post=8834"}],"curies":[{"name":"wp","href":"https:\/\/api.w.org\/{rel}","templated":true}]}}