{"id":8890,"date":"2025-04-15T10:10:41","date_gmt":"2025-04-15T10:10:41","guid":{"rendered":"https:\/\/xenonkungen.com\/product\/tesla-obd2-adapter-model-3-2024-highland\/"},"modified":"2026-04-27T10:20:17","modified_gmt":"2026-04-27T09:20:17","slug":"adaptador-obd2-tesla-modelo-3-2024-highland","status":"publish","type":"product","link":"https:\/\/xenonkungen.com\/es\/producto\/adaptador-obd2-tesla-modelo-3-2024-highland\/","title":{"rendered":"Adaptador OBD2 Tesla Model 3 2024 Highland"},"content":{"rendered":"<h3 data-start=\"169\" data-end=\"229\"><strong data-start=\"173\" data-end=\"229\">Adaptador OBD2 para Tesla | Modelo 3 (Highland 2024) | 20 pines<\/strong><\/h3>\n<p data-start=\"231\" data-end=\"477\">\u00a1Dale a tu Model 3 Highland la conexi\u00f3n OBD2 que le falta!<br data-start=\"286\" data-end=\"289\" \/>Este adaptador especialmente adaptado permite leer datos del veh\u00edculo y conectar equipos que requieren comunicaci\u00f3n OBD2, de forma r\u00e1pida, sencilla y sin afectar el cableado original del coche.<\/p>\n<hr data-start=\"479\" data-end=\"482\" \/>\n<h4 data-start=\"484\" data-end=\"519\"><strong data-start=\"489\" data-end=\"519\">Optimice su recopilaci\u00f3n de datos<\/strong><\/h4>\n<p data-start=\"521\" data-end=\"639\">El adaptador le permite utilizar aplicaciones y hardware de diagn\u00f3stico populares, como: <strong data-start=\"603\" data-end=\"620\">Escanea mi Tesla<\/strong>, para monitorear:<\/p>\n<ul data-start=\"641\" data-end=\"765\">\n<li data-start=\"641\" data-end=\"672\">\n<p data-start=\"643\" data-end=\"672\">Estado de carga y salud de la bater\u00eda<\/p>\n<\/li>\n<li data-start=\"673\" data-end=\"693\">\n<p data-start=\"675\" data-end=\"693\">Valores de temperatura<\/p>\n<\/li>\n<li data-start=\"694\" data-end=\"720\">\n<p data-start=\"696\" data-end=\"720\">Potencia de salida del motor<\/p>\n<\/li>\n<li data-start=\"721\" data-end=\"765\">\n<p data-start=\"723\" data-end=\"765\">Otros datos en tiempo real del bus CAN del veh\u00edculo<\/p>\n<\/li>\n<\/ul>\n<hr data-start=\"767\" data-end=\"770\" \/>\n<h4 data-start=\"772\" data-end=\"811\"><strong data-start=\"777\" data-end=\"811\">Preparado para sistemas de control de corriente<\/strong><\/h4>\n<p data-start=\"813\" data-end=\"971\">El adaptador tambi\u00e9n es compatible con <strong data-start=\"845\" data-end=\"859\">Sistema XBB<\/strong>, lo que permite recuperar se\u00f1ales de control para la instalaci\u00f3n, por ejemplo, de luces adicionales u otros equipos.<\/p>\n<hr data-start=\"973\" data-end=\"976\" \/>\n<h4 data-start=\"978\" data-end=\"1019\"><strong data-start=\"983\" data-end=\"1019\">Instalaci\u00f3n \u2013 f\u00e1cil y segura<\/strong><\/h4>\n<p data-start=\"1021\" data-end=\"1190\">El adaptador se monta entre los conectores existentes en <strong data-start=\"1069\" data-end=\"1101\">El pilar A del lado del pasajero<\/strong>.<br data-start=\"1102\" data-end=\"1105\" \/>No afecta las funciones del coche y no requiere ninguna modificaci\u00f3n en el cableado original.<\/p>\n<p data-start=\"1192\" data-end=\"1302\"><strong data-start=\"1195\" data-end=\"1204\">Consejo:<\/strong> Deje el puerto OBD2 en la parte delantera de la cabina si desea tener acceso r\u00e1pido a las herramientas de diagn\u00f3stico en el futuro.<\/p>\n<hr data-start=\"1304\" data-end=\"1307\" \/>\n<h4 data-start=\"1309\" data-end=\"1344\"><strong data-start=\"1314\" data-end=\"1344\">Importante antes de la instalaci\u00f3n<\/strong><\/h4>\n<p data-start=\"1346\" data-end=\"1636\">Para evitar da\u00f1os en la electr\u00f3nica del veh\u00edculo, es necesario desconectar completamente la energ\u00eda del mismo antes de comenzar a trabajar.<br data-start=\"1445\" data-end=\"1448\" \/>Tesla entra en modo de suspensi\u00f3n despu\u00e9s de aprox. <strong data-start=\"1485\" data-end=\"1501\">8\u201310 minutos<\/strong> \u2013 espere esto antes de desconectar cualquier contacto.<br data-start=\"1548\" data-end=\"1551\" \/>Si quieres estar m\u00e1s seguro, tambi\u00e9n puedes desconectarte <strong data-start=\"1600\" data-end=\"1614\">Terminal de +12 V<\/strong> Durante la instalaci\u00f3n.<\/p>\n<hr data-start=\"1638\" data-end=\"1641\" \/>\n<h4 data-start=\"1643\" data-end=\"1667\"><strong data-start=\"1648\" data-end=\"1667\">Descripci\u00f3n general del producto<\/strong><\/h4>\n<ul data-start=\"1669\" data-end=\"1913\">\n<li data-start=\"1669\" data-end=\"1714\">\n<p data-start=\"1671\" data-end=\"1714\"><strong data-start=\"1671\" data-end=\"1682\">Se adapta a:<\/strong> Tesla Model 3 (Highland 2024)<\/p>\n<\/li>\n<li data-start=\"1715\" data-end=\"1780\">\n<p data-start=\"1717\" data-end=\"1780\"><strong data-start=\"1717\" data-end=\"1730\">Funci\u00f3n:<\/strong> Agrega un puerto OBD2 que falta de f\u00e1brica<\/p>\n<\/li>\n<li data-start=\"1781\" data-end=\"1847\">\n<p data-start=\"1783\" data-end=\"1847\"><strong data-start=\"1783\" data-end=\"1797\">Inversi\u00f3n:<\/strong> Entre los conectores en el pilar A, lado del pasajero<\/p>\n<\/li>\n<li data-start=\"1848\" data-end=\"1913\">\n<p data-start=\"1850\" data-end=\"1913\"><strong data-start=\"1850\" data-end=\"1865\">\u00dasalo:<\/strong> Diagn\u00f3stico, registro de datos, control de lectura de corriente<\/p>\n<\/li>\n<\/ul>\n<hr data-start=\"1915\" data-end=\"1918\" \/>\n<p data-start=\"1920\" data-end=\"2085\">Este adaptador est\u00e1 dise\u00f1ado para proporcionar una <strong data-start=\"1960\" data-end=\"2002\">Soluci\u00f3n limpia, segura y totalmente reversible<\/strong> para aquellos que quieran ampliar las funciones de su Model 3 sin afectar el sistema original.<\/p>","protected":false},"excerpt":{"rendered":"<p><strong data-start=\"119\" data-end=\"178\">\u00a1Dale a tu Model 3 Highland la conexi\u00f3n OBD2 que le falta!<\/strong><br data-start=\"178\" data-end=\"181\" \/>Este adaptador especialmente adaptado permite leer datos del veh\u00edculo y conectar equipos que requieren comunicaci\u00f3n OBD2, de forma r\u00e1pida, sencilla y sin afectar el cableado original del coche.<\/p>","protected":false},"featured_media":8891,"comment_status":"closed","ping_status":"closed","template":"","meta":{"_acf_changed":false,"_smort_price_nok":"315","_smort_price_dkk":"200","_smort_price_eur":"26.82","_smort_sale_price_nok":"","_smort_sale_price_dkk":"","_smort_sale_price_eur":"","smort_restorder":"","shipmondo_restorder":"","_kad_blocks_custom_css":"","_kad_blocks_head_custom_js":"","_kad_blocks_body_custom_js":"","_kad_blocks_footer_custom_js":"","smort_custom_pricelist_1":"188.8","smort_custom_pricelist_2":"141.6","smort_custom_pricelist_3":"129.8","smort_custom_pricelist_4":"295","smort_custom_pricelist_5":"141.6"},"anvandningsomrade":[167],"bilmarken":[290],"product_brand":[],"product_cat":[477],"product_tag":[],"class_list":{"0":"post-8890","1":"product","2":"type-product","3":"status-publish","4":"has-post-thumbnail","6":"anvandningsomrade-personbil","7":"bilmarken-tesla","8":"product_cat-canbus-emc","10":"first","11":"instock","12":"taxable","13":"shipping-taxable","14":"purchasable","15":"product-type-simple"},"bundled_by":[],"bundle_stock_status":"instock","bundle_stock_quantity":83,"bundle_virtual":false,"bundle_layout":"","bundle_add_to_cart_form_location":"","bundle_editable_in_cart":false,"bundle_sold_individually_context":"","bundle_item_grouping":"","bundle_min_size":"","bundle_max_size":"","bundle_price":[],"bundled_items":[],"bundle_sell_ids":[],"acf":[],"yoast_head":"<!-- This site is optimized with the Yoast SEO plugin v27.0 - https:\/\/yoast.com\/product\/yoast-seo-wordpress\/ -->\n<title>Tesla OBD2 Adapter Model 3 2024 Highland - Xenonkungen<\/title>\n<meta name=\"robots\" content=\"index, follow, max-snippet:-1, max-image-preview:large, max-video-preview:-1\" \/>\n<link rel=\"canonical\" href=\"https:\/\/xenonkungen.com\/es\/producto\/adaptador-obd2-tesla-modelo-3-2024-highland\/\" \/>\n<meta property=\"og:locale\" content=\"es_ES\" \/>\n<meta property=\"og:type\" content=\"article\" \/>\n<meta property=\"og:title\" content=\"Tesla OBD2 Adapter Model 3 2024 Highland - Xenonkungen\" \/>\n<meta property=\"og:description\" content=\"Ge din Model 3 Highland den OBD2-anslutning den saknar!Denna specialanpassade adapter g\u00f6r det m\u00f6jligt att l\u00e4sa fordonsdata och ansluta utrustning som kr\u00e4ver OBD2-kommunikation \u2013 snabbt, smidigt och helt utan att p\u00e5verka bilens originalkablage.\" \/>\n<meta property=\"og:url\" content=\"https:\/\/xenonkungen.com\/es\/producto\/adaptador-obd2-tesla-modelo-3-2024-highland\/\" \/>\n<meta property=\"og:site_name\" content=\"Xenonkungen\" \/>\n<meta property=\"article:modified_time\" content=\"2026-04-27T09:20:17+00:00\" \/>\n<meta property=\"og:image\" content=\"https:\/\/xenonkungen.com\/wp-content\/uploads\/2025\/04\/SrycKL_w.png\" \/>\n\t<meta property=\"og:image:width\" content=\"1000\" \/>\n\t<meta property=\"og:image:height\" content=\"1000\" \/>\n\t<meta property=\"og:image:type\" content=\"image\/png\" \/>\n<meta name=\"twitter:card\" content=\"summary_large_image\" \/>\n<meta name=\"twitter:label1\" content=\"Tiempo de lectura\" \/>\n\t<meta name=\"twitter:data1\" content=\"2 minutos\" \/>\n<script type=\"application\/ld+json\" class=\"yoast-schema-graph\">{\"@context\":\"https:\/\/schema.org\",\"@graph\":[{\"@type\":\"WebPage\",\"@id\":\"https:\/\/xenonkungen.com\/produkt\/tesla-obd2-adapter-model-3-2024-highland\/\",\"url\":\"https:\/\/xenonkungen.com\/produkt\/tesla-obd2-adapter-model-3-2024-highland\/\",\"name\":\"Tesla OBD2 Adapter Model 3 2024 Highland - Xenonkungen\",\"isPartOf\":{\"@id\":\"https:\/\/xenonkungen.com\/#website\"},\"primaryImageOfPage\":{\"@id\":\"https:\/\/xenonkungen.com\/produkt\/tesla-obd2-adapter-model-3-2024-highland\/#primaryimage\"},\"image\":{\"@id\":\"https:\/\/xenonkungen.com\/produkt\/tesla-obd2-adapter-model-3-2024-highland\/#primaryimage\"},\"thumbnailUrl\":\"https:\/\/xenonkungen.com\/wp-content\/uploads\/2025\/04\/SrycKL_w.png\",\"datePublished\":\"2025-04-15T10:10:41+00:00\",\"dateModified\":\"2026-04-27T09:20:17+00:00\",\"breadcrumb\":{\"@id\":\"https:\/\/xenonkungen.com\/produkt\/tesla-obd2-adapter-model-3-2024-highland\/#breadcrumb\"},\"inLanguage\":\"es\",\"potentialAction\":[{\"@type\":\"ReadAction\",\"target\":[\"https:\/\/xenonkungen.com\/produkt\/tesla-obd2-adapter-model-3-2024-highland\/\"]}]},{\"@type\":\"ImageObject\",\"inLanguage\":\"es\",\"@id\":\"https:\/\/xenonkungen.com\/produkt\/tesla-obd2-adapter-model-3-2024-highland\/#primaryimage\",\"url\":\"https:\/\/xenonkungen.com\/wp-content\/uploads\/2025\/04\/SrycKL_w.png\",\"contentUrl\":\"https:\/\/xenonkungen.com\/wp-content\/uploads\/2025\/04\/SrycKL_w.png\",\"width\":1000,\"height\":1000},{\"@type\":\"BreadcrumbList\",\"@id\":\"https:\/\/xenonkungen.com\/produkt\/tesla-obd2-adapter-model-3-2024-highland\/#breadcrumb\",\"itemListElement\":[{\"@type\":\"ListItem\",\"position\":1,\"name\":\"Hem\",\"item\":\"https:\/\/xenonkungen.com\/\"},{\"@type\":\"ListItem\",\"position\":2,\"name\":\"Shop\",\"item\":\"https:\/\/xenonkungen.com\/shop\/\"},{\"@type\":\"ListItem\",\"position\":3,\"name\":\"Tesla OBD2 Adapter Model 3 2024 Highland\"}]},{\"@type\":\"WebSite\",\"@id\":\"https:\/\/xenonkungen.com\/#website\",\"url\":\"https:\/\/xenonkungen.com\/\",\"name\":\"Xenonkungen\",\"description\":\"\",\"potentialAction\":[{\"@type\":\"SearchAction\",\"target\":{\"@type\":\"EntryPoint\",\"urlTemplate\":\"https:\/\/xenonkungen.com\/?s={search_term_string}\"},\"query-input\":{\"@type\":\"PropertyValueSpecification\",\"valueRequired\":true,\"valueName\":\"search_term_string\"}}],\"inLanguage\":\"es\"}]}<\/script>\n<!-- \/ Yoast SEO plugin. -->","yoast_head_json":{"title":"Adaptador OBD2 para Tesla Modelo 3 2024 Highland - El rey del xen\u00f3n","robots":{"index":"index","follow":"follow","max-snippet":"max-snippet:-1","max-image-preview":"max-image-preview:large","max-video-preview":"max-video-preview:-1"},"canonical":"https:\/\/xenonkungen.com\/es\/producto\/adaptador-obd2-tesla-modelo-3-2024-highland\/","og_locale":"es_ES","og_type":"article","og_title":"Tesla OBD2 Adapter Model 3 2024 Highland - Xenonkungen","og_description":"Ge din Model 3 Highland den OBD2-anslutning den saknar!Denna specialanpassade adapter g\u00f6r det m\u00f6jligt att l\u00e4sa fordonsdata och ansluta utrustning som kr\u00e4ver OBD2-kommunikation \u2013 snabbt, smidigt och helt utan att p\u00e5verka bilens originalkablage.","og_url":"https:\/\/xenonkungen.com\/es\/producto\/adaptador-obd2-tesla-modelo-3-2024-highland\/","og_site_name":"Xenonkungen","article_modified_time":"2026-04-27T09:20:17+00:00","og_image":[{"width":1000,"height":1000,"url":"https:\/\/xenonkungen.com\/wp-content\/uploads\/2025\/04\/SrycKL_w.png","type":"image\/png"}],"twitter_card":"summary_large_image","twitter_misc":{"Tiempo de lectura":"2 minutos"},"schema":{"@context":"https:\/\/schema.org","@graph":[{"@type":"WebPage","@id":"https:\/\/xenonkungen.com\/produkt\/tesla-obd2-adapter-model-3-2024-highland\/","url":"https:\/\/xenonkungen.com\/produkt\/tesla-obd2-adapter-model-3-2024-highland\/","name":"Adaptador OBD2 para Tesla Modelo 3 2024 Highland - El rey del xen\u00f3n","isPartOf":{"@id":"https:\/\/xenonkungen.com\/#website"},"primaryImageOfPage":{"@id":"https:\/\/xenonkungen.com\/produkt\/tesla-obd2-adapter-model-3-2024-highland\/#primaryimage"},"image":{"@id":"https:\/\/xenonkungen.com\/produkt\/tesla-obd2-adapter-model-3-2024-highland\/#primaryimage"},"thumbnailUrl":"https:\/\/xenonkungen.com\/wp-content\/uploads\/2025\/04\/SrycKL_w.png","datePublished":"2025-04-15T10:10:41+00:00","dateModified":"2026-04-27T09:20:17+00:00","breadcrumb":{"@id":"https:\/\/xenonkungen.com\/produkt\/tesla-obd2-adapter-model-3-2024-highland\/#breadcrumb"},"inLanguage":"es","potentialAction":[{"@type":"ReadAction","target":["https:\/\/xenonkungen.com\/produkt\/tesla-obd2-adapter-model-3-2024-highland\/"]}]},{"@type":"ImageObject","inLanguage":"es","@id":"https:\/\/xenonkungen.com\/produkt\/tesla-obd2-adapter-model-3-2024-highland\/#primaryimage","url":"https:\/\/xenonkungen.com\/wp-content\/uploads\/2025\/04\/SrycKL_w.png","contentUrl":"https:\/\/xenonkungen.com\/wp-content\/uploads\/2025\/04\/SrycKL_w.png","width":1000,"height":1000},{"@type":"BreadcrumbList","@id":"https:\/\/xenonkungen.com\/produkt\/tesla-obd2-adapter-model-3-2024-highland\/#breadcrumb","itemListElement":[{"@type":"ListItem","position":1,"name":"Hem","item":"https:\/\/xenonkungen.com\/"},{"@type":"ListItem","position":2,"name":"Shop","item":"https:\/\/xenonkungen.com\/shop\/"},{"@type":"ListItem","position":3,"name":"Tesla OBD2 Adapter Model 3 2024 Highland"}]},{"@type":"WebSite","@id":"https:\/\/xenonkungen.com\/#website","url":"https:\/\/xenonkungen.com\/","name":"Xenonkungen","description":"","potentialAction":[{"@type":"SearchAction","target":{"@type":"EntryPoint","urlTemplate":"https:\/\/xenonkungen.com\/?s={search_term_string}"},"query-input":{"@type":"PropertyValueSpecification","valueRequired":true,"valueName":"search_term_string"}}],"inLanguage":"es"}]}},"taxonomy_info":{"anvandningsomrade":[{"value":167,"label":"PERSONBIL"}],"bilmarken":[{"value":290,"label":"Tesla"}],"product_cat":[{"value":477,"label":"Canbus | EMC"}]},"featured_image_src_large":["https:\/\/xenonkungen.com\/wp-content\/uploads\/2025\/04\/SrycKL_w.png",1000,1000,false],"author_info":[],"comment_info":0,"_links":{"self":[{"href":"https:\/\/xenonkungen.com\/es\/wp-json\/wp\/v2\/product\/8890","targetHints":{"allow":["GET"]}}],"collection":[{"href":"https:\/\/xenonkungen.com\/es\/wp-json\/wp\/v2\/product"}],"about":[{"href":"https:\/\/xenonkungen.com\/es\/wp-json\/wp\/v2\/types\/product"}],"replies":[{"embeddable":true,"href":"https:\/\/xenonkungen.com\/es\/wp-json\/wp\/v2\/comments?post=8890"}],"wp:featuredmedia":[{"embeddable":true,"href":"https:\/\/xenonkungen.com\/es\/wp-json\/wp\/v2\/media\/8891"}],"wp:attachment":[{"href":"https:\/\/xenonkungen.com\/es\/wp-json\/wp\/v2\/media?parent=8890"}],"wp:term":[{"taxonomy":"anvandningsomrade","embeddable":true,"href":"https:\/\/xenonkungen.com\/es\/wp-json\/wp\/v2\/anvandningsomrade?post=8890"},{"taxonomy":"bilmarken","embeddable":true,"href":"https:\/\/xenonkungen.com\/es\/wp-json\/wp\/v2\/bilmarken?post=8890"},{"taxonomy":"product_brand","embeddable":true,"href":"https:\/\/xenonkungen.com\/es\/wp-json\/wp\/v2\/product_brand?post=8890"},{"taxonomy":"product_cat","embeddable":true,"href":"https:\/\/xenonkungen.com\/es\/wp-json\/wp\/v2\/product_cat?post=8890"},{"taxonomy":"product_tag","embeddable":true,"href":"https:\/\/xenonkungen.com\/es\/wp-json\/wp\/v2\/product_tag?post=8890"}],"curies":[{"name":"wp","href":"https:\/\/api.w.org\/{rel}","templated":true}]}}