{"id":8892,"date":"2025-04-15T10:10:41","date_gmt":"2025-04-15T10:10:41","guid":{"rendered":"https:\/\/xenonkungen.com\/product\/tesla-obd2-adapter-20pin-tesla-model-s-x-after-2015-09\/"},"modified":"2026-04-29T08:41:09","modified_gmt":"2026-04-29T07:41:09","slug":"adaptador-obd2-de-20-pines-para-tesla-model-sx-posterior-a-2015-09","status":"publish","type":"product","link":"https:\/\/xenonkungen.com\/es\/producto\/adaptador-obd2-de-20-pines-para-tesla-model-sx-posterior-a-2015-09\/","title":{"rendered":"Adaptador OBD2 Tesla de 20 pines | Tesla Model S | X | Posterior a &gt; 2015-09"},"content":{"rendered":"<h1>Adaptador OBD2 Tesla de 20 pines | Tesla Model S | X | Posterior a 2015-09 para llave XBB<\/h1>\n<p>Optimice su Tesla con nuestro <strong>Adaptador OBD2 Tesla de 20 pines | Tesla Model S | X | Posterior a &gt; 2015-09<\/strong>Un compa\u00f1ero indispensable para su XBB Dongle. Este adaptador personalizado est\u00e1 hecho a medida para permitir una f\u00e1cil conexi\u00f3n al XBB Dongle, abriendo la puerta a un mundo de posibilidades de personalizaci\u00f3n para su veh\u00edculo.<\/p>\n<p>Simplemente conecte el adaptador a su Tesla y utilice el XBB Dongle para a\u00f1adir luces auxiliares, rampas LED, luces de trabajo y mucho m\u00e1s. Este adaptador est\u00e1 dise\u00f1ado para la simplicidad - s\u00f3lo toma unos momentos para instalar. Comience por retirar el panel entre los asientos delanteros del asiento trasero, donde encontrar\u00e1 r\u00e1pidamente el conector para el adaptador.<\/p>\n<p>Recuerde siempre asegurarse de que su Tesla est\u00e1 completamente apagado antes de iniciar la instalaci\u00f3n, lo que se hace en la \"pesta\u00f1a Seguridad\" en la pantalla de su Tesla. Con el <strong>Adaptador OBD2 Tesla de 20 pines | Tesla Model S | X | Posterior a &gt; 2015-09<\/strong>Lleva tu veh\u00edculo al siguiente nivel de sofisticaci\u00f3n tecnol\u00f3gica y personalizaci\u00f3n. Transforme su experiencia de conducci\u00f3n hoy mismo.<\/p>","protected":false},"excerpt":{"rendered":"<p>Adaptador para conectar XBB Dongle a tu Tesla Model S | X | \u00a1Despu\u00e9s de &gt; 2015-09!<\/p>","protected":false},"featured_media":8893,"comment_status":"closed","ping_status":"open","template":"","meta":{"_acf_changed":false,"_smort_price_nok":"315","_smort_price_dkk":"200","_smort_price_eur":"26.82","_smort_sale_price_nok":"","_smort_sale_price_dkk":"","_smort_sale_price_eur":"","smort_restorder":"","shipmondo_restorder":"","_kad_blocks_custom_css":"","_kad_blocks_head_custom_js":"","_kad_blocks_body_custom_js":"","_kad_blocks_footer_custom_js":"","smort_custom_pricelist_1":"188.8","smort_custom_pricelist_2":"141.6","smort_custom_pricelist_3":"129.8","smort_custom_pricelist_4":"295","smort_custom_pricelist_5":"141.6"},"anvandningsomrade":[167],"bilmarken":[290],"product_brand":[],"product_cat":[477],"product_tag":[],"class_list":{"0":"post-8892","1":"product","2":"type-product","3":"status-publish","4":"has-post-thumbnail","6":"anvandningsomrade-personbil","7":"bilmarken-tesla","8":"product_cat-canbus-emc","10":"first","11":"instock","12":"taxable","13":"shipping-taxable","14":"purchasable","15":"product-type-simple"},"bundled_by":[],"bundle_stock_status":"instock","bundle_stock_quantity":64,"bundle_virtual":false,"bundle_layout":"","bundle_add_to_cart_form_location":"","bundle_editable_in_cart":false,"bundle_sold_individually_context":"","bundle_item_grouping":"","bundle_min_size":"","bundle_max_size":"","bundle_price":[],"bundled_items":[],"bundle_sell_ids":[],"acf":[],"yoast_head":"<!-- This site is optimized with the Yoast SEO plugin v27.0 - https:\/\/yoast.com\/product\/yoast-seo-wordpress\/ -->\n<title>Tesla OBD2 Adapter 20PIN | Tesla Model S | X | After &gt; 2015-09 - Xenonkungen<\/title>\n<meta name=\"robots\" content=\"index, follow, max-snippet:-1, max-image-preview:large, max-video-preview:-1\" \/>\n<link rel=\"canonical\" href=\"https:\/\/xenonkungen.com\/es\/producto\/adaptador-obd2-de-20-pines-para-tesla-model-sx-posterior-a-2015-09\/\" \/>\n<meta property=\"og:locale\" content=\"es_ES\" \/>\n<meta property=\"og:type\" content=\"article\" \/>\n<meta property=\"og:title\" content=\"Tesla OBD2 Adapter 20PIN | Tesla Model S | X | After &gt; 2015-09 - Xenonkungen\" \/>\n<meta property=\"og:description\" content=\"Adapter f\u00f6r att Koppla in XBB Dongle i din Tesla Model S | X | After &gt; 2015-09 !\" \/>\n<meta property=\"og:url\" content=\"https:\/\/xenonkungen.com\/es\/producto\/adaptador-obd2-de-20-pines-para-tesla-model-sx-posterior-a-2015-09\/\" \/>\n<meta property=\"og:site_name\" content=\"Xenonkungen\" \/>\n<meta property=\"article:modified_time\" content=\"2026-04-29T07:41:09+00:00\" \/>\n<meta property=\"og:image\" content=\"https:\/\/xenonkungen.com\/wp-content\/uploads\/2025\/04\/IGmyb1Tg.png\" \/>\n\t<meta property=\"og:image:width\" content=\"1000\" \/>\n\t<meta property=\"og:image:height\" content=\"1000\" \/>\n\t<meta property=\"og:image:type\" content=\"image\/png\" \/>\n<meta name=\"twitter:card\" content=\"summary_large_image\" \/>\n<meta name=\"twitter:label1\" content=\"Tiempo de lectura\" \/>\n\t<meta name=\"twitter:data1\" content=\"1 minuto\" \/>\n<script type=\"application\/ld+json\" class=\"yoast-schema-graph\">{\"@context\":\"https:\/\/schema.org\",\"@graph\":[{\"@type\":\"WebPage\",\"@id\":\"https:\/\/xenonkungen.com\/produkt\/tesla-obd2-adapter-20pin-tesla-model-s-x-after-2015-09\/\",\"url\":\"https:\/\/xenonkungen.com\/produkt\/tesla-obd2-adapter-20pin-tesla-model-s-x-after-2015-09\/\",\"name\":\"Tesla OBD2 Adapter 20PIN | Tesla Model S | X | After > 2015-09 - Xenonkungen\",\"isPartOf\":{\"@id\":\"https:\/\/xenonkungen.com\/#website\"},\"primaryImageOfPage\":{\"@id\":\"https:\/\/xenonkungen.com\/produkt\/tesla-obd2-adapter-20pin-tesla-model-s-x-after-2015-09\/#primaryimage\"},\"image\":{\"@id\":\"https:\/\/xenonkungen.com\/produkt\/tesla-obd2-adapter-20pin-tesla-model-s-x-after-2015-09\/#primaryimage\"},\"thumbnailUrl\":\"https:\/\/xenonkungen.com\/wp-content\/uploads\/2025\/04\/IGmyb1Tg.png\",\"datePublished\":\"2025-04-15T10:10:41+00:00\",\"dateModified\":\"2026-04-29T07:41:09+00:00\",\"breadcrumb\":{\"@id\":\"https:\/\/xenonkungen.com\/produkt\/tesla-obd2-adapter-20pin-tesla-model-s-x-after-2015-09\/#breadcrumb\"},\"inLanguage\":\"es\",\"potentialAction\":[{\"@type\":\"ReadAction\",\"target\":[\"https:\/\/xenonkungen.com\/produkt\/tesla-obd2-adapter-20pin-tesla-model-s-x-after-2015-09\/\"]}]},{\"@type\":\"ImageObject\",\"inLanguage\":\"es\",\"@id\":\"https:\/\/xenonkungen.com\/produkt\/tesla-obd2-adapter-20pin-tesla-model-s-x-after-2015-09\/#primaryimage\",\"url\":\"https:\/\/xenonkungen.com\/wp-content\/uploads\/2025\/04\/IGmyb1Tg.png\",\"contentUrl\":\"https:\/\/xenonkungen.com\/wp-content\/uploads\/2025\/04\/IGmyb1Tg.png\",\"width\":1000,\"height\":1000},{\"@type\":\"BreadcrumbList\",\"@id\":\"https:\/\/xenonkungen.com\/produkt\/tesla-obd2-adapter-20pin-tesla-model-s-x-after-2015-09\/#breadcrumb\",\"itemListElement\":[{\"@type\":\"ListItem\",\"position\":1,\"name\":\"Hem\",\"item\":\"https:\/\/xenonkungen.com\/\"},{\"@type\":\"ListItem\",\"position\":2,\"name\":\"Shop\",\"item\":\"https:\/\/xenonkungen.com\/shop\/\"},{\"@type\":\"ListItem\",\"position\":3,\"name\":\"Tesla OBD2 Adapter 20PIN | Tesla Model S | X | After > 2015-09\"}]},{\"@type\":\"WebSite\",\"@id\":\"https:\/\/xenonkungen.com\/#website\",\"url\":\"https:\/\/xenonkungen.com\/\",\"name\":\"Xenonkungen\",\"description\":\"\",\"potentialAction\":[{\"@type\":\"SearchAction\",\"target\":{\"@type\":\"EntryPoint\",\"urlTemplate\":\"https:\/\/xenonkungen.com\/?s={search_term_string}\"},\"query-input\":{\"@type\":\"PropertyValueSpecification\",\"valueRequired\":true,\"valueName\":\"search_term_string\"}}],\"inLanguage\":\"es\"}]}<\/script>\n<!-- \/ Yoast SEO plugin. -->","yoast_head_json":{"title":"Adaptador OBD2 Tesla de 20 pines | Tesla Model S | X | Posterior a &gt; 2015-09 - El Rey del Xen\u00f3n","robots":{"index":"index","follow":"follow","max-snippet":"max-snippet:-1","max-image-preview":"max-image-preview:large","max-video-preview":"max-video-preview:-1"},"canonical":"https:\/\/xenonkungen.com\/es\/producto\/adaptador-obd2-de-20-pines-para-tesla-model-sx-posterior-a-2015-09\/","og_locale":"es_ES","og_type":"article","og_title":"Tesla OBD2 Adapter 20PIN | Tesla Model S | X | After > 2015-09 - Xenonkungen","og_description":"Adapter f\u00f6r att Koppla in XBB Dongle i din Tesla Model S | X | After > 2015-09 !","og_url":"https:\/\/xenonkungen.com\/es\/producto\/adaptador-obd2-de-20-pines-para-tesla-model-sx-posterior-a-2015-09\/","og_site_name":"Xenonkungen","article_modified_time":"2026-04-29T07:41:09+00:00","og_image":[{"width":1000,"height":1000,"url":"https:\/\/xenonkungen.com\/wp-content\/uploads\/2025\/04\/IGmyb1Tg.png","type":"image\/png"}],"twitter_card":"summary_large_image","twitter_misc":{"Tiempo de lectura":"1 minuto"},"schema":{"@context":"https:\/\/schema.org","@graph":[{"@type":"WebPage","@id":"https:\/\/xenonkungen.com\/produkt\/tesla-obd2-adapter-20pin-tesla-model-s-x-after-2015-09\/","url":"https:\/\/xenonkungen.com\/produkt\/tesla-obd2-adapter-20pin-tesla-model-s-x-after-2015-09\/","name":"Adaptador OBD2 Tesla de 20 pines | Tesla Model S | X | Posterior a &gt; 2015-09 - El Rey del Xen\u00f3n","isPartOf":{"@id":"https:\/\/xenonkungen.com\/#website"},"primaryImageOfPage":{"@id":"https:\/\/xenonkungen.com\/produkt\/tesla-obd2-adapter-20pin-tesla-model-s-x-after-2015-09\/#primaryimage"},"image":{"@id":"https:\/\/xenonkungen.com\/produkt\/tesla-obd2-adapter-20pin-tesla-model-s-x-after-2015-09\/#primaryimage"},"thumbnailUrl":"https:\/\/xenonkungen.com\/wp-content\/uploads\/2025\/04\/IGmyb1Tg.png","datePublished":"2025-04-15T10:10:41+00:00","dateModified":"2026-04-29T07:41:09+00:00","breadcrumb":{"@id":"https:\/\/xenonkungen.com\/produkt\/tesla-obd2-adapter-20pin-tesla-model-s-x-after-2015-09\/#breadcrumb"},"inLanguage":"es","potentialAction":[{"@type":"ReadAction","target":["https:\/\/xenonkungen.com\/produkt\/tesla-obd2-adapter-20pin-tesla-model-s-x-after-2015-09\/"]}]},{"@type":"ImageObject","inLanguage":"es","@id":"https:\/\/xenonkungen.com\/produkt\/tesla-obd2-adapter-20pin-tesla-model-s-x-after-2015-09\/#primaryimage","url":"https:\/\/xenonkungen.com\/wp-content\/uploads\/2025\/04\/IGmyb1Tg.png","contentUrl":"https:\/\/xenonkungen.com\/wp-content\/uploads\/2025\/04\/IGmyb1Tg.png","width":1000,"height":1000},{"@type":"BreadcrumbList","@id":"https:\/\/xenonkungen.com\/produkt\/tesla-obd2-adapter-20pin-tesla-model-s-x-after-2015-09\/#breadcrumb","itemListElement":[{"@type":"ListItem","position":1,"name":"Hem","item":"https:\/\/xenonkungen.com\/"},{"@type":"ListItem","position":2,"name":"Shop","item":"https:\/\/xenonkungen.com\/shop\/"},{"@type":"ListItem","position":3,"name":"Tesla OBD2 Adapter 20PIN | Tesla Model S | X | After > 2015-09"}]},{"@type":"WebSite","@id":"https:\/\/xenonkungen.com\/#website","url":"https:\/\/xenonkungen.com\/","name":"Xenonkungen","description":"","potentialAction":[{"@type":"SearchAction","target":{"@type":"EntryPoint","urlTemplate":"https:\/\/xenonkungen.com\/?s={search_term_string}"},"query-input":{"@type":"PropertyValueSpecification","valueRequired":true,"valueName":"search_term_string"}}],"inLanguage":"es"}]}},"taxonomy_info":{"anvandningsomrade":[{"value":167,"label":"PERSONBIL"}],"bilmarken":[{"value":290,"label":"Tesla"}],"product_cat":[{"value":477,"label":"Canbus | EMC"}]},"featured_image_src_large":["https:\/\/xenonkungen.com\/wp-content\/uploads\/2025\/04\/IGmyb1Tg.png",1000,1000,false],"author_info":[],"comment_info":0,"_links":{"self":[{"href":"https:\/\/xenonkungen.com\/es\/wp-json\/wp\/v2\/product\/8892","targetHints":{"allow":["GET"]}}],"collection":[{"href":"https:\/\/xenonkungen.com\/es\/wp-json\/wp\/v2\/product"}],"about":[{"href":"https:\/\/xenonkungen.com\/es\/wp-json\/wp\/v2\/types\/product"}],"replies":[{"embeddable":true,"href":"https:\/\/xenonkungen.com\/es\/wp-json\/wp\/v2\/comments?post=8892"}],"wp:featuredmedia":[{"embeddable":true,"href":"https:\/\/xenonkungen.com\/es\/wp-json\/wp\/v2\/media\/8893"}],"wp:attachment":[{"href":"https:\/\/xenonkungen.com\/es\/wp-json\/wp\/v2\/media?parent=8892"}],"wp:term":[{"taxonomy":"anvandningsomrade","embeddable":true,"href":"https:\/\/xenonkungen.com\/es\/wp-json\/wp\/v2\/anvandningsomrade?post=8892"},{"taxonomy":"bilmarken","embeddable":true,"href":"https:\/\/xenonkungen.com\/es\/wp-json\/wp\/v2\/bilmarken?post=8892"},{"taxonomy":"product_brand","embeddable":true,"href":"https:\/\/xenonkungen.com\/es\/wp-json\/wp\/v2\/product_brand?post=8892"},{"taxonomy":"product_cat","embeddable":true,"href":"https:\/\/xenonkungen.com\/es\/wp-json\/wp\/v2\/product_cat?post=8892"},{"taxonomy":"product_tag","embeddable":true,"href":"https:\/\/xenonkungen.com\/es\/wp-json\/wp\/v2\/product_tag?post=8892"}],"curies":[{"name":"wp","href":"https:\/\/api.w.org\/{rel}","templated":true}]}}