{"id":8927,"date":"2025-04-15T10:11:28","date_gmt":"2025-04-15T10:11:28","guid":{"rendered":"https:\/\/xenonkungen.com\/product\/skyltbelysning-volvo-s90-2017\/"},"modified":"2026-04-21T14:17:19","modified_gmt":"2026-04-21T13:17:19","slug":"iluminacion-de-matricula-volvo-s90-2017","status":"publish","type":"product","link":"https:\/\/xenonkungen.com\/es\/producto\/iluminacion-de-matricula-volvo-s90-2017\/","title":{"rendered":"Se\u00f1alizaci\u00f3n Volvo S90 | 2017&gt;"},"content":{"rendered":"<h1>Se\u00f1alizaci\u00f3n luminosa LED del Volvo S90: luz brillante y aspecto exclusivo<\/h1>\n<p>Dale a tu Volvo S90 una actualizaci\u00f3n elegante y moderna con nuestra iluminaci\u00f3n de se\u00f1alizaci\u00f3n LED con homologaci\u00f3n E. Con una potente y uniforme difusi\u00f3n de la luz, esta iluminaci\u00f3n mejora tanto la visibilidad como el dise\u00f1o, al tiempo que confiere a tu veh\u00edculo un aspecto exclusivo.<\/p>\n<h2>\u00bfPor qu\u00e9 elegir nuestra iluminaci\u00f3n LED para se\u00f1alizaci\u00f3n?<\/h2>\n<ul>\n<li>Voltios: 12 V - tecnolog\u00eda LED sostenible y energ\u00e9ticamente eficiente<\/li>\n<li>F\u00e1cil instalaci\u00f3n: Plug and Play: montaje r\u00e1pido sin modificaciones<\/li>\n<li>Ajuste perfecto: Dise\u00f1ado para sustituir la iluminaci\u00f3n original<\/li>\n<li>Dise\u00f1o moderno y elegante: da a tu coche un aspecto actualizado<\/li>\n<\/ul>\n<p><strong>Se adapta al modelo:<\/strong><\/p>\n<p>Volvo S90 (2017 en adelante)<\/p>\n<p><strong>Pieza OEM:<\/strong><\/p>\n<p>&#8211; 31446531<\/p>\n<p><strong>Informes de clientes:<br \/><\/strong><span>&#8211;<\/span><\/p>\n<p>Lote de 2<br \/>3 a\u00f1os de garant\u00eda<br \/>E-autorizado<\/p>","protected":false},"excerpt":{"rendered":"<p>Se adapta al modelo:<\/p>\n<p>Volvo S90 (2017 en adelante)<\/p>\n<p>Pieza OEM:<\/p>\n<p>&#8211; 31446531<\/p>\n<p>Informes de clientes:<br \/>\n&#8211;<\/p>\n<p>Lote de 2<br \/>\n3 a\u00f1os de garant\u00eda<br \/>\nE-autorizado<\/p>","protected":false},"featured_media":8928,"comment_status":"closed","ping_status":"open","template":"","meta":{"_acf_changed":false,"_smort_price_nok":"315","_smort_price_dkk":"200","_smort_price_eur":"26.82","_smort_sale_price_nok":"","_smort_sale_price_dkk":"","_smort_sale_price_eur":"","smort_restorder":"","shipmondo_restorder":"","_kad_blocks_custom_css":"","_kad_blocks_head_custom_js":"","_kad_blocks_body_custom_js":"","_kad_blocks_footer_custom_js":"","smort_custom_pricelist_1":"188.8","smort_custom_pricelist_2":"165.2","smort_custom_pricelist_3":"153.4","smort_custom_pricelist_4":"236","smort_custom_pricelist_5":"165.2"},"anvandningsomrade":[167],"bilmarken":[169],"product_brand":[117],"product_cat":[542],"product_tag":[],"class_list":{"0":"post-8927","1":"product","2":"type-product","3":"status-publish","4":"has-post-thumbnail","6":"anvandningsomrade-personbil","7":"bilmarken-volvo","8":"product_brand-xenonkungen","9":"product_cat-skyltbelysning","10":"pa_volt-v-159","12":"first","13":"instock","14":"taxable","15":"shipping-taxable","16":"purchasable","17":"product-type-simple"},"bundled_by":[],"bundle_stock_status":"instock","bundle_stock_quantity":20,"bundle_virtual":false,"bundle_layout":"","bundle_add_to_cart_form_location":"","bundle_editable_in_cart":false,"bundle_sold_individually_context":"","bundle_item_grouping":"","bundle_min_size":"","bundle_max_size":"","bundle_price":[],"bundled_items":[],"bundle_sell_ids":[],"acf":[],"yoast_head":"<!-- This site is optimized with the Yoast SEO plugin v27.0 - https:\/\/yoast.com\/product\/yoast-seo-wordpress\/ -->\n<title>Skyltbelysning Volvo S90 | 2017&gt; - Xenonkungen<\/title>\n<meta name=\"robots\" content=\"index, follow, max-snippet:-1, max-image-preview:large, max-video-preview:-1\" \/>\n<link rel=\"canonical\" href=\"https:\/\/xenonkungen.com\/es\/producto\/iluminacion-de-matricula-volvo-s90-2017\/\" \/>\n<meta property=\"og:locale\" content=\"es_ES\" \/>\n<meta property=\"og:type\" content=\"article\" \/>\n<meta property=\"og:title\" content=\"Skyltbelysning Volvo S90 | 2017&gt; - Xenonkungen\" \/>\n<meta property=\"og:description\" content=\"Passar modell: Volvo S90 (2017 och fram\u00e5t) OEM Part: - 31446531 Kundrapporter: - Set om 2st 3 \u00e5rs garanti E-godk\u00e4nd\" \/>\n<meta property=\"og:url\" content=\"https:\/\/xenonkungen.com\/es\/producto\/iluminacion-de-matricula-volvo-s90-2017\/\" \/>\n<meta property=\"og:site_name\" content=\"Xenonkungen\" \/>\n<meta property=\"article:modified_time\" content=\"2026-04-21T13:17:19+00:00\" \/>\n<meta property=\"og:image\" content=\"https:\/\/xenonkungen.com\/wp-content\/uploads\/2025\/04\/MLTWDsaQ.png\" \/>\n\t<meta property=\"og:image:width\" content=\"1000\" \/>\n\t<meta property=\"og:image:height\" content=\"1000\" \/>\n\t<meta property=\"og:image:type\" content=\"image\/png\" \/>\n<meta name=\"twitter:card\" content=\"summary_large_image\" \/>\n<meta name=\"twitter:label1\" content=\"Tiempo de lectura\" \/>\n\t<meta name=\"twitter:data1\" content=\"1 minuto\" \/>\n<script type=\"application\/ld+json\" class=\"yoast-schema-graph\">{\"@context\":\"https:\/\/schema.org\",\"@graph\":[{\"@type\":\"WebPage\",\"@id\":\"https:\/\/xenonkungen.com\/produkt\/skyltbelysning-volvo-s90-2017\/\",\"url\":\"https:\/\/xenonkungen.com\/produkt\/skyltbelysning-volvo-s90-2017\/\",\"name\":\"Skyltbelysning Volvo S90 | 2017> - Xenonkungen\",\"isPartOf\":{\"@id\":\"https:\/\/xenonkungen.com\/#website\"},\"primaryImageOfPage\":{\"@id\":\"https:\/\/xenonkungen.com\/produkt\/skyltbelysning-volvo-s90-2017\/#primaryimage\"},\"image\":{\"@id\":\"https:\/\/xenonkungen.com\/produkt\/skyltbelysning-volvo-s90-2017\/#primaryimage\"},\"thumbnailUrl\":\"https:\/\/xenonkungen.com\/wp-content\/uploads\/2025\/04\/MLTWDsaQ.png\",\"datePublished\":\"2025-04-15T10:11:28+00:00\",\"dateModified\":\"2026-04-21T13:17:19+00:00\",\"breadcrumb\":{\"@id\":\"https:\/\/xenonkungen.com\/produkt\/skyltbelysning-volvo-s90-2017\/#breadcrumb\"},\"inLanguage\":\"es\",\"potentialAction\":[{\"@type\":\"ReadAction\",\"target\":[\"https:\/\/xenonkungen.com\/produkt\/skyltbelysning-volvo-s90-2017\/\"]}]},{\"@type\":\"ImageObject\",\"inLanguage\":\"es\",\"@id\":\"https:\/\/xenonkungen.com\/produkt\/skyltbelysning-volvo-s90-2017\/#primaryimage\",\"url\":\"https:\/\/xenonkungen.com\/wp-content\/uploads\/2025\/04\/MLTWDsaQ.png\",\"contentUrl\":\"https:\/\/xenonkungen.com\/wp-content\/uploads\/2025\/04\/MLTWDsaQ.png\",\"width\":1000,\"height\":1000},{\"@type\":\"BreadcrumbList\",\"@id\":\"https:\/\/xenonkungen.com\/produkt\/skyltbelysning-volvo-s90-2017\/#breadcrumb\",\"itemListElement\":[{\"@type\":\"ListItem\",\"position\":1,\"name\":\"Hem\",\"item\":\"https:\/\/xenonkungen.com\/\"},{\"@type\":\"ListItem\",\"position\":2,\"name\":\"Shop\",\"item\":\"https:\/\/xenonkungen.com\/shop\/\"},{\"@type\":\"ListItem\",\"position\":3,\"name\":\"Skyltbelysning Volvo S90 | 2017>\"}]},{\"@type\":\"WebSite\",\"@id\":\"https:\/\/xenonkungen.com\/#website\",\"url\":\"https:\/\/xenonkungen.com\/\",\"name\":\"Xenonkungen\",\"description\":\"\",\"potentialAction\":[{\"@type\":\"SearchAction\",\"target\":{\"@type\":\"EntryPoint\",\"urlTemplate\":\"https:\/\/xenonkungen.com\/?s={search_term_string}\"},\"query-input\":{\"@type\":\"PropertyValueSpecification\",\"valueRequired\":true,\"valueName\":\"search_term_string\"}}],\"inLanguage\":\"es\"}]}<\/script>\n<!-- \/ Yoast SEO plugin. -->","yoast_head_json":{"title":"Iluminaci\u00f3n de matr\u00edcula Volvo S90 | 2017&gt; - Xenonkungen","robots":{"index":"index","follow":"follow","max-snippet":"max-snippet:-1","max-image-preview":"max-image-preview:large","max-video-preview":"max-video-preview:-1"},"canonical":"https:\/\/xenonkungen.com\/es\/producto\/iluminacion-de-matricula-volvo-s90-2017\/","og_locale":"es_ES","og_type":"article","og_title":"Skyltbelysning Volvo S90 | 2017> - Xenonkungen","og_description":"Passar modell: Volvo S90 (2017 och fram\u00e5t) OEM Part: - 31446531 Kundrapporter: - Set om 2st 3 \u00e5rs garanti E-godk\u00e4nd","og_url":"https:\/\/xenonkungen.com\/es\/producto\/iluminacion-de-matricula-volvo-s90-2017\/","og_site_name":"Xenonkungen","article_modified_time":"2026-04-21T13:17:19+00:00","og_image":[{"width":1000,"height":1000,"url":"https:\/\/xenonkungen.com\/wp-content\/uploads\/2025\/04\/MLTWDsaQ.png","type":"image\/png"}],"twitter_card":"summary_large_image","twitter_misc":{"Tiempo de lectura":"1 minuto"},"schema":{"@context":"https:\/\/schema.org","@graph":[{"@type":"WebPage","@id":"https:\/\/xenonkungen.com\/produkt\/skyltbelysning-volvo-s90-2017\/","url":"https:\/\/xenonkungen.com\/produkt\/skyltbelysning-volvo-s90-2017\/","name":"Iluminaci\u00f3n de matr\u00edcula Volvo S90 | 2017&gt; - Xenonkungen","isPartOf":{"@id":"https:\/\/xenonkungen.com\/#website"},"primaryImageOfPage":{"@id":"https:\/\/xenonkungen.com\/produkt\/skyltbelysning-volvo-s90-2017\/#primaryimage"},"image":{"@id":"https:\/\/xenonkungen.com\/produkt\/skyltbelysning-volvo-s90-2017\/#primaryimage"},"thumbnailUrl":"https:\/\/xenonkungen.com\/wp-content\/uploads\/2025\/04\/MLTWDsaQ.png","datePublished":"2025-04-15T10:11:28+00:00","dateModified":"2026-04-21T13:17:19+00:00","breadcrumb":{"@id":"https:\/\/xenonkungen.com\/produkt\/skyltbelysning-volvo-s90-2017\/#breadcrumb"},"inLanguage":"es","potentialAction":[{"@type":"ReadAction","target":["https:\/\/xenonkungen.com\/produkt\/skyltbelysning-volvo-s90-2017\/"]}]},{"@type":"ImageObject","inLanguage":"es","@id":"https:\/\/xenonkungen.com\/produkt\/skyltbelysning-volvo-s90-2017\/#primaryimage","url":"https:\/\/xenonkungen.com\/wp-content\/uploads\/2025\/04\/MLTWDsaQ.png","contentUrl":"https:\/\/xenonkungen.com\/wp-content\/uploads\/2025\/04\/MLTWDsaQ.png","width":1000,"height":1000},{"@type":"BreadcrumbList","@id":"https:\/\/xenonkungen.com\/produkt\/skyltbelysning-volvo-s90-2017\/#breadcrumb","itemListElement":[{"@type":"ListItem","position":1,"name":"Hem","item":"https:\/\/xenonkungen.com\/"},{"@type":"ListItem","position":2,"name":"Shop","item":"https:\/\/xenonkungen.com\/shop\/"},{"@type":"ListItem","position":3,"name":"Skyltbelysning Volvo S90 | 2017>"}]},{"@type":"WebSite","@id":"https:\/\/xenonkungen.com\/#website","url":"https:\/\/xenonkungen.com\/","name":"Xenonkungen","description":"","potentialAction":[{"@type":"SearchAction","target":{"@type":"EntryPoint","urlTemplate":"https:\/\/xenonkungen.com\/?s={search_term_string}"},"query-input":{"@type":"PropertyValueSpecification","valueRequired":true,"valueName":"search_term_string"}}],"inLanguage":"es"}]}},"taxonomy_info":{"anvandningsomrade":[{"value":167,"label":"PERSONBIL"}],"bilmarken":[{"value":169,"label":"volvo"}],"product_brand":[{"value":117,"label":"Xenonkungen"}],"product_cat":[{"value":542,"label":"Skyltbelysning"}],"pa_volt-v":[{"value":159,"label":"12"}]},"featured_image_src_large":["https:\/\/xenonkungen.com\/wp-content\/uploads\/2025\/04\/MLTWDsaQ.png",1000,1000,false],"author_info":[],"comment_info":0,"_links":{"self":[{"href":"https:\/\/xenonkungen.com\/es\/wp-json\/wp\/v2\/product\/8927","targetHints":{"allow":["GET"]}}],"collection":[{"href":"https:\/\/xenonkungen.com\/es\/wp-json\/wp\/v2\/product"}],"about":[{"href":"https:\/\/xenonkungen.com\/es\/wp-json\/wp\/v2\/types\/product"}],"replies":[{"embeddable":true,"href":"https:\/\/xenonkungen.com\/es\/wp-json\/wp\/v2\/comments?post=8927"}],"wp:featuredmedia":[{"embeddable":true,"href":"https:\/\/xenonkungen.com\/es\/wp-json\/wp\/v2\/media\/8928"}],"wp:attachment":[{"href":"https:\/\/xenonkungen.com\/es\/wp-json\/wp\/v2\/media?parent=8927"}],"wp:term":[{"taxonomy":"anvandningsomrade","embeddable":true,"href":"https:\/\/xenonkungen.com\/es\/wp-json\/wp\/v2\/anvandningsomrade?post=8927"},{"taxonomy":"bilmarken","embeddable":true,"href":"https:\/\/xenonkungen.com\/es\/wp-json\/wp\/v2\/bilmarken?post=8927"},{"taxonomy":"product_brand","embeddable":true,"href":"https:\/\/xenonkungen.com\/es\/wp-json\/wp\/v2\/product_brand?post=8927"},{"taxonomy":"product_cat","embeddable":true,"href":"https:\/\/xenonkungen.com\/es\/wp-json\/wp\/v2\/product_cat?post=8927"},{"taxonomy":"product_tag","embeddable":true,"href":"https:\/\/xenonkungen.com\/es\/wp-json\/wp\/v2\/product_tag?post=8927"}],"curies":[{"name":"wp","href":"https:\/\/api.w.org\/{rel}","templated":true}]}}