{"id":9336,"date":"2025-05-20T07:54:15","date_gmt":"2025-05-20T07:54:15","guid":{"rendered":"https:\/\/xenonkungen.com\/product\/4-pack-extraljus-nbb225-35w-original\/"},"modified":"2026-04-16T03:29:26","modified_gmt":"2026-04-16T02:29:26","slug":"paquete-de-4-luces-adicionales-nbb225-35w-originales","status":"publish","type":"product","link":"https:\/\/xenonkungen.com\/es\/producto\/paquete-de-4-luces-adicionales-nbb225-35w-originales\/","title":{"rendered":"4 PAQUETES Luz extra NBB225 35W Original"},"content":{"rendered":"<h1>Descripci\u00f3n del producto para el paquete RAD4 \u2013 NBB Original 225 LED<\/h1>\n<p><strong>Descubre la potencia del paquete RAD4 de NBB Original 225 LED, una soluci\u00f3n \u00f3ptima para la iluminaci\u00f3n de tu veh\u00edculo.<\/strong> Este paquete es ideal para conductores que necesitan una iluminaci\u00f3n brillante y fiable para la conducci\u00f3n nocturna o en condiciones dif\u00edciles. Incluye cuatro luces auxiliares LED NBB Original 225 de alto rendimiento, todas con patr\u00f3n de luz de conducci\u00f3n\/distancia, que proporcionan una iluminaci\u00f3n superior para una conducci\u00f3n segura en la oscuridad.<\/p>\n<h2>Caracter\u00edsticas:<\/h2>\n<ul>\n<li><strong>Iluminaci\u00f3n de xen\u00f3n eficiente:<\/strong> Cada l\u00e1mpara est\u00e1 equipada con un balastro de 35 W, instalado de f\u00e1brica, que proporciona aproximadamente 3300 l\u00famenes por l\u00e1mpara. El flujo luminoso total de las cuatro l\u00e1mparas proporciona 13\u00a0200 l\u00famenes, ofreciendo una excelente capacidad lum\u00ednica para iluminar la carretera.<\/li>\n<li><strong>Dise\u00f1ado para ofrecer durabilidad y rendimiento:<\/strong> Las luces est\u00e1n fabricadas con pl\u00e1stico reforzado con fibra de vidrio, un reflector de aluminio de forma libre y una lente de policarbonato transparente, lo que garantiza una larga durabilidad y una distribuci\u00f3n \u00f3ptima de la luz.<\/li>\n<li><strong>Kit de montaje completo:<\/strong> El paquete RAD4 incluye todo lo necesario para la instalaci\u00f3n: cableado de rel\u00e9s, puntales y soportes, lo que facilita su montaje y personalizaci\u00f3n seg\u00fan sus necesidades. El balastro est\u00e1 dise\u00f1ado para ser ligero y eficiente, con la opci\u00f3n de colocaci\u00f3n externa si se desea.<\/li>\n<li><strong>Certificaci\u00f3n y garant\u00eda:<\/strong> Todas las l\u00e1mparas cuentan con la homologaci\u00f3n E y el sistema est\u00e1 respaldado por una garant\u00eda de un a\u00f1o.<\/li>\n<\/ul>\n<h2>\u00bfPor qu\u00e9 elegir el paquete RAD4 con nosotros?<\/h2>\n<p>Nuestro compromiso con la calidad y el servicio al cliente sigue siendo nuestro sello distintivo. Gracias a los premios que hemos recibido por nuestro servicio al cliente, puede estar seguro de que recibir\u00e1 productos y soporte de primera categor\u00eda.<\/p>\n<p>Con el paquete RAD4 de NBB Original 225 LED, disfrutar\u00e1s de una iluminaci\u00f3n superior que te permitir\u00e1 ver con claridad incluso en la oscuridad. Mejora tu visibilidad y seguridad en la carretera, independientemente de las condiciones. Elige RAD4 para una experiencia de conducci\u00f3n nocturna inigualable.<\/p>","protected":false},"excerpt":{"rendered":"<p>Produktbeskrivning f\u00f6r RAD4 Paketet \u2013 NBB Original 225 LED Utforska kraften i RAD4 Paketet fr\u00e5n NBB Original 225 LED, en optimal l\u00f6sning f\u00f6r din fordonsbelysning. Detta paket \u00e4r idealiskt f\u00f6r f\u00f6rare som kr\u00e4ver stark och p\u00e5litlig belysning under nattk\u00f6rning eller i sv\u00e5ra f\u00f6rh\u00e5llanden. Med fyra h\u00f6gpresterande NBB Original 225 LED extraljus, alla designade med Driving\/Fj\u00e4rr [&hellip;]<\/p>","protected":false},"featured_media":9899,"comment_status":"closed","ping_status":"open","template":"","meta":{"_acf_changed":false,"_smort_price_nok":"11424","_smort_price_dkk":"7257","_smort_price_eur":"972.23","_smort_sale_price_nok":"","_smort_sale_price_dkk":"","_smort_sale_price_eur":"","smort_restorder":"","shipmondo_restorder":"","_kad_blocks_custom_css":"","_kad_blocks_head_custom_js":"","_kad_blocks_body_custom_js":"","_kad_blocks_footer_custom_js":"","smort_custom_pricelist_1":"6844.8","smort_custom_pricelist_2":"5989.2","smort_custom_pricelist_3":"5989.2","smort_custom_pricelist_4":"8556","smort_custom_pricelist_5":"5989.2"},"anvandningsomrade":[207,167,1915],"bilmarken":[168],"product_brand":[104],"product_cat":[1859],"product_tag":[2726],"class_list":{"0":"post-9336","1":"product","2":"type-product","3":"status-publish","4":"has-post-thumbnail","6":"anvandningsomrade-husbil","7":"anvandningsomrade-personbil","8":"anvandningsomrade-skapbil","9":"bilmarken-alla","10":"product_brand-nbb","11":"product_cat-extraljuspaket","12":"product_tag-produktpaket","14":"first","15":"instock","16":"taxable","17":"shipping-taxable","18":"purchasable","19":"product-type-bundle"},"bundled_by":[],"bundle_stock_status":"instock","bundle_stock_quantity":1,"bundle_virtual":false,"bundle_layout":"default","bundle_add_to_cart_form_location":"default","bundle_editable_in_cart":false,"bundle_sold_individually_context":"product","bundle_item_grouping":"parent","bundle_min_size":"","bundle_max_size":"","bundle_price":{"price":{"min":{"incl_tax":"972.19","excl_tax":"777.74750148"},"max":{"incl_tax":"972.19","excl_tax":"777.74750148"}},"regular_price":{"min":{"incl_tax":"972.19","excl_tax":"777.74750148"},"max":{"incl_tax":"972.19","excl_tax":"777.74750148"}}},"bundled_items":[{"bundled_item_id":147,"product_id":2699,"menu_order":0,"quantity_min":1,"quantity_max":1,"quantity_default":1,"priced_individually":false,"shipped_individually":false,"override_title":false,"title":"","override_description":false,"description":"","optional":false,"hide_thumbnail":false,"discount":null,"override_variations":false,"allowed_variations":[],"override_default_variation_attributes":false,"default_variation_attributes":[],"single_product_visibility":"visible","cart_visibility":"visible","order_visibility":"visible","single_product_price_visibility":"visible","cart_price_visibility":"visible","order_price_visibility":"visible","stock_status":"in_stock"},{"bundled_item_id":148,"product_id":994,"menu_order":0,"quantity_min":1,"quantity_max":1,"quantity_default":1,"priced_individually":false,"shipped_individually":false,"override_title":false,"title":"","override_description":false,"description":"","optional":false,"hide_thumbnail":false,"discount":null,"override_variations":false,"allowed_variations":[],"override_default_variation_attributes":false,"default_variation_attributes":[],"single_product_visibility":"visible","cart_visibility":"visible","order_visibility":"visible","single_product_price_visibility":"visible","cart_price_visibility":"visible","order_price_visibility":"visible","stock_status":"in_stock"},{"bundled_item_id":149,"product_id":2718,"menu_order":0,"quantity_min":1,"quantity_max":1,"quantity_default":1,"priced_individually":false,"shipped_individually":false,"override_title":false,"title":"","override_description":false,"description":"","optional":false,"hide_thumbnail":false,"discount":null,"override_variations":false,"allowed_variations":[],"override_default_variation_attributes":false,"default_variation_attributes":[],"single_product_visibility":"visible","cart_visibility":"visible","order_visibility":"visible","single_product_price_visibility":"visible","cart_price_visibility":"visible","order_price_visibility":"visible","stock_status":"in_stock"},{"bundled_item_id":150,"product_id":2720,"menu_order":0,"quantity_min":1,"quantity_max":1,"quantity_default":1,"priced_individually":false,"shipped_individually":false,"override_title":false,"title":"","override_description":false,"description":"","optional":false,"hide_thumbnail":false,"discount":null,"override_variations":false,"allowed_variations":[],"override_default_variation_attributes":false,"default_variation_attributes":[],"single_product_visibility":"visible","cart_visibility":"visible","order_visibility":"visible","single_product_price_visibility":"visible","cart_price_visibility":"visible","order_price_visibility":"visible","stock_status":"in_stock"}],"bundle_sell_ids":[],"acf":[],"yoast_head":"<!-- This site is optimized with the Yoast SEO plugin v27.0 - https:\/\/yoast.com\/product\/yoast-seo-wordpress\/ -->\n<title>4-PACK Extraljus NBB225 35W Original - Xenonkungen<\/title>\n<meta name=\"robots\" content=\"index, follow, max-snippet:-1, max-image-preview:large, max-video-preview:-1\" \/>\n<link rel=\"canonical\" href=\"https:\/\/xenonkungen.com\/es\/producto\/paquete-de-4-luces-adicionales-nbb225-35w-originales\/\" \/>\n<meta property=\"og:locale\" content=\"es_ES\" \/>\n<meta property=\"og:type\" content=\"article\" \/>\n<meta property=\"og:title\" content=\"4-PACK Extraljus NBB225 35W Original - Xenonkungen\" \/>\n<meta property=\"og:description\" content=\"Produktbeskrivning f\u00f6r RAD4 Paketet \u2013 NBB Original 225 LED Utforska kraften i RAD4 Paketet fr\u00e5n NBB Original 225 LED, en optimal l\u00f6sning f\u00f6r din fordonsbelysning. Detta paket \u00e4r idealiskt f\u00f6r f\u00f6rare som kr\u00e4ver stark och p\u00e5litlig belysning under nattk\u00f6rning eller i sv\u00e5ra f\u00f6rh\u00e5llanden. Med fyra h\u00f6gpresterande NBB Original 225 LED extraljus, alla designade med Driving\/Fj\u00e4rr [&hellip;]\" \/>\n<meta property=\"og:url\" content=\"https:\/\/xenonkungen.com\/es\/producto\/paquete-de-4-luces-adicionales-nbb225-35w-originales\/\" \/>\n<meta property=\"og:site_name\" content=\"Xenonkungen\" \/>\n<meta property=\"article:modified_time\" content=\"2026-04-16T02:29:26+00:00\" \/>\n<meta property=\"og:image\" content=\"https:\/\/xenonkungen.com\/wp-content\/uploads\/2025\/05\/178754953-origpic-703a97-1.png\" \/>\n\t<meta property=\"og:image:width\" content=\"1000\" \/>\n\t<meta property=\"og:image:height\" content=\"1000\" \/>\n\t<meta property=\"og:image:type\" content=\"image\/png\" \/>\n<meta name=\"twitter:card\" content=\"summary_large_image\" \/>\n<meta name=\"twitter:label1\" content=\"Tiempo de lectura\" \/>\n\t<meta name=\"twitter:data1\" content=\"2 minutos\" \/>\n<script type=\"application\/ld+json\" class=\"yoast-schema-graph\">{\"@context\":\"https:\/\/schema.org\",\"@graph\":[{\"@type\":\"WebPage\",\"@id\":\"https:\/\/xenonkungen.com\/produkt\/4-pack-extraljus-nbb225-35w-original\/\",\"url\":\"https:\/\/xenonkungen.com\/produkt\/4-pack-extraljus-nbb225-35w-original\/\",\"name\":\"4-PACK Extraljus NBB225 35W Original - Xenonkungen\",\"isPartOf\":{\"@id\":\"https:\/\/xenonkungen.com\/#website\"},\"primaryImageOfPage\":{\"@id\":\"https:\/\/xenonkungen.com\/produkt\/4-pack-extraljus-nbb225-35w-original\/#primaryimage\"},\"image\":{\"@id\":\"https:\/\/xenonkungen.com\/produkt\/4-pack-extraljus-nbb225-35w-original\/#primaryimage\"},\"thumbnailUrl\":\"https:\/\/xenonkungen.com\/wp-content\/uploads\/2025\/05\/178754953-origpic-703a97-1.png\",\"datePublished\":\"2025-05-20T07:54:15+00:00\",\"dateModified\":\"2026-04-16T02:29:26+00:00\",\"breadcrumb\":{\"@id\":\"https:\/\/xenonkungen.com\/produkt\/4-pack-extraljus-nbb225-35w-original\/#breadcrumb\"},\"inLanguage\":\"es\",\"potentialAction\":[{\"@type\":\"ReadAction\",\"target\":[\"https:\/\/xenonkungen.com\/produkt\/4-pack-extraljus-nbb225-35w-original\/\"]}]},{\"@type\":\"ImageObject\",\"inLanguage\":\"es\",\"@id\":\"https:\/\/xenonkungen.com\/produkt\/4-pack-extraljus-nbb225-35w-original\/#primaryimage\",\"url\":\"https:\/\/xenonkungen.com\/wp-content\/uploads\/2025\/05\/178754953-origpic-703a97-1.png\",\"contentUrl\":\"https:\/\/xenonkungen.com\/wp-content\/uploads\/2025\/05\/178754953-origpic-703a97-1.png\",\"width\":1000,\"height\":1000},{\"@type\":\"BreadcrumbList\",\"@id\":\"https:\/\/xenonkungen.com\/produkt\/4-pack-extraljus-nbb225-35w-original\/#breadcrumb\",\"itemListElement\":[{\"@type\":\"ListItem\",\"position\":1,\"name\":\"Hem\",\"item\":\"https:\/\/xenonkungen.com\/\"},{\"@type\":\"ListItem\",\"position\":2,\"name\":\"Shop\",\"item\":\"https:\/\/xenonkungen.com\/shop\/\"},{\"@type\":\"ListItem\",\"position\":3,\"name\":\"4-PACK Extraljus NBB225 35W Original\"}]},{\"@type\":\"WebSite\",\"@id\":\"https:\/\/xenonkungen.com\/#website\",\"url\":\"https:\/\/xenonkungen.com\/\",\"name\":\"Xenonkungen\",\"description\":\"\",\"potentialAction\":[{\"@type\":\"SearchAction\",\"target\":{\"@type\":\"EntryPoint\",\"urlTemplate\":\"https:\/\/xenonkungen.com\/?s={search_term_string}\"},\"query-input\":{\"@type\":\"PropertyValueSpecification\",\"valueRequired\":true,\"valueName\":\"search_term_string\"}}],\"inLanguage\":\"es\"}]}<\/script>\n<!-- \/ Yoast SEO plugin. -->","yoast_head_json":{"title":"PACK DE 4 LUCES AUXILIARES NBB225 35W Original - Xenonkungen","robots":{"index":"index","follow":"follow","max-snippet":"max-snippet:-1","max-image-preview":"max-image-preview:large","max-video-preview":"max-video-preview:-1"},"canonical":"https:\/\/xenonkungen.com\/es\/producto\/paquete-de-4-luces-adicionales-nbb225-35w-originales\/","og_locale":"es_ES","og_type":"article","og_title":"4-PACK Extraljus NBB225 35W Original - Xenonkungen","og_description":"Produktbeskrivning f\u00f6r RAD4 Paketet \u2013 NBB Original 225 LED Utforska kraften i RAD4 Paketet fr\u00e5n NBB Original 225 LED, en optimal l\u00f6sning f\u00f6r din fordonsbelysning. Detta paket \u00e4r idealiskt f\u00f6r f\u00f6rare som kr\u00e4ver stark och p\u00e5litlig belysning under nattk\u00f6rning eller i sv\u00e5ra f\u00f6rh\u00e5llanden. Med fyra h\u00f6gpresterande NBB Original 225 LED extraljus, alla designade med Driving\/Fj\u00e4rr [&hellip;]","og_url":"https:\/\/xenonkungen.com\/es\/producto\/paquete-de-4-luces-adicionales-nbb225-35w-originales\/","og_site_name":"Xenonkungen","article_modified_time":"2026-04-16T02:29:26+00:00","og_image":[{"width":1000,"height":1000,"url":"https:\/\/xenonkungen.com\/wp-content\/uploads\/2025\/05\/178754953-origpic-703a97-1.png","type":"image\/png"}],"twitter_card":"summary_large_image","twitter_misc":{"Tiempo de lectura":"2 minutos"},"schema":{"@context":"https:\/\/schema.org","@graph":[{"@type":"WebPage","@id":"https:\/\/xenonkungen.com\/produkt\/4-pack-extraljus-nbb225-35w-original\/","url":"https:\/\/xenonkungen.com\/produkt\/4-pack-extraljus-nbb225-35w-original\/","name":"PACK DE 4 LUCES AUXILIARES NBB225 35W Original - Xenonkungen","isPartOf":{"@id":"https:\/\/xenonkungen.com\/#website"},"primaryImageOfPage":{"@id":"https:\/\/xenonkungen.com\/produkt\/4-pack-extraljus-nbb225-35w-original\/#primaryimage"},"image":{"@id":"https:\/\/xenonkungen.com\/produkt\/4-pack-extraljus-nbb225-35w-original\/#primaryimage"},"thumbnailUrl":"https:\/\/xenonkungen.com\/wp-content\/uploads\/2025\/05\/178754953-origpic-703a97-1.png","datePublished":"2025-05-20T07:54:15+00:00","dateModified":"2026-04-16T02:29:26+00:00","breadcrumb":{"@id":"https:\/\/xenonkungen.com\/produkt\/4-pack-extraljus-nbb225-35w-original\/#breadcrumb"},"inLanguage":"es","potentialAction":[{"@type":"ReadAction","target":["https:\/\/xenonkungen.com\/produkt\/4-pack-extraljus-nbb225-35w-original\/"]}]},{"@type":"ImageObject","inLanguage":"es","@id":"https:\/\/xenonkungen.com\/produkt\/4-pack-extraljus-nbb225-35w-original\/#primaryimage","url":"https:\/\/xenonkungen.com\/wp-content\/uploads\/2025\/05\/178754953-origpic-703a97-1.png","contentUrl":"https:\/\/xenonkungen.com\/wp-content\/uploads\/2025\/05\/178754953-origpic-703a97-1.png","width":1000,"height":1000},{"@type":"BreadcrumbList","@id":"https:\/\/xenonkungen.com\/produkt\/4-pack-extraljus-nbb225-35w-original\/#breadcrumb","itemListElement":[{"@type":"ListItem","position":1,"name":"Hem","item":"https:\/\/xenonkungen.com\/"},{"@type":"ListItem","position":2,"name":"Shop","item":"https:\/\/xenonkungen.com\/shop\/"},{"@type":"ListItem","position":3,"name":"4-PACK Extraljus NBB225 35W Original"}]},{"@type":"WebSite","@id":"https:\/\/xenonkungen.com\/#website","url":"https:\/\/xenonkungen.com\/","name":"Xenonkungen","description":"","potentialAction":[{"@type":"SearchAction","target":{"@type":"EntryPoint","urlTemplate":"https:\/\/xenonkungen.com\/?s={search_term_string}"},"query-input":{"@type":"PropertyValueSpecification","valueRequired":true,"valueName":"search_term_string"}}],"inLanguage":"es"}]}},"taxonomy_info":{"anvandningsomrade":[{"value":207,"label":"Husbil"},{"value":167,"label":"PERSONBIL"},{"value":1915,"label":"Sk\u00e5pbil"}],"bilmarken":[{"value":168,"label":"Alla"}],"product_brand":[{"value":104,"label":"NBB"}],"product_cat":[{"value":1859,"label":"Extraljuspaket"}],"product_tag":[{"value":2726,"label":"produktpaket"}]},"featured_image_src_large":["https:\/\/xenonkungen.com\/wp-content\/uploads\/2025\/05\/178754953-origpic-703a97-1.png",1000,1000,false],"author_info":[],"comment_info":0,"_links":{"self":[{"href":"https:\/\/xenonkungen.com\/es\/wp-json\/wp\/v2\/product\/9336","targetHints":{"allow":["GET"]}}],"collection":[{"href":"https:\/\/xenonkungen.com\/es\/wp-json\/wp\/v2\/product"}],"about":[{"href":"https:\/\/xenonkungen.com\/es\/wp-json\/wp\/v2\/types\/product"}],"replies":[{"embeddable":true,"href":"https:\/\/xenonkungen.com\/es\/wp-json\/wp\/v2\/comments?post=9336"}],"wp:featuredmedia":[{"embeddable":true,"href":"https:\/\/xenonkungen.com\/es\/wp-json\/wp\/v2\/media\/9899"}],"wp:attachment":[{"href":"https:\/\/xenonkungen.com\/es\/wp-json\/wp\/v2\/media?parent=9336"}],"wp:term":[{"taxonomy":"anvandningsomrade","embeddable":true,"href":"https:\/\/xenonkungen.com\/es\/wp-json\/wp\/v2\/anvandningsomrade?post=9336"},{"taxonomy":"bilmarken","embeddable":true,"href":"https:\/\/xenonkungen.com\/es\/wp-json\/wp\/v2\/bilmarken?post=9336"},{"taxonomy":"product_brand","embeddable":true,"href":"https:\/\/xenonkungen.com\/es\/wp-json\/wp\/v2\/product_brand?post=9336"},{"taxonomy":"product_cat","embeddable":true,"href":"https:\/\/xenonkungen.com\/es\/wp-json\/wp\/v2\/product_cat?post=9336"},{"taxonomy":"product_tag","embeddable":true,"href":"https:\/\/xenonkungen.com\/es\/wp-json\/wp\/v2\/product_tag?post=9336"}],"curies":[{"name":"wp","href":"https:\/\/api.w.org\/{rel}","templated":true}]}}