{"id":950,"date":"2025-04-15T07:56:42","date_gmt":"2025-04-15T07:56:42","guid":{"rendered":"https:\/\/xenonkungen.com\/product\/night-breaker-led-smart-h7-street-legal-2\/"},"modified":"2026-03-04T16:44:23","modified_gmt":"2026-03-04T15:44:23","slug":"night-breaker-led-inteligente-h7-homologado-para-calle-2","status":"publish","type":"product","link":"https:\/\/xenonkungen.com\/es\/producto\/night-breaker-led-inteligente-h7-homologado-para-calle-2\/","title":{"rendered":"NIGHT BREAKER\u00ae LED SMART H7 | Street Legal"},"content":{"rendered":"<h1>Descubre la potencia del nuevo NIGHT BREAKER LED SMART de OSRAM<\/h1>\n<p>\u00a1La nueva generaci\u00f3n de soluciones LED legales para luces altas y bajas! Con un brillo revolucionario, un dise\u00f1o compacto y duradero, y una compatibilidad inigualable, OSRAM establece un nuevo est\u00e1ndar en iluminaci\u00f3n automotriz. Ahora puede reemplazar f\u00e1cilmente sus antiguas bombillas hal\u00f3genas y disfrutar de la moderna tecnolog\u00eda LED dise\u00f1ada para ofrecer rendimiento y estilo.<\/p>\n<h2>\u00bfPor qu\u00e9 elegir NIGHT BREAKER LED SMART?<\/h2>\n<ul>\n<li><strong>Brillo excepcional<\/strong> Experimenta hasta 330 \u00b5m m\u00e1s de luz en comparaci\u00f3n con las bombillas hal\u00f3genas est\u00e1ndar. Con una temperatura de color de hasta 6000 Kelvin, NIGHT BREAKER LED SMART ofrece una luz blanca n\u00edtida que te brinda una experiencia de conducci\u00f3n m\u00e1s segura y con estilo.<\/li>\n<li><strong>Eficiente energ\u00e9ticamente y sostenible<\/strong> Estas l\u00e1mparas LED consumen hasta un 60 % menos de energ\u00eda y tienen una vida \u00fatil hasta seis veces mayor gracias al dise\u00f1o exclusivo resistente a las vibraciones de OSRAM.<\/li>\n<li><strong>M\u00e1s seguras y legales en las carreteras<\/strong> \u2013 Las luces LED inteligentes NIGHT BREAKER est\u00e1n certificadas para su uso en v\u00edas p\u00fablicas y reducen el riesgo de deslumbrar al tr\u00e1fico que viene de frente hasta en un 50 % en comparaci\u00f3n con las l\u00e1mparas tradicionales.<\/li>\n<li><strong>F\u00e1cil instalaci\u00f3n y alta compatibilidad<\/strong> \u2013 Su dise\u00f1o innovador hace que la NIGHT BREAKER LED SMART sea compatible con una amplia gama de veh\u00edculos y se ajuste directamente a la mayor\u00eda de bombillas y casquillos est\u00e1ndar. \u00a1La actualizaci\u00f3n es f\u00e1cil y ofrece resultados inmediatos!<\/li>\n<\/ul>\n<p><strong>Dale a tu coche un toque moderno y un brillo extraordinario con OSRAM NIGHT BREAKER LED SMART.<\/strong> Tecnolog\u00eda innovadora, m\u00e1xima seguridad y dise\u00f1o de primera clase: elige lo mejor para tu veh\u00edculo y convierte cada viaje en una experiencia m\u00e1s brillante.<\/p>\n<h2><a href=\"https:\/\/look.ams-osram.com\/m\/279bdebe1f871386\/original\/led-night-breaker-h7-vehicle-list-en.pdf\" target=\"_blank\" rel=\"noopener\">Ver modelos de coche compatibles aqu\u00ed<\/a><\/h2>","protected":false},"excerpt":{"rendered":"<p>Nueva l\u00e1mpara Street Legal mejorada y m\u00e1s corta.<\/p>","protected":false},"featured_media":934,"comment_status":"closed","ping_status":"closed","template":"","meta":{"_acf_changed":false,"_smort_price_nok":"1917","_smort_price_dkk":"1218","_smort_price_eur":"163.17","_smort_sale_price_nok":"","_smort_sale_price_dkk":"","_smort_sale_price_eur":"","smort_restorder":"","shipmondo_restorder":"","_kad_blocks_custom_css":"","_kad_blocks_head_custom_js":"","_kad_blocks_body_custom_js":"","_kad_blocks_footer_custom_js":"","smort_custom_pricelist_1":"1148.8","smort_custom_pricelist_2":"1005.2","smort_custom_pricelist_3":"933.4","smort_custom_pricelist_4":"1356","smort_custom_pricelist_5":"1005.2"},"anvandningsomrade":[207,167],"bilmarken":[208,220,194,195,209,210,221,196,211,212,222,213,199,223,214,215,201,202,216,203,204,217,218,219,224,205,169],"product_brand":[108],"product_cat":[2633,733,149],"product_tag":[],"class_list":{"0":"post-950","1":"product","2":"type-product","3":"status-publish","4":"has-post-thumbnail","6":"anvandningsomrade-husbil","7":"anvandningsomrade-personbil","8":"bilmarken-abarth","9":"bilmarken-adria","10":"bilmarken-alfa-romeo","11":"bilmarken-audi","12":"bilmarken-bmw","13":"bilmarken-citroen","14":"bilmarken-concord","15":"bilmarken-dacia","16":"bilmarken-fiat","17":"bilmarken-ford","18":"bilmarken-hymer","19":"bilmarken-hyundai","20":"bilmarken-lancia","21":"bilmarken-lmc","22":"bilmarken-man","23":"bilmarken-mercedes-benz","24":"bilmarken-opel","25":"bilmarken-peugeot","26":"bilmarken-porsche","27":"bilmarken-renault","28":"bilmarken-seat","29":"bilmarken-skoda","30":"bilmarken-smart","31":"bilmarken-toyota","32":"bilmarken-trigano","33":"bilmarken-volkswagen","34":"bilmarken-volvo","35":"product_brand-osram","36":"product_cat-osram-ledriving-halvljus-helljus","37":"product_cat-halvljus-helljus","38":"product_cat-helljus","39":"pa_faktisk-effekts-forbrukning-187","40":"pa_fargtemperatur-6000k","41":"pa_godkannande-e-markt-ece-abg","42":"pa_lampsockel-kontakt-h7","43":"pa_volt-v-12-14","45":"first","46":"instock","47":"taxable","48":"shipping-taxable","49":"purchasable","50":"product-type-simple"},"bundled_by":[],"bundle_stock_status":"instock","bundle_stock_quantity":3,"bundle_virtual":false,"bundle_layout":"","bundle_add_to_cart_form_location":"","bundle_editable_in_cart":false,"bundle_sold_individually_context":"","bundle_item_grouping":"","bundle_min_size":"","bundle_max_size":"","bundle_price":[],"bundled_items":[],"bundle_sell_ids":[],"acf":[],"yoast_head":"<!-- This site is optimized with the Yoast SEO plugin v27.0 - https:\/\/yoast.com\/product\/yoast-seo-wordpress\/ -->\n<title>NIGHT BREAKER\u00ae LED SMART H7 | Street Legal - Xenonkungen<\/title>\n<meta name=\"robots\" content=\"index, follow, max-snippet:-1, max-image-preview:large, max-video-preview:-1\" \/>\n<link rel=\"canonical\" href=\"https:\/\/xenonkungen.com\/es\/producto\/night-breaker-led-inteligente-h7-homologado-para-calle-2\/\" \/>\n<meta property=\"og:locale\" content=\"es_ES\" \/>\n<meta property=\"og:type\" content=\"article\" \/>\n<meta property=\"og:title\" content=\"NIGHT BREAKER\u00ae LED SMART H7 | Street Legal - Xenonkungen\" \/>\n<meta property=\"og:description\" content=\"Ny uppgraderad och kortare Street Legal lampa.\" \/>\n<meta property=\"og:url\" content=\"https:\/\/xenonkungen.com\/es\/producto\/night-breaker-led-inteligente-h7-homologado-para-calle-2\/\" \/>\n<meta property=\"og:site_name\" content=\"Xenonkungen\" \/>\n<meta property=\"article:modified_time\" content=\"2026-03-04T15:44:23+00:00\" \/>\n<meta property=\"og:image\" content=\"https:\/\/xenonkungen.com\/wp-content\/uploads\/2025\/04\/216206681-origpic-2a1ff0.jpg\" \/>\n\t<meta property=\"og:image:width\" content=\"1024\" \/>\n\t<meta property=\"og:image:height\" content=\"1024\" \/>\n\t<meta property=\"og:image:type\" content=\"image\/jpeg\" \/>\n<meta name=\"twitter:card\" content=\"summary_large_image\" \/>\n<meta name=\"twitter:label1\" content=\"Tiempo de lectura\" \/>\n\t<meta name=\"twitter:data1\" content=\"2 minutos\" \/>\n<script type=\"application\/ld+json\" class=\"yoast-schema-graph\">{\"@context\":\"https:\/\/schema.org\",\"@graph\":[{\"@type\":\"WebPage\",\"@id\":\"https:\/\/xenonkungen.com\/produkt\/night-breaker-led-smart-h7-street-legal-2\/\",\"url\":\"https:\/\/xenonkungen.com\/produkt\/night-breaker-led-smart-h7-street-legal-2\/\",\"name\":\"NIGHT BREAKER\u00ae LED SMART H7 | Street Legal - Xenonkungen\",\"isPartOf\":{\"@id\":\"https:\/\/xenonkungen.com\/#website\"},\"primaryImageOfPage\":{\"@id\":\"https:\/\/xenonkungen.com\/produkt\/night-breaker-led-smart-h7-street-legal-2\/#primaryimage\"},\"image\":{\"@id\":\"https:\/\/xenonkungen.com\/produkt\/night-breaker-led-smart-h7-street-legal-2\/#primaryimage\"},\"thumbnailUrl\":\"https:\/\/xenonkungen.com\/wp-content\/uploads\/2025\/04\/216206681-origpic-2a1ff0.jpg\",\"datePublished\":\"2025-04-15T07:56:42+00:00\",\"dateModified\":\"2026-03-04T15:44:23+00:00\",\"breadcrumb\":{\"@id\":\"https:\/\/xenonkungen.com\/produkt\/night-breaker-led-smart-h7-street-legal-2\/#breadcrumb\"},\"inLanguage\":\"es\",\"potentialAction\":[{\"@type\":\"ReadAction\",\"target\":[\"https:\/\/xenonkungen.com\/produkt\/night-breaker-led-smart-h7-street-legal-2\/\"]}]},{\"@type\":\"ImageObject\",\"inLanguage\":\"es\",\"@id\":\"https:\/\/xenonkungen.com\/produkt\/night-breaker-led-smart-h7-street-legal-2\/#primaryimage\",\"url\":\"https:\/\/xenonkungen.com\/wp-content\/uploads\/2025\/04\/216206681-origpic-2a1ff0.jpg\",\"contentUrl\":\"https:\/\/xenonkungen.com\/wp-content\/uploads\/2025\/04\/216206681-origpic-2a1ff0.jpg\",\"width\":1024,\"height\":1024},{\"@type\":\"BreadcrumbList\",\"@id\":\"https:\/\/xenonkungen.com\/produkt\/night-breaker-led-smart-h7-street-legal-2\/#breadcrumb\",\"itemListElement\":[{\"@type\":\"ListItem\",\"position\":1,\"name\":\"Hem\",\"item\":\"https:\/\/xenonkungen.com\/\"},{\"@type\":\"ListItem\",\"position\":2,\"name\":\"Shop\",\"item\":\"https:\/\/xenonkungen.com\/shop\/\"},{\"@type\":\"ListItem\",\"position\":3,\"name\":\"NIGHT BREAKER\u00ae LED SMART H7 | Street Legal\"}]},{\"@type\":\"WebSite\",\"@id\":\"https:\/\/xenonkungen.com\/#website\",\"url\":\"https:\/\/xenonkungen.com\/\",\"name\":\"Xenonkungen\",\"description\":\"\",\"potentialAction\":[{\"@type\":\"SearchAction\",\"target\":{\"@type\":\"EntryPoint\",\"urlTemplate\":\"https:\/\/xenonkungen.com\/?s={search_term_string}\"},\"query-input\":{\"@type\":\"PropertyValueSpecification\",\"valueRequired\":true,\"valueName\":\"search_term_string\"}}],\"inLanguage\":\"es\"}]}<\/script>\n<!-- \/ Yoast SEO plugin. -->","yoast_head_json":{"title":"NIGHT BREAKER\u00ae LED SMART H7 | Homologado para circular - El rey del xen\u00f3n","robots":{"index":"index","follow":"follow","max-snippet":"max-snippet:-1","max-image-preview":"max-image-preview:large","max-video-preview":"max-video-preview:-1"},"canonical":"https:\/\/xenonkungen.com\/es\/producto\/night-breaker-led-inteligente-h7-homologado-para-calle-2\/","og_locale":"es_ES","og_type":"article","og_title":"NIGHT BREAKER\u00ae LED SMART H7 | Street Legal - Xenonkungen","og_description":"Ny uppgraderad och kortare Street Legal lampa.","og_url":"https:\/\/xenonkungen.com\/es\/producto\/night-breaker-led-inteligente-h7-homologado-para-calle-2\/","og_site_name":"Xenonkungen","article_modified_time":"2026-03-04T15:44:23+00:00","og_image":[{"width":1024,"height":1024,"url":"https:\/\/xenonkungen.com\/wp-content\/uploads\/2025\/04\/216206681-origpic-2a1ff0.jpg","type":"image\/jpeg"}],"twitter_card":"summary_large_image","twitter_misc":{"Tiempo de lectura":"2 minutos"},"schema":{"@context":"https:\/\/schema.org","@graph":[{"@type":"WebPage","@id":"https:\/\/xenonkungen.com\/produkt\/night-breaker-led-smart-h7-street-legal-2\/","url":"https:\/\/xenonkungen.com\/produkt\/night-breaker-led-smart-h7-street-legal-2\/","name":"NIGHT BREAKER\u00ae LED SMART H7 | Homologado para circular - El rey del xen\u00f3n","isPartOf":{"@id":"https:\/\/xenonkungen.com\/#website"},"primaryImageOfPage":{"@id":"https:\/\/xenonkungen.com\/produkt\/night-breaker-led-smart-h7-street-legal-2\/#primaryimage"},"image":{"@id":"https:\/\/xenonkungen.com\/produkt\/night-breaker-led-smart-h7-street-legal-2\/#primaryimage"},"thumbnailUrl":"https:\/\/xenonkungen.com\/wp-content\/uploads\/2025\/04\/216206681-origpic-2a1ff0.jpg","datePublished":"2025-04-15T07:56:42+00:00","dateModified":"2026-03-04T15:44:23+00:00","breadcrumb":{"@id":"https:\/\/xenonkungen.com\/produkt\/night-breaker-led-smart-h7-street-legal-2\/#breadcrumb"},"inLanguage":"es","potentialAction":[{"@type":"ReadAction","target":["https:\/\/xenonkungen.com\/produkt\/night-breaker-led-smart-h7-street-legal-2\/"]}]},{"@type":"ImageObject","inLanguage":"es","@id":"https:\/\/xenonkungen.com\/produkt\/night-breaker-led-smart-h7-street-legal-2\/#primaryimage","url":"https:\/\/xenonkungen.com\/wp-content\/uploads\/2025\/04\/216206681-origpic-2a1ff0.jpg","contentUrl":"https:\/\/xenonkungen.com\/wp-content\/uploads\/2025\/04\/216206681-origpic-2a1ff0.jpg","width":1024,"height":1024},{"@type":"BreadcrumbList","@id":"https:\/\/xenonkungen.com\/produkt\/night-breaker-led-smart-h7-street-legal-2\/#breadcrumb","itemListElement":[{"@type":"ListItem","position":1,"name":"Hem","item":"https:\/\/xenonkungen.com\/"},{"@type":"ListItem","position":2,"name":"Shop","item":"https:\/\/xenonkungen.com\/shop\/"},{"@type":"ListItem","position":3,"name":"NIGHT BREAKER\u00ae LED SMART H7 | Street Legal"}]},{"@type":"WebSite","@id":"https:\/\/xenonkungen.com\/#website","url":"https:\/\/xenonkungen.com\/","name":"Xenonkungen","description":"","potentialAction":[{"@type":"SearchAction","target":{"@type":"EntryPoint","urlTemplate":"https:\/\/xenonkungen.com\/?s={search_term_string}"},"query-input":{"@type":"PropertyValueSpecification","valueRequired":true,"valueName":"search_term_string"}}],"inLanguage":"es"}]}},"taxonomy_info":{"anvandningsomrade":[{"value":207,"label":"Husbil"},{"value":167,"label":"PERSONBIL"}],"bilmarken":[{"value":208,"label":"Abarth"},{"value":220,"label":"Adria"},{"value":194,"label":"Alfa Romeo"},{"value":195,"label":"Audi"},{"value":209,"label":"BMW"},{"value":210,"label":"Citroen"},{"value":221,"label":"Concord"},{"value":196,"label":"Dacia"},{"value":211,"label":"Fiat"},{"value":212,"label":"Ford"},{"value":222,"label":"Hymer"},{"value":213,"label":"Hyundai"},{"value":199,"label":"Lancia"},{"value":223,"label":"LMC"},{"value":214,"label":"MAN"},{"value":215,"label":"Mercedes-Benz"},{"value":201,"label":"Opel"},{"value":202,"label":"Peugeot"},{"value":216,"label":"Porsche"},{"value":203,"label":"Renault"},{"value":204,"label":"Seat"},{"value":217,"label":"Skoda"},{"value":218,"label":"Smart"},{"value":219,"label":"Toyota"},{"value":224,"label":"Trigano"},{"value":205,"label":"Volkswagen"},{"value":169,"label":"volvo"}],"product_brand":[{"value":108,"label":"OSRAM"}],"product_cat":[{"value":2633,"label":"OSRAM Ledriving"},{"value":733,"label":"Halvljus \/ Helljus"},{"value":149,"label":"Helljus"}],"pa_faktisk-effekts-forbrukning":[{"value":187,"label":"16"}],"pa_fargtemperatur":[{"value":188,"label":"6000K"}],"pa_godkannande":[{"value":299,"label":"E-m\u00e4rkt, ECE, ABG"}],"pa_lampsockel-kontakt":[{"value":206,"label":"H7"}],"pa_volt-v":[{"value":298,"label":"12, 14"}]},"featured_image_src_large":["https:\/\/xenonkungen.com\/wp-content\/uploads\/2025\/04\/216206681-origpic-2a1ff0.jpg",1024,1024,false],"author_info":[],"comment_info":1,"_links":{"self":[{"href":"https:\/\/xenonkungen.com\/es\/wp-json\/wp\/v2\/product\/950","targetHints":{"allow":["GET"]}}],"collection":[{"href":"https:\/\/xenonkungen.com\/es\/wp-json\/wp\/v2\/product"}],"about":[{"href":"https:\/\/xenonkungen.com\/es\/wp-json\/wp\/v2\/types\/product"}],"replies":[{"embeddable":true,"href":"https:\/\/xenonkungen.com\/es\/wp-json\/wp\/v2\/comments?post=950"}],"wp:featuredmedia":[{"embeddable":true,"href":"https:\/\/xenonkungen.com\/es\/wp-json\/wp\/v2\/media\/934"}],"wp:attachment":[{"href":"https:\/\/xenonkungen.com\/es\/wp-json\/wp\/v2\/media?parent=950"}],"wp:term":[{"taxonomy":"anvandningsomrade","embeddable":true,"href":"https:\/\/xenonkungen.com\/es\/wp-json\/wp\/v2\/anvandningsomrade?post=950"},{"taxonomy":"bilmarken","embeddable":true,"href":"https:\/\/xenonkungen.com\/es\/wp-json\/wp\/v2\/bilmarken?post=950"},{"taxonomy":"product_brand","embeddable":true,"href":"https:\/\/xenonkungen.com\/es\/wp-json\/wp\/v2\/product_brand?post=950"},{"taxonomy":"product_cat","embeddable":true,"href":"https:\/\/xenonkungen.com\/es\/wp-json\/wp\/v2\/product_cat?post=950"},{"taxonomy":"product_tag","embeddable":true,"href":"https:\/\/xenonkungen.com\/es\/wp-json\/wp\/v2\/product_tag?post=950"}],"curies":[{"name":"wp","href":"https:\/\/api.w.org\/{rel}","templated":true}]}}