{"id":9505,"date":"2025-05-20T08:00:25","date_gmt":"2025-05-20T08:00:25","guid":{"rendered":"https:\/\/xenonkungen.com\/product\/infallnadspaket-luxtar-twilight\/"},"modified":"2026-05-12T08:31:07","modified_gmt":"2026-05-12T07:31:07","slug":"paquete-de-incidentes-de-crepusculo-de-luxtar","status":"publish","type":"product","link":"https:\/\/xenonkungen.com\/es\/producto\/paquete-de-incidentes-de-crepusculo-de-luxtar\/","title":{"rendered":"Kit de montaje empotrado Luxtar Twilight"},"content":{"rendered":"<h2>Paquete empotrable Luxtar Twilight: Iluminaci\u00f3n potente de calidad superior<\/h2>\n<p>Lleve la iluminaci\u00f3n de su coche al siguiente nivel con <strong>Kit de montaje empotrado Luxtar Twilight<\/strong>. Con una impresionante potencia de 300 W y la friolera de 18.140 l\u00famenes, este paquete ofrece una visibilidad excepcional incluso en las condiciones m\u00e1s dif\u00edciles. La luminosidad alcanza 1 lux a una distancia de 794 metros y est\u00e1 certificada seg\u00fan la norma R112 para una conducci\u00f3n m\u00e1s segura, lo que significa 1 lux incluso a 430 metros.<\/p>\n<h3>El paquete incluye:<\/h3>\n<ul>\n<li><strong>Luxtar Soporte Pasamanos Twilight | Negro | Acero Inoxidable<\/strong><br \/>\nUn soporte de acero inoxidable elegante y resistente a la intemperie. El elegante acabado en negro proporciona resistencia y un montaje discreto que se adapta a cualquier veh\u00edculo.<\/li>\n<li><strong>Kit Cable Rel\u00e9 Luxtar DTP-4 X1 | Rel\u00e9 12V 80A<\/strong><br \/>\nUn juego de cables robusto y fiable, dise\u00f1ado para soportar 80 A, que garantiza una transferencia de corriente estable y un funcionamiento seguro de su sistema de iluminaci\u00f3n.<\/li>\n<\/ul>\n<p>Este kit empotrable es perfecto para quienes buscan una combinaci\u00f3n de brillo potente, durabilidad y una instalaci\u00f3n segura, todo ello para disfrutar de una experiencia de conducci\u00f3n superior en cualquier condici\u00f3n meteorol\u00f3gica.<\/p>","protected":false},"excerpt":{"rendered":"<p>Inf\u00e4llnadspaket Luxtar Twilight \u2013 Kraftfull Belysning med Premiumkvalitet Ta din bils belysning till n\u00e4sta niv\u00e5 med Inf\u00e4llnadspaket Luxtar Twilight. Med en imponerande effekt p\u00e5 300W och hela 18 140 lumen erbjuder detta paket enast\u00e5ende sikt \u00e4ven under de mest utmanande f\u00f6rh\u00e5llanden. Ljusstyrkan n\u00e5r 1 lux vid hela 794 meters avst\u00e5nd och \u00e4r certifierad enligt R112-standard [&hellip;]<\/p>","protected":false},"featured_media":10033,"comment_status":"closed","ping_status":"closed","template":"","meta":{"_acf_changed":false,"_smort_price_nok":"5015","_smort_price_dkk":"3186","_smort_price_eur":"426.8","_smort_sale_price_nok":"","_smort_sale_price_dkk":"","_smort_sale_price_eur":"","smort_restorder":"","shipmondo_restorder":"","_kad_blocks_custom_css":"","_kad_blocks_head_custom_js":"","_kad_blocks_body_custom_js":"","_kad_blocks_footer_custom_js":"","smort_custom_pricelist_1":"3004.8","smort_custom_pricelist_2":"2629.2","smort_custom_pricelist_3":"2441.4","smort_custom_pricelist_4":"3756","smort_custom_pricelist_5":"2629.2"},"anvandningsomrade":[207,166,167,1915],"bilmarken":[168],"product_brand":[103],"product_cat":[2539,2826,2542,18,20,2159,1916],"product_tag":[2726],"class_list":{"0":"post-9505","1":"product","2":"type-product","3":"status-publish","4":"has-post-thumbnail","6":"anvandningsomrade-husbil","7":"anvandningsomrade-lastbil","8":"anvandningsomrade-personbil","9":"anvandningsomrade-skapbil","10":"bilmarken-alla","11":"product_brand-luxtar","12":"product_cat-ledramper","13":"product_cat-luxtar","14":"product_cat-luxtar-twilight-ledramper","15":"product_cat-led-ramper-ljusramper","16":"product_cat-luxtar-twilight-led-ramper-ljusramper","17":"product_cat-luxtar-twilight","18":"product_cat-ledrampspaket","19":"product_tag-produktpaket","20":"pa_faktisk-effekts-forbrukning-153","21":"pa_fargtemperatur-5000k","22":"pa_fuktskydd-varde-ipxx-ip69k","23":"pa_godkannande-e-godkand-r112-r10-r148-r149","24":"pa_lampsockel-kontakt-dtp-4","25":"pa_led-chips-effekt-w-152","26":"pa_ljusbild-driving","27":"pa_storlek-mm-508x45x65","28":"pa_stromforbrukning-207a-137v","29":"pa_volt-v-9-12-24-32","31":"first","32":"instock","33":"taxable","34":"shipping-taxable","35":"purchasable","36":"product-type-bundle"},"bundled_by":[],"bundle_stock_status":"insufficientstock","bundle_stock_quantity":0,"bundle_virtual":false,"bundle_layout":"default","bundle_add_to_cart_form_location":"default","bundle_editable_in_cart":false,"bundle_sold_individually_context":"product","bundle_item_grouping":"parent","bundle_min_size":"","bundle_max_size":"","bundle_price":{"price":{"min":{"incl_tax":"426.78","excl_tax":"341.42351748"},"max":{"incl_tax":"426.78","excl_tax":"341.42351748"}},"regular_price":{"min":{"incl_tax":"426.78","excl_tax":"341.42351748"},"max":{"incl_tax":"426.78","excl_tax":"341.42351748"}}},"bundled_items":[{"bundled_item_id":272,"product_id":944,"menu_order":0,"quantity_min":1,"quantity_max":1,"quantity_default":1,"priced_individually":false,"shipped_individually":false,"override_title":false,"title":"LUXTAR Crep\u00fasculo | 300W","override_description":false,"description":"","optional":false,"hide_thumbnail":false,"discount":"","override_variations":false,"allowed_variations":[],"override_default_variation_attributes":false,"default_variation_attributes":[],"single_product_visibility":"visible","cart_visibility":"visible","order_visibility":"visible","single_product_price_visibility":"visible","cart_price_visibility":"visible","order_price_visibility":"visible","stock_status":"in_stock"},{"bundled_item_id":273,"product_id":1069,"menu_order":1,"quantity_min":1,"quantity_max":1,"quantity_default":1,"priced_individually":false,"shipped_individually":false,"override_title":false,"title":"Luxtar Juego de cables de rel\u00e9 DTP-4 X1 12V 80A Rel\u00e9","override_description":false,"description":"","optional":false,"hide_thumbnail":false,"discount":"","override_variations":false,"allowed_variations":[],"override_default_variation_attributes":false,"default_variation_attributes":[],"single_product_visibility":"visible","cart_visibility":"visible","order_visibility":"visible","single_product_price_visibility":"visible","cart_price_visibility":"visible","order_price_visibility":"visible","stock_status":"on_backorder"},{"bundled_item_id":274,"product_id":2765,"menu_order":2,"quantity_min":1,"quantity_max":1,"quantity_default":1,"priced_individually":false,"shipped_individually":false,"override_title":false,"title":"Luxtar Twilight Led Ramp Bracket | Negro | RF","override_description":false,"description":"","optional":false,"hide_thumbnail":false,"discount":"","override_variations":false,"allowed_variations":[],"override_default_variation_attributes":false,"default_variation_attributes":[],"single_product_visibility":"visible","cart_visibility":"visible","order_visibility":"visible","single_product_price_visibility":"visible","cart_price_visibility":"visible","order_price_visibility":"visible","stock_status":"out_of_stock"}],"bundle_sell_ids":[],"acf":[],"yoast_head":"<!-- This site is optimized with the Yoast SEO plugin v27.0 - https:\/\/yoast.com\/product\/yoast-seo-wordpress\/ -->\n<title>Inf\u00e4llnadspaket Luxtar Twilight - Xenonkungen<\/title>\n<meta name=\"robots\" content=\"index, follow, max-snippet:-1, max-image-preview:large, max-video-preview:-1\" \/>\n<link rel=\"canonical\" href=\"https:\/\/xenonkungen.com\/es\/producto\/paquete-de-incidentes-de-crepusculo-de-luxtar\/\" \/>\n<meta property=\"og:locale\" content=\"es_ES\" \/>\n<meta property=\"og:type\" content=\"article\" \/>\n<meta property=\"og:title\" content=\"Inf\u00e4llnadspaket Luxtar Twilight - Xenonkungen\" \/>\n<meta property=\"og:description\" content=\"Inf\u00e4llnadspaket Luxtar Twilight \u2013 Kraftfull Belysning med Premiumkvalitet Ta din bils belysning till n\u00e4sta niv\u00e5 med Inf\u00e4llnadspaket Luxtar Twilight. Med en imponerande effekt p\u00e5 300W och hela 18 140 lumen erbjuder detta paket enast\u00e5ende sikt \u00e4ven under de mest utmanande f\u00f6rh\u00e5llanden. Ljusstyrkan n\u00e5r 1 lux vid hela 794 meters avst\u00e5nd och \u00e4r certifierad enligt R112-standard [&hellip;]\" \/>\n<meta property=\"og:url\" content=\"https:\/\/xenonkungen.com\/es\/producto\/paquete-de-incidentes-de-crepusculo-de-luxtar\/\" \/>\n<meta property=\"og:site_name\" content=\"Xenonkungen\" \/>\n<meta property=\"article:modified_time\" content=\"2026-05-12T07:31:07+00:00\" \/>\n<meta property=\"og:image\" content=\"https:\/\/xenonkungen.com\/wp-content\/uploads\/2025\/05\/216090563-origpic-c0539e-1.jpg\" \/>\n\t<meta property=\"og:image:width\" content=\"1920\" \/>\n\t<meta property=\"og:image:height\" content=\"1103\" \/>\n\t<meta property=\"og:image:type\" content=\"image\/jpeg\" \/>\n<meta name=\"twitter:card\" content=\"summary_large_image\" \/>\n<meta name=\"twitter:label1\" content=\"Tiempo de lectura\" \/>\n\t<meta name=\"twitter:data1\" content=\"1 minuto\" \/>\n<script type=\"application\/ld+json\" class=\"yoast-schema-graph\">{\"@context\":\"https:\/\/schema.org\",\"@graph\":[{\"@type\":\"WebPage\",\"@id\":\"https:\/\/xenonkungen.com\/produkt\/infallnadspaket-luxtar-twilight\/\",\"url\":\"https:\/\/xenonkungen.com\/produkt\/infallnadspaket-luxtar-twilight\/\",\"name\":\"Inf\u00e4llnadspaket Luxtar Twilight - Xenonkungen\",\"isPartOf\":{\"@id\":\"https:\/\/xenonkungen.com\/#website\"},\"primaryImageOfPage\":{\"@id\":\"https:\/\/xenonkungen.com\/produkt\/infallnadspaket-luxtar-twilight\/#primaryimage\"},\"image\":{\"@id\":\"https:\/\/xenonkungen.com\/produkt\/infallnadspaket-luxtar-twilight\/#primaryimage\"},\"thumbnailUrl\":\"https:\/\/xenonkungen.com\/wp-content\/uploads\/2025\/05\/216090563-origpic-c0539e-1.jpg\",\"datePublished\":\"2025-05-20T08:00:25+00:00\",\"dateModified\":\"2026-05-12T07:31:07+00:00\",\"breadcrumb\":{\"@id\":\"https:\/\/xenonkungen.com\/produkt\/infallnadspaket-luxtar-twilight\/#breadcrumb\"},\"inLanguage\":\"es\",\"potentialAction\":[{\"@type\":\"ReadAction\",\"target\":[\"https:\/\/xenonkungen.com\/produkt\/infallnadspaket-luxtar-twilight\/\"]}]},{\"@type\":\"ImageObject\",\"inLanguage\":\"es\",\"@id\":\"https:\/\/xenonkungen.com\/produkt\/infallnadspaket-luxtar-twilight\/#primaryimage\",\"url\":\"https:\/\/xenonkungen.com\/wp-content\/uploads\/2025\/05\/216090563-origpic-c0539e-1.jpg\",\"contentUrl\":\"https:\/\/xenonkungen.com\/wp-content\/uploads\/2025\/05\/216090563-origpic-c0539e-1.jpg\",\"width\":1920,\"height\":1103},{\"@type\":\"BreadcrumbList\",\"@id\":\"https:\/\/xenonkungen.com\/produkt\/infallnadspaket-luxtar-twilight\/#breadcrumb\",\"itemListElement\":[{\"@type\":\"ListItem\",\"position\":1,\"name\":\"Hem\",\"item\":\"https:\/\/xenonkungen.com\/\"},{\"@type\":\"ListItem\",\"position\":2,\"name\":\"Shop\",\"item\":\"https:\/\/xenonkungen.com\/shop\/\"},{\"@type\":\"ListItem\",\"position\":3,\"name\":\"Inf\u00e4llnadspaket Luxtar Twilight\"}]},{\"@type\":\"WebSite\",\"@id\":\"https:\/\/xenonkungen.com\/#website\",\"url\":\"https:\/\/xenonkungen.com\/\",\"name\":\"Xenonkungen\",\"description\":\"\",\"potentialAction\":[{\"@type\":\"SearchAction\",\"target\":{\"@type\":\"EntryPoint\",\"urlTemplate\":\"https:\/\/xenonkungen.com\/?s={search_term_string}\"},\"query-input\":{\"@type\":\"PropertyValueSpecification\",\"valueRequired\":true,\"valueName\":\"search_term_string\"}}],\"inLanguage\":\"es\"}]}<\/script>\n<!-- \/ Yoast SEO plugin. -->","yoast_head_json":{"title":"Paquete empotrado Luxtar Twilight - Xenonkungen","robots":{"index":"index","follow":"follow","max-snippet":"max-snippet:-1","max-image-preview":"max-image-preview:large","max-video-preview":"max-video-preview:-1"},"canonical":"https:\/\/xenonkungen.com\/es\/producto\/paquete-de-incidentes-de-crepusculo-de-luxtar\/","og_locale":"es_ES","og_type":"article","og_title":"Inf\u00e4llnadspaket Luxtar Twilight - Xenonkungen","og_description":"Inf\u00e4llnadspaket Luxtar Twilight \u2013 Kraftfull Belysning med Premiumkvalitet Ta din bils belysning till n\u00e4sta niv\u00e5 med Inf\u00e4llnadspaket Luxtar Twilight. Med en imponerande effekt p\u00e5 300W och hela 18 140 lumen erbjuder detta paket enast\u00e5ende sikt \u00e4ven under de mest utmanande f\u00f6rh\u00e5llanden. Ljusstyrkan n\u00e5r 1 lux vid hela 794 meters avst\u00e5nd och \u00e4r certifierad enligt R112-standard [&hellip;]","og_url":"https:\/\/xenonkungen.com\/es\/producto\/paquete-de-incidentes-de-crepusculo-de-luxtar\/","og_site_name":"Xenonkungen","article_modified_time":"2026-05-12T07:31:07+00:00","og_image":[{"width":1920,"height":1103,"url":"https:\/\/xenonkungen.com\/wp-content\/uploads\/2025\/05\/216090563-origpic-c0539e-1.jpg","type":"image\/jpeg"}],"twitter_card":"summary_large_image","twitter_misc":{"Tiempo de lectura":"1 minuto"},"schema":{"@context":"https:\/\/schema.org","@graph":[{"@type":"WebPage","@id":"https:\/\/xenonkungen.com\/produkt\/infallnadspaket-luxtar-twilight\/","url":"https:\/\/xenonkungen.com\/produkt\/infallnadspaket-luxtar-twilight\/","name":"Paquete empotrado Luxtar Twilight - Xenonkungen","isPartOf":{"@id":"https:\/\/xenonkungen.com\/#website"},"primaryImageOfPage":{"@id":"https:\/\/xenonkungen.com\/produkt\/infallnadspaket-luxtar-twilight\/#primaryimage"},"image":{"@id":"https:\/\/xenonkungen.com\/produkt\/infallnadspaket-luxtar-twilight\/#primaryimage"},"thumbnailUrl":"https:\/\/xenonkungen.com\/wp-content\/uploads\/2025\/05\/216090563-origpic-c0539e-1.jpg","datePublished":"2025-05-20T08:00:25+00:00","dateModified":"2026-05-12T07:31:07+00:00","breadcrumb":{"@id":"https:\/\/xenonkungen.com\/produkt\/infallnadspaket-luxtar-twilight\/#breadcrumb"},"inLanguage":"es","potentialAction":[{"@type":"ReadAction","target":["https:\/\/xenonkungen.com\/produkt\/infallnadspaket-luxtar-twilight\/"]}]},{"@type":"ImageObject","inLanguage":"es","@id":"https:\/\/xenonkungen.com\/produkt\/infallnadspaket-luxtar-twilight\/#primaryimage","url":"https:\/\/xenonkungen.com\/wp-content\/uploads\/2025\/05\/216090563-origpic-c0539e-1.jpg","contentUrl":"https:\/\/xenonkungen.com\/wp-content\/uploads\/2025\/05\/216090563-origpic-c0539e-1.jpg","width":1920,"height":1103},{"@type":"BreadcrumbList","@id":"https:\/\/xenonkungen.com\/produkt\/infallnadspaket-luxtar-twilight\/#breadcrumb","itemListElement":[{"@type":"ListItem","position":1,"name":"Hem","item":"https:\/\/xenonkungen.com\/"},{"@type":"ListItem","position":2,"name":"Shop","item":"https:\/\/xenonkungen.com\/shop\/"},{"@type":"ListItem","position":3,"name":"Inf\u00e4llnadspaket Luxtar Twilight"}]},{"@type":"WebSite","@id":"https:\/\/xenonkungen.com\/#website","url":"https:\/\/xenonkungen.com\/","name":"Xenonkungen","description":"","potentialAction":[{"@type":"SearchAction","target":{"@type":"EntryPoint","urlTemplate":"https:\/\/xenonkungen.com\/?s={search_term_string}"},"query-input":{"@type":"PropertyValueSpecification","valueRequired":true,"valueName":"search_term_string"}}],"inLanguage":"es"}]}},"taxonomy_info":{"anvandningsomrade":[{"value":207,"label":"Husbil"},{"value":166,"label":"Lastbil"},{"value":167,"label":"PERSONBIL"},{"value":1915,"label":"Sk\u00e5pbil"}],"bilmarken":[{"value":168,"label":"Alla"}],"product_brand":[{"value":103,"label":"LUXTAR"}],"product_cat":[{"value":2539,"label":"LEDRAMPER"},{"value":2826,"label":"LUXTAR"},{"value":2542,"label":"Luxtar Twilight"},{"value":18,"label":"LED Ramper \/ Ljusramper"},{"value":20,"label":"Luxtar Twilight"},{"value":2159,"label":"LUXTAR Twilight"},{"value":1916,"label":"Ledrampspaket"}],"product_tag":[{"value":2726,"label":"produktpaket"}],"pa_faktisk-effekts-forbrukning":[{"value":153,"label":"284"}],"pa_fargtemperatur":[{"value":154,"label":"5000K"}],"pa_fuktskydd-varde-ipxx":[{"value":155,"label":"IP69K"}],"pa_godkannande":[{"value":297,"label":"E-godk\u00e4nd, R112, R10, R148, R149"}],"pa_lampsockel-kontakt":[{"value":358,"label":"DTP-4"}],"pa_led-chips-effekt-w":[{"value":152,"label":"300"}],"pa_ljusbild":[{"value":178,"label":"Driving"}],"pa_storlek-mm":[{"value":151,"label":"508x45x65"}],"pa_stromforbrukning":[{"value":162,"label":"20,7A @13,7V"}],"pa_volt-v":[{"value":2186,"label":"9, 12, 24, 32"}]},"featured_image_src_large":["https:\/\/xenonkungen.com\/wp-content\/uploads\/2025\/05\/216090563-origpic-c0539e-1-1024x588.jpg",1024,588,true],"author_info":[],"comment_info":2,"_links":{"self":[{"href":"https:\/\/xenonkungen.com\/es\/wp-json\/wp\/v2\/product\/9505","targetHints":{"allow":["GET"]}}],"collection":[{"href":"https:\/\/xenonkungen.com\/es\/wp-json\/wp\/v2\/product"}],"about":[{"href":"https:\/\/xenonkungen.com\/es\/wp-json\/wp\/v2\/types\/product"}],"replies":[{"embeddable":true,"href":"https:\/\/xenonkungen.com\/es\/wp-json\/wp\/v2\/comments?post=9505"}],"wp:featuredmedia":[{"embeddable":true,"href":"https:\/\/xenonkungen.com\/es\/wp-json\/wp\/v2\/media\/10033"}],"wp:attachment":[{"href":"https:\/\/xenonkungen.com\/es\/wp-json\/wp\/v2\/media?parent=9505"}],"wp:term":[{"taxonomy":"anvandningsomrade","embeddable":true,"href":"https:\/\/xenonkungen.com\/es\/wp-json\/wp\/v2\/anvandningsomrade?post=9505"},{"taxonomy":"bilmarken","embeddable":true,"href":"https:\/\/xenonkungen.com\/es\/wp-json\/wp\/v2\/bilmarken?post=9505"},{"taxonomy":"product_brand","embeddable":true,"href":"https:\/\/xenonkungen.com\/es\/wp-json\/wp\/v2\/product_brand?post=9505"},{"taxonomy":"product_cat","embeddable":true,"href":"https:\/\/xenonkungen.com\/es\/wp-json\/wp\/v2\/product_cat?post=9505"},{"taxonomy":"product_tag","embeddable":true,"href":"https:\/\/xenonkungen.com\/es\/wp-json\/wp\/v2\/product_tag?post=9505"}],"curies":[{"name":"wp","href":"https:\/\/api.w.org\/{rel}","templated":true}]}}