{"id":9586,"date":"2025-05-20T08:02:21","date_gmt":"2025-05-20T08:02:21","guid":{"rendered":"https:\/\/xenonkungen.com\/product\/optibeam-super-captain-dual-rage-paket\/"},"modified":"2026-05-13T16:00:38","modified_gmt":"2026-05-13T15:00:38","slug":"paquete-optibeam-super-captain-dual-rage","status":"publish","type":"product","link":"https:\/\/xenonkungen.com\/es\/producto\/paquete-optibeam-super-captain-dual-rage\/","title":{"rendered":"Paquete Optibeam Super Captain Dual Rage"},"content":{"rendered":"<h1><strong>Optibeam Super Capit\u00e1n Dual 600 Rage<\/strong><\/h1>\n<p>Descubre un nuevo nivel de iluminaci\u00f3n con la Optibeam Super Captain Dual 600 Rage: una barra de luces LED que redefine la potencia y el rendimiento. Con unos incre\u00edbles 27\u00a0000 l\u00famenes efectivos, disfrutar\u00e1s de una luminosidad inigualable que har\u00e1 que cada viaje sea m\u00e1s seguro y c\u00f3modo, independientemente de las condiciones.<\/p>\n<p><strong>Brillo excepcional:<\/strong> La barra de luces Optibeam Super Captain Dual 600 Rage ofrece 27\u00a0000 l\u00famenes, proporcion\u00e1ndote una visibilidad excepcional incluso en los entornos m\u00e1s oscuros. Tanto si te desplazas por bosques densos, trabajas en una obra o conduces fuera de carretera, esta barra de luces iluminar\u00e1 tu camino con una precisi\u00f3n n\u00edtida.<\/p>\n<p><strong>Dise\u00f1ado para condiciones extremas:<\/strong> Con su construcci\u00f3n robusta y componentes de alta calidad, el Super Captain Dual 600 Rage est\u00e1 dise\u00f1ado para resistir las condiciones m\u00e1s exigentes. Es la opci\u00f3n perfecta tanto para usuarios profesionales como para entusiastas aventureros que buscan un rendimiento fiable.<\/p>\n<p><strong>Estilo y funci\u00f3n:<\/strong> Su dise\u00f1o moderno y elegante no solo mejora la visibilidad de tu veh\u00edculo, sino que tambi\u00e9n le da un aspecto renovado. Dale un toque especial a tu coche con una barra de luces que combina funcionalidad y est\u00e9tica a la perfecci\u00f3n.<\/p>\n<p><strong>Perfecto para cualquier entorno:<\/strong> Tanto para uso privado como comercial, la Optibeam Super Captain Dual 600 Rage es la opci\u00f3n ideal. Est\u00e1 dise\u00f1ada para ofrecer un rendimiento \u00f3ptimo en cualquier entorno y uso, convirti\u00e9ndola en un elemento indispensable para su veh\u00edculo.<\/p>\n<p>Invierte en una barra de luces que combine un brillo, una durabilidad y un estilo inigualables. \u00a1Elige la Optibeam Super Captain Dual 600 Rage y experimenta la diferencia!<\/p>\n<h2>Todo para una instalaci\u00f3n sencilla<\/h2>\n<p>El Optibeam Super Captain Dual Rage viene completo con todo lo necesario para su instalaci\u00f3n. El paquete incluye el dongle XBB + unidad de alimentaci\u00f3n, cableado y soporte. Tambi\u00e9n incluye soportes de montaje resistentes y un cable de instalaci\u00f3n de 2,2 metros para una instalaci\u00f3n sencilla y sin complicaciones en diversos veh\u00edculos.<\/p>\n<h2>\u00cdndice<\/h2>\n<ul>\n<li>161101-2 x 1<\/li>\n<li>103179XR x 1<\/li>\n<li>103179 x 1<\/li>\n<li>21815837 x 1<\/li>\n<li>TD1605-NS2089 x 1<\/li>\n<\/ul>","protected":false},"excerpt":{"rendered":"<p>Nuestro modelo estrella, el Rage, es la luz LED m\u00e1s potente de su categor\u00eda en el mercado. Con un alcance excepcional de 1 lux a 1300 metros, es la opci\u00f3n preferida de Xenon King para quienes buscan una iluminaci\u00f3n puntual y un alcance de visi\u00f3n realmente largo.<\/p>","protected":false},"featured_media":10098,"comment_status":"closed","ping_status":"closed","template":"","meta":{"_acf_changed":false,"_smort_price_nok":"10147","_smort_price_dkk":"6446","_smort_price_eur":"863.6","_smort_sale_price_nok":"","_smort_sale_price_dkk":"","_smort_sale_price_eur":"","smort_restorder":"","shipmondo_restorder":"","_kad_blocks_custom_css":"","_kad_blocks_head_custom_js":"","_kad_blocks_body_custom_js":"","_kad_blocks_footer_custom_js":"","smort_custom_pricelist_1":"6080","smort_custom_pricelist_2":"6080","smort_custom_pricelist_3":"6080","smort_custom_pricelist_4":"7600","smort_custom_pricelist_5":"5320"},"anvandningsomrade":[207,166,167,1915],"bilmarken":[168],"product_brand":[107],"product_cat":[2164,1916],"product_tag":[2726],"class_list":{"0":"post-9586","1":"product","2":"type-product","3":"status-publish","4":"has-post-thumbnail","6":"anvandningsomrade-husbil","7":"anvandningsomrade-lastbil","8":"anvandningsomrade-personbil","9":"anvandningsomrade-skapbil","10":"bilmarken-alla","11":"product_brand-optibeam","12":"product_cat-optibeam-super-captain","13":"product_cat-ledrampspaket","14":"product_tag-produktpaket","15":"pa_faktisk-effekts-forbrukning-1518","16":"pa_fargtemperatur-6000k","17":"pa_fuktskydd-varde-ipxx-ip68","18":"pa_lampsockel-kontakt-open-wire","19":"pa_led-chips-effekt-w-1517","20":"pa_ljusbild-spot","21":"pa_storlek-mm-535x68x80","22":"pa_stromforbrukning-30a-137v","23":"pa_volt-v-9-12-24-32-36","25":"first","26":"outofstock","27":"taxable","28":"shipping-taxable","29":"purchasable","30":"product-type-bundle"},"bundled_by":[],"bundle_stock_status":"outofstock","bundle_stock_quantity":0,"bundle_virtual":false,"bundle_layout":"default","bundle_add_to_cart_form_location":"default","bundle_editable_in_cart":false,"bundle_sold_individually_context":"product","bundle_item_grouping":"parent","bundle_min_size":"","bundle_max_size":"","bundle_price":{"price":{"min":{"incl_tax":"863.56","excl_tax":"690.846308"},"max":{"incl_tax":"863.56","excl_tax":"690.846308"}},"regular_price":{"min":{"incl_tax":"863.56","excl_tax":"690.846308"},"max":{"incl_tax":"863.56","excl_tax":"690.846308"}}},"bundled_items":[{"bundled_item_id":340,"product_id":4937,"menu_order":0,"quantity_min":1,"quantity_max":1,"quantity_default":1,"priced_individually":false,"shipped_individually":false,"override_title":false,"title":"OPTIBEAM Rampa LED Super Capit\u00e1n Dual Rage","override_description":false,"description":"","optional":false,"hide_thumbnail":false,"discount":"","override_variations":false,"allowed_variations":[],"override_default_variation_attributes":false,"default_variation_attributes":[],"single_product_visibility":"visible","cart_visibility":"visible","order_visibility":"visible","single_product_price_visibility":"visible","cart_price_visibility":"visible","order_price_visibility":"visible","stock_status":"on_backorder"},{"bundled_item_id":341,"product_id":1067,"menu_order":1,"quantity_min":1,"quantity_max":1,"quantity_default":1,"priced_individually":false,"shipped_individually":false,"override_title":false,"title":"Luxtar Juego de cables de rel\u00e9 DT-4 X1 12V 80A Rel\u00e9","override_description":false,"description":"","optional":false,"hide_thumbnail":false,"discount":"","override_variations":false,"allowed_variations":[],"override_default_variation_attributes":false,"default_variation_attributes":[],"single_product_visibility":"visible","cart_visibility":"visible","order_visibility":"visible","single_product_price_visibility":"visible","cart_price_visibility":"visible","order_price_visibility":"visible","stock_status":"in_stock"},{"bundled_item_id":342,"product_id":3043,"menu_order":2,"quantity_min":1,"quantity_max":1,"quantity_default":1,"priced_individually":false,"shipped_individually":false,"override_title":false,"title":"Soporte de luz adicional para 2 x 225mm|9\".","override_description":false,"description":"","optional":false,"hide_thumbnail":false,"discount":"","override_variations":false,"allowed_variations":[],"override_default_variation_attributes":false,"default_variation_attributes":[],"single_product_visibility":"visible","cart_visibility":"visible","order_visibility":"visible","single_product_price_visibility":"visible","cart_price_visibility":"visible","order_price_visibility":"visible","stock_status":"on_backorder"},{"bundled_item_id":343,"product_id":1538,"menu_order":3,"quantity_min":1,"quantity_max":1,"quantity_default":1,"priced_individually":false,"shipped_individually":false,"override_title":false,"title":"XBB OBD-II Dongle + PowerUnit","override_description":false,"description":"","optional":false,"hide_thumbnail":false,"discount":"","override_variations":false,"allowed_variations":[],"override_default_variation_attributes":false,"default_variation_attributes":[],"single_product_visibility":"visible","cart_visibility":"visible","order_visibility":"visible","single_product_price_visibility":"visible","cart_price_visibility":"visible","order_price_visibility":"visible","stock_status":"on_backorder"},{"bundled_item_id":344,"product_id":2603,"menu_order":4,"quantity_min":1,"quantity_max":1,"quantity_default":1,"priced_individually":false,"shipped_individually":false,"override_title":false,"title":"Juego de cables para la unidad de alimentaci\u00f3n XBB","override_description":false,"description":"","optional":false,"hide_thumbnail":false,"discount":"","override_variations":false,"allowed_variations":[],"override_default_variation_attributes":false,"default_variation_attributes":[],"single_product_visibility":"visible","cart_visibility":"visible","order_visibility":"visible","single_product_price_visibility":"visible","cart_price_visibility":"visible","order_price_visibility":"visible","stock_status":"on_backorder"}],"bundle_sell_ids":[],"acf":[],"yoast_head":"<!-- This site is optimized with the Yoast SEO plugin v27.0 - https:\/\/yoast.com\/product\/yoast-seo-wordpress\/ -->\n<title>Optibeam Super Captain Dual Rage Paket - Xenonkungen<\/title>\n<meta name=\"robots\" content=\"index, follow, max-snippet:-1, max-image-preview:large, max-video-preview:-1\" \/>\n<link rel=\"canonical\" href=\"https:\/\/xenonkungen.com\/es\/producto\/paquete-optibeam-super-captain-dual-rage\/\" \/>\n<meta property=\"og:locale\" content=\"es_ES\" \/>\n<meta property=\"og:type\" content=\"article\" \/>\n<meta property=\"og:title\" content=\"Optibeam Super Captain Dual Rage Paket - Xenonkungen\" \/>\n<meta property=\"og:description\" content=\"V\u00e5r flaggskeppsmodell, Rage-modellen, \u00e4r marknadens mest kraftfulla ledramp i sin storleksklass. Med en enast\u00e5ende r\u00e4ckvidd p\u00e5 1 lux p\u00e5 1300 meter, \u00e4r detta Xenonkungens favoritval f\u00f6r dig som s\u00f6ker spot och riktigt l\u00e5ng siktl\u00e4ngd.\" \/>\n<meta property=\"og:url\" content=\"https:\/\/xenonkungen.com\/es\/producto\/paquete-optibeam-super-captain-dual-rage\/\" \/>\n<meta property=\"og:site_name\" content=\"Xenonkungen\" \/>\n<meta property=\"article:modified_time\" content=\"2026-05-13T15:00:38+00:00\" \/>\n<meta property=\"og:image\" content=\"https:\/\/xenonkungen.com\/wp-content\/uploads\/2025\/05\/213625277-origpic-a81680-1.png\" \/>\n\t<meta property=\"og:image:width\" content=\"1000\" \/>\n\t<meta property=\"og:image:height\" content=\"1000\" \/>\n\t<meta property=\"og:image:type\" content=\"image\/png\" \/>\n<meta name=\"twitter:card\" content=\"summary_large_image\" \/>\n<meta name=\"twitter:label1\" content=\"Tiempo de lectura\" \/>\n\t<meta name=\"twitter:data1\" content=\"2 minutos\" \/>\n<script type=\"application\/ld+json\" class=\"yoast-schema-graph\">{\"@context\":\"https:\/\/schema.org\",\"@graph\":[{\"@type\":\"WebPage\",\"@id\":\"https:\/\/xenonkungen.com\/produkt\/optibeam-super-captain-dual-rage-paket\/\",\"url\":\"https:\/\/xenonkungen.com\/produkt\/optibeam-super-captain-dual-rage-paket\/\",\"name\":\"Optibeam Super Captain Dual Rage Paket - Xenonkungen\",\"isPartOf\":{\"@id\":\"https:\/\/xenonkungen.com\/#website\"},\"primaryImageOfPage\":{\"@id\":\"https:\/\/xenonkungen.com\/produkt\/optibeam-super-captain-dual-rage-paket\/#primaryimage\"},\"image\":{\"@id\":\"https:\/\/xenonkungen.com\/produkt\/optibeam-super-captain-dual-rage-paket\/#primaryimage\"},\"thumbnailUrl\":\"https:\/\/xenonkungen.com\/wp-content\/uploads\/2025\/05\/213625277-origpic-a81680-1.png\",\"datePublished\":\"2025-05-20T08:02:21+00:00\",\"dateModified\":\"2026-05-13T15:00:38+00:00\",\"breadcrumb\":{\"@id\":\"https:\/\/xenonkungen.com\/produkt\/optibeam-super-captain-dual-rage-paket\/#breadcrumb\"},\"inLanguage\":\"es\",\"potentialAction\":[{\"@type\":\"ReadAction\",\"target\":[\"https:\/\/xenonkungen.com\/produkt\/optibeam-super-captain-dual-rage-paket\/\"]}]},{\"@type\":\"ImageObject\",\"inLanguage\":\"es\",\"@id\":\"https:\/\/xenonkungen.com\/produkt\/optibeam-super-captain-dual-rage-paket\/#primaryimage\",\"url\":\"https:\/\/xenonkungen.com\/wp-content\/uploads\/2025\/05\/213625277-origpic-a81680-1.png\",\"contentUrl\":\"https:\/\/xenonkungen.com\/wp-content\/uploads\/2025\/05\/213625277-origpic-a81680-1.png\",\"width\":1000,\"height\":1000},{\"@type\":\"BreadcrumbList\",\"@id\":\"https:\/\/xenonkungen.com\/produkt\/optibeam-super-captain-dual-rage-paket\/#breadcrumb\",\"itemListElement\":[{\"@type\":\"ListItem\",\"position\":1,\"name\":\"Hem\",\"item\":\"https:\/\/xenonkungen.com\/\"},{\"@type\":\"ListItem\",\"position\":2,\"name\":\"Shop\",\"item\":\"https:\/\/xenonkungen.com\/shop\/\"},{\"@type\":\"ListItem\",\"position\":3,\"name\":\"Optibeam Super Captain Dual Rage Paket\"}]},{\"@type\":\"WebSite\",\"@id\":\"https:\/\/xenonkungen.com\/#website\",\"url\":\"https:\/\/xenonkungen.com\/\",\"name\":\"Xenonkungen\",\"description\":\"\",\"potentialAction\":[{\"@type\":\"SearchAction\",\"target\":{\"@type\":\"EntryPoint\",\"urlTemplate\":\"https:\/\/xenonkungen.com\/?s={search_term_string}\"},\"query-input\":{\"@type\":\"PropertyValueSpecification\",\"valueRequired\":true,\"valueName\":\"search_term_string\"}}],\"inLanguage\":\"es\"}]}<\/script>\n<!-- \/ Yoast SEO plugin. -->","yoast_head_json":{"title":"Paquete Optibeam Super Captain Dual Rage: El Rey Xen\u00f3n","robots":{"index":"index","follow":"follow","max-snippet":"max-snippet:-1","max-image-preview":"max-image-preview:large","max-video-preview":"max-video-preview:-1"},"canonical":"https:\/\/xenonkungen.com\/es\/producto\/paquete-optibeam-super-captain-dual-rage\/","og_locale":"es_ES","og_type":"article","og_title":"Optibeam Super Captain Dual Rage Paket - Xenonkungen","og_description":"V\u00e5r flaggskeppsmodell, Rage-modellen, \u00e4r marknadens mest kraftfulla ledramp i sin storleksklass. Med en enast\u00e5ende r\u00e4ckvidd p\u00e5 1 lux p\u00e5 1300 meter, \u00e4r detta Xenonkungens favoritval f\u00f6r dig som s\u00f6ker spot och riktigt l\u00e5ng siktl\u00e4ngd.","og_url":"https:\/\/xenonkungen.com\/es\/producto\/paquete-optibeam-super-captain-dual-rage\/","og_site_name":"Xenonkungen","article_modified_time":"2026-05-13T15:00:38+00:00","og_image":[{"width":1000,"height":1000,"url":"https:\/\/xenonkungen.com\/wp-content\/uploads\/2025\/05\/213625277-origpic-a81680-1.png","type":"image\/png"}],"twitter_card":"summary_large_image","twitter_misc":{"Tiempo de lectura":"2 minutos"},"schema":{"@context":"https:\/\/schema.org","@graph":[{"@type":"WebPage","@id":"https:\/\/xenonkungen.com\/produkt\/optibeam-super-captain-dual-rage-paket\/","url":"https:\/\/xenonkungen.com\/produkt\/optibeam-super-captain-dual-rage-paket\/","name":"Paquete Optibeam Super Captain Dual Rage: El Rey Xen\u00f3n","isPartOf":{"@id":"https:\/\/xenonkungen.com\/#website"},"primaryImageOfPage":{"@id":"https:\/\/xenonkungen.com\/produkt\/optibeam-super-captain-dual-rage-paket\/#primaryimage"},"image":{"@id":"https:\/\/xenonkungen.com\/produkt\/optibeam-super-captain-dual-rage-paket\/#primaryimage"},"thumbnailUrl":"https:\/\/xenonkungen.com\/wp-content\/uploads\/2025\/05\/213625277-origpic-a81680-1.png","datePublished":"2025-05-20T08:02:21+00:00","dateModified":"2026-05-13T15:00:38+00:00","breadcrumb":{"@id":"https:\/\/xenonkungen.com\/produkt\/optibeam-super-captain-dual-rage-paket\/#breadcrumb"},"inLanguage":"es","potentialAction":[{"@type":"ReadAction","target":["https:\/\/xenonkungen.com\/produkt\/optibeam-super-captain-dual-rage-paket\/"]}]},{"@type":"ImageObject","inLanguage":"es","@id":"https:\/\/xenonkungen.com\/produkt\/optibeam-super-captain-dual-rage-paket\/#primaryimage","url":"https:\/\/xenonkungen.com\/wp-content\/uploads\/2025\/05\/213625277-origpic-a81680-1.png","contentUrl":"https:\/\/xenonkungen.com\/wp-content\/uploads\/2025\/05\/213625277-origpic-a81680-1.png","width":1000,"height":1000},{"@type":"BreadcrumbList","@id":"https:\/\/xenonkungen.com\/produkt\/optibeam-super-captain-dual-rage-paket\/#breadcrumb","itemListElement":[{"@type":"ListItem","position":1,"name":"Hem","item":"https:\/\/xenonkungen.com\/"},{"@type":"ListItem","position":2,"name":"Shop","item":"https:\/\/xenonkungen.com\/shop\/"},{"@type":"ListItem","position":3,"name":"Optibeam Super Captain Dual Rage Paket"}]},{"@type":"WebSite","@id":"https:\/\/xenonkungen.com\/#website","url":"https:\/\/xenonkungen.com\/","name":"Xenonkungen","description":"","potentialAction":[{"@type":"SearchAction","target":{"@type":"EntryPoint","urlTemplate":"https:\/\/xenonkungen.com\/?s={search_term_string}"},"query-input":{"@type":"PropertyValueSpecification","valueRequired":true,"valueName":"search_term_string"}}],"inLanguage":"es"}]}},"taxonomy_info":{"anvandningsomrade":[{"value":207,"label":"Husbil"},{"value":166,"label":"Lastbil"},{"value":167,"label":"PERSONBIL"},{"value":1915,"label":"Sk\u00e5pbil"}],"bilmarken":[{"value":168,"label":"Alla"}],"product_brand":[{"value":107,"label":"Optibeam"}],"product_cat":[{"value":2164,"label":"OPTIBEAM Super Captain"},{"value":1916,"label":"Ledrampspaket"}],"product_tag":[{"value":2726,"label":"produktpaket"}],"pa_faktisk-effekts-forbrukning":[{"value":1518,"label":"411"}],"pa_fargtemperatur":[{"value":188,"label":"6000K"}],"pa_fuktskydd-varde-ipxx":[{"value":177,"label":"IP68"}],"pa_lampsockel-kontakt":[{"value":324,"label":"Open Wire"}],"pa_led-chips-effekt-w":[{"value":1517,"label":"600"}],"pa_ljusbild":[{"value":1177,"label":"Spot"}],"pa_storlek-mm":[{"value":2218,"label":"535x68x80"}],"pa_stromforbrukning":[{"value":1519,"label":"30A @ 13,7V"}],"pa_volt-v":[{"value":2219,"label":"9, 12, 24, 32, 36"}]},"featured_image_src_large":["https:\/\/xenonkungen.com\/wp-content\/uploads\/2025\/05\/213625277-origpic-a81680-1.png",1000,1000,false],"author_info":[],"comment_info":0,"_links":{"self":[{"href":"https:\/\/xenonkungen.com\/es\/wp-json\/wp\/v2\/product\/9586","targetHints":{"allow":["GET"]}}],"collection":[{"href":"https:\/\/xenonkungen.com\/es\/wp-json\/wp\/v2\/product"}],"about":[{"href":"https:\/\/xenonkungen.com\/es\/wp-json\/wp\/v2\/types\/product"}],"replies":[{"embeddable":true,"href":"https:\/\/xenonkungen.com\/es\/wp-json\/wp\/v2\/comments?post=9586"}],"wp:featuredmedia":[{"embeddable":true,"href":"https:\/\/xenonkungen.com\/es\/wp-json\/wp\/v2\/media\/10098"}],"wp:attachment":[{"href":"https:\/\/xenonkungen.com\/es\/wp-json\/wp\/v2\/media?parent=9586"}],"wp:term":[{"taxonomy":"anvandningsomrade","embeddable":true,"href":"https:\/\/xenonkungen.com\/es\/wp-json\/wp\/v2\/anvandningsomrade?post=9586"},{"taxonomy":"bilmarken","embeddable":true,"href":"https:\/\/xenonkungen.com\/es\/wp-json\/wp\/v2\/bilmarken?post=9586"},{"taxonomy":"product_brand","embeddable":true,"href":"https:\/\/xenonkungen.com\/es\/wp-json\/wp\/v2\/product_brand?post=9586"},{"taxonomy":"product_cat","embeddable":true,"href":"https:\/\/xenonkungen.com\/es\/wp-json\/wp\/v2\/product_cat?post=9586"},{"taxonomy":"product_tag","embeddable":true,"href":"https:\/\/xenonkungen.com\/es\/wp-json\/wp\/v2\/product_tag?post=9586"}],"curies":[{"name":"wp","href":"https:\/\/api.w.org\/{rel}","templated":true}]}}