{"id":9608,"date":"2025-05-20T08:04:14","date_gmt":"2025-05-20T08:04:14","guid":{"rendered":"https:\/\/xenonkungen.com\/product\/optibeam-super-captain-dual-600-paket\/"},"modified":"2026-04-19T07:14:28","modified_gmt":"2026-04-19T06:14:28","slug":"paquete-optibeam-super-captain-dual-600","status":"publish","type":"product","link":"https:\/\/xenonkungen.com\/es\/producto\/paquete-optibeam-super-captain-dual-600\/","title":{"rendered":"Paquete Optibeam Super Captain Dual 600"},"content":{"rendered":"<h1>Optibeam Super Captain Dual 600 con DRL - Rendimiento excepcional para una conducci\u00f3n sobresaliente<\/h1>\n<p>El Optibeam Super Captain Dual 600 con DRL es la elecci\u00f3n para aquellos que buscan una iluminaci\u00f3n superior y seguridad en la carretera. Con una impresionante luminosidad de 19.896 l\u00famenes reales, esta l\u00e1mpara proporciona una salida de luz \u00f3ptima y convierte su conducci\u00f3n nocturna en una experiencia agradable.<\/p>\n<h2>Dise\u00f1o compatible y flexible<\/h2>\n<p>Esta luz est\u00e1 equipada con una funci\u00f3n de doble subida y una elegante luz de posici\u00f3n (DRL) que puede ajustarse entre \u00e1mbar o blanco, lo que le proporciona estilo y versatilidad. Gracias a su dise\u00f1o elegante y sin marco, as\u00ed como a la homologaci\u00f3n de e-marking y de v\u00eda p\u00fablica, est\u00e1 preparada para su instalaci\u00f3n en una gran variedad de veh\u00edculos.<\/p>\n<h2>Todo lo que necesita para la instalaci\u00f3n<\/h2>\n<p>Gracias a los resistentes soportes de montaje y al cable de instalaci\u00f3n de 2,2 metros, el proceso de instalaci\u00f3n es sencillo y sin complicaciones. El XBB Dongle+Powerunit incluido tambi\u00e9n simplifica la instalaci\u00f3n incluso en los coches m\u00e1s nuevos, lo que convierte a este paquete en la elecci\u00f3n perfecta para quienes valoran la calidad y la fiabilidad en la iluminaci\u00f3n de su veh\u00edculo.<\/p>\n<h2>\u00cdndice<\/h2>\n<ul>\n<li>161101-2 x 1<\/li>\n<li>103179XR x 1<\/li>\n<li>103179 x 1<\/li>\n<li>21815837 x 1<\/li>\n<li>TD1605-NS2085 x 1<\/li>\n<p>Actualice la iluminaci\u00f3n de su veh\u00edculo al siguiente nivel con el Optibeam Super Captain Dual 600 con DRL y obtenga una soluci\u00f3n fiable y duradera para su conducci\u00f3n.<\/p>","protected":false},"excerpt":{"rendered":"<p>Optibeam Super Captain Dual 600 med DRL &#8211; Exceptionell Prestanda f\u00f6r Enast\u00e5ende K\u00f6rning Optibeam Super Captain Dual 600 med DRL \u00e4r valet f\u00f6r dig som s\u00f6ker \u00f6verl\u00e4gsen belysning och s\u00e4kerhet p\u00e5 v\u00e4gen. Med en imponerande ljusstyrka p\u00e5 \u00e4kta 19 896 lumen, ger denna lampa en optimal ljusbild och f\u00f6rvandlar din kv\u00e4llsk\u00f6rning till en behaglig upplevelse. [&hellip;]<\/p>","protected":false},"featured_media":10117,"comment_status":"closed","ping_status":"open","template":"","meta":{"_acf_changed":false,"_smort_price_nok":"7365","_smort_price_dkk":"4679","_smort_price_eur":"626.79","_smort_sale_price_nok":"","_smort_sale_price_dkk":"","_smort_sale_price_eur":"","smort_restorder":"","shipmondo_restorder":"","_kad_blocks_custom_css":"","_kad_blocks_head_custom_js":"","_kad_blocks_body_custom_js":"","_kad_blocks_footer_custom_js":"","smort_custom_pricelist_1":"4964.4","smort_custom_pricelist_2":"4137","smort_custom_pricelist_3":"4137","smort_custom_pricelist_4":"5516","smort_custom_pricelist_5":"4137"},"anvandningsomrade":[207,166,167,1915],"bilmarken":[168],"product_brand":[107],"product_cat":[2164,1916],"product_tag":[2726],"class_list":{"0":"post-9608","1":"product","2":"type-product","3":"status-publish","4":"has-post-thumbnail","6":"anvandningsomrade-husbil","7":"anvandningsomrade-lastbil","8":"anvandningsomrade-personbil","9":"anvandningsomrade-skapbil","10":"bilmarken-alla","11":"product_brand-optibeam","12":"product_cat-optibeam-super-captain","13":"product_cat-ledrampspaket","14":"product_tag-produktpaket","15":"pa_faktisk-effekts-forbrukning-1500","16":"pa_fargtemperatur-5000k","17":"pa_fuktskydd-varde-ipxx-ip68","18":"pa_godkannande-e-godkand-r112-r10-ref-50","19":"pa_lampsockel-kontakt-dtp-4","20":"pa_led-chips-effekt-w-1499","21":"pa_ljusbild-driving","22":"pa_storlek-mm-525x68x80","23":"pa_stromforbrukning-1565a-137v","24":"pa_volt-v-9-12-24-32-36","26":"first","27":"onbackorder","28":"taxable","29":"shipping-taxable","30":"purchasable","31":"product-type-bundle"},"bundled_by":[],"bundle_stock_status":"instock","bundle_stock_quantity":"","bundle_virtual":false,"bundle_layout":"default","bundle_add_to_cart_form_location":"default","bundle_editable_in_cart":false,"bundle_sold_individually_context":"product","bundle_item_grouping":"parent","bundle_min_size":"","bundle_max_size":"","bundle_price":{"price":{"min":{"incl_tax":"626.76","excl_tax":"501.40897828"},"max":{"incl_tax":"626.76","excl_tax":"501.40897828"}},"regular_price":{"min":{"incl_tax":"626.76","excl_tax":"501.40897828"},"max":{"incl_tax":"626.76","excl_tax":"501.40897828"}}},"bundled_items":[{"bundled_item_id":356,"product_id":4905,"menu_order":0,"quantity_min":1,"quantity_max":1,"quantity_default":1,"priced_individually":false,"shipped_individually":false,"override_title":false,"title":"","override_description":false,"description":"","optional":false,"hide_thumbnail":false,"discount":null,"override_variations":false,"allowed_variations":[],"override_default_variation_attributes":false,"default_variation_attributes":[],"single_product_visibility":"visible","cart_visibility":"visible","order_visibility":"visible","single_product_price_visibility":"visible","cart_price_visibility":"visible","order_price_visibility":"visible","stock_status":"on_backorder"},{"bundled_item_id":357,"product_id":3205,"menu_order":0,"quantity_min":1,"quantity_max":1,"quantity_default":1,"priced_individually":false,"shipped_individually":false,"override_title":false,"title":"","override_description":false,"description":"","optional":false,"hide_thumbnail":false,"discount":null,"override_variations":false,"allowed_variations":[],"override_default_variation_attributes":false,"default_variation_attributes":[],"single_product_visibility":"visible","cart_visibility":"visible","order_visibility":"visible","single_product_price_visibility":"visible","cart_price_visibility":"visible","order_price_visibility":"visible","stock_status":"in_stock"},{"bundled_item_id":358,"product_id":3043,"menu_order":0,"quantity_min":1,"quantity_max":1,"quantity_default":1,"priced_individually":false,"shipped_individually":false,"override_title":false,"title":"","override_description":false,"description":"","optional":false,"hide_thumbnail":false,"discount":null,"override_variations":false,"allowed_variations":[],"override_default_variation_attributes":false,"default_variation_attributes":[],"single_product_visibility":"visible","cart_visibility":"visible","order_visibility":"visible","single_product_price_visibility":"visible","cart_price_visibility":"visible","order_price_visibility":"visible","stock_status":"on_backorder"},{"bundled_item_id":359,"product_id":1538,"menu_order":0,"quantity_min":1,"quantity_max":1,"quantity_default":1,"priced_individually":false,"shipped_individually":false,"override_title":false,"title":"","override_description":false,"description":"","optional":false,"hide_thumbnail":false,"discount":null,"override_variations":false,"allowed_variations":[],"override_default_variation_attributes":false,"default_variation_attributes":[],"single_product_visibility":"visible","cart_visibility":"visible","order_visibility":"visible","single_product_price_visibility":"visible","cart_price_visibility":"visible","order_price_visibility":"visible","stock_status":"on_backorder"},{"bundled_item_id":360,"product_id":2603,"menu_order":0,"quantity_min":1,"quantity_max":1,"quantity_default":1,"priced_individually":false,"shipped_individually":false,"override_title":false,"title":"","override_description":false,"description":"","optional":false,"hide_thumbnail":false,"discount":null,"override_variations":false,"allowed_variations":[],"override_default_variation_attributes":false,"default_variation_attributes":[],"single_product_visibility":"visible","cart_visibility":"visible","order_visibility":"visible","single_product_price_visibility":"visible","cart_price_visibility":"visible","order_price_visibility":"visible","stock_status":"on_backorder"}],"bundle_sell_ids":[],"acf":[],"yoast_head":"<!-- This site is optimized with the Yoast SEO plugin v27.0 - https:\/\/yoast.com\/product\/yoast-seo-wordpress\/ -->\n<title>Optibeam Super Captain Dual 600 Paket - Xenonkungen<\/title>\n<meta name=\"robots\" content=\"index, follow, max-snippet:-1, max-image-preview:large, max-video-preview:-1\" \/>\n<link rel=\"canonical\" href=\"https:\/\/xenonkungen.com\/es\/producto\/paquete-optibeam-super-captain-dual-600\/\" \/>\n<meta property=\"og:locale\" content=\"es_ES\" \/>\n<meta property=\"og:type\" content=\"article\" \/>\n<meta property=\"og:title\" content=\"Optibeam Super Captain Dual 600 Paket - Xenonkungen\" \/>\n<meta property=\"og:description\" content=\"Optibeam Super Captain Dual 600 med DRL &#8211; Exceptionell Prestanda f\u00f6r Enast\u00e5ende K\u00f6rning Optibeam Super Captain Dual 600 med DRL \u00e4r valet f\u00f6r dig som s\u00f6ker \u00f6verl\u00e4gsen belysning och s\u00e4kerhet p\u00e5 v\u00e4gen. Med en imponerande ljusstyrka p\u00e5 \u00e4kta 19 896 lumen, ger denna lampa en optimal ljusbild och f\u00f6rvandlar din kv\u00e4llsk\u00f6rning till en behaglig upplevelse. [&hellip;]\" \/>\n<meta property=\"og:url\" content=\"https:\/\/xenonkungen.com\/es\/producto\/paquete-optibeam-super-captain-dual-600\/\" \/>\n<meta property=\"og:site_name\" content=\"Xenonkungen\" \/>\n<meta property=\"article:modified_time\" content=\"2026-04-19T06:14:28+00:00\" \/>\n<meta property=\"og:image\" content=\"https:\/\/xenonkungen.com\/wp-content\/uploads\/2025\/05\/211570811-origpic-7ab805-1.png\" \/>\n\t<meta property=\"og:image:width\" content=\"1000\" \/>\n\t<meta property=\"og:image:height\" content=\"264\" \/>\n\t<meta property=\"og:image:type\" content=\"image\/png\" \/>\n<meta name=\"twitter:card\" content=\"summary_large_image\" \/>\n<meta name=\"twitter:label1\" content=\"Tiempo de lectura\" \/>\n\t<meta name=\"twitter:data1\" content=\"1 minuto\" \/>\n<script type=\"application\/ld+json\" class=\"yoast-schema-graph\">{\"@context\":\"https:\/\/schema.org\",\"@graph\":[{\"@type\":\"WebPage\",\"@id\":\"https:\/\/xenonkungen.com\/produkt\/optibeam-super-captain-dual-600-paket\/\",\"url\":\"https:\/\/xenonkungen.com\/produkt\/optibeam-super-captain-dual-600-paket\/\",\"name\":\"Optibeam Super Captain Dual 600 Paket - Xenonkungen\",\"isPartOf\":{\"@id\":\"https:\/\/xenonkungen.com\/#website\"},\"primaryImageOfPage\":{\"@id\":\"https:\/\/xenonkungen.com\/produkt\/optibeam-super-captain-dual-600-paket\/#primaryimage\"},\"image\":{\"@id\":\"https:\/\/xenonkungen.com\/produkt\/optibeam-super-captain-dual-600-paket\/#primaryimage\"},\"thumbnailUrl\":\"https:\/\/xenonkungen.com\/wp-content\/uploads\/2025\/05\/211570811-origpic-7ab805-1.png\",\"datePublished\":\"2025-05-20T08:04:14+00:00\",\"dateModified\":\"2026-04-19T06:14:28+00:00\",\"breadcrumb\":{\"@id\":\"https:\/\/xenonkungen.com\/produkt\/optibeam-super-captain-dual-600-paket\/#breadcrumb\"},\"inLanguage\":\"es\",\"potentialAction\":[{\"@type\":\"ReadAction\",\"target\":[\"https:\/\/xenonkungen.com\/produkt\/optibeam-super-captain-dual-600-paket\/\"]}]},{\"@type\":\"ImageObject\",\"inLanguage\":\"es\",\"@id\":\"https:\/\/xenonkungen.com\/produkt\/optibeam-super-captain-dual-600-paket\/#primaryimage\",\"url\":\"https:\/\/xenonkungen.com\/wp-content\/uploads\/2025\/05\/211570811-origpic-7ab805-1.png\",\"contentUrl\":\"https:\/\/xenonkungen.com\/wp-content\/uploads\/2025\/05\/211570811-origpic-7ab805-1.png\",\"width\":1000,\"height\":264},{\"@type\":\"BreadcrumbList\",\"@id\":\"https:\/\/xenonkungen.com\/produkt\/optibeam-super-captain-dual-600-paket\/#breadcrumb\",\"itemListElement\":[{\"@type\":\"ListItem\",\"position\":1,\"name\":\"Hem\",\"item\":\"https:\/\/xenonkungen.com\/\"},{\"@type\":\"ListItem\",\"position\":2,\"name\":\"Shop\",\"item\":\"https:\/\/xenonkungen.com\/shop\/\"},{\"@type\":\"ListItem\",\"position\":3,\"name\":\"Optibeam Super Captain Dual 600 Paket\"}]},{\"@type\":\"WebSite\",\"@id\":\"https:\/\/xenonkungen.com\/#website\",\"url\":\"https:\/\/xenonkungen.com\/\",\"name\":\"Xenonkungen\",\"description\":\"\",\"potentialAction\":[{\"@type\":\"SearchAction\",\"target\":{\"@type\":\"EntryPoint\",\"urlTemplate\":\"https:\/\/xenonkungen.com\/?s={search_term_string}\"},\"query-input\":{\"@type\":\"PropertyValueSpecification\",\"valueRequired\":true,\"valueName\":\"search_term_string\"}}],\"inLanguage\":\"es\"}]}<\/script>\n<!-- \/ Yoast SEO plugin. -->","yoast_head_json":{"title":"Paquete Optibeam Super Captain Dual 600: el rey del xen\u00f3n","robots":{"index":"index","follow":"follow","max-snippet":"max-snippet:-1","max-image-preview":"max-image-preview:large","max-video-preview":"max-video-preview:-1"},"canonical":"https:\/\/xenonkungen.com\/es\/producto\/paquete-optibeam-super-captain-dual-600\/","og_locale":"es_ES","og_type":"article","og_title":"Optibeam Super Captain Dual 600 Paket - Xenonkungen","og_description":"Optibeam Super Captain Dual 600 med DRL &#8211; Exceptionell Prestanda f\u00f6r Enast\u00e5ende K\u00f6rning Optibeam Super Captain Dual 600 med DRL \u00e4r valet f\u00f6r dig som s\u00f6ker \u00f6verl\u00e4gsen belysning och s\u00e4kerhet p\u00e5 v\u00e4gen. Med en imponerande ljusstyrka p\u00e5 \u00e4kta 19 896 lumen, ger denna lampa en optimal ljusbild och f\u00f6rvandlar din kv\u00e4llsk\u00f6rning till en behaglig upplevelse. [&hellip;]","og_url":"https:\/\/xenonkungen.com\/es\/producto\/paquete-optibeam-super-captain-dual-600\/","og_site_name":"Xenonkungen","article_modified_time":"2026-04-19T06:14:28+00:00","og_image":[{"width":1000,"height":264,"url":"https:\/\/xenonkungen.com\/wp-content\/uploads\/2025\/05\/211570811-origpic-7ab805-1.png","type":"image\/png"}],"twitter_card":"summary_large_image","twitter_misc":{"Tiempo de lectura":"1 minuto"},"schema":{"@context":"https:\/\/schema.org","@graph":[{"@type":"WebPage","@id":"https:\/\/xenonkungen.com\/produkt\/optibeam-super-captain-dual-600-paket\/","url":"https:\/\/xenonkungen.com\/produkt\/optibeam-super-captain-dual-600-paket\/","name":"Paquete Optibeam Super Captain Dual 600: el rey del xen\u00f3n","isPartOf":{"@id":"https:\/\/xenonkungen.com\/#website"},"primaryImageOfPage":{"@id":"https:\/\/xenonkungen.com\/produkt\/optibeam-super-captain-dual-600-paket\/#primaryimage"},"image":{"@id":"https:\/\/xenonkungen.com\/produkt\/optibeam-super-captain-dual-600-paket\/#primaryimage"},"thumbnailUrl":"https:\/\/xenonkungen.com\/wp-content\/uploads\/2025\/05\/211570811-origpic-7ab805-1.png","datePublished":"2025-05-20T08:04:14+00:00","dateModified":"2026-04-19T06:14:28+00:00","breadcrumb":{"@id":"https:\/\/xenonkungen.com\/produkt\/optibeam-super-captain-dual-600-paket\/#breadcrumb"},"inLanguage":"es","potentialAction":[{"@type":"ReadAction","target":["https:\/\/xenonkungen.com\/produkt\/optibeam-super-captain-dual-600-paket\/"]}]},{"@type":"ImageObject","inLanguage":"es","@id":"https:\/\/xenonkungen.com\/produkt\/optibeam-super-captain-dual-600-paket\/#primaryimage","url":"https:\/\/xenonkungen.com\/wp-content\/uploads\/2025\/05\/211570811-origpic-7ab805-1.png","contentUrl":"https:\/\/xenonkungen.com\/wp-content\/uploads\/2025\/05\/211570811-origpic-7ab805-1.png","width":1000,"height":264},{"@type":"BreadcrumbList","@id":"https:\/\/xenonkungen.com\/produkt\/optibeam-super-captain-dual-600-paket\/#breadcrumb","itemListElement":[{"@type":"ListItem","position":1,"name":"Hem","item":"https:\/\/xenonkungen.com\/"},{"@type":"ListItem","position":2,"name":"Shop","item":"https:\/\/xenonkungen.com\/shop\/"},{"@type":"ListItem","position":3,"name":"Optibeam Super Captain Dual 600 Paket"}]},{"@type":"WebSite","@id":"https:\/\/xenonkungen.com\/#website","url":"https:\/\/xenonkungen.com\/","name":"Xenonkungen","description":"","potentialAction":[{"@type":"SearchAction","target":{"@type":"EntryPoint","urlTemplate":"https:\/\/xenonkungen.com\/?s={search_term_string}"},"query-input":{"@type":"PropertyValueSpecification","valueRequired":true,"valueName":"search_term_string"}}],"inLanguage":"es"}]}},"taxonomy_info":{"anvandningsomrade":[{"value":207,"label":"Husbil"},{"value":166,"label":"Lastbil"},{"value":167,"label":"PERSONBIL"},{"value":1915,"label":"Sk\u00e5pbil"}],"bilmarken":[{"value":168,"label":"Alla"}],"product_brand":[{"value":107,"label":"Optibeam"}],"product_cat":[{"value":2164,"label":"OPTIBEAM Super Captain"},{"value":1916,"label":"Ledrampspaket"}],"product_tag":[{"value":2726,"label":"produktpaket"}],"pa_faktisk-effekts-forbrukning":[{"value":1500,"label":"214"}],"pa_fargtemperatur":[{"value":154,"label":"5000K"}],"pa_fuktskydd-varde-ipxx":[{"value":177,"label":"IP68"}],"pa_godkannande":[{"value":1503,"label":"E-godk\u00e4nd (R112, R10,) ref.50"}],"pa_lampsockel-kontakt":[{"value":358,"label":"DTP-4"}],"pa_led-chips-effekt-w":[{"value":1499,"label":"288"}],"pa_ljusbild":[{"value":178,"label":"Driving"}],"pa_storlek-mm":[{"value":2226,"label":"525x68x80"}],"pa_stromforbrukning":[{"value":1501,"label":"15,65A @ 13,7V"}],"pa_volt-v":[{"value":2219,"label":"9, 12, 24, 32, 36"}]},"featured_image_src_large":["https:\/\/xenonkungen.com\/wp-content\/uploads\/2025\/05\/211570811-origpic-7ab805-1.png",1000,264,false],"author_info":[],"comment_info":0,"_links":{"self":[{"href":"https:\/\/xenonkungen.com\/es\/wp-json\/wp\/v2\/product\/9608","targetHints":{"allow":["GET"]}}],"collection":[{"href":"https:\/\/xenonkungen.com\/es\/wp-json\/wp\/v2\/product"}],"about":[{"href":"https:\/\/xenonkungen.com\/es\/wp-json\/wp\/v2\/types\/product"}],"replies":[{"embeddable":true,"href":"https:\/\/xenonkungen.com\/es\/wp-json\/wp\/v2\/comments?post=9608"}],"wp:featuredmedia":[{"embeddable":true,"href":"https:\/\/xenonkungen.com\/es\/wp-json\/wp\/v2\/media\/10117"}],"wp:attachment":[{"href":"https:\/\/xenonkungen.com\/es\/wp-json\/wp\/v2\/media?parent=9608"}],"wp:term":[{"taxonomy":"anvandningsomrade","embeddable":true,"href":"https:\/\/xenonkungen.com\/es\/wp-json\/wp\/v2\/anvandningsomrade?post=9608"},{"taxonomy":"bilmarken","embeddable":true,"href":"https:\/\/xenonkungen.com\/es\/wp-json\/wp\/v2\/bilmarken?post=9608"},{"taxonomy":"product_brand","embeddable":true,"href":"https:\/\/xenonkungen.com\/es\/wp-json\/wp\/v2\/product_brand?post=9608"},{"taxonomy":"product_cat","embeddable":true,"href":"https:\/\/xenonkungen.com\/es\/wp-json\/wp\/v2\/product_cat?post=9608"},{"taxonomy":"product_tag","embeddable":true,"href":"https:\/\/xenonkungen.com\/es\/wp-json\/wp\/v2\/product_tag?post=9608"}],"curies":[{"name":"wp","href":"https:\/\/api.w.org\/{rel}","templated":true}]}}