{"id":9684,"date":"2025-05-20T08:06:03","date_gmt":"2025-05-20T08:06:03","guid":{"rendered":"https:\/\/xenonkungen.com\/product\/tvattpaketet-boris\/"},"modified":"2026-04-17T12:24:44","modified_gmt":"2026-04-17T11:24:44","slug":"paquete-de-lavanderia-boris","status":"publish","type":"product","link":"https:\/\/xenonkungen.com\/es\/producto\/paquete-de-lavanderia-boris\/","title":{"rendered":"Paquete de lavander\u00eda BORIS"},"content":{"rendered":"<h1>Paquete de lavander\u00eda BORIS<\/h1>\n<p>El pack del ganador, que tambi\u00e9n lleva el nombre de la persona elegida por tener la propuesta ganadora del concurso. <strong>Lo \u00faltimo en cuidado del autom\u00f3vil<\/strong>. Nos sentimos como Boris al saber que este kit de cuidado del autom\u00f3vil contiene justo lo que necesitas para dejar tu veh\u00edculo reluciente.<\/p>\n<p>Todas las piezas del paquete son productos de Meguiar's.<\/p>\n<p>El paquete incluye:<\/p>\n<p><strong>Champ\u00fa Meguiar's Gold Class Car Wash<\/strong><\/p>\n<div>Champ\u00fa altamente eficaz con una espuma encantadora que elimina eficazmente la suciedad de la pintura dejando una superficie brillante y reluciente. \u00a1Perfecto en el cubo y la lanza de espuma!<\/div>\n<p><strong>Manopla de lavado Meguiar's Hybrid<\/strong><\/p>\n<div>\u00a1M\u00e1xima limpieza y m\u00e1xima protecci\u00f3n al lavar! Lava el coche con el lado de pelo largo, dale la vuelta al guante para aplicar la protecci\u00f3n con el lado de pelo corto.<\/div>\n<p><strong>Limpiallantas Hot Rims<\/strong><\/p>\n<p>Desh\u00e1gase de los dep\u00f3sitos persistentes con la espuma exclusiva de Hot Rim que permite que la suciedad y el polvo de los frenos se desprendan TANTO de las llantas como de los neum\u00e1ticos. Esto es gracias a una nueva y eficaz f\u00f3rmula. Ideal para lavar los neum\u00e1ticos antes de aplicar el abrillantador de neum\u00e1ticos. Usar SOLO en llantas pintadas\/recubiertas\/cromadas.<\/p>\n<p><strong>Limpiador de moquetas e interiores Meguiar's<\/strong><\/p>\n<div>Eficaz limpiador de tejidos que deja un acabado impecable. Elimina incluso las manchas m\u00e1s dif\u00edciles, como las de pintalabios, aceite, sudor y caf\u00e9.<\/div>\n<p><strong>Meguiar's Cubo Meguiar's<\/strong><\/p>\n<div>Un elegante cubo amarillo de 19 litros con asa.<\/div>\n<p><strong>Desarenador Meguiar's<\/strong><\/p>\n<div>Un producto muy inteligente para evitar la aparici\u00f3n de nuevos ara\u00f1azos.<\/div>\n<p><strong>Meguiar's Toalla Secante Suprema XL<\/strong><\/p>\n<div>La toalla de secado Supreme es una toalla de secado grande y supersuave con una absorbencia extrema.<\/div>","protected":false},"excerpt":{"rendered":"<p>Tv\u00e4ttpaket BORIS Vinnarpaketet som ocks\u00e5 \u00e4r d\u00f6ptes efter personen uts\u00e5gs till att ha det vinnande f\u00f6rslaget i t\u00e4vlingen Det ultimata bilv\u00e5rdspaketet. Vi k\u00e4nner som Boris att detta bilv\u00e5rdspaketet inneh\u00e5ller precis det du beh\u00f6ver f\u00f6r att f\u00e5 ditt fordon skinande! Alla delarna i paketet \u00e4r produkter fr\u00e5n Meguiar&#8217;s. Paketet inneh\u00e5ller: Meguiar&#8217;s Gold Class Car Wash Shampoo [&hellip;]<\/p>","protected":false},"featured_media":10175,"comment_status":"closed","ping_status":"closed","template":"","meta":{"_acf_changed":false,"_smort_price_nok":"1271","_smort_price_dkk":"807","_smort_price_eur":"108.18","_smort_sale_price_nok":"","_smort_sale_price_dkk":"","_smort_sale_price_eur":"","smort_restorder":"","shipmondo_restorder":"","_kad_blocks_custom_css":"","_kad_blocks_head_custom_js":"","_kad_blocks_body_custom_js":"","_kad_blocks_footer_custom_js":"","smort_custom_pricelist_1":"952","smort_custom_pricelist_2":"952","smort_custom_pricelist_3":"904.4","smort_custom_pricelist_4":"952","smort_custom_pricelist_5":"952"},"anvandningsomrade":[2234],"bilmarken":[168],"product_brand":[1383],"product_cat":[2188,378],"product_tag":[2726],"class_list":{"0":"post-9684","1":"product","2":"type-product","3":"status-publish","4":"has-post-thumbnail","6":"anvandningsomrade-alla","7":"bilmarken-alla","8":"product_brand-meguiars","9":"product_cat-bilvardpaket","10":"product_cat-bilvard","11":"product_tag-produktpaket","13":"first","14":"outofstock","15":"taxable","16":"shipping-taxable","17":"purchasable","18":"product-type-bundle"},"bundled_by":[],"bundle_stock_status":"outofstock","bundle_stock_quantity":0,"bundle_virtual":false,"bundle_layout":"default","bundle_add_to_cart_form_location":"default","bundle_editable_in_cart":false,"bundle_sold_individually_context":"product","bundle_item_grouping":"parent","bundle_min_size":"","bundle_max_size":"","bundle_price":{"price":{"min":{"incl_tax":"108.17","excl_tax":"86.53759016"},"max":{"incl_tax":"108.17","excl_tax":"86.53759016"}},"regular_price":{"min":{"incl_tax":"108.17","excl_tax":"86.53759016"},"max":{"incl_tax":"108.17","excl_tax":"86.53759016"}}},"bundled_items":[{"bundled_item_id":407,"product_id":4574,"menu_order":0,"quantity_min":1,"quantity_max":1,"quantity_default":1,"priced_individually":false,"shipped_individually":false,"override_title":false,"title":"Champ\u00fa para lavado de autos Meguiar&#039;s Gold Class","override_description":false,"description":"","optional":false,"hide_thumbnail":false,"discount":"","override_variations":false,"allowed_variations":[],"override_default_variation_attributes":false,"default_variation_attributes":[],"single_product_visibility":"visible","cart_visibility":"visible","order_visibility":"visible","single_product_price_visibility":"visible","cart_price_visibility":"visible","order_price_visibility":"visible","stock_status":"in_stock"},{"bundled_item_id":408,"product_id":4678,"menu_order":1,"quantity_min":1,"quantity_max":1,"quantity_default":1,"priced_individually":false,"shipped_individually":false,"override_title":false,"title":"Guante de lavado h\u00edbrido de Meguiar&#039;s","override_description":false,"description":"","optional":false,"hide_thumbnail":false,"discount":"","override_variations":false,"allowed_variations":[],"override_default_variation_attributes":false,"default_variation_attributes":[],"single_product_visibility":"visible","cart_visibility":"visible","order_visibility":"visible","single_product_price_visibility":"visible","cart_price_visibility":"visible","order_price_visibility":"visible","stock_status":"in_stock"},{"bundled_item_id":409,"product_id":4590,"menu_order":2,"quantity_min":1,"quantity_max":1,"quantity_default":1,"priced_individually":false,"shipped_individually":false,"override_title":false,"title":"Limpiador de ruedas Meguiar&#039;s Hot Rims","override_description":false,"description":"","optional":false,"hide_thumbnail":false,"discount":"","override_variations":false,"allowed_variations":[],"override_default_variation_attributes":false,"default_variation_attributes":[],"single_product_visibility":"visible","cart_visibility":"visible","order_visibility":"visible","single_product_price_visibility":"visible","cart_price_visibility":"visible","order_price_visibility":"visible","stock_status":"in_stock"},{"bundled_item_id":410,"product_id":4588,"menu_order":3,"quantity_min":1,"quantity_max":1,"quantity_default":1,"priced_individually":false,"shipped_individually":false,"override_title":false,"title":"Limpiador de alfombras e interiores Meguiar&#039;s","override_description":false,"description":"","optional":false,"hide_thumbnail":false,"discount":"","override_variations":false,"allowed_variations":[],"override_default_variation_attributes":false,"default_variation_attributes":[],"single_product_visibility":"visible","cart_visibility":"visible","order_visibility":"visible","single_product_price_visibility":"visible","cart_price_visibility":"visible","order_price_visibility":"visible","stock_status":"on_backorder"},{"bundled_item_id":411,"product_id":4612,"menu_order":4,"quantity_min":1,"quantity_max":1,"quantity_default":1,"priced_individually":false,"shipped_individually":false,"override_title":false,"title":"Cubo de Meguiar","override_description":false,"description":"","optional":false,"hide_thumbnail":false,"discount":"","override_variations":false,"allowed_variations":[],"override_default_variation_attributes":false,"default_variation_attributes":[],"single_product_visibility":"visible","cart_visibility":"visible","order_visibility":"visible","single_product_price_visibility":"visible","cart_price_visibility":"visible","order_price_visibility":"visible","stock_status":"on_backorder"},{"bundled_item_id":412,"product_id":4684,"menu_order":5,"quantity_min":1,"quantity_max":1,"quantity_default":1,"priced_individually":false,"shipped_individually":false,"override_title":false,"title":"Protector de arena de Meguiar","override_description":false,"description":"","optional":false,"hide_thumbnail":false,"discount":"","override_variations":false,"allowed_variations":[],"override_default_variation_attributes":false,"default_variation_attributes":[],"single_product_visibility":"visible","cart_visibility":"visible","order_visibility":"visible","single_product_price_visibility":"visible","cart_price_visibility":"visible","order_price_visibility":"visible","stock_status":"on_backorder"},{"bundled_item_id":413,"product_id":4658,"menu_order":6,"quantity_min":1,"quantity_max":1,"quantity_default":1,"priced_individually":false,"shipped_individually":false,"override_title":false,"title":"Toalla de secado Supreme XL de Meguiar&#039;s","override_description":false,"description":"","optional":false,"hide_thumbnail":false,"discount":"","override_variations":false,"allowed_variations":[],"override_default_variation_attributes":false,"default_variation_attributes":[],"single_product_visibility":"visible","cart_visibility":"visible","order_visibility":"visible","single_product_price_visibility":"visible","cart_price_visibility":"visible","order_price_visibility":"visible","stock_status":"on_backorder"}],"bundle_sell_ids":[],"acf":[],"yoast_head":"<!-- This site is optimized with the Yoast SEO plugin v27.0 - https:\/\/yoast.com\/product\/yoast-seo-wordpress\/ -->\n<title>Tv\u00e4ttpaketet BORIS - Xenonkungen<\/title>\n<meta name=\"robots\" content=\"index, follow, max-snippet:-1, max-image-preview:large, max-video-preview:-1\" \/>\n<link rel=\"canonical\" href=\"https:\/\/xenonkungen.com\/es\/producto\/paquete-de-lavanderia-boris\/\" \/>\n<meta property=\"og:locale\" content=\"es_ES\" \/>\n<meta property=\"og:type\" content=\"article\" \/>\n<meta property=\"og:title\" content=\"Tv\u00e4ttpaketet BORIS - Xenonkungen\" \/>\n<meta property=\"og:description\" content=\"Tv\u00e4ttpaket BORIS Vinnarpaketet som ocks\u00e5 \u00e4r d\u00f6ptes efter personen uts\u00e5gs till att ha det vinnande f\u00f6rslaget i t\u00e4vlingen Det ultimata bilv\u00e5rdspaketet. Vi k\u00e4nner som Boris att detta bilv\u00e5rdspaketet inneh\u00e5ller precis det du beh\u00f6ver f\u00f6r att f\u00e5 ditt fordon skinande! Alla delarna i paketet \u00e4r produkter fr\u00e5n Meguiar&#8217;s. Paketet inneh\u00e5ller: Meguiar&#8217;s Gold Class Car Wash Shampoo [&hellip;]\" \/>\n<meta property=\"og:url\" content=\"https:\/\/xenonkungen.com\/es\/producto\/paquete-de-lavanderia-boris\/\" \/>\n<meta property=\"og:site_name\" content=\"Xenonkungen\" \/>\n<meta property=\"article:modified_time\" content=\"2026-04-17T11:24:44+00:00\" \/>\n<meta property=\"og:image\" content=\"https:\/\/xenonkungen.com\/wp-content\/uploads\/2025\/05\/191978781-origpic-20b121-1.png\" \/>\n\t<meta property=\"og:image:width\" content=\"1000\" \/>\n\t<meta property=\"og:image:height\" content=\"936\" \/>\n\t<meta property=\"og:image:type\" content=\"image\/png\" \/>\n<meta name=\"twitter:card\" content=\"summary_large_image\" \/>\n<meta name=\"twitter:label1\" content=\"Tiempo de lectura\" \/>\n\t<meta name=\"twitter:data1\" content=\"1 minuto\" \/>\n<script type=\"application\/ld+json\" class=\"yoast-schema-graph\">{\"@context\":\"https:\/\/schema.org\",\"@graph\":[{\"@type\":\"WebPage\",\"@id\":\"https:\/\/xenonkungen.com\/produkt\/tvattpaketet-boris\/\",\"url\":\"https:\/\/xenonkungen.com\/produkt\/tvattpaketet-boris\/\",\"name\":\"Tv\u00e4ttpaketet BORIS - Xenonkungen\",\"isPartOf\":{\"@id\":\"https:\/\/xenonkungen.com\/#website\"},\"primaryImageOfPage\":{\"@id\":\"https:\/\/xenonkungen.com\/produkt\/tvattpaketet-boris\/#primaryimage\"},\"image\":{\"@id\":\"https:\/\/xenonkungen.com\/produkt\/tvattpaketet-boris\/#primaryimage\"},\"thumbnailUrl\":\"https:\/\/xenonkungen.com\/wp-content\/uploads\/2025\/05\/191978781-origpic-20b121-1.png\",\"datePublished\":\"2025-05-20T08:06:03+00:00\",\"dateModified\":\"2026-04-17T11:24:44+00:00\",\"breadcrumb\":{\"@id\":\"https:\/\/xenonkungen.com\/produkt\/tvattpaketet-boris\/#breadcrumb\"},\"inLanguage\":\"es\",\"potentialAction\":[{\"@type\":\"ReadAction\",\"target\":[\"https:\/\/xenonkungen.com\/produkt\/tvattpaketet-boris\/\"]}]},{\"@type\":\"ImageObject\",\"inLanguage\":\"es\",\"@id\":\"https:\/\/xenonkungen.com\/produkt\/tvattpaketet-boris\/#primaryimage\",\"url\":\"https:\/\/xenonkungen.com\/wp-content\/uploads\/2025\/05\/191978781-origpic-20b121-1.png\",\"contentUrl\":\"https:\/\/xenonkungen.com\/wp-content\/uploads\/2025\/05\/191978781-origpic-20b121-1.png\",\"width\":1000,\"height\":936},{\"@type\":\"BreadcrumbList\",\"@id\":\"https:\/\/xenonkungen.com\/produkt\/tvattpaketet-boris\/#breadcrumb\",\"itemListElement\":[{\"@type\":\"ListItem\",\"position\":1,\"name\":\"Hem\",\"item\":\"https:\/\/xenonkungen.com\/\"},{\"@type\":\"ListItem\",\"position\":2,\"name\":\"Shop\",\"item\":\"https:\/\/xenonkungen.com\/shop\/\"},{\"@type\":\"ListItem\",\"position\":3,\"name\":\"Tv\u00e4ttpaketet BORIS\"}]},{\"@type\":\"WebSite\",\"@id\":\"https:\/\/xenonkungen.com\/#website\",\"url\":\"https:\/\/xenonkungen.com\/\",\"name\":\"Xenonkungen\",\"description\":\"\",\"potentialAction\":[{\"@type\":\"SearchAction\",\"target\":{\"@type\":\"EntryPoint\",\"urlTemplate\":\"https:\/\/xenonkungen.com\/?s={search_term_string}\"},\"query-input\":{\"@type\":\"PropertyValueSpecification\",\"valueRequired\":true,\"valueName\":\"search_term_string\"}}],\"inLanguage\":\"es\"}]}<\/script>\n<!-- \/ Yoast SEO plugin. -->","yoast_head_json":{"title":"Paquete de lavander\u00eda BORIS - Xenonkungen","robots":{"index":"index","follow":"follow","max-snippet":"max-snippet:-1","max-image-preview":"max-image-preview:large","max-video-preview":"max-video-preview:-1"},"canonical":"https:\/\/xenonkungen.com\/es\/producto\/paquete-de-lavanderia-boris\/","og_locale":"es_ES","og_type":"article","og_title":"Tv\u00e4ttpaketet BORIS - Xenonkungen","og_description":"Tv\u00e4ttpaket BORIS Vinnarpaketet som ocks\u00e5 \u00e4r d\u00f6ptes efter personen uts\u00e5gs till att ha det vinnande f\u00f6rslaget i t\u00e4vlingen Det ultimata bilv\u00e5rdspaketet. Vi k\u00e4nner som Boris att detta bilv\u00e5rdspaketet inneh\u00e5ller precis det du beh\u00f6ver f\u00f6r att f\u00e5 ditt fordon skinande! Alla delarna i paketet \u00e4r produkter fr\u00e5n Meguiar&#8217;s. Paketet inneh\u00e5ller: Meguiar&#8217;s Gold Class Car Wash Shampoo [&hellip;]","og_url":"https:\/\/xenonkungen.com\/es\/producto\/paquete-de-lavanderia-boris\/","og_site_name":"Xenonkungen","article_modified_time":"2026-04-17T11:24:44+00:00","og_image":[{"width":1000,"height":936,"url":"https:\/\/xenonkungen.com\/wp-content\/uploads\/2025\/05\/191978781-origpic-20b121-1.png","type":"image\/png"}],"twitter_card":"summary_large_image","twitter_misc":{"Tiempo de lectura":"1 minuto"},"schema":{"@context":"https:\/\/schema.org","@graph":[{"@type":"WebPage","@id":"https:\/\/xenonkungen.com\/produkt\/tvattpaketet-boris\/","url":"https:\/\/xenonkungen.com\/produkt\/tvattpaketet-boris\/","name":"Paquete de lavander\u00eda BORIS - Xenonkungen","isPartOf":{"@id":"https:\/\/xenonkungen.com\/#website"},"primaryImageOfPage":{"@id":"https:\/\/xenonkungen.com\/produkt\/tvattpaketet-boris\/#primaryimage"},"image":{"@id":"https:\/\/xenonkungen.com\/produkt\/tvattpaketet-boris\/#primaryimage"},"thumbnailUrl":"https:\/\/xenonkungen.com\/wp-content\/uploads\/2025\/05\/191978781-origpic-20b121-1.png","datePublished":"2025-05-20T08:06:03+00:00","dateModified":"2026-04-17T11:24:44+00:00","breadcrumb":{"@id":"https:\/\/xenonkungen.com\/produkt\/tvattpaketet-boris\/#breadcrumb"},"inLanguage":"es","potentialAction":[{"@type":"ReadAction","target":["https:\/\/xenonkungen.com\/produkt\/tvattpaketet-boris\/"]}]},{"@type":"ImageObject","inLanguage":"es","@id":"https:\/\/xenonkungen.com\/produkt\/tvattpaketet-boris\/#primaryimage","url":"https:\/\/xenonkungen.com\/wp-content\/uploads\/2025\/05\/191978781-origpic-20b121-1.png","contentUrl":"https:\/\/xenonkungen.com\/wp-content\/uploads\/2025\/05\/191978781-origpic-20b121-1.png","width":1000,"height":936},{"@type":"BreadcrumbList","@id":"https:\/\/xenonkungen.com\/produkt\/tvattpaketet-boris\/#breadcrumb","itemListElement":[{"@type":"ListItem","position":1,"name":"Hem","item":"https:\/\/xenonkungen.com\/"},{"@type":"ListItem","position":2,"name":"Shop","item":"https:\/\/xenonkungen.com\/shop\/"},{"@type":"ListItem","position":3,"name":"Tv\u00e4ttpaketet BORIS"}]},{"@type":"WebSite","@id":"https:\/\/xenonkungen.com\/#website","url":"https:\/\/xenonkungen.com\/","name":"Xenonkungen","description":"","potentialAction":[{"@type":"SearchAction","target":{"@type":"EntryPoint","urlTemplate":"https:\/\/xenonkungen.com\/?s={search_term_string}"},"query-input":{"@type":"PropertyValueSpecification","valueRequired":true,"valueName":"search_term_string"}}],"inLanguage":"es"}]}},"taxonomy_info":{"anvandningsomrade":[{"value":2234,"label":"Alla"}],"bilmarken":[{"value":168,"label":"Alla"}],"product_brand":[{"value":1383,"label":"Meguiar's"}],"product_cat":[{"value":2188,"label":"Bilv\u00e5rdpaket"},{"value":378,"label":"Bilv\u00e5rd"}],"product_tag":[{"value":2726,"label":"produktpaket"}]},"featured_image_src_large":["https:\/\/xenonkungen.com\/wp-content\/uploads\/2025\/05\/191978781-origpic-20b121-1.png",1000,936,false],"author_info":[],"comment_info":0,"_links":{"self":[{"href":"https:\/\/xenonkungen.com\/es\/wp-json\/wp\/v2\/product\/9684","targetHints":{"allow":["GET"]}}],"collection":[{"href":"https:\/\/xenonkungen.com\/es\/wp-json\/wp\/v2\/product"}],"about":[{"href":"https:\/\/xenonkungen.com\/es\/wp-json\/wp\/v2\/types\/product"}],"replies":[{"embeddable":true,"href":"https:\/\/xenonkungen.com\/es\/wp-json\/wp\/v2\/comments?post=9684"}],"wp:featuredmedia":[{"embeddable":true,"href":"https:\/\/xenonkungen.com\/es\/wp-json\/wp\/v2\/media\/10175"}],"wp:attachment":[{"href":"https:\/\/xenonkungen.com\/es\/wp-json\/wp\/v2\/media?parent=9684"}],"wp:term":[{"taxonomy":"anvandningsomrade","embeddable":true,"href":"https:\/\/xenonkungen.com\/es\/wp-json\/wp\/v2\/anvandningsomrade?post=9684"},{"taxonomy":"bilmarken","embeddable":true,"href":"https:\/\/xenonkungen.com\/es\/wp-json\/wp\/v2\/bilmarken?post=9684"},{"taxonomy":"product_brand","embeddable":true,"href":"https:\/\/xenonkungen.com\/es\/wp-json\/wp\/v2\/product_brand?post=9684"},{"taxonomy":"product_cat","embeddable":true,"href":"https:\/\/xenonkungen.com\/es\/wp-json\/wp\/v2\/product_cat?post=9684"},{"taxonomy":"product_tag","embeddable":true,"href":"https:\/\/xenonkungen.com\/es\/wp-json\/wp\/v2\/product_tag?post=9684"}],"curies":[{"name":"wp","href":"https:\/\/api.w.org\/{rel}","templated":true}]}}