{"id":9690,"date":"2025-05-20T08:06:03","date_gmt":"2025-05-20T08:06:03","guid":{"rendered":"https:\/\/xenonkungen.com\/product\/slapvagnspaket-340-420cm-lastlangd-plug-n-play\/"},"modified":"2026-04-01T15:19:24","modified_gmt":"2026-04-01T14:19:24","slug":"paquete-de-cochecito-340-420-cm-longitud-de-carga-plug-n-play","status":"publish","type":"product","link":"https:\/\/xenonkungen.com\/es\/producto\/paquete-de-cochecito-340-420-cm-longitud-de-carga-plug-n-play\/","title":{"rendered":"Paquete de remolque de 340-420 cm (longitud de carga) \u2013 Plug-n-Play"},"content":{"rendered":"<p>Iluminaci\u00f3n de remolques y semirremolques<\/p>\n<p>\u00a1Kit completo para remolque para aquellos que deseen actualizar y reemplazar todas las luces de su remolque a LED!<\/p>\n<p>El kit se adapta a la mayor\u00eda de los remolques del mercado. Comprueba la longitud de tu remolque y elige el paquete adecuado. <\/p>\n<p>Puedes ver un v\u00eddeo a continuaci\u00f3n que muestra lo f\u00e1cil que es instalarlo. <\/p>\n<p>Contenido del paquete:<br \/><strong>Marca posterior<\/strong><br \/>2 l\u00e1mparas de cocci\u00f3n<br \/>Funciones de las luces traseras: intermitentes, luces de posici\u00f3n y luces de freno<br \/>2pcs Reflex Red (tri\u00e1ngulo)<br \/>Iluminaci\u00f3n 1st Sign<\/p>\n<p><strong>Marcador lateral<\/strong><br \/>2 indicadores<br \/>2pcs Reflex naranja\/\u00e1mbar (rectangular)<\/p>\n<p><strong>Marcado frontal<\/strong><br \/>2 piezas Luz de posici\u00f3n<\/p>\n<p><strong>Plug-n-play<\/strong><br \/>Se incluyen detalles de montaje impermeables para facilitar la conexi\u00f3n de las luces de posici\u00f3n.<br \/>\n<strong>Garant\u00eda de funcionamiento<\/strong>: 5 a\u00f1os, Taillight 150ARME tiene garant\u00eda de por vida.<\/p>","protected":false},"excerpt":{"rendered":"<p>Paquete completo de iluminaci\u00f3n para remolques y semirremolques.<br \/>\nAdecuado para remolques;<br \/>\n\u2013 Longitud de carga 340-420 cm<br \/>\n- Anchura de carga <150 cm\n\nOm produkterna:\n- Multivolt: 12\/24V\n- Fuktskydd: IP67\n- Godk\u00e4nd: Ja, ECE &#038; EMC\n<\/p>","protected":false},"featured_media":10179,"comment_status":"closed","ping_status":"open","template":"","meta":{"_acf_changed":false,"_smort_price_nok":"2756","_smort_price_dkk":"1751","_smort_price_eur":"234.53","_smort_sale_price_nok":"","_smort_sale_price_dkk":"","_smort_sale_price_eur":"","smort_restorder":"","shipmondo_restorder":"","_kad_blocks_custom_css":"","_kad_blocks_head_custom_js":"","_kad_blocks_body_custom_js":"","_kad_blocks_footer_custom_js":"","smort_custom_pricelist_1":"1444.8","smort_custom_pricelist_2":"1444.8","smort_custom_pricelist_3":"1372.56","smort_custom_pricelist_4":"2064","smort_custom_pricelist_5":"1444.8"},"anvandningsomrade":[166,1068],"bilmarken":[168],"product_brand":[1252],"product_cat":[16],"product_tag":[2726],"class_list":{"0":"post-9690","1":"product","2":"type-product","3":"status-publish","4":"has-post-thumbnail","6":"anvandningsomrade-lastbil","7":"anvandningsomrade-slapvagn","8":"bilmarken-alla","9":"product_brand-lea","10":"product_cat-uncategorized","11":"product_tag-produktpaket","12":"pa_fuktskydd-varde-ipxx-ip67","13":"pa_godkannande-ece-emc","14":"pa_volt-v-12-24","16":"first","17":"instock","18":"taxable","19":"shipping-taxable","20":"purchasable","21":"product-type-bundle"},"bundled_by":[],"bundle_stock_status":"instock","bundle_stock_quantity":2,"bundle_virtual":false,"bundle_layout":"default","bundle_add_to_cart_form_location":"default","bundle_editable_in_cart":false,"bundle_sold_individually_context":"product","bundle_item_grouping":"parent","bundle_min_size":"","bundle_max_size":"","bundle_price":{"price":{"min":{"incl_tax":"234.52","excl_tax":"187.61931312"},"max":{"incl_tax":"234.52","excl_tax":"187.61931312"}},"regular_price":{"min":{"incl_tax":"234.52","excl_tax":"187.61931312"},"max":{"incl_tax":"234.52","excl_tax":"187.61931312"}}},"bundled_items":[{"bundled_item_id":422,"product_id":8230,"menu_order":0,"quantity_min":1,"quantity_max":1,"quantity_default":1,"priced_individually":false,"shipped_individually":false,"override_title":false,"title":"","override_description":false,"description":"","optional":false,"hide_thumbnail":false,"discount":null,"override_variations":false,"allowed_variations":[],"override_default_variation_attributes":false,"default_variation_attributes":[],"single_product_visibility":"visible","cart_visibility":"visible","order_visibility":"visible","single_product_price_visibility":"visible","cart_price_visibility":"visible","order_price_visibility":"visible","stock_status":"in_stock"},{"bundled_item_id":433,"product_id":8295,"menu_order":0,"quantity_min":1,"quantity_max":1,"quantity_default":1,"priced_individually":false,"shipped_individually":false,"override_title":false,"title":"","override_description":false,"description":"","optional":false,"hide_thumbnail":false,"discount":null,"override_variations":false,"allowed_variations":[],"override_default_variation_attributes":false,"default_variation_attributes":[],"single_product_visibility":"visible","cart_visibility":"visible","order_visibility":"visible","single_product_price_visibility":"visible","cart_price_visibility":"visible","order_price_visibility":"visible","stock_status":"in_stock"},{"bundled_item_id":432,"product_id":6683,"menu_order":0,"quantity_min":1,"quantity_max":1,"quantity_default":1,"priced_individually":false,"shipped_individually":false,"override_title":false,"title":"","override_description":false,"description":"","optional":false,"hide_thumbnail":false,"discount":null,"override_variations":false,"allowed_variations":[],"override_default_variation_attributes":false,"default_variation_attributes":[],"single_product_visibility":"visible","cart_visibility":"visible","order_visibility":"visible","single_product_price_visibility":"visible","cart_price_visibility":"visible","order_price_visibility":"visible","stock_status":"in_stock"},{"bundled_item_id":431,"product_id":6958,"menu_order":0,"quantity_min":1,"quantity_max":1,"quantity_default":1,"priced_individually":false,"shipped_individually":false,"override_title":false,"title":"","override_description":false,"description":"","optional":false,"hide_thumbnail":false,"discount":null,"override_variations":false,"allowed_variations":[],"override_default_variation_attributes":false,"default_variation_attributes":[],"single_product_visibility":"visible","cart_visibility":"visible","order_visibility":"visible","single_product_price_visibility":"visible","cart_price_visibility":"visible","order_price_visibility":"visible","stock_status":"in_stock"},{"bundled_item_id":430,"product_id":6946,"menu_order":0,"quantity_min":1,"quantity_max":1,"quantity_default":1,"priced_individually":false,"shipped_individually":false,"override_title":false,"title":"","override_description":false,"description":"","optional":false,"hide_thumbnail":false,"discount":null,"override_variations":false,"allowed_variations":[],"override_default_variation_attributes":false,"default_variation_attributes":[],"single_product_visibility":"visible","cart_visibility":"visible","order_visibility":"visible","single_product_price_visibility":"visible","cart_price_visibility":"visible","order_price_visibility":"visible","stock_status":"in_stock"},{"bundled_item_id":429,"product_id":6970,"menu_order":0,"quantity_min":1,"quantity_max":1,"quantity_default":1,"priced_individually":false,"shipped_individually":false,"override_title":false,"title":"","override_description":false,"description":"","optional":false,"hide_thumbnail":false,"discount":null,"override_variations":false,"allowed_variations":[],"override_default_variation_attributes":false,"default_variation_attributes":[],"single_product_visibility":"visible","cart_visibility":"visible","order_visibility":"visible","single_product_price_visibility":"visible","cart_price_visibility":"visible","order_price_visibility":"visible","stock_status":"in_stock"},{"bundled_item_id":428,"product_id":6966,"menu_order":0,"quantity_min":1,"quantity_max":1,"quantity_default":1,"priced_individually":false,"shipped_individually":false,"override_title":false,"title":"","override_description":false,"description":"","optional":false,"hide_thumbnail":false,"discount":null,"override_variations":false,"allowed_variations":[],"override_default_variation_attributes":false,"default_variation_attributes":[],"single_product_visibility":"visible","cart_visibility":"visible","order_visibility":"visible","single_product_price_visibility":"visible","cart_price_visibility":"visible","order_price_visibility":"visible","stock_status":"in_stock"},{"bundled_item_id":427,"product_id":7097,"menu_order":0,"quantity_min":1,"quantity_max":1,"quantity_default":1,"priced_individually":false,"shipped_individually":false,"override_title":false,"title":"","override_description":false,"description":"","optional":false,"hide_thumbnail":false,"discount":null,"override_variations":false,"allowed_variations":[],"override_default_variation_attributes":false,"default_variation_attributes":[],"single_product_visibility":"visible","cart_visibility":"visible","order_visibility":"visible","single_product_price_visibility":"visible","cart_price_visibility":"visible","order_price_visibility":"visible","stock_status":"in_stock"},{"bundled_item_id":426,"product_id":6651,"menu_order":0,"quantity_min":1,"quantity_max":1,"quantity_default":1,"priced_individually":false,"shipped_individually":false,"override_title":false,"title":"","override_description":false,"description":"","optional":false,"hide_thumbnail":false,"discount":null,"override_variations":false,"allowed_variations":[],"override_default_variation_attributes":false,"default_variation_attributes":[],"single_product_visibility":"visible","cart_visibility":"visible","order_visibility":"visible","single_product_price_visibility":"visible","cart_price_visibility":"visible","order_price_visibility":"visible","stock_status":"in_stock"},{"bundled_item_id":425,"product_id":6637,"menu_order":0,"quantity_min":1,"quantity_max":1,"quantity_default":1,"priced_individually":false,"shipped_individually":false,"override_title":false,"title":"","override_description":false,"description":"","optional":false,"hide_thumbnail":false,"discount":null,"override_variations":false,"allowed_variations":[],"override_default_variation_attributes":false,"default_variation_attributes":[],"single_product_visibility":"visible","cart_visibility":"visible","order_visibility":"visible","single_product_price_visibility":"visible","cart_price_visibility":"visible","order_price_visibility":"visible","stock_status":"in_stock"},{"bundled_item_id":424,"product_id":6834,"menu_order":0,"quantity_min":1,"quantity_max":1,"quantity_default":1,"priced_individually":false,"shipped_individually":false,"override_title":false,"title":"","override_description":false,"description":"","optional":false,"hide_thumbnail":false,"discount":null,"override_variations":false,"allowed_variations":[],"override_default_variation_attributes":false,"default_variation_attributes":[],"single_product_visibility":"visible","cart_visibility":"visible","order_visibility":"visible","single_product_price_visibility":"visible","cart_price_visibility":"visible","order_price_visibility":"visible","stock_status":"in_stock"},{"bundled_item_id":423,"product_id":8218,"menu_order":0,"quantity_min":1,"quantity_max":1,"quantity_default":1,"priced_individually":false,"shipped_individually":false,"override_title":false,"title":"","override_description":false,"description":"","optional":false,"hide_thumbnail":false,"discount":null,"override_variations":false,"allowed_variations":[],"override_default_variation_attributes":false,"default_variation_attributes":[],"single_product_visibility":"visible","cart_visibility":"visible","order_visibility":"visible","single_product_price_visibility":"visible","cart_price_visibility":"visible","order_price_visibility":"visible","stock_status":"in_stock"},{"bundled_item_id":434,"product_id":6680,"menu_order":0,"quantity_min":1,"quantity_max":1,"quantity_default":1,"priced_individually":false,"shipped_individually":false,"override_title":false,"title":"","override_description":false,"description":"","optional":false,"hide_thumbnail":false,"discount":null,"override_variations":false,"allowed_variations":[],"override_default_variation_attributes":false,"default_variation_attributes":[],"single_product_visibility":"visible","cart_visibility":"visible","order_visibility":"visible","single_product_price_visibility":"visible","cart_price_visibility":"visible","order_price_visibility":"visible","stock_status":"in_stock"}],"bundle_sell_ids":[],"acf":[],"yoast_head":"<!-- This site is optimized with the Yoast SEO plugin v27.0 - https:\/\/yoast.com\/product\/yoast-seo-wordpress\/ -->\n<title>Sl\u00e4pvagnspaket 340-420cm (Lastl\u00e4ngd) - Plug-n-Play - Xenonkungen<\/title>\n<meta name=\"robots\" content=\"index, follow, max-snippet:-1, max-image-preview:large, max-video-preview:-1\" \/>\n<link rel=\"canonical\" href=\"https:\/\/xenonkungen.com\/es\/producto\/paquete-de-cochecito-340-420-cm-longitud-de-carga-plug-n-play\/\" \/>\n<meta property=\"og:locale\" content=\"es_ES\" \/>\n<meta property=\"og:type\" content=\"article\" \/>\n<meta property=\"og:title\" content=\"Sl\u00e4pvagnspaket 340-420cm (Lastl\u00e4ngd) - Plug-n-Play - Xenonkungen\" \/>\n<meta property=\"og:description\" content=\"Komplett belysningspaket f\u00f6r sl\u00e4pvagn och trailer. L\u00e4mplig f\u00f6r sl\u00e4p med; - Lastl\u00e4ngd 340-420 cm - Lastbredd\" \/>\n<meta property=\"og:url\" content=\"https:\/\/xenonkungen.com\/es\/producto\/paquete-de-cochecito-340-420-cm-longitud-de-carga-plug-n-play\/\" \/>\n<meta property=\"og:site_name\" content=\"Xenonkungen\" \/>\n<meta property=\"article:modified_time\" content=\"2026-04-01T14:19:24+00:00\" \/>\n<meta property=\"og:image\" content=\"https:\/\/xenonkungen.com\/wp-content\/uploads\/2025\/05\/176314637-origpic-94751f-1.jpg\" \/>\n\t<meta property=\"og:image:width\" content=\"779\" \/>\n\t<meta property=\"og:image:height\" content=\"1065\" \/>\n\t<meta property=\"og:image:type\" content=\"image\/jpeg\" \/>\n<meta name=\"twitter:card\" content=\"summary_large_image\" \/>\n<meta name=\"twitter:label1\" content=\"Tiempo de lectura\" \/>\n\t<meta name=\"twitter:data1\" content=\"1 minuto\" \/>\n<script type=\"application\/ld+json\" class=\"yoast-schema-graph\">{\"@context\":\"https:\/\/schema.org\",\"@graph\":[{\"@type\":\"WebPage\",\"@id\":\"https:\/\/xenonkungen.com\/produkt\/slapvagnspaket-340-420cm-lastlangd-plug-n-play\/\",\"url\":\"https:\/\/xenonkungen.com\/produkt\/slapvagnspaket-340-420cm-lastlangd-plug-n-play\/\",\"name\":\"Sl\u00e4pvagnspaket 340-420cm (Lastl\u00e4ngd) - Plug-n-Play - Xenonkungen\",\"isPartOf\":{\"@id\":\"https:\/\/xenonkungen.com\/#website\"},\"primaryImageOfPage\":{\"@id\":\"https:\/\/xenonkungen.com\/produkt\/slapvagnspaket-340-420cm-lastlangd-plug-n-play\/#primaryimage\"},\"image\":{\"@id\":\"https:\/\/xenonkungen.com\/produkt\/slapvagnspaket-340-420cm-lastlangd-plug-n-play\/#primaryimage\"},\"thumbnailUrl\":\"https:\/\/xenonkungen.com\/wp-content\/uploads\/2025\/05\/176314637-origpic-94751f-1.jpg\",\"datePublished\":\"2025-05-20T08:06:03+00:00\",\"dateModified\":\"2026-04-01T14:19:24+00:00\",\"breadcrumb\":{\"@id\":\"https:\/\/xenonkungen.com\/produkt\/slapvagnspaket-340-420cm-lastlangd-plug-n-play\/#breadcrumb\"},\"inLanguage\":\"es\",\"potentialAction\":[{\"@type\":\"ReadAction\",\"target\":[\"https:\/\/xenonkungen.com\/produkt\/slapvagnspaket-340-420cm-lastlangd-plug-n-play\/\"]}]},{\"@type\":\"ImageObject\",\"inLanguage\":\"es\",\"@id\":\"https:\/\/xenonkungen.com\/produkt\/slapvagnspaket-340-420cm-lastlangd-plug-n-play\/#primaryimage\",\"url\":\"https:\/\/xenonkungen.com\/wp-content\/uploads\/2025\/05\/176314637-origpic-94751f-1.jpg\",\"contentUrl\":\"https:\/\/xenonkungen.com\/wp-content\/uploads\/2025\/05\/176314637-origpic-94751f-1.jpg\",\"width\":779,\"height\":1065},{\"@type\":\"BreadcrumbList\",\"@id\":\"https:\/\/xenonkungen.com\/produkt\/slapvagnspaket-340-420cm-lastlangd-plug-n-play\/#breadcrumb\",\"itemListElement\":[{\"@type\":\"ListItem\",\"position\":1,\"name\":\"Hem\",\"item\":\"https:\/\/xenonkungen.com\/\"},{\"@type\":\"ListItem\",\"position\":2,\"name\":\"Shop\",\"item\":\"https:\/\/xenonkungen.com\/shop\/\"},{\"@type\":\"ListItem\",\"position\":3,\"name\":\"Sl\u00e4pvagnspaket 340-420cm (Lastl\u00e4ngd) &#8211; Plug-n-Play\"}]},{\"@type\":\"WebSite\",\"@id\":\"https:\/\/xenonkungen.com\/#website\",\"url\":\"https:\/\/xenonkungen.com\/\",\"name\":\"Xenonkungen\",\"description\":\"\",\"potentialAction\":[{\"@type\":\"SearchAction\",\"target\":{\"@type\":\"EntryPoint\",\"urlTemplate\":\"https:\/\/xenonkungen.com\/?s={search_term_string}\"},\"query-input\":{\"@type\":\"PropertyValueSpecification\",\"valueRequired\":true,\"valueName\":\"search_term_string\"}}],\"inLanguage\":\"es\"}]}<\/script>\n<!-- \/ Yoast SEO plugin. -->","yoast_head_json":{"title":"Paquete de remolque 340-420 cm (longitud de carga) - Plug-n-Play - Xenonkungen","robots":{"index":"index","follow":"follow","max-snippet":"max-snippet:-1","max-image-preview":"max-image-preview:large","max-video-preview":"max-video-preview:-1"},"canonical":"https:\/\/xenonkungen.com\/es\/producto\/paquete-de-cochecito-340-420-cm-longitud-de-carga-plug-n-play\/","og_locale":"es_ES","og_type":"article","og_title":"Sl\u00e4pvagnspaket 340-420cm (Lastl\u00e4ngd) - Plug-n-Play - Xenonkungen","og_description":"Komplett belysningspaket f\u00f6r sl\u00e4pvagn och trailer. L\u00e4mplig f\u00f6r sl\u00e4p med; - Lastl\u00e4ngd 340-420 cm - Lastbredd","og_url":"https:\/\/xenonkungen.com\/es\/producto\/paquete-de-cochecito-340-420-cm-longitud-de-carga-plug-n-play\/","og_site_name":"Xenonkungen","article_modified_time":"2026-04-01T14:19:24+00:00","og_image":[{"width":779,"height":1065,"url":"https:\/\/xenonkungen.com\/wp-content\/uploads\/2025\/05\/176314637-origpic-94751f-1.jpg","type":"image\/jpeg"}],"twitter_card":"summary_large_image","twitter_misc":{"Tiempo de lectura":"1 minuto"},"schema":{"@context":"https:\/\/schema.org","@graph":[{"@type":"WebPage","@id":"https:\/\/xenonkungen.com\/produkt\/slapvagnspaket-340-420cm-lastlangd-plug-n-play\/","url":"https:\/\/xenonkungen.com\/produkt\/slapvagnspaket-340-420cm-lastlangd-plug-n-play\/","name":"Paquete de remolque 340-420 cm (longitud de carga) - Plug-n-Play - Xenonkungen","isPartOf":{"@id":"https:\/\/xenonkungen.com\/#website"},"primaryImageOfPage":{"@id":"https:\/\/xenonkungen.com\/produkt\/slapvagnspaket-340-420cm-lastlangd-plug-n-play\/#primaryimage"},"image":{"@id":"https:\/\/xenonkungen.com\/produkt\/slapvagnspaket-340-420cm-lastlangd-plug-n-play\/#primaryimage"},"thumbnailUrl":"https:\/\/xenonkungen.com\/wp-content\/uploads\/2025\/05\/176314637-origpic-94751f-1.jpg","datePublished":"2025-05-20T08:06:03+00:00","dateModified":"2026-04-01T14:19:24+00:00","breadcrumb":{"@id":"https:\/\/xenonkungen.com\/produkt\/slapvagnspaket-340-420cm-lastlangd-plug-n-play\/#breadcrumb"},"inLanguage":"es","potentialAction":[{"@type":"ReadAction","target":["https:\/\/xenonkungen.com\/produkt\/slapvagnspaket-340-420cm-lastlangd-plug-n-play\/"]}]},{"@type":"ImageObject","inLanguage":"es","@id":"https:\/\/xenonkungen.com\/produkt\/slapvagnspaket-340-420cm-lastlangd-plug-n-play\/#primaryimage","url":"https:\/\/xenonkungen.com\/wp-content\/uploads\/2025\/05\/176314637-origpic-94751f-1.jpg","contentUrl":"https:\/\/xenonkungen.com\/wp-content\/uploads\/2025\/05\/176314637-origpic-94751f-1.jpg","width":779,"height":1065},{"@type":"BreadcrumbList","@id":"https:\/\/xenonkungen.com\/produkt\/slapvagnspaket-340-420cm-lastlangd-plug-n-play\/#breadcrumb","itemListElement":[{"@type":"ListItem","position":1,"name":"Hem","item":"https:\/\/xenonkungen.com\/"},{"@type":"ListItem","position":2,"name":"Shop","item":"https:\/\/xenonkungen.com\/shop\/"},{"@type":"ListItem","position":3,"name":"Sl\u00e4pvagnspaket 340-420cm (Lastl\u00e4ngd) &#8211; Plug-n-Play"}]},{"@type":"WebSite","@id":"https:\/\/xenonkungen.com\/#website","url":"https:\/\/xenonkungen.com\/","name":"Xenonkungen","description":"","potentialAction":[{"@type":"SearchAction","target":{"@type":"EntryPoint","urlTemplate":"https:\/\/xenonkungen.com\/?s={search_term_string}"},"query-input":{"@type":"PropertyValueSpecification","valueRequired":true,"valueName":"search_term_string"}}],"inLanguage":"es"}]}},"taxonomy_info":{"anvandningsomrade":[{"value":166,"label":"Lastbil"},{"value":1068,"label":"Sl\u00e4pvagn"}],"bilmarken":[{"value":168,"label":"Alla"}],"product_brand":[{"value":1252,"label":"LEA"}],"product_cat":[{"value":16,"label":"Uncategorized"}],"product_tag":[{"value":2726,"label":"produktpaket"}],"pa_fuktskydd-varde-ipxx":[{"value":333,"label":"IP67"}],"pa_godkannande":[{"value":1262,"label":"ECE, EMC"}],"pa_volt-v":[{"value":348,"label":"12, 24"}]},"featured_image_src_large":["https:\/\/xenonkungen.com\/wp-content\/uploads\/2025\/05\/176314637-origpic-94751f-1-749x1024.jpg",749,1024,true],"author_info":[],"comment_info":0,"_links":{"self":[{"href":"https:\/\/xenonkungen.com\/es\/wp-json\/wp\/v2\/product\/9690","targetHints":{"allow":["GET"]}}],"collection":[{"href":"https:\/\/xenonkungen.com\/es\/wp-json\/wp\/v2\/product"}],"about":[{"href":"https:\/\/xenonkungen.com\/es\/wp-json\/wp\/v2\/types\/product"}],"replies":[{"embeddable":true,"href":"https:\/\/xenonkungen.com\/es\/wp-json\/wp\/v2\/comments?post=9690"}],"wp:featuredmedia":[{"embeddable":true,"href":"https:\/\/xenonkungen.com\/es\/wp-json\/wp\/v2\/media\/10179"}],"wp:attachment":[{"href":"https:\/\/xenonkungen.com\/es\/wp-json\/wp\/v2\/media?parent=9690"}],"wp:term":[{"taxonomy":"anvandningsomrade","embeddable":true,"href":"https:\/\/xenonkungen.com\/es\/wp-json\/wp\/v2\/anvandningsomrade?post=9690"},{"taxonomy":"bilmarken","embeddable":true,"href":"https:\/\/xenonkungen.com\/es\/wp-json\/wp\/v2\/bilmarken?post=9690"},{"taxonomy":"product_brand","embeddable":true,"href":"https:\/\/xenonkungen.com\/es\/wp-json\/wp\/v2\/product_brand?post=9690"},{"taxonomy":"product_cat","embeddable":true,"href":"https:\/\/xenonkungen.com\/es\/wp-json\/wp\/v2\/product_cat?post=9690"},{"taxonomy":"product_tag","embeddable":true,"href":"https:\/\/xenonkungen.com\/es\/wp-json\/wp\/v2\/product_tag?post=9690"}],"curies":[{"name":"wp","href":"https:\/\/api.w.org\/{rel}","templated":true}]}}