{"id":991,"date":"2025-04-15T07:56:42","date_gmt":"2025-04-15T07:56:42","guid":{"rendered":"https:\/\/xenonkungen.com\/product\/relakabelsats-1st-extraljus-12v9006\/"},"modified":"2026-04-10T04:50:08","modified_gmt":"2026-04-10T03:50:08","slug":"juego-de-cables-de-rele-para-luz-auxiliar-1-unidad-12-v-9006","status":"publish","type":"product","link":"https:\/\/xenonkungen.com\/es\/producto\/juego-de-cables-de-rele-para-luz-auxiliar-1-unidad-12-v-9006\/","title":{"rendered":"Juego de cables rel\u00e9 1\u00aa luz extra 12V|9006"},"content":{"rendered":"<h1>Juego de cables de rel\u00e9 1B | 9006 12V<\/h1>\n<p>Juego de cables de rel\u00e9 con un conector 9006 para la alimentaci\u00f3n segura de balastos de xen\u00f3n de 12 V, luces auxiliares, barras de LED, etc., en autom\u00f3viles, veh\u00edculos todo terreno, veh\u00edculos de trabajo, tractores, etc. El juego incluye un cable terminado con un conector macho 9006, un cable positivo y negativo, y un cable de se\u00f1al para la conexi\u00f3n al positivo de 12 V del veh\u00edculo cuando se activan las luces largas.<\/p>\n<p>Este kit tiene un fusible de 40A y un rel\u00e9 de 12V 60A, que se recomienda montar hacia arriba para un mejor rendimiento. La longitud total del kit es de 3 metros, medidos desde el cable positivo hasta el final de los conectores 9006. Facilita la instalaci\u00f3n y garantiza un uso seguro para una luz de xen\u00f3n auxiliar o un poste LED.<\/p>\n<h2>Especificaciones<\/h2>\n<ul>\n<li>Marca: XENONKUNGEN<\/li>\n<li>Modelo: 1B 12V<\/li>\n<li>Longitud del cable: 3M<\/li>\n<li>Tensi\u00f3n: 12 V<\/li>\n<li>Rel\u00e9: 60A<\/li>\n<li>Fusible: 40A<\/li>\n<li>Peso: 0,44 kg<\/li>\n<\/ul>\n<h2>Caracter\u00edsticas y funciones<\/h2>\n<p>Equipado con manguera flexible protectora para reducir los da\u00f1os del cable en espacios reducidos, garantiza la ausencia de fugas de radiaci\u00f3n EMC y evita que los cables rocen la carrocer\u00eda del veh\u00edculo. Puede alimentar l\u00e1mparas de hasta aproximadamente 300 W cada una.<\/p>\n<h2>Conectividad<\/h2>\n<p>Incluye un conector 9006 para una conexi\u00f3n r\u00e1pida, un rel\u00e9 de 60 A con un fusible de 40 A que permite alimentar grandes l\u00e1mparas sin problemas.<\/p>\n<h2>Garant\u00eda<\/h2>\n<p>1 a\u00f1o<\/p>\n<h2>Contenido de la entrega<\/h2>\n<p>Cada pedido incluye 1 kit completo de conmutaci\u00f3n de rel\u00e9s y 1 ladr\u00f3n de corriente.<\/p>\n<p><em>Tenga en cuenta que algunos coches requieren soluciones de rel\u00e9 especiales (ver accesorios <a href=\"https:\/\/www.xenonkungen.com\/se\/produkter\/installationsmaterial\/canbus-emc\/xbb-obd-ii-dongel-powerunit.html\" target=\"_blank\" rel=\"noopener\">XBB<\/a>) debido a la llamada. Control Can-bus. Esto se aplica principalmente a los coches europeos m\u00e1s nuevos con luces LED o de xen\u00f3n.<\/em><\/p>","protected":false},"excerpt":{"rendered":"<p>Juego de cables de rel\u00e9 para la 1\u00aa luz adicional\/12V<br \/>\nCable de rel\u00e9 perfecto para aquellos que quieren conectar 1 luz extra o rampa led. Completo con conector r\u00e1pido (9006\/HB4)<\/p>","protected":false},"featured_media":992,"comment_status":"closed","ping_status":"open","template":"","meta":{"_acf_changed":false,"_smort_price_nok":"266","_smort_price_dkk":"169","_smort_price_eur":"22.64","_smort_sale_price_nok":"","_smort_sale_price_dkk":"","_smort_sale_price_eur":"","smort_restorder":"","shipmondo_restorder":"","_kad_blocks_custom_css":"","_kad_blocks_head_custom_js":"","_kad_blocks_body_custom_js":"","_kad_blocks_footer_custom_js":"","smort_custom_pricelist_1":"159.36","smort_custom_pricelist_2":"139.44","smort_custom_pricelist_3":"129.48","smort_custom_pricelist_4":"199.2","smort_custom_pricelist_5":"139.44"},"anvandningsomrade":[],"bilmarken":[],"product_brand":[117],"product_cat":[2841,2828,2795,2796,2488,2491,2489,2490,390],"product_tag":[],"class_list":{"0":"post-991","1":"product","2":"type-product","3":"status-publish","4":"has-post-thumbnail","6":"product_brand-xenonkungen","7":"product_cat-installation-extraljus","8":"product_cat-installation-led-ramper","9":"product_cat-kablar-rela","10":"product_cat-relakabelsatser","11":"product_cat-relasats-arbetsbelysning","12":"product_cat-relasats","13":"product_cat-relasats-extraljus","14":"product_cat-relasats-2","15":"product_cat-installation","16":"pa_lampsockel-kontakt-9006-hb4","17":"pa_volt-v-159","19":"first","20":"onbackorder","21":"taxable","22":"shipping-taxable","23":"purchasable","24":"product-type-simple"},"bundled_by":["9545","9577","9583","9600","11856"],"bundle_stock_status":"onbackorder","bundle_stock_quantity":-139,"bundle_virtual":false,"bundle_layout":"","bundle_add_to_cart_form_location":"","bundle_editable_in_cart":false,"bundle_sold_individually_context":"","bundle_item_grouping":"","bundle_min_size":"","bundle_max_size":"","bundle_price":[],"bundled_items":[],"bundle_sell_ids":[],"acf":[],"yoast_head":"<!-- This site is optimized with the Yoast SEO plugin v27.0 - https:\/\/yoast.com\/product\/yoast-seo-wordpress\/ -->\n<title>Rel\u00e4kabelsats 1st Extraljus 12V|9006 - Xenonkungen<\/title>\n<meta name=\"robots\" content=\"index, follow, max-snippet:-1, max-image-preview:large, max-video-preview:-1\" \/>\n<link rel=\"canonical\" href=\"https:\/\/xenonkungen.com\/es\/producto\/juego-de-cables-de-rele-para-luz-auxiliar-1-unidad-12-v-9006\/\" \/>\n<meta property=\"og:locale\" content=\"es_ES\" \/>\n<meta property=\"og:type\" content=\"article\" \/>\n<meta property=\"og:title\" content=\"Rel\u00e4kabelsats 1st Extraljus 12V|9006 - Xenonkungen\" \/>\n<meta property=\"og:description\" content=\"Rel\u00e4kabelsats f\u00f6r 1st extraljus\/12V Perfekt rel\u00e4kablage f\u00f6r dig som vill ansluta 1 styck Extraljus eller ledramp. F\u00e4rdigt med snabbkontakt (9006\/HB4)\" \/>\n<meta property=\"og:url\" content=\"https:\/\/xenonkungen.com\/es\/producto\/juego-de-cables-de-rele-para-luz-auxiliar-1-unidad-12-v-9006\/\" \/>\n<meta property=\"og:site_name\" content=\"Xenonkungen\" \/>\n<meta property=\"article:modified_time\" content=\"2026-04-10T03:50:08+00:00\" \/>\n<meta property=\"og:image\" content=\"https:\/\/xenonkungen.com\/wp-content\/uploads\/2025\/04\/9598113-origpic-584257.png\" \/>\n\t<meta property=\"og:image:width\" content=\"1000\" \/>\n\t<meta property=\"og:image:height\" content=\"1000\" \/>\n\t<meta property=\"og:image:type\" content=\"image\/png\" \/>\n<meta name=\"twitter:card\" content=\"summary_large_image\" \/>\n<meta name=\"twitter:label1\" content=\"Tiempo de lectura\" \/>\n\t<meta name=\"twitter:data1\" content=\"1 minuto\" \/>\n<script type=\"application\/ld+json\" class=\"yoast-schema-graph\">{\"@context\":\"https:\/\/schema.org\",\"@graph\":[{\"@type\":\"WebPage\",\"@id\":\"https:\/\/xenonkungen.com\/nl\/product\/relakabelsats-1st-extraljus-12v9006\/\",\"url\":\"https:\/\/xenonkungen.com\/nl\/product\/relakabelsats-1st-extraljus-12v9006\/\",\"name\":\"Rel\u00e4kabelsats 1st Extraljus 12V|9006 - Xenonkungen\",\"isPartOf\":{\"@id\":\"https:\/\/xenonkungen.com\/#website\"},\"primaryImageOfPage\":{\"@id\":\"https:\/\/xenonkungen.com\/nl\/product\/relakabelsats-1st-extraljus-12v9006\/#primaryimage\"},\"image\":{\"@id\":\"https:\/\/xenonkungen.com\/nl\/product\/relakabelsats-1st-extraljus-12v9006\/#primaryimage\"},\"thumbnailUrl\":\"https:\/\/xenonkungen.com\/wp-content\/uploads\/2025\/04\/9598113-origpic-584257.png\",\"datePublished\":\"2025-04-15T07:56:42+00:00\",\"dateModified\":\"2026-04-10T03:50:08+00:00\",\"breadcrumb\":{\"@id\":\"https:\/\/xenonkungen.com\/nl\/product\/relakabelsats-1st-extraljus-12v9006\/#breadcrumb\"},\"inLanguage\":\"es\",\"potentialAction\":[{\"@type\":\"ReadAction\",\"target\":[\"https:\/\/xenonkungen.com\/nl\/product\/relakabelsats-1st-extraljus-12v9006\/\"]}]},{\"@type\":\"ImageObject\",\"inLanguage\":\"es\",\"@id\":\"https:\/\/xenonkungen.com\/nl\/product\/relakabelsats-1st-extraljus-12v9006\/#primaryimage\",\"url\":\"https:\/\/xenonkungen.com\/wp-content\/uploads\/2025\/04\/9598113-origpic-584257.png\",\"contentUrl\":\"https:\/\/xenonkungen.com\/wp-content\/uploads\/2025\/04\/9598113-origpic-584257.png\",\"width\":1000,\"height\":1000},{\"@type\":\"BreadcrumbList\",\"@id\":\"https:\/\/xenonkungen.com\/nl\/product\/relakabelsats-1st-extraljus-12v9006\/#breadcrumb\",\"itemListElement\":[{\"@type\":\"ListItem\",\"position\":1,\"name\":\"Hem\",\"item\":\"https:\/\/xenonkungen.com\/\"},{\"@type\":\"ListItem\",\"position\":2,\"name\":\"Shop\",\"item\":\"https:\/\/xenonkungen.com\/shop\/\"},{\"@type\":\"ListItem\",\"position\":3,\"name\":\"Rel\u00e4kabelsats 1st Extraljus 12V|9006\"}]},{\"@type\":\"WebSite\",\"@id\":\"https:\/\/xenonkungen.com\/#website\",\"url\":\"https:\/\/xenonkungen.com\/\",\"name\":\"Xenonkungen\",\"description\":\"\",\"potentialAction\":[{\"@type\":\"SearchAction\",\"target\":{\"@type\":\"EntryPoint\",\"urlTemplate\":\"https:\/\/xenonkungen.com\/?s={search_term_string}\"},\"query-input\":{\"@type\":\"PropertyValueSpecification\",\"valueRequired\":true,\"valueName\":\"search_term_string\"}}],\"inLanguage\":\"es\"}]}<\/script>\n<!-- \/ Yoast SEO plugin. -->","yoast_head_json":{"title":"Juego de cables de rel\u00e9, 1 pieza, luz auxiliar de 12 V | 9006 - Xenonkungen","robots":{"index":"index","follow":"follow","max-snippet":"max-snippet:-1","max-image-preview":"max-image-preview:large","max-video-preview":"max-video-preview:-1"},"canonical":"https:\/\/xenonkungen.com\/es\/producto\/juego-de-cables-de-rele-para-luz-auxiliar-1-unidad-12-v-9006\/","og_locale":"es_ES","og_type":"article","og_title":"Rel\u00e4kabelsats 1st Extraljus 12V|9006 - Xenonkungen","og_description":"Rel\u00e4kabelsats f\u00f6r 1st extraljus\/12V Perfekt rel\u00e4kablage f\u00f6r dig som vill ansluta 1 styck Extraljus eller ledramp. F\u00e4rdigt med snabbkontakt (9006\/HB4)","og_url":"https:\/\/xenonkungen.com\/es\/producto\/juego-de-cables-de-rele-para-luz-auxiliar-1-unidad-12-v-9006\/","og_site_name":"Xenonkungen","article_modified_time":"2026-04-10T03:50:08+00:00","og_image":[{"width":1000,"height":1000,"url":"https:\/\/xenonkungen.com\/wp-content\/uploads\/2025\/04\/9598113-origpic-584257.png","type":"image\/png"}],"twitter_card":"summary_large_image","twitter_misc":{"Tiempo de lectura":"1 minuto"},"schema":{"@context":"https:\/\/schema.org","@graph":[{"@type":"WebPage","@id":"https:\/\/xenonkungen.com\/nl\/product\/relakabelsats-1st-extraljus-12v9006\/","url":"https:\/\/xenonkungen.com\/nl\/product\/relakabelsats-1st-extraljus-12v9006\/","name":"Juego de cables de rel\u00e9, 1 pieza, luz auxiliar de 12 V | 9006 - Xenonkungen","isPartOf":{"@id":"https:\/\/xenonkungen.com\/#website"},"primaryImageOfPage":{"@id":"https:\/\/xenonkungen.com\/nl\/product\/relakabelsats-1st-extraljus-12v9006\/#primaryimage"},"image":{"@id":"https:\/\/xenonkungen.com\/nl\/product\/relakabelsats-1st-extraljus-12v9006\/#primaryimage"},"thumbnailUrl":"https:\/\/xenonkungen.com\/wp-content\/uploads\/2025\/04\/9598113-origpic-584257.png","datePublished":"2025-04-15T07:56:42+00:00","dateModified":"2026-04-10T03:50:08+00:00","breadcrumb":{"@id":"https:\/\/xenonkungen.com\/nl\/product\/relakabelsats-1st-extraljus-12v9006\/#breadcrumb"},"inLanguage":"es","potentialAction":[{"@type":"ReadAction","target":["https:\/\/xenonkungen.com\/nl\/product\/relakabelsats-1st-extraljus-12v9006\/"]}]},{"@type":"ImageObject","inLanguage":"es","@id":"https:\/\/xenonkungen.com\/nl\/product\/relakabelsats-1st-extraljus-12v9006\/#primaryimage","url":"https:\/\/xenonkungen.com\/wp-content\/uploads\/2025\/04\/9598113-origpic-584257.png","contentUrl":"https:\/\/xenonkungen.com\/wp-content\/uploads\/2025\/04\/9598113-origpic-584257.png","width":1000,"height":1000},{"@type":"BreadcrumbList","@id":"https:\/\/xenonkungen.com\/nl\/product\/relakabelsats-1st-extraljus-12v9006\/#breadcrumb","itemListElement":[{"@type":"ListItem","position":1,"name":"Hem","item":"https:\/\/xenonkungen.com\/"},{"@type":"ListItem","position":2,"name":"Shop","item":"https:\/\/xenonkungen.com\/shop\/"},{"@type":"ListItem","position":3,"name":"Rel\u00e4kabelsats 1st Extraljus 12V|9006"}]},{"@type":"WebSite","@id":"https:\/\/xenonkungen.com\/#website","url":"https:\/\/xenonkungen.com\/","name":"Xenonkungen","description":"","potentialAction":[{"@type":"SearchAction","target":{"@type":"EntryPoint","urlTemplate":"https:\/\/xenonkungen.com\/?s={search_term_string}"},"query-input":{"@type":"PropertyValueSpecification","valueRequired":true,"valueName":"search_term_string"}}],"inLanguage":"es"}]}},"taxonomy_info":{"product_brand":[{"value":117,"label":"Xenonkungen"}],"product_cat":[{"value":2841,"label":"Installation extraljus"},{"value":2828,"label":"Installation LED-ramper"},{"value":2795,"label":"Kablar och Rel\u00e4"},{"value":2796,"label":"Rel\u00e4kabelsatser"},{"value":2488,"label":"Rel\u00e4sats"},{"value":2491,"label":"Rel\u00e4sats"},{"value":2489,"label":"Rel\u00e4satser"},{"value":2490,"label":"Rel\u00e4satser"},{"value":390,"label":"Installation"}],"pa_lampsockel-kontakt":[{"value":326,"label":"9006 , HB4"}],"pa_volt-v":[{"value":159,"label":"12"}]},"featured_image_src_large":["https:\/\/xenonkungen.com\/wp-content\/uploads\/2025\/04\/9598113-origpic-584257.png",1000,1000,false],"author_info":[],"comment_info":5,"_links":{"self":[{"href":"https:\/\/xenonkungen.com\/es\/wp-json\/wp\/v2\/product\/991","targetHints":{"allow":["GET"]}}],"collection":[{"href":"https:\/\/xenonkungen.com\/es\/wp-json\/wp\/v2\/product"}],"about":[{"href":"https:\/\/xenonkungen.com\/es\/wp-json\/wp\/v2\/types\/product"}],"replies":[{"embeddable":true,"href":"https:\/\/xenonkungen.com\/es\/wp-json\/wp\/v2\/comments?post=991"}],"wp:featuredmedia":[{"embeddable":true,"href":"https:\/\/xenonkungen.com\/es\/wp-json\/wp\/v2\/media\/992"}],"wp:attachment":[{"href":"https:\/\/xenonkungen.com\/es\/wp-json\/wp\/v2\/media?parent=991"}],"wp:term":[{"taxonomy":"anvandningsomrade","embeddable":true,"href":"https:\/\/xenonkungen.com\/es\/wp-json\/wp\/v2\/anvandningsomrade?post=991"},{"taxonomy":"bilmarken","embeddable":true,"href":"https:\/\/xenonkungen.com\/es\/wp-json\/wp\/v2\/bilmarken?post=991"},{"taxonomy":"product_brand","embeddable":true,"href":"https:\/\/xenonkungen.com\/es\/wp-json\/wp\/v2\/product_brand?post=991"},{"taxonomy":"product_cat","embeddable":true,"href":"https:\/\/xenonkungen.com\/es\/wp-json\/wp\/v2\/product_cat?post=991"},{"taxonomy":"product_tag","embeddable":true,"href":"https:\/\/xenonkungen.com\/es\/wp-json\/wp\/v2\/product_tag?post=991"}],"curies":[{"name":"wp","href":"https:\/\/api.w.org\/{rel}","templated":true}]}}