{"id":25520,"date":"2026-01-29T13:40:45","date_gmt":"2026-01-29T12:40:45","guid":{"rendered":"https:\/\/xenonkungen.com\/?page_id=25520"},"modified":"2026-02-15T13:14:26","modified_gmt":"2026-02-15T12:14:26","slug":"taysin-kootut-tuotteet","status":"publish","type":"page","link":"https:\/\/xenonkungen.com\/fi\/taysin-kootut-tuotteet\/","title":{"rendered":"Osta tuotteita, jotka voidaan koota"},"content":{"rendered":"<div class=\"smkn-access-denied\" style=\"max-width: 800px; margin: 60px auto; padding: 40px 20px; text-align: center;\">\n            <div style=\"background: linear-gradient(135deg, #f5f7fa 0%, #c3cfe2 100%); border-radius: 16px; padding: 60px 40px; box-shadow: 0 10px 40px rgba(0, 0, 0, 0.1);\">\n                <div style=\"font-size: 80px; margin-bottom: 20px; line-height: 1;\">\ud83c\udf0d<\/div>\n                <h2 style=\"font-size: 28px; font-weight: 700; color: #2c3e50; margin-bottom: 15px; line-height: 1.3;\">\n                    Denna funktion \u00e4r inte tillg\u00e4nglig i ditt land just nu.                <\/h2>\n                <p style=\"font-size: 16px; color: #546e7a; margin-bottom: 30px; line-height: 1.6;\">\n                    Monterat & Klart \u00e4r f\u00f6r n\u00e4rvarande endast tillg\u00e4ngligt i utvalda l\u00e4nder.                <\/p>\n                <a href=\"https:\/\/xenonkungen.com\/fi\/\" style=\"display: inline-block; background: #ff5e00; color: white; padding: 14px 32px; border-radius: 8px; text-decoration: none; font-weight: 600; font-size: 16px; transition: all 0.3s ease; box-shadow: 0 4px 15px rgba(255, 94, 0, 0.3);\">\n                    Takaisin kotisivulle                <\/a>\n            <\/div>\n        <\/div>\n        <p><\/p>","protected":false},"excerpt":{"rendered":"","protected":false},"author":1,"featured_media":0,"parent":0,"menu_order":0,"comment_status":"closed","ping_status":"closed","template":"","meta":{"_acf_changed":false,"_smort_price_nok":"","_smort_price_dkk":"","_smort_price_eur":"","_smort_sale_price_nok":"","_smort_sale_price_dkk":"","_smort_sale_price_eur":"","smort_restorder":"","shipmondo_restorder":"","_kad_blocks_custom_css":"","_kad_blocks_head_custom_js":"","_kad_blocks_body_custom_js":"","_kad_blocks_footer_custom_js":"","footnotes":""},"class_list":["post-25520","page","type-page","status-publish","hentry"],"acf":[],"yoast_head":"<!-- This site is optimized with the Yoast SEO plugin v27.0 - https:\/\/yoast.com\/product\/yoast-seo-wordpress\/ -->\n<title>K\u00f6p produkter med montering - Xenonkungen<\/title>\n<meta name=\"robots\" content=\"index, follow, max-snippet:-1, max-image-preview:large, max-video-preview:-1\" \/>\n<link rel=\"canonical\" href=\"https:\/\/xenonkungen.com\/fi\/taysin-kootut-tuotteet\/\" \/>\n<meta property=\"og:locale\" content=\"fi_FI\" \/>\n<meta property=\"og:type\" content=\"article\" \/>\n<meta property=\"og:title\" content=\"K\u00f6p produkter med montering - Xenonkungen\" \/>\n<meta property=\"og:url\" content=\"https:\/\/xenonkungen.com\/fi\/taysin-kootut-tuotteet\/\" \/>\n<meta property=\"og:site_name\" content=\"Xenonkungen\" \/>\n<meta property=\"article:modified_time\" content=\"2026-02-15T12:14:26+00:00\" \/>\n<meta name=\"twitter:card\" content=\"summary_large_image\" \/>\n<meta name=\"twitter:label1\" content=\"Arvioitu lukuaika\" \/>\n\t<meta name=\"twitter:data1\" content=\"1 minuutti\" \/>\n<script type=\"application\/ld+json\" class=\"yoast-schema-graph\">{\"@context\":\"https:\/\/schema.org\",\"@graph\":[{\"@type\":\"WebPage\",\"@id\":\"https:\/\/xenonkungen.com\/de\/vollstandig-montierte-produkte\/\",\"url\":\"https:\/\/xenonkungen.com\/de\/vollstandig-montierte-produkte\/\",\"name\":\"K\u00f6p produkter med montering - Xenonkungen\",\"isPartOf\":{\"@id\":\"https:\/\/xenonkungen.com\/#website\"},\"datePublished\":\"2026-01-29T12:40:45+00:00\",\"dateModified\":\"2026-02-15T12:14:26+00:00\",\"breadcrumb\":{\"@id\":\"https:\/\/xenonkungen.com\/de\/vollstandig-montierte-produkte\/#breadcrumb\"},\"inLanguage\":\"fi\",\"potentialAction\":[{\"@type\":\"ReadAction\",\"target\":[\"https:\/\/xenonkungen.com\/de\/vollstandig-montierte-produkte\/\"]}]},{\"@type\":\"BreadcrumbList\",\"@id\":\"https:\/\/xenonkungen.com\/de\/vollstandig-montierte-produkte\/#breadcrumb\",\"itemListElement\":[{\"@type\":\"ListItem\",\"position\":1,\"name\":\"Hem\",\"item\":\"https:\/\/xenonkungen.com\/\"},{\"@type\":\"ListItem\",\"position\":2,\"name\":\"K\u00f6p produkter med montering\"}]},{\"@type\":\"WebSite\",\"@id\":\"https:\/\/xenonkungen.com\/#website\",\"url\":\"https:\/\/xenonkungen.com\/\",\"name\":\"Xenonkungen\",\"description\":\"\",\"potentialAction\":[{\"@type\":\"SearchAction\",\"target\":{\"@type\":\"EntryPoint\",\"urlTemplate\":\"https:\/\/xenonkungen.com\/?s={search_term_string}\"},\"query-input\":{\"@type\":\"PropertyValueSpecification\",\"valueRequired\":true,\"valueName\":\"search_term_string\"}}],\"inLanguage\":\"fi\"}]}<\/script>\n<!-- \/ Yoast SEO plugin. -->","yoast_head_json":{"title":"Osta koottavia tuotteita - Xenonkungen","robots":{"index":"index","follow":"follow","max-snippet":"max-snippet:-1","max-image-preview":"max-image-preview:large","max-video-preview":"max-video-preview:-1"},"canonical":"https:\/\/xenonkungen.com\/fi\/taysin-kootut-tuotteet\/","og_locale":"fi_FI","og_type":"article","og_title":"K\u00f6p produkter med montering - Xenonkungen","og_url":"https:\/\/xenonkungen.com\/fi\/taysin-kootut-tuotteet\/","og_site_name":"Xenonkungen","article_modified_time":"2026-02-15T12:14:26+00:00","twitter_card":"summary_large_image","twitter_misc":{"Arvioitu lukuaika":"1 minuutti"},"schema":{"@context":"https:\/\/schema.org","@graph":[{"@type":"WebPage","@id":"https:\/\/xenonkungen.com\/de\/vollstandig-montierte-produkte\/","url":"https:\/\/xenonkungen.com\/de\/vollstandig-montierte-produkte\/","name":"Osta koottavia tuotteita - Xenonkungen","isPartOf":{"@id":"https:\/\/xenonkungen.com\/#website"},"datePublished":"2026-01-29T12:40:45+00:00","dateModified":"2026-02-15T12:14:26+00:00","breadcrumb":{"@id":"https:\/\/xenonkungen.com\/de\/vollstandig-montierte-produkte\/#breadcrumb"},"inLanguage":"fi","potentialAction":[{"@type":"ReadAction","target":["https:\/\/xenonkungen.com\/de\/vollstandig-montierte-produkte\/"]}]},{"@type":"BreadcrumbList","@id":"https:\/\/xenonkungen.com\/de\/vollstandig-montierte-produkte\/#breadcrumb","itemListElement":[{"@type":"ListItem","position":1,"name":"Hem","item":"https:\/\/xenonkungen.com\/"},{"@type":"ListItem","position":2,"name":"K\u00f6p produkter med montering"}]},{"@type":"WebSite","@id":"https:\/\/xenonkungen.com\/#website","url":"https:\/\/xenonkungen.com\/","name":"Xenonkungen","description":"","potentialAction":[{"@type":"SearchAction","target":{"@type":"EntryPoint","urlTemplate":"https:\/\/xenonkungen.com\/?s={search_term_string}"},"query-input":{"@type":"PropertyValueSpecification","valueRequired":true,"valueName":"search_term_string"}}],"inLanguage":"fi"}]}},"taxonomy_info":[],"featured_image_src_large":false,"author_info":{"display_name":"smort","author_link":"https:\/\/xenonkungen.com\/fi\/author\/smort\/"},"comment_info":0,"_links":{"self":[{"href":"https:\/\/xenonkungen.com\/fi\/wp-json\/wp\/v2\/pages\/25520","targetHints":{"allow":["GET"]}}],"collection":[{"href":"https:\/\/xenonkungen.com\/fi\/wp-json\/wp\/v2\/pages"}],"about":[{"href":"https:\/\/xenonkungen.com\/fi\/wp-json\/wp\/v2\/types\/page"}],"author":[{"embeddable":true,"href":"https:\/\/xenonkungen.com\/fi\/wp-json\/wp\/v2\/users\/1"}],"replies":[{"embeddable":true,"href":"https:\/\/xenonkungen.com\/fi\/wp-json\/wp\/v2\/comments?post=25520"}],"version-history":[{"count":0,"href":"https:\/\/xenonkungen.com\/fi\/wp-json\/wp\/v2\/pages\/25520\/revisions"}],"wp:attachment":[{"href":"https:\/\/xenonkungen.com\/fi\/wp-json\/wp\/v2\/media?parent=25520"}],"curies":[{"name":"wp","href":"https:\/\/api.w.org\/{rel}","templated":true}]}}