{"id":507,"date":"2025-02-10T09:56:02","date_gmt":"2025-02-10T09:56:02","guid":{"rendered":"https:\/\/xenonkungen.com\/?page_id=507"},"modified":"2026-03-10T16:02:18","modified_gmt":"2026-03-10T15:02:18","slug":"jalleenmyyja","status":"publish","type":"page","link":"https:\/\/xenonkungen.com\/fi\/jalleenmyyja\/","title":{"rendered":"J\u00e4lleenmyyj\u00e4t"},"content":{"rendered":"<style>.kb-row-layout-id507_9b1c3e-61 > .kt-row-column-wrap{align-content:end;}:where(.kb-row-layout-id507_9b1c3e-61 > .kt-row-column-wrap) > .wp-block-kadence-column{justify-content:end;}.kb-row-layout-id507_9b1c3e-61 > .kt-row-column-wrap{column-gap:var(--global-kb-gap-md, 2rem);row-gap:var(--global-kb-gap-md, 2rem);max-width:1600px;margin-left:auto;margin-right:auto;padding-top:var(--global-kb-spacing-sm, 1.5rem);padding-right:var(--global-kb-spacing-sm, 1.5rem);padding-bottom:var(--global-kb-spacing-xl, 4rem);padding-left:var(--global-kb-spacing-sm, 1.5rem);min-height:450px;grid-template-columns:minmax(0, 1fr);}.kb-row-layout-id507_9b1c3e-61{background-image:url('https:\/\/xenonkungen.com\/wp-content\/uploads\/2025\/10\/XK_STILLS7-scaled.jpg');background-size:cover;background-position:50% 56.00000000000001%;background-attachment:scroll;background-repeat:no-repeat;}.kb-row-layout-id507_9b1c3e-61 > .kt-row-layout-overlay{opacity:0.29;background:linear-gradient(135deg,rgb(0,0,0) 0%,rgba(0,0,0,0.57) 100%);}@media all and (max-width: 1024px){.kb-row-layout-id507_9b1c3e-61 > .kt-row-column-wrap{grid-template-columns:minmax(0, 1fr);}}@media all and (max-width: 767px){.kb-row-layout-wrap.wp-block-kadence-rowlayout.kb-row-layout-id507_9b1c3e-61{margin-top:-5px;}.kb-row-layout-id507_9b1c3e-61 > .kt-row-column-wrap{grid-template-columns:minmax(0, 1fr);}}<\/style><div class=\"kb-row-layout-wrap kb-row-layout-id507_9b1c3e-61 alignnone kt-row-has-bg wp-block-kadence-rowlayout\"><div class=\"kt-row-layout-overlay kt-row-overlay-gradient\"><\/div><div class=\"kt-row-column-wrap kt-has-1-columns kt-row-layout-equal kt-tab-layout-inherit kt-mobile-layout-row kt-row-valign-bottom\">\n<style>.kadence-column507_efa0b5-5a > .kt-inside-inner-col,.kadence-column507_efa0b5-5a > .kt-inside-inner-col:before{border-top-left-radius:0px;border-top-right-radius:0px;border-bottom-right-radius:0px;border-bottom-left-radius:0px;}.kadence-column507_efa0b5-5a > .kt-inside-inner-col{column-gap:var(--global-kb-gap-sm, 1rem);}.kadence-column507_efa0b5-5a > .kt-inside-inner-col{flex-direction:column;}.kadence-column507_efa0b5-5a > .kt-inside-inner-col > .aligncenter{width:100%;}.kadence-column507_efa0b5-5a > .kt-inside-inner-col:before{opacity:0.3;}.kadence-column507_efa0b5-5a{position:relative;}@media all and (max-width: 1024px){.kadence-column507_efa0b5-5a > .kt-inside-inner-col{flex-direction:column;}}@media all and (max-width: 767px){.kadence-column507_efa0b5-5a > .kt-inside-inner-col{display:flex;flex-direction:column;align-items:flex-start;}}<\/style>\n<div class=\"wp-block-kadence-column kadence-column507_efa0b5-5a\" data-aos=\"fade-up\"><div class=\"kt-inside-inner-col\"><style>.kb-row-layout-id507_7f347d-e4 > .kt-row-column-wrap{align-content:end;}:where(.kb-row-layout-id507_7f347d-e4 > .kt-row-column-wrap) > .wp-block-kadence-column{justify-content:end;}.kb-row-layout-id507_7f347d-e4 > .kt-row-column-wrap{column-gap:var(--global-kb-gap-md, 2rem);row-gap:var(--global-kb-gap-md, 2rem);padding-top:var(--global-kb-spacing-sm, 1.5rem);grid-template-columns:minmax(0, calc(60% - ((var(--global-kb-gap-md, 2rem) * 1 )\/2)))minmax(0, calc(40% - ((var(--global-kb-gap-md, 2rem) * 1 )\/2)));}.kb-row-layout-id507_7f347d-e4 > .kt-row-layout-overlay{opacity:0.30;}@media all and (max-width: 1024px){.kb-row-layout-id507_7f347d-e4 > .kt-row-column-wrap{grid-template-columns:repeat(2, minmax(0, 1fr));}}@media all and (max-width: 767px){.kb-row-layout-id507_7f347d-e4 > .kt-row-column-wrap{row-gap:var(--global-kb-gap-none, 0rem );padding-bottom:var(--global-kb-spacing-sm, 1.5rem);grid-template-columns:minmax(0, 1fr);}}<\/style><div class=\"kb-row-layout-wrap kb-row-layout-id507_7f347d-e4 alignnone wp-block-kadence-rowlayout\"><div class=\"kt-row-column-wrap kt-has-2-columns kt-row-layout-equal kt-tab-layout-inherit kt-mobile-layout-row kt-row-valign-bottom\">\n<style>.kadence-column507_f6d57b-0a > .kt-inside-inner-col,.kadence-column507_f6d57b-0a > .kt-inside-inner-col:before{border-top-left-radius:0px;border-top-right-radius:0px;border-bottom-right-radius:0px;border-bottom-left-radius:0px;}.kadence-column507_f6d57b-0a > .kt-inside-inner-col{column-gap:var(--global-kb-gap-sm, 1rem);}.kadence-column507_f6d57b-0a > .kt-inside-inner-col{flex-direction:column;}.kadence-column507_f6d57b-0a > .kt-inside-inner-col > .aligncenter{width:100%;}.kadence-column507_f6d57b-0a > .kt-inside-inner-col:before{opacity:0.3;}.kadence-column507_f6d57b-0a{position:relative;}@media all and (max-width: 1024px){.kadence-column507_f6d57b-0a > .kt-inside-inner-col{flex-direction:column;}}@media all and (max-width: 767px){.kadence-column507_f6d57b-0a > .kt-inside-inner-col{flex-direction:column;}}<\/style>\n<div class=\"wp-block-kadence-column kadence-column507_f6d57b-0a\" data-aos=\"fade-up\"><div class=\"kt-inside-inner-col\"><h1 class=\"wp-block-heading hero-heading-xk has-white-color has-text-color has-link-color wp-elements-56228250bb21ece14c15ca2e439a55d2\">J\u00e4lleenmyyj\u00e4t<\/h1><\/div><\/div>\n\n<style>.kadence-column507_e839f9-fa > .kt-inside-inner-col{display:flex;}.kadence-column507_e839f9-fa > .kt-inside-inner-col,.kadence-column507_e839f9-fa > .kt-inside-inner-col:before{border-top-left-radius:0px;border-top-right-radius:0px;border-bottom-right-radius:0px;border-bottom-left-radius:0px;}.kadence-column507_e839f9-fa > .kt-inside-inner-col{column-gap:var(--global-kb-gap-sm, 1rem);}.kadence-column507_e839f9-fa > .kt-inside-inner-col{flex-direction:column;align-items:flex-end;}.kadence-column507_e839f9-fa > .kt-inside-inner-col > .kb-image-is-ratio-size{align-self:stretch;}.kadence-column507_e839f9-fa > .kt-inside-inner-col > .wp-block-kadence-advancedgallery{align-self:stretch;}.kadence-column507_e839f9-fa > .kt-inside-inner-col > .aligncenter{width:100%;}.kadence-column507_e839f9-fa > .kt-inside-inner-col:before{opacity:0.3;}.kadence-column507_e839f9-fa{position:relative;}@media all and (max-width: 1024px){.kadence-column507_e839f9-fa > .kt-inside-inner-col{flex-direction:column;align-items:flex-end;}}@media all and (max-width: 767px){.kt-row-column-wrap > .kadence-column507_e839f9-fa{align-self:center;}.kt-inner-column-height-full:not(.kt-has-1-columns) > .wp-block-kadence-column.kadence-column507_e839f9-fa{align-self:auto;}.kt-inner-column-height-full:not(.kt-has-1-columns) > .wp-block-kadence-column.kadence-column507_e839f9-fa > .kt-inside-inner-col{flex-direction:column;justify-content:center;}.kadence-column507_e839f9-fa > .kt-inside-inner-col{flex-direction:column;align-items:center;}}<\/style>\n<div class=\"wp-block-kadence-column kadence-column507_e839f9-fa\" data-aos=\"fade-up\"><div class=\"kt-inside-inner-col\"><p class=\"has-white-color has-text-color has-link-color wp-elements-68a13a473865b7f6fd46306a94b348ba\">Haluatko j\u00e4lleenmyyj\u00e4ksi? <br><br>Tarjoamme seuraavaa:<br>\u2713 Hyv\u00e4t ostohinnat vahvoilla katteilla ja houkuttelevilla eduilla <br>\u2713 Ensisijainen tuki ja nopeat toimitukset<br>\u2713 Laadukkaat tuotteet, joiden takana seisomme \u2013 100 % asiakastyytyv\u00e4isyystakuu<br><br><strong>Kenelle?<\/strong><br>Korjaamot, p\u00e4\u00e4llirakentajat, autoliikkeet, asentajat ja kuljetusliikkeet \u2013 kaikki, jotka ty\u00f6skentelev\u00e4t ajoneuvovalaistuksen parissa.<\/p><\/div><\/div>\n<\/div><\/div><\/div><\/div>\n<\/div><\/div><style>.kb-row-layout-id507_bcc5c4-93 > .kt-row-column-wrap{align-content:start;}:where(.kb-row-layout-id507_bcc5c4-93 > .kt-row-column-wrap) > .wp-block-kadence-column{justify-content:start;}.kb-row-layout-id507_bcc5c4-93 > .kt-row-column-wrap{column-gap:var(--global-kb-gap-md, 2rem);row-gap:var(--global-kb-gap-md, 2rem);max-width:1600px;margin-left:auto;margin-right:auto;padding-top:var(--global-kb-spacing-4xl, 8rem);min-height:400px;grid-template-columns:minmax(0, 1fr);}.kb-row-layout-id507_bcc5c4-93 > .kt-row-layout-overlay{opacity:0.30;}@media all and (max-width: 1024px){.kb-row-layout-id507_bcc5c4-93 > .kt-row-column-wrap{grid-template-columns:minmax(0, 1fr);}}@media all and (max-width: 767px){.kb-row-layout-id507_bcc5c4-93 > .kt-row-column-wrap{padding-top:var(--global-kb-spacing-md, 2rem);padding-right:12px;padding-left:12px;grid-template-columns:minmax(0, 1fr);}}<\/style><div class=\"kb-row-layout-wrap kb-row-layout-id507_bcc5c4-93 alignnone has-black-background-color kt-row-has-bg wp-block-kadence-rowlayout\"><div class=\"kt-row-column-wrap kt-has-1-columns kt-row-layout-equal kt-tab-layout-inherit kt-mobile-layout-row kt-row-valign-top kt-inner-column-height-full\">\n<style>.kadence-column507_9ab45b-00 > .kt-inside-inner-col,.kadence-column507_9ab45b-00 > .kt-inside-inner-col:before{border-top-left-radius:0px;border-top-right-radius:0px;border-bottom-right-radius:0px;border-bottom-left-radius:0px;}.kadence-column507_9ab45b-00 > .kt-inside-inner-col{column-gap:var(--global-kb-gap-sm, 1rem);}.kadence-column507_9ab45b-00 > .kt-inside-inner-col{flex-direction:column;}.kadence-column507_9ab45b-00 > .kt-inside-inner-col > .aligncenter{width:100%;}.kadence-column507_9ab45b-00 > .kt-inside-inner-col:before{opacity:0.3;}.kadence-column507_9ab45b-00{position:relative;}@media all and (max-width: 1024px){.kadence-column507_9ab45b-00 > .kt-inside-inner-col{flex-direction:column;}}@media all and (max-width: 767px){.kadence-column507_9ab45b-00 > .kt-inside-inner-col{flex-direction:column;}}<\/style>\n<div class=\"wp-block-kadence-column kadence-column507_9ab45b-00\" data-aos=\"fade-up\"><div class=\"kt-inside-inner-col\"><style>.kb-row-layout-id507_c9bd27-62 > .kt-row-column-wrap{align-content:start;}:where(.kb-row-layout-id507_c9bd27-62 > .kt-row-column-wrap) > .wp-block-kadence-column{justify-content:start;}.kb-row-layout-id507_c9bd27-62 > .kt-row-column-wrap{column-gap:var(--global-kb-gap-lg, 4rem);row-gap:var(--global-kb-gap-md, 2rem);padding-top:var(--global-kb-spacing-sm, 1.5rem);grid-template-columns:minmax(0, calc(50% - ((var(--global-kb-gap-lg, 4rem) * 1 )\/2)))minmax(0, calc(50% - ((var(--global-kb-gap-lg, 4rem) * 1 )\/2)));}.kb-row-layout-id507_c9bd27-62 > .kt-row-layout-overlay{opacity:0.30;}@media all and (max-width: 1024px){.kb-row-layout-id507_c9bd27-62 > .kt-row-column-wrap{grid-template-columns:repeat(2, minmax(0, 1fr));}}@media all and (max-width: 767px){.kb-row-layout-id507_c9bd27-62 > .kt-row-column-wrap{grid-template-columns:minmax(0, 1fr);}}<\/style><div class=\"kb-row-layout-wrap kb-row-layout-id507_c9bd27-62 alignnone wp-block-kadence-rowlayout\"><div class=\"kt-row-column-wrap kt-has-2-columns kt-row-layout-equal kt-tab-layout-inherit kt-mobile-layout-row kt-row-valign-top kt-inner-column-height-full\">\n<style>.kadence-column507_64af1e-41 > .kt-inside-inner-col,.kadence-column507_64af1e-41 > .kt-inside-inner-col:before{border-top-left-radius:0px;border-top-right-radius:0px;border-bottom-right-radius:0px;border-bottom-left-radius:0px;}.kadence-column507_64af1e-41 > .kt-inside-inner-col{column-gap:var(--global-kb-gap-sm, 1rem);}.kadence-column507_64af1e-41 > .kt-inside-inner-col{flex-direction:column;}.kadence-column507_64af1e-41 > .kt-inside-inner-col > .aligncenter{width:100%;}.kadence-column507_64af1e-41 > .kt-inside-inner-col:before{opacity:0.3;}.kadence-column507_64af1e-41{position:relative;}@media all and (max-width: 1024px){.kadence-column507_64af1e-41 > .kt-inside-inner-col{flex-direction:column;}}@media all and (max-width: 767px){.kadence-column507_64af1e-41 > .kt-inside-inner-col{flex-direction:column;}}<\/style>\n<div class=\"wp-block-kadence-column kadence-column507_64af1e-41\"><div class=\"kt-inside-inner-col\"><h2 class=\"wp-block-heading main-heading-xk has-white-color has-text-color has-link-color wp-elements-8a46a4a4f533b263c4d079a29d0f246e\">Ryhdytk\u00f6 j\u00e4lleenmyyj\u00e4ksi?<\/h2>\n\n<p class=\"has-white-color has-text-color has-link-color wp-elements-c972a375f6e654b6a348e65104793d13\"><strong>Haluatko sin\u00e4kin, kuten me, tarjota asiakkaillesi jotain parempaa \u2013 oikeasti?<\/strong><br>Sitten olet l\u00e4mpim\u00e4sti tervetullut Xenonkungenin j\u00e4lleenmyyj\u00e4ksi.<br><br>Teemme t\u00e4ll\u00e4 hetkell\u00e4 yhteisty\u00f6t\u00e4 yli 500 j\u00e4lleenmyyj\u00e4n, korjaamon ja asentajan kanssa. Vuodesta 2004 l\u00e4htien olemme rakentaneet liiketoimintamme k\u00e4yt\u00e4nn\u00f6n kokemuksen ja selkeiden laatutuotteiden ymp\u00e4rille, jotka luovat todellista arvoa.<br><br>J\u00e4lleenmyyj\u00e4n\u00e4 saat k\u00e4ytt\u00f6\u00f6si huolellisesti valitun ajoneuvovalaisimien valikoiman, hyv\u00e4t katteet ja henkil\u00f6kohtaista tukea tuoteasiantuntijoilta. <br><br>Uskomme pitk\u00e4aikaisiin kumppanuuksiin, selkeisiin viesteihin ja tuotteisiin, joiden takana seisomme. Siksi pyrimme aina 100%:n tyytyv\u00e4isiin asiakkaisiin.<br><br>Voit soittaa tai l\u00e4hett\u00e4\u00e4 s\u00e4hk\u00f6postia tiedustelusi muodossa, niin otamme siit\u00e4 eteenp\u00e4in keskustelun!<\/p>\n\n<div class=\"wp-block-buttons is-content-justification-left is-layout-flex wp-container-core-buttons-is-layout-fdcfc74e wp-block-buttons-is-layout-flex\"><div class=\"wp-block-button outline-btn-white-xk is-style-outline is-style-outline--1\"><a class=\"wp-block-button__link has-white-color has-text-color has-background has-link-color wp-element-button\" href=\"mailto:joseph@xenonkungen.com; viktor@xenonkungen.se\" style=\"border-radius:0px;background-color:#ffffff00\">L\u00e4het\u00e4 kyselysi s\u00e4hk\u00f6postitse<\/a><\/div><\/div>\n\n<div style=\"height:54px\" aria-hidden=\"true\" class=\"wp-block-spacer\"><\/div><\/div><\/div>\n\n<style>.kadence-column507_c8d0b7-10 > .kt-inside-inner-col,.kadence-column507_c8d0b7-10 > .kt-inside-inner-col:before{border-top-left-radius:0px;border-top-right-radius:0px;border-bottom-right-radius:0px;border-bottom-left-radius:0px;}.kadence-column507_c8d0b7-10 > .kt-inside-inner-col{column-gap:var(--global-kb-gap-sm, 1rem);}.kadence-column507_c8d0b7-10 > .kt-inside-inner-col{flex-direction:column;}.kadence-column507_c8d0b7-10 > .kt-inside-inner-col > .aligncenter{width:100%;}.kadence-column507_c8d0b7-10 > .kt-inside-inner-col{background-image:url('https:\/\/xenonkungen.com\/wp-content\/uploads\/2025\/10\/XK_STILLS3-scaled.jpg');background-size:cover;background-position:48% 80%;background-attachment:scroll;background-repeat:no-repeat;}.kadence-column507_c8d0b7-10 > .kt-inside-inner-col:before{opacity:0.3;}.kadence-column507_c8d0b7-10{position:relative;}.kadence-column507_c8d0b7-10, .kt-inside-inner-col > .kadence-column507_c8d0b7-10:not(.specificity){margin-bottom:-80px;}@media all and (max-width: 1024px){.kadence-column507_c8d0b7-10 > .kt-inside-inner-col{flex-direction:column;}}@media all and (max-width: 767px){.kadence-column507_c8d0b7-10 > .kt-inside-inner-col{flex-direction:column;}}<\/style>\n<div class=\"wp-block-kadence-column kadence-column507_c8d0b7-10\"><div class=\"kt-inside-inner-col\"><\/div><\/div>\n<\/div><\/div><\/div><\/div>\n<\/div><\/div><style>.kb-row-layout-id507_cbbcd2-f3 > .kt-row-column-wrap{align-content:start;}:where(.kb-row-layout-id507_cbbcd2-f3 > .kt-row-column-wrap) > .wp-block-kadence-column{justify-content:start;}.kb-row-layout-id507_cbbcd2-f3 > .kt-row-column-wrap{column-gap:var(--global-kb-gap-md, 2rem);row-gap:var(--global-kb-gap-md, 2rem);max-width:1600px;margin-left:auto;margin-right:auto;padding-top:var(--global-kb-spacing-sm, 1.5rem);padding-bottom:var(--global-kb-spacing-sm, 1.5rem);min-height:200px;grid-template-columns:minmax(0, 1fr);}.kb-row-layout-id507_cbbcd2-f3 > .kt-row-layout-overlay{opacity:0.30;}@media all and (max-width: 1024px){.kb-row-layout-id507_cbbcd2-f3 > .kt-row-column-wrap{grid-template-columns:minmax(0, 1fr);}}@media all and (max-width: 767px){.kb-row-layout-id507_cbbcd2-f3 > .kt-row-column-wrap{grid-template-columns:minmax(0, 1fr);}}<\/style><div class=\"kb-row-layout-wrap kb-row-layout-id507_cbbcd2-f3 alignnone has-black-background-color kt-row-has-bg wp-block-kadence-rowlayout\"><div class=\"kt-row-column-wrap kt-has-1-columns kt-row-layout-equal kt-tab-layout-inherit kt-mobile-layout-row kt-row-valign-top\">\n<style>.kadence-column507_0279d0-30 > .kt-inside-inner-col,.kadence-column507_0279d0-30 > .kt-inside-inner-col:before{border-top-left-radius:0px;border-top-right-radius:0px;border-bottom-right-radius:0px;border-bottom-left-radius:0px;}.kadence-column507_0279d0-30 > .kt-inside-inner-col{column-gap:var(--global-kb-gap-sm, 1rem);}.kadence-column507_0279d0-30 > .kt-inside-inner-col{flex-direction:column;}.kadence-column507_0279d0-30 > .kt-inside-inner-col > .aligncenter{width:100%;}.kadence-column507_0279d0-30 > .kt-inside-inner-col:before{opacity:0.3;}.kadence-column507_0279d0-30{position:relative;}@media all and (max-width: 1024px){.kadence-column507_0279d0-30 > .kt-inside-inner-col{flex-direction:column;}}@media all and (max-width: 767px){.kadence-column507_0279d0-30 > .kt-inside-inner-col{flex-direction:column;}}<\/style>\n<div class=\"wp-block-kadence-column kadence-column507_0279d0-30\"><div class=\"kt-inside-inner-col\"><\/div><\/div>\n<\/div><\/div><style>.kb-row-layout-id507_d9b8f9-38 > .kt-row-column-wrap{align-content:start;}:where(.kb-row-layout-id507_d9b8f9-38 > .kt-row-column-wrap) > .wp-block-kadence-column{justify-content:start;}.kb-row-layout-id507_d9b8f9-38 > .kt-row-column-wrap{column-gap:var(--global-kb-gap-md, 2rem);row-gap:var(--global-kb-gap-md, 2rem);max-width:1600px;margin-left:auto;margin-right:auto;padding-right:var(--global-kb-spacing-sm, 1.5rem);padding-left:var(--global-kb-spacing-sm, 1.5rem);grid-template-columns:minmax(0, 1fr);}.kb-row-layout-id507_d9b8f9-38 > .kt-row-layout-overlay{opacity:0.30;}@media all and (max-width: 1024px){.kb-row-layout-id507_d9b8f9-38 > .kt-row-column-wrap{grid-template-columns:minmax(0, 1fr);}}@media all and (max-width: 767px){.kb-row-layout-id507_d9b8f9-38 > .kt-row-column-wrap{grid-template-columns:minmax(0, 1fr);}}<\/style><div class=\"kb-row-layout-wrap kb-row-layout-id507_d9b8f9-38 alignnone has-black-background-color kt-row-has-bg wp-block-kadence-rowlayout\"><div class=\"kt-row-column-wrap kt-has-1-columns kt-row-layout-equal kt-tab-layout-inherit kt-mobile-layout-row kt-row-valign-top\">\n<style>.kadence-column507_9f3ce1-c6 > .kt-inside-inner-col,.kadence-column507_9f3ce1-c6 > .kt-inside-inner-col:before{border-top-left-radius:0px;border-top-right-radius:0px;border-bottom-right-radius:0px;border-bottom-left-radius:0px;}.kadence-column507_9f3ce1-c6 > .kt-inside-inner-col{column-gap:var(--global-kb-gap-sm, 1rem);}.kadence-column507_9f3ce1-c6 > .kt-inside-inner-col{flex-direction:column;}.kadence-column507_9f3ce1-c6 > .kt-inside-inner-col > .aligncenter{width:100%;}.kadence-column507_9f3ce1-c6 > .kt-inside-inner-col:before{opacity:0.3;}.kadence-column507_9f3ce1-c6{position:relative;}@media all and (max-width: 1024px){.kadence-column507_9f3ce1-c6 > .kt-inside-inner-col{flex-direction:column;}}@media all and (max-width: 767px){.kadence-column507_9f3ce1-c6 > .kt-inside-inner-col{flex-direction:column;}}<\/style>\n<div class=\"wp-block-kadence-column kadence-column507_9f3ce1-c6\" data-aos=\"fade-up\"><div class=\"kt-inside-inner-col\"><div class=\"blend-mode-container\">\n            <video autoplay muted loop playsinline class=\"background-video\">\n            <source src=\"\/wp-content\/uploads\/2025\/01\/6999082_Street_Drive_1920x1080.mp4\" type=\"video\/mp4\">\n            Selaimesi ei tue videon toistoa.\n        <\/video>\n    \n\n            <h2 class=\"blend-mode-text\">Ajoneuvojen valaistuksen asiantuntijat<\/h2>\n    \n            <p class=\"blend-mode-paragraph\">Vuodesta 2004 l\u00e4htien<\/p>\n    \n            <a href=\"\/shop\" class=\"blend-mode-link\">Tuotteisiimme<\/a>\n    <\/div><\/div><\/div>\n<\/div><\/div>","protected":false},"excerpt":{"rendered":"<p>\u00c5terf\u00f6rs\u00e4ljare Vill du bli \u00e5terf\u00f6rs\u00e4ljare? Det h\u00e4r erbjuder vi:\u2713 Bra ink\u00f6pspriser med starka marginaler &amp; attraktiva f\u00f6rm\u00e5ner \u2713 Prioriterad support &amp; snabba leveranser\u2713 Kvalitetsprodukter vi st\u00e5r bakom \u2013 100 % n\u00f6jd kund-garanti F\u00f6r vem?Verkst\u00e4der, p\u00e5byggare, bilhandlare, mont\u00f6rer och \u00e5kerier \u2013 alla som jobbar med fordonsbelysning. Bli \u00e5terf\u00f6rs\u00e4ljare? Vill du, precis som vi, erbjuda dina kunder [&hellip;]<\/p>","protected":false},"author":1,"featured_media":0,"parent":0,"menu_order":0,"comment_status":"closed","ping_status":"closed","template":"","meta":{"_acf_changed":false,"_smort_price_nok":"","_smort_price_dkk":"","_smort_price_eur":"","_smort_sale_price_nok":"","_smort_sale_price_dkk":"","_smort_sale_price_eur":"","smort_restorder":"","shipmondo_restorder":"","_kad_blocks_custom_css":"","_kad_blocks_head_custom_js":"","_kad_blocks_body_custom_js":"","_kad_blocks_footer_custom_js":"","footnotes":""},"class_list":["post-507","page","type-page","status-publish","hentry"],"acf":[],"yoast_head":"<!-- This site is optimized with the Yoast SEO plugin v27.0 - https:\/\/yoast.com\/product\/yoast-seo-wordpress\/ -->\n<title>\u00c5terf\u00f6rs\u00e4ljare - Xenonkungen<\/title>\n<meta name=\"robots\" content=\"index, follow, max-snippet:-1, max-image-preview:large, max-video-preview:-1\" \/>\n<link rel=\"canonical\" href=\"https:\/\/xenonkungen.com\/fi\/jalleenmyyja\/\" \/>\n<meta property=\"og:locale\" content=\"fi_FI\" \/>\n<meta property=\"og:type\" content=\"article\" \/>\n<meta property=\"og:title\" content=\"\u00c5terf\u00f6rs\u00e4ljare - Xenonkungen\" \/>\n<meta property=\"og:description\" content=\"\u00c5terf\u00f6rs\u00e4ljare Vill du bli \u00e5terf\u00f6rs\u00e4ljare? Det h\u00e4r erbjuder vi:\u2713 Bra ink\u00f6pspriser med starka marginaler &amp; attraktiva f\u00f6rm\u00e5ner \u2713 Prioriterad support &amp; snabba leveranser\u2713 Kvalitetsprodukter vi st\u00e5r bakom \u2013 100 % n\u00f6jd kund-garanti F\u00f6r vem?Verkst\u00e4der, p\u00e5byggare, bilhandlare, mont\u00f6rer och \u00e5kerier \u2013 alla som jobbar med fordonsbelysning. Bli \u00e5terf\u00f6rs\u00e4ljare? Vill du, precis som vi, erbjuda dina kunder [&hellip;]\" \/>\n<meta property=\"og:url\" content=\"https:\/\/xenonkungen.com\/fi\/jalleenmyyja\/\" \/>\n<meta property=\"og:site_name\" content=\"Xenonkungen\" \/>\n<meta property=\"article:modified_time\" content=\"2026-03-10T15:02:18+00:00\" \/>\n<meta name=\"twitter:card\" content=\"summary_large_image\" \/>\n<meta name=\"twitter:label1\" content=\"Arvioitu lukuaika\" \/>\n\t<meta name=\"twitter:data1\" content=\"1 minuutti\" \/>\n<script type=\"application\/ld+json\" class=\"yoast-schema-graph\">{\"@context\":\"https:\/\/schema.org\",\"@graph\":[{\"@type\":\"WebPage\",\"@id\":\"https:\/\/xenonkungen.com\/aterforsaljare\/\",\"url\":\"https:\/\/xenonkungen.com\/aterforsaljare\/\",\"name\":\"\u00c5terf\u00f6rs\u00e4ljare - Xenonkungen\",\"isPartOf\":{\"@id\":\"https:\/\/xenonkungen.com\/#website\"},\"datePublished\":\"2025-02-10T09:56:02+00:00\",\"dateModified\":\"2026-03-10T15:02:18+00:00\",\"breadcrumb\":{\"@id\":\"https:\/\/xenonkungen.com\/aterforsaljare\/#breadcrumb\"},\"inLanguage\":\"fi\",\"potentialAction\":[{\"@type\":\"ReadAction\",\"target\":[\"https:\/\/xenonkungen.com\/aterforsaljare\/\"]}]},{\"@type\":\"BreadcrumbList\",\"@id\":\"https:\/\/xenonkungen.com\/aterforsaljare\/#breadcrumb\",\"itemListElement\":[{\"@type\":\"ListItem\",\"position\":1,\"name\":\"Hem\",\"item\":\"https:\/\/xenonkungen.com\/\"},{\"@type\":\"ListItem\",\"position\":2,\"name\":\"\u00c5terf\u00f6rs\u00e4ljare\"}]},{\"@type\":\"WebSite\",\"@id\":\"https:\/\/xenonkungen.com\/#website\",\"url\":\"https:\/\/xenonkungen.com\/\",\"name\":\"Xenonkungen\",\"description\":\"\",\"potentialAction\":[{\"@type\":\"SearchAction\",\"target\":{\"@type\":\"EntryPoint\",\"urlTemplate\":\"https:\/\/xenonkungen.com\/?s={search_term_string}\"},\"query-input\":{\"@type\":\"PropertyValueSpecification\",\"valueRequired\":true,\"valueName\":\"search_term_string\"}}],\"inLanguage\":\"fi\"}]}<\/script>\n<!-- \/ Yoast SEO plugin. -->","yoast_head_json":{"title":"J\u00e4lleenmyyj\u00e4 - Xenonkungen","robots":{"index":"index","follow":"follow","max-snippet":"max-snippet:-1","max-image-preview":"max-image-preview:large","max-video-preview":"max-video-preview:-1"},"canonical":"https:\/\/xenonkungen.com\/fi\/jalleenmyyja\/","og_locale":"fi_FI","og_type":"article","og_title":"\u00c5terf\u00f6rs\u00e4ljare - Xenonkungen","og_description":"\u00c5terf\u00f6rs\u00e4ljare Vill du bli \u00e5terf\u00f6rs\u00e4ljare? Det h\u00e4r erbjuder vi:\u2713 Bra ink\u00f6pspriser med starka marginaler &amp; attraktiva f\u00f6rm\u00e5ner \u2713 Prioriterad support &amp; snabba leveranser\u2713 Kvalitetsprodukter vi st\u00e5r bakom \u2013 100 % n\u00f6jd kund-garanti F\u00f6r vem?Verkst\u00e4der, p\u00e5byggare, bilhandlare, mont\u00f6rer och \u00e5kerier \u2013 alla som jobbar med fordonsbelysning. Bli \u00e5terf\u00f6rs\u00e4ljare? Vill du, precis som vi, erbjuda dina kunder [&hellip;]","og_url":"https:\/\/xenonkungen.com\/fi\/jalleenmyyja\/","og_site_name":"Xenonkungen","article_modified_time":"2026-03-10T15:02:18+00:00","twitter_card":"summary_large_image","twitter_misc":{"Arvioitu lukuaika":"1 minuutti"},"schema":{"@context":"https:\/\/schema.org","@graph":[{"@type":"WebPage","@id":"https:\/\/xenonkungen.com\/aterforsaljare\/","url":"https:\/\/xenonkungen.com\/aterforsaljare\/","name":"J\u00e4lleenmyyj\u00e4 - Xenonkungen","isPartOf":{"@id":"https:\/\/xenonkungen.com\/#website"},"datePublished":"2025-02-10T09:56:02+00:00","dateModified":"2026-03-10T15:02:18+00:00","breadcrumb":{"@id":"https:\/\/xenonkungen.com\/aterforsaljare\/#breadcrumb"},"inLanguage":"fi","potentialAction":[{"@type":"ReadAction","target":["https:\/\/xenonkungen.com\/aterforsaljare\/"]}]},{"@type":"BreadcrumbList","@id":"https:\/\/xenonkungen.com\/aterforsaljare\/#breadcrumb","itemListElement":[{"@type":"ListItem","position":1,"name":"Hem","item":"https:\/\/xenonkungen.com\/"},{"@type":"ListItem","position":2,"name":"\u00c5terf\u00f6rs\u00e4ljare"}]},{"@type":"WebSite","@id":"https:\/\/xenonkungen.com\/#website","url":"https:\/\/xenonkungen.com\/","name":"Xenonkungen","description":"","potentialAction":[{"@type":"SearchAction","target":{"@type":"EntryPoint","urlTemplate":"https:\/\/xenonkungen.com\/?s={search_term_string}"},"query-input":{"@type":"PropertyValueSpecification","valueRequired":true,"valueName":"search_term_string"}}],"inLanguage":"fi"}]}},"taxonomy_info":[],"featured_image_src_large":false,"author_info":{"display_name":"smort","author_link":"https:\/\/xenonkungen.com\/fi\/author\/smort\/"},"comment_info":0,"_links":{"self":[{"href":"https:\/\/xenonkungen.com\/fi\/wp-json\/wp\/v2\/pages\/507","targetHints":{"allow":["GET"]}}],"collection":[{"href":"https:\/\/xenonkungen.com\/fi\/wp-json\/wp\/v2\/pages"}],"about":[{"href":"https:\/\/xenonkungen.com\/fi\/wp-json\/wp\/v2\/types\/page"}],"author":[{"embeddable":true,"href":"https:\/\/xenonkungen.com\/fi\/wp-json\/wp\/v2\/users\/1"}],"replies":[{"embeddable":true,"href":"https:\/\/xenonkungen.com\/fi\/wp-json\/wp\/v2\/comments?post=507"}],"version-history":[{"count":0,"href":"https:\/\/xenonkungen.com\/fi\/wp-json\/wp\/v2\/pages\/507\/revisions"}],"wp:attachment":[{"href":"https:\/\/xenonkungen.com\/fi\/wp-json\/wp\/v2\/media?parent=507"}],"curies":[{"name":"wp","href":"https:\/\/api.w.org\/{rel}","templated":true}]}}