{"id":1009,"date":"2025-04-15T07:56:42","date_gmt":"2025-04-15T07:56:42","guid":{"rendered":"https:\/\/xenonkungen.com\/product\/relakabelsats-2st-extraljus-24v-9006\/"},"modified":"2026-03-25T09:13:26","modified_gmt":"2026-03-25T08:13:26","slug":"relekaapelisarja-2-kpl-lisavalot-24v-9006","status":"publish","type":"product","link":"https:\/\/xenonkungen.com\/fi\/tuote\/relekaapelisarja-2-kpl-lisavalot-24v-9006\/","title":{"rendered":"Relekaapelisarja 2kpl Lis\u00e4valo 24V | 9006"},"content":{"rendered":"<h1>Relekaapelisarja 2B | 9006 24V 24V<\/h1>\n<p>Relekaapeli 2 x 24 V:n xenon-lis\u00e4valoille tai 24 V:n xenon-sarjan turvalliseen virrank\u00e4ytt\u00f6\u00f6n.<\/p>\n<p><strong>24V DC.<\/strong><\/p>\n<p>Liitet\u00e4\u00e4n akkuun, maadoitukseen ja virransy\u00f6tt\u00f6\u00f6n vastaavassa liit\u00e4nt\u00e4laitteessa ja signaalivirtaan nykyisist\u00e4 kaukovalon liittimist\u00e4.<\/p>\n<p>Erityisohjeita ei ole mukana.<\/p>\n<p><em>Huomaa, ett\u00e4 jotkin ajoneuvot vaativat erityisen releratkaisun (ks. lis\u00e4varuste XBB) ns. Can-v\u00e4yl\u00e4valvonta.<\/em><\/p>","protected":false},"excerpt":{"rendered":"<p>Relekaapelisarja kahdelle lis\u00e4valolle\/24V<br \/>\nT\u00e4ydellinen relejohto niille, jotka haluavat liitt\u00e4\u00e4 2 lis\u00e4valoa tai led-ramppia. T\u00e4ydellinen pikaliittimell\u00e4 (9006\/HB4).<\/p>","protected":false},"featured_media":1010,"comment_status":"closed","ping_status":"open","template":"","meta":{"_acf_changed":false,"_smort_price_nok":"315","_smort_price_dkk":"200","_smort_price_eur":"26.82","_smort_sale_price_nok":"","_smort_sale_price_dkk":"","_smort_sale_price_eur":"","smort_restorder":"","shipmondo_restorder":"","_kad_blocks_custom_css":"","_kad_blocks_head_custom_js":"","_kad_blocks_body_custom_js":"","_kad_blocks_footer_custom_js":"","smort_custom_pricelist_1":"188.8","smort_custom_pricelist_2":"165.2","smort_custom_pricelist_3":"153.4","smort_custom_pricelist_4":"236","smort_custom_pricelist_5":"165.2"},"anvandningsomrade":[],"bilmarken":[],"product_brand":[],"product_cat":[2841,2828,2795,2796,2488,2491,2489,2490,390],"product_tag":[],"class_list":{"0":"post-1009","1":"product","2":"type-product","3":"status-publish","4":"has-post-thumbnail","6":"product_cat-installation-extraljus","7":"product_cat-installation-led-ramper","8":"product_cat-kablar-rela","9":"product_cat-relakabelsatser","10":"product_cat-relasats-arbetsbelysning","11":"product_cat-relasats","12":"product_cat-relasats-extraljus","13":"product_cat-relasats-2","14":"product_cat-installation","15":"pa_lampsockel-kontakt-330","16":"pa_volt-v-160","18":"first","19":"instock","20":"taxable","21":"shipping-taxable","22":"purchasable","23":"product-type-simple"},"bundled_by":[],"bundle_stock_status":"instock","bundle_stock_quantity":143,"bundle_virtual":false,"bundle_layout":"","bundle_add_to_cart_form_location":"","bundle_editable_in_cart":false,"bundle_sold_individually_context":"","bundle_item_grouping":"","bundle_min_size":"","bundle_max_size":"","bundle_price":[],"bundled_items":[],"bundle_sell_ids":[],"acf":[],"yoast_head":"<!-- This site is optimized with the Yoast SEO plugin v27.0 - https:\/\/yoast.com\/product\/yoast-seo-wordpress\/ -->\n<title>Rel\u00e4kabelsats 2st Extraljus 24V | 9006 - Xenonkungen<\/title>\n<meta name=\"robots\" content=\"index, follow, max-snippet:-1, max-image-preview:large, max-video-preview:-1\" \/>\n<link rel=\"canonical\" href=\"https:\/\/xenonkungen.com\/fi\/tuote\/relekaapelisarja-2-kpl-lisavalot-24v-9006\/\" \/>\n<meta property=\"og:locale\" content=\"fi_FI\" \/>\n<meta property=\"og:type\" content=\"article\" \/>\n<meta property=\"og:title\" content=\"Rel\u00e4kabelsats 2st Extraljus 24V | 9006 - Xenonkungen\" \/>\n<meta property=\"og:description\" content=\"Rel\u00e4kabelsats f\u00f6r 2st extraljus\/24V Perfekt rel\u00e4kablage f\u00f6r dig som vill ansluta 2 styck Extraljus eller ledramp. F\u00e4rdigt med snabbkontakt (9006\/HB4)\" \/>\n<meta property=\"og:url\" content=\"https:\/\/xenonkungen.com\/fi\/tuote\/relekaapelisarja-2-kpl-lisavalot-24v-9006\/\" \/>\n<meta property=\"og:site_name\" content=\"Xenonkungen\" \/>\n<meta property=\"article:modified_time\" content=\"2026-03-25T08:13:26+00:00\" \/>\n<meta property=\"og:image\" content=\"https:\/\/xenonkungen.com\/wp-content\/uploads\/2025\/04\/9598148-origpic-f73bb9.jpg\" \/>\n\t<meta property=\"og:image:width\" content=\"1000\" \/>\n\t<meta property=\"og:image:height\" content=\"1000\" \/>\n\t<meta property=\"og:image:type\" content=\"image\/jpeg\" \/>\n<meta name=\"twitter:card\" content=\"summary_large_image\" \/>\n<script type=\"application\/ld+json\" class=\"yoast-schema-graph\">{\"@context\":\"https:\/\/schema.org\",\"@graph\":[{\"@type\":\"WebPage\",\"@id\":\"https:\/\/xenonkungen.com\/nl\/product\/relakabelsats-2st-extraljus-24v-9006\/\",\"url\":\"https:\/\/xenonkungen.com\/nl\/product\/relakabelsats-2st-extraljus-24v-9006\/\",\"name\":\"Rel\u00e4kabelsats 2st Extraljus 24V | 9006 - Xenonkungen\",\"isPartOf\":{\"@id\":\"https:\/\/xenonkungen.com\/#website\"},\"primaryImageOfPage\":{\"@id\":\"https:\/\/xenonkungen.com\/nl\/product\/relakabelsats-2st-extraljus-24v-9006\/#primaryimage\"},\"image\":{\"@id\":\"https:\/\/xenonkungen.com\/nl\/product\/relakabelsats-2st-extraljus-24v-9006\/#primaryimage\"},\"thumbnailUrl\":\"https:\/\/xenonkungen.com\/wp-content\/uploads\/2025\/04\/9598148-origpic-f73bb9.jpg\",\"datePublished\":\"2025-04-15T07:56:42+00:00\",\"dateModified\":\"2026-03-25T08:13:26+00:00\",\"breadcrumb\":{\"@id\":\"https:\/\/xenonkungen.com\/nl\/product\/relakabelsats-2st-extraljus-24v-9006\/#breadcrumb\"},\"inLanguage\":\"fi\",\"potentialAction\":[{\"@type\":\"ReadAction\",\"target\":[\"https:\/\/xenonkungen.com\/nl\/product\/relakabelsats-2st-extraljus-24v-9006\/\"]}]},{\"@type\":\"ImageObject\",\"inLanguage\":\"fi\",\"@id\":\"https:\/\/xenonkungen.com\/nl\/product\/relakabelsats-2st-extraljus-24v-9006\/#primaryimage\",\"url\":\"https:\/\/xenonkungen.com\/wp-content\/uploads\/2025\/04\/9598148-origpic-f73bb9.jpg\",\"contentUrl\":\"https:\/\/xenonkungen.com\/wp-content\/uploads\/2025\/04\/9598148-origpic-f73bb9.jpg\",\"width\":1000,\"height\":1000},{\"@type\":\"BreadcrumbList\",\"@id\":\"https:\/\/xenonkungen.com\/nl\/product\/relakabelsats-2st-extraljus-24v-9006\/#breadcrumb\",\"itemListElement\":[{\"@type\":\"ListItem\",\"position\":1,\"name\":\"Hem\",\"item\":\"https:\/\/xenonkungen.com\/\"},{\"@type\":\"ListItem\",\"position\":2,\"name\":\"Shop\",\"item\":\"https:\/\/xenonkungen.com\/shop\/\"},{\"@type\":\"ListItem\",\"position\":3,\"name\":\"Rel\u00e4kabelsats 2st Extraljus 24V | 9006\"}]},{\"@type\":\"WebSite\",\"@id\":\"https:\/\/xenonkungen.com\/#website\",\"url\":\"https:\/\/xenonkungen.com\/\",\"name\":\"Xenonkungen\",\"description\":\"\",\"potentialAction\":[{\"@type\":\"SearchAction\",\"target\":{\"@type\":\"EntryPoint\",\"urlTemplate\":\"https:\/\/xenonkungen.com\/?s={search_term_string}\"},\"query-input\":{\"@type\":\"PropertyValueSpecification\",\"valueRequired\":true,\"valueName\":\"search_term_string\"}}],\"inLanguage\":\"fi\"}]}<\/script>\n<!-- \/ Yoast SEO plugin. -->","yoast_head_json":{"title":"Relekaapelisarja 2 kpl Lis\u00e4valo 24V | 9006 - Xenonkungen","robots":{"index":"index","follow":"follow","max-snippet":"max-snippet:-1","max-image-preview":"max-image-preview:large","max-video-preview":"max-video-preview:-1"},"canonical":"https:\/\/xenonkungen.com\/fi\/tuote\/relekaapelisarja-2-kpl-lisavalot-24v-9006\/","og_locale":"fi_FI","og_type":"article","og_title":"Rel\u00e4kabelsats 2st Extraljus 24V | 9006 - Xenonkungen","og_description":"Rel\u00e4kabelsats f\u00f6r 2st extraljus\/24V Perfekt rel\u00e4kablage f\u00f6r dig som vill ansluta 2 styck Extraljus eller ledramp. F\u00e4rdigt med snabbkontakt (9006\/HB4)","og_url":"https:\/\/xenonkungen.com\/fi\/tuote\/relekaapelisarja-2-kpl-lisavalot-24v-9006\/","og_site_name":"Xenonkungen","article_modified_time":"2026-03-25T08:13:26+00:00","og_image":[{"width":1000,"height":1000,"url":"https:\/\/xenonkungen.com\/wp-content\/uploads\/2025\/04\/9598148-origpic-f73bb9.jpg","type":"image\/jpeg"}],"twitter_card":"summary_large_image","schema":{"@context":"https:\/\/schema.org","@graph":[{"@type":"WebPage","@id":"https:\/\/xenonkungen.com\/nl\/product\/relakabelsats-2st-extraljus-24v-9006\/","url":"https:\/\/xenonkungen.com\/nl\/product\/relakabelsats-2st-extraljus-24v-9006\/","name":"Relekaapelisarja 2 kpl Lis\u00e4valo 24V | 9006 - Xenonkungen","isPartOf":{"@id":"https:\/\/xenonkungen.com\/#website"},"primaryImageOfPage":{"@id":"https:\/\/xenonkungen.com\/nl\/product\/relakabelsats-2st-extraljus-24v-9006\/#primaryimage"},"image":{"@id":"https:\/\/xenonkungen.com\/nl\/product\/relakabelsats-2st-extraljus-24v-9006\/#primaryimage"},"thumbnailUrl":"https:\/\/xenonkungen.com\/wp-content\/uploads\/2025\/04\/9598148-origpic-f73bb9.jpg","datePublished":"2025-04-15T07:56:42+00:00","dateModified":"2026-03-25T08:13:26+00:00","breadcrumb":{"@id":"https:\/\/xenonkungen.com\/nl\/product\/relakabelsats-2st-extraljus-24v-9006\/#breadcrumb"},"inLanguage":"fi","potentialAction":[{"@type":"ReadAction","target":["https:\/\/xenonkungen.com\/nl\/product\/relakabelsats-2st-extraljus-24v-9006\/"]}]},{"@type":"ImageObject","inLanguage":"fi","@id":"https:\/\/xenonkungen.com\/nl\/product\/relakabelsats-2st-extraljus-24v-9006\/#primaryimage","url":"https:\/\/xenonkungen.com\/wp-content\/uploads\/2025\/04\/9598148-origpic-f73bb9.jpg","contentUrl":"https:\/\/xenonkungen.com\/wp-content\/uploads\/2025\/04\/9598148-origpic-f73bb9.jpg","width":1000,"height":1000},{"@type":"BreadcrumbList","@id":"https:\/\/xenonkungen.com\/nl\/product\/relakabelsats-2st-extraljus-24v-9006\/#breadcrumb","itemListElement":[{"@type":"ListItem","position":1,"name":"Hem","item":"https:\/\/xenonkungen.com\/"},{"@type":"ListItem","position":2,"name":"Shop","item":"https:\/\/xenonkungen.com\/shop\/"},{"@type":"ListItem","position":3,"name":"Rel\u00e4kabelsats 2st Extraljus 24V | 9006"}]},{"@type":"WebSite","@id":"https:\/\/xenonkungen.com\/#website","url":"https:\/\/xenonkungen.com\/","name":"Xenonkungen","description":"","potentialAction":[{"@type":"SearchAction","target":{"@type":"EntryPoint","urlTemplate":"https:\/\/xenonkungen.com\/?s={search_term_string}"},"query-input":{"@type":"PropertyValueSpecification","valueRequired":true,"valueName":"search_term_string"}}],"inLanguage":"fi"}]}},"taxonomy_info":{"product_cat":[{"value":2841,"label":"Installation extraljus"},{"value":2828,"label":"Installation LED-ramper"},{"value":2795,"label":"Kablar och Rel\u00e4"},{"value":2796,"label":"Rel\u00e4kabelsatser"},{"value":2488,"label":"Rel\u00e4sats"},{"value":2491,"label":"Rel\u00e4sats"},{"value":2489,"label":"Rel\u00e4satser"},{"value":2490,"label":"Rel\u00e4satser"},{"value":390,"label":"Installation"}],"pa_lampsockel-kontakt":[{"value":330,"label":"9006"}],"pa_volt-v":[{"value":160,"label":"24"}]},"featured_image_src_large":["https:\/\/xenonkungen.com\/wp-content\/uploads\/2025\/04\/9598148-origpic-f73bb9.jpg",1000,1000,false],"author_info":[],"comment_info":0,"_links":{"self":[{"href":"https:\/\/xenonkungen.com\/fi\/wp-json\/wp\/v2\/product\/1009","targetHints":{"allow":["GET"]}}],"collection":[{"href":"https:\/\/xenonkungen.com\/fi\/wp-json\/wp\/v2\/product"}],"about":[{"href":"https:\/\/xenonkungen.com\/fi\/wp-json\/wp\/v2\/types\/product"}],"replies":[{"embeddable":true,"href":"https:\/\/xenonkungen.com\/fi\/wp-json\/wp\/v2\/comments?post=1009"}],"wp:featuredmedia":[{"embeddable":true,"href":"https:\/\/xenonkungen.com\/fi\/wp-json\/wp\/v2\/media\/1010"}],"wp:attachment":[{"href":"https:\/\/xenonkungen.com\/fi\/wp-json\/wp\/v2\/media?parent=1009"}],"wp:term":[{"taxonomy":"anvandningsomrade","embeddable":true,"href":"https:\/\/xenonkungen.com\/fi\/wp-json\/wp\/v2\/anvandningsomrade?post=1009"},{"taxonomy":"bilmarken","embeddable":true,"href":"https:\/\/xenonkungen.com\/fi\/wp-json\/wp\/v2\/bilmarken?post=1009"},{"taxonomy":"product_brand","embeddable":true,"href":"https:\/\/xenonkungen.com\/fi\/wp-json\/wp\/v2\/product_brand?post=1009"},{"taxonomy":"product_cat","embeddable":true,"href":"https:\/\/xenonkungen.com\/fi\/wp-json\/wp\/v2\/product_cat?post=1009"},{"taxonomy":"product_tag","embeddable":true,"href":"https:\/\/xenonkungen.com\/fi\/wp-json\/wp\/v2\/product_tag?post=1009"}],"curies":[{"name":"wp","href":"https:\/\/api.w.org\/{rel}","templated":true}]}}