{"id":1011,"date":"2025-04-15T07:57:53","date_gmt":"2025-04-15T07:57:53","guid":{"rendered":"https:\/\/xenonkungen.com\/product\/luxtar-onyx-h1\/"},"modified":"2026-04-10T23:59:36","modified_gmt":"2026-04-10T22:59:36","slug":"luxtar-onyx-h1","status":"publish","type":"product","link":"https:\/\/xenonkungen.com\/fi\/tuote\/luxtar-onyx-h1\/","title":{"rendered":"LUXTAR\u00ae Onyx | H1"},"content":{"rendered":"<p>Luxtar Onyx on eritt\u00e4in joustava lamppu, jonka avulla vaihtaminen halogeenista LED-valaisimeen on eritt\u00e4in helppoa. Uuden tekniikan ansiosta lamppujen kokoa on pienennetty, mutta samalla on s\u00e4ilytetty todella hyv\u00e4 vaikutus ja kirkas valo!<\/p>\n<p>Soveltuu parhaiten l\u00e4hi- ja sumuvalojen muuntamiseen.<\/p>\n<p>Luxtar Onyxin valovirta on yli 1800 lumenia. T\u00e4m\u00e4 auttaa antamaan tielle sek\u00e4 voimakkaamman ett\u00e4 selke\u00e4mm\u00e4n valon LED-lampun valkoisen valon ansiosta. N\u00e4in vaaratekij\u00e4t on helpompi havaita aikaisemmin ja est\u00e4\u00e4 onnettomuus.<\/p>\n<p>\u00c4lykk\u00e4\u00e4n suunnittelun ja edistyksellisten LED-sirujen ansiosta, jotka on kehitetty erityisesti ajoneuvojen valaistukseen, saat todella hyv\u00e4n valon kuvan, mink\u00e4 kanssa muilla markkinoilla olevilla valaisimilla voi olla ongelmia.<\/p>","protected":false},"excerpt":{"rendered":"<p>\"Luxtar Onyx LED-valoilla voit parantaa huomattavasti autosi valaistusta ja n\u00e4kyvyytt\u00e4. Muuttamalla halogeenista LED-valoksi t\u00e4m\u00e4 lamppu antaa kirkkaamman valon, joka tarjoaa paremman n\u00e4kyvyyden ajon aikana. Turvallisuuden lis\u00e4ksi se my\u00f6s laajentaa n\u00e4k\u00f6kentt\u00e4\u00e4si. Jos haluat parantaa ajoneuvosi valaistustehoa, n\u00e4m\u00e4 LED-lamppujen polttimot ovat oikea valinta. <\/p>\n<p>H1\" lampun kanta<\/p>","protected":false},"featured_media":1012,"comment_status":"closed","ping_status":"open","template":"","meta":{"_acf_changed":false,"_smort_price_nok":"266","_smort_price_dkk":"169","_smort_price_eur":"22.64","_smort_sale_price_nok":"","_smort_sale_price_dkk":"","_smort_sale_price_eur":"","smort_restorder":"","shipmondo_restorder":"","_kad_blocks_custom_css":"","_kad_blocks_head_custom_js":"","_kad_blocks_body_custom_js":"","_kad_blocks_footer_custom_js":"","smort_custom_pricelist_1":"159.36","smort_custom_pricelist_2":"139.44","smort_custom_pricelist_3":"132.47","smort_custom_pricelist_4":"199.2","smort_custom_pricelist_5":"139.44"},"anvandningsomrade":[],"bilmarken":[],"product_brand":[103],"product_cat":[2451,2826,2825,733],"product_tag":[],"class_list":{"0":"post-1011","1":"product","2":"type-product","3":"status-publish","4":"has-post-thumbnail","6":"product_brand-luxtar","7":"product_cat-led-konvertering","8":"product_cat-luxtar","9":"product_cat-luxtar-lampor-konvertering","10":"product_cat-halvljus-helljus","11":"pa_faktisk-effekts-forbrukning-332","12":"pa_fuktskydd-varde-ipxx-ip67","13":"pa_godkannande-ce-rohs","14":"pa_lampsockel-kontakt-h1","15":"pa_led-chips-effekt-w-331","16":"pa_stromforbrukning-1-4a-12v","17":"pa_volt-v-9-12-18","19":"first","20":"instock","21":"taxable","22":"shipping-taxable","23":"purchasable","24":"product-type-simple"},"bundled_by":[],"bundle_stock_status":"instock","bundle_stock_quantity":80,"bundle_virtual":false,"bundle_layout":"","bundle_add_to_cart_form_location":"","bundle_editable_in_cart":false,"bundle_sold_individually_context":"","bundle_item_grouping":"","bundle_min_size":"","bundle_max_size":"","bundle_price":[],"bundled_items":[],"bundle_sell_ids":[],"acf":[],"yoast_head":"<!-- This site is optimized with the Yoast SEO plugin v27.0 - https:\/\/yoast.com\/product\/yoast-seo-wordpress\/ -->\n<title>LUXTAR\u00ae Onyx | H1 - Xenonkungen<\/title>\n<meta name=\"robots\" content=\"index, follow, max-snippet:-1, max-image-preview:large, max-video-preview:-1\" \/>\n<link rel=\"canonical\" href=\"https:\/\/xenonkungen.com\/fi\/tuote\/luxtar-onyx-h1\/\" \/>\n<meta property=\"og:locale\" content=\"fi_FI\" \/>\n<meta property=\"og:type\" content=\"article\" \/>\n<meta property=\"og:title\" content=\"LUXTAR\u00ae Onyx | H1 - Xenonkungen\" \/>\n<meta property=\"og:description\" content=\"&quot;Med Luxtar Onyx LED-lampor kan du drastiskt f\u00f6rb\u00e4ttra din bils belysning och synlighet. Genom att konvertera fr\u00e5n halogen till LED ger denna gl\u00f6dlampa dig starkare ljus som ger b\u00e4ttre sikt under k\u00f6rning. F\u00f6rutom s\u00e4kerhet ut\u00f6kar den \u00e4ven ditt synomr\u00e5de. Om du vill f\u00f6rb\u00e4ttra ditt fordons belysningsprestanda \u00e4r dessa ledlampor det r\u00e4tta valet.  Lampsockel H1&quot;\" \/>\n<meta property=\"og:url\" content=\"https:\/\/xenonkungen.com\/fi\/tuote\/luxtar-onyx-h1\/\" \/>\n<meta property=\"og:site_name\" content=\"Xenonkungen\" \/>\n<meta property=\"article:modified_time\" content=\"2026-04-10T22:59:36+00:00\" \/>\n<meta property=\"og:image\" content=\"https:\/\/xenonkungen.com\/wp-content\/uploads\/2025\/04\/193239898-origpic-7ddb4d.png\" \/>\n\t<meta property=\"og:image:width\" content=\"1000\" \/>\n\t<meta property=\"og:image:height\" content=\"836\" \/>\n\t<meta property=\"og:image:type\" content=\"image\/png\" \/>\n<meta name=\"twitter:card\" content=\"summary_large_image\" \/>\n<meta name=\"twitter:label1\" content=\"Arvioitu lukuaika\" \/>\n\t<meta name=\"twitter:data1\" content=\"1 minuutti\" \/>\n<script type=\"application\/ld+json\" class=\"yoast-schema-graph\">{\"@context\":\"https:\/\/schema.org\",\"@graph\":[{\"@type\":\"WebPage\",\"@id\":\"https:\/\/xenonkungen.com\/produkt\/luxtar-onyx-h1\/\",\"url\":\"https:\/\/xenonkungen.com\/produkt\/luxtar-onyx-h1\/\",\"name\":\"LUXTAR\u00ae Onyx | H1 - Xenonkungen\",\"isPartOf\":{\"@id\":\"https:\/\/xenonkungen.com\/#website\"},\"primaryImageOfPage\":{\"@id\":\"https:\/\/xenonkungen.com\/produkt\/luxtar-onyx-h1\/#primaryimage\"},\"image\":{\"@id\":\"https:\/\/xenonkungen.com\/produkt\/luxtar-onyx-h1\/#primaryimage\"},\"thumbnailUrl\":\"https:\/\/xenonkungen.com\/wp-content\/uploads\/2025\/04\/193239898-origpic-7ddb4d.png\",\"datePublished\":\"2025-04-15T07:57:53+00:00\",\"dateModified\":\"2026-04-10T22:59:36+00:00\",\"breadcrumb\":{\"@id\":\"https:\/\/xenonkungen.com\/produkt\/luxtar-onyx-h1\/#breadcrumb\"},\"inLanguage\":\"fi\",\"potentialAction\":[{\"@type\":\"ReadAction\",\"target\":[\"https:\/\/xenonkungen.com\/produkt\/luxtar-onyx-h1\/\"]}]},{\"@type\":\"ImageObject\",\"inLanguage\":\"fi\",\"@id\":\"https:\/\/xenonkungen.com\/produkt\/luxtar-onyx-h1\/#primaryimage\",\"url\":\"https:\/\/xenonkungen.com\/wp-content\/uploads\/2025\/04\/193239898-origpic-7ddb4d.png\",\"contentUrl\":\"https:\/\/xenonkungen.com\/wp-content\/uploads\/2025\/04\/193239898-origpic-7ddb4d.png\",\"width\":1000,\"height\":836},{\"@type\":\"BreadcrumbList\",\"@id\":\"https:\/\/xenonkungen.com\/produkt\/luxtar-onyx-h1\/#breadcrumb\",\"itemListElement\":[{\"@type\":\"ListItem\",\"position\":1,\"name\":\"Hem\",\"item\":\"https:\/\/xenonkungen.com\/\"},{\"@type\":\"ListItem\",\"position\":2,\"name\":\"Shop\",\"item\":\"https:\/\/xenonkungen.com\/shop\/\"},{\"@type\":\"ListItem\",\"position\":3,\"name\":\"LUXTAR\u00ae Onyx | H1\"}]},{\"@type\":\"WebSite\",\"@id\":\"https:\/\/xenonkungen.com\/#website\",\"url\":\"https:\/\/xenonkungen.com\/\",\"name\":\"Xenonkungen\",\"description\":\"\",\"potentialAction\":[{\"@type\":\"SearchAction\",\"target\":{\"@type\":\"EntryPoint\",\"urlTemplate\":\"https:\/\/xenonkungen.com\/?s={search_term_string}\"},\"query-input\":{\"@type\":\"PropertyValueSpecification\",\"valueRequired\":true,\"valueName\":\"search_term_string\"}}],\"inLanguage\":\"fi\"}]}<\/script>\n<!-- \/ Yoast SEO plugin. -->","yoast_head_json":{"title":"LUXTAR\u00ae Onyx | H1 - Ksenonkuningas","robots":{"index":"index","follow":"follow","max-snippet":"max-snippet:-1","max-image-preview":"max-image-preview:large","max-video-preview":"max-video-preview:-1"},"canonical":"https:\/\/xenonkungen.com\/fi\/tuote\/luxtar-onyx-h1\/","og_locale":"fi_FI","og_type":"article","og_title":"LUXTAR\u00ae Onyx | H1 - Xenonkungen","og_description":"\"Med Luxtar Onyx LED-lampor kan du drastiskt f\u00f6rb\u00e4ttra din bils belysning och synlighet. Genom att konvertera fr\u00e5n halogen till LED ger denna gl\u00f6dlampa dig starkare ljus som ger b\u00e4ttre sikt under k\u00f6rning. F\u00f6rutom s\u00e4kerhet ut\u00f6kar den \u00e4ven ditt synomr\u00e5de. Om du vill f\u00f6rb\u00e4ttra ditt fordons belysningsprestanda \u00e4r dessa ledlampor det r\u00e4tta valet.  Lampsockel H1\"","og_url":"https:\/\/xenonkungen.com\/fi\/tuote\/luxtar-onyx-h1\/","og_site_name":"Xenonkungen","article_modified_time":"2026-04-10T22:59:36+00:00","og_image":[{"width":1000,"height":836,"url":"https:\/\/xenonkungen.com\/wp-content\/uploads\/2025\/04\/193239898-origpic-7ddb4d.png","type":"image\/png"}],"twitter_card":"summary_large_image","twitter_misc":{"Arvioitu lukuaika":"1 minuutti"},"schema":{"@context":"https:\/\/schema.org","@graph":[{"@type":"WebPage","@id":"https:\/\/xenonkungen.com\/produkt\/luxtar-onyx-h1\/","url":"https:\/\/xenonkungen.com\/produkt\/luxtar-onyx-h1\/","name":"LUXTAR\u00ae Onyx | H1 - Ksenonkuningas","isPartOf":{"@id":"https:\/\/xenonkungen.com\/#website"},"primaryImageOfPage":{"@id":"https:\/\/xenonkungen.com\/produkt\/luxtar-onyx-h1\/#primaryimage"},"image":{"@id":"https:\/\/xenonkungen.com\/produkt\/luxtar-onyx-h1\/#primaryimage"},"thumbnailUrl":"https:\/\/xenonkungen.com\/wp-content\/uploads\/2025\/04\/193239898-origpic-7ddb4d.png","datePublished":"2025-04-15T07:57:53+00:00","dateModified":"2026-04-10T22:59:36+00:00","breadcrumb":{"@id":"https:\/\/xenonkungen.com\/produkt\/luxtar-onyx-h1\/#breadcrumb"},"inLanguage":"fi","potentialAction":[{"@type":"ReadAction","target":["https:\/\/xenonkungen.com\/produkt\/luxtar-onyx-h1\/"]}]},{"@type":"ImageObject","inLanguage":"fi","@id":"https:\/\/xenonkungen.com\/produkt\/luxtar-onyx-h1\/#primaryimage","url":"https:\/\/xenonkungen.com\/wp-content\/uploads\/2025\/04\/193239898-origpic-7ddb4d.png","contentUrl":"https:\/\/xenonkungen.com\/wp-content\/uploads\/2025\/04\/193239898-origpic-7ddb4d.png","width":1000,"height":836},{"@type":"BreadcrumbList","@id":"https:\/\/xenonkungen.com\/produkt\/luxtar-onyx-h1\/#breadcrumb","itemListElement":[{"@type":"ListItem","position":1,"name":"Hem","item":"https:\/\/xenonkungen.com\/"},{"@type":"ListItem","position":2,"name":"Shop","item":"https:\/\/xenonkungen.com\/shop\/"},{"@type":"ListItem","position":3,"name":"LUXTAR\u00ae Onyx | H1"}]},{"@type":"WebSite","@id":"https:\/\/xenonkungen.com\/#website","url":"https:\/\/xenonkungen.com\/","name":"Xenonkungen","description":"","potentialAction":[{"@type":"SearchAction","target":{"@type":"EntryPoint","urlTemplate":"https:\/\/xenonkungen.com\/?s={search_term_string}"},"query-input":{"@type":"PropertyValueSpecification","valueRequired":true,"valueName":"search_term_string"}}],"inLanguage":"fi"}]}},"taxonomy_info":{"product_brand":[{"value":103,"label":"LUXTAR"}],"product_cat":[{"value":2451,"label":"Led-konvertering"},{"value":2826,"label":"LUXTAR"},{"value":2825,"label":"Luxtar - Lampor &amp; Konvertering"},{"value":733,"label":"Halvljus \/ Helljus"}],"pa_faktisk-effekts-forbrukning":[{"value":332,"label":"17"}],"pa_fuktskydd-varde-ipxx":[{"value":333,"label":"IP67"}],"pa_godkannande":[{"value":337,"label":"CE, RoHS"}],"pa_lampsockel-kontakt":[{"value":336,"label":"H1"}],"pa_led-chips-effekt-w":[{"value":331,"label":"36"}],"pa_stromforbrukning":[{"value":335,"label":"1.4A @12V"}],"pa_volt-v":[{"value":334,"label":"9, 12, 18,"}]},"featured_image_src_large":["https:\/\/xenonkungen.com\/wp-content\/uploads\/2025\/04\/193239898-origpic-7ddb4d.png",1000,836,false],"author_info":[],"comment_info":0,"_links":{"self":[{"href":"https:\/\/xenonkungen.com\/fi\/wp-json\/wp\/v2\/product\/1011","targetHints":{"allow":["GET"]}}],"collection":[{"href":"https:\/\/xenonkungen.com\/fi\/wp-json\/wp\/v2\/product"}],"about":[{"href":"https:\/\/xenonkungen.com\/fi\/wp-json\/wp\/v2\/types\/product"}],"replies":[{"embeddable":true,"href":"https:\/\/xenonkungen.com\/fi\/wp-json\/wp\/v2\/comments?post=1011"}],"wp:featuredmedia":[{"embeddable":true,"href":"https:\/\/xenonkungen.com\/fi\/wp-json\/wp\/v2\/media\/1012"}],"wp:attachment":[{"href":"https:\/\/xenonkungen.com\/fi\/wp-json\/wp\/v2\/media?parent=1011"}],"wp:term":[{"taxonomy":"anvandningsomrade","embeddable":true,"href":"https:\/\/xenonkungen.com\/fi\/wp-json\/wp\/v2\/anvandningsomrade?post=1011"},{"taxonomy":"bilmarken","embeddable":true,"href":"https:\/\/xenonkungen.com\/fi\/wp-json\/wp\/v2\/bilmarken?post=1011"},{"taxonomy":"product_brand","embeddable":true,"href":"https:\/\/xenonkungen.com\/fi\/wp-json\/wp\/v2\/product_brand?post=1011"},{"taxonomy":"product_cat","embeddable":true,"href":"https:\/\/xenonkungen.com\/fi\/wp-json\/wp\/v2\/product_cat?post=1011"},{"taxonomy":"product_tag","embeddable":true,"href":"https:\/\/xenonkungen.com\/fi\/wp-json\/wp\/v2\/product_tag?post=1011"}],"curies":[{"name":"wp","href":"https:\/\/api.w.org\/{rel}","templated":true}]}}