{"id":10299,"date":"2025-08-26T06:41:57","date_gmt":"2025-08-26T06:41:57","guid":{"rendered":"https:\/\/xenonkungen.com\/?post_type=product&#038;p=10299"},"modified":"2026-05-13T15:06:12","modified_gmt":"2026-05-13T14:06:12","slug":"led-ramppipaketti-luxtar-hamara-keltainen","status":"publish","type":"product","link":"https:\/\/xenonkungen.com\/fi\/tuote\/led-ramppipaketti-luxtar-hamara-keltainen\/","title":{"rendered":"Led ramppipaketti Luxtar Twilight | Keltainen"},"content":{"rendered":"<h2>Luxtar Twilight LED -valopaketti | Keltainen \u2013 Tehokas valaistus kaikkiin tarpeisiin<\/h2>\n<p>Niille, jotka etsiv\u00e4t vahvaa, luotettavaa ja tyylik\u00e4st\u00e4 valaistusratkaisua, on tarjolla <strong>Led ramppipaketti Luxtar Twilight | Keltainen<\/strong> t\u00e4ydellinen valinta. T\u00e4m\u00e4 tehokas LED-ramppi on <strong>300W<\/strong> tuottaa vaikuttavan valovirran koko koko <strong>18 140 lumenia<\/strong>. Valo, joka ulottuu jopa <strong>1 luksi 794 metrin korkeudessa<\/strong> (R112-standardi: 1 luksia 430 metrill\u00e4) saat n\u00e4kyvyyden, jolla on todella merkityst\u00e4 pimein\u00e4 iltoina ja vaativissa ajo-olosuhteissa.<\/p>\n<p>Helppoa ja turvallista asennusta varten <strong>lis\u00e4valokannatin mustana<\/strong> et\u00e4isyydell\u00e4 <strong>225 mm<\/strong> kiinnitysreikien v\u00e4liin, mik\u00e4 tekee asennuksesta sujuvaa ja mukautuvaa erilaisiin ajoneuvoihin.<\/p>\n<p>Paketti sis\u00e4lt\u00e4\u00e4 my\u00f6s korkealaatuisen <strong>Luxtar Relekaapelisarja DTP-4 X1<\/strong> osoitteessa <strong>12V<\/strong> kanssa <strong>80A rele<\/strong>, mik\u00e4 takaa vakaan ja turvallisen virransy\u00f6t\u00f6n rampille. Vankka kaapelointi takaa pitk\u00e4aikaisen ja luotettavan toiminnan my\u00f6s vaikeissa olosuhteissa.<\/p>\n<h3>Ominaisuudet:<\/h3>\n<ul>\n<li><strong>Vaikutus:<\/strong> 300W<\/li>\n<li><strong>Valovirta:<\/strong> 18 140 lumenia<\/li>\n<li><strong>Laajuus:<\/strong> 1 luksi 794 metrin korkeudessa \/ R112-standardi: 1 luksi 430 metrin korkeudessa.<\/li>\n<li><strong>Lis\u00e4valon kiinnike:<\/strong> Musta, 225 mm<\/li>\n<li><strong>Relekaapelisarja:<\/strong> DTP-4 X1 12V 80A rele Luxtarilta (12V)<\/li>\n<\/ul>\n<p><strong>Koe ero Luxtar Twilightin | Keltaisen kanssa!<\/strong><\/p>","protected":false},"excerpt":{"rendered":"<p>Tutustu <strong>Luxtar Twilight | Keltainen LED-valopaketti<\/strong> - suorituskykyinen valaistusratkaisu kaikkiin ymp\u00e4rist\u00f6ihin. Kanssa <strong>300W<\/strong> vaikutus ja vaikuttavuus <strong>18 140 lumenia<\/strong> t\u00e4m\u00e4 valopalkki tarjoaa erinomaisen n\u00e4kyvyyden ja turvallisuuden pime\u00e4ss\u00e4 ja vaativissa olosuhteissa.<\/p>","protected":false},"featured_media":10296,"comment_status":"open","ping_status":"closed","template":"","meta":{"_acf_changed":false,"_smort_price_nok":"5976","_smort_price_dkk":"3797","_smort_price_eur":"508.61","_smort_sale_price_nok":"","_smort_sale_price_dkk":"","_smort_sale_price_eur":"","smort_restorder":"","shipmondo_restorder":"","_kad_blocks_custom_css":"","_kad_blocks_head_custom_js":"","_kad_blocks_body_custom_js":"","_kad_blocks_footer_custom_js":"","smort_custom_pricelist_1":"3580.8","smort_custom_pricelist_2":"3133.2","smort_custom_pricelist_3":"2909.4","smort_custom_pricelist_4":"4476","smort_custom_pricelist_5":"3133.2"},"anvandningsomrade":[236,207,166,167,1915],"bilmarken":[],"product_brand":[103],"product_cat":[2539,2826,2542,18,20,2159,1916],"product_tag":[2726],"class_list":{"0":"post-10299","1":"product","2":"type-product","3":"status-publish","4":"has-post-thumbnail","6":"anvandningsomrade-entreprenad","7":"anvandningsomrade-husbil","8":"anvandningsomrade-lastbil","9":"anvandningsomrade-personbil","10":"anvandningsomrade-skapbil","11":"product_brand-luxtar","12":"product_cat-ledramper","13":"product_cat-luxtar","14":"product_cat-luxtar-twilight-ledramper","15":"product_cat-led-ramper-ljusramper","16":"product_cat-luxtar-twilight-led-ramper-ljusramper","17":"product_cat-luxtar-twilight","18":"product_cat-ledrampspaket","19":"product_tag-produktpaket","21":"first","22":"instock","23":"taxable","24":"shipping-taxable","25":"purchasable","26":"product-type-bundle"},"bundled_by":[],"bundle_stock_status":"instock","bundle_stock_quantity":"","bundle_virtual":false,"bundle_layout":"default","bundle_add_to_cart_form_location":"default","bundle_editable_in_cart":false,"bundle_sold_individually_context":"product","bundle_item_grouping":"parent","bundle_min_size":"","bundle_max_size":"","bundle_price":{"price":{"min":{"incl_tax":"508.59","excl_tax":"406.87211508"},"max":{"incl_tax":"508.59","excl_tax":"406.87211508"}},"regular_price":{"min":{"incl_tax":"508.59","excl_tax":"406.87211508"},"max":{"incl_tax":"508.59","excl_tax":"406.87211508"}}},"bundled_items":[{"bundled_item_id":477,"product_id":3043,"menu_order":0,"quantity_min":1,"quantity_max":1,"quantity_default":1,"priced_individually":false,"shipped_individually":false,"override_title":false,"title":"Lis\u00e4valokannatin 2 x 225mm|9\":lle","override_description":false,"description":"","optional":false,"hide_thumbnail":false,"discount":"","override_variations":false,"allowed_variations":[],"override_default_variation_attributes":false,"default_variation_attributes":[],"single_product_visibility":"visible","cart_visibility":"visible","order_visibility":"visible","single_product_price_visibility":"visible","cart_price_visibility":"visible","order_price_visibility":"visible","stock_status":"on_backorder"},{"bundled_item_id":478,"product_id":1069,"menu_order":1,"quantity_min":1,"quantity_max":1,"quantity_default":1,"priced_individually":false,"shipped_individually":false,"override_title":false,"title":"Luxtar releen kaapelisarja DTP-4 X1 12V 80A Releet","override_description":false,"description":"","optional":false,"hide_thumbnail":false,"discount":"","override_variations":false,"allowed_variations":[],"override_default_variation_attributes":false,"default_variation_attributes":[],"single_product_visibility":"visible","cart_visibility":"visible","order_visibility":"visible","single_product_price_visibility":"visible","cart_price_visibility":"visible","order_price_visibility":"visible","stock_status":"on_backorder"}],"bundle_sell_ids":[],"acf":[],"yoast_head":"<!-- This site is optimized with the Yoast SEO plugin v27.0 - https:\/\/yoast.com\/product\/yoast-seo-wordpress\/ -->\n<title>Ledrampspaket Luxtar Twilight | Yellow - Xenonkungen<\/title>\n<meta name=\"robots\" content=\"index, follow, max-snippet:-1, max-image-preview:large, max-video-preview:-1\" \/>\n<link rel=\"canonical\" href=\"https:\/\/xenonkungen.com\/fi\/tuote\/led-ramppipaketti-luxtar-hamara-keltainen\/\" \/>\n<meta property=\"og:locale\" content=\"fi_FI\" \/>\n<meta property=\"og:type\" content=\"article\" \/>\n<meta property=\"og:title\" content=\"Ledrampspaket Luxtar Twilight | Yellow - Xenonkungen\" \/>\n<meta property=\"og:description\" content=\"Uppt\u00e4ck kraften i Luxtar Twilight | Yellow LED-lyspaketet \u2013 en h\u00f6gpresterande ljusl\u00f6sning f\u00f6r alla milj\u00f6er. Med 300W effekt och imponerande 18 140 lumen ger denna ljusrampe \u00f6verl\u00e4gsen sikt och s\u00e4kerhet under m\u00f6rka och kr\u00e4vande f\u00f6rh\u00e5llanden.\" \/>\n<meta property=\"og:url\" content=\"https:\/\/xenonkungen.com\/fi\/tuote\/led-ramppipaketti-luxtar-hamara-keltainen\/\" \/>\n<meta property=\"og:site_name\" content=\"Xenonkungen\" \/>\n<meta property=\"article:modified_time\" content=\"2026-05-13T14:06:12+00:00\" \/>\n<meta property=\"og:image\" content=\"https:\/\/xenonkungen.com\/wp-content\/uploads\/2025\/06\/XX-Twilight-Y.png\" \/>\n\t<meta property=\"og:image:width\" content=\"1000\" \/>\n\t<meta property=\"og:image:height\" content=\"1000\" \/>\n\t<meta property=\"og:image:type\" content=\"image\/png\" \/>\n<meta name=\"twitter:card\" content=\"summary_large_image\" \/>\n<meta name=\"twitter:label1\" content=\"Arvioitu lukuaika\" \/>\n\t<meta name=\"twitter:data1\" content=\"2 minuuttia\" \/>\n<script type=\"application\/ld+json\" class=\"yoast-schema-graph\">{\"@context\":\"https:\/\/schema.org\",\"@graph\":[{\"@type\":\"WebPage\",\"@id\":\"https:\/\/xenonkungen.com\/produkt\/ledrampspaket-luxtar-twilight-yellow\/\",\"url\":\"https:\/\/xenonkungen.com\/produkt\/ledrampspaket-luxtar-twilight-yellow\/\",\"name\":\"Ledrampspaket Luxtar Twilight | Yellow - Xenonkungen\",\"isPartOf\":{\"@id\":\"https:\/\/xenonkungen.com\/#website\"},\"primaryImageOfPage\":{\"@id\":\"https:\/\/xenonkungen.com\/produkt\/ledrampspaket-luxtar-twilight-yellow\/#primaryimage\"},\"image\":{\"@id\":\"https:\/\/xenonkungen.com\/produkt\/ledrampspaket-luxtar-twilight-yellow\/#primaryimage\"},\"thumbnailUrl\":\"https:\/\/xenonkungen.com\/wp-content\/uploads\/2025\/06\/XX-Twilight-Y.png\",\"datePublished\":\"2025-08-26T06:41:57+00:00\",\"dateModified\":\"2026-05-13T14:06:12+00:00\",\"breadcrumb\":{\"@id\":\"https:\/\/xenonkungen.com\/produkt\/ledrampspaket-luxtar-twilight-yellow\/#breadcrumb\"},\"inLanguage\":\"fi\",\"potentialAction\":[{\"@type\":\"ReadAction\",\"target\":[\"https:\/\/xenonkungen.com\/produkt\/ledrampspaket-luxtar-twilight-yellow\/\"]}]},{\"@type\":\"ImageObject\",\"inLanguage\":\"fi\",\"@id\":\"https:\/\/xenonkungen.com\/produkt\/ledrampspaket-luxtar-twilight-yellow\/#primaryimage\",\"url\":\"https:\/\/xenonkungen.com\/wp-content\/uploads\/2025\/06\/XX-Twilight-Y.png\",\"contentUrl\":\"https:\/\/xenonkungen.com\/wp-content\/uploads\/2025\/06\/XX-Twilight-Y.png\",\"width\":1000,\"height\":1000},{\"@type\":\"BreadcrumbList\",\"@id\":\"https:\/\/xenonkungen.com\/produkt\/ledrampspaket-luxtar-twilight-yellow\/#breadcrumb\",\"itemListElement\":[{\"@type\":\"ListItem\",\"position\":1,\"name\":\"Hem\",\"item\":\"https:\/\/xenonkungen.com\/\"},{\"@type\":\"ListItem\",\"position\":2,\"name\":\"Shop\",\"item\":\"https:\/\/xenonkungen.com\/shop\/\"},{\"@type\":\"ListItem\",\"position\":3,\"name\":\"Ledrampspaket Luxtar Twilight | Yellow\"}]},{\"@type\":\"WebSite\",\"@id\":\"https:\/\/xenonkungen.com\/#website\",\"url\":\"https:\/\/xenonkungen.com\/\",\"name\":\"Xenonkungen\",\"description\":\"\",\"potentialAction\":[{\"@type\":\"SearchAction\",\"target\":{\"@type\":\"EntryPoint\",\"urlTemplate\":\"https:\/\/xenonkungen.com\/?s={search_term_string}\"},\"query-input\":{\"@type\":\"PropertyValueSpecification\",\"valueRequired\":true,\"valueName\":\"search_term_string\"}}],\"inLanguage\":\"fi\"}]}<\/script>\n<!-- \/ Yoast SEO plugin. -->","yoast_head_json":{"title":"Liukuporraspaketti Luxtar Twilight | Keltainen - Xenon King","robots":{"index":"index","follow":"follow","max-snippet":"max-snippet:-1","max-image-preview":"max-image-preview:large","max-video-preview":"max-video-preview:-1"},"canonical":"https:\/\/xenonkungen.com\/fi\/tuote\/led-ramppipaketti-luxtar-hamara-keltainen\/","og_locale":"fi_FI","og_type":"article","og_title":"Ledrampspaket Luxtar Twilight | Yellow - Xenonkungen","og_description":"Uppt\u00e4ck kraften i Luxtar Twilight | Yellow LED-lyspaketet \u2013 en h\u00f6gpresterande ljusl\u00f6sning f\u00f6r alla milj\u00f6er. Med 300W effekt och imponerande 18 140 lumen ger denna ljusrampe \u00f6verl\u00e4gsen sikt och s\u00e4kerhet under m\u00f6rka och kr\u00e4vande f\u00f6rh\u00e5llanden.","og_url":"https:\/\/xenonkungen.com\/fi\/tuote\/led-ramppipaketti-luxtar-hamara-keltainen\/","og_site_name":"Xenonkungen","article_modified_time":"2026-05-13T14:06:12+00:00","og_image":[{"width":1000,"height":1000,"url":"https:\/\/xenonkungen.com\/wp-content\/uploads\/2025\/06\/XX-Twilight-Y.png","type":"image\/png"}],"twitter_card":"summary_large_image","twitter_misc":{"Arvioitu lukuaika":"2 minuuttia"},"schema":{"@context":"https:\/\/schema.org","@graph":[{"@type":"WebPage","@id":"https:\/\/xenonkungen.com\/produkt\/ledrampspaket-luxtar-twilight-yellow\/","url":"https:\/\/xenonkungen.com\/produkt\/ledrampspaket-luxtar-twilight-yellow\/","name":"Liukuporraspaketti Luxtar Twilight | Keltainen - Xenon King","isPartOf":{"@id":"https:\/\/xenonkungen.com\/#website"},"primaryImageOfPage":{"@id":"https:\/\/xenonkungen.com\/produkt\/ledrampspaket-luxtar-twilight-yellow\/#primaryimage"},"image":{"@id":"https:\/\/xenonkungen.com\/produkt\/ledrampspaket-luxtar-twilight-yellow\/#primaryimage"},"thumbnailUrl":"https:\/\/xenonkungen.com\/wp-content\/uploads\/2025\/06\/XX-Twilight-Y.png","datePublished":"2025-08-26T06:41:57+00:00","dateModified":"2026-05-13T14:06:12+00:00","breadcrumb":{"@id":"https:\/\/xenonkungen.com\/produkt\/ledrampspaket-luxtar-twilight-yellow\/#breadcrumb"},"inLanguage":"fi","potentialAction":[{"@type":"ReadAction","target":["https:\/\/xenonkungen.com\/produkt\/ledrampspaket-luxtar-twilight-yellow\/"]}]},{"@type":"ImageObject","inLanguage":"fi","@id":"https:\/\/xenonkungen.com\/produkt\/ledrampspaket-luxtar-twilight-yellow\/#primaryimage","url":"https:\/\/xenonkungen.com\/wp-content\/uploads\/2025\/06\/XX-Twilight-Y.png","contentUrl":"https:\/\/xenonkungen.com\/wp-content\/uploads\/2025\/06\/XX-Twilight-Y.png","width":1000,"height":1000},{"@type":"BreadcrumbList","@id":"https:\/\/xenonkungen.com\/produkt\/ledrampspaket-luxtar-twilight-yellow\/#breadcrumb","itemListElement":[{"@type":"ListItem","position":1,"name":"Hem","item":"https:\/\/xenonkungen.com\/"},{"@type":"ListItem","position":2,"name":"Shop","item":"https:\/\/xenonkungen.com\/shop\/"},{"@type":"ListItem","position":3,"name":"Ledrampspaket Luxtar Twilight | Yellow"}]},{"@type":"WebSite","@id":"https:\/\/xenonkungen.com\/#website","url":"https:\/\/xenonkungen.com\/","name":"Xenonkungen","description":"","potentialAction":[{"@type":"SearchAction","target":{"@type":"EntryPoint","urlTemplate":"https:\/\/xenonkungen.com\/?s={search_term_string}"},"query-input":{"@type":"PropertyValueSpecification","valueRequired":true,"valueName":"search_term_string"}}],"inLanguage":"fi"}]}},"taxonomy_info":{"anvandningsomrade":[{"value":236,"label":"Entreprenad"},{"value":207,"label":"Husbil"},{"value":166,"label":"Lastbil"},{"value":167,"label":"PERSONBIL"},{"value":1915,"label":"Sk\u00e5pbil"}],"product_brand":[{"value":103,"label":"LUXTAR"}],"product_cat":[{"value":2539,"label":"LEDRAMPER"},{"value":2826,"label":"LUXTAR"},{"value":2542,"label":"Luxtar Twilight"},{"value":18,"label":"LED Ramper \/ Ljusramper"},{"value":20,"label":"Luxtar Twilight"},{"value":2159,"label":"LUXTAR Twilight"},{"value":1916,"label":"Ledrampspaket"}],"product_tag":[{"value":2726,"label":"produktpaket"}]},"featured_image_src_large":["https:\/\/xenonkungen.com\/wp-content\/uploads\/2025\/06\/XX-Twilight-Y.png",1000,1000,false],"author_info":[],"comment_info":0,"_links":{"self":[{"href":"https:\/\/xenonkungen.com\/fi\/wp-json\/wp\/v2\/product\/10299","targetHints":{"allow":["GET"]}}],"collection":[{"href":"https:\/\/xenonkungen.com\/fi\/wp-json\/wp\/v2\/product"}],"about":[{"href":"https:\/\/xenonkungen.com\/fi\/wp-json\/wp\/v2\/types\/product"}],"replies":[{"embeddable":true,"href":"https:\/\/xenonkungen.com\/fi\/wp-json\/wp\/v2\/comments?post=10299"}],"wp:featuredmedia":[{"embeddable":true,"href":"https:\/\/xenonkungen.com\/fi\/wp-json\/wp\/v2\/media\/10296"}],"wp:attachment":[{"href":"https:\/\/xenonkungen.com\/fi\/wp-json\/wp\/v2\/media?parent=10299"}],"wp:term":[{"taxonomy":"anvandningsomrade","embeddable":true,"href":"https:\/\/xenonkungen.com\/fi\/wp-json\/wp\/v2\/anvandningsomrade?post=10299"},{"taxonomy":"bilmarken","embeddable":true,"href":"https:\/\/xenonkungen.com\/fi\/wp-json\/wp\/v2\/bilmarken?post=10299"},{"taxonomy":"product_brand","embeddable":true,"href":"https:\/\/xenonkungen.com\/fi\/wp-json\/wp\/v2\/product_brand?post=10299"},{"taxonomy":"product_cat","embeddable":true,"href":"https:\/\/xenonkungen.com\/fi\/wp-json\/wp\/v2\/product_cat?post=10299"},{"taxonomy":"product_tag","embeddable":true,"href":"https:\/\/xenonkungen.com\/fi\/wp-json\/wp\/v2\/product_tag?post=10299"}],"curies":[{"name":"wp","href":"https:\/\/api.w.org\/{rel}","templated":true}]}}