{"id":10305,"date":"2025-08-25T13:30:54","date_gmt":"2025-08-25T13:30:54","guid":{"rendered":"https:\/\/xenonkungen.com\/?post_type=product&#038;p=10305"},"modified":"2026-04-11T00:04:58","modified_gmt":"2026-04-10T23:04:58","slug":"lazer-utility-50-tyovalo","status":"publish","type":"product","link":"https:\/\/xenonkungen.com\/fi\/tuote\/lazer-utility-50-tyovalo\/","title":{"rendered":"Lazer Utility-50 | Ty\u00f6valo"},"content":{"rendered":"<h2 data-start=\"211\" data-end=\"268\"><strong data-start=\"214\" data-end=\"266\">Lazer Utility-50 - Ammattitason ty\u00f6pistevalaistus<\/strong><\/h2>\n<p data-start=\"269\" data-end=\"635\">Koe seuraavan sukupolven LED-ty\u00f6pistevalaistuksen teho seuraavilla tuotteilla <strong data-start=\"328\" data-end=\"348\">Lazer Utility-50<\/strong> - kehitetty tarjoamaan maksimaalista suorituskyky\u00e4, kest\u00e4vyytt\u00e4 ja n\u00e4kyvyytt\u00e4 vaativimmissa ty\u00f6ymp\u00e4rist\u00f6iss\u00e4. Edistyksellisen teknologian, kompaktin rakenteen ja \u00e4lykk\u00e4iden lis\u00e4varusteiden ansiosta Utility-50 on t\u00e4ydellinen valinta ammattik\u00e4ytt\u00e4jille kuljetusalalla, rakentamisessa, pelastuspalveluissa ja teollisuudessa.<\/p>\n<hr data-start=\"637\" data-end=\"640\" \/>\n<h3 data-start=\"642\" data-end=\"702\"><strong data-start=\"646\" data-end=\"700\">Tehokas ja tehokas - kun valon on toimittava<\/strong><\/h3>\n<p data-start=\"703\" data-end=\"1010\">Utility-50 on varustettu tehokkaalla LED-j\u00e4rjestelm\u00e4ll\u00e4, joka tarjoaa jopa <strong data-start=\"777\" data-end=\"791\">5000 lumenia<\/strong> - voimakas ja laaja valoteho, joka valaisee ty\u00f6alueen tarkasti. ... <strong data-start=\"876\" data-end=\"909\">kirkas p\u00e4iv\u00e4nvalon v\u00e4ri (5000 K)<\/strong> ja korkea v\u00e4rintoisto helpottavat yksityiskohtien havaitsemista my\u00f6s pitkien pime\u00e4ss\u00e4 vietettyjen ty\u00f6vuorojen aikana.<\/p>\n<p data-start=\"1012\" data-end=\"1294\">Lazerin oma <strong data-start=\"1034\" data-end=\"1058\">CEA Matrix -j\u00e4\u00e4hdytysj\u00e4rjestelm\u00e4<\/strong> tarjoaa optimaalisen l\u00e4mm\u00f6npoiston, maksimoi lampun k\u00e4ytt\u00f6i\u00e4n ja yll\u00e4pit\u00e4\u00e4 tasaisen valotehon ajan my\u00f6t\u00e4. Suunnittelu on my\u00f6s kevyt ja kompakti - vain 650 grammaa - joten lamppu on helppo asentaa ahtaisiinkin tiloihin.<\/p>\n<hr data-start=\"1296\" data-end=\"1299\" \/>\n<h3 data-start=\"1301\" data-end=\"1326\"><strong data-start=\"1305\" data-end=\"1326\">T\u00e4rkeimm\u00e4t ominaisuudet:<\/strong><\/h3>\n<ul data-start=\"1328\" data-end=\"1551\">\n<li data-start=\"1328\" data-end=\"1353\">\n<p data-start=\"1330\" data-end=\"1353\">5000 lumenin kirkkaus<\/p>\n<\/li>\n<li data-start=\"1354\" data-end=\"1378\">\n<p data-start=\"1356\" data-end=\"1378\">Teho: 50 W \/ 3,6 A<\/p>\n<\/li>\n<li data-start=\"1379\" data-end=\"1406\">\n<p data-start=\"1381\" data-end=\"1406\">J\u00e4nnitealue: 9-32 V<\/p>\n<\/li>\n<li data-start=\"1407\" data-end=\"1450\">\n<p data-start=\"1409\" data-end=\"1450\">V\u00e4ril\u00e4mp\u00f6tila: 5000 K (kirkas p\u00e4iv\u00e4nvalo)<\/p>\n<\/li>\n<li data-start=\"1451\" data-end=\"1488\">\n<p data-start=\"1453\" data-end=\"1488\">Elinik\u00e4: jopa 50 000 tuntia<\/p>\n<\/li>\n<li data-start=\"1489\" data-end=\"1511\">\n<p data-start=\"1491\" data-end=\"1511\">Paino: vain 650 g<\/p>\n<\/li>\n<li data-start=\"1512\" data-end=\"1551\">\n<p data-start=\"1514\" data-end=\"1551\">ECE-hyv\u00e4ksytty tie- ja ty\u00f6k\u00e4ytt\u00f6\u00f6n.<\/p>\n<\/li>\n<\/ul>\n<hr data-start=\"1553\" data-end=\"1556\" \/>\n<h3 data-start=\"1558\" data-end=\"1622\"><strong data-start=\"1562\" data-end=\"1622\">\u00c4lykk\u00e4\u00e4t lis\u00e4varusteet - lis\u00e4\u00e4v\u00e4t turvallisuutta ja n\u00e4kyvyytt\u00e4.<\/strong><\/h3>\n<p data-start=\"1624\" data-end=\"1840\"><strong data-start=\"1624\" data-end=\"1653\">Punainen takavalo (valinnainen):<\/strong><br data-start=\"1653\" data-end=\"1656\" \/>Ihanteellinen asennettavaksi ajoneuvon takaosaan. Integroidut punaiset \u00e4\u00e4rivalot luovat ainutlaatuisen ja n\u00e4kyv\u00e4n ulkon\u00e4\u00f6n ja lis\u00e4\u00e4v\u00e4t samalla turvallisuutta. <strong data-start=\"1819\" data-end=\"1839\">UNECE Reg 148-R1<\/strong>.<\/p>\n<p data-start=\"1842\" data-end=\"2091\"><strong data-start=\"1842\" data-end=\"1878\">Vilkkuva keltainen valo (valinnainen):<\/strong><br data-start=\"1878\" data-end=\"1881\" \/>Suunniteltu varoittamaan ja n\u00e4kym\u00e4\u00e4n vaarallisissa ymp\u00e4rist\u00f6iss\u00e4, kuten tiety\u00f6mailla tai h\u00e4t\u00e4tilanteissa. Vilkkutoiminto on hyv\u00e4ksytty seuraavien standardien mukaisesti <strong data-start=\"2011\" data-end=\"2027\">UNECE:n asetus 65<\/strong> ja se voidaan yhdist\u00e4\u00e4 punaisen takavalon kanssa maksimaalisen toimivuuden saavuttamiseksi.<\/p>\n<hr data-start=\"2093\" data-end=\"2096\" \/>\n<h3 data-start=\"2098\" data-end=\"2144\"><strong data-start=\"2102\" data-end=\"2144\">Toimitetaan t\u00e4ydellisen\u00e4 - valmiina asennettavaksi<\/strong><\/h3>\n<p>Jokaisen Utility-50:n mukana toimitetaan:<br data-start=\"2176\" data-end=\"2179\" \/>- LED-lamppu<br data-start=\"2191\" data-end=\"2194\" \/>- Satiinimusta, ruostumattomasta ter\u00e4ksest\u00e4 valmistettu kiinnike<br data-start=\"2234\" data-end=\"2237\" \/>- Kiinnityspultit (kiinte\u00e4t tai l\u00f6ys\u00e4t M10, valinnan mukaan)<br data-start=\"2296\" data-end=\"2299\" \/>- Deutsch-liittimet (naaras\/uros mallista riippuen)<br data-start=\"2350\" data-end=\"2353\" \/>- Selke\u00e4t asennusohjeet<\/p>\n<hr data-start=\"2387\" data-end=\"2390\" \/>\n<p data-start=\"2392\" data-end=\"2594\"><strong data-start=\"2392\" data-end=\"2541\">Lazerin Utility-50 on ty\u00f6valaistus hienostuneimmillaan - niille, jotka vaativat tinkim\u00e4t\u00f6nt\u00e4 suorituskyky\u00e4 ja luotettavuutta kaikissa yksityiskohdissa.<\/strong><br data-start=\"2541\" data-end=\"2544\" \/>Valmiina kohtaamaan arjen haasteet - p\u00e4ivin ja \u00f6in.<\/p>","protected":false},"excerpt":{"rendered":"<p>Lazer Utility-50 on tehokas ja kompakti LED-ty\u00f6valaisin, joka on kehitetty tarjoamaan luotettavaa valaistusta vaativissa ymp\u00e4rist\u00f6iss\u00e4. Suuren kirkkauden, \u00e4lykk\u00e4\u00e4n j\u00e4\u00e4hdytyksen ja valinnaisten turvaominaisuuksien ansiosta se on selke\u00e4 valinta ammattik\u00e4ytt\u00e4jille.<\/p>","protected":false},"featured_media":10311,"comment_status":"open","ping_status":"closed","template":"","meta":{"_acf_changed":false,"_smort_price_nok":"2510","_smort_price_dkk":"1595","_smort_price_eur":"213.63","_smort_sale_price_nok":"","_smort_sale_price_dkk":"","_smort_sale_price_eur":"","smort_restorder":"","shipmondo_restorder":"","_kad_blocks_custom_css":"","_kad_blocks_head_custom_js":"","_kad_blocks_body_custom_js":"","_kad_blocks_footer_custom_js":"","smort_custom_pricelist_1":"1504","smort_custom_pricelist_2":"1504","smort_custom_pricelist_3":"1504","smort_custom_pricelist_4":"1880","smort_custom_pricelist_5":"1504"},"anvandningsomrade":[1281,236,677,166,1301,973],"bilmarken":[],"product_brand":[1124],"product_cat":[508],"product_tag":[2788],"class_list":{"0":"post-10305","1":"product","2":"type-product","3":"status-publish","4":"has-post-thumbnail","6":"anvandningsomrade-arbetsfordon","7":"anvandningsomrade-entreprenad","8":"anvandningsomrade-gravmaskin","9":"anvandningsomrade-lastbil","10":"anvandningsomrade-maskiner","11":"anvandningsomrade-traktorer","12":"product_brand-lazer","13":"product_cat-arbetsbelysning","14":"product_tag-black-week-exclude","16":"first","17":"onbackorder","18":"taxable","19":"shipping-taxable","20":"purchasable","21":"product-type-simple"},"bundled_by":[],"bundle_stock_status":"onbackorder","bundle_stock_quantity":0,"bundle_virtual":false,"bundle_layout":"","bundle_add_to_cart_form_location":"","bundle_editable_in_cart":false,"bundle_sold_individually_context":"","bundle_item_grouping":"","bundle_min_size":"","bundle_max_size":"","bundle_price":[],"bundled_items":[],"bundle_sell_ids":[],"acf":[],"yoast_head":"<!-- This site is optimized with the Yoast SEO plugin v27.0 - https:\/\/yoast.com\/product\/yoast-seo-wordpress\/ -->\n<title>Lazer Utility-50 | Arbetslampa - Xenonkungen<\/title>\n<meta name=\"robots\" content=\"index, follow, max-snippet:-1, max-image-preview:large, max-video-preview:-1\" \/>\n<link rel=\"canonical\" href=\"https:\/\/xenonkungen.com\/fi\/tuote\/lazer-utility-50-tyovalo\/\" \/>\n<meta property=\"og:locale\" content=\"fi_FI\" \/>\n<meta property=\"og:type\" content=\"article\" \/>\n<meta property=\"og:title\" content=\"Lazer Utility-50 | Arbetslampa - Xenonkungen\" \/>\n<meta property=\"og:description\" content=\"Lazer Utility-50 \u00e4r en kraftfull och kompakt LED-arbetslampa, utvecklad f\u00f6r att leverera p\u00e5litlig belysning i kr\u00e4vande milj\u00f6er. Med h\u00f6g ljusstyrka, smart kylning och valbara s\u00e4kerhetsfunktioner \u00e4r den ett sj\u00e4lvklart val f\u00f6r professionella anv\u00e4ndare.\" \/>\n<meta property=\"og:url\" content=\"https:\/\/xenonkungen.com\/fi\/tuote\/lazer-utility-50-tyovalo\/\" \/>\n<meta property=\"og:site_name\" content=\"Xenonkungen\" \/>\n<meta property=\"article:modified_time\" content=\"2026-04-10T23:04:58+00:00\" \/>\n<meta property=\"og:image\" content=\"https:\/\/xenonkungen.com\/wp-content\/uploads\/2025\/06\/utility-50_.png\" \/>\n\t<meta property=\"og:image:width\" content=\"1000\" \/>\n\t<meta property=\"og:image:height\" content=\"750\" \/>\n\t<meta property=\"og:image:type\" content=\"image\/png\" \/>\n<meta name=\"twitter:card\" content=\"summary_large_image\" \/>\n<meta name=\"twitter:label1\" content=\"Arvioitu lukuaika\" \/>\n\t<meta name=\"twitter:data1\" content=\"2 minuuttia\" \/>\n<script type=\"application\/ld+json\" class=\"yoast-schema-graph\">{\"@context\":\"https:\/\/schema.org\",\"@graph\":[{\"@type\":\"WebPage\",\"@id\":\"https:\/\/xenonkungen.com\/produkt\/lazer-utility-50-arbetslampa\/\",\"url\":\"https:\/\/xenonkungen.com\/produkt\/lazer-utility-50-arbetslampa\/\",\"name\":\"Lazer Utility-50 | Arbetslampa - Xenonkungen\",\"isPartOf\":{\"@id\":\"https:\/\/xenonkungen.com\/#website\"},\"primaryImageOfPage\":{\"@id\":\"https:\/\/xenonkungen.com\/produkt\/lazer-utility-50-arbetslampa\/#primaryimage\"},\"image\":{\"@id\":\"https:\/\/xenonkungen.com\/produkt\/lazer-utility-50-arbetslampa\/#primaryimage\"},\"thumbnailUrl\":\"https:\/\/xenonkungen.com\/wp-content\/uploads\/2025\/06\/utility-50_.png\",\"datePublished\":\"2025-08-25T13:30:54+00:00\",\"dateModified\":\"2026-04-10T23:04:58+00:00\",\"breadcrumb\":{\"@id\":\"https:\/\/xenonkungen.com\/produkt\/lazer-utility-50-arbetslampa\/#breadcrumb\"},\"inLanguage\":\"fi\",\"potentialAction\":[{\"@type\":\"ReadAction\",\"target\":[\"https:\/\/xenonkungen.com\/produkt\/lazer-utility-50-arbetslampa\/\"]}]},{\"@type\":\"ImageObject\",\"inLanguage\":\"fi\",\"@id\":\"https:\/\/xenonkungen.com\/produkt\/lazer-utility-50-arbetslampa\/#primaryimage\",\"url\":\"https:\/\/xenonkungen.com\/wp-content\/uploads\/2025\/06\/utility-50_.png\",\"contentUrl\":\"https:\/\/xenonkungen.com\/wp-content\/uploads\/2025\/06\/utility-50_.png\",\"width\":1000,\"height\":750},{\"@type\":\"BreadcrumbList\",\"@id\":\"https:\/\/xenonkungen.com\/produkt\/lazer-utility-50-arbetslampa\/#breadcrumb\",\"itemListElement\":[{\"@type\":\"ListItem\",\"position\":1,\"name\":\"Hem\",\"item\":\"https:\/\/xenonkungen.com\/\"},{\"@type\":\"ListItem\",\"position\":2,\"name\":\"Shop\",\"item\":\"https:\/\/xenonkungen.com\/shop\/\"},{\"@type\":\"ListItem\",\"position\":3,\"name\":\"Lazer Utility-50 | Arbetslampa\"}]},{\"@type\":\"WebSite\",\"@id\":\"https:\/\/xenonkungen.com\/#website\",\"url\":\"https:\/\/xenonkungen.com\/\",\"name\":\"Xenonkungen\",\"description\":\"\",\"potentialAction\":[{\"@type\":\"SearchAction\",\"target\":{\"@type\":\"EntryPoint\",\"urlTemplate\":\"https:\/\/xenonkungen.com\/?s={search_term_string}\"},\"query-input\":{\"@type\":\"PropertyValueSpecification\",\"valueRequired\":true,\"valueName\":\"search_term_string\"}}],\"inLanguage\":\"fi\"}]}<\/script>\n<!-- \/ Yoast SEO plugin. -->","yoast_head_json":{"title":"Lazer Utility-50 | Ty\u00f6valo - Xenonkungen","robots":{"index":"index","follow":"follow","max-snippet":"max-snippet:-1","max-image-preview":"max-image-preview:large","max-video-preview":"max-video-preview:-1"},"canonical":"https:\/\/xenonkungen.com\/fi\/tuote\/lazer-utility-50-tyovalo\/","og_locale":"fi_FI","og_type":"article","og_title":"Lazer Utility-50 | Arbetslampa - Xenonkungen","og_description":"Lazer Utility-50 \u00e4r en kraftfull och kompakt LED-arbetslampa, utvecklad f\u00f6r att leverera p\u00e5litlig belysning i kr\u00e4vande milj\u00f6er. Med h\u00f6g ljusstyrka, smart kylning och valbara s\u00e4kerhetsfunktioner \u00e4r den ett sj\u00e4lvklart val f\u00f6r professionella anv\u00e4ndare.","og_url":"https:\/\/xenonkungen.com\/fi\/tuote\/lazer-utility-50-tyovalo\/","og_site_name":"Xenonkungen","article_modified_time":"2026-04-10T23:04:58+00:00","og_image":[{"width":1000,"height":750,"url":"https:\/\/xenonkungen.com\/wp-content\/uploads\/2025\/06\/utility-50_.png","type":"image\/png"}],"twitter_card":"summary_large_image","twitter_misc":{"Arvioitu lukuaika":"2 minuuttia"},"schema":{"@context":"https:\/\/schema.org","@graph":[{"@type":"WebPage","@id":"https:\/\/xenonkungen.com\/produkt\/lazer-utility-50-arbetslampa\/","url":"https:\/\/xenonkungen.com\/produkt\/lazer-utility-50-arbetslampa\/","name":"Lazer Utility-50 | Ty\u00f6valo - Xenonkungen","isPartOf":{"@id":"https:\/\/xenonkungen.com\/#website"},"primaryImageOfPage":{"@id":"https:\/\/xenonkungen.com\/produkt\/lazer-utility-50-arbetslampa\/#primaryimage"},"image":{"@id":"https:\/\/xenonkungen.com\/produkt\/lazer-utility-50-arbetslampa\/#primaryimage"},"thumbnailUrl":"https:\/\/xenonkungen.com\/wp-content\/uploads\/2025\/06\/utility-50_.png","datePublished":"2025-08-25T13:30:54+00:00","dateModified":"2026-04-10T23:04:58+00:00","breadcrumb":{"@id":"https:\/\/xenonkungen.com\/produkt\/lazer-utility-50-arbetslampa\/#breadcrumb"},"inLanguage":"fi","potentialAction":[{"@type":"ReadAction","target":["https:\/\/xenonkungen.com\/produkt\/lazer-utility-50-arbetslampa\/"]}]},{"@type":"ImageObject","inLanguage":"fi","@id":"https:\/\/xenonkungen.com\/produkt\/lazer-utility-50-arbetslampa\/#primaryimage","url":"https:\/\/xenonkungen.com\/wp-content\/uploads\/2025\/06\/utility-50_.png","contentUrl":"https:\/\/xenonkungen.com\/wp-content\/uploads\/2025\/06\/utility-50_.png","width":1000,"height":750},{"@type":"BreadcrumbList","@id":"https:\/\/xenonkungen.com\/produkt\/lazer-utility-50-arbetslampa\/#breadcrumb","itemListElement":[{"@type":"ListItem","position":1,"name":"Hem","item":"https:\/\/xenonkungen.com\/"},{"@type":"ListItem","position":2,"name":"Shop","item":"https:\/\/xenonkungen.com\/shop\/"},{"@type":"ListItem","position":3,"name":"Lazer Utility-50 | Arbetslampa"}]},{"@type":"WebSite","@id":"https:\/\/xenonkungen.com\/#website","url":"https:\/\/xenonkungen.com\/","name":"Xenonkungen","description":"","potentialAction":[{"@type":"SearchAction","target":{"@type":"EntryPoint","urlTemplate":"https:\/\/xenonkungen.com\/?s={search_term_string}"},"query-input":{"@type":"PropertyValueSpecification","valueRequired":true,"valueName":"search_term_string"}}],"inLanguage":"fi"}]}},"taxonomy_info":{"anvandningsomrade":[{"value":1281,"label":"Arbetsfordon"},{"value":236,"label":"Entreprenad"},{"value":677,"label":"Gr\u00e4vmaskin"},{"value":166,"label":"Lastbil"},{"value":1301,"label":"maskiner"},{"value":973,"label":"traktorer"}],"product_brand":[{"value":1124,"label":"Lazer"}],"product_cat":[{"value":508,"label":"Arbetsbelysning"}],"product_tag":[{"value":2788,"label":"black-week-exclude"}]},"featured_image_src_large":["https:\/\/xenonkungen.com\/wp-content\/uploads\/2025\/06\/utility-50_.png",1000,750,false],"author_info":[],"comment_info":0,"_links":{"self":[{"href":"https:\/\/xenonkungen.com\/fi\/wp-json\/wp\/v2\/product\/10305","targetHints":{"allow":["GET"]}}],"collection":[{"href":"https:\/\/xenonkungen.com\/fi\/wp-json\/wp\/v2\/product"}],"about":[{"href":"https:\/\/xenonkungen.com\/fi\/wp-json\/wp\/v2\/types\/product"}],"replies":[{"embeddable":true,"href":"https:\/\/xenonkungen.com\/fi\/wp-json\/wp\/v2\/comments?post=10305"}],"wp:featuredmedia":[{"embeddable":true,"href":"https:\/\/xenonkungen.com\/fi\/wp-json\/wp\/v2\/media\/10311"}],"wp:attachment":[{"href":"https:\/\/xenonkungen.com\/fi\/wp-json\/wp\/v2\/media?parent=10305"}],"wp:term":[{"taxonomy":"anvandningsomrade","embeddable":true,"href":"https:\/\/xenonkungen.com\/fi\/wp-json\/wp\/v2\/anvandningsomrade?post=10305"},{"taxonomy":"bilmarken","embeddable":true,"href":"https:\/\/xenonkungen.com\/fi\/wp-json\/wp\/v2\/bilmarken?post=10305"},{"taxonomy":"product_brand","embeddable":true,"href":"https:\/\/xenonkungen.com\/fi\/wp-json\/wp\/v2\/product_brand?post=10305"},{"taxonomy":"product_cat","embeddable":true,"href":"https:\/\/xenonkungen.com\/fi\/wp-json\/wp\/v2\/product_cat?post=10305"},{"taxonomy":"product_tag","embeddable":true,"href":"https:\/\/xenonkungen.com\/fi\/wp-json\/wp\/v2\/product_tag?post=10305"}],"curies":[{"name":"wp","href":"https:\/\/api.w.org\/{rel}","templated":true}]}}