{"id":1077,"date":"2025-04-15T07:58:48","date_gmt":"2025-04-15T07:58:48","guid":{"rendered":"https:\/\/xenonkungen.com\/product\/luxtar-relakablage-dt-12v-60a\/"},"modified":"2026-03-20T13:33:26","modified_gmt":"2026-03-20T12:33:26","slug":"luxtar-releen-johdotus-dt-12v-60a","status":"publish","type":"product","link":"https:\/\/xenonkungen.com\/fi\/tuote\/luxtar-releen-johdotus-dt-12v-60a\/","title":{"rendered":"Luxtar relealusta DT | 12V 60A"},"content":{"rendered":"<h2>Luxtar relejohto DT | 12V 60A - luotettava virtal\u00e4hde valaistusj\u00e4rjestelm\u00e4lle<\/h2>\n<p>Optimoi ajoneuvosi <strong>Luxtar relealusta DT<\/strong>Suunniteltu k\u00e4sittelem\u00e4\u00e4n voimakkaita valaistustarpeita ja tarjoamaan turvallisen ja vakaan virransy\u00f6t\u00f6n. Suurella 60A:n kapasiteetilla ja sis\u00e4\u00e4nrakennetulla 40A:n sulakkeella t\u00e4m\u00e4 relekaapeli tarjoaa turvallisen ja kest\u00e4v\u00e4n ratkaisun 12 V:n j\u00e4rjestelmiin, ja se sopii erinomaisesti sek\u00e4 lis\u00e4lamppuihin, LED-valoihin ett\u00e4 ty\u00f6valoihin.<\/p>\n<h3>Ominaisuudet:<\/h3>\n<ul>\n<li><strong>60A rele<\/strong> jotka kest\u00e4v\u00e4t vaativia virtoja ja takaavat pitk\u00e4aikaisen suorituskyvyn.<\/li>\n<li><strong>Sis\u00e4\u00e4nrakennettu 40A sulake<\/strong> joka suojaa j\u00e4rjestelm\u00e4\u00e4si ja est\u00e4\u00e4 ylikuormituksen.<\/li>\n<li><strong>Helppo asentaa<\/strong> DT-liittimell\u00e4, jonka avulla valaistuskomponentit on helppo liitt\u00e4\u00e4.<\/li>\n<\/ul>\n<p>Luxtar Relay Cable DT -kaapelilla saat luotettavan suorituskyvyn valaistuslaitteillesi, ja se sopii t\u00e4ydellisesti niille, jotka etsiv\u00e4t helppoa asennusta, kest\u00e4vyytt\u00e4 ja turvallisuutta 12V-j\u00e4rjestelm\u00e4\u00e4ns\u00e4.<\/p>\n<p><span>Mukana toimitetaan virtapiuha signaalikaapelin (+) kytkemist\u00e4 varten.<\/span><br \/><span>Katso asennusohjeet kuvasta.<\/span><\/p>","protected":false},"excerpt":{"rendered":"<p>Uusi DT-relejohto, jossa on 60A-rele ja 40A-sulake.<\/p>","protected":false},"featured_media":1078,"comment_status":"closed","ping_status":"open","template":"","meta":{"_acf_changed":false,"_smort_price_nok":"266","_smort_price_dkk":"169","_smort_price_eur":"22.64","_smort_sale_price_nok":"","_smort_sale_price_dkk":"","_smort_sale_price_eur":"","smort_restorder":"","shipmondo_restorder":"","_kad_blocks_custom_css":"","_kad_blocks_head_custom_js":"","_kad_blocks_body_custom_js":"","_kad_blocks_footer_custom_js":"","smort_custom_pricelist_1":"159.36","smort_custom_pricelist_2":"139.44","smort_custom_pricelist_3":"129.48","smort_custom_pricelist_4":"199.2","smort_custom_pricelist_5":"139.44"},"anvandningsomrade":[],"bilmarken":[],"product_brand":[103],"product_cat":[2841,2828,2826,2488,2491,2489,2490,390],"product_tag":[],"class_list":{"0":"post-1077","1":"product","2":"type-product","3":"status-publish","4":"has-post-thumbnail","6":"product_brand-luxtar","7":"product_cat-installation-extraljus","8":"product_cat-installation-led-ramper","9":"product_cat-luxtar","10":"product_cat-relasats-arbetsbelysning","11":"product_cat-relasats","12":"product_cat-relasats-extraljus","13":"product_cat-relasats-2","14":"product_cat-installation","15":"pa_lampsockel-kontakt-dt","16":"pa_volt-v-159","18":"first","19":"instock","20":"taxable","21":"shipping-taxable","22":"purchasable","23":"product-type-simple"},"bundled_by":["9353","9384"],"bundle_stock_status":"instock","bundle_stock_quantity":184,"bundle_virtual":false,"bundle_layout":"","bundle_add_to_cart_form_location":"","bundle_editable_in_cart":false,"bundle_sold_individually_context":"","bundle_item_grouping":"","bundle_min_size":"","bundle_max_size":"","bundle_price":[],"bundled_items":[],"bundle_sell_ids":[],"acf":[],"yoast_head":"<!-- This site is optimized with the Yoast SEO plugin v27.0 - https:\/\/yoast.com\/product\/yoast-seo-wordpress\/ -->\n<title>Luxtar Rel\u00e4kablage DT | 12V 60A - Xenonkungen<\/title>\n<meta name=\"robots\" content=\"index, follow, max-snippet:-1, max-image-preview:large, max-video-preview:-1\" \/>\n<link rel=\"canonical\" href=\"https:\/\/xenonkungen.com\/fi\/tuote\/luxtar-releen-johdotus-dt-12v-60a\/\" \/>\n<meta property=\"og:locale\" content=\"fi_FI\" \/>\n<meta property=\"og:type\" content=\"article\" \/>\n<meta property=\"og:title\" content=\"Luxtar Rel\u00e4kablage DT | 12V 60A - Xenonkungen\" \/>\n<meta property=\"og:description\" content=\"Nytt DT rel\u00e4kablage med 60A Rel\u00e4 och 40A s\u00e4kring\" \/>\n<meta property=\"og:url\" content=\"https:\/\/xenonkungen.com\/fi\/tuote\/luxtar-releen-johdotus-dt-12v-60a\/\" \/>\n<meta property=\"og:site_name\" content=\"Xenonkungen\" \/>\n<meta property=\"article:modified_time\" content=\"2026-03-20T12:33:26+00:00\" \/>\n<meta property=\"og:image\" content=\"https:\/\/xenonkungen.com\/wp-content\/uploads\/2025\/04\/Relakabelsats-ArtNr-103105-PNNG-1000px.png\" \/>\n\t<meta property=\"og:image:width\" content=\"1000\" \/>\n\t<meta property=\"og:image:height\" content=\"1000\" \/>\n\t<meta property=\"og:image:type\" content=\"image\/png\" \/>\n<meta name=\"twitter:card\" content=\"summary_large_image\" \/>\n<meta name=\"twitter:label1\" content=\"Arvioitu lukuaika\" \/>\n\t<meta name=\"twitter:data1\" content=\"1 minuutti\" \/>\n<script type=\"application\/ld+json\" class=\"yoast-schema-graph\">{\"@context\":\"https:\/\/schema.org\",\"@graph\":[{\"@type\":\"WebPage\",\"@id\":\"https:\/\/xenonkungen.com\/produkt\/luxtar-relakablage-dt-12v-60a\/\",\"url\":\"https:\/\/xenonkungen.com\/produkt\/luxtar-relakablage-dt-12v-60a\/\",\"name\":\"Luxtar Rel\u00e4kablage DT | 12V 60A - Xenonkungen\",\"isPartOf\":{\"@id\":\"https:\/\/xenonkungen.com\/#website\"},\"primaryImageOfPage\":{\"@id\":\"https:\/\/xenonkungen.com\/produkt\/luxtar-relakablage-dt-12v-60a\/#primaryimage\"},\"image\":{\"@id\":\"https:\/\/xenonkungen.com\/produkt\/luxtar-relakablage-dt-12v-60a\/#primaryimage\"},\"thumbnailUrl\":\"https:\/\/xenonkungen.com\/wp-content\/uploads\/2025\/04\/Relakabelsats-ArtNr-103105-PNNG-1000px.png\",\"datePublished\":\"2025-04-15T07:58:48+00:00\",\"dateModified\":\"2026-03-20T12:33:26+00:00\",\"breadcrumb\":{\"@id\":\"https:\/\/xenonkungen.com\/produkt\/luxtar-relakablage-dt-12v-60a\/#breadcrumb\"},\"inLanguage\":\"fi\",\"potentialAction\":[{\"@type\":\"ReadAction\",\"target\":[\"https:\/\/xenonkungen.com\/produkt\/luxtar-relakablage-dt-12v-60a\/\"]}]},{\"@type\":\"ImageObject\",\"inLanguage\":\"fi\",\"@id\":\"https:\/\/xenonkungen.com\/produkt\/luxtar-relakablage-dt-12v-60a\/#primaryimage\",\"url\":\"https:\/\/xenonkungen.com\/wp-content\/uploads\/2025\/04\/Relakabelsats-ArtNr-103105-PNNG-1000px.png\",\"contentUrl\":\"https:\/\/xenonkungen.com\/wp-content\/uploads\/2025\/04\/Relakabelsats-ArtNr-103105-PNNG-1000px.png\",\"width\":1000,\"height\":1000},{\"@type\":\"BreadcrumbList\",\"@id\":\"https:\/\/xenonkungen.com\/produkt\/luxtar-relakablage-dt-12v-60a\/#breadcrumb\",\"itemListElement\":[{\"@type\":\"ListItem\",\"position\":1,\"name\":\"Hem\",\"item\":\"https:\/\/xenonkungen.com\/\"},{\"@type\":\"ListItem\",\"position\":2,\"name\":\"Shop\",\"item\":\"https:\/\/xenonkungen.com\/shop\/\"},{\"@type\":\"ListItem\",\"position\":3,\"name\":\"Luxtar Rel\u00e4kablage DT | 12V 60A\"}]},{\"@type\":\"WebSite\",\"@id\":\"https:\/\/xenonkungen.com\/#website\",\"url\":\"https:\/\/xenonkungen.com\/\",\"name\":\"Xenonkungen\",\"description\":\"\",\"potentialAction\":[{\"@type\":\"SearchAction\",\"target\":{\"@type\":\"EntryPoint\",\"urlTemplate\":\"https:\/\/xenonkungen.com\/?s={search_term_string}\"},\"query-input\":{\"@type\":\"PropertyValueSpecification\",\"valueRequired\":true,\"valueName\":\"search_term_string\"}}],\"inLanguage\":\"fi\"}]}<\/script>\n<!-- \/ Yoast SEO plugin. -->","yoast_head_json":{"title":"Luxtar-releen johtosarja DT | 12V 60A - Xenonkungen","robots":{"index":"index","follow":"follow","max-snippet":"max-snippet:-1","max-image-preview":"max-image-preview:large","max-video-preview":"max-video-preview:-1"},"canonical":"https:\/\/xenonkungen.com\/fi\/tuote\/luxtar-releen-johdotus-dt-12v-60a\/","og_locale":"fi_FI","og_type":"article","og_title":"Luxtar Rel\u00e4kablage DT | 12V 60A - Xenonkungen","og_description":"Nytt DT rel\u00e4kablage med 60A Rel\u00e4 och 40A s\u00e4kring","og_url":"https:\/\/xenonkungen.com\/fi\/tuote\/luxtar-releen-johdotus-dt-12v-60a\/","og_site_name":"Xenonkungen","article_modified_time":"2026-03-20T12:33:26+00:00","og_image":[{"width":1000,"height":1000,"url":"https:\/\/xenonkungen.com\/wp-content\/uploads\/2025\/04\/Relakabelsats-ArtNr-103105-PNNG-1000px.png","type":"image\/png"}],"twitter_card":"summary_large_image","twitter_misc":{"Arvioitu lukuaika":"1 minuutti"},"schema":{"@context":"https:\/\/schema.org","@graph":[{"@type":"WebPage","@id":"https:\/\/xenonkungen.com\/produkt\/luxtar-relakablage-dt-12v-60a\/","url":"https:\/\/xenonkungen.com\/produkt\/luxtar-relakablage-dt-12v-60a\/","name":"Luxtar-releen johtosarja DT | 12V 60A - Xenonkungen","isPartOf":{"@id":"https:\/\/xenonkungen.com\/#website"},"primaryImageOfPage":{"@id":"https:\/\/xenonkungen.com\/produkt\/luxtar-relakablage-dt-12v-60a\/#primaryimage"},"image":{"@id":"https:\/\/xenonkungen.com\/produkt\/luxtar-relakablage-dt-12v-60a\/#primaryimage"},"thumbnailUrl":"https:\/\/xenonkungen.com\/wp-content\/uploads\/2025\/04\/Relakabelsats-ArtNr-103105-PNNG-1000px.png","datePublished":"2025-04-15T07:58:48+00:00","dateModified":"2026-03-20T12:33:26+00:00","breadcrumb":{"@id":"https:\/\/xenonkungen.com\/produkt\/luxtar-relakablage-dt-12v-60a\/#breadcrumb"},"inLanguage":"fi","potentialAction":[{"@type":"ReadAction","target":["https:\/\/xenonkungen.com\/produkt\/luxtar-relakablage-dt-12v-60a\/"]}]},{"@type":"ImageObject","inLanguage":"fi","@id":"https:\/\/xenonkungen.com\/produkt\/luxtar-relakablage-dt-12v-60a\/#primaryimage","url":"https:\/\/xenonkungen.com\/wp-content\/uploads\/2025\/04\/Relakabelsats-ArtNr-103105-PNNG-1000px.png","contentUrl":"https:\/\/xenonkungen.com\/wp-content\/uploads\/2025\/04\/Relakabelsats-ArtNr-103105-PNNG-1000px.png","width":1000,"height":1000},{"@type":"BreadcrumbList","@id":"https:\/\/xenonkungen.com\/produkt\/luxtar-relakablage-dt-12v-60a\/#breadcrumb","itemListElement":[{"@type":"ListItem","position":1,"name":"Hem","item":"https:\/\/xenonkungen.com\/"},{"@type":"ListItem","position":2,"name":"Shop","item":"https:\/\/xenonkungen.com\/shop\/"},{"@type":"ListItem","position":3,"name":"Luxtar Rel\u00e4kablage DT | 12V 60A"}]},{"@type":"WebSite","@id":"https:\/\/xenonkungen.com\/#website","url":"https:\/\/xenonkungen.com\/","name":"Xenonkungen","description":"","potentialAction":[{"@type":"SearchAction","target":{"@type":"EntryPoint","urlTemplate":"https:\/\/xenonkungen.com\/?s={search_term_string}"},"query-input":{"@type":"PropertyValueSpecification","valueRequired":true,"valueName":"search_term_string"}}],"inLanguage":"fi"}]}},"taxonomy_info":{"product_brand":[{"value":103,"label":"LUXTAR"}],"product_cat":[{"value":2841,"label":"Installation extraljus"},{"value":2828,"label":"Installation LED-ramper"},{"value":2826,"label":"LUXTAR"},{"value":2488,"label":"Rel\u00e4sats"},{"value":2491,"label":"Rel\u00e4sats"},{"value":2489,"label":"Rel\u00e4satser"},{"value":2490,"label":"Rel\u00e4satser"},{"value":390,"label":"Installation"}],"pa_lampsockel-kontakt":[{"value":329,"label":"DT"}],"pa_volt-v":[{"value":159,"label":"12"}]},"featured_image_src_large":["https:\/\/xenonkungen.com\/wp-content\/uploads\/2025\/04\/Relakabelsats-ArtNr-103105-PNNG-1000px.png",1000,1000,false],"author_info":[],"comment_info":1,"_links":{"self":[{"href":"https:\/\/xenonkungen.com\/fi\/wp-json\/wp\/v2\/product\/1077","targetHints":{"allow":["GET"]}}],"collection":[{"href":"https:\/\/xenonkungen.com\/fi\/wp-json\/wp\/v2\/product"}],"about":[{"href":"https:\/\/xenonkungen.com\/fi\/wp-json\/wp\/v2\/types\/product"}],"replies":[{"embeddable":true,"href":"https:\/\/xenonkungen.com\/fi\/wp-json\/wp\/v2\/comments?post=1077"}],"wp:featuredmedia":[{"embeddable":true,"href":"https:\/\/xenonkungen.com\/fi\/wp-json\/wp\/v2\/media\/1078"}],"wp:attachment":[{"href":"https:\/\/xenonkungen.com\/fi\/wp-json\/wp\/v2\/media?parent=1077"}],"wp:term":[{"taxonomy":"anvandningsomrade","embeddable":true,"href":"https:\/\/xenonkungen.com\/fi\/wp-json\/wp\/v2\/anvandningsomrade?post=1077"},{"taxonomy":"bilmarken","embeddable":true,"href":"https:\/\/xenonkungen.com\/fi\/wp-json\/wp\/v2\/bilmarken?post=1077"},{"taxonomy":"product_brand","embeddable":true,"href":"https:\/\/xenonkungen.com\/fi\/wp-json\/wp\/v2\/product_brand?post=1077"},{"taxonomy":"product_cat","embeddable":true,"href":"https:\/\/xenonkungen.com\/fi\/wp-json\/wp\/v2\/product_cat?post=1077"},{"taxonomy":"product_tag","embeddable":true,"href":"https:\/\/xenonkungen.com\/fi\/wp-json\/wp\/v2\/product_tag?post=1077"}],"curies":[{"name":"wp","href":"https:\/\/api.w.org\/{rel}","templated":true}]}}