{"id":1098,"date":"2025-04-15T07:58:48","date_gmt":"2025-04-15T07:58:48","guid":{"rendered":"https:\/\/xenonkungen.com\/product\/smarter-bullit-cykellampa-f530-vit-1000lm\/"},"modified":"2026-04-11T00:25:16","modified_gmt":"2026-04-10T23:25:16","slug":"alykkaampi-bullit-polkupyoran-lamppu-f530-valkoinen-1000lm","status":"publish","type":"product","link":"https:\/\/xenonkungen.com\/fi\/tuote\/alykkaampi-bullit-polkupyoran-lamppu-f530-valkoinen-1000lm\/","title":{"rendered":"Smarter\u00ae Bullit Bike Light F530 WHITE | 1000lm"},"content":{"rendered":"<h2>Smarter\u00ae Bullit F530 - Tehokas py\u00f6r\u00e4ilyvalo tyylikk\u00e4\u00e4ll\u00e4 valkoisella viimeistelyll\u00e4.<\/h2>\n<p><strong>Maksimoi n\u00e4kyvyys ja turvallisuus tyylill\u00e4.<\/strong> Smarter\u00ae Bullit F530 on Smarter\u00ae Bullit F530 on <strong>kompakti mutta tehokas py\u00f6r\u00e4valo<\/strong> koko <strong>1000 lumenia<\/strong> - t\u00e4ydellinen sek\u00e4 kaupunkiliikenteeseen ett\u00e4 pimeille maanteille. Sen tyylik\u00e4s <strong>valkoinen muotoilu<\/strong> se ei ole vain turvallisuusv\u00e4line, vaan my\u00f6s kannanotto.<\/p>\n<h3>N\u00e4e ja tule n\u00e4hdyksi - joka kerta kun poljet<\/h3>\n<p>Jopa <strong>1000 lumenia<\/strong> Bullit F530 valaisee tiet\u00e4 kauas edest\u00e4si ja tekee sinut n\u00e4kyv\u00e4ksi kaikista kuvakulmista. Ihanteellinen py\u00f6r\u00e4ilij\u00f6ille, jotka tarvitsevat sek\u00e4 <strong>suorituskyky ja turvallisuus<\/strong>vuorokaudenajasta tai s\u00e4\u00e4olosuhteista riippumatta.<\/p>\n<h3>Tyylik\u00e4s muotoilu kohtaa \u00e4lykk\u00e4\u00e4n toiminnon<\/h3>\n<p>The <strong>valkoiset pinnoitteet<\/strong> antaa tyylikk\u00e4\u00e4n ilmeen, joka sopii t\u00e4ydellisesti nykyaikaisiin py\u00f6riin - kaupunkipy\u00f6rist\u00e4 s\u00e4hk\u00f6py\u00f6riin. Yhdistelm\u00e4 <strong>alhainen paino, helppo kokoonpano ja vankka rakenne<\/strong> tekee siit\u00e4 itsest\u00e4\u00e4n selv\u00e4n valinnan laatutietoisille py\u00f6r\u00e4ilij\u00f6ille.<\/p>\n<h3>Ominaisuudet, joihin voit luottaa:<\/h3>\n<ul>\n<li><strong>1000 lumenia<\/strong> - kirkas ja selke\u00e4 valo optimaalista n\u00e4kyvyytt\u00e4 varten<\/li>\n<li><strong>USB-ladattava<\/strong> - akkua ei tarvitse vaihtaa, vain ladata ja menn\u00e4<\/li>\n<li><strong>Useita valotiloja<\/strong> - sopeutua liikenteeseen, ymp\u00e4rist\u00f6\u00f6n ja tarpeisiin<\/li>\n<li><strong>Vedenkest\u00e4v\u00e4 rakenne<\/strong> - valmiina sateeseen ja paisteeseen<\/li>\n<li><strong>Pikaliitin<\/strong> - helppo kokoonpano ilman ty\u00f6kaluja<\/li>\n<\/ul>","protected":false},"excerpt":{"rendered":"<p>Tukeva polkupy\u00f6r\u00e4n valaistus, jossa on paljon valoa!<\/p>","protected":false},"featured_media":1099,"comment_status":"closed","ping_status":"closed","template":"","meta":{"_acf_changed":false,"_smort_price_nok":"240","_smort_price_dkk":"200","_smort_price_eur":"26.82","_smort_sale_price_nok":"240","_smort_sale_price_dkk":"","_smort_sale_price_eur":"20.45","smort_restorder":"","shipmondo_restorder":"","_kad_blocks_custom_css":"","_kad_blocks_head_custom_js":"","_kad_blocks_body_custom_js":"","_kad_blocks_footer_custom_js":"","smort_custom_pricelist_1":"188.8","smort_custom_pricelist_2":"188.8","smort_custom_pricelist_3":"179.36","smort_custom_pricelist_4":"236","smort_custom_pricelist_5":"188.8"},"anvandningsomrade":[237],"bilmarken":[],"product_brand":[111],"product_cat":[2443,1962],"product_tag":[],"class_list":{"0":"post-1098","1":"product","2":"type-product","3":"status-publish","4":"has-post-thumbnail","6":"anvandningsomrade-fritid","7":"product_brand-smarter","8":"product_cat-cykelbelysning","9":"product_cat-cykel","10":"pa_fargtemperatur-6000k","11":"pa_storlek-mm-115x31x37","12":"pa_volt-v-361","14":"first","15":"instock","16":"sale","17":"taxable","18":"shipping-taxable","19":"purchasable","20":"product-type-simple"},"bundled_by":[],"bundle_stock_status":"instock","bundle_stock_quantity":1,"bundle_virtual":false,"bundle_layout":"","bundle_add_to_cart_form_location":"","bundle_editable_in_cart":false,"bundle_sold_individually_context":"","bundle_item_grouping":"","bundle_min_size":"","bundle_max_size":"","bundle_price":[],"bundled_items":[],"bundle_sell_ids":[],"acf":[],"yoast_head":"<!-- This site is optimized with the Yoast SEO plugin v27.0 - https:\/\/yoast.com\/product\/yoast-seo-wordpress\/ -->\n<title>Smarter\u00ae Bullit Cykellampa F530 VIT | 1000lm - Xenonkungen<\/title>\n<meta name=\"robots\" content=\"index, follow, max-snippet:-1, max-image-preview:large, max-video-preview:-1\" \/>\n<link rel=\"canonical\" href=\"https:\/\/xenonkungen.com\/fi\/tuote\/alykkaampi-bullit-polkupyoran-lamppu-f530-valkoinen-1000lm\/\" \/>\n<meta property=\"og:locale\" content=\"fi_FI\" \/>\n<meta property=\"og:type\" content=\"article\" \/>\n<meta property=\"og:title\" content=\"Smarter\u00ae Bullit Cykellampa F530 VIT | 1000lm - Xenonkungen\" \/>\n<meta property=\"og:description\" content=\"Rej\u00e4l cykelbelysning med mycket ljus!\" \/>\n<meta property=\"og:url\" content=\"https:\/\/xenonkungen.com\/fi\/tuote\/alykkaampi-bullit-polkupyoran-lamppu-f530-valkoinen-1000lm\/\" \/>\n<meta property=\"og:site_name\" content=\"Xenonkungen\" \/>\n<meta property=\"article:modified_time\" content=\"2026-04-10T23:25:16+00:00\" \/>\n<meta property=\"og:image\" content=\"https:\/\/xenonkungen.com\/wp-content\/uploads\/2025\/04\/191774629-origpic-02752c.jpg\" \/>\n\t<meta property=\"og:image:width\" content=\"411\" \/>\n\t<meta property=\"og:image:height\" content=\"376\" \/>\n\t<meta property=\"og:image:type\" content=\"image\/jpeg\" \/>\n<meta name=\"twitter:card\" content=\"summary_large_image\" \/>\n<meta name=\"twitter:label1\" content=\"Arvioitu lukuaika\" \/>\n\t<meta name=\"twitter:data1\" content=\"1 minuutti\" \/>\n<script type=\"application\/ld+json\" class=\"yoast-schema-graph\">{\"@context\":\"https:\/\/schema.org\",\"@graph\":[{\"@type\":\"WebPage\",\"@id\":\"https:\/\/xenonkungen.com\/es\/producto\/smarter-bullit-cykellampa-f530-vit-1000lm\/\",\"url\":\"https:\/\/xenonkungen.com\/es\/producto\/smarter-bullit-cykellampa-f530-vit-1000lm\/\",\"name\":\"Smarter\u00ae Bullit Cykellampa F530 VIT | 1000lm - Xenonkungen\",\"isPartOf\":{\"@id\":\"https:\/\/xenonkungen.com\/#website\"},\"primaryImageOfPage\":{\"@id\":\"https:\/\/xenonkungen.com\/es\/producto\/smarter-bullit-cykellampa-f530-vit-1000lm\/#primaryimage\"},\"image\":{\"@id\":\"https:\/\/xenonkungen.com\/es\/producto\/smarter-bullit-cykellampa-f530-vit-1000lm\/#primaryimage\"},\"thumbnailUrl\":\"https:\/\/xenonkungen.com\/wp-content\/uploads\/2025\/04\/191774629-origpic-02752c.jpg\",\"datePublished\":\"2025-04-15T07:58:48+00:00\",\"dateModified\":\"2026-04-10T23:25:16+00:00\",\"breadcrumb\":{\"@id\":\"https:\/\/xenonkungen.com\/es\/producto\/smarter-bullit-cykellampa-f530-vit-1000lm\/#breadcrumb\"},\"inLanguage\":\"fi\",\"potentialAction\":[{\"@type\":\"ReadAction\",\"target\":[\"https:\/\/xenonkungen.com\/es\/producto\/smarter-bullit-cykellampa-f530-vit-1000lm\/\"]}]},{\"@type\":\"ImageObject\",\"inLanguage\":\"fi\",\"@id\":\"https:\/\/xenonkungen.com\/es\/producto\/smarter-bullit-cykellampa-f530-vit-1000lm\/#primaryimage\",\"url\":\"https:\/\/xenonkungen.com\/wp-content\/uploads\/2025\/04\/191774629-origpic-02752c.jpg\",\"contentUrl\":\"https:\/\/xenonkungen.com\/wp-content\/uploads\/2025\/04\/191774629-origpic-02752c.jpg\",\"width\":411,\"height\":376},{\"@type\":\"BreadcrumbList\",\"@id\":\"https:\/\/xenonkungen.com\/es\/producto\/smarter-bullit-cykellampa-f530-vit-1000lm\/#breadcrumb\",\"itemListElement\":[{\"@type\":\"ListItem\",\"position\":1,\"name\":\"Hem\",\"item\":\"https:\/\/xenonkungen.com\/\"},{\"@type\":\"ListItem\",\"position\":2,\"name\":\"Shop\",\"item\":\"https:\/\/xenonkungen.com\/shop\/\"},{\"@type\":\"ListItem\",\"position\":3,\"name\":\"Smarter\u00ae Bullit Cykellampa F530 VIT | 1000lm\"}]},{\"@type\":\"WebSite\",\"@id\":\"https:\/\/xenonkungen.com\/#website\",\"url\":\"https:\/\/xenonkungen.com\/\",\"name\":\"Xenonkungen\",\"description\":\"\",\"potentialAction\":[{\"@type\":\"SearchAction\",\"target\":{\"@type\":\"EntryPoint\",\"urlTemplate\":\"https:\/\/xenonkungen.com\/?s={search_term_string}\"},\"query-input\":{\"@type\":\"PropertyValueSpecification\",\"valueRequired\":true,\"valueName\":\"search_term_string\"}}],\"inLanguage\":\"fi\"}]}<\/script>\n<!-- \/ Yoast SEO plugin. -->","yoast_head_json":{"title":"Smarter\u00ae Bullit -polkupy\u00f6r\u00e4nvalo F530 VALKOINEN | 1000lm - Xenon-kuningas","robots":{"index":"index","follow":"follow","max-snippet":"max-snippet:-1","max-image-preview":"max-image-preview:large","max-video-preview":"max-video-preview:-1"},"canonical":"https:\/\/xenonkungen.com\/fi\/tuote\/alykkaampi-bullit-polkupyoran-lamppu-f530-valkoinen-1000lm\/","og_locale":"fi_FI","og_type":"article","og_title":"Smarter\u00ae Bullit Cykellampa F530 VIT | 1000lm - Xenonkungen","og_description":"Rej\u00e4l cykelbelysning med mycket ljus!","og_url":"https:\/\/xenonkungen.com\/fi\/tuote\/alykkaampi-bullit-polkupyoran-lamppu-f530-valkoinen-1000lm\/","og_site_name":"Xenonkungen","article_modified_time":"2026-04-10T23:25:16+00:00","og_image":[{"width":411,"height":376,"url":"https:\/\/xenonkungen.com\/wp-content\/uploads\/2025\/04\/191774629-origpic-02752c.jpg","type":"image\/jpeg"}],"twitter_card":"summary_large_image","twitter_misc":{"Arvioitu lukuaika":"1 minuutti"},"schema":{"@context":"https:\/\/schema.org","@graph":[{"@type":"WebPage","@id":"https:\/\/xenonkungen.com\/es\/producto\/smarter-bullit-cykellampa-f530-vit-1000lm\/","url":"https:\/\/xenonkungen.com\/es\/producto\/smarter-bullit-cykellampa-f530-vit-1000lm\/","name":"Smarter\u00ae Bullit -polkupy\u00f6r\u00e4nvalo F530 VALKOINEN | 1000lm - Xenon-kuningas","isPartOf":{"@id":"https:\/\/xenonkungen.com\/#website"},"primaryImageOfPage":{"@id":"https:\/\/xenonkungen.com\/es\/producto\/smarter-bullit-cykellampa-f530-vit-1000lm\/#primaryimage"},"image":{"@id":"https:\/\/xenonkungen.com\/es\/producto\/smarter-bullit-cykellampa-f530-vit-1000lm\/#primaryimage"},"thumbnailUrl":"https:\/\/xenonkungen.com\/wp-content\/uploads\/2025\/04\/191774629-origpic-02752c.jpg","datePublished":"2025-04-15T07:58:48+00:00","dateModified":"2026-04-10T23:25:16+00:00","breadcrumb":{"@id":"https:\/\/xenonkungen.com\/es\/producto\/smarter-bullit-cykellampa-f530-vit-1000lm\/#breadcrumb"},"inLanguage":"fi","potentialAction":[{"@type":"ReadAction","target":["https:\/\/xenonkungen.com\/es\/producto\/smarter-bullit-cykellampa-f530-vit-1000lm\/"]}]},{"@type":"ImageObject","inLanguage":"fi","@id":"https:\/\/xenonkungen.com\/es\/producto\/smarter-bullit-cykellampa-f530-vit-1000lm\/#primaryimage","url":"https:\/\/xenonkungen.com\/wp-content\/uploads\/2025\/04\/191774629-origpic-02752c.jpg","contentUrl":"https:\/\/xenonkungen.com\/wp-content\/uploads\/2025\/04\/191774629-origpic-02752c.jpg","width":411,"height":376},{"@type":"BreadcrumbList","@id":"https:\/\/xenonkungen.com\/es\/producto\/smarter-bullit-cykellampa-f530-vit-1000lm\/#breadcrumb","itemListElement":[{"@type":"ListItem","position":1,"name":"Hem","item":"https:\/\/xenonkungen.com\/"},{"@type":"ListItem","position":2,"name":"Shop","item":"https:\/\/xenonkungen.com\/shop\/"},{"@type":"ListItem","position":3,"name":"Smarter\u00ae Bullit Cykellampa F530 VIT | 1000lm"}]},{"@type":"WebSite","@id":"https:\/\/xenonkungen.com\/#website","url":"https:\/\/xenonkungen.com\/","name":"Xenonkungen","description":"","potentialAction":[{"@type":"SearchAction","target":{"@type":"EntryPoint","urlTemplate":"https:\/\/xenonkungen.com\/?s={search_term_string}"},"query-input":{"@type":"PropertyValueSpecification","valueRequired":true,"valueName":"search_term_string"}}],"inLanguage":"fi"}]}},"taxonomy_info":{"anvandningsomrade":[{"value":237,"label":"Fritid"}],"product_brand":[{"value":111,"label":"SMARTER"}],"product_cat":[{"value":2443,"label":"Cykelbelysning"},{"value":1962,"label":"Cykel"}],"pa_fargtemperatur":[{"value":188,"label":"6000K"}],"pa_storlek-mm":[{"value":363,"label":"11,5x3,1x3,7"}],"pa_volt-v":[{"value":361,"label":"3,7"}]},"featured_image_src_large":["https:\/\/xenonkungen.com\/wp-content\/uploads\/2025\/04\/191774629-origpic-02752c.jpg",411,376,false],"author_info":[],"comment_info":1,"_links":{"self":[{"href":"https:\/\/xenonkungen.com\/fi\/wp-json\/wp\/v2\/product\/1098","targetHints":{"allow":["GET"]}}],"collection":[{"href":"https:\/\/xenonkungen.com\/fi\/wp-json\/wp\/v2\/product"}],"about":[{"href":"https:\/\/xenonkungen.com\/fi\/wp-json\/wp\/v2\/types\/product"}],"replies":[{"embeddable":true,"href":"https:\/\/xenonkungen.com\/fi\/wp-json\/wp\/v2\/comments?post=1098"}],"wp:featuredmedia":[{"embeddable":true,"href":"https:\/\/xenonkungen.com\/fi\/wp-json\/wp\/v2\/media\/1099"}],"wp:attachment":[{"href":"https:\/\/xenonkungen.com\/fi\/wp-json\/wp\/v2\/media?parent=1098"}],"wp:term":[{"taxonomy":"anvandningsomrade","embeddable":true,"href":"https:\/\/xenonkungen.com\/fi\/wp-json\/wp\/v2\/anvandningsomrade?post=1098"},{"taxonomy":"bilmarken","embeddable":true,"href":"https:\/\/xenonkungen.com\/fi\/wp-json\/wp\/v2\/bilmarken?post=1098"},{"taxonomy":"product_brand","embeddable":true,"href":"https:\/\/xenonkungen.com\/fi\/wp-json\/wp\/v2\/product_brand?post=1098"},{"taxonomy":"product_cat","embeddable":true,"href":"https:\/\/xenonkungen.com\/fi\/wp-json\/wp\/v2\/product_cat?post=1098"},{"taxonomy":"product_tag","embeddable":true,"href":"https:\/\/xenonkungen.com\/fi\/wp-json\/wp\/v2\/product_tag?post=1098"}],"curies":[{"name":"wp","href":"https:\/\/api.w.org\/{rel}","templated":true}]}}