{"id":1126,"date":"2025-04-15T07:58:48","date_gmt":"2025-04-15T07:58:48","guid":{"rendered":"https:\/\/xenonkungen.com\/product\/luxtar-genesis-h13-gen2\/"},"modified":"2026-04-24T16:46:31","modified_gmt":"2026-04-24T15:46:31","slug":"luxtar-genesis-h13-gen2","status":"publish","type":"product","link":"https:\/\/xenonkungen.com\/fi\/tuote\/luxtar-genesis-h13-gen2\/","title":{"rendered":"LUXTAR\u00ae GENESIS H13 (Gen2)"},"content":{"rendered":"<p>Luxtar LED Genesis on uusinta LED-muunnosteknologiaa! \u00c4lykk\u00e4\u00e4n muotoilunsa ja loistavan suorituskykyns\u00e4 ansiosta se antaa autollesi kipe\u00e4sti tarvitsemasi suorituskyvyn lis\u00e4yksen. Helppo asentaa \u00e4lykk\u00e4\u00e4n modulaarisen rakenteen ansiosta. <\/p>\n<p>Valokuvassa on kaikki kuten ennenkin, mutta sit\u00e4 on parannettu huomattavasti. Tarjoaa kirkkaan valkoisen valon, jonka valon v\u00e4ri on 6000k ja joka sopii uusiin autoihin, joissa on LED. Saatavana kaikkiin suosituimpiin pistorasioihin.<\/p>\n<p><strong>Tekniset tiedot<\/strong><br \/>J\u00e4nnite: 12\/24V DC<br \/>Diodin teho: 50W<br \/>Valovirta, todellinen: 3500\u00b1100 lumenia<br \/>V\u00e4ril\u00e4mp\u00f6tila: 6500K<br \/>Valokuvio: 360\u00b0 ymp\u00e4ris\u00e4teilev\u00e4<br \/>E-hyv\u00e4ksytty: Ei<br \/>Canbus: Ei<br \/>K\u00e4ytt\u00f6l\u00e4mp\u00f6tila -40 - 150c<br \/>Sertifikaatti: IP68 | RoHS | CE<br \/>Sis\u00e4lt\u00f6: 2.kpl Luxtar LED Genesis Gen.2 H13 valaisinta.<br \/>Takuu: 2 vuotta<\/p>\n<p><strong>Soveltamisala:<\/strong><br \/>Kaikenlaiset 12V ja 24V ajoneuvot, joissa on kauko-, l\u00e4hi- ja sumuvalot CANBUS-valvonnalla tai ilman.<\/p>","protected":false},"excerpt":{"rendered":"<p>P\u00e4ivit\u00e4 ajoneuvoihin, joissa on H13-kanta. Luxtar Genesis antaa sinulle yli kolme kertaa enemm\u00e4n valoa!<\/p>","protected":false},"featured_media":1127,"comment_status":"closed","ping_status":"open","template":"","meta":{"_acf_changed":false,"_smort_price_nok":"1597","_smort_price_dkk":"1014","_smort_price_eur":"135.9","_smort_sale_price_nok":"","_smort_sale_price_dkk":"","_smort_sale_price_eur":"","smort_restorder":"","shipmondo_restorder":"","_kad_blocks_custom_css":"","_kad_blocks_head_custom_js":"","_kad_blocks_body_custom_js":"","_kad_blocks_footer_custom_js":"","smort_custom_pricelist_1":"956.8","smort_custom_pricelist_2":"837.2","smort_custom_pricelist_3":"795.34","smort_custom_pricelist_4":"1196","smort_custom_pricelist_5":"837.2"},"anvandningsomrade":[],"bilmarken":[],"product_brand":[103],"product_cat":[2451,2826,733],"product_tag":[],"class_list":{"0":"post-1126","1":"product","2":"type-product","3":"status-publish","4":"has-post-thumbnail","6":"product_brand-luxtar","7":"product_cat-led-konvertering","8":"product_cat-luxtar","9":"product_cat-halvljus-helljus","10":"pa_fuktskydd-varde-ipxx-ip68","11":"pa_godkannande-ce-rohs","12":"pa_lampsockel-kontakt-h13","13":"pa_led-chips-effekt-w-355","14":"pa_volt-v-12-24-multivolt","16":"first","17":"instock","18":"taxable","19":"shipping-taxable","20":"purchasable","21":"product-type-simple"},"bundled_by":[],"bundle_stock_status":"instock","bundle_stock_quantity":58,"bundle_virtual":false,"bundle_layout":"","bundle_add_to_cart_form_location":"","bundle_editable_in_cart":false,"bundle_sold_individually_context":"","bundle_item_grouping":"","bundle_min_size":"","bundle_max_size":"","bundle_price":[],"bundled_items":[],"bundle_sell_ids":[],"acf":[],"yoast_head":"<!-- This site is optimized with the Yoast SEO plugin v27.0 - https:\/\/yoast.com\/product\/yoast-seo-wordpress\/ -->\n<title>LUXTAR\u00ae GENESIS H13 (Gen2) - Xenonkungen<\/title>\n<meta name=\"robots\" content=\"index, follow, max-snippet:-1, max-image-preview:large, max-video-preview:-1\" \/>\n<link rel=\"canonical\" href=\"https:\/\/xenonkungen.com\/fi\/tuote\/luxtar-genesis-h13-gen2\/\" \/>\n<meta property=\"og:locale\" content=\"fi_FI\" \/>\n<meta property=\"og:type\" content=\"article\" \/>\n<meta property=\"og:title\" content=\"LUXTAR\u00ae GENESIS H13 (Gen2) - Xenonkungen\" \/>\n<meta property=\"og:description\" content=\"Uppgradering f\u00f6r fordon med H13 fattning. Luxtar Genesis ger er \u00f6ver 3 g\u00e5nger mer ljuset!\" \/>\n<meta property=\"og:url\" content=\"https:\/\/xenonkungen.com\/fi\/tuote\/luxtar-genesis-h13-gen2\/\" \/>\n<meta property=\"og:site_name\" content=\"Xenonkungen\" \/>\n<meta property=\"article:modified_time\" content=\"2026-04-24T15:46:31+00:00\" \/>\n<meta property=\"og:image\" content=\"https:\/\/xenonkungen.com\/wp-content\/uploads\/2025\/04\/192941720-origpic-af6b83.png\" \/>\n\t<meta property=\"og:image:width\" content=\"992\" \/>\n\t<meta property=\"og:image:height\" content=\"1000\" \/>\n\t<meta property=\"og:image:type\" content=\"image\/png\" \/>\n<meta name=\"twitter:card\" content=\"summary_large_image\" \/>\n<meta name=\"twitter:label1\" content=\"Arvioitu lukuaika\" \/>\n\t<meta name=\"twitter:data1\" content=\"1 minuutti\" \/>\n<script type=\"application\/ld+json\" class=\"yoast-schema-graph\">{\"@context\":\"https:\/\/schema.org\",\"@graph\":[{\"@type\":\"WebPage\",\"@id\":\"https:\/\/xenonkungen.com\/produkt\/luxtar-genesis-h13-gen2\/\",\"url\":\"https:\/\/xenonkungen.com\/produkt\/luxtar-genesis-h13-gen2\/\",\"name\":\"LUXTAR\u00ae GENESIS H13 (Gen2) - Xenonkungen\",\"isPartOf\":{\"@id\":\"https:\/\/xenonkungen.com\/#website\"},\"primaryImageOfPage\":{\"@id\":\"https:\/\/xenonkungen.com\/produkt\/luxtar-genesis-h13-gen2\/#primaryimage\"},\"image\":{\"@id\":\"https:\/\/xenonkungen.com\/produkt\/luxtar-genesis-h13-gen2\/#primaryimage\"},\"thumbnailUrl\":\"https:\/\/xenonkungen.com\/wp-content\/uploads\/2025\/04\/192941720-origpic-af6b83.png\",\"datePublished\":\"2025-04-15T07:58:48+00:00\",\"dateModified\":\"2026-04-24T15:46:31+00:00\",\"breadcrumb\":{\"@id\":\"https:\/\/xenonkungen.com\/produkt\/luxtar-genesis-h13-gen2\/#breadcrumb\"},\"inLanguage\":\"fi\",\"potentialAction\":[{\"@type\":\"ReadAction\",\"target\":[\"https:\/\/xenonkungen.com\/produkt\/luxtar-genesis-h13-gen2\/\"]}]},{\"@type\":\"ImageObject\",\"inLanguage\":\"fi\",\"@id\":\"https:\/\/xenonkungen.com\/produkt\/luxtar-genesis-h13-gen2\/#primaryimage\",\"url\":\"https:\/\/xenonkungen.com\/wp-content\/uploads\/2025\/04\/192941720-origpic-af6b83.png\",\"contentUrl\":\"https:\/\/xenonkungen.com\/wp-content\/uploads\/2025\/04\/192941720-origpic-af6b83.png\",\"width\":992,\"height\":1000},{\"@type\":\"BreadcrumbList\",\"@id\":\"https:\/\/xenonkungen.com\/produkt\/luxtar-genesis-h13-gen2\/#breadcrumb\",\"itemListElement\":[{\"@type\":\"ListItem\",\"position\":1,\"name\":\"Hem\",\"item\":\"https:\/\/xenonkungen.com\/\"},{\"@type\":\"ListItem\",\"position\":2,\"name\":\"Shop\",\"item\":\"https:\/\/xenonkungen.com\/shop\/\"},{\"@type\":\"ListItem\",\"position\":3,\"name\":\"LUXTAR\u00ae GENESIS H13 (Gen2)\"}]},{\"@type\":\"WebSite\",\"@id\":\"https:\/\/xenonkungen.com\/#website\",\"url\":\"https:\/\/xenonkungen.com\/\",\"name\":\"Xenonkungen\",\"description\":\"\",\"potentialAction\":[{\"@type\":\"SearchAction\",\"target\":{\"@type\":\"EntryPoint\",\"urlTemplate\":\"https:\/\/xenonkungen.com\/?s={search_term_string}\"},\"query-input\":{\"@type\":\"PropertyValueSpecification\",\"valueRequired\":true,\"valueName\":\"search_term_string\"}}],\"inLanguage\":\"fi\"}]}<\/script>\n<!-- \/ Yoast SEO plugin. -->","yoast_head_json":{"title":"LUXTAR\u00ae GENESIS H13 (Gen2) - Ksenonkuningas","robots":{"index":"index","follow":"follow","max-snippet":"max-snippet:-1","max-image-preview":"max-image-preview:large","max-video-preview":"max-video-preview:-1"},"canonical":"https:\/\/xenonkungen.com\/fi\/tuote\/luxtar-genesis-h13-gen2\/","og_locale":"fi_FI","og_type":"article","og_title":"LUXTAR\u00ae GENESIS H13 (Gen2) - Xenonkungen","og_description":"Uppgradering f\u00f6r fordon med H13 fattning. Luxtar Genesis ger er \u00f6ver 3 g\u00e5nger mer ljuset!","og_url":"https:\/\/xenonkungen.com\/fi\/tuote\/luxtar-genesis-h13-gen2\/","og_site_name":"Xenonkungen","article_modified_time":"2026-04-24T15:46:31+00:00","og_image":[{"width":992,"height":1000,"url":"https:\/\/xenonkungen.com\/wp-content\/uploads\/2025\/04\/192941720-origpic-af6b83.png","type":"image\/png"}],"twitter_card":"summary_large_image","twitter_misc":{"Arvioitu lukuaika":"1 minuutti"},"schema":{"@context":"https:\/\/schema.org","@graph":[{"@type":"WebPage","@id":"https:\/\/xenonkungen.com\/produkt\/luxtar-genesis-h13-gen2\/","url":"https:\/\/xenonkungen.com\/produkt\/luxtar-genesis-h13-gen2\/","name":"LUXTAR\u00ae GENESIS H13 (Gen2) - Ksenonkuningas","isPartOf":{"@id":"https:\/\/xenonkungen.com\/#website"},"primaryImageOfPage":{"@id":"https:\/\/xenonkungen.com\/produkt\/luxtar-genesis-h13-gen2\/#primaryimage"},"image":{"@id":"https:\/\/xenonkungen.com\/produkt\/luxtar-genesis-h13-gen2\/#primaryimage"},"thumbnailUrl":"https:\/\/xenonkungen.com\/wp-content\/uploads\/2025\/04\/192941720-origpic-af6b83.png","datePublished":"2025-04-15T07:58:48+00:00","dateModified":"2026-04-24T15:46:31+00:00","breadcrumb":{"@id":"https:\/\/xenonkungen.com\/produkt\/luxtar-genesis-h13-gen2\/#breadcrumb"},"inLanguage":"fi","potentialAction":[{"@type":"ReadAction","target":["https:\/\/xenonkungen.com\/produkt\/luxtar-genesis-h13-gen2\/"]}]},{"@type":"ImageObject","inLanguage":"fi","@id":"https:\/\/xenonkungen.com\/produkt\/luxtar-genesis-h13-gen2\/#primaryimage","url":"https:\/\/xenonkungen.com\/wp-content\/uploads\/2025\/04\/192941720-origpic-af6b83.png","contentUrl":"https:\/\/xenonkungen.com\/wp-content\/uploads\/2025\/04\/192941720-origpic-af6b83.png","width":992,"height":1000},{"@type":"BreadcrumbList","@id":"https:\/\/xenonkungen.com\/produkt\/luxtar-genesis-h13-gen2\/#breadcrumb","itemListElement":[{"@type":"ListItem","position":1,"name":"Hem","item":"https:\/\/xenonkungen.com\/"},{"@type":"ListItem","position":2,"name":"Shop","item":"https:\/\/xenonkungen.com\/shop\/"},{"@type":"ListItem","position":3,"name":"LUXTAR\u00ae GENESIS H13 (Gen2)"}]},{"@type":"WebSite","@id":"https:\/\/xenonkungen.com\/#website","url":"https:\/\/xenonkungen.com\/","name":"Xenonkungen","description":"","potentialAction":[{"@type":"SearchAction","target":{"@type":"EntryPoint","urlTemplate":"https:\/\/xenonkungen.com\/?s={search_term_string}"},"query-input":{"@type":"PropertyValueSpecification","valueRequired":true,"valueName":"search_term_string"}}],"inLanguage":"fi"}]}},"taxonomy_info":{"product_brand":[{"value":103,"label":"LUXTAR"}],"product_cat":[{"value":2451,"label":"Led-konvertering"},{"value":2826,"label":"LUXTAR"},{"value":733,"label":"Halvljus \/ Helljus"}],"pa_fuktskydd-varde-ipxx":[{"value":177,"label":"IP68"}],"pa_godkannande":[{"value":337,"label":"CE, RoHS"}],"pa_lampsockel-kontakt":[{"value":369,"label":"H13"}],"pa_led-chips-effekt-w":[{"value":355,"label":"50"}],"pa_volt-v":[{"value":367,"label":"12, 24, Multivolt"}]},"featured_image_src_large":["https:\/\/xenonkungen.com\/wp-content\/uploads\/2025\/04\/192941720-origpic-af6b83.png",992,1000,false],"author_info":[],"comment_info":2,"_links":{"self":[{"href":"https:\/\/xenonkungen.com\/fi\/wp-json\/wp\/v2\/product\/1126","targetHints":{"allow":["GET"]}}],"collection":[{"href":"https:\/\/xenonkungen.com\/fi\/wp-json\/wp\/v2\/product"}],"about":[{"href":"https:\/\/xenonkungen.com\/fi\/wp-json\/wp\/v2\/types\/product"}],"replies":[{"embeddable":true,"href":"https:\/\/xenonkungen.com\/fi\/wp-json\/wp\/v2\/comments?post=1126"}],"wp:featuredmedia":[{"embeddable":true,"href":"https:\/\/xenonkungen.com\/fi\/wp-json\/wp\/v2\/media\/1127"}],"wp:attachment":[{"href":"https:\/\/xenonkungen.com\/fi\/wp-json\/wp\/v2\/media?parent=1126"}],"wp:term":[{"taxonomy":"anvandningsomrade","embeddable":true,"href":"https:\/\/xenonkungen.com\/fi\/wp-json\/wp\/v2\/anvandningsomrade?post=1126"},{"taxonomy":"bilmarken","embeddable":true,"href":"https:\/\/xenonkungen.com\/fi\/wp-json\/wp\/v2\/bilmarken?post=1126"},{"taxonomy":"product_brand","embeddable":true,"href":"https:\/\/xenonkungen.com\/fi\/wp-json\/wp\/v2\/product_brand?post=1126"},{"taxonomy":"product_cat","embeddable":true,"href":"https:\/\/xenonkungen.com\/fi\/wp-json\/wp\/v2\/product_cat?post=1126"},{"taxonomy":"product_tag","embeddable":true,"href":"https:\/\/xenonkungen.com\/fi\/wp-json\/wp\/v2\/product_tag?post=1126"}],"curies":[{"name":"wp","href":"https:\/\/api.w.org\/{rel}","templated":true}]}}