{"id":11502,"date":"2025-06-23T13:26:10","date_gmt":"2025-06-23T13:26:10","guid":{"rendered":"https:\/\/xenonkungen.com\/produkt\/3-pack-extraljus-nbb-alpha-225-60w-xenon-24v\/"},"modified":"2025-12-10T14:51:22","modified_gmt":"2025-12-10T13:51:22","slug":"3-kpl-lisavaloja-nbb-alpha-225-60w-xenon-24v","status":"publish","type":"product","link":"https:\/\/xenonkungen.com\/fi\/tuote\/3-kpl-lisavaloja-nbb-alpha-225-60w-xenon-24v\/","title":{"rendered":"3-PAKKAUS Lis\u00e4valo NBB Alpha 225 60W Xenon 24V 24V"},"content":{"rendered":"<p>3-pack Extra Light NBB Alpha 225, <strong>60W, 24V Xenon<\/strong> | T\u00e4ydellinen paketti, jossa on 3 x kpl apuvaloja halkaisijalla varustettuna <strong>225mm<\/strong> eritt\u00e4in suosittu malli, jossa on yksi markkinoiden parhaista valokuvioista. Uusi malli, jossa LED-paikannusvalo yl\u00e4reunassa (valinnainen liit\u00e4nt\u00e4).<\/p>\n<p>Vaihtoehto niille, jotka pit\u00e4v\u00e4t t\u00e4rkeimp\u00e4n\u00e4 mahdollisimman paljon ja parasta mahdollista valoa. Versiossa, jolla on todellinen vaikutus <strong>50W ksenon<\/strong>.<\/p>\n<p>Sek\u00e4 liit\u00e4nt\u00e4laite (3 vuoden takuu) ett\u00e4 ksenonlamppu ovat tyyppi\u00e4 Super fast start ja High brightness. <\/p>\n<p>Valovirta 15000\u00b1300 lumenia (4300K) kolmella NBB225:ll\u00e4 tarjoaa yli 1000 metrin et\u00e4isyysvalon.<\/p>\n<p>Valaisinkotelo: NBB 225 Alpha LED, suosittu bestseller, joka t\u00e4ytt\u00e4\u00e4 korkeat laatuvaatimukset. E-merkitty alkuper\u00e4isess\u00e4 halogeenimallissa. Asennetaan pystysuoraan.<br \/>- Lasikuituvahvisteinen muovi<br \/>- Alumiininen vapaamuotoinen heijastin<br \/>- Kirkas lasilinssi polykarbonaatissa<br \/>- Valokuvan kaukos\u00e4\u00e4din<\/p>\n<p><em>Voit halutessasi asentaa liit\u00e4nt\u00e4laitteen lyhdyn sis\u00e4lle. Suosittelemme kuitenkin ulkoista sijoittamista moottoritilaan. Se v\u00e4hent\u00e4\u00e4 painoa, ja sinulla on jonkin verran arvoa j\u00e4ljell\u00e4, jos lis\u00e4valot varastetaan.<\/em><\/p>\n<p>Mik\u00e4 tahansa v\u00e4ril\u00e4mp\u00f6tila (K = kelvin):<br \/><strong>4300K<\/strong> (5000\u00b1100 lm, vakiovalkoinen)<br \/><strong>5000K<\/strong>~5400K (4700\u00b1100 lm, kirkkaan valkoinen)<br \/><strong>6000K<\/strong> (4100\u00b1100 lm, timanttivalkoinen)<br \/>Todelliset arvot ksenonvaloa kohti spektroanalyysin mukaan.<br \/>- Suosittelemme 4300K.<\/p>\n<p>Toimituksen sis\u00e4lt\u00f6:<br \/>3kpl <a href=\"https:\/\/www.xenonkungen.com\/sok\/161041\">Lis\u00e4valo NBB 225 LED<\/a><br \/>3kpl <a href=\"https:\/\/www.xenonkungen.com\/se\/produkter\/xenon\/ballaster\/xenon-ballast-60w-70w.html\">#103099 HNS-6 24V Xenon Ballast 60W<\/a><br \/>3kpl <a href=\"https:\/\/www.xenonkungen.com\/se\/produkter\/xenon\/xenonlampor-kit\/d2h-xenonlampor-for-nbb-225.html\">#124344 Power Extra hehkulamppu D2H<\/a><br \/>3kpl <a href=\"https:\/\/www.xenonkungen.com\/se\/produkter\/xenon\/kablar-kontakter\/forlangningskabel-40cm.html\">#103126-40 Jatkojohto 40 cm<\/a><br \/>1. <a href=\"https:\/\/www.xenonkungen.com\/se\/produkter\/installationsmaterial\/kablar-kontakter\/relakabelsats-3b-24v60a.html\">#103107-24V Relekaapeli 3B 24V<\/a><br \/>1. <a href=\"https:\/\/www.xenonkungen.com\/se\/produkter\/installationsmaterial\/fasten-universal\/extraljusfaste-svart-3-225mm.html\">#161101 Lis\u00e4valon kiinnike Musta 3<\/a><br \/>3kpl <a href=\"https:\/\/www.xenonkungen.com\/se\/produkter\/installationsmaterial\/fasten-universal\/extraljus-stag-rund-svart.html\">#161107 Lis\u00e4valomerkki<\/a><\/p>\n<p>Varaosia on saatavana tavallisesta valikoimastamme.<\/p>\n<p>Pakkaus toimitetaan vakiona kokoonpanemattomana tai koottuna sis\u00e4\u00e4nrakennetulla liit\u00e4nt\u00e4laitteella ja ksenonlampulla (150kr\/NBB).<br \/>Lis\u00e4valo ei ole E-hyv\u00e4ksytty t\u00e4ss\u00e4 versiossa.<\/p>\n<p>1 vuoden takuu (3 vuotta liit\u00e4nt\u00e4laitteelle HNS-6 24V).<\/p>","protected":false},"excerpt":{"rendered":"<p>3-Pack Extraljus NBB Alpha 225, 60W, 24V Xenon | Komplett paket med 3st xenon extraljus med diameter 225mm av mycket popul\u00e4r modell med ett av marknadens absolut b\u00e4sta ljusbild. Nya modellen med LED positionsljus p\u00e5 \u00f6verkanten (valfri inkoppling). Alternativet f\u00f6r dig som prioriterar mesta och b\u00e4sta m\u00f6jliga ljus. I utf\u00f6rande med verklig effekt p\u00e5 50W [&hellip;]<\/p>","protected":false},"featured_media":10635,"comment_status":"closed","ping_status":"open","template":"","meta":{"_acf_changed":false,"_smort_price_nok":"5763","_smort_price_dkk":"3661","_smort_price_eur":"490.43","_smort_sale_price_nok":"","_smort_sale_price_dkk":"","_smort_sale_price_eur":"","smort_restorder":"","shipmondo_restorder":"","_kad_blocks_custom_css":"","_kad_blocks_head_custom_js":"","_kad_blocks_body_custom_js":"","_kad_blocks_footer_custom_js":"","smort_custom_pricelist_1":"","smort_custom_pricelist_2":"","smort_custom_pricelist_3":"","smort_custom_pricelist_4":"","smort_custom_pricelist_5":""},"anvandningsomrade":[],"bilmarken":[],"product_brand":[],"product_cat":[2674,142],"product_tag":[],"class_list":{"0":"post-11502","1":"product","2":"type-product","3":"status-publish","4":"has-post-thumbnail","6":"product_cat-paket-extraljus","7":"product_cat-extraljus","8":"pa_fargtemperatur-5000k","9":"pa_fargtemperatur-6000k","10":"pa_fargtemperatur-4300k","12":"first","13":"onbackorder","14":"taxable","15":"shipping-taxable","16":"purchasable","17":"product-type-variable"},"bundled_by":[],"bundle_stock_status":"onbackorder","bundle_stock_quantity":null,"bundle_virtual":false,"bundle_layout":"","bundle_add_to_cart_form_location":"","bundle_editable_in_cart":false,"bundle_sold_individually_context":"","bundle_item_grouping":"","bundle_min_size":"","bundle_max_size":"","bundle_price":[],"bundled_items":[],"bundle_sell_ids":[],"acf":[],"yoast_head":"<!-- This site is optimized with the Yoast SEO plugin v27.0 - https:\/\/yoast.com\/product\/yoast-seo-wordpress\/ -->\n<title>3-PACK Extraljus NBB Alpha 225 60W Xenon 24V - Xenonkungen<\/title>\n<meta name=\"robots\" content=\"index, follow, max-snippet:-1, max-image-preview:large, max-video-preview:-1\" \/>\n<link rel=\"canonical\" href=\"https:\/\/xenonkungen.com\/fi\/tuote\/3-kpl-lisavaloja-nbb-alpha-225-60w-xenon-24v\/\" \/>\n<meta property=\"og:locale\" content=\"fi_FI\" \/>\n<meta property=\"og:type\" content=\"article\" \/>\n<meta property=\"og:title\" content=\"3-PACK Extraljus NBB Alpha 225 60W Xenon 24V - Xenonkungen\" \/>\n<meta property=\"og:description\" content=\"3-Pack Extraljus NBB Alpha 225, 60W, 24V Xenon | Komplett paket med 3st xenon extraljus med diameter 225mm av mycket popul\u00e4r modell med ett av marknadens absolut b\u00e4sta ljusbild. Nya modellen med LED positionsljus p\u00e5 \u00f6verkanten (valfri inkoppling). Alternativet f\u00f6r dig som prioriterar mesta och b\u00e4sta m\u00f6jliga ljus. I utf\u00f6rande med verklig effekt p\u00e5 50W [&hellip;]\" \/>\n<meta property=\"og:url\" content=\"https:\/\/xenonkungen.com\/fi\/tuote\/3-kpl-lisavaloja-nbb-alpha-225-60w-xenon-24v\/\" \/>\n<meta property=\"og:site_name\" content=\"Xenonkungen\" \/>\n<meta property=\"article:modified_time\" content=\"2025-12-10T13:51:22+00:00\" \/>\n<meta property=\"og:image\" content=\"https:\/\/xenonkungen.com\/wp-content\/uploads\/2025\/06\/172085369-origpic-a46eb9.png\" \/>\n\t<meta property=\"og:image:width\" content=\"1000\" \/>\n\t<meta property=\"og:image:height\" content=\"1000\" \/>\n\t<meta property=\"og:image:type\" content=\"image\/png\" \/>\n<meta name=\"twitter:card\" content=\"summary_large_image\" \/>\n<meta name=\"twitter:label1\" content=\"Arvioitu lukuaika\" \/>\n\t<meta name=\"twitter:data1\" content=\"1 minuutti\" \/>\n<script type=\"application\/ld+json\" class=\"yoast-schema-graph\">{\"@context\":\"https:\/\/schema.org\",\"@graph\":[{\"@type\":\"WebPage\",\"@id\":\"https:\/\/xenonkungen.com\/no\/produkt\/3-pakning-ekstra-lys-nbb-alpha-225-60w-xenon-24v\/\",\"url\":\"https:\/\/xenonkungen.com\/no\/produkt\/3-pakning-ekstra-lys-nbb-alpha-225-60w-xenon-24v\/\",\"name\":\"3-PACK Extraljus NBB Alpha 225 60W Xenon 24V - Xenonkungen\",\"isPartOf\":{\"@id\":\"https:\/\/xenonkungen.com\/#website\"},\"primaryImageOfPage\":{\"@id\":\"https:\/\/xenonkungen.com\/no\/produkt\/3-pakning-ekstra-lys-nbb-alpha-225-60w-xenon-24v\/#primaryimage\"},\"image\":{\"@id\":\"https:\/\/xenonkungen.com\/no\/produkt\/3-pakning-ekstra-lys-nbb-alpha-225-60w-xenon-24v\/#primaryimage\"},\"thumbnailUrl\":\"https:\/\/xenonkungen.com\/wp-content\/uploads\/2025\/06\/172085369-origpic-a46eb9.png\",\"datePublished\":\"2025-06-23T13:26:10+00:00\",\"dateModified\":\"2025-12-10T13:51:22+00:00\",\"breadcrumb\":{\"@id\":\"https:\/\/xenonkungen.com\/no\/produkt\/3-pakning-ekstra-lys-nbb-alpha-225-60w-xenon-24v\/#breadcrumb\"},\"inLanguage\":\"fi\",\"potentialAction\":[{\"@type\":\"ReadAction\",\"target\":[\"https:\/\/xenonkungen.com\/no\/produkt\/3-pakning-ekstra-lys-nbb-alpha-225-60w-xenon-24v\/\"]}]},{\"@type\":\"ImageObject\",\"inLanguage\":\"fi\",\"@id\":\"https:\/\/xenonkungen.com\/no\/produkt\/3-pakning-ekstra-lys-nbb-alpha-225-60w-xenon-24v\/#primaryimage\",\"url\":\"https:\/\/xenonkungen.com\/wp-content\/uploads\/2025\/06\/172085369-origpic-a46eb9.png\",\"contentUrl\":\"https:\/\/xenonkungen.com\/wp-content\/uploads\/2025\/06\/172085369-origpic-a46eb9.png\",\"width\":1000,\"height\":1000},{\"@type\":\"BreadcrumbList\",\"@id\":\"https:\/\/xenonkungen.com\/no\/produkt\/3-pakning-ekstra-lys-nbb-alpha-225-60w-xenon-24v\/#breadcrumb\",\"itemListElement\":[{\"@type\":\"ListItem\",\"position\":1,\"name\":\"Hem\",\"item\":\"https:\/\/xenonkungen.com\/\"},{\"@type\":\"ListItem\",\"position\":2,\"name\":\"Shop\",\"item\":\"https:\/\/xenonkungen.com\/shop\/\"},{\"@type\":\"ListItem\",\"position\":3,\"name\":\"3-PACK Extraljus NBB Alpha 225 60W Xenon 24V\"}]},{\"@type\":\"WebSite\",\"@id\":\"https:\/\/xenonkungen.com\/#website\",\"url\":\"https:\/\/xenonkungen.com\/\",\"name\":\"Xenonkungen\",\"description\":\"\",\"potentialAction\":[{\"@type\":\"SearchAction\",\"target\":{\"@type\":\"EntryPoint\",\"urlTemplate\":\"https:\/\/xenonkungen.com\/?s={search_term_string}\"},\"query-input\":{\"@type\":\"PropertyValueSpecification\",\"valueRequired\":true,\"valueName\":\"search_term_string\"}}],\"inLanguage\":\"fi\"}]}<\/script>\n<!-- \/ Yoast SEO plugin. -->","yoast_head_json":{"title":"3-PAKKAUS Lis\u00e4valot NBB Alpha 225 60W Xenon 24V - Xenonkungen","robots":{"index":"index","follow":"follow","max-snippet":"max-snippet:-1","max-image-preview":"max-image-preview:large","max-video-preview":"max-video-preview:-1"},"canonical":"https:\/\/xenonkungen.com\/fi\/tuote\/3-kpl-lisavaloja-nbb-alpha-225-60w-xenon-24v\/","og_locale":"fi_FI","og_type":"article","og_title":"3-PACK Extraljus NBB Alpha 225 60W Xenon 24V - Xenonkungen","og_description":"3-Pack Extraljus NBB Alpha 225, 60W, 24V Xenon | Komplett paket med 3st xenon extraljus med diameter 225mm av mycket popul\u00e4r modell med ett av marknadens absolut b\u00e4sta ljusbild. Nya modellen med LED positionsljus p\u00e5 \u00f6verkanten (valfri inkoppling). Alternativet f\u00f6r dig som prioriterar mesta och b\u00e4sta m\u00f6jliga ljus. I utf\u00f6rande med verklig effekt p\u00e5 50W [&hellip;]","og_url":"https:\/\/xenonkungen.com\/fi\/tuote\/3-kpl-lisavaloja-nbb-alpha-225-60w-xenon-24v\/","og_site_name":"Xenonkungen","article_modified_time":"2025-12-10T13:51:22+00:00","og_image":[{"width":1000,"height":1000,"url":"https:\/\/xenonkungen.com\/wp-content\/uploads\/2025\/06\/172085369-origpic-a46eb9.png","type":"image\/png"}],"twitter_card":"summary_large_image","twitter_misc":{"Arvioitu lukuaika":"1 minuutti"},"schema":{"@context":"https:\/\/schema.org","@graph":[{"@type":"WebPage","@id":"https:\/\/xenonkungen.com\/no\/produkt\/3-pakning-ekstra-lys-nbb-alpha-225-60w-xenon-24v\/","url":"https:\/\/xenonkungen.com\/no\/produkt\/3-pakning-ekstra-lys-nbb-alpha-225-60w-xenon-24v\/","name":"3-PAKKAUS Lis\u00e4valot NBB Alpha 225 60W Xenon 24V - Xenonkungen","isPartOf":{"@id":"https:\/\/xenonkungen.com\/#website"},"primaryImageOfPage":{"@id":"https:\/\/xenonkungen.com\/no\/produkt\/3-pakning-ekstra-lys-nbb-alpha-225-60w-xenon-24v\/#primaryimage"},"image":{"@id":"https:\/\/xenonkungen.com\/no\/produkt\/3-pakning-ekstra-lys-nbb-alpha-225-60w-xenon-24v\/#primaryimage"},"thumbnailUrl":"https:\/\/xenonkungen.com\/wp-content\/uploads\/2025\/06\/172085369-origpic-a46eb9.png","datePublished":"2025-06-23T13:26:10+00:00","dateModified":"2025-12-10T13:51:22+00:00","breadcrumb":{"@id":"https:\/\/xenonkungen.com\/no\/produkt\/3-pakning-ekstra-lys-nbb-alpha-225-60w-xenon-24v\/#breadcrumb"},"inLanguage":"fi","potentialAction":[{"@type":"ReadAction","target":["https:\/\/xenonkungen.com\/no\/produkt\/3-pakning-ekstra-lys-nbb-alpha-225-60w-xenon-24v\/"]}]},{"@type":"ImageObject","inLanguage":"fi","@id":"https:\/\/xenonkungen.com\/no\/produkt\/3-pakning-ekstra-lys-nbb-alpha-225-60w-xenon-24v\/#primaryimage","url":"https:\/\/xenonkungen.com\/wp-content\/uploads\/2025\/06\/172085369-origpic-a46eb9.png","contentUrl":"https:\/\/xenonkungen.com\/wp-content\/uploads\/2025\/06\/172085369-origpic-a46eb9.png","width":1000,"height":1000},{"@type":"BreadcrumbList","@id":"https:\/\/xenonkungen.com\/no\/produkt\/3-pakning-ekstra-lys-nbb-alpha-225-60w-xenon-24v\/#breadcrumb","itemListElement":[{"@type":"ListItem","position":1,"name":"Hem","item":"https:\/\/xenonkungen.com\/"},{"@type":"ListItem","position":2,"name":"Shop","item":"https:\/\/xenonkungen.com\/shop\/"},{"@type":"ListItem","position":3,"name":"3-PACK Extraljus NBB Alpha 225 60W Xenon 24V"}]},{"@type":"WebSite","@id":"https:\/\/xenonkungen.com\/#website","url":"https:\/\/xenonkungen.com\/","name":"Xenonkungen","description":"","potentialAction":[{"@type":"SearchAction","target":{"@type":"EntryPoint","urlTemplate":"https:\/\/xenonkungen.com\/?s={search_term_string}"},"query-input":{"@type":"PropertyValueSpecification","valueRequired":true,"valueName":"search_term_string"}}],"inLanguage":"fi"}]}},"taxonomy_info":{"product_cat":[{"value":2674,"label":"Paket"},{"value":142,"label":"Extraljus"}],"pa_fargtemperatur":[{"value":154,"label":"5000K"},{"value":188,"label":"6000K"},{"value":755,"label":"4300K"}]},"featured_image_src_large":["https:\/\/xenonkungen.com\/wp-content\/uploads\/2025\/06\/172085369-origpic-a46eb9.png",1000,1000,false],"author_info":[],"comment_info":0,"_links":{"self":[{"href":"https:\/\/xenonkungen.com\/fi\/wp-json\/wp\/v2\/product\/11502","targetHints":{"allow":["GET"]}}],"collection":[{"href":"https:\/\/xenonkungen.com\/fi\/wp-json\/wp\/v2\/product"}],"about":[{"href":"https:\/\/xenonkungen.com\/fi\/wp-json\/wp\/v2\/types\/product"}],"replies":[{"embeddable":true,"href":"https:\/\/xenonkungen.com\/fi\/wp-json\/wp\/v2\/comments?post=11502"}],"wp:featuredmedia":[{"embeddable":true,"href":"https:\/\/xenonkungen.com\/fi\/wp-json\/wp\/v2\/media\/10635"}],"wp:attachment":[{"href":"https:\/\/xenonkungen.com\/fi\/wp-json\/wp\/v2\/media?parent=11502"}],"wp:term":[{"taxonomy":"anvandningsomrade","embeddable":true,"href":"https:\/\/xenonkungen.com\/fi\/wp-json\/wp\/v2\/anvandningsomrade?post=11502"},{"taxonomy":"bilmarken","embeddable":true,"href":"https:\/\/xenonkungen.com\/fi\/wp-json\/wp\/v2\/bilmarken?post=11502"},{"taxonomy":"product_brand","embeddable":true,"href":"https:\/\/xenonkungen.com\/fi\/wp-json\/wp\/v2\/product_brand?post=11502"},{"taxonomy":"product_cat","embeddable":true,"href":"https:\/\/xenonkungen.com\/fi\/wp-json\/wp\/v2\/product_cat?post=11502"},{"taxonomy":"product_tag","embeddable":true,"href":"https:\/\/xenonkungen.com\/fi\/wp-json\/wp\/v2\/product_tag?post=11502"}],"curies":[{"name":"wp","href":"https:\/\/api.w.org\/{rel}","templated":true}]}}