{"id":11526,"date":"2025-06-23T13:50:43","date_gmt":"2025-06-23T13:50:43","guid":{"rendered":"https:\/\/xenonkungen.com\/produkt\/rad4-extraljus-nbb-alpha-225-60w-xenon\/"},"modified":"2026-04-05T19:42:06","modified_gmt":"2026-04-05T18:42:06","slug":"rad4-lisavalo-nbb-alpha-225-60w-xenon","status":"publish","type":"product","link":"https:\/\/xenonkungen.com\/fi\/tuote\/rad4-lisavalo-nbb-alpha-225-60w-xenon\/","title":{"rendered":"RAD4 Lis\u00e4valo NBB Alpha 225 60W Xenon 60W"},"content":{"rendered":"<h1>Lis\u00e4valopaketti niille teist\u00e4, joille kolme valoa ei riit\u00e4!<\/h1>\n<p>T\u00e4ydellinen paketti, jossa on 4 lis\u00e4valoa NBB Alpha 225, jonka halkaisija on 225 mm ja jossa on yksi markkinoiden ehdottomasti parhaista valokuvista. Uusi malli, jossa LED-paikannusvalo yl\u00e4reunassa (valinnainen liit\u00e4nt\u00e4).<\/p>\n<p>Vaihtoehto niille, jotka pit\u00e4v\u00e4t t\u00e4rkeimp\u00e4n\u00e4 mahdollisimman paljon ja parasta mahdollista valoa. Versiossa, jolla on todellinen vaikutus <strong>60W ksenon<\/strong> (vastaa kilpailijoiden niin sanottua \"70W\").<\/p>\n<p>Sek\u00e4 liit\u00e4nt\u00e4laite (3 vuoden takuu) ett\u00e4 ksenonlamppu ovat tyyppi\u00e4 Super fast start ja High brightness. <\/p>\n<p><strong>Kysymys:<\/strong> Monet myyv\u00e4t t\u00e4t\u00e4 lis\u00e4valoa. Miksi ostaa sinulta?<br \/><strong>Vastaa:<\/strong> Vi bil\u00e4gares -lehden testien mukaan meill\u00e4 on Ruotsin paras asiakaspalvelu. HNS-6-liit\u00e4nt\u00e4laitteillamme on my\u00f6s pisin takuu kaikista j\u00e4lkimarkkinoiden liit\u00e4nt\u00e4laitteista. <\/p>\n<p>Pakkaus sis\u00e4lt\u00e4\u00e4 2 kaukos\u00e4\u00e4dint\u00e4 ja 2 kohdevaloa. Suosittelemme asennusta seuraavassa j\u00e4rjestyksess\u00e4: FSSF <\/p>\n<p>Valovirta 22400\u00b1400 lumenia (4300K) kolmella NBB225-polttimolla tarjoaa pitk\u00e4n kantaman, yli 1000 metrin valon!<\/p>\n<p>Valaisinkotelo: NBB 225 Alpha LED, suosittu bestseller, joka t\u00e4ytt\u00e4\u00e4 korkeat laatuvaatimukset. E-merkitty alkuper\u00e4isess\u00e4 halogeenimallissa. Asennetaan pystysuoraan.<br \/>- Lasikuituvahvisteinen muovi<br \/>- Alumiininen vapaamuotoinen heijastin<br \/>- Kirkas lasilinssi polykarbonaatissa<br \/>\u2013 Valokuva kaukaa (Driving), piste (Pencil Beam)<\/p>\n<p><em>Voit halutessasi asentaa liit\u00e4nt\u00e4laitteen lyhdyn sis\u00e4lle. Suosittelemme kuitenkin ulkoista sijoittamista moottoritilaan. Se v\u00e4hent\u00e4\u00e4 painoa, ja sinulla on jonkin verran arvoa j\u00e4ljell\u00e4, jos lis\u00e4valot varastetaan.<\/em><\/p>\n<p><strong>Mik\u00e4 tahansa v\u00e4ril\u00e4mp\u00f6tila (K = kelvin):<\/strong><br \/><strong>4300K<\/strong> (5600\u00b1100 lm, vakiovalkoinen)<br \/><strong>5000K<\/strong>~5400K (5200\u00b1100 lm, kirkkaan valkoinen)<br \/><strong>6000K<\/strong> (4700\u00b1100 lm, timantinvalkoinen)<br \/>Todelliset arvot ksenonvaloa kohti spektroanalyysin mukaan.<br \/>- Suosittelemme 4300K.<\/p>\n<p><strong>Toimituksen sis\u00e4lt\u00f6:<\/strong><br \/>4kpl <a href=\"https:\/\/www.xenonkungen.com\/sok\/161041\" target=\"_blank\" rel=\"noopener\">Lis\u00e4valo NBB 225 LED<\/a><br \/>4kpl <a href=\"https:\/\/www.xenonkungen.com\/se\/produkter\/xenon\/ballaster\/xenon-ballast-60w-70w.html\" target=\"_blank\" rel=\"noopener\">#103099 HNS-6 nopeus k\u00e4ynnistyspainolasti 12V<\/a><br \/>4kpl <a href=\"https:\/\/www.xenonkungen.com\/se\/produkter\/xenon\/xenonlampor-kit\/d2h-xenonlampor-for-nbb-225.html\" target=\"_blank\" rel=\"noopener\">#124344 Power Extra hehkulamppu D2H<\/a><br \/>4kpl <a href=\"https:\/\/www.xenonkungen.com\/se\/produkter\/xenon\/kablar-kontakter\/forlangningskabel-40cm.html\" target=\"_blank\" rel=\"noopener\">#103126-40 Jatkokaapeli 40cm<\/a><br \/>2kpl <a href=\"https:\/\/www.xenonkungen.com\/se\/produkter\/xenon\/kablar-kontakter\/extraljus-relakablage.html\" target=\"_blank\" rel=\"noopener\">#103120 Relekaapelisarja 2kpl Lis\u00e4valo 12V|9006<\/a><br \/>4kpl <a href=\"https:\/\/www.xenonkungen.com\/se\/produkter\/installationsmaterial\/fasten-universal\/extraljus-stag-rund-svart.html\" target=\"_blank\" rel=\"noopener\">#161107 Lis\u00e4valomerkki<\/a><br \/>1. <a href=\"https:\/\/www.xenonkungen.com\/se\/produkter\/installationsmaterial\/fasten-universal\/extraljusfaste-svart-4.html\" target=\"_blank\" rel=\"noopener\">#161106 Lis\u00e4valokannatin 4 - 225mm\/9\u2033.<\/a><\/p>\n<p>Varaosia on saatavana tavallisesta valikoimastamme.<\/p>\n<p>Pakkaus toimitetaan kokoamattomana, mutta voit helposti asentaa liit\u00e4nt\u00e4laitteet taloihin, jos haluat.<\/p>\n<p>Lis\u00e4valo ei ole E-hyv\u00e4ksytty t\u00e4ss\u00e4 versiossa.<\/p>\n<p>1 vuoden takuu (3 vuoden toimintatakuu liit\u00e4nt\u00e4laitteelle HNS-6).<\/p>","protected":false},"excerpt":{"rendered":"<p>Lis\u00e4valopaketti niille teist\u00e4, joille kolme valoa ei riit\u00e4!<\/p>","protected":false},"featured_media":10694,"comment_status":"closed","ping_status":"open","template":"","meta":{"_acf_changed":false,"_smort_price_nok":"7472","_smort_price_dkk":"4747","_smort_price_eur":"635.88","_smort_sale_price_nok":"","_smort_sale_price_dkk":"","_smort_sale_price_eur":"","smort_restorder":"","shipmondo_restorder":"","_kad_blocks_custom_css":"","_kad_blocks_head_custom_js":"","_kad_blocks_body_custom_js":"","_kad_blocks_footer_custom_js":"","smort_custom_pricelist_1":"4476.8","smort_custom_pricelist_2":"4197","smort_custom_pricelist_3":"3987.15","smort_custom_pricelist_4":"5596","smort_custom_pricelist_5":"4197"},"anvandningsomrade":[],"bilmarken":[],"product_brand":[],"product_cat":[2674,142],"product_tag":[],"class_list":{"0":"post-11526","1":"product","2":"type-product","3":"status-publish","4":"has-post-thumbnail","6":"product_cat-paket-extraljus","7":"product_cat-extraljus","8":"pa_fargtemperatur-5000k","9":"pa_fargtemperatur-6000k","10":"pa_fargtemperatur-4300k","12":"first","13":"instock","14":"taxable","15":"shipping-taxable","16":"purchasable","17":"product-type-variable"},"bundled_by":[],"bundle_stock_status":"instock","bundle_stock_quantity":12,"bundle_virtual":false,"bundle_layout":"","bundle_add_to_cart_form_location":"","bundle_editable_in_cart":false,"bundle_sold_individually_context":"","bundle_item_grouping":"","bundle_min_size":"","bundle_max_size":"","bundle_price":[],"bundled_items":[],"bundle_sell_ids":[],"acf":[],"yoast_head":"<!-- This site is optimized with the Yoast SEO plugin v27.0 - https:\/\/yoast.com\/product\/yoast-seo-wordpress\/ -->\n<title>RAD4 Extraljus NBB Alpha 225 60W Xenon - Xenonkungen<\/title>\n<meta name=\"robots\" content=\"index, follow, max-snippet:-1, max-image-preview:large, max-video-preview:-1\" \/>\n<link rel=\"canonical\" href=\"https:\/\/xenonkungen.com\/fi\/tuote\/rad4-lisavalo-nbb-alpha-225-60w-xenon\/\" \/>\n<meta property=\"og:locale\" content=\"fi_FI\" \/>\n<meta property=\"og:type\" content=\"article\" \/>\n<meta property=\"og:title\" content=\"RAD4 Extraljus NBB Alpha 225 60W Xenon - Xenonkungen\" \/>\n<meta property=\"og:description\" content=\"Ett Extraljuspaket f\u00f6r er som tycker att 3 lyktor inte r\u00e4cker!\" \/>\n<meta property=\"og:url\" content=\"https:\/\/xenonkungen.com\/fi\/tuote\/rad4-lisavalo-nbb-alpha-225-60w-xenon\/\" \/>\n<meta property=\"og:site_name\" content=\"Xenonkungen\" \/>\n<meta property=\"article:modified_time\" content=\"2026-04-05T18:42:06+00:00\" \/>\n<meta property=\"og:image\" content=\"https:\/\/xenonkungen.com\/wp-content\/uploads\/2025\/06\/178754953-origpic-703a97.png\" \/>\n\t<meta property=\"og:image:width\" content=\"1000\" \/>\n\t<meta property=\"og:image:height\" content=\"1000\" \/>\n\t<meta property=\"og:image:type\" content=\"image\/png\" \/>\n<meta name=\"twitter:card\" content=\"summary_large_image\" \/>\n<meta name=\"twitter:label1\" content=\"Arvioitu lukuaika\" \/>\n\t<meta name=\"twitter:data1\" content=\"2 minuuttia\" \/>\n<script type=\"application\/ld+json\" class=\"yoast-schema-graph\">{\"@context\":\"https:\/\/schema.org\",\"@graph\":[{\"@type\":\"WebPage\",\"@id\":\"https:\/\/xenonkungen.com\/nl\/product\/rad4-extraljus-nbb-alpha-225-60w-xenon\/\",\"url\":\"https:\/\/xenonkungen.com\/nl\/product\/rad4-extraljus-nbb-alpha-225-60w-xenon\/\",\"name\":\"RAD4 Extraljus NBB Alpha 225 60W Xenon - Xenonkungen\",\"isPartOf\":{\"@id\":\"https:\/\/xenonkungen.com\/#website\"},\"primaryImageOfPage\":{\"@id\":\"https:\/\/xenonkungen.com\/nl\/product\/rad4-extraljus-nbb-alpha-225-60w-xenon\/#primaryimage\"},\"image\":{\"@id\":\"https:\/\/xenonkungen.com\/nl\/product\/rad4-extraljus-nbb-alpha-225-60w-xenon\/#primaryimage\"},\"thumbnailUrl\":\"https:\/\/xenonkungen.com\/wp-content\/uploads\/2025\/06\/178754953-origpic-703a97.png\",\"datePublished\":\"2025-06-23T13:50:43+00:00\",\"dateModified\":\"2026-04-05T18:42:06+00:00\",\"breadcrumb\":{\"@id\":\"https:\/\/xenonkungen.com\/nl\/product\/rad4-extraljus-nbb-alpha-225-60w-xenon\/#breadcrumb\"},\"inLanguage\":\"fi\",\"potentialAction\":[{\"@type\":\"ReadAction\",\"target\":[\"https:\/\/xenonkungen.com\/nl\/product\/rad4-extraljus-nbb-alpha-225-60w-xenon\/\"]}]},{\"@type\":\"ImageObject\",\"inLanguage\":\"fi\",\"@id\":\"https:\/\/xenonkungen.com\/nl\/product\/rad4-extraljus-nbb-alpha-225-60w-xenon\/#primaryimage\",\"url\":\"https:\/\/xenonkungen.com\/wp-content\/uploads\/2025\/06\/178754953-origpic-703a97.png\",\"contentUrl\":\"https:\/\/xenonkungen.com\/wp-content\/uploads\/2025\/06\/178754953-origpic-703a97.png\",\"width\":1000,\"height\":1000},{\"@type\":\"BreadcrumbList\",\"@id\":\"https:\/\/xenonkungen.com\/nl\/product\/rad4-extraljus-nbb-alpha-225-60w-xenon\/#breadcrumb\",\"itemListElement\":[{\"@type\":\"ListItem\",\"position\":1,\"name\":\"Hem\",\"item\":\"https:\/\/xenonkungen.com\/\"},{\"@type\":\"ListItem\",\"position\":2,\"name\":\"Shop\",\"item\":\"https:\/\/xenonkungen.com\/shop\/\"},{\"@type\":\"ListItem\",\"position\":3,\"name\":\"RAD4 Extraljus NBB Alpha 225 60W Xenon\"}]},{\"@type\":\"WebSite\",\"@id\":\"https:\/\/xenonkungen.com\/#website\",\"url\":\"https:\/\/xenonkungen.com\/\",\"name\":\"Xenonkungen\",\"description\":\"\",\"potentialAction\":[{\"@type\":\"SearchAction\",\"target\":{\"@type\":\"EntryPoint\",\"urlTemplate\":\"https:\/\/xenonkungen.com\/?s={search_term_string}\"},\"query-input\":{\"@type\":\"PropertyValueSpecification\",\"valueRequired\":true,\"valueName\":\"search_term_string\"}}],\"inLanguage\":\"fi\"}]}<\/script>\n<!-- \/ Yoast SEO plugin. -->","yoast_head_json":{"title":"RAD4 Lis\u00e4valo NBB Alpha 225 60W Xenon - Xenonkungen","robots":{"index":"index","follow":"follow","max-snippet":"max-snippet:-1","max-image-preview":"max-image-preview:large","max-video-preview":"max-video-preview:-1"},"canonical":"https:\/\/xenonkungen.com\/fi\/tuote\/rad4-lisavalo-nbb-alpha-225-60w-xenon\/","og_locale":"fi_FI","og_type":"article","og_title":"RAD4 Extraljus NBB Alpha 225 60W Xenon - Xenonkungen","og_description":"Ett Extraljuspaket f\u00f6r er som tycker att 3 lyktor inte r\u00e4cker!","og_url":"https:\/\/xenonkungen.com\/fi\/tuote\/rad4-lisavalo-nbb-alpha-225-60w-xenon\/","og_site_name":"Xenonkungen","article_modified_time":"2026-04-05T18:42:06+00:00","og_image":[{"width":1000,"height":1000,"url":"https:\/\/xenonkungen.com\/wp-content\/uploads\/2025\/06\/178754953-origpic-703a97.png","type":"image\/png"}],"twitter_card":"summary_large_image","twitter_misc":{"Arvioitu lukuaika":"2 minuuttia"},"schema":{"@context":"https:\/\/schema.org","@graph":[{"@type":"WebPage","@id":"https:\/\/xenonkungen.com\/nl\/product\/rad4-extraljus-nbb-alpha-225-60w-xenon\/","url":"https:\/\/xenonkungen.com\/nl\/product\/rad4-extraljus-nbb-alpha-225-60w-xenon\/","name":"RAD4 Lis\u00e4valo NBB Alpha 225 60W Xenon - Xenonkungen","isPartOf":{"@id":"https:\/\/xenonkungen.com\/#website"},"primaryImageOfPage":{"@id":"https:\/\/xenonkungen.com\/nl\/product\/rad4-extraljus-nbb-alpha-225-60w-xenon\/#primaryimage"},"image":{"@id":"https:\/\/xenonkungen.com\/nl\/product\/rad4-extraljus-nbb-alpha-225-60w-xenon\/#primaryimage"},"thumbnailUrl":"https:\/\/xenonkungen.com\/wp-content\/uploads\/2025\/06\/178754953-origpic-703a97.png","datePublished":"2025-06-23T13:50:43+00:00","dateModified":"2026-04-05T18:42:06+00:00","breadcrumb":{"@id":"https:\/\/xenonkungen.com\/nl\/product\/rad4-extraljus-nbb-alpha-225-60w-xenon\/#breadcrumb"},"inLanguage":"fi","potentialAction":[{"@type":"ReadAction","target":["https:\/\/xenonkungen.com\/nl\/product\/rad4-extraljus-nbb-alpha-225-60w-xenon\/"]}]},{"@type":"ImageObject","inLanguage":"fi","@id":"https:\/\/xenonkungen.com\/nl\/product\/rad4-extraljus-nbb-alpha-225-60w-xenon\/#primaryimage","url":"https:\/\/xenonkungen.com\/wp-content\/uploads\/2025\/06\/178754953-origpic-703a97.png","contentUrl":"https:\/\/xenonkungen.com\/wp-content\/uploads\/2025\/06\/178754953-origpic-703a97.png","width":1000,"height":1000},{"@type":"BreadcrumbList","@id":"https:\/\/xenonkungen.com\/nl\/product\/rad4-extraljus-nbb-alpha-225-60w-xenon\/#breadcrumb","itemListElement":[{"@type":"ListItem","position":1,"name":"Hem","item":"https:\/\/xenonkungen.com\/"},{"@type":"ListItem","position":2,"name":"Shop","item":"https:\/\/xenonkungen.com\/shop\/"},{"@type":"ListItem","position":3,"name":"RAD4 Extraljus NBB Alpha 225 60W Xenon"}]},{"@type":"WebSite","@id":"https:\/\/xenonkungen.com\/#website","url":"https:\/\/xenonkungen.com\/","name":"Xenonkungen","description":"","potentialAction":[{"@type":"SearchAction","target":{"@type":"EntryPoint","urlTemplate":"https:\/\/xenonkungen.com\/?s={search_term_string}"},"query-input":{"@type":"PropertyValueSpecification","valueRequired":true,"valueName":"search_term_string"}}],"inLanguage":"fi"}]}},"taxonomy_info":{"product_cat":[{"value":2674,"label":"Paket"},{"value":142,"label":"Extraljus"}],"pa_fargtemperatur":[{"value":154,"label":"5000K"},{"value":188,"label":"6000K"},{"value":755,"label":"4300K"}]},"featured_image_src_large":["https:\/\/xenonkungen.com\/wp-content\/uploads\/2025\/06\/178754953-origpic-703a97.png",1000,1000,false],"author_info":[],"comment_info":0,"_links":{"self":[{"href":"https:\/\/xenonkungen.com\/fi\/wp-json\/wp\/v2\/product\/11526","targetHints":{"allow":["GET"]}}],"collection":[{"href":"https:\/\/xenonkungen.com\/fi\/wp-json\/wp\/v2\/product"}],"about":[{"href":"https:\/\/xenonkungen.com\/fi\/wp-json\/wp\/v2\/types\/product"}],"replies":[{"embeddable":true,"href":"https:\/\/xenonkungen.com\/fi\/wp-json\/wp\/v2\/comments?post=11526"}],"wp:featuredmedia":[{"embeddable":true,"href":"https:\/\/xenonkungen.com\/fi\/wp-json\/wp\/v2\/media\/10694"}],"wp:attachment":[{"href":"https:\/\/xenonkungen.com\/fi\/wp-json\/wp\/v2\/media?parent=11526"}],"wp:term":[{"taxonomy":"anvandningsomrade","embeddable":true,"href":"https:\/\/xenonkungen.com\/fi\/wp-json\/wp\/v2\/anvandningsomrade?post=11526"},{"taxonomy":"bilmarken","embeddable":true,"href":"https:\/\/xenonkungen.com\/fi\/wp-json\/wp\/v2\/bilmarken?post=11526"},{"taxonomy":"product_brand","embeddable":true,"href":"https:\/\/xenonkungen.com\/fi\/wp-json\/wp\/v2\/product_brand?post=11526"},{"taxonomy":"product_cat","embeddable":true,"href":"https:\/\/xenonkungen.com\/fi\/wp-json\/wp\/v2\/product_cat?post=11526"},{"taxonomy":"product_tag","embeddable":true,"href":"https:\/\/xenonkungen.com\/fi\/wp-json\/wp\/v2\/product_tag?post=11526"}],"curies":[{"name":"wp","href":"https:\/\/api.w.org\/{rel}","templated":true}]}}