{"id":11558,"date":"2025-06-23T13:50:52","date_gmt":"2025-06-23T13:50:52","guid":{"rendered":"https:\/\/xenonkungen.com\/produkt\/positionsljus-235mm-infallnad-ip67-vit\/"},"modified":"2026-04-21T14:48:11","modified_gmt":"2026-04-21T13:48:11","slug":"seisontavalo-235-mm-upotettava-ip67-valkoinen","status":"publish","type":"product","link":"https:\/\/xenonkungen.com\/fi\/tuote\/seisontavalo-235-mm-upotettava-ip67-valkoinen\/","title":{"rendered":"Asemavalo 235mm | Upotettava | IP67 | Valkoinen | Valkoinen"},"content":{"rendered":"<h1>Valkoinen LED-valaistuslamppu joustavaan asennukseen<\/h1>\n<p>T\u00e4m\u00e4 moderni valkoinen LED-valaisin on suunniteltu erityisesti tarjoamaan tehokas ja tehokas valonl\u00e4hde ahtaissa tiloissa. Monipuolisen rakenteensa ansiosta valaisin voidaan asentaa sek\u00e4 pysty- ett\u00e4 vaakasuoraan, joko vapaasti seisovana tai kaksi valaisinvartta kohden, joten se on ihanteellinen ratkaisu erilaisiin sovelluksiin, joissa tilaa on rajoitetusti.<\/p>\n<h2>Tekniset tiedot:<\/h2>\n<ul>\n<li><strong>Kokoaminen:<\/strong> Pystysuorassa\/vaakasuorassa, vapaasti seisova tai 2 valaisinkehyst\u00e4 kohti.<\/li>\n<li><strong>Valon tyyppi:<\/strong> Valkoinen LED, tehokas ja tehokas valaistus.<\/li>\n<li><strong>Rakentaminen:<\/strong> Kest\u00e4v\u00e4 muotoilu, joka soveltuu upotettavaksi ahtaisiin tiloihin.<\/li>\n<li><strong>Vedenpit\u00e4v\u00e4 ja iskunkest\u00e4v\u00e4:<\/strong> IP67-luokitus takaa luotettavuuden vaikeissa olosuhteissa.<\/li>\n<li><strong>Teknologia:<\/strong> Varustettu edistyksellisell\u00e4 LED-tekniikalla, joka takaa maksimaalisen valotehokkuuden.<\/li>\n<\/ul>\n<h2>Ominaisuudet ja edut:<\/h2>\n<ul>\n<li><strong>Joustava ja monipuolinen:<\/strong> Helppo mukauttaa erilaisiin asennusvaatimuksiin.<\/li>\n<li><strong>Korkea kirkkaus:<\/strong> Tarjoaa intensiivist\u00e4 valkoista valoa optimaalista n\u00e4kyvyytt\u00e4 ja turvallisuutta varten.<\/li>\n<li><strong>Esteettisesti miellytt\u00e4v\u00e4:<\/strong> Moderni muotoilu, joka t\u00e4ydent\u00e4\u00e4 ajoneuvon esteettist\u00e4 ulkon\u00e4k\u00f6\u00e4.<\/li>\n<li><strong>Pitk\u00e4 k\u00e4ytt\u00f6ik\u00e4:<\/strong> Pitk\u00e4kestoinen suorituskyky ja minimaalinen huoltotarve.<\/li>\n<li><strong>Tehokkuus:<\/strong> Energiatehokas LED-tekniikka v\u00e4hent\u00e4\u00e4 virrankulutusta.<\/li>\n<\/ul>","protected":false},"excerpt":{"rendered":"<p>Vit LED Belysningslampa f\u00f6r Flexibel Montage Denna moderna vit LED belysningslampa \u00e4r speciellt designad f\u00f6r att erbjuda en kraftfull och effektiv ljusk\u00e4lla i tr\u00e5nga utrymmen. Med sin m\u00e5ngsidiga design kan lampan monteras b\u00e5de vertikalt och horisontellt, antingen frist\u00e5ende eller tv\u00e5 per lampsarg, vilket g\u00f6r den till en idealisk l\u00f6sning f\u00f6r en rad olika applikationer d\u00e4r [&hellip;]<\/p>","protected":false},"featured_media":10735,"comment_status":"closed","ping_status":"closed","template":"","meta":{"_acf_changed":false,"_smort_price_nok":"395","_smort_price_dkk":"251","_smort_price_eur":"33.63","_smort_sale_price_nok":"","_smort_sale_price_dkk":"","_smort_sale_price_eur":"","smort_restorder":"","shipmondo_restorder":"","_kad_blocks_custom_css":"","_kad_blocks_head_custom_js":"","_kad_blocks_body_custom_js":"","_kad_blocks_footer_custom_js":"","smort_custom_pricelist_1":null,"smort_custom_pricelist_2":null,"smort_custom_pricelist_3":null,"smort_custom_pricelist_4":null,"smort_custom_pricelist_5":null},"anvandningsomrade":[166,238,2816],"bilmarken":[],"product_brand":[1252],"product_cat":[2478],"product_tag":[],"class_list":{"0":"post-11558","1":"product","2":"type-product","3":"status-publish","4":"has-post-thumbnail","6":"anvandningsomrade-lastbil","7":"anvandningsomrade-slap","8":"anvandningsomrade-trailer","9":"product_brand-lea","10":"product_cat-positionsljus-slap","11":"pa_fuktskydd-varde-ipxx-ip67","12":"pa_godkannande-ece-emc","13":"pa_storlek-mm-237x25x16","14":"pa_volt-v-159","15":"pa_volt-v-160","17":"first","18":"onbackorder","19":"taxable","20":"shipping-taxable","21":"purchasable","22":"product-type-variable"},"bundled_by":[],"bundle_stock_status":"onbackorder","bundle_stock_quantity":null,"bundle_virtual":false,"bundle_layout":"","bundle_add_to_cart_form_location":"","bundle_editable_in_cart":false,"bundle_sold_individually_context":"","bundle_item_grouping":"","bundle_min_size":"","bundle_max_size":"","bundle_price":[],"bundled_items":[],"bundle_sell_ids":[],"acf":[],"yoast_head":"<!-- This site is optimized with the Yoast SEO plugin v27.0 - https:\/\/yoast.com\/product\/yoast-seo-wordpress\/ -->\n<title>Positionsljus 235mm | Inf\u00e4llnad | IP67 | Vit - Xenonkungen<\/title>\n<meta name=\"robots\" content=\"index, follow, max-snippet:-1, max-image-preview:large, max-video-preview:-1\" \/>\n<link rel=\"canonical\" href=\"https:\/\/xenonkungen.com\/fi\/tuote\/seisontavalo-235-mm-upotettava-ip67-valkoinen\/\" \/>\n<meta property=\"og:locale\" content=\"fi_FI\" \/>\n<meta property=\"og:type\" content=\"article\" \/>\n<meta property=\"og:title\" content=\"Positionsljus 235mm | Inf\u00e4llnad | IP67 | Vit - Xenonkungen\" \/>\n<meta property=\"og:description\" content=\"Vit LED Belysningslampa f\u00f6r Flexibel Montage Denna moderna vit LED belysningslampa \u00e4r speciellt designad f\u00f6r att erbjuda en kraftfull och effektiv ljusk\u00e4lla i tr\u00e5nga utrymmen. Med sin m\u00e5ngsidiga design kan lampan monteras b\u00e5de vertikalt och horisontellt, antingen frist\u00e5ende eller tv\u00e5 per lampsarg, vilket g\u00f6r den till en idealisk l\u00f6sning f\u00f6r en rad olika applikationer d\u00e4r [&hellip;]\" \/>\n<meta property=\"og:url\" content=\"https:\/\/xenonkungen.com\/fi\/tuote\/seisontavalo-235-mm-upotettava-ip67-valkoinen\/\" \/>\n<meta property=\"og:site_name\" content=\"Xenonkungen\" \/>\n<meta property=\"article:modified_time\" content=\"2026-04-21T13:48:11+00:00\" \/>\n<meta property=\"og:image\" content=\"https:\/\/xenonkungen.com\/wp-content\/uploads\/2025\/06\/7348330-origpic-00721c.jpg\" \/>\n\t<meta property=\"og:image:width\" content=\"600\" \/>\n\t<meta property=\"og:image:height\" content=\"600\" \/>\n\t<meta property=\"og:image:type\" content=\"image\/jpeg\" \/>\n<meta name=\"twitter:card\" content=\"summary_large_image\" \/>\n<meta name=\"twitter:label1\" content=\"Arvioitu lukuaika\" \/>\n\t<meta name=\"twitter:data1\" content=\"1 minuutti\" \/>\n<script type=\"application\/ld+json\" class=\"yoast-schema-graph\">{\"@context\":\"https:\/\/schema.org\",\"@graph\":[{\"@type\":\"WebPage\",\"@id\":\"https:\/\/xenonkungen.com\/produkt\/positionsljus-235mm-infallnad-ip67-vit\/\",\"url\":\"https:\/\/xenonkungen.com\/produkt\/positionsljus-235mm-infallnad-ip67-vit\/\",\"name\":\"Positionsljus 235mm | Inf\u00e4llnad | IP67 | Vit - Xenonkungen\",\"isPartOf\":{\"@id\":\"https:\/\/xenonkungen.com\/#website\"},\"primaryImageOfPage\":{\"@id\":\"https:\/\/xenonkungen.com\/produkt\/positionsljus-235mm-infallnad-ip67-vit\/#primaryimage\"},\"image\":{\"@id\":\"https:\/\/xenonkungen.com\/produkt\/positionsljus-235mm-infallnad-ip67-vit\/#primaryimage\"},\"thumbnailUrl\":\"https:\/\/xenonkungen.com\/wp-content\/uploads\/2025\/06\/7348330-origpic-00721c.jpg\",\"datePublished\":\"2025-06-23T13:50:52+00:00\",\"dateModified\":\"2026-04-21T13:48:11+00:00\",\"breadcrumb\":{\"@id\":\"https:\/\/xenonkungen.com\/produkt\/positionsljus-235mm-infallnad-ip67-vit\/#breadcrumb\"},\"inLanguage\":\"fi\",\"potentialAction\":[{\"@type\":\"ReadAction\",\"target\":[\"https:\/\/xenonkungen.com\/produkt\/positionsljus-235mm-infallnad-ip67-vit\/\"]}]},{\"@type\":\"ImageObject\",\"inLanguage\":\"fi\",\"@id\":\"https:\/\/xenonkungen.com\/produkt\/positionsljus-235mm-infallnad-ip67-vit\/#primaryimage\",\"url\":\"https:\/\/xenonkungen.com\/wp-content\/uploads\/2025\/06\/7348330-origpic-00721c.jpg\",\"contentUrl\":\"https:\/\/xenonkungen.com\/wp-content\/uploads\/2025\/06\/7348330-origpic-00721c.jpg\",\"width\":600,\"height\":600},{\"@type\":\"BreadcrumbList\",\"@id\":\"https:\/\/xenonkungen.com\/produkt\/positionsljus-235mm-infallnad-ip67-vit\/#breadcrumb\",\"itemListElement\":[{\"@type\":\"ListItem\",\"position\":1,\"name\":\"Hem\",\"item\":\"https:\/\/xenonkungen.com\/\"},{\"@type\":\"ListItem\",\"position\":2,\"name\":\"Shop\",\"item\":\"https:\/\/xenonkungen.com\/shop\/\"},{\"@type\":\"ListItem\",\"position\":3,\"name\":\"Positionsljus 235mm | Inf\u00e4llnad | IP67 | Vit\"}]},{\"@type\":\"WebSite\",\"@id\":\"https:\/\/xenonkungen.com\/#website\",\"url\":\"https:\/\/xenonkungen.com\/\",\"name\":\"Xenonkungen\",\"description\":\"\",\"potentialAction\":[{\"@type\":\"SearchAction\",\"target\":{\"@type\":\"EntryPoint\",\"urlTemplate\":\"https:\/\/xenonkungen.com\/?s={search_term_string}\"},\"query-input\":{\"@type\":\"PropertyValueSpecification\",\"valueRequired\":true,\"valueName\":\"search_term_string\"}}],\"inLanguage\":\"fi\"}]}<\/script>\n<!-- \/ Yoast SEO plugin. -->","yoast_head_json":{"title":"Seisontavalo 235 mm | Upotettu | IP67 | Valkoinen - Xenonkungen","robots":{"index":"index","follow":"follow","max-snippet":"max-snippet:-1","max-image-preview":"max-image-preview:large","max-video-preview":"max-video-preview:-1"},"canonical":"https:\/\/xenonkungen.com\/fi\/tuote\/seisontavalo-235-mm-upotettava-ip67-valkoinen\/","og_locale":"fi_FI","og_type":"article","og_title":"Positionsljus 235mm | Inf\u00e4llnad | IP67 | Vit - Xenonkungen","og_description":"Vit LED Belysningslampa f\u00f6r Flexibel Montage Denna moderna vit LED belysningslampa \u00e4r speciellt designad f\u00f6r att erbjuda en kraftfull och effektiv ljusk\u00e4lla i tr\u00e5nga utrymmen. Med sin m\u00e5ngsidiga design kan lampan monteras b\u00e5de vertikalt och horisontellt, antingen frist\u00e5ende eller tv\u00e5 per lampsarg, vilket g\u00f6r den till en idealisk l\u00f6sning f\u00f6r en rad olika applikationer d\u00e4r [&hellip;]","og_url":"https:\/\/xenonkungen.com\/fi\/tuote\/seisontavalo-235-mm-upotettava-ip67-valkoinen\/","og_site_name":"Xenonkungen","article_modified_time":"2026-04-21T13:48:11+00:00","og_image":[{"width":600,"height":600,"url":"https:\/\/xenonkungen.com\/wp-content\/uploads\/2025\/06\/7348330-origpic-00721c.jpg","type":"image\/jpeg"}],"twitter_card":"summary_large_image","twitter_misc":{"Arvioitu lukuaika":"1 minuutti"},"schema":{"@context":"https:\/\/schema.org","@graph":[{"@type":"WebPage","@id":"https:\/\/xenonkungen.com\/produkt\/positionsljus-235mm-infallnad-ip67-vit\/","url":"https:\/\/xenonkungen.com\/produkt\/positionsljus-235mm-infallnad-ip67-vit\/","name":"Seisontavalo 235 mm | Upotettu | IP67 | Valkoinen - Xenonkungen","isPartOf":{"@id":"https:\/\/xenonkungen.com\/#website"},"primaryImageOfPage":{"@id":"https:\/\/xenonkungen.com\/produkt\/positionsljus-235mm-infallnad-ip67-vit\/#primaryimage"},"image":{"@id":"https:\/\/xenonkungen.com\/produkt\/positionsljus-235mm-infallnad-ip67-vit\/#primaryimage"},"thumbnailUrl":"https:\/\/xenonkungen.com\/wp-content\/uploads\/2025\/06\/7348330-origpic-00721c.jpg","datePublished":"2025-06-23T13:50:52+00:00","dateModified":"2026-04-21T13:48:11+00:00","breadcrumb":{"@id":"https:\/\/xenonkungen.com\/produkt\/positionsljus-235mm-infallnad-ip67-vit\/#breadcrumb"},"inLanguage":"fi","potentialAction":[{"@type":"ReadAction","target":["https:\/\/xenonkungen.com\/produkt\/positionsljus-235mm-infallnad-ip67-vit\/"]}]},{"@type":"ImageObject","inLanguage":"fi","@id":"https:\/\/xenonkungen.com\/produkt\/positionsljus-235mm-infallnad-ip67-vit\/#primaryimage","url":"https:\/\/xenonkungen.com\/wp-content\/uploads\/2025\/06\/7348330-origpic-00721c.jpg","contentUrl":"https:\/\/xenonkungen.com\/wp-content\/uploads\/2025\/06\/7348330-origpic-00721c.jpg","width":600,"height":600},{"@type":"BreadcrumbList","@id":"https:\/\/xenonkungen.com\/produkt\/positionsljus-235mm-infallnad-ip67-vit\/#breadcrumb","itemListElement":[{"@type":"ListItem","position":1,"name":"Hem","item":"https:\/\/xenonkungen.com\/"},{"@type":"ListItem","position":2,"name":"Shop","item":"https:\/\/xenonkungen.com\/shop\/"},{"@type":"ListItem","position":3,"name":"Positionsljus 235mm | Inf\u00e4llnad | IP67 | Vit"}]},{"@type":"WebSite","@id":"https:\/\/xenonkungen.com\/#website","url":"https:\/\/xenonkungen.com\/","name":"Xenonkungen","description":"","potentialAction":[{"@type":"SearchAction","target":{"@type":"EntryPoint","urlTemplate":"https:\/\/xenonkungen.com\/?s={search_term_string}"},"query-input":{"@type":"PropertyValueSpecification","valueRequired":true,"valueName":"search_term_string"}}],"inLanguage":"fi"}]}},"taxonomy_info":{"anvandningsomrade":[{"value":166,"label":"Lastbil"},{"value":238,"label":"SL\u00c4P"},{"value":2816,"label":"TRAILER"}],"product_brand":[{"value":1252,"label":"LEA"}],"product_cat":[{"value":2478,"label":"Positionsljus"}],"pa_fuktskydd-varde-ipxx":[{"value":333,"label":"IP67"}],"pa_godkannande":[{"value":1262,"label":"ECE, EMC"}],"pa_storlek-mm":[{"value":2402,"label":"237x25x16"}],"pa_volt-v":[{"value":159,"label":"12"},{"value":160,"label":"24"}]},"featured_image_src_large":["https:\/\/xenonkungen.com\/wp-content\/uploads\/2025\/06\/7348330-origpic-00721c.jpg",600,600,false],"author_info":[],"comment_info":0,"_links":{"self":[{"href":"https:\/\/xenonkungen.com\/fi\/wp-json\/wp\/v2\/product\/11558","targetHints":{"allow":["GET"]}}],"collection":[{"href":"https:\/\/xenonkungen.com\/fi\/wp-json\/wp\/v2\/product"}],"about":[{"href":"https:\/\/xenonkungen.com\/fi\/wp-json\/wp\/v2\/types\/product"}],"replies":[{"embeddable":true,"href":"https:\/\/xenonkungen.com\/fi\/wp-json\/wp\/v2\/comments?post=11558"}],"wp:featuredmedia":[{"embeddable":true,"href":"https:\/\/xenonkungen.com\/fi\/wp-json\/wp\/v2\/media\/10735"}],"wp:attachment":[{"href":"https:\/\/xenonkungen.com\/fi\/wp-json\/wp\/v2\/media?parent=11558"}],"wp:term":[{"taxonomy":"anvandningsomrade","embeddable":true,"href":"https:\/\/xenonkungen.com\/fi\/wp-json\/wp\/v2\/anvandningsomrade?post=11558"},{"taxonomy":"bilmarken","embeddable":true,"href":"https:\/\/xenonkungen.com\/fi\/wp-json\/wp\/v2\/bilmarken?post=11558"},{"taxonomy":"product_brand","embeddable":true,"href":"https:\/\/xenonkungen.com\/fi\/wp-json\/wp\/v2\/product_brand?post=11558"},{"taxonomy":"product_cat","embeddable":true,"href":"https:\/\/xenonkungen.com\/fi\/wp-json\/wp\/v2\/product_cat?post=11558"},{"taxonomy":"product_tag","embeddable":true,"href":"https:\/\/xenonkungen.com\/fi\/wp-json\/wp\/v2\/product_tag?post=11558"}],"curies":[{"name":"wp","href":"https:\/\/api.w.org\/{rel}","templated":true}]}}