{"id":11564,"date":"2025-06-23T13:50:54","date_gmt":"2025-06-23T13:50:54","guid":{"rendered":"https:\/\/xenonkungen.com\/produkt\/sidomarkering-380mm\/"},"modified":"2026-04-11T00:46:40","modified_gmt":"2026-04-10T23:46:40","slug":"sivumerkinta-380-mm","status":"publish","type":"product","link":"https:\/\/xenonkungen.com\/fi\/tuote\/sivumerkinta-380-mm\/","title":{"rendered":"Sivumerkint\u00e4 380mm"},"content":{"rendered":"<h1>LED-merkkivalo joustavaa asennusta varten<\/h1>\n<p>T\u00e4m\u00e4 innovatiivinen LED-merkkivalo on suunniteltu integroitumaan saumattomasti ahtaimpiinkin tiloihin, joissa halutaan tehokasta valaistusta. Joustava muotoilu mahdollistaa asennuksen sek\u00e4 pystysuoraan ett\u00e4 vaakasuoraan, itsen\u00e4isen\u00e4 yksikk\u00f6n\u00e4 tai valaisinkehykseen asennettuna entist\u00e4 r\u00e4\u00e4t\u00e4l\u00f6idymm\u00e4n ratkaisun luomiseksi.<\/p>\n<h2>Tekniset tiedot:<\/h2>\n<ul>\n<li><strong>Kiinnitysvaihtoehdot:<\/strong> Pysty- tai vaakasuoraan, vapaasti seisova tai lampun kehykseen upotettu.<\/li>\n<li><strong>Joustavuus:<\/strong> Soveltuu upotettuun asennukseen ahtaisiin tiloihin.<\/li>\n<li><strong>Materiaalit ja rakenne:<\/strong> Eritt\u00e4in luja ja vuotamaton elektroniikka.<\/li>\n<li><strong>Valaistustekniikka:<\/strong> Edistyksellinen LED-tekniikka.<\/li>\n<li><strong>Turvallisuus ja kest\u00e4vyys:<\/strong> IP67-luokitus vedenpit\u00e4vyydelle sek\u00e4 iskun- ja t\u00e4rin\u00e4nkest\u00e4vyydelle.<\/li>\n<\/ul>\n<div class=\"features\">\n<h2>Ominaisuudet ja edut:<\/h2>\n<ul>\n<li><strong>Tehokas valaistus:<\/strong> Tarjoaa voimakkaan ja suunnatun kirkkauden.<\/li>\n<li><strong>Esteettisesti miellytt\u00e4v\u00e4:<\/strong> Moderni muotoilu, joka t\u00e4ydent\u00e4\u00e4 ajoneuvon ulkon\u00e4k\u00f6\u00e4.<\/li>\n<li><strong>Korkea joustavuus:<\/strong> Mukautusmahdollisuus parantaa k\u00e4ytett\u00e4vyytt\u00e4.<\/li>\n<li><strong>Pitk\u00e4 k\u00e4ytt\u00f6ik\u00e4:<\/strong> Luotettava k\u00e4ytt\u00f6aika kest\u00e4v\u00e4n rakenteen ansiosta.<\/li>\n<li><strong>K\u00e4ytt\u00e4j\u00e4yst\u00e4v\u00e4llinen asennus:<\/strong> Helppo asentaa erilaisiin kokoonpanoihin.<\/li>\n<\/ul>\n<\/div>","protected":false},"excerpt":{"rendered":"<p>LED Indikatorlampa f\u00f6r Flexibel Montage Denna innovativa LED indikatorlampa \u00e4r designad f\u00f6r att smidigt integreras i \u00e4ven de tr\u00e4ngsta utrymmena d\u00e4r effektiv belysning \u00e4r \u00f6nskv\u00e4rd. Den flexibla designen m\u00f6jligg\u00f6r installation b\u00e5de vertikalt och horisontellt, som en frist\u00e5ende enhet eller monterad i en lampsarg f\u00f6r en \u00e4nnu mer skr\u00e4ddarsydd l\u00f6sning. Specifikationer: Monteringsm\u00f6jligheter: Vertikal eller horisontell, frist\u00e5ende [&hellip;]<\/p>","protected":false},"featured_media":10743,"comment_status":"closed","ping_status":"closed","template":"","meta":{"_acf_changed":false,"_smort_price_nok":"342","_smort_price_dkk":"217","_smort_price_eur":"29.09","_smort_sale_price_nok":"","_smort_sale_price_dkk":"","_smort_sale_price_eur":"","smort_restorder":"","shipmondo_restorder":"","_kad_blocks_custom_css":"","_kad_blocks_head_custom_js":"","_kad_blocks_body_custom_js":"","_kad_blocks_footer_custom_js":"","smort_custom_pricelist_1":null,"smort_custom_pricelist_2":null,"smort_custom_pricelist_3":null,"smort_custom_pricelist_4":null,"smort_custom_pricelist_5":null},"anvandningsomrade":[166,238],"bilmarken":[],"product_brand":[1252],"product_cat":[1826],"product_tag":[],"class_list":{"0":"post-11564","1":"product","2":"type-product","3":"status-publish","4":"has-post-thumbnail","6":"anvandningsomrade-lastbil","7":"anvandningsomrade-slap","8":"product_brand-lea","9":"product_cat-sidomarkering","10":"pa_farg-amber","11":"pa_fuktskydd-varde-ipxx-ip67","12":"pa_godkannande-ece-r10-r6","13":"pa_storlek-mm-383x25x16","14":"pa_stromforbrukning-010a-28v","15":"pa_stromforbrukning-018a-138v","16":"pa_volt-v-159","17":"pa_volt-v-160","19":"first","20":"instock","21":"taxable","22":"shipping-taxable","23":"purchasable","24":"product-type-variable"},"bundled_by":[],"bundle_stock_status":"instock","bundle_stock_quantity":null,"bundle_virtual":false,"bundle_layout":"","bundle_add_to_cart_form_location":"","bundle_editable_in_cart":false,"bundle_sold_individually_context":"","bundle_item_grouping":"","bundle_min_size":"","bundle_max_size":"","bundle_price":[],"bundled_items":[],"bundle_sell_ids":[],"acf":[],"yoast_head":"<!-- This site is optimized with the Yoast SEO plugin v27.0 - https:\/\/yoast.com\/product\/yoast-seo-wordpress\/ -->\n<title>Sidomarkering 380mm - Xenonkungen<\/title>\n<meta name=\"robots\" content=\"index, follow, max-snippet:-1, max-image-preview:large, max-video-preview:-1\" \/>\n<link rel=\"canonical\" href=\"https:\/\/xenonkungen.com\/fi\/tuote\/sivumerkinta-380-mm\/\" \/>\n<meta property=\"og:locale\" content=\"fi_FI\" \/>\n<meta property=\"og:type\" content=\"article\" \/>\n<meta property=\"og:title\" content=\"Sidomarkering 380mm - Xenonkungen\" \/>\n<meta property=\"og:description\" content=\"LED Indikatorlampa f\u00f6r Flexibel Montage Denna innovativa LED indikatorlampa \u00e4r designad f\u00f6r att smidigt integreras i \u00e4ven de tr\u00e4ngsta utrymmena d\u00e4r effektiv belysning \u00e4r \u00f6nskv\u00e4rd. Den flexibla designen m\u00f6jligg\u00f6r installation b\u00e5de vertikalt och horisontellt, som en frist\u00e5ende enhet eller monterad i en lampsarg f\u00f6r en \u00e4nnu mer skr\u00e4ddarsydd l\u00f6sning. Specifikationer: Monteringsm\u00f6jligheter: Vertikal eller horisontell, frist\u00e5ende [&hellip;]\" \/>\n<meta property=\"og:url\" content=\"https:\/\/xenonkungen.com\/fi\/tuote\/sivumerkinta-380-mm\/\" \/>\n<meta property=\"og:site_name\" content=\"Xenonkungen\" \/>\n<meta property=\"article:modified_time\" content=\"2026-04-10T23:46:40+00:00\" \/>\n<meta property=\"og:image\" content=\"https:\/\/xenonkungen.com\/wp-content\/uploads\/2025\/06\/7348346-origpic-0be7d0.jpg\" \/>\n\t<meta property=\"og:image:width\" content=\"600\" \/>\n\t<meta property=\"og:image:height\" content=\"600\" \/>\n\t<meta property=\"og:image:type\" content=\"image\/jpeg\" \/>\n<meta name=\"twitter:card\" content=\"summary_large_image\" \/>\n<meta name=\"twitter:label1\" content=\"Arvioitu lukuaika\" \/>\n\t<meta name=\"twitter:data1\" content=\"1 minuutti\" \/>\n<script type=\"application\/ld+json\" class=\"yoast-schema-graph\">{\"@context\":\"https:\/\/schema.org\",\"@graph\":[{\"@type\":\"WebPage\",\"@id\":\"https:\/\/xenonkungen.com\/es\/producto\/marca-lateral-380mm\/\",\"url\":\"https:\/\/xenonkungen.com\/es\/producto\/marca-lateral-380mm\/\",\"name\":\"Sidomarkering 380mm - Xenonkungen\",\"isPartOf\":{\"@id\":\"https:\/\/xenonkungen.com\/#website\"},\"primaryImageOfPage\":{\"@id\":\"https:\/\/xenonkungen.com\/es\/producto\/marca-lateral-380mm\/#primaryimage\"},\"image\":{\"@id\":\"https:\/\/xenonkungen.com\/es\/producto\/marca-lateral-380mm\/#primaryimage\"},\"thumbnailUrl\":\"https:\/\/xenonkungen.com\/wp-content\/uploads\/2025\/06\/7348346-origpic-0be7d0.jpg\",\"datePublished\":\"2025-06-23T13:50:54+00:00\",\"dateModified\":\"2026-04-10T23:46:40+00:00\",\"breadcrumb\":{\"@id\":\"https:\/\/xenonkungen.com\/es\/producto\/marca-lateral-380mm\/#breadcrumb\"},\"inLanguage\":\"fi\",\"potentialAction\":[{\"@type\":\"ReadAction\",\"target\":[\"https:\/\/xenonkungen.com\/es\/producto\/marca-lateral-380mm\/\"]}]},{\"@type\":\"ImageObject\",\"inLanguage\":\"fi\",\"@id\":\"https:\/\/xenonkungen.com\/es\/producto\/marca-lateral-380mm\/#primaryimage\",\"url\":\"https:\/\/xenonkungen.com\/wp-content\/uploads\/2025\/06\/7348346-origpic-0be7d0.jpg\",\"contentUrl\":\"https:\/\/xenonkungen.com\/wp-content\/uploads\/2025\/06\/7348346-origpic-0be7d0.jpg\",\"width\":600,\"height\":600},{\"@type\":\"BreadcrumbList\",\"@id\":\"https:\/\/xenonkungen.com\/es\/producto\/marca-lateral-380mm\/#breadcrumb\",\"itemListElement\":[{\"@type\":\"ListItem\",\"position\":1,\"name\":\"Hem\",\"item\":\"https:\/\/xenonkungen.com\/\"},{\"@type\":\"ListItem\",\"position\":2,\"name\":\"Shop\",\"item\":\"https:\/\/xenonkungen.com\/shop\/\"},{\"@type\":\"ListItem\",\"position\":3,\"name\":\"Sidomarkering 380mm\"}]},{\"@type\":\"WebSite\",\"@id\":\"https:\/\/xenonkungen.com\/#website\",\"url\":\"https:\/\/xenonkungen.com\/\",\"name\":\"Xenonkungen\",\"description\":\"\",\"potentialAction\":[{\"@type\":\"SearchAction\",\"target\":{\"@type\":\"EntryPoint\",\"urlTemplate\":\"https:\/\/xenonkungen.com\/?s={search_term_string}\"},\"query-input\":{\"@type\":\"PropertyValueSpecification\",\"valueRequired\":true,\"valueName\":\"search_term_string\"}}],\"inLanguage\":\"fi\"}]}<\/script>\n<!-- \/ Yoast SEO plugin. -->","yoast_head_json":{"title":"Sivumerkint\u00e4 380 mm - Xenon King","robots":{"index":"index","follow":"follow","max-snippet":"max-snippet:-1","max-image-preview":"max-image-preview:large","max-video-preview":"max-video-preview:-1"},"canonical":"https:\/\/xenonkungen.com\/fi\/tuote\/sivumerkinta-380-mm\/","og_locale":"fi_FI","og_type":"article","og_title":"Sidomarkering 380mm - Xenonkungen","og_description":"LED Indikatorlampa f\u00f6r Flexibel Montage Denna innovativa LED indikatorlampa \u00e4r designad f\u00f6r att smidigt integreras i \u00e4ven de tr\u00e4ngsta utrymmena d\u00e4r effektiv belysning \u00e4r \u00f6nskv\u00e4rd. Den flexibla designen m\u00f6jligg\u00f6r installation b\u00e5de vertikalt och horisontellt, som en frist\u00e5ende enhet eller monterad i en lampsarg f\u00f6r en \u00e4nnu mer skr\u00e4ddarsydd l\u00f6sning. Specifikationer: Monteringsm\u00f6jligheter: Vertikal eller horisontell, frist\u00e5ende [&hellip;]","og_url":"https:\/\/xenonkungen.com\/fi\/tuote\/sivumerkinta-380-mm\/","og_site_name":"Xenonkungen","article_modified_time":"2026-04-10T23:46:40+00:00","og_image":[{"width":600,"height":600,"url":"https:\/\/xenonkungen.com\/wp-content\/uploads\/2025\/06\/7348346-origpic-0be7d0.jpg","type":"image\/jpeg"}],"twitter_card":"summary_large_image","twitter_misc":{"Arvioitu lukuaika":"1 minuutti"},"schema":{"@context":"https:\/\/schema.org","@graph":[{"@type":"WebPage","@id":"https:\/\/xenonkungen.com\/es\/producto\/marca-lateral-380mm\/","url":"https:\/\/xenonkungen.com\/es\/producto\/marca-lateral-380mm\/","name":"Sivumerkint\u00e4 380 mm - Xenon King","isPartOf":{"@id":"https:\/\/xenonkungen.com\/#website"},"primaryImageOfPage":{"@id":"https:\/\/xenonkungen.com\/es\/producto\/marca-lateral-380mm\/#primaryimage"},"image":{"@id":"https:\/\/xenonkungen.com\/es\/producto\/marca-lateral-380mm\/#primaryimage"},"thumbnailUrl":"https:\/\/xenonkungen.com\/wp-content\/uploads\/2025\/06\/7348346-origpic-0be7d0.jpg","datePublished":"2025-06-23T13:50:54+00:00","dateModified":"2026-04-10T23:46:40+00:00","breadcrumb":{"@id":"https:\/\/xenonkungen.com\/es\/producto\/marca-lateral-380mm\/#breadcrumb"},"inLanguage":"fi","potentialAction":[{"@type":"ReadAction","target":["https:\/\/xenonkungen.com\/es\/producto\/marca-lateral-380mm\/"]}]},{"@type":"ImageObject","inLanguage":"fi","@id":"https:\/\/xenonkungen.com\/es\/producto\/marca-lateral-380mm\/#primaryimage","url":"https:\/\/xenonkungen.com\/wp-content\/uploads\/2025\/06\/7348346-origpic-0be7d0.jpg","contentUrl":"https:\/\/xenonkungen.com\/wp-content\/uploads\/2025\/06\/7348346-origpic-0be7d0.jpg","width":600,"height":600},{"@type":"BreadcrumbList","@id":"https:\/\/xenonkungen.com\/es\/producto\/marca-lateral-380mm\/#breadcrumb","itemListElement":[{"@type":"ListItem","position":1,"name":"Hem","item":"https:\/\/xenonkungen.com\/"},{"@type":"ListItem","position":2,"name":"Shop","item":"https:\/\/xenonkungen.com\/shop\/"},{"@type":"ListItem","position":3,"name":"Sidomarkering 380mm"}]},{"@type":"WebSite","@id":"https:\/\/xenonkungen.com\/#website","url":"https:\/\/xenonkungen.com\/","name":"Xenonkungen","description":"","potentialAction":[{"@type":"SearchAction","target":{"@type":"EntryPoint","urlTemplate":"https:\/\/xenonkungen.com\/?s={search_term_string}"},"query-input":{"@type":"PropertyValueSpecification","valueRequired":true,"valueName":"search_term_string"}}],"inLanguage":"fi"}]}},"taxonomy_info":{"anvandningsomrade":[{"value":166,"label":"Lastbil"},{"value":238,"label":"SL\u00c4P"}],"product_brand":[{"value":1252,"label":"LEA"}],"product_cat":[{"value":1826,"label":"Sidomarkering"}],"pa_farg":[{"value":2244,"label":"Amber"}],"pa_fuktskydd-varde-ipxx":[{"value":333,"label":"IP67"}],"pa_godkannande":[{"value":2077,"label":"ECE, R10, R6"}],"pa_storlek-mm":[{"value":2403,"label":"383x25x16"}],"pa_stromforbrukning":[{"value":2101,"label":"0,10A @28V"},{"value":2065,"label":"0,18A @13,8V"}],"pa_volt-v":[{"value":159,"label":"12"},{"value":160,"label":"24"}]},"featured_image_src_large":["https:\/\/xenonkungen.com\/wp-content\/uploads\/2025\/06\/7348346-origpic-0be7d0.jpg",600,600,false],"author_info":[],"comment_info":0,"_links":{"self":[{"href":"https:\/\/xenonkungen.com\/fi\/wp-json\/wp\/v2\/product\/11564","targetHints":{"allow":["GET"]}}],"collection":[{"href":"https:\/\/xenonkungen.com\/fi\/wp-json\/wp\/v2\/product"}],"about":[{"href":"https:\/\/xenonkungen.com\/fi\/wp-json\/wp\/v2\/types\/product"}],"replies":[{"embeddable":true,"href":"https:\/\/xenonkungen.com\/fi\/wp-json\/wp\/v2\/comments?post=11564"}],"wp:featuredmedia":[{"embeddable":true,"href":"https:\/\/xenonkungen.com\/fi\/wp-json\/wp\/v2\/media\/10743"}],"wp:attachment":[{"href":"https:\/\/xenonkungen.com\/fi\/wp-json\/wp\/v2\/media?parent=11564"}],"wp:term":[{"taxonomy":"anvandningsomrade","embeddable":true,"href":"https:\/\/xenonkungen.com\/fi\/wp-json\/wp\/v2\/anvandningsomrade?post=11564"},{"taxonomy":"bilmarken","embeddable":true,"href":"https:\/\/xenonkungen.com\/fi\/wp-json\/wp\/v2\/bilmarken?post=11564"},{"taxonomy":"product_brand","embeddable":true,"href":"https:\/\/xenonkungen.com\/fi\/wp-json\/wp\/v2\/product_brand?post=11564"},{"taxonomy":"product_cat","embeddable":true,"href":"https:\/\/xenonkungen.com\/fi\/wp-json\/wp\/v2\/product_cat?post=11564"},{"taxonomy":"product_tag","embeddable":true,"href":"https:\/\/xenonkungen.com\/fi\/wp-json\/wp\/v2\/product_tag?post=11564"}],"curies":[{"name":"wp","href":"https:\/\/api.w.org\/{rel}","templated":true}]}}