{"id":11582,"date":"2025-06-23T13:51:03","date_gmt":"2025-06-23T13:51:03","guid":{"rendered":"https:\/\/xenonkungen.com\/produkt\/interior-led-list-410mm-touch-svart\/"},"modified":"2026-04-11T00:47:43","modified_gmt":"2026-04-10T23:47:43","slug":"sisainen-led-nauha-410-mm-kosketus-musta","status":"publish","type":"product","link":"https:\/\/xenonkungen.com\/fi\/tuote\/sisainen-led-nauha-410-mm-kosketus-musta\/","title":{"rendered":"Sis\u00e4tilojen LED-nauha 410mm | Touch Black"},"content":{"rendered":"<h1>Tyylik\u00e4s sis\u00e4tilojen ty\u00f6pistevalaistus<\/h1>\n<p>Tutustu kapeaan sis\u00e4ty\u00f6valoomme, joka on suunniteltu tukevaan alumiiniprofiiliin ja varustettu kosketusherk\u00e4ll\u00e4 p\u00e4\u00e4lle\/pois-kytkimell\u00e4 nopeaa ja helppoa valons\u00e4\u00e4t\u00f6\u00e4 varten. T\u00e4m\u00e4 valaisin sopii t\u00e4ydellisesti mink\u00e4 tahansa ajoneuvon sis\u00e4tiloihin, huoltoautoihin, asuntovaunuihin ja muihin paikkoihin, joissa tarvitaan p\u00e4iv\u00e4nvalon valkoista (6500K) ty\u00f6valoa.<\/p>\n<h2>Ominaisuudet ja hy\u00f6dyt<\/h2>\n<ul>\n<li>Vakaa alumiiniprofiili ja tukeva elektrolyyttisesti maalattu runko kest\u00e4vyytt\u00e4 ja pitk\u00e4aikaista k\u00e4ytt\u00f6\u00e4 varten.<\/li>\n<li>Kosketusherkk\u00e4 p\u00e4\u00e4lle\/pois-painike helppoa ja nopeaa valon s\u00e4\u00e4t\u00f6\u00e4 varten.<\/li>\n<li>Iskunkest\u00e4v\u00e4st\u00e4 himme\u00e4st\u00e4 polykarbonaatista valmistettu linssi tasaisesti jakautuvaan valoon.<\/li>\n<li>Isku- ja t\u00e4rin\u00e4nkest\u00e4v\u00e4 rakenne, t\u00e4ysin upotettava ja kest\u00e4\u00e4 painepesun, IP67-sertifioitu ja oikosulkusuojattu.<\/li>\n<\/ul>\n<p>Valaisimemme on korkealaatuinen ratkaisu kaikille, jotka etsiv\u00e4t tehokasta ja luotettavaa valaistusta. Sen kest\u00e4v\u00e4 rakenne ja edistyneet ominaisuudet tekev\u00e4t siit\u00e4 ihanteellisen valinnan monenlaisiin k\u00e4ytt\u00f6tarkoituksiin.<\/p>","protected":false},"excerpt":{"rendered":"<p>Slimmad Interi\u00f6r Arbetsbelysning Utforska v\u00e5r slimmade interi\u00f6r arbetsbelysning, utformad i en stabil aluminiumprofil och utrustad med en ber\u00f6ringsk\u00e4nslig av\/p\u00e5 knapp f\u00f6r snabb och smidig ljuskontroll. Denna armatur \u00e4r perfekt f\u00f6r all fordonsinteri\u00f6r, servicebilen, husvagnen, och mer, d\u00e4r dagsljusvit (6500K) arbetsbelysning efterfr\u00e5gas. Funktioner och F\u00f6rdelar Stabil aluminiumprofil med en solid elektrolytf\u00e4rgad ram f\u00f6r h\u00e5llbarhet och l\u00e5ngvarig [&hellip;]<\/p>","protected":false},"featured_media":10776,"comment_status":"closed","ping_status":"closed","template":"","meta":{"_acf_changed":false,"_smort_price_nok":"513","_smort_price_dkk":"326","_smort_price_eur":"43.63","_smort_sale_price_nok":"","_smort_sale_price_dkk":"","_smort_sale_price_eur":"","smort_restorder":"","shipmondo_restorder":"","_kad_blocks_custom_css":"","_kad_blocks_head_custom_js":"","_kad_blocks_body_custom_js":"","_kad_blocks_footer_custom_js":"","smort_custom_pricelist_1":"268.8","smort_custom_pricelist_2":"268.8","smort_custom_pricelist_3":"255.36","smort_custom_pricelist_4":"384","smort_custom_pricelist_5":"268.8"},"anvandningsomrade":[166,238,2816],"bilmarken":[],"product_brand":[1252],"product_cat":[2586],"product_tag":[],"class_list":{"0":"post-11582","1":"product","2":"type-product","3":"status-publish","4":"has-post-thumbnail","6":"anvandningsomrade-lastbil","7":"anvandningsomrade-slap","8":"anvandningsomrade-trailer","9":"product_brand-lea","10":"product_cat-interiorbelysning-slap","11":"pa_fargtemperatur-6500k","12":"pa_fuktskydd-varde-ipxx-ip67","13":"pa_storlek-mm-410x40x11","14":"pa_stromforbrukning-046a-28v","15":"pa_stromforbrukning-092a-138v","16":"pa_volt-v-159","17":"pa_volt-v-160","19":"first","20":"instock","21":"taxable","22":"shipping-taxable","23":"purchasable","24":"product-type-variable"},"bundled_by":[],"bundle_stock_status":"instock","bundle_stock_quantity":2,"bundle_virtual":false,"bundle_layout":"","bundle_add_to_cart_form_location":"","bundle_editable_in_cart":false,"bundle_sold_individually_context":"","bundle_item_grouping":"","bundle_min_size":"","bundle_max_size":"","bundle_price":[],"bundled_items":[],"bundle_sell_ids":[],"acf":[],"yoast_head":"<!-- This site is optimized with the Yoast SEO plugin v27.0 - https:\/\/yoast.com\/product\/yoast-seo-wordpress\/ -->\n<title>Interi\u00f6r LED-list 410mm | Touch Svart - Xenonkungen<\/title>\n<meta name=\"robots\" content=\"index, follow, max-snippet:-1, max-image-preview:large, max-video-preview:-1\" \/>\n<link rel=\"canonical\" href=\"https:\/\/xenonkungen.com\/fi\/tuote\/sisainen-led-nauha-410-mm-kosketus-musta\/\" \/>\n<meta property=\"og:locale\" content=\"fi_FI\" \/>\n<meta property=\"og:type\" content=\"article\" \/>\n<meta property=\"og:title\" content=\"Interi\u00f6r LED-list 410mm | Touch Svart - Xenonkungen\" \/>\n<meta property=\"og:description\" content=\"Slimmad Interi\u00f6r Arbetsbelysning Utforska v\u00e5r slimmade interi\u00f6r arbetsbelysning, utformad i en stabil aluminiumprofil och utrustad med en ber\u00f6ringsk\u00e4nslig av\/p\u00e5 knapp f\u00f6r snabb och smidig ljuskontroll. Denna armatur \u00e4r perfekt f\u00f6r all fordonsinteri\u00f6r, servicebilen, husvagnen, och mer, d\u00e4r dagsljusvit (6500K) arbetsbelysning efterfr\u00e5gas. Funktioner och F\u00f6rdelar Stabil aluminiumprofil med en solid elektrolytf\u00e4rgad ram f\u00f6r h\u00e5llbarhet och l\u00e5ngvarig [&hellip;]\" \/>\n<meta property=\"og:url\" content=\"https:\/\/xenonkungen.com\/fi\/tuote\/sisainen-led-nauha-410-mm-kosketus-musta\/\" \/>\n<meta property=\"og:site_name\" content=\"Xenonkungen\" \/>\n<meta property=\"article:modified_time\" content=\"2026-04-10T23:47:43+00:00\" \/>\n<meta property=\"og:image\" content=\"https:\/\/xenonkungen.com\/wp-content\/uploads\/2025\/06\/38119781-origpic-5aee74.jpg\" \/>\n\t<meta property=\"og:image:width\" content=\"800\" \/>\n\t<meta property=\"og:image:height\" content=\"800\" \/>\n\t<meta property=\"og:image:type\" content=\"image\/jpeg\" \/>\n<meta name=\"twitter:card\" content=\"summary_large_image\" \/>\n<meta name=\"twitter:label1\" content=\"Arvioitu lukuaika\" \/>\n\t<meta name=\"twitter:data1\" content=\"1 minuutti\" \/>\n<script type=\"application\/ld+json\" class=\"yoast-schema-graph\">{\"@context\":\"https:\/\/schema.org\",\"@graph\":[{\"@type\":\"WebPage\",\"@id\":\"https:\/\/xenonkungen.com\/produkt\/interior-led-list-410mm-touch-svart\/\",\"url\":\"https:\/\/xenonkungen.com\/produkt\/interior-led-list-410mm-touch-svart\/\",\"name\":\"Interi\u00f6r LED-list 410mm | Touch Svart - Xenonkungen\",\"isPartOf\":{\"@id\":\"https:\/\/xenonkungen.com\/#website\"},\"primaryImageOfPage\":{\"@id\":\"https:\/\/xenonkungen.com\/produkt\/interior-led-list-410mm-touch-svart\/#primaryimage\"},\"image\":{\"@id\":\"https:\/\/xenonkungen.com\/produkt\/interior-led-list-410mm-touch-svart\/#primaryimage\"},\"thumbnailUrl\":\"https:\/\/xenonkungen.com\/wp-content\/uploads\/2025\/06\/38119781-origpic-5aee74.jpg\",\"datePublished\":\"2025-06-23T13:51:03+00:00\",\"dateModified\":\"2026-04-10T23:47:43+00:00\",\"breadcrumb\":{\"@id\":\"https:\/\/xenonkungen.com\/produkt\/interior-led-list-410mm-touch-svart\/#breadcrumb\"},\"inLanguage\":\"fi\",\"potentialAction\":[{\"@type\":\"ReadAction\",\"target\":[\"https:\/\/xenonkungen.com\/produkt\/interior-led-list-410mm-touch-svart\/\"]}]},{\"@type\":\"ImageObject\",\"inLanguage\":\"fi\",\"@id\":\"https:\/\/xenonkungen.com\/produkt\/interior-led-list-410mm-touch-svart\/#primaryimage\",\"url\":\"https:\/\/xenonkungen.com\/wp-content\/uploads\/2025\/06\/38119781-origpic-5aee74.jpg\",\"contentUrl\":\"https:\/\/xenonkungen.com\/wp-content\/uploads\/2025\/06\/38119781-origpic-5aee74.jpg\",\"width\":800,\"height\":800},{\"@type\":\"BreadcrumbList\",\"@id\":\"https:\/\/xenonkungen.com\/produkt\/interior-led-list-410mm-touch-svart\/#breadcrumb\",\"itemListElement\":[{\"@type\":\"ListItem\",\"position\":1,\"name\":\"Hem\",\"item\":\"https:\/\/xenonkungen.com\/\"},{\"@type\":\"ListItem\",\"position\":2,\"name\":\"Shop\",\"item\":\"https:\/\/xenonkungen.com\/shop\/\"},{\"@type\":\"ListItem\",\"position\":3,\"name\":\"Interi\u00f6r LED-list 410mm | Touch Svart\"}]},{\"@type\":\"WebSite\",\"@id\":\"https:\/\/xenonkungen.com\/#website\",\"url\":\"https:\/\/xenonkungen.com\/\",\"name\":\"Xenonkungen\",\"description\":\"\",\"potentialAction\":[{\"@type\":\"SearchAction\",\"target\":{\"@type\":\"EntryPoint\",\"urlTemplate\":\"https:\/\/xenonkungen.com\/?s={search_term_string}\"},\"query-input\":{\"@type\":\"PropertyValueSpecification\",\"valueRequired\":true,\"valueName\":\"search_term_string\"}}],\"inLanguage\":\"fi\"}]}<\/script>\n<!-- \/ Yoast SEO plugin. -->","yoast_head_json":{"title":"Sis\u00e4tilojen LED-nauha 410 mm | Kosketusmusta - Xenonkungen","robots":{"index":"index","follow":"follow","max-snippet":"max-snippet:-1","max-image-preview":"max-image-preview:large","max-video-preview":"max-video-preview:-1"},"canonical":"https:\/\/xenonkungen.com\/fi\/tuote\/sisainen-led-nauha-410-mm-kosketus-musta\/","og_locale":"fi_FI","og_type":"article","og_title":"Interi\u00f6r LED-list 410mm | Touch Svart - Xenonkungen","og_description":"Slimmad Interi\u00f6r Arbetsbelysning Utforska v\u00e5r slimmade interi\u00f6r arbetsbelysning, utformad i en stabil aluminiumprofil och utrustad med en ber\u00f6ringsk\u00e4nslig av\/p\u00e5 knapp f\u00f6r snabb och smidig ljuskontroll. Denna armatur \u00e4r perfekt f\u00f6r all fordonsinteri\u00f6r, servicebilen, husvagnen, och mer, d\u00e4r dagsljusvit (6500K) arbetsbelysning efterfr\u00e5gas. Funktioner och F\u00f6rdelar Stabil aluminiumprofil med en solid elektrolytf\u00e4rgad ram f\u00f6r h\u00e5llbarhet och l\u00e5ngvarig [&hellip;]","og_url":"https:\/\/xenonkungen.com\/fi\/tuote\/sisainen-led-nauha-410-mm-kosketus-musta\/","og_site_name":"Xenonkungen","article_modified_time":"2026-04-10T23:47:43+00:00","og_image":[{"width":800,"height":800,"url":"https:\/\/xenonkungen.com\/wp-content\/uploads\/2025\/06\/38119781-origpic-5aee74.jpg","type":"image\/jpeg"}],"twitter_card":"summary_large_image","twitter_misc":{"Arvioitu lukuaika":"1 minuutti"},"schema":{"@context":"https:\/\/schema.org","@graph":[{"@type":"WebPage","@id":"https:\/\/xenonkungen.com\/produkt\/interior-led-list-410mm-touch-svart\/","url":"https:\/\/xenonkungen.com\/produkt\/interior-led-list-410mm-touch-svart\/","name":"Sis\u00e4tilojen LED-nauha 410 mm | Kosketusmusta - Xenonkungen","isPartOf":{"@id":"https:\/\/xenonkungen.com\/#website"},"primaryImageOfPage":{"@id":"https:\/\/xenonkungen.com\/produkt\/interior-led-list-410mm-touch-svart\/#primaryimage"},"image":{"@id":"https:\/\/xenonkungen.com\/produkt\/interior-led-list-410mm-touch-svart\/#primaryimage"},"thumbnailUrl":"https:\/\/xenonkungen.com\/wp-content\/uploads\/2025\/06\/38119781-origpic-5aee74.jpg","datePublished":"2025-06-23T13:51:03+00:00","dateModified":"2026-04-10T23:47:43+00:00","breadcrumb":{"@id":"https:\/\/xenonkungen.com\/produkt\/interior-led-list-410mm-touch-svart\/#breadcrumb"},"inLanguage":"fi","potentialAction":[{"@type":"ReadAction","target":["https:\/\/xenonkungen.com\/produkt\/interior-led-list-410mm-touch-svart\/"]}]},{"@type":"ImageObject","inLanguage":"fi","@id":"https:\/\/xenonkungen.com\/produkt\/interior-led-list-410mm-touch-svart\/#primaryimage","url":"https:\/\/xenonkungen.com\/wp-content\/uploads\/2025\/06\/38119781-origpic-5aee74.jpg","contentUrl":"https:\/\/xenonkungen.com\/wp-content\/uploads\/2025\/06\/38119781-origpic-5aee74.jpg","width":800,"height":800},{"@type":"BreadcrumbList","@id":"https:\/\/xenonkungen.com\/produkt\/interior-led-list-410mm-touch-svart\/#breadcrumb","itemListElement":[{"@type":"ListItem","position":1,"name":"Hem","item":"https:\/\/xenonkungen.com\/"},{"@type":"ListItem","position":2,"name":"Shop","item":"https:\/\/xenonkungen.com\/shop\/"},{"@type":"ListItem","position":3,"name":"Interi\u00f6r LED-list 410mm | Touch Svart"}]},{"@type":"WebSite","@id":"https:\/\/xenonkungen.com\/#website","url":"https:\/\/xenonkungen.com\/","name":"Xenonkungen","description":"","potentialAction":[{"@type":"SearchAction","target":{"@type":"EntryPoint","urlTemplate":"https:\/\/xenonkungen.com\/?s={search_term_string}"},"query-input":{"@type":"PropertyValueSpecification","valueRequired":true,"valueName":"search_term_string"}}],"inLanguage":"fi"}]}},"taxonomy_info":{"anvandningsomrade":[{"value":166,"label":"Lastbil"},{"value":238,"label":"SL\u00c4P"},{"value":2816,"label":"TRAILER"}],"product_brand":[{"value":1252,"label":"LEA"}],"product_cat":[{"value":2586,"label":"Interi\u00f6rbelysning"}],"pa_fargtemperatur":[{"value":353,"label":"6500K"}],"pa_fuktskydd-varde-ipxx":[{"value":333,"label":"IP67"}],"pa_storlek-mm":[{"value":2406,"label":"410x40x11"}],"pa_stromforbrukning":[{"value":2262,"label":"0,46A @28V"},{"value":2261,"label":"0,92A @13,8V"}],"pa_volt-v":[{"value":159,"label":"12"},{"value":160,"label":"24"}]},"featured_image_src_large":["https:\/\/xenonkungen.com\/wp-content\/uploads\/2025\/06\/38119781-origpic-5aee74.jpg",800,800,false],"author_info":[],"comment_info":0,"_links":{"self":[{"href":"https:\/\/xenonkungen.com\/fi\/wp-json\/wp\/v2\/product\/11582","targetHints":{"allow":["GET"]}}],"collection":[{"href":"https:\/\/xenonkungen.com\/fi\/wp-json\/wp\/v2\/product"}],"about":[{"href":"https:\/\/xenonkungen.com\/fi\/wp-json\/wp\/v2\/types\/product"}],"replies":[{"embeddable":true,"href":"https:\/\/xenonkungen.com\/fi\/wp-json\/wp\/v2\/comments?post=11582"}],"wp:featuredmedia":[{"embeddable":true,"href":"https:\/\/xenonkungen.com\/fi\/wp-json\/wp\/v2\/media\/10776"}],"wp:attachment":[{"href":"https:\/\/xenonkungen.com\/fi\/wp-json\/wp\/v2\/media?parent=11582"}],"wp:term":[{"taxonomy":"anvandningsomrade","embeddable":true,"href":"https:\/\/xenonkungen.com\/fi\/wp-json\/wp\/v2\/anvandningsomrade?post=11582"},{"taxonomy":"bilmarken","embeddable":true,"href":"https:\/\/xenonkungen.com\/fi\/wp-json\/wp\/v2\/bilmarken?post=11582"},{"taxonomy":"product_brand","embeddable":true,"href":"https:\/\/xenonkungen.com\/fi\/wp-json\/wp\/v2\/product_brand?post=11582"},{"taxonomy":"product_cat","embeddable":true,"href":"https:\/\/xenonkungen.com\/fi\/wp-json\/wp\/v2\/product_cat?post=11582"},{"taxonomy":"product_tag","embeddable":true,"href":"https:\/\/xenonkungen.com\/fi\/wp-json\/wp\/v2\/product_tag?post=11582"}],"curies":[{"name":"wp","href":"https:\/\/api.w.org\/{rel}","templated":true}]}}