{"id":11585,"date":"2025-06-23T13:51:03","date_gmt":"2025-06-23T13:51:03","guid":{"rendered":"https:\/\/xenonkungen.com\/produkt\/interior-led-list-410mm-touch-gra\/"},"modified":"2026-04-11T00:47:48","modified_gmt":"2026-04-10T23:47:48","slug":"sisatilojen-led-nauha-410-mm-kosketusnaytto-harmaa","status":"publish","type":"product","link":"https:\/\/xenonkungen.com\/fi\/tuote\/sisatilojen-led-nauha-410-mm-kosketusnaytto-harmaa\/","title":{"rendered":"Sis\u00e4tilojen LED-nauhat 410mm | Touch Grey"},"content":{"rendered":"<h1>Tyylik\u00e4s sis\u00e4tilojen ty\u00f6pistevalaistus grafiitinharmaalla viimeistelyll\u00e4<\/h1>\n<p>Tutustu ohueen sis\u00e4ty\u00f6valoomme, joka on huolellisesti suunniteltu tukevalla alumiiniprofiililla ja kosketusherk\u00e4ll\u00e4 p\u00e4\u00e4lle\/pois-kytkimell\u00e4 v\u00e4lit\u00f6nt\u00e4 valons\u00e4\u00e4t\u00f6\u00e4 varten. T\u00e4m\u00e4 valaisin sopii t\u00e4ydellisesti ajoneuvoihin, huoltoautoihin, matkailuautoihin ja muihin paikkoihin, joissa halutaan korkealaatuista p\u00e4iv\u00e4nvalon valkoista (6500K) valaistusta.<\/p>\n<h2>Ominaisuudet ja hy\u00f6dyt<\/h2>\n<ul>\n<li>Vakaa alumiiniprofiili hienostuneella grafiitinharmaalla viimeistelyll\u00e4 modernia ja kest\u00e4v\u00e4\u00e4 muotoilua varten.<\/li>\n<li>Kosketusherkk\u00e4 p\u00e4\u00e4lle\/pois-painike nopeaan ja helppoon valon s\u00e4\u00e4t\u00f6\u00f6n.<\/li>\n<li>Iskunkest\u00e4v\u00e4 himme\u00e4 polykarbonaattilinssi levitt\u00e4\u00e4 valoa tasaisesti ja luo mukavan ty\u00f6ymp\u00e4rist\u00f6n.<\/li>\n<li>Rakenne on isku- ja t\u00e4rin\u00e4nkest\u00e4v\u00e4, t\u00e4ysin vedenpit\u00e4v\u00e4 (IP67) ja oikosulkusuojattu kest\u00e4vyyden ja turvallisuuden parantamiseksi.<\/li>\n<\/ul>\n<p>T\u00e4m\u00e4 korkealaatuinen valaisin on suunniteltu vastaamaan erilaisten ajoneuvojen ja liikkuvien tilojen tarpeisiin varmistaen erinomaisen valonjaon ja luotettavuuden kaikissa olosuhteissa.<\/p>","protected":false},"excerpt":{"rendered":"<p>Slimmad Interi\u00f6r Arbetsbelysning med Grafitgr\u00e5 Finish Utforska v\u00e5r slimmade interi\u00f6r arbetsbelysning, noggrant designad med en stabil aluminiumprofil och en ber\u00f6ringsk\u00e4nslig av\/p\u00e5 knapp f\u00f6r omedelbar ljuskontroll. Denna armatur \u00e4r perfekt f\u00f6r anv\u00e4ndning i fordon, servicebilar, husvagnar och mer, d\u00e4r h\u00f6gkvalitativ dagsljusvit (6500K) belysning \u00f6nskas. Funktioner och F\u00f6rdelar Stabil aluminiumprofil med en sofistikerad grafitgr\u00e5 finish f\u00f6r en [&hellip;]<\/p>","protected":false},"featured_media":10783,"comment_status":"closed","ping_status":"closed","template":"","meta":{"_acf_changed":false,"_smort_price_nok":"470","_smort_price_dkk":"299","_smort_price_eur":"40","_smort_sale_price_nok":"","_smort_sale_price_dkk":"","_smort_sale_price_eur":"","smort_restorder":"","shipmondo_restorder":"","_kad_blocks_custom_css":"","_kad_blocks_head_custom_js":"","_kad_blocks_body_custom_js":"","_kad_blocks_footer_custom_js":"","smort_custom_pricelist_1":null,"smort_custom_pricelist_2":null,"smort_custom_pricelist_3":null,"smort_custom_pricelist_4":null,"smort_custom_pricelist_5":null},"anvandningsomrade":[166,238,2816],"bilmarken":[],"product_brand":[1252],"product_cat":[2586],"product_tag":[],"class_list":{"0":"post-11585","1":"product","2":"type-product","3":"status-publish","4":"has-post-thumbnail","6":"anvandningsomrade-lastbil","7":"anvandningsomrade-slap","8":"anvandningsomrade-trailer","9":"product_brand-lea","10":"product_cat-interiorbelysning-slap","11":"pa_fargtemperatur-6500k","12":"pa_fuktskydd-varde-ipxx-ip67","13":"pa_storlek-mm-410x40x11","14":"pa_stromforbrukning-046a-28v","15":"pa_stromforbrukning-092a-138v","16":"pa_volt-v-159","17":"pa_volt-v-160","19":"first","20":"onbackorder","21":"taxable","22":"shipping-taxable","23":"purchasable","24":"product-type-variable"},"bundled_by":[],"bundle_stock_status":"onbackorder","bundle_stock_quantity":null,"bundle_virtual":false,"bundle_layout":"","bundle_add_to_cart_form_location":"","bundle_editable_in_cart":false,"bundle_sold_individually_context":"","bundle_item_grouping":"","bundle_min_size":"","bundle_max_size":"","bundle_price":[],"bundled_items":[],"bundle_sell_ids":[],"acf":[],"yoast_head":"<!-- This site is optimized with the Yoast SEO plugin v27.0 - https:\/\/yoast.com\/product\/yoast-seo-wordpress\/ -->\n<title>Interi\u00f6r LED-list 410mm | Touch Gr\u00e5 - Xenonkungen<\/title>\n<meta name=\"robots\" content=\"index, follow, max-snippet:-1, max-image-preview:large, max-video-preview:-1\" \/>\n<link rel=\"canonical\" href=\"https:\/\/xenonkungen.com\/fi\/tuote\/sisatilojen-led-nauha-410-mm-kosketusnaytto-harmaa\/\" \/>\n<meta property=\"og:locale\" content=\"fi_FI\" \/>\n<meta property=\"og:type\" content=\"article\" \/>\n<meta property=\"og:title\" content=\"Interi\u00f6r LED-list 410mm | Touch Gr\u00e5 - Xenonkungen\" \/>\n<meta property=\"og:description\" content=\"Slimmad Interi\u00f6r Arbetsbelysning med Grafitgr\u00e5 Finish Utforska v\u00e5r slimmade interi\u00f6r arbetsbelysning, noggrant designad med en stabil aluminiumprofil och en ber\u00f6ringsk\u00e4nslig av\/p\u00e5 knapp f\u00f6r omedelbar ljuskontroll. Denna armatur \u00e4r perfekt f\u00f6r anv\u00e4ndning i fordon, servicebilar, husvagnar och mer, d\u00e4r h\u00f6gkvalitativ dagsljusvit (6500K) belysning \u00f6nskas. Funktioner och F\u00f6rdelar Stabil aluminiumprofil med en sofistikerad grafitgr\u00e5 finish f\u00f6r en [&hellip;]\" \/>\n<meta property=\"og:url\" content=\"https:\/\/xenonkungen.com\/fi\/tuote\/sisatilojen-led-nauha-410-mm-kosketusnaytto-harmaa\/\" \/>\n<meta property=\"og:site_name\" content=\"Xenonkungen\" \/>\n<meta property=\"article:modified_time\" content=\"2026-04-10T23:47:48+00:00\" \/>\n<meta property=\"og:image\" content=\"https:\/\/xenonkungen.com\/wp-content\/uploads\/2025\/06\/38122677-origpic-cb8922.jpg\" \/>\n\t<meta property=\"og:image:width\" content=\"800\" \/>\n\t<meta property=\"og:image:height\" content=\"800\" \/>\n\t<meta property=\"og:image:type\" content=\"image\/jpeg\" \/>\n<meta name=\"twitter:card\" content=\"summary_large_image\" \/>\n<meta name=\"twitter:label1\" content=\"Arvioitu lukuaika\" \/>\n\t<meta name=\"twitter:data1\" content=\"1 minuutti\" \/>\n<script type=\"application\/ld+json\" class=\"yoast-schema-graph\">{\"@context\":\"https:\/\/schema.org\",\"@graph\":[{\"@type\":\"WebPage\",\"@id\":\"https:\/\/xenonkungen.com\/nl\/product\/led-strip-voor-binnengebruik-410-mm-aanraakgevoelig\/\",\"url\":\"https:\/\/xenonkungen.com\/nl\/product\/led-strip-voor-binnengebruik-410-mm-aanraakgevoelig\/\",\"name\":\"Interi\u00f6r LED-list 410mm | Touch Gr\u00e5 - Xenonkungen\",\"isPartOf\":{\"@id\":\"https:\/\/xenonkungen.com\/#website\"},\"primaryImageOfPage\":{\"@id\":\"https:\/\/xenonkungen.com\/nl\/product\/led-strip-voor-binnengebruik-410-mm-aanraakgevoelig\/#primaryimage\"},\"image\":{\"@id\":\"https:\/\/xenonkungen.com\/nl\/product\/led-strip-voor-binnengebruik-410-mm-aanraakgevoelig\/#primaryimage\"},\"thumbnailUrl\":\"https:\/\/xenonkungen.com\/wp-content\/uploads\/2025\/06\/38122677-origpic-cb8922.jpg\",\"datePublished\":\"2025-06-23T13:51:03+00:00\",\"dateModified\":\"2026-04-10T23:47:48+00:00\",\"breadcrumb\":{\"@id\":\"https:\/\/xenonkungen.com\/nl\/product\/led-strip-voor-binnengebruik-410-mm-aanraakgevoelig\/#breadcrumb\"},\"inLanguage\":\"fi\",\"potentialAction\":[{\"@type\":\"ReadAction\",\"target\":[\"https:\/\/xenonkungen.com\/nl\/product\/led-strip-voor-binnengebruik-410-mm-aanraakgevoelig\/\"]}]},{\"@type\":\"ImageObject\",\"inLanguage\":\"fi\",\"@id\":\"https:\/\/xenonkungen.com\/nl\/product\/led-strip-voor-binnengebruik-410-mm-aanraakgevoelig\/#primaryimage\",\"url\":\"https:\/\/xenonkungen.com\/wp-content\/uploads\/2025\/06\/38122677-origpic-cb8922.jpg\",\"contentUrl\":\"https:\/\/xenonkungen.com\/wp-content\/uploads\/2025\/06\/38122677-origpic-cb8922.jpg\",\"width\":800,\"height\":800},{\"@type\":\"BreadcrumbList\",\"@id\":\"https:\/\/xenonkungen.com\/nl\/product\/led-strip-voor-binnengebruik-410-mm-aanraakgevoelig\/#breadcrumb\",\"itemListElement\":[{\"@type\":\"ListItem\",\"position\":1,\"name\":\"Hem\",\"item\":\"https:\/\/xenonkungen.com\/\"},{\"@type\":\"ListItem\",\"position\":2,\"name\":\"Shop\",\"item\":\"https:\/\/xenonkungen.com\/shop\/\"},{\"@type\":\"ListItem\",\"position\":3,\"name\":\"Interi\u00f6r LED-list 410mm | Touch Gr\u00e5\"}]},{\"@type\":\"WebSite\",\"@id\":\"https:\/\/xenonkungen.com\/#website\",\"url\":\"https:\/\/xenonkungen.com\/\",\"name\":\"Xenonkungen\",\"description\":\"\",\"potentialAction\":[{\"@type\":\"SearchAction\",\"target\":{\"@type\":\"EntryPoint\",\"urlTemplate\":\"https:\/\/xenonkungen.com\/?s={search_term_string}\"},\"query-input\":{\"@type\":\"PropertyValueSpecification\",\"valueRequired\":true,\"valueName\":\"search_term_string\"}}],\"inLanguage\":\"fi\"}]}<\/script>\n<!-- \/ Yoast SEO plugin. -->","yoast_head_json":{"title":"Sis\u00e4tilojen LED-nauha 410 mm | Kosketusharmaa - Xenonkungen","robots":{"index":"index","follow":"follow","max-snippet":"max-snippet:-1","max-image-preview":"max-image-preview:large","max-video-preview":"max-video-preview:-1"},"canonical":"https:\/\/xenonkungen.com\/fi\/tuote\/sisatilojen-led-nauha-410-mm-kosketusnaytto-harmaa\/","og_locale":"fi_FI","og_type":"article","og_title":"Interi\u00f6r LED-list 410mm | Touch Gr\u00e5 - Xenonkungen","og_description":"Slimmad Interi\u00f6r Arbetsbelysning med Grafitgr\u00e5 Finish Utforska v\u00e5r slimmade interi\u00f6r arbetsbelysning, noggrant designad med en stabil aluminiumprofil och en ber\u00f6ringsk\u00e4nslig av\/p\u00e5 knapp f\u00f6r omedelbar ljuskontroll. Denna armatur \u00e4r perfekt f\u00f6r anv\u00e4ndning i fordon, servicebilar, husvagnar och mer, d\u00e4r h\u00f6gkvalitativ dagsljusvit (6500K) belysning \u00f6nskas. Funktioner och F\u00f6rdelar Stabil aluminiumprofil med en sofistikerad grafitgr\u00e5 finish f\u00f6r en [&hellip;]","og_url":"https:\/\/xenonkungen.com\/fi\/tuote\/sisatilojen-led-nauha-410-mm-kosketusnaytto-harmaa\/","og_site_name":"Xenonkungen","article_modified_time":"2026-04-10T23:47:48+00:00","og_image":[{"width":800,"height":800,"url":"https:\/\/xenonkungen.com\/wp-content\/uploads\/2025\/06\/38122677-origpic-cb8922.jpg","type":"image\/jpeg"}],"twitter_card":"summary_large_image","twitter_misc":{"Arvioitu lukuaika":"1 minuutti"},"schema":{"@context":"https:\/\/schema.org","@graph":[{"@type":"WebPage","@id":"https:\/\/xenonkungen.com\/nl\/product\/led-strip-voor-binnengebruik-410-mm-aanraakgevoelig\/","url":"https:\/\/xenonkungen.com\/nl\/product\/led-strip-voor-binnengebruik-410-mm-aanraakgevoelig\/","name":"Sis\u00e4tilojen LED-nauha 410 mm | Kosketusharmaa - Xenonkungen","isPartOf":{"@id":"https:\/\/xenonkungen.com\/#website"},"primaryImageOfPage":{"@id":"https:\/\/xenonkungen.com\/nl\/product\/led-strip-voor-binnengebruik-410-mm-aanraakgevoelig\/#primaryimage"},"image":{"@id":"https:\/\/xenonkungen.com\/nl\/product\/led-strip-voor-binnengebruik-410-mm-aanraakgevoelig\/#primaryimage"},"thumbnailUrl":"https:\/\/xenonkungen.com\/wp-content\/uploads\/2025\/06\/38122677-origpic-cb8922.jpg","datePublished":"2025-06-23T13:51:03+00:00","dateModified":"2026-04-10T23:47:48+00:00","breadcrumb":{"@id":"https:\/\/xenonkungen.com\/nl\/product\/led-strip-voor-binnengebruik-410-mm-aanraakgevoelig\/#breadcrumb"},"inLanguage":"fi","potentialAction":[{"@type":"ReadAction","target":["https:\/\/xenonkungen.com\/nl\/product\/led-strip-voor-binnengebruik-410-mm-aanraakgevoelig\/"]}]},{"@type":"ImageObject","inLanguage":"fi","@id":"https:\/\/xenonkungen.com\/nl\/product\/led-strip-voor-binnengebruik-410-mm-aanraakgevoelig\/#primaryimage","url":"https:\/\/xenonkungen.com\/wp-content\/uploads\/2025\/06\/38122677-origpic-cb8922.jpg","contentUrl":"https:\/\/xenonkungen.com\/wp-content\/uploads\/2025\/06\/38122677-origpic-cb8922.jpg","width":800,"height":800},{"@type":"BreadcrumbList","@id":"https:\/\/xenonkungen.com\/nl\/product\/led-strip-voor-binnengebruik-410-mm-aanraakgevoelig\/#breadcrumb","itemListElement":[{"@type":"ListItem","position":1,"name":"Hem","item":"https:\/\/xenonkungen.com\/"},{"@type":"ListItem","position":2,"name":"Shop","item":"https:\/\/xenonkungen.com\/shop\/"},{"@type":"ListItem","position":3,"name":"Interi\u00f6r LED-list 410mm | Touch Gr\u00e5"}]},{"@type":"WebSite","@id":"https:\/\/xenonkungen.com\/#website","url":"https:\/\/xenonkungen.com\/","name":"Xenonkungen","description":"","potentialAction":[{"@type":"SearchAction","target":{"@type":"EntryPoint","urlTemplate":"https:\/\/xenonkungen.com\/?s={search_term_string}"},"query-input":{"@type":"PropertyValueSpecification","valueRequired":true,"valueName":"search_term_string"}}],"inLanguage":"fi"}]}},"taxonomy_info":{"anvandningsomrade":[{"value":166,"label":"Lastbil"},{"value":238,"label":"SL\u00c4P"},{"value":2816,"label":"TRAILER"}],"product_brand":[{"value":1252,"label":"LEA"}],"product_cat":[{"value":2586,"label":"Interi\u00f6rbelysning"}],"pa_fargtemperatur":[{"value":353,"label":"6500K"}],"pa_fuktskydd-varde-ipxx":[{"value":333,"label":"IP67"}],"pa_storlek-mm":[{"value":2406,"label":"410x40x11"}],"pa_stromforbrukning":[{"value":2262,"label":"0,46A @28V"},{"value":2261,"label":"0,92A @13,8V"}],"pa_volt-v":[{"value":159,"label":"12"},{"value":160,"label":"24"}]},"featured_image_src_large":["https:\/\/xenonkungen.com\/wp-content\/uploads\/2025\/06\/38122677-origpic-cb8922.jpg",800,800,false],"author_info":[],"comment_info":0,"_links":{"self":[{"href":"https:\/\/xenonkungen.com\/fi\/wp-json\/wp\/v2\/product\/11585","targetHints":{"allow":["GET"]}}],"collection":[{"href":"https:\/\/xenonkungen.com\/fi\/wp-json\/wp\/v2\/product"}],"about":[{"href":"https:\/\/xenonkungen.com\/fi\/wp-json\/wp\/v2\/types\/product"}],"replies":[{"embeddable":true,"href":"https:\/\/xenonkungen.com\/fi\/wp-json\/wp\/v2\/comments?post=11585"}],"wp:featuredmedia":[{"embeddable":true,"href":"https:\/\/xenonkungen.com\/fi\/wp-json\/wp\/v2\/media\/10783"}],"wp:attachment":[{"href":"https:\/\/xenonkungen.com\/fi\/wp-json\/wp\/v2\/media?parent=11585"}],"wp:term":[{"taxonomy":"anvandningsomrade","embeddable":true,"href":"https:\/\/xenonkungen.com\/fi\/wp-json\/wp\/v2\/anvandningsomrade?post=11585"},{"taxonomy":"bilmarken","embeddable":true,"href":"https:\/\/xenonkungen.com\/fi\/wp-json\/wp\/v2\/bilmarken?post=11585"},{"taxonomy":"product_brand","embeddable":true,"href":"https:\/\/xenonkungen.com\/fi\/wp-json\/wp\/v2\/product_brand?post=11585"},{"taxonomy":"product_cat","embeddable":true,"href":"https:\/\/xenonkungen.com\/fi\/wp-json\/wp\/v2\/product_cat?post=11585"},{"taxonomy":"product_tag","embeddable":true,"href":"https:\/\/xenonkungen.com\/fi\/wp-json\/wp\/v2\/product_tag?post=11585"}],"curies":[{"name":"wp","href":"https:\/\/api.w.org\/{rel}","templated":true}]}}