{"id":11591,"date":"2025-06-23T13:51:06","date_gmt":"2025-06-23T13:51:06","guid":{"rendered":"https:\/\/xenonkungen.com\/produkt\/interior-led-list-770mmon-offsvart\/"},"modified":"2026-04-11T00:48:03","modified_gmt":"2026-04-10T23:48:03","slug":"sisainen-led-nauha-770-mm-musta","status":"publish","type":"product","link":"https:\/\/xenonkungen.com\/fi\/tuote\/sisainen-led-nauha-770-mm-musta\/","title":{"rendered":"Sis\u00e4tilojen LED-nauhat 770mm|ON\/OFF|Musta"},"content":{"rendered":"<h1>Tyylik\u00e4s sis\u00e4tilojen ty\u00f6pistevalaistus<\/h1>\n<p>T\u00e4m\u00e4 korkealaatuinen ty\u00f6valo on suunniteltu vastaamaan p\u00e4iv\u00e4nvalon valkoisen valaistuksen tarpeisiin ajoneuvoissa, huoltoautoissa, asuntovaunuissa jne. Sen kosketusherkk\u00e4 p\u00e4\u00e4lle\/pois-kytkin ja vakaa alumiiniprofiili tarjoavat helppok\u00e4ytt\u00f6isyytt\u00e4 ja kest\u00e4vyytt\u00e4.<\/p>\n<h2>Ominaisuudet ja hy\u00f6dyt<\/h2>\n<ul>\n<li>P\u00e4iv\u00e4nvalonvalkoinen (6500K) LED-valaistus optimaaliseen ty\u00f6ymp\u00e4rist\u00f6\u00f6n.<\/li>\n<li>Kosketusherkk\u00e4 p\u00e4\u00e4lle\/pois-painike nopeaan ja helppoon valon s\u00e4\u00e4t\u00f6\u00f6n.<\/li>\n<li>Ohut ja vakaa alumiiniprofiili huomaamattomaan ja kest\u00e4v\u00e4\u00e4n asennukseen.<\/li>\n<li>Iskunkest\u00e4v\u00e4 himme\u00e4 polykarbonaattilinssi tasaisen valonjaon takaamiseksi.<\/li>\n<li>Isku- ja t\u00e4rin\u00e4nkest\u00e4v\u00e4, t\u00e4ysin upotettava ja painepesunkest\u00e4v\u00e4, IP67-luokiteltu.<\/li>\n<li>Elektrolyyttisesti v\u00e4rj\u00e4tty alumiinirunko pitk\u00e4aikaiseen k\u00e4ytt\u00f6\u00f6n.<\/li>\n<\/ul>\n<p>T\u00e4m\u00e4 ty\u00f6valaisin on paitsi k\u00e4yt\u00e4nn\u00f6llinen my\u00f6s esteettisesti miellytt\u00e4v\u00e4, joten se on t\u00e4ydellinen valinta kaikille, jotka arvostavat sek\u00e4 laatua ett\u00e4 muotoilua ty\u00f6ymp\u00e4rist\u00f6ss\u00e4\u00e4n.<\/p>\n<p>Kosketusherkk\u00e4 on\/off-kytkin<\/p>","protected":false},"excerpt":{"rendered":"<p>Slimmad Interi\u00f6r Arbetsbelysning Denna h\u00f6gkvalitativa interi\u00f6r arbetsbelysning \u00e4r designad f\u00f6r att tillgodose behovet av dagsljusvit belysning i fordon, servicebilar, husvagnar med mera. Dess ber\u00f6ringsk\u00e4nsliga av\/p\u00e5 knapp och den stabila aluminiumprofilen erbjuder anv\u00e4ndarv\u00e4nlighet och h\u00e5llbarhet. Egenskaper och F\u00f6rdelar Dagsljusvit (6500K) LED-belysning f\u00f6r optimal arbetsmilj\u00f6. Ber\u00f6ringsk\u00e4nslig av\/p\u00e5 knapp f\u00f6r snabb och smidig ljuskontroll. Slimmad och stabil aluminiumprofil [&hellip;]<\/p>","protected":false},"featured_media":10797,"comment_status":"closed","ping_status":"closed","template":"","meta":{"_acf_changed":false,"_smort_price_nok":"475","_smort_price_dkk":"302","_smort_price_eur":"40.45","_smort_sale_price_nok":"","_smort_sale_price_dkk":"","_smort_sale_price_eur":"","smort_restorder":"","shipmondo_restorder":"","_kad_blocks_custom_css":"","_kad_blocks_head_custom_js":"","_kad_blocks_body_custom_js":"","_kad_blocks_footer_custom_js":"","smort_custom_pricelist_1":"425.6","smort_custom_pricelist_2":"425.6","smort_custom_pricelist_3":"404.32","smort_custom_pricelist_4":"608","smort_custom_pricelist_5":"425.6"},"anvandningsomrade":[166,238,2816],"bilmarken":[],"product_brand":[1252],"product_cat":[2586],"product_tag":[],"class_list":{"0":"post-11591","1":"product","2":"type-product","3":"status-publish","4":"has-post-thumbnail","6":"anvandningsomrade-lastbil","7":"anvandningsomrade-slap","8":"anvandningsomrade-trailer","9":"product_brand-lea","10":"product_cat-interiorbelysning-slap","11":"pa_fargtemperatur-6500k","12":"pa_fuktskydd-varde-ipxx-ip67","13":"pa_storlek-mm-770x40x11","14":"pa_stromforbrukning-07a-28v","15":"pa_stromforbrukning-14a-138v","16":"pa_volt-v-159","17":"pa_volt-v-160","19":"first","20":"instock","21":"sale","22":"taxable","23":"shipping-taxable","24":"purchasable","25":"product-type-variable"},"bundled_by":[],"bundle_stock_status":"instock","bundle_stock_quantity":2,"bundle_virtual":false,"bundle_layout":"","bundle_add_to_cart_form_location":"","bundle_editable_in_cart":false,"bundle_sold_individually_context":"","bundle_item_grouping":"","bundle_min_size":"","bundle_max_size":"","bundle_price":[],"bundled_items":[],"bundle_sell_ids":[],"acf":[],"yoast_head":"<!-- This site is optimized with the Yoast SEO plugin v27.0 - https:\/\/yoast.com\/product\/yoast-seo-wordpress\/ -->\n<title>Interi\u00f6r LED-list 770mm|ON\/OFF|Svart - Xenonkungen<\/title>\n<meta name=\"robots\" content=\"index, follow, max-snippet:-1, max-image-preview:large, max-video-preview:-1\" \/>\n<link rel=\"canonical\" href=\"https:\/\/xenonkungen.com\/fi\/tuote\/sisainen-led-nauha-770-mm-musta\/\" \/>\n<meta property=\"og:locale\" content=\"fi_FI\" \/>\n<meta property=\"og:type\" content=\"article\" \/>\n<meta property=\"og:title\" content=\"Interi\u00f6r LED-list 770mm|ON\/OFF|Svart - Xenonkungen\" \/>\n<meta property=\"og:description\" content=\"Slimmad Interi\u00f6r Arbetsbelysning Denna h\u00f6gkvalitativa interi\u00f6r arbetsbelysning \u00e4r designad f\u00f6r att tillgodose behovet av dagsljusvit belysning i fordon, servicebilar, husvagnar med mera. Dess ber\u00f6ringsk\u00e4nsliga av\/p\u00e5 knapp och den stabila aluminiumprofilen erbjuder anv\u00e4ndarv\u00e4nlighet och h\u00e5llbarhet. Egenskaper och F\u00f6rdelar Dagsljusvit (6500K) LED-belysning f\u00f6r optimal arbetsmilj\u00f6. Ber\u00f6ringsk\u00e4nslig av\/p\u00e5 knapp f\u00f6r snabb och smidig ljuskontroll. Slimmad och stabil aluminiumprofil [&hellip;]\" \/>\n<meta property=\"og:url\" content=\"https:\/\/xenonkungen.com\/fi\/tuote\/sisainen-led-nauha-770-mm-musta\/\" \/>\n<meta property=\"og:site_name\" content=\"Xenonkungen\" \/>\n<meta property=\"article:modified_time\" content=\"2026-04-10T23:48:03+00:00\" \/>\n<meta property=\"og:image\" content=\"https:\/\/xenonkungen.com\/wp-content\/uploads\/2025\/06\/38119935-origpic-efdcaa.png\" \/>\n\t<meta property=\"og:image:width\" content=\"700\" \/>\n\t<meta property=\"og:image:height\" content=\"700\" \/>\n\t<meta property=\"og:image:type\" content=\"image\/png\" \/>\n<meta name=\"twitter:card\" content=\"summary_large_image\" \/>\n<meta name=\"twitter:label1\" content=\"Arvioitu lukuaika\" \/>\n\t<meta name=\"twitter:data1\" content=\"1 minuutti\" \/>\n<script type=\"application\/ld+json\" class=\"yoast-schema-graph\">{\"@context\":\"https:\/\/schema.org\",\"@graph\":[{\"@type\":\"WebPage\",\"@id\":\"https:\/\/xenonkungen.com\/de\/produkt\/interior-led-list-770mmon-offsvart\/\",\"url\":\"https:\/\/xenonkungen.com\/de\/produkt\/interior-led-list-770mmon-offsvart\/\",\"name\":\"Interi\u00f6r LED-list 770mm|ON\/OFF|Svart - Xenonkungen\",\"isPartOf\":{\"@id\":\"https:\/\/xenonkungen.com\/#website\"},\"primaryImageOfPage\":{\"@id\":\"https:\/\/xenonkungen.com\/de\/produkt\/interior-led-list-770mmon-offsvart\/#primaryimage\"},\"image\":{\"@id\":\"https:\/\/xenonkungen.com\/de\/produkt\/interior-led-list-770mmon-offsvart\/#primaryimage\"},\"thumbnailUrl\":\"https:\/\/xenonkungen.com\/wp-content\/uploads\/2025\/06\/38119935-origpic-efdcaa.png\",\"datePublished\":\"2025-06-23T13:51:06+00:00\",\"dateModified\":\"2026-04-10T23:48:03+00:00\",\"breadcrumb\":{\"@id\":\"https:\/\/xenonkungen.com\/de\/produkt\/interior-led-list-770mmon-offsvart\/#breadcrumb\"},\"inLanguage\":\"fi\",\"potentialAction\":[{\"@type\":\"ReadAction\",\"target\":[\"https:\/\/xenonkungen.com\/de\/produkt\/interior-led-list-770mmon-offsvart\/\"]}]},{\"@type\":\"ImageObject\",\"inLanguage\":\"fi\",\"@id\":\"https:\/\/xenonkungen.com\/de\/produkt\/interior-led-list-770mmon-offsvart\/#primaryimage\",\"url\":\"https:\/\/xenonkungen.com\/wp-content\/uploads\/2025\/06\/38119935-origpic-efdcaa.png\",\"contentUrl\":\"https:\/\/xenonkungen.com\/wp-content\/uploads\/2025\/06\/38119935-origpic-efdcaa.png\",\"width\":700,\"height\":700},{\"@type\":\"BreadcrumbList\",\"@id\":\"https:\/\/xenonkungen.com\/de\/produkt\/interior-led-list-770mmon-offsvart\/#breadcrumb\",\"itemListElement\":[{\"@type\":\"ListItem\",\"position\":1,\"name\":\"Hem\",\"item\":\"https:\/\/xenonkungen.com\/\"},{\"@type\":\"ListItem\",\"position\":2,\"name\":\"Shop\",\"item\":\"https:\/\/xenonkungen.com\/shop\/\"},{\"@type\":\"ListItem\",\"position\":3,\"name\":\"Interi\u00f6r LED-list 770mm|ON\/OFF|Svart\"}]},{\"@type\":\"WebSite\",\"@id\":\"https:\/\/xenonkungen.com\/#website\",\"url\":\"https:\/\/xenonkungen.com\/\",\"name\":\"Xenonkungen\",\"description\":\"\",\"potentialAction\":[{\"@type\":\"SearchAction\",\"target\":{\"@type\":\"EntryPoint\",\"urlTemplate\":\"https:\/\/xenonkungen.com\/?s={search_term_string}\"},\"query-input\":{\"@type\":\"PropertyValueSpecification\",\"valueRequired\":true,\"valueName\":\"search_term_string\"}}],\"inLanguage\":\"fi\"}]}<\/script>\n<!-- \/ Yoast SEO plugin. -->","yoast_head_json":{"title":"Sis\u00e4tilojen LED-nauha 770 mm | P\u00c4\u00c4LLE\/POIS | Musta - Xenonkungen","robots":{"index":"index","follow":"follow","max-snippet":"max-snippet:-1","max-image-preview":"max-image-preview:large","max-video-preview":"max-video-preview:-1"},"canonical":"https:\/\/xenonkungen.com\/fi\/tuote\/sisainen-led-nauha-770-mm-musta\/","og_locale":"fi_FI","og_type":"article","og_title":"Interi\u00f6r LED-list 770mm|ON\/OFF|Svart - Xenonkungen","og_description":"Slimmad Interi\u00f6r Arbetsbelysning Denna h\u00f6gkvalitativa interi\u00f6r arbetsbelysning \u00e4r designad f\u00f6r att tillgodose behovet av dagsljusvit belysning i fordon, servicebilar, husvagnar med mera. Dess ber\u00f6ringsk\u00e4nsliga av\/p\u00e5 knapp och den stabila aluminiumprofilen erbjuder anv\u00e4ndarv\u00e4nlighet och h\u00e5llbarhet. Egenskaper och F\u00f6rdelar Dagsljusvit (6500K) LED-belysning f\u00f6r optimal arbetsmilj\u00f6. Ber\u00f6ringsk\u00e4nslig av\/p\u00e5 knapp f\u00f6r snabb och smidig ljuskontroll. Slimmad och stabil aluminiumprofil [&hellip;]","og_url":"https:\/\/xenonkungen.com\/fi\/tuote\/sisainen-led-nauha-770-mm-musta\/","og_site_name":"Xenonkungen","article_modified_time":"2026-04-10T23:48:03+00:00","og_image":[{"width":700,"height":700,"url":"https:\/\/xenonkungen.com\/wp-content\/uploads\/2025\/06\/38119935-origpic-efdcaa.png","type":"image\/png"}],"twitter_card":"summary_large_image","twitter_misc":{"Arvioitu lukuaika":"1 minuutti"},"schema":{"@context":"https:\/\/schema.org","@graph":[{"@type":"WebPage","@id":"https:\/\/xenonkungen.com\/de\/produkt\/interior-led-list-770mmon-offsvart\/","url":"https:\/\/xenonkungen.com\/de\/produkt\/interior-led-list-770mmon-offsvart\/","name":"Sis\u00e4tilojen LED-nauha 770 mm | P\u00c4\u00c4LLE\/POIS | Musta - Xenonkungen","isPartOf":{"@id":"https:\/\/xenonkungen.com\/#website"},"primaryImageOfPage":{"@id":"https:\/\/xenonkungen.com\/de\/produkt\/interior-led-list-770mmon-offsvart\/#primaryimage"},"image":{"@id":"https:\/\/xenonkungen.com\/de\/produkt\/interior-led-list-770mmon-offsvart\/#primaryimage"},"thumbnailUrl":"https:\/\/xenonkungen.com\/wp-content\/uploads\/2025\/06\/38119935-origpic-efdcaa.png","datePublished":"2025-06-23T13:51:06+00:00","dateModified":"2026-04-10T23:48:03+00:00","breadcrumb":{"@id":"https:\/\/xenonkungen.com\/de\/produkt\/interior-led-list-770mmon-offsvart\/#breadcrumb"},"inLanguage":"fi","potentialAction":[{"@type":"ReadAction","target":["https:\/\/xenonkungen.com\/de\/produkt\/interior-led-list-770mmon-offsvart\/"]}]},{"@type":"ImageObject","inLanguage":"fi","@id":"https:\/\/xenonkungen.com\/de\/produkt\/interior-led-list-770mmon-offsvart\/#primaryimage","url":"https:\/\/xenonkungen.com\/wp-content\/uploads\/2025\/06\/38119935-origpic-efdcaa.png","contentUrl":"https:\/\/xenonkungen.com\/wp-content\/uploads\/2025\/06\/38119935-origpic-efdcaa.png","width":700,"height":700},{"@type":"BreadcrumbList","@id":"https:\/\/xenonkungen.com\/de\/produkt\/interior-led-list-770mmon-offsvart\/#breadcrumb","itemListElement":[{"@type":"ListItem","position":1,"name":"Hem","item":"https:\/\/xenonkungen.com\/"},{"@type":"ListItem","position":2,"name":"Shop","item":"https:\/\/xenonkungen.com\/shop\/"},{"@type":"ListItem","position":3,"name":"Interi\u00f6r LED-list 770mm|ON\/OFF|Svart"}]},{"@type":"WebSite","@id":"https:\/\/xenonkungen.com\/#website","url":"https:\/\/xenonkungen.com\/","name":"Xenonkungen","description":"","potentialAction":[{"@type":"SearchAction","target":{"@type":"EntryPoint","urlTemplate":"https:\/\/xenonkungen.com\/?s={search_term_string}"},"query-input":{"@type":"PropertyValueSpecification","valueRequired":true,"valueName":"search_term_string"}}],"inLanguage":"fi"}]}},"taxonomy_info":{"anvandningsomrade":[{"value":166,"label":"Lastbil"},{"value":238,"label":"SL\u00c4P"},{"value":2816,"label":"TRAILER"}],"product_brand":[{"value":1252,"label":"LEA"}],"product_cat":[{"value":2586,"label":"Interi\u00f6rbelysning"}],"pa_fargtemperatur":[{"value":353,"label":"6500K"}],"pa_fuktskydd-varde-ipxx":[{"value":333,"label":"IP67"}],"pa_storlek-mm":[{"value":2407,"label":"770x40x11"}],"pa_stromforbrukning":[{"value":2264,"label":"0,7A @28V"},{"value":2263,"label":"1,4A @13,8V"}],"pa_volt-v":[{"value":159,"label":"12"},{"value":160,"label":"24"}]},"featured_image_src_large":["https:\/\/xenonkungen.com\/wp-content\/uploads\/2025\/06\/38119935-origpic-efdcaa.png",700,700,false],"author_info":[],"comment_info":0,"_links":{"self":[{"href":"https:\/\/xenonkungen.com\/fi\/wp-json\/wp\/v2\/product\/11591","targetHints":{"allow":["GET"]}}],"collection":[{"href":"https:\/\/xenonkungen.com\/fi\/wp-json\/wp\/v2\/product"}],"about":[{"href":"https:\/\/xenonkungen.com\/fi\/wp-json\/wp\/v2\/types\/product"}],"replies":[{"embeddable":true,"href":"https:\/\/xenonkungen.com\/fi\/wp-json\/wp\/v2\/comments?post=11591"}],"wp:featuredmedia":[{"embeddable":true,"href":"https:\/\/xenonkungen.com\/fi\/wp-json\/wp\/v2\/media\/10797"}],"wp:attachment":[{"href":"https:\/\/xenonkungen.com\/fi\/wp-json\/wp\/v2\/media?parent=11591"}],"wp:term":[{"taxonomy":"anvandningsomrade","embeddable":true,"href":"https:\/\/xenonkungen.com\/fi\/wp-json\/wp\/v2\/anvandningsomrade?post=11591"},{"taxonomy":"bilmarken","embeddable":true,"href":"https:\/\/xenonkungen.com\/fi\/wp-json\/wp\/v2\/bilmarken?post=11591"},{"taxonomy":"product_brand","embeddable":true,"href":"https:\/\/xenonkungen.com\/fi\/wp-json\/wp\/v2\/product_brand?post=11591"},{"taxonomy":"product_cat","embeddable":true,"href":"https:\/\/xenonkungen.com\/fi\/wp-json\/wp\/v2\/product_cat?post=11591"},{"taxonomy":"product_tag","embeddable":true,"href":"https:\/\/xenonkungen.com\/fi\/wp-json\/wp\/v2\/product_tag?post=11591"}],"curies":[{"name":"wp","href":"https:\/\/api.w.org\/{rel}","templated":true}]}}