{"id":11594,"date":"2025-06-23T13:51:06","date_gmt":"2025-06-23T13:51:06","guid":{"rendered":"https:\/\/xenonkungen.com\/produkt\/interior-led-list-770mmon-offgra\/"},"modified":"2026-04-11T00:48:09","modified_gmt":"2026-04-10T23:48:09","slug":"sisainen-led-nauha-770mmon-offgra","status":"publish","type":"product","link":"https:\/\/xenonkungen.com\/fi\/tuote\/sisainen-led-nauha-770mmon-offgra\/","title":{"rendered":"Sis\u00e4tilojen LED-nauha 770mm|ON\/OFF|harmaa"},"content":{"rendered":"<h1>Tyylik\u00e4s sis\u00e4tilojen ty\u00f6pistevalaistus grafiitinharmaalla viimeistelyll\u00e4<\/h1>\n<p>T\u00e4m\u00e4 tyylik\u00e4s ja laadukas ty\u00f6pistevalaisin on valmistettu tukevasta alumiiniprofiilista, jossa on grafiitinharmaa viimeistely. Sen kosketusherkk\u00e4 on\/off-painike tekee valon ohjaamisesta nopeaa ja helppoa. Ihanteellinen k\u00e4ytett\u00e4v\u00e4ksi ajoneuvojen sis\u00e4tiloissa, huoltoajoneuvoissa ja asuntovaunuissa, joissa p\u00e4iv\u00e4nvalonvalkoisen (6500K) ty\u00f6pistevalaistuksen tarve on suuri.<\/p>\n<h2>Ominaisuudet ja hy\u00f6dyt<\/h2>\n<ul>\n<li>P\u00e4iv\u00e4nvalonvalkoinen (6500K) valaistus luo valoisan ja luonnollisen ty\u00f6ymp\u00e4rist\u00f6n.<\/li>\n<li>Kosketusherkk\u00e4 on\/off-painike valon v\u00e4litt\u00f6m\u00e4\u00e4n hallintaan.<\/li>\n<li>Tukeva alumiiniprofiili, jonka grafiitinharmaa viimeistely antaa modernin ilmeen.<\/li>\n<li>Iskunkest\u00e4v\u00e4 himme\u00e4 polykarbonaattilinssi optimaalisen valonhajonnan varmistamiseksi.<\/li>\n<li>Iskun- ja t\u00e4rin\u00e4nkest\u00e4v\u00e4, IP67-luokiteltu k\u00e4ytett\u00e4v\u00e4ksi vaikeissa olosuhteissa.<\/li>\n<\/ul>\n<p>Hienostuneen muotoilunsa ja vankan rakenteensa ansiosta t\u00e4m\u00e4 ty\u00f6valaisin tarjoaa luotettavan valonl\u00e4hteen kaikenlaisiin ty\u00f6ymp\u00e4rist\u00f6ihin.<\/p>\n<p>Kosketusherkk\u00e4 on\/off-kytkin<\/p>","protected":false},"excerpt":{"rendered":"<p>Slimmad Interi\u00f6r Arbetsbelysning med Grafitgr\u00e5 Finish Denna elegant och h\u00f6gkvalitativ arbetsbelysning \u00e4r tillverkad i en stabil aluminiumprofil med en grafitgr\u00e5 finish. Dess ber\u00f6ringsk\u00e4nsliga av\/p\u00e5-knapp g\u00f6r ljuskontrollen b\u00e5de snabb och smidig. Idealisk f\u00f6r anv\u00e4ndning inom fordonsinteri\u00f6rer, i servicebilar och husvagnar d\u00e4r behovet av dagsljusvit (6500K) arbetsbelysning \u00e4r stort. Egenskaper och F\u00f6rdelar Dagsljusvit (6500K) belysning f\u00f6r en [&hellip;]<\/p>","protected":false},"featured_media":10802,"comment_status":"closed","ping_status":"closed","template":"","meta":{"_acf_changed":false,"_smort_price_nok":"726","_smort_price_dkk":"461","_smort_price_eur":"61.82","_smort_sale_price_nok":"","_smort_sale_price_dkk":"","_smort_sale_price_eur":"","smort_restorder":"","shipmondo_restorder":"","_kad_blocks_custom_css":"","_kad_blocks_head_custom_js":"","_kad_blocks_body_custom_js":"","_kad_blocks_footer_custom_js":"","smort_custom_pricelist_1":"425.6","smort_custom_pricelist_2":"425.6","smort_custom_pricelist_3":"404.32","smort_custom_pricelist_4":"608","smort_custom_pricelist_5":"425.6"},"anvandningsomrade":[166,238,2816],"bilmarken":[],"product_brand":[1252],"product_cat":[2586],"product_tag":[],"class_list":{"0":"post-11594","1":"product","2":"type-product","3":"status-publish","4":"has-post-thumbnail","6":"anvandningsomrade-lastbil","7":"anvandningsomrade-slap","8":"anvandningsomrade-trailer","9":"product_brand-lea","10":"product_cat-interiorbelysning-slap","11":"pa_fargtemperatur-6500k","12":"pa_fuktskydd-varde-ipxx-ip67","13":"pa_storlek-mm-770x40x11","14":"pa_stromforbrukning-07a-28v","15":"pa_stromforbrukning-14a-138v","16":"pa_volt-v-159","17":"pa_volt-v-160","19":"first","20":"outofstock","21":"taxable","22":"shipping-taxable","23":"purchasable","24":"product-type-variable"},"bundled_by":[],"bundle_stock_status":"outofstock","bundle_stock_quantity":0,"bundle_virtual":false,"bundle_layout":"","bundle_add_to_cart_form_location":"","bundle_editable_in_cart":false,"bundle_sold_individually_context":"","bundle_item_grouping":"","bundle_min_size":"","bundle_max_size":"","bundle_price":[],"bundled_items":[],"bundle_sell_ids":[],"acf":[],"yoast_head":"<!-- This site is optimized with the Yoast SEO plugin v27.0 - https:\/\/yoast.com\/product\/yoast-seo-wordpress\/ -->\n<title>Interi\u00f6r LED-list 770mm|ON\/OFF|Gr\u00e5 - Xenonkungen<\/title>\n<meta name=\"robots\" content=\"index, follow, max-snippet:-1, max-image-preview:large, max-video-preview:-1\" \/>\n<link rel=\"canonical\" href=\"https:\/\/xenonkungen.com\/fi\/tuote\/sisainen-led-nauha-770mmon-offgra\/\" \/>\n<meta property=\"og:locale\" content=\"fi_FI\" \/>\n<meta property=\"og:type\" content=\"article\" \/>\n<meta property=\"og:title\" content=\"Interi\u00f6r LED-list 770mm|ON\/OFF|Gr\u00e5 - Xenonkungen\" \/>\n<meta property=\"og:description\" content=\"Slimmad Interi\u00f6r Arbetsbelysning med Grafitgr\u00e5 Finish Denna elegant och h\u00f6gkvalitativ arbetsbelysning \u00e4r tillverkad i en stabil aluminiumprofil med en grafitgr\u00e5 finish. Dess ber\u00f6ringsk\u00e4nsliga av\/p\u00e5-knapp g\u00f6r ljuskontrollen b\u00e5de snabb och smidig. Idealisk f\u00f6r anv\u00e4ndning inom fordonsinteri\u00f6rer, i servicebilar och husvagnar d\u00e4r behovet av dagsljusvit (6500K) arbetsbelysning \u00e4r stort. Egenskaper och F\u00f6rdelar Dagsljusvit (6500K) belysning f\u00f6r en [&hellip;]\" \/>\n<meta property=\"og:url\" content=\"https:\/\/xenonkungen.com\/fi\/tuote\/sisainen-led-nauha-770mmon-offgra\/\" \/>\n<meta property=\"og:site_name\" content=\"Xenonkungen\" \/>\n<meta property=\"article:modified_time\" content=\"2026-04-10T23:48:09+00:00\" \/>\n<meta property=\"og:image\" content=\"https:\/\/xenonkungen.com\/wp-content\/uploads\/2025\/06\/38123109-origpic-a99d97.png\" \/>\n\t<meta property=\"og:image:width\" content=\"700\" \/>\n\t<meta property=\"og:image:height\" content=\"700\" \/>\n\t<meta property=\"og:image:type\" content=\"image\/png\" \/>\n<meta name=\"twitter:card\" content=\"summary_large_image\" \/>\n<meta name=\"twitter:label1\" content=\"Arvioitu lukuaika\" \/>\n\t<meta name=\"twitter:data1\" content=\"1 minuutti\" \/>\n<script type=\"application\/ld+json\" class=\"yoast-schema-graph\">{\"@context\":\"https:\/\/schema.org\",\"@graph\":[{\"@type\":\"WebPage\",\"@id\":\"https:\/\/xenonkungen.com\/dk\/vare\/interior-led-list-770mmon-offgra\/\",\"url\":\"https:\/\/xenonkungen.com\/dk\/vare\/interior-led-list-770mmon-offgra\/\",\"name\":\"Interi\u00f6r LED-list 770mm|ON\/OFF|Gr\u00e5 - Xenonkungen\",\"isPartOf\":{\"@id\":\"https:\/\/xenonkungen.com\/#website\"},\"primaryImageOfPage\":{\"@id\":\"https:\/\/xenonkungen.com\/dk\/vare\/interior-led-list-770mmon-offgra\/#primaryimage\"},\"image\":{\"@id\":\"https:\/\/xenonkungen.com\/dk\/vare\/interior-led-list-770mmon-offgra\/#primaryimage\"},\"thumbnailUrl\":\"https:\/\/xenonkungen.com\/wp-content\/uploads\/2025\/06\/38123109-origpic-a99d97.png\",\"datePublished\":\"2025-06-23T13:51:06+00:00\",\"dateModified\":\"2026-04-10T23:48:09+00:00\",\"breadcrumb\":{\"@id\":\"https:\/\/xenonkungen.com\/dk\/vare\/interior-led-list-770mmon-offgra\/#breadcrumb\"},\"inLanguage\":\"fi\",\"potentialAction\":[{\"@type\":\"ReadAction\",\"target\":[\"https:\/\/xenonkungen.com\/dk\/vare\/interior-led-list-770mmon-offgra\/\"]}]},{\"@type\":\"ImageObject\",\"inLanguage\":\"fi\",\"@id\":\"https:\/\/xenonkungen.com\/dk\/vare\/interior-led-list-770mmon-offgra\/#primaryimage\",\"url\":\"https:\/\/xenonkungen.com\/wp-content\/uploads\/2025\/06\/38123109-origpic-a99d97.png\",\"contentUrl\":\"https:\/\/xenonkungen.com\/wp-content\/uploads\/2025\/06\/38123109-origpic-a99d97.png\",\"width\":700,\"height\":700},{\"@type\":\"BreadcrumbList\",\"@id\":\"https:\/\/xenonkungen.com\/dk\/vare\/interior-led-list-770mmon-offgra\/#breadcrumb\",\"itemListElement\":[{\"@type\":\"ListItem\",\"position\":1,\"name\":\"Hem\",\"item\":\"https:\/\/xenonkungen.com\/\"},{\"@type\":\"ListItem\",\"position\":2,\"name\":\"Shop\",\"item\":\"https:\/\/xenonkungen.com\/shop\/\"},{\"@type\":\"ListItem\",\"position\":3,\"name\":\"Interi\u00f6r LED-list 770mm|ON\/OFF|Gr\u00e5\"}]},{\"@type\":\"WebSite\",\"@id\":\"https:\/\/xenonkungen.com\/#website\",\"url\":\"https:\/\/xenonkungen.com\/\",\"name\":\"Xenonkungen\",\"description\":\"\",\"potentialAction\":[{\"@type\":\"SearchAction\",\"target\":{\"@type\":\"EntryPoint\",\"urlTemplate\":\"https:\/\/xenonkungen.com\/?s={search_term_string}\"},\"query-input\":{\"@type\":\"PropertyValueSpecification\",\"valueRequired\":true,\"valueName\":\"search_term_string\"}}],\"inLanguage\":\"fi\"}]}<\/script>\n<!-- \/ Yoast SEO plugin. -->","yoast_head_json":{"title":"Sis\u00e4tilojen LED-nauha 770 mm | P\u00c4\u00c4LLE\/POIS | Harmaa - Xenonkungen","robots":{"index":"index","follow":"follow","max-snippet":"max-snippet:-1","max-image-preview":"max-image-preview:large","max-video-preview":"max-video-preview:-1"},"canonical":"https:\/\/xenonkungen.com\/fi\/tuote\/sisainen-led-nauha-770mmon-offgra\/","og_locale":"fi_FI","og_type":"article","og_title":"Interi\u00f6r LED-list 770mm|ON\/OFF|Gr\u00e5 - Xenonkungen","og_description":"Slimmad Interi\u00f6r Arbetsbelysning med Grafitgr\u00e5 Finish Denna elegant och h\u00f6gkvalitativ arbetsbelysning \u00e4r tillverkad i en stabil aluminiumprofil med en grafitgr\u00e5 finish. Dess ber\u00f6ringsk\u00e4nsliga av\/p\u00e5-knapp g\u00f6r ljuskontrollen b\u00e5de snabb och smidig. Idealisk f\u00f6r anv\u00e4ndning inom fordonsinteri\u00f6rer, i servicebilar och husvagnar d\u00e4r behovet av dagsljusvit (6500K) arbetsbelysning \u00e4r stort. Egenskaper och F\u00f6rdelar Dagsljusvit (6500K) belysning f\u00f6r en [&hellip;]","og_url":"https:\/\/xenonkungen.com\/fi\/tuote\/sisainen-led-nauha-770mmon-offgra\/","og_site_name":"Xenonkungen","article_modified_time":"2026-04-10T23:48:09+00:00","og_image":[{"width":700,"height":700,"url":"https:\/\/xenonkungen.com\/wp-content\/uploads\/2025\/06\/38123109-origpic-a99d97.png","type":"image\/png"}],"twitter_card":"summary_large_image","twitter_misc":{"Arvioitu lukuaika":"1 minuutti"},"schema":{"@context":"https:\/\/schema.org","@graph":[{"@type":"WebPage","@id":"https:\/\/xenonkungen.com\/dk\/vare\/interior-led-list-770mmon-offgra\/","url":"https:\/\/xenonkungen.com\/dk\/vare\/interior-led-list-770mmon-offgra\/","name":"Sis\u00e4tilojen LED-nauha 770 mm | P\u00c4\u00c4LLE\/POIS | Harmaa - Xenonkungen","isPartOf":{"@id":"https:\/\/xenonkungen.com\/#website"},"primaryImageOfPage":{"@id":"https:\/\/xenonkungen.com\/dk\/vare\/interior-led-list-770mmon-offgra\/#primaryimage"},"image":{"@id":"https:\/\/xenonkungen.com\/dk\/vare\/interior-led-list-770mmon-offgra\/#primaryimage"},"thumbnailUrl":"https:\/\/xenonkungen.com\/wp-content\/uploads\/2025\/06\/38123109-origpic-a99d97.png","datePublished":"2025-06-23T13:51:06+00:00","dateModified":"2026-04-10T23:48:09+00:00","breadcrumb":{"@id":"https:\/\/xenonkungen.com\/dk\/vare\/interior-led-list-770mmon-offgra\/#breadcrumb"},"inLanguage":"fi","potentialAction":[{"@type":"ReadAction","target":["https:\/\/xenonkungen.com\/dk\/vare\/interior-led-list-770mmon-offgra\/"]}]},{"@type":"ImageObject","inLanguage":"fi","@id":"https:\/\/xenonkungen.com\/dk\/vare\/interior-led-list-770mmon-offgra\/#primaryimage","url":"https:\/\/xenonkungen.com\/wp-content\/uploads\/2025\/06\/38123109-origpic-a99d97.png","contentUrl":"https:\/\/xenonkungen.com\/wp-content\/uploads\/2025\/06\/38123109-origpic-a99d97.png","width":700,"height":700},{"@type":"BreadcrumbList","@id":"https:\/\/xenonkungen.com\/dk\/vare\/interior-led-list-770mmon-offgra\/#breadcrumb","itemListElement":[{"@type":"ListItem","position":1,"name":"Hem","item":"https:\/\/xenonkungen.com\/"},{"@type":"ListItem","position":2,"name":"Shop","item":"https:\/\/xenonkungen.com\/shop\/"},{"@type":"ListItem","position":3,"name":"Interi\u00f6r LED-list 770mm|ON\/OFF|Gr\u00e5"}]},{"@type":"WebSite","@id":"https:\/\/xenonkungen.com\/#website","url":"https:\/\/xenonkungen.com\/","name":"Xenonkungen","description":"","potentialAction":[{"@type":"SearchAction","target":{"@type":"EntryPoint","urlTemplate":"https:\/\/xenonkungen.com\/?s={search_term_string}"},"query-input":{"@type":"PropertyValueSpecification","valueRequired":true,"valueName":"search_term_string"}}],"inLanguage":"fi"}]}},"taxonomy_info":{"anvandningsomrade":[{"value":166,"label":"Lastbil"},{"value":238,"label":"SL\u00c4P"},{"value":2816,"label":"TRAILER"}],"product_brand":[{"value":1252,"label":"LEA"}],"product_cat":[{"value":2586,"label":"Interi\u00f6rbelysning"}],"pa_fargtemperatur":[{"value":353,"label":"6500K"}],"pa_fuktskydd-varde-ipxx":[{"value":333,"label":"IP67"}],"pa_storlek-mm":[{"value":2407,"label":"770x40x11"}],"pa_stromforbrukning":[{"value":2264,"label":"0,7A @28V"},{"value":2263,"label":"1,4A @13,8V"}],"pa_volt-v":[{"value":159,"label":"12"},{"value":160,"label":"24"}]},"featured_image_src_large":["https:\/\/xenonkungen.com\/wp-content\/uploads\/2025\/06\/38123109-origpic-a99d97.png",700,700,false],"author_info":[],"comment_info":0,"_links":{"self":[{"href":"https:\/\/xenonkungen.com\/fi\/wp-json\/wp\/v2\/product\/11594","targetHints":{"allow":["GET"]}}],"collection":[{"href":"https:\/\/xenonkungen.com\/fi\/wp-json\/wp\/v2\/product"}],"about":[{"href":"https:\/\/xenonkungen.com\/fi\/wp-json\/wp\/v2\/types\/product"}],"replies":[{"embeddable":true,"href":"https:\/\/xenonkungen.com\/fi\/wp-json\/wp\/v2\/comments?post=11594"}],"wp:featuredmedia":[{"embeddable":true,"href":"https:\/\/xenonkungen.com\/fi\/wp-json\/wp\/v2\/media\/10802"}],"wp:attachment":[{"href":"https:\/\/xenonkungen.com\/fi\/wp-json\/wp\/v2\/media?parent=11594"}],"wp:term":[{"taxonomy":"anvandningsomrade","embeddable":true,"href":"https:\/\/xenonkungen.com\/fi\/wp-json\/wp\/v2\/anvandningsomrade?post=11594"},{"taxonomy":"bilmarken","embeddable":true,"href":"https:\/\/xenonkungen.com\/fi\/wp-json\/wp\/v2\/bilmarken?post=11594"},{"taxonomy":"product_brand","embeddable":true,"href":"https:\/\/xenonkungen.com\/fi\/wp-json\/wp\/v2\/product_brand?post=11594"},{"taxonomy":"product_cat","embeddable":true,"href":"https:\/\/xenonkungen.com\/fi\/wp-json\/wp\/v2\/product_cat?post=11594"},{"taxonomy":"product_tag","embeddable":true,"href":"https:\/\/xenonkungen.com\/fi\/wp-json\/wp\/v2\/product_tag?post=11594"}],"curies":[{"name":"wp","href":"https:\/\/api.w.org\/{rel}","templated":true}]}}